{"id":57103,"date":"2026-04-15T10:22:40","date_gmt":"2026-04-15T08:22:40","guid":{"rendered":"https:\/\/ironsky.pl\/sklep\/produkt\/kontroler-dji-master-wheels-3-axis-rh\/"},"modified":"2026-04-15T10:22:41","modified_gmt":"2026-04-15T08:22:41","slug":"kontroler-dji-master-wheels-3-axis-rh","status":"publish","type":"product","link":"https:\/\/ironsky.pl\/sklep\/produkt\/kontroler-dji-master-wheels-3-axis-rh\/","title":{"rendered":"Kontroler DJI Master Wheels 3-Axis RH"},"content":{"rendered":"<h3>Master Wheels 3-Axis (RH)<\/h3>\n<p>DJI Master Wheels to zaawansowany system sterowania, kt\u00f3ry doskonale nadaje si\u0119 do profesjonalnych zastosowa\u0144 \u2013 sprawdzi si\u0119 na przyk\u0142ad na planie filmowym. Umo\u017cliwia zdalne sterowanie ruchami kamery, u\u0142atwiaj\u0105c tworzenie idealnie dopracowanych uj\u0119\u0107. Jest kompatybilny z takimi urz\u0105dzeniami jak DJI Ronin 2, DJI Ronin 4D, DJI Inspire 3 i DJI Transmission. Dzi\u0119ki dok\u0142adnym czujnikom, zaawansowanym algorytmom i nowoczesnej konstrukcji produkt mo\u017ce zapewni\u0107 wyj\u0105tkow\u0105 p\u0142ynno\u015b\u0107 i precyzj\u0119 \u2013 spe\u0142ni oczekiwania nawet najbardziej wymagaj\u0105cych filmowc\u00f3w i fotograf\u00f3w.<\/p>\n<p><img decoding=\"async\" src=\"https:\/\/b2b.innpro.pl\/data\/include\/cms\/12DJI\/Master-Wheels-3-Axis-RH\/2.jpg?v=1689342197473\" border=\"0\" width=\"1000\" height=\"637\" \/><\/p>\n<h3>W zestawie<\/h3>\n<ul>\n<li>DJI Master Wheels 3-Axis<\/li>\n<li>Kabel zasilaj\u0105cy do monitora<\/li>\n<li>Kabel USB-C<\/li>\n<li>Adapter Mitchell<\/li>\n<li>Inteligentny akumulator x2<\/li>\n<li>Hub do \u0142adowania akumulator\u00f3w<\/li>\n<li>Klucz imbusowy x2<\/li>\n<li>Antena x6<\/li>\n<li>Kabel zasilaj\u0105cy do \u0142\u0105czenia urz\u0105dze\u0144 wideo<\/li>\n<li>Kabel zasilaj\u0105cy RF (5 m)<\/li>\n<li>Kabel komunikacyjny (2 m) x3<\/li>\n<li>Adapter zasilania<\/li>\n<li>Kabel zasilaj\u0105cy x6<\/li>\n<li>Instrukcja obs\u0142ugi<\/li>\n<li>Odbiornik DJI Wireless Receiver<\/li>\n<li>Antena DJI Wireless Receiver<\/li>\n<li>Kabel DJI Wireless Receiver do D-Bus<\/li>\n<\/ul>\n<div class=\"table-wrapper\">\n<table>\n<tbody>\n<tr>\n<th>Producent<\/th>\n<td>DJI<\/td>\n<\/tr>\n<tr>\n<th>Nazwa<\/th>\n<td>DJI Master Wheel 3-Axis (RH)<\/td>\n<\/tr>\n<tr>\n<th>Kompatybilno\u015b\u0107<\/th>\n<td>DJI Ronin 2, DJI Ronin 4D-6K, DJI Ronin 4D-8K, DJI Inspire 3, DJI Transmission<\/td>\n<\/tr>\n<\/tbody>\n<\/table>\n<\/div>\n","protected":false},"excerpt":{"rendered":"<p>Master Wheels 3-Axis (RH) DJI Master Wheels to zaawansowany system sterowania, kt\u00f3ry doskonale nadaje si\u0119 do profesjonalnych zastosowa\u0144 \u2013 sprawdzi<\/p>\n","protected":false},"featured_media":57104,"comment_status":"closed","ping_status":"open","template":"","meta":{"_acf_changed":false},"product_brand":[],"product_cat":[6204,1128,6203],"product_tag":[],"class_list":{"0":"post-57103","1":"product","2":"type-product","3":"status-publish","4":"has-post-thumbnail","6":"product_cat-dji-kamery-foto-wideo","7":"product_cat-foto-wideo","8":"product_cat-kamery-foto-wideo","9":"pa_okres-gwarancji-5757","10":"pa_producent-dji","12":"first","13":"outofstock","14":"taxable","15":"shipping-taxable","16":"purchasable","17":"product-type-simple"},"acf":[],"yoast_head":"<!-- This site is optimized with the Yoast SEO plugin v27.2 - https:\/\/yoast.com\/product\/yoast-seo-wordpress\/ -->\n<title>Kontroler DJI Master Wheels 3-Axis RH - IRONSKY.PL Sklep z Dronami<\/title>\n<meta name=\"description\" content=\"Kontroler DJI Master Wheels 3-Axis RH - \u2705 sklep z dronami i fachowym doradztwem. \u2705 Tutaj kupisz produkty DJI, Yuneec, Parrot, Syma i wiele innych, a tak\u017ce kursy i licencje na operatora drona.\" \/>\n<meta name=\"robots\" content=\"index, follow, max-snippet:-1, max-image-preview:large, max-video-preview:-1\" \/>\n<link rel=\"canonical\" href=\"https:\/\/ironsky.pl\/sklep\/produkt\/kontroler-dji-master-wheels-3-axis-rh\/\" \/>\n<meta property=\"og:locale\" content=\"pl_PL\" \/>\n<meta property=\"og:type\" content=\"article\" \/>\n<meta property=\"og:title\" content=\"Kontroler DJI Master Wheels 3-Axis RH - IRONSKY.PL Sklep z Dronami\" \/>\n<meta property=\"og:description\" content=\"Kontroler DJI Master Wheels 3-Axis RH - \u2705 sklep z dronami i fachowym doradztwem. \u2705 Tutaj kupisz produkty DJI, Yuneec, Parrot, Syma i wiele innych, a tak\u017ce kursy i licencje na operatora drona.\" \/>\n<meta property=\"og:url\" content=\"https:\/\/ironsky.pl\/sklep\/produkt\/kontroler-dji-master-wheels-3-axis-rh\/\" \/>\n<meta property=\"og:site_name\" content=\"IRONSKY.PL Sklep z Dronami\" \/>\n<meta property=\"article:modified_time\" content=\"2026-04-15T08:22:41+00:00\" \/>\n<meta property=\"og:image\" content=\"https:\/\/ironsky.pl\/sklep\/wp-content\/uploads\/2026\/04\/32936_1.jpg\" \/>\n\t<meta property=\"og:image:width\" content=\"800\" \/>\n\t<meta property=\"og:image:height\" content=\"800\" \/>\n\t<meta property=\"og:image:type\" content=\"image\/jpeg\" \/>\n<meta name=\"twitter:card\" content=\"summary_large_image\" \/>\n<meta name=\"twitter:label1\" content=\"Szacowany czas czytania\" \/>\n\t<meta name=\"twitter:data1\" content=\"1 minuta\" \/>\n<script type=\"application\/ld+json\" class=\"yoast-schema-graph\">{\"@context\":\"https:\/\/schema.org\",\"@graph\":[{\"@type\":\"WebPage\",\"@id\":\"https:\/\/ironsky.pl\/sklep\/produkt\/kontroler-dji-master-wheels-3-axis-rh\/\",\"url\":\"https:\/\/ironsky.pl\/sklep\/produkt\/kontroler-dji-master-wheels-3-axis-rh\/\",\"name\":\"Kontroler DJI Master Wheels 3-Axis RH - IRONSKY.PL Sklep z Dronami\",\"isPartOf\":{\"@id\":\"https:\/\/ironsky.pl\/sklep\/#website\"},\"primaryImageOfPage\":{\"@id\":\"https:\/\/ironsky.pl\/sklep\/produkt\/kontroler-dji-master-wheels-3-axis-rh\/#primaryimage\"},\"image\":{\"@id\":\"https:\/\/ironsky.pl\/sklep\/produkt\/kontroler-dji-master-wheels-3-axis-rh\/#primaryimage\"},\"thumbnailUrl\":\"https:\/\/ironsky.pl\/sklep\/wp-content\/uploads\/2026\/04\/32936_1.jpg\",\"datePublished\":\"2026-04-15T08:22:40+00:00\",\"dateModified\":\"2026-04-15T08:22:41+00:00\",\"description\":\"Kontroler DJI Master Wheels 3-Axis RH - \u2705 sklep z dronami i fachowym doradztwem. \u2705 Tutaj kupisz produkty DJI, Yuneec, Parrot, Syma i wiele innych, a tak\u017ce kursy i licencje na operatora drona.\",\"breadcrumb\":{\"@id\":\"https:\/\/ironsky.pl\/sklep\/produkt\/kontroler-dji-master-wheels-3-axis-rh\/#breadcrumb\"},\"inLanguage\":\"pl-PL\",\"potentialAction\":[{\"@type\":\"ReadAction\",\"target\":[\"https:\/\/ironsky.pl\/sklep\/produkt\/kontroler-dji-master-wheels-3-axis-rh\/\"]}]},{\"@type\":\"ImageObject\",\"inLanguage\":\"pl-PL\",\"@id\":\"https:\/\/ironsky.pl\/sklep\/produkt\/kontroler-dji-master-wheels-3-axis-rh\/#primaryimage\",\"url\":\"https:\/\/ironsky.pl\/sklep\/wp-content\/uploads\/2026\/04\/32936_1.jpg\",\"contentUrl\":\"https:\/\/ironsky.pl\/sklep\/wp-content\/uploads\/2026\/04\/32936_1.jpg\",\"width\":800,\"height\":800},{\"@type\":\"BreadcrumbList\",\"@id\":\"https:\/\/ironsky.pl\/sklep\/produkt\/kontroler-dji-master-wheels-3-axis-rh\/#breadcrumb\",\"itemListElement\":[{\"@type\":\"ListItem\",\"position\":1,\"name\":\"Strona g\u0142\u00f3wna\",\"item\":\"https:\/\/ironsky.pl\/sklep\/\"},{\"@type\":\"ListItem\",\"position\":2,\"name\":\"Wszystkie produkty\",\"item\":\"https:\/\/ironsky.pl\/sklep\/produkty\/\"},{\"@type\":\"ListItem\",\"position\":3,\"name\":\"Kontroler DJI Master Wheels 3-Axis RH\"}]},{\"@type\":\"WebSite\",\"@id\":\"https:\/\/ironsky.pl\/sklep\/#website\",\"url\":\"https:\/\/ironsky.pl\/sklep\/\",\"name\":\"IRONSKY.PL Sklep z Dronami\",\"description\":\"IRONSKY.PL Sklep z Dronami\",\"potentialAction\":[{\"@type\":\"SearchAction\",\"target\":{\"@type\":\"EntryPoint\",\"urlTemplate\":\"https:\/\/ironsky.pl\/sklep\/?s={search_term_string}\"},\"query-input\":{\"@type\":\"PropertyValueSpecification\",\"valueRequired\":true,\"valueName\":\"search_term_string\"}}],\"inLanguage\":\"pl-PL\"}]}<\/script>\n<!-- \/ Yoast SEO plugin. -->","yoast_head_json":{"title":"Kontroler DJI Master Wheels 3-Axis RH - IRONSKY.PL Sklep z Dronami","description":"Kontroler DJI Master Wheels 3-Axis RH - \u2705 sklep z dronami i fachowym doradztwem. \u2705 Tutaj kupisz produkty DJI, Yuneec, Parrot, Syma i wiele innych, a tak\u017ce kursy i licencje na operatora drona.","robots":{"index":"index","follow":"follow","max-snippet":"max-snippet:-1","max-image-preview":"max-image-preview:large","max-video-preview":"max-video-preview:-1"},"canonical":"https:\/\/ironsky.pl\/sklep\/produkt\/kontroler-dji-master-wheels-3-axis-rh\/","og_locale":"pl_PL","og_type":"article","og_title":"Kontroler DJI Master Wheels 3-Axis RH - IRONSKY.PL Sklep z Dronami","og_description":"Kontroler DJI Master Wheels 3-Axis RH - \u2705 sklep z dronami i fachowym doradztwem. \u2705 Tutaj kupisz produkty DJI, Yuneec, Parrot, Syma i wiele innych, a tak\u017ce kursy i licencje na operatora drona.","og_url":"https:\/\/ironsky.pl\/sklep\/produkt\/kontroler-dji-master-wheels-3-axis-rh\/","og_site_name":"IRONSKY.PL Sklep z Dronami","article_modified_time":"2026-04-15T08:22:41+00:00","og_image":[{"width":800,"height":800,"url":"https:\/\/ironsky.pl\/sklep\/wp-content\/uploads\/2026\/04\/32936_1.jpg","type":"image\/jpeg"}],"twitter_card":"summary_large_image","twitter_misc":{"Szacowany czas czytania":"1 minuta"},"schema":{"@context":"https:\/\/schema.org","@graph":[{"@type":"WebPage","@id":"https:\/\/ironsky.pl\/sklep\/produkt\/kontroler-dji-master-wheels-3-axis-rh\/","url":"https:\/\/ironsky.pl\/sklep\/produkt\/kontroler-dji-master-wheels-3-axis-rh\/","name":"Kontroler DJI Master Wheels 3-Axis RH - IRONSKY.PL Sklep z Dronami","isPartOf":{"@id":"https:\/\/ironsky.pl\/sklep\/#website"},"primaryImageOfPage":{"@id":"https:\/\/ironsky.pl\/sklep\/produkt\/kontroler-dji-master-wheels-3-axis-rh\/#primaryimage"},"image":{"@id":"https:\/\/ironsky.pl\/sklep\/produkt\/kontroler-dji-master-wheels-3-axis-rh\/#primaryimage"},"thumbnailUrl":"https:\/\/ironsky.pl\/sklep\/wp-content\/uploads\/2026\/04\/32936_1.jpg","datePublished":"2026-04-15T08:22:40+00:00","dateModified":"2026-04-15T08:22:41+00:00","description":"Kontroler DJI Master Wheels 3-Axis RH - \u2705 sklep z dronami i fachowym doradztwem. \u2705 Tutaj kupisz produkty DJI, Yuneec, Parrot, Syma i wiele innych, a tak\u017ce kursy i licencje na operatora drona.","breadcrumb":{"@id":"https:\/\/ironsky.pl\/sklep\/produkt\/kontroler-dji-master-wheels-3-axis-rh\/#breadcrumb"},"inLanguage":"pl-PL","potentialAction":[{"@type":"ReadAction","target":["https:\/\/ironsky.pl\/sklep\/produkt\/kontroler-dji-master-wheels-3-axis-rh\/"]}]},{"@type":"ImageObject","inLanguage":"pl-PL","@id":"https:\/\/ironsky.pl\/sklep\/produkt\/kontroler-dji-master-wheels-3-axis-rh\/#primaryimage","url":"https:\/\/ironsky.pl\/sklep\/wp-content\/uploads\/2026\/04\/32936_1.jpg","contentUrl":"https:\/\/ironsky.pl\/sklep\/wp-content\/uploads\/2026\/04\/32936_1.jpg","width":800,"height":800},{"@type":"BreadcrumbList","@id":"https:\/\/ironsky.pl\/sklep\/produkt\/kontroler-dji-master-wheels-3-axis-rh\/#breadcrumb","itemListElement":[{"@type":"ListItem","position":1,"name":"Strona g\u0142\u00f3wna","item":"https:\/\/ironsky.pl\/sklep\/"},{"@type":"ListItem","position":2,"name":"Wszystkie produkty","item":"https:\/\/ironsky.pl\/sklep\/produkty\/"},{"@type":"ListItem","position":3,"name":"Kontroler DJI Master Wheels 3-Axis RH"}]},{"@type":"WebSite","@id":"https:\/\/ironsky.pl\/sklep\/#website","url":"https:\/\/ironsky.pl\/sklep\/","name":"IRONSKY.PL Sklep z Dronami","description":"IRONSKY.PL Sklep z Dronami","potentialAction":[{"@type":"SearchAction","target":{"@type":"EntryPoint","urlTemplate":"https:\/\/ironsky.pl\/sklep\/?s={search_term_string}"},"query-input":{"@type":"PropertyValueSpecification","valueRequired":true,"valueName":"search_term_string"}}],"inLanguage":"pl-PL"}]}},"_links":{"self":[{"href":"https:\/\/ironsky.pl\/sklep\/wp-json\/wp\/v2\/product\/57103","targetHints":{"allow":["GET"]}}],"collection":[{"href":"https:\/\/ironsky.pl\/sklep\/wp-json\/wp\/v2\/product"}],"about":[{"href":"https:\/\/ironsky.pl\/sklep\/wp-json\/wp\/v2\/types\/product"}],"replies":[{"embeddable":true,"href":"https:\/\/ironsky.pl\/sklep\/wp-json\/wp\/v2\/comments?post=57103"}],"wp:featuredmedia":[{"embeddable":true,"href":"https:\/\/ironsky.pl\/sklep\/wp-json\/wp\/v2\/media\/57104"}],"wp:attachment":[{"href":"https:\/\/ironsky.pl\/sklep\/wp-json\/wp\/v2\/media?parent=57103"}],"wp:term":[{"taxonomy":"product_brand","embeddable":true,"href":"https:\/\/ironsky.pl\/sklep\/wp-json\/wp\/v2\/product_brand?post=57103"},{"taxonomy":"product_cat","embeddable":true,"href":"https:\/\/ironsky.pl\/sklep\/wp-json\/wp\/v2\/product_cat?post=57103"},{"taxonomy":"product_tag","embeddable":true,"href":"https:\/\/ironsky.pl\/sklep\/wp-json\/wp\/v2\/product_tag?post=57103"}],"curies":[{"name":"wp","href":"https:\/\/api.w.org\/{rel}","templated":true}]}}