{"id":57098,"date":"2026-04-15T10:22:19","date_gmt":"2026-04-15T08:22:19","guid":{"rendered":"https:\/\/ironsky.pl\/sklep\/produkt\/kabel-ugreen-dp118-displayport-displayport-2m\/"},"modified":"2026-04-15T10:22:37","modified_gmt":"2026-04-15T08:22:37","slug":"kabel-ugreen-dp118-displayport-displayport-2m","status":"publish","type":"product","link":"https:\/\/ironsky.pl\/sklep\/produkt\/kabel-ugreen-dp118-displayport-displayport-2m\/","title":{"rendered":"Kabel UGREEN DP118 DisplayPort-DisplayPort 2m"},"content":{"rendered":"<h3>Kabel UGREEN DP118 2xDisplay Port, typ m\u0119ski, 2m, 16K<\/h3>\n<p>Kabel UGREEN otworzy przed Tob\u0105 drzwi do nowej ery rozdzielczo\u015bci, oferuj\u0105c osza\u0142amiaj\u0105cy obraz 16K@30Hz. Dzi\u0119ki niemu ka\u017cdy detal na ekranie staje si\u0119 wyra\u017aniejszy, a Ty poczujesz si\u0119 jak bohater wirtualnego \u015bwiata. Przew\u00f3d oferuje cz\u0119stotliwo\u015b\u0107 od\u015bwie\u017cania si\u0119gaj\u0105c\u0105 240 Hz i wykorzystuje efekt Dynamic HDR10+. Jego przepustowo\u015b\u0107 wynosi 80Gbps, a 3 tryby wy\u015bwietlania pozwol\u0105 Ci czerpa\u0107 wi\u0119cej rado\u015bci z ogl\u0105dania ulubionych tre\u015bci. Dzi\u0119ki wytrzyma\u0142ej konstrukcji produkt b\u0119dzie s\u0142u\u017cy\u0142 Ci przez d\u0142ugi czas.<\/p>\n<p><img decoding=\"async\" src=\"https:\/\/b2b.innpro.pl\/data\/include\/cms\/012UGREEN\/DP118-15384\/1.jpg\" alt=\"012UGREEN\/DP118-15384\/1\"><\/p>\n<h3>Imponuj\u0105ca cz\u0119stotliwo\u015b\u0107 od\u015bwie\u017cania<\/h3>\n<p>Przenie\u015b si\u0119 w centrum akcji. Obs\u0142uga cz\u0119stotliwo\u015bci od\u015bwie\u017cania do 240 Hz jest r\u00f3wnoznaczna z tym, \u017ce ka\u017cdy ruch na ekranie b\u0119dzie p\u0142ynny i dynamiczny, a Ty odniesiesz wra\u017cenie, \u017ce naprawd\u0119 uczestniczysz w wirtualnych wydarzeniach. Dzi\u0119ki temu b\u0142yskawicznie zareagujesz na ruch przeciwnika podczas emocjonuj\u0105cej rozgrywki.<\/p>\n<p><img decoding=\"async\" src=\"https:\/\/b2b.innpro.pl\/data\/include\/cms\/012UGREEN\/DP118-15384\/3.jpg\" alt=\"012UGREEN\/DP118-15384\/3\"><\/p>\n<h3>Zachwycaj\u0105ce wra\u017cenia wizualne<\/h3>\n<p>Dynamiczny HDR10+ sprawi, \u017ce ka\u017cdy piksel zostanie precyzyjnie wyeksponowany, a Ty docenisz najwy\u017cszy poziom kontrastu i \u017cywe, g\u0142\u0119bokie kolory. Od teraz ka\u017cdy szczeg\u00f3\u0142 b\u0119dzie widoczny, niezale\u017cnie od tego, czy scena filmowa odgrywa si\u0119 ciemnym lesie, czy w s\u0142oneczny dzie\u0144 nad piaszczyst\u0105 pla\u017c\u0105. Ponadto kabel UGREEN zapewnia efekt 3D, dzi\u0119ki kt\u00f3remu osi\u0105gniesz najwy\u017cszy poziom immersji.<\/p>\n<p><img decoding=\"async\" src=\"https:\/\/b2b.innpro.pl\/data\/include\/cms\/012UGREEN\/DP118-15384\/5.jpg\" alt=\"012UGREEN\/DP118-15384\/5\"><\/p>\n<h3>3 tryby wy\u015bwietlania<\/h3>\n<p>Korzystaj z a\u017c 3 tryb\u00f3w wy\u015bwietlania. Mirror Mode pozwoli Ci cieszy\u0107 si\u0119 rozgrywk\u0105 na 2 ekranach jednocze\u015bnie. Extended Mode umo\u017cliwia rozszerzenie pulpitu na kilka ekran\u00f3w, co zwi\u0119kszy Twoj\u0105 produktywno\u015b\u0107 i u\u0142atwi wykonywanie kilku zada\u0144 jednocze\u015bnie. Natomiast Splicing Mode sprawdzi si\u0119 w\u015br\u00f3d mi\u0142o\u015bnik\u00f3w film\u00f3w \u2013 dzi\u0119ki niemu poczujesz si\u0119 jak w kinie!<\/p>\n<p><img decoding=\"async\" src=\"https:\/\/b2b.innpro.pl\/data\/include\/cms\/012UGREEN\/DP118-15384\/6.jpg\" alt=\"012UGREEN\/DP118-15384\/6\"><\/p>\n<h3>Wydajne dzia\u0142anie<\/h3>\n<p>Dzi\u0119ki przepustowo\u015bci 80 Gbps kabel UGREEN zapewnia szybszy przesy\u0142 danych w por\u00f3wnaniu do wcze\u015bniejszych wersji, takich jak DP1.4. Gwarantuje niezr\u00f3wnan\u0105 p\u0142ynno\u015b\u0107 obrazu i eliminuje wszelkie op\u00f3\u017anienia, co pozwala cieszy\u0107 si\u0119 w pe\u0142ni doskona\u0142ymi wra\u017ceniami wizualnymi. Wspiera r\u00f3wnie\u017c przesy\u0142anie obrazu w du\u017cych rozdzielczo\u015bciach, takich jak 16K@30Hz.<\/p>\n<p><img decoding=\"async\" src=\"https:\/\/b2b.innpro.pl\/data\/include\/cms\/012UGREEN\/DP118-15384\/7.jpg\" alt=\"012UGREEN\/DP118-15384\/7\"><\/p>\n<h3>Solidna konstrukcja i szeroka kompatybilno\u015b\u0107<\/h3>\n<p>Kabel UGREEN zosta\u0142 zaprojektowany z my\u015bl\u0105 o trwa\u0142o\u015bci i wydajno\u015bci. Wykonana z aluminium obudowa jest odporna na uszkodzenia i zapewnia d\u0142ug\u0105 \u017cywotno\u015b\u0107. Z\u0142\u0105cza zosta\u0142y pokryte warstw\u0105 niklu, zapewniaj\u0105cego ochron\u0119 przed korozj\u0105, dzi\u0119ki czemu mo\u017cesz cieszy\u0107 si\u0119 stabilnym po\u0142\u0105czeniem i niezak\u0142\u00f3conym przep\u0142ywem obrazu. Produkt jest tak\u017ce szeroko kompatybilny \u2013 z powodzeniem pod\u0142\u0105czysz go do laptopa, projektora czy te\u017c telewizora.<\/p>\n<p><img decoding=\"async\" src=\"https:\/\/b2b.innpro.pl\/data\/include\/cms\/012UGREEN\/DP118-15384\/4.jpg\" alt=\"012UGREEN\/DP118-15384\/4\"><\/p>\n<div class=\"table-wrapper\">\n<table>\n<tbody>\n<tr>\n<th>Producent<\/th>\n<td>UGREEN<\/td>\n<\/tr>\n<tr>\n<th>Model<\/th>\n<td>DP118<\/td>\n<\/tr>\n<tr>\n<th>Kod producenta<\/th>\n<td>15384<\/td>\n<\/tr>\n<tr>\n<th>Wersja DP <\/th>\n<td>V2.1<\/td>\n<\/tr>\n<tr>\n<th>Ca\u0142kowita przepustowo\u015b\u0107<\/th>\n<td>80 Gb\/s<\/td>\n<\/tr>\n<tr>\n<th>Rozdzielczo\u015b\u0107<\/th>\n<td>16K@30Hz, 10K@60Hz, 8K@120Hz, 4K@1440Hz<\/td>\n<\/tr>\n<tr>\n<th>Materia\u0142 przewodu<\/th>\n<td>Mied\u017a<\/td>\n<\/tr>\n<tr>\n<th>D\u0142ugo\u015b\u0107<\/th>\n<td>2 m<\/td>\n<\/tr>\n<tr>\n<th>Inne<\/th>\n<td>kompatybilno\u015b\u0107 wsteczna z DP2.0\/1.4\/1.3<\/td>\n<\/tr>\n<\/tbody>\n<\/table>\n<\/div>\n","protected":false},"excerpt":{"rendered":"<p>Kabel UGREEN DP118 2xDisplay Port, typ m\u0119ski, 2m, 16K Kabel UGREEN otworzy przed Tob\u0105 drzwi do nowej ery rozdzielczo\u015bci, oferuj\u0105c<\/p>\n","protected":false},"featured_media":43003,"comment_status":"closed","ping_status":"open","template":"","meta":{"_acf_changed":false},"product_brand":[],"product_cat":[5929,5931,5933],"product_tag":[],"class_list":{"0":"post-57098","1":"product","2":"type-product","3":"status-publish","4":"has-post-thumbnail","6":"product_cat-akcesoria-it","7":"product_cat-kable","8":"product_cat-wideo","9":"pa_okres-gwarancji-5757","10":"pa_producent-ugreen","12":"first","13":"outofstock","14":"taxable","15":"shipping-taxable","16":"purchasable","17":"product-type-simple"},"acf":[],"yoast_head":"<!-- This site is optimized with the Yoast SEO plugin v27.2 - https:\/\/yoast.com\/product\/yoast-seo-wordpress\/ -->\n<title>Kabel UGREEN DP118 DisplayPort-DisplayPort 2m - IRONSKY.PL Sklep z Dronami<\/title>\n<meta name=\"description\" content=\"Kabel UGREEN DP118 DisplayPort-DisplayPort 2m - \u2705 sklep z dronami i fachowym doradztwem. \u2705 Tutaj kupisz produkty DJI, Yuneec, Parrot, Syma i wiele innych, a tak\u017ce kursy i licencje na operatora drona.\" \/>\n<meta name=\"robots\" content=\"index, follow, max-snippet:-1, max-image-preview:large, max-video-preview:-1\" \/>\n<link rel=\"canonical\" href=\"https:\/\/ironsky.pl\/sklep\/produkt\/kabel-ugreen-dp118-displayport-displayport-2m\/\" \/>\n<meta property=\"og:locale\" content=\"pl_PL\" \/>\n<meta property=\"og:type\" content=\"article\" \/>\n<meta property=\"og:title\" content=\"Kabel UGREEN DP118 DisplayPort-DisplayPort 2m - IRONSKY.PL Sklep z Dronami\" \/>\n<meta property=\"og:description\" content=\"Kabel UGREEN DP118 DisplayPort-DisplayPort 2m - \u2705 sklep z dronami i fachowym doradztwem. \u2705 Tutaj kupisz produkty DJI, Yuneec, Parrot, Syma i wiele innych, a tak\u017ce kursy i licencje na operatora drona.\" \/>\n<meta property=\"og:url\" content=\"https:\/\/ironsky.pl\/sklep\/produkt\/kabel-ugreen-dp118-displayport-displayport-2m\/\" \/>\n<meta property=\"og:site_name\" content=\"IRONSKY.PL Sklep z Dronami\" \/>\n<meta property=\"article:modified_time\" content=\"2026-04-15T08:22:37+00:00\" \/>\n<meta property=\"og:image\" content=\"https:\/\/ironsky.pl\/sklep\/wp-content\/uploads\/2025\/06\/32853_1.jpg\" \/>\n\t<meta property=\"og:image:width\" content=\"800\" \/>\n\t<meta property=\"og:image:height\" content=\"800\" \/>\n\t<meta property=\"og:image:type\" content=\"image\/jpeg\" \/>\n<meta name=\"twitter:card\" content=\"summary_large_image\" \/>\n<meta name=\"twitter:label1\" content=\"Szacowany czas czytania\" \/>\n\t<meta name=\"twitter:data1\" content=\"2 minuty\" \/>\n<script type=\"application\/ld+json\" class=\"yoast-schema-graph\">{\"@context\":\"https:\/\/schema.org\",\"@graph\":[{\"@type\":\"WebPage\",\"@id\":\"https:\/\/ironsky.pl\/sklep\/produkt\/kabel-ugreen-dp118-displayport-displayport-2m\/\",\"url\":\"https:\/\/ironsky.pl\/sklep\/produkt\/kabel-ugreen-dp118-displayport-displayport-2m\/\",\"name\":\"Kabel UGREEN DP118 DisplayPort-DisplayPort 2m - IRONSKY.PL Sklep z Dronami\",\"isPartOf\":{\"@id\":\"https:\/\/ironsky.pl\/sklep\/#website\"},\"primaryImageOfPage\":{\"@id\":\"https:\/\/ironsky.pl\/sklep\/produkt\/kabel-ugreen-dp118-displayport-displayport-2m\/#primaryimage\"},\"image\":{\"@id\":\"https:\/\/ironsky.pl\/sklep\/produkt\/kabel-ugreen-dp118-displayport-displayport-2m\/#primaryimage\"},\"thumbnailUrl\":\"https:\/\/ironsky.pl\/sklep\/wp-content\/uploads\/2025\/06\/32853_1.jpg\",\"datePublished\":\"2026-04-15T08:22:19+00:00\",\"dateModified\":\"2026-04-15T08:22:37+00:00\",\"description\":\"Kabel UGREEN DP118 DisplayPort-DisplayPort 2m - \u2705 sklep z dronami i fachowym doradztwem. \u2705 Tutaj kupisz produkty DJI, Yuneec, Parrot, Syma i wiele innych, a tak\u017ce kursy i licencje na operatora drona.\",\"breadcrumb\":{\"@id\":\"https:\/\/ironsky.pl\/sklep\/produkt\/kabel-ugreen-dp118-displayport-displayport-2m\/#breadcrumb\"},\"inLanguage\":\"pl-PL\",\"potentialAction\":[{\"@type\":\"ReadAction\",\"target\":[\"https:\/\/ironsky.pl\/sklep\/produkt\/kabel-ugreen-dp118-displayport-displayport-2m\/\"]}]},{\"@type\":\"ImageObject\",\"inLanguage\":\"pl-PL\",\"@id\":\"https:\/\/ironsky.pl\/sklep\/produkt\/kabel-ugreen-dp118-displayport-displayport-2m\/#primaryimage\",\"url\":\"https:\/\/ironsky.pl\/sklep\/wp-content\/uploads\/2025\/06\/32853_1.jpg\",\"contentUrl\":\"https:\/\/ironsky.pl\/sklep\/wp-content\/uploads\/2025\/06\/32853_1.jpg\",\"width\":800,\"height\":800},{\"@type\":\"BreadcrumbList\",\"@id\":\"https:\/\/ironsky.pl\/sklep\/produkt\/kabel-ugreen-dp118-displayport-displayport-2m\/#breadcrumb\",\"itemListElement\":[{\"@type\":\"ListItem\",\"position\":1,\"name\":\"Strona g\u0142\u00f3wna\",\"item\":\"https:\/\/ironsky.pl\/sklep\/\"},{\"@type\":\"ListItem\",\"position\":2,\"name\":\"Wszystkie produkty\",\"item\":\"https:\/\/ironsky.pl\/sklep\/produkty\/\"},{\"@type\":\"ListItem\",\"position\":3,\"name\":\"Kabel UGREEN DP118 DisplayPort-DisplayPort 2m\"}]},{\"@type\":\"WebSite\",\"@id\":\"https:\/\/ironsky.pl\/sklep\/#website\",\"url\":\"https:\/\/ironsky.pl\/sklep\/\",\"name\":\"IRONSKY.PL Sklep z Dronami\",\"description\":\"IRONSKY.PL Sklep z Dronami\",\"potentialAction\":[{\"@type\":\"SearchAction\",\"target\":{\"@type\":\"EntryPoint\",\"urlTemplate\":\"https:\/\/ironsky.pl\/sklep\/?s={search_term_string}\"},\"query-input\":{\"@type\":\"PropertyValueSpecification\",\"valueRequired\":true,\"valueName\":\"search_term_string\"}}],\"inLanguage\":\"pl-PL\"}]}<\/script>\n<!-- \/ Yoast SEO plugin. -->","yoast_head_json":{"title":"Kabel UGREEN DP118 DisplayPort-DisplayPort 2m - IRONSKY.PL Sklep z Dronami","description":"Kabel UGREEN DP118 DisplayPort-DisplayPort 2m - \u2705 sklep z dronami i fachowym doradztwem. \u2705 Tutaj kupisz produkty DJI, Yuneec, Parrot, Syma i wiele innych, a tak\u017ce kursy i licencje na operatora drona.","robots":{"index":"index","follow":"follow","max-snippet":"max-snippet:-1","max-image-preview":"max-image-preview:large","max-video-preview":"max-video-preview:-1"},"canonical":"https:\/\/ironsky.pl\/sklep\/produkt\/kabel-ugreen-dp118-displayport-displayport-2m\/","og_locale":"pl_PL","og_type":"article","og_title":"Kabel UGREEN DP118 DisplayPort-DisplayPort 2m - IRONSKY.PL Sklep z Dronami","og_description":"Kabel UGREEN DP118 DisplayPort-DisplayPort 2m - \u2705 sklep z dronami i fachowym doradztwem. \u2705 Tutaj kupisz produkty DJI, Yuneec, Parrot, Syma i wiele innych, a tak\u017ce kursy i licencje na operatora drona.","og_url":"https:\/\/ironsky.pl\/sklep\/produkt\/kabel-ugreen-dp118-displayport-displayport-2m\/","og_site_name":"IRONSKY.PL Sklep z Dronami","article_modified_time":"2026-04-15T08:22:37+00:00","og_image":[{"width":800,"height":800,"url":"https:\/\/ironsky.pl\/sklep\/wp-content\/uploads\/2025\/06\/32853_1.jpg","type":"image\/jpeg"}],"twitter_card":"summary_large_image","twitter_misc":{"Szacowany czas czytania":"2 minuty"},"schema":{"@context":"https:\/\/schema.org","@graph":[{"@type":"WebPage","@id":"https:\/\/ironsky.pl\/sklep\/produkt\/kabel-ugreen-dp118-displayport-displayport-2m\/","url":"https:\/\/ironsky.pl\/sklep\/produkt\/kabel-ugreen-dp118-displayport-displayport-2m\/","name":"Kabel UGREEN DP118 DisplayPort-DisplayPort 2m - IRONSKY.PL Sklep z Dronami","isPartOf":{"@id":"https:\/\/ironsky.pl\/sklep\/#website"},"primaryImageOfPage":{"@id":"https:\/\/ironsky.pl\/sklep\/produkt\/kabel-ugreen-dp118-displayport-displayport-2m\/#primaryimage"},"image":{"@id":"https:\/\/ironsky.pl\/sklep\/produkt\/kabel-ugreen-dp118-displayport-displayport-2m\/#primaryimage"},"thumbnailUrl":"https:\/\/ironsky.pl\/sklep\/wp-content\/uploads\/2025\/06\/32853_1.jpg","datePublished":"2026-04-15T08:22:19+00:00","dateModified":"2026-04-15T08:22:37+00:00","description":"Kabel UGREEN DP118 DisplayPort-DisplayPort 2m - \u2705 sklep z dronami i fachowym doradztwem. \u2705 Tutaj kupisz produkty DJI, Yuneec, Parrot, Syma i wiele innych, a tak\u017ce kursy i licencje na operatora drona.","breadcrumb":{"@id":"https:\/\/ironsky.pl\/sklep\/produkt\/kabel-ugreen-dp118-displayport-displayport-2m\/#breadcrumb"},"inLanguage":"pl-PL","potentialAction":[{"@type":"ReadAction","target":["https:\/\/ironsky.pl\/sklep\/produkt\/kabel-ugreen-dp118-displayport-displayport-2m\/"]}]},{"@type":"ImageObject","inLanguage":"pl-PL","@id":"https:\/\/ironsky.pl\/sklep\/produkt\/kabel-ugreen-dp118-displayport-displayport-2m\/#primaryimage","url":"https:\/\/ironsky.pl\/sklep\/wp-content\/uploads\/2025\/06\/32853_1.jpg","contentUrl":"https:\/\/ironsky.pl\/sklep\/wp-content\/uploads\/2025\/06\/32853_1.jpg","width":800,"height":800},{"@type":"BreadcrumbList","@id":"https:\/\/ironsky.pl\/sklep\/produkt\/kabel-ugreen-dp118-displayport-displayport-2m\/#breadcrumb","itemListElement":[{"@type":"ListItem","position":1,"name":"Strona g\u0142\u00f3wna","item":"https:\/\/ironsky.pl\/sklep\/"},{"@type":"ListItem","position":2,"name":"Wszystkie produkty","item":"https:\/\/ironsky.pl\/sklep\/produkty\/"},{"@type":"ListItem","position":3,"name":"Kabel UGREEN DP118 DisplayPort-DisplayPort 2m"}]},{"@type":"WebSite","@id":"https:\/\/ironsky.pl\/sklep\/#website","url":"https:\/\/ironsky.pl\/sklep\/","name":"IRONSKY.PL Sklep z Dronami","description":"IRONSKY.PL Sklep z Dronami","potentialAction":[{"@type":"SearchAction","target":{"@type":"EntryPoint","urlTemplate":"https:\/\/ironsky.pl\/sklep\/?s={search_term_string}"},"query-input":{"@type":"PropertyValueSpecification","valueRequired":true,"valueName":"search_term_string"}}],"inLanguage":"pl-PL"}]}},"_links":{"self":[{"href":"https:\/\/ironsky.pl\/sklep\/wp-json\/wp\/v2\/product\/57098","targetHints":{"allow":["GET"]}}],"collection":[{"href":"https:\/\/ironsky.pl\/sklep\/wp-json\/wp\/v2\/product"}],"about":[{"href":"https:\/\/ironsky.pl\/sklep\/wp-json\/wp\/v2\/types\/product"}],"replies":[{"embeddable":true,"href":"https:\/\/ironsky.pl\/sklep\/wp-json\/wp\/v2\/comments?post=57098"}],"wp:featuredmedia":[{"embeddable":true,"href":"https:\/\/ironsky.pl\/sklep\/wp-json\/wp\/v2\/media\/43003"}],"wp:attachment":[{"href":"https:\/\/ironsky.pl\/sklep\/wp-json\/wp\/v2\/media?parent=57098"}],"wp:term":[{"taxonomy":"product_brand","embeddable":true,"href":"https:\/\/ironsky.pl\/sklep\/wp-json\/wp\/v2\/product_brand?post=57098"},{"taxonomy":"product_cat","embeddable":true,"href":"https:\/\/ironsky.pl\/sklep\/wp-json\/wp\/v2\/product_cat?post=57098"},{"taxonomy":"product_tag","embeddable":true,"href":"https:\/\/ironsky.pl\/sklep\/wp-json\/wp\/v2\/product_tag?post=57098"}],"curies":[{"name":"wp","href":"https:\/\/api.w.org\/{rel}","templated":true}]}}