{"id":57096,"date":"2026-04-15T10:22:19","date_gmt":"2026-04-15T08:22:19","guid":{"rendered":"https:\/\/ironsky.pl\/sklep\/produkt\/kabel-ugreen-hd164-micro-hdmi-hdmi-2m\/"},"modified":"2026-04-15T10:22:35","modified_gmt":"2026-04-15T08:22:35","slug":"kabel-ugreen-hd164-micro-hdmi-hdmi-2m","status":"publish","type":"product","link":"https:\/\/ironsky.pl\/sklep\/produkt\/kabel-ugreen-hd164-micro-hdmi-hdmi-2m\/","title":{"rendered":"Kabel UGREEN HD164 micro HDMI-HDMI 2m"},"content":{"rendered":"<h3>Kabel micro HDMI \u2014 HDMI 8K UGREEN HD164 2m<\/h3>\n<p>Kabel UGREEN HD164 to wyj\u0105tkowy produkt, kt\u00f3ry przewy\u017csza standardy jako\u015bci obrazu. Dzi\u0119ki obs\u0142udze 8K@60Hz oferuje wyj\u0105tkowo szczeg\u00f3\u0142owy obraz o niezr\u00f3wnanej p\u0142ynno\u015bci. Obs\u0142uguje tryby Extended i Copy, co umo\u017cliwia dostosowanie wy\u015bwietlania do indywidualnych potrzeb u\u017cytkownika. Niezale\u017cnie od tego, czy jeste\u015b entuzjast\u0105 film\u00f3w, czy profesjonalist\u0105 w dziedzinie grafiki, kabel HD164 dostarczy Ci najlepszej jako\u015bci obraz.<\/p>\n<p><img decoding=\"async\" src=\"https:\/\/b2b.innpro.pl\/data\/include\/cms\/012UGREEN\/HD164-15517\/1.jpg\" alt=\"012UGREEN\/HD164-15517\/1\"><\/p>\n<h3>Wysokiej pr\u0119dko\u015bci transmisja<\/h3>\n<p>UGREEN HD164 zapewnia pr\u0119dko\u015b\u0107 transmisji danych na poziomie 48 Gbps, co gwarantuje natychmiastowe przesy\u0142anie obrazu i d\u017awi\u0119ku. Dzi\u0119ki technologii eArc kabel HD164 pozwala na przesy\u0142anie d\u017awi\u0119ku o wysokiej rozdzielczo\u015bci bez op\u00f3\u017anie\u0144. Co wi\u0119cej, obs\u0142uguje 3D max, umo\u017cliwiaj\u0105c przesy\u0142anie obraz\u00f3w 3D o najwy\u017cszej jako\u015bci.<\/p>\n<p><img decoding=\"async\" src=\"https:\/\/b2b.innpro.pl\/data\/include\/cms\/012UGREEN\/HD164-15517\/4.jpg\" alt=\"012UGREEN\/HD164-15517\/4\"><\/p>\n<h3>Trwa\u0142o\u015b\u0107 i niezawodno\u015b\u0107<\/h3>\n<p>Kabel UGREEN HD164 zosta\u0142 zaprojektowany z my\u015bl\u0105 o d\u0142ugotrwa\u0142ym u\u017cytkowaniu. Wzmocnione ko\u0144c\u00f3wki i oplot zapewniaj\u0105 niezr\u00f3wnan\u0105 trwa\u0142o\u015b\u0107 i odporno\u015b\u0107 na uszkodzenia mechaniczne. Wykonany z miedzi cynowanej zapewnia d\u0142ugotrwa\u0142\u0105 i stabiln\u0105 transmisj\u0119 danych, wi\u0119c mo\u017cesz mie\u0107 pewno\u015b\u0107, \u017ce pos\u0142u\u017cy Ci przez d\u0142ugi czas.<\/p>\n<p><img decoding=\"async\" src=\"https:\/\/b2b.innpro.pl\/data\/include\/cms\/012UGREEN\/HD164-15517\/7.jpg\" alt=\"012UGREEN\/HD164-15517\/7\"><\/p>\n<h3>\u0141atwo\u015b\u0107 u\u017cytkowania<\/h3>\n<p>UGREEN HD164 jest \u0142atwy w u\u017cyciu \u2013 wystarczy pod\u0142\u0105czy\u0107 jedn\u0105 stron\u0119 do urz\u0105dzenia ze z\u0142\u0105czem micro HDMI, a drug\u0105 do urz\u0105dzenia z HDMI, aby cieszy\u0107 si\u0119 najwy\u017cszej jako\u015bci obrazem i d\u017awi\u0119kiem. To prosty i efektywny spos\u00f3b na ulepszenie multimedialnych do\u015bwiadcze\u0144.<\/p>\n<p><img decoding=\"async\" src=\"https:\/\/b2b.innpro.pl\/data\/include\/cms\/012UGREEN\/HD164-15517\/2.jpg\" alt=\"012UGREEN\/HD164-15517\/2\"><\/p>\n<h3>Wszechstronno\u015b\u0107<\/h3>\n<p>Dzi\u0119ki swojej uniwersalno\u015bci kabel UGREEN HD164 jest idealnym wyborem dla ka\u017cdego, kto ceni sobie najwy\u017csz\u0105 jako\u015b\u0107 obrazu i d\u017awi\u0119ku. Bez wzgl\u0119du na to, czy planujesz u\u017cywa\u0107 go w domu, czy w biurze, sprosta ka\u017cdemu wyzwaniu.<\/p>\n<p><img decoding=\"async\" src=\"https:\/\/b2b.innpro.pl\/data\/include\/cms\/012UGREEN\/HD164-15517\/6.jpg\" alt=\"012UGREEN\/HD164-15517\/6\"><\/p>\n<div class=\"table-wrapper\">\n<table>\n<tbody>\n<tr>\n<th>Producent <\/th>\n<td>UGREEN<\/td>\n<\/tr>\n<tr>\n<th>Model<\/th>\n<td>15517<\/td>\n<\/tr>\n<tr>\n<th>HDMI<\/th>\n<td>8K@60Hz<\/td>\n<\/tr>\n<tr>\n<th>Pr\u0119dko\u015b\u0107 transmisji<\/th>\n<td>48 Gbps<\/td>\n<\/tr>\n<tr>\n<th>Tryby<\/th>\n<td>Extended, Copy<\/td>\n<\/tr>\n<tr>\n<th>Materia\u0142<\/th>\n<td>Mied\u017a cynowana<\/td>\n<\/tr>\n<tr>\n<th>D\u0142ugo\u015b\u0107 przewodu<\/th>\n<td>2 m<\/td>\n<\/tr>\n<\/tbody>\n<\/table>\n<\/div>\n","protected":false},"excerpt":{"rendered":"<p>Kabel micro HDMI \u2014 HDMI 8K UGREEN HD164 2m Kabel UGREEN HD164 to wyj\u0105tkowy produkt, kt\u00f3ry przewy\u017csza standardy jako\u015bci obrazu.<\/p>\n","protected":false},"featured_media":42999,"comment_status":"closed","ping_status":"open","template":"","meta":{"_acf_changed":false},"product_brand":[],"product_cat":[5929,5931,5933],"product_tag":[],"class_list":{"0":"post-57096","1":"product","2":"type-product","3":"status-publish","4":"has-post-thumbnail","6":"product_cat-akcesoria-it","7":"product_cat-kable","8":"product_cat-wideo","9":"pa_okres-gwarancji-5757","10":"pa_producent-ugreen","12":"first","13":"outofstock","14":"taxable","15":"shipping-taxable","16":"purchasable","17":"product-type-simple"},"acf":[],"yoast_head":"<!-- This site is optimized with the Yoast SEO plugin v27.2 - https:\/\/yoast.com\/product\/yoast-seo-wordpress\/ -->\n<title>Kabel UGREEN HD164 micro HDMI-HDMI 2m - IRONSKY.PL Sklep z Dronami<\/title>\n<meta name=\"description\" content=\"Kabel UGREEN HD164 micro HDMI-HDMI 2m - \u2705 sklep z dronami i fachowym doradztwem. \u2705 Tutaj kupisz produkty DJI, Yuneec, Parrot, Syma i wiele innych, a tak\u017ce kursy i licencje na operatora drona.\" \/>\n<meta name=\"robots\" content=\"index, follow, max-snippet:-1, max-image-preview:large, max-video-preview:-1\" \/>\n<link rel=\"canonical\" href=\"https:\/\/ironsky.pl\/sklep\/produkt\/kabel-ugreen-hd164-micro-hdmi-hdmi-2m\/\" \/>\n<meta property=\"og:locale\" content=\"pl_PL\" \/>\n<meta property=\"og:type\" content=\"article\" \/>\n<meta property=\"og:title\" content=\"Kabel UGREEN HD164 micro HDMI-HDMI 2m - IRONSKY.PL Sklep z Dronami\" \/>\n<meta property=\"og:description\" content=\"Kabel UGREEN HD164 micro HDMI-HDMI 2m - \u2705 sklep z dronami i fachowym doradztwem. \u2705 Tutaj kupisz produkty DJI, Yuneec, Parrot, Syma i wiele innych, a tak\u017ce kursy i licencje na operatora drona.\" \/>\n<meta property=\"og:url\" content=\"https:\/\/ironsky.pl\/sklep\/produkt\/kabel-ugreen-hd164-micro-hdmi-hdmi-2m\/\" \/>\n<meta property=\"og:site_name\" content=\"IRONSKY.PL Sklep z Dronami\" \/>\n<meta property=\"article:modified_time\" content=\"2026-04-15T08:22:35+00:00\" \/>\n<meta property=\"og:image\" content=\"https:\/\/ironsky.pl\/sklep\/wp-content\/uploads\/2025\/06\/32851_1.jpg\" \/>\n\t<meta property=\"og:image:width\" content=\"800\" \/>\n\t<meta property=\"og:image:height\" content=\"800\" \/>\n\t<meta property=\"og:image:type\" content=\"image\/jpeg\" \/>\n<meta name=\"twitter:card\" content=\"summary_large_image\" \/>\n<meta name=\"twitter:label1\" content=\"Szacowany czas czytania\" \/>\n\t<meta name=\"twitter:data1\" content=\"2 minuty\" \/>\n<script type=\"application\/ld+json\" class=\"yoast-schema-graph\">{\"@context\":\"https:\/\/schema.org\",\"@graph\":[{\"@type\":\"WebPage\",\"@id\":\"https:\/\/ironsky.pl\/sklep\/produkt\/kabel-ugreen-hd164-micro-hdmi-hdmi-2m\/\",\"url\":\"https:\/\/ironsky.pl\/sklep\/produkt\/kabel-ugreen-hd164-micro-hdmi-hdmi-2m\/\",\"name\":\"Kabel UGREEN HD164 micro HDMI-HDMI 2m - IRONSKY.PL Sklep z Dronami\",\"isPartOf\":{\"@id\":\"https:\/\/ironsky.pl\/sklep\/#website\"},\"primaryImageOfPage\":{\"@id\":\"https:\/\/ironsky.pl\/sklep\/produkt\/kabel-ugreen-hd164-micro-hdmi-hdmi-2m\/#primaryimage\"},\"image\":{\"@id\":\"https:\/\/ironsky.pl\/sklep\/produkt\/kabel-ugreen-hd164-micro-hdmi-hdmi-2m\/#primaryimage\"},\"thumbnailUrl\":\"https:\/\/ironsky.pl\/sklep\/wp-content\/uploads\/2025\/06\/32851_1.jpg\",\"datePublished\":\"2026-04-15T08:22:19+00:00\",\"dateModified\":\"2026-04-15T08:22:35+00:00\",\"description\":\"Kabel UGREEN HD164 micro HDMI-HDMI 2m - \u2705 sklep z dronami i fachowym doradztwem. \u2705 Tutaj kupisz produkty DJI, Yuneec, Parrot, Syma i wiele innych, a tak\u017ce kursy i licencje na operatora drona.\",\"breadcrumb\":{\"@id\":\"https:\/\/ironsky.pl\/sklep\/produkt\/kabel-ugreen-hd164-micro-hdmi-hdmi-2m\/#breadcrumb\"},\"inLanguage\":\"pl-PL\",\"potentialAction\":[{\"@type\":\"ReadAction\",\"target\":[\"https:\/\/ironsky.pl\/sklep\/produkt\/kabel-ugreen-hd164-micro-hdmi-hdmi-2m\/\"]}]},{\"@type\":\"ImageObject\",\"inLanguage\":\"pl-PL\",\"@id\":\"https:\/\/ironsky.pl\/sklep\/produkt\/kabel-ugreen-hd164-micro-hdmi-hdmi-2m\/#primaryimage\",\"url\":\"https:\/\/ironsky.pl\/sklep\/wp-content\/uploads\/2025\/06\/32851_1.jpg\",\"contentUrl\":\"https:\/\/ironsky.pl\/sklep\/wp-content\/uploads\/2025\/06\/32851_1.jpg\",\"width\":800,\"height\":800},{\"@type\":\"BreadcrumbList\",\"@id\":\"https:\/\/ironsky.pl\/sklep\/produkt\/kabel-ugreen-hd164-micro-hdmi-hdmi-2m\/#breadcrumb\",\"itemListElement\":[{\"@type\":\"ListItem\",\"position\":1,\"name\":\"Strona g\u0142\u00f3wna\",\"item\":\"https:\/\/ironsky.pl\/sklep\/\"},{\"@type\":\"ListItem\",\"position\":2,\"name\":\"Wszystkie produkty\",\"item\":\"https:\/\/ironsky.pl\/sklep\/produkty\/\"},{\"@type\":\"ListItem\",\"position\":3,\"name\":\"Kabel UGREEN HD164 micro HDMI-HDMI 2m\"}]},{\"@type\":\"WebSite\",\"@id\":\"https:\/\/ironsky.pl\/sklep\/#website\",\"url\":\"https:\/\/ironsky.pl\/sklep\/\",\"name\":\"IRONSKY.PL Sklep z Dronami\",\"description\":\"IRONSKY.PL Sklep z Dronami\",\"potentialAction\":[{\"@type\":\"SearchAction\",\"target\":{\"@type\":\"EntryPoint\",\"urlTemplate\":\"https:\/\/ironsky.pl\/sklep\/?s={search_term_string}\"},\"query-input\":{\"@type\":\"PropertyValueSpecification\",\"valueRequired\":true,\"valueName\":\"search_term_string\"}}],\"inLanguage\":\"pl-PL\"}]}<\/script>\n<!-- \/ Yoast SEO plugin. -->","yoast_head_json":{"title":"Kabel UGREEN HD164 micro HDMI-HDMI 2m - IRONSKY.PL Sklep z Dronami","description":"Kabel UGREEN HD164 micro HDMI-HDMI 2m - \u2705 sklep z dronami i fachowym doradztwem. \u2705 Tutaj kupisz produkty DJI, Yuneec, Parrot, Syma i wiele innych, a tak\u017ce kursy i licencje na operatora drona.","robots":{"index":"index","follow":"follow","max-snippet":"max-snippet:-1","max-image-preview":"max-image-preview:large","max-video-preview":"max-video-preview:-1"},"canonical":"https:\/\/ironsky.pl\/sklep\/produkt\/kabel-ugreen-hd164-micro-hdmi-hdmi-2m\/","og_locale":"pl_PL","og_type":"article","og_title":"Kabel UGREEN HD164 micro HDMI-HDMI 2m - IRONSKY.PL Sklep z Dronami","og_description":"Kabel UGREEN HD164 micro HDMI-HDMI 2m - \u2705 sklep z dronami i fachowym doradztwem. \u2705 Tutaj kupisz produkty DJI, Yuneec, Parrot, Syma i wiele innych, a tak\u017ce kursy i licencje na operatora drona.","og_url":"https:\/\/ironsky.pl\/sklep\/produkt\/kabel-ugreen-hd164-micro-hdmi-hdmi-2m\/","og_site_name":"IRONSKY.PL Sklep z Dronami","article_modified_time":"2026-04-15T08:22:35+00:00","og_image":[{"width":800,"height":800,"url":"https:\/\/ironsky.pl\/sklep\/wp-content\/uploads\/2025\/06\/32851_1.jpg","type":"image\/jpeg"}],"twitter_card":"summary_large_image","twitter_misc":{"Szacowany czas czytania":"2 minuty"},"schema":{"@context":"https:\/\/schema.org","@graph":[{"@type":"WebPage","@id":"https:\/\/ironsky.pl\/sklep\/produkt\/kabel-ugreen-hd164-micro-hdmi-hdmi-2m\/","url":"https:\/\/ironsky.pl\/sklep\/produkt\/kabel-ugreen-hd164-micro-hdmi-hdmi-2m\/","name":"Kabel UGREEN HD164 micro HDMI-HDMI 2m - IRONSKY.PL Sklep z Dronami","isPartOf":{"@id":"https:\/\/ironsky.pl\/sklep\/#website"},"primaryImageOfPage":{"@id":"https:\/\/ironsky.pl\/sklep\/produkt\/kabel-ugreen-hd164-micro-hdmi-hdmi-2m\/#primaryimage"},"image":{"@id":"https:\/\/ironsky.pl\/sklep\/produkt\/kabel-ugreen-hd164-micro-hdmi-hdmi-2m\/#primaryimage"},"thumbnailUrl":"https:\/\/ironsky.pl\/sklep\/wp-content\/uploads\/2025\/06\/32851_1.jpg","datePublished":"2026-04-15T08:22:19+00:00","dateModified":"2026-04-15T08:22:35+00:00","description":"Kabel UGREEN HD164 micro HDMI-HDMI 2m - \u2705 sklep z dronami i fachowym doradztwem. \u2705 Tutaj kupisz produkty DJI, Yuneec, Parrot, Syma i wiele innych, a tak\u017ce kursy i licencje na operatora drona.","breadcrumb":{"@id":"https:\/\/ironsky.pl\/sklep\/produkt\/kabel-ugreen-hd164-micro-hdmi-hdmi-2m\/#breadcrumb"},"inLanguage":"pl-PL","potentialAction":[{"@type":"ReadAction","target":["https:\/\/ironsky.pl\/sklep\/produkt\/kabel-ugreen-hd164-micro-hdmi-hdmi-2m\/"]}]},{"@type":"ImageObject","inLanguage":"pl-PL","@id":"https:\/\/ironsky.pl\/sklep\/produkt\/kabel-ugreen-hd164-micro-hdmi-hdmi-2m\/#primaryimage","url":"https:\/\/ironsky.pl\/sklep\/wp-content\/uploads\/2025\/06\/32851_1.jpg","contentUrl":"https:\/\/ironsky.pl\/sklep\/wp-content\/uploads\/2025\/06\/32851_1.jpg","width":800,"height":800},{"@type":"BreadcrumbList","@id":"https:\/\/ironsky.pl\/sklep\/produkt\/kabel-ugreen-hd164-micro-hdmi-hdmi-2m\/#breadcrumb","itemListElement":[{"@type":"ListItem","position":1,"name":"Strona g\u0142\u00f3wna","item":"https:\/\/ironsky.pl\/sklep\/"},{"@type":"ListItem","position":2,"name":"Wszystkie produkty","item":"https:\/\/ironsky.pl\/sklep\/produkty\/"},{"@type":"ListItem","position":3,"name":"Kabel UGREEN HD164 micro HDMI-HDMI 2m"}]},{"@type":"WebSite","@id":"https:\/\/ironsky.pl\/sklep\/#website","url":"https:\/\/ironsky.pl\/sklep\/","name":"IRONSKY.PL Sklep z Dronami","description":"IRONSKY.PL Sklep z Dronami","potentialAction":[{"@type":"SearchAction","target":{"@type":"EntryPoint","urlTemplate":"https:\/\/ironsky.pl\/sklep\/?s={search_term_string}"},"query-input":{"@type":"PropertyValueSpecification","valueRequired":true,"valueName":"search_term_string"}}],"inLanguage":"pl-PL"}]}},"_links":{"self":[{"href":"https:\/\/ironsky.pl\/sklep\/wp-json\/wp\/v2\/product\/57096","targetHints":{"allow":["GET"]}}],"collection":[{"href":"https:\/\/ironsky.pl\/sklep\/wp-json\/wp\/v2\/product"}],"about":[{"href":"https:\/\/ironsky.pl\/sklep\/wp-json\/wp\/v2\/types\/product"}],"replies":[{"embeddable":true,"href":"https:\/\/ironsky.pl\/sklep\/wp-json\/wp\/v2\/comments?post=57096"}],"wp:featuredmedia":[{"embeddable":true,"href":"https:\/\/ironsky.pl\/sklep\/wp-json\/wp\/v2\/media\/42999"}],"wp:attachment":[{"href":"https:\/\/ironsky.pl\/sklep\/wp-json\/wp\/v2\/media?parent=57096"}],"wp:term":[{"taxonomy":"product_brand","embeddable":true,"href":"https:\/\/ironsky.pl\/sklep\/wp-json\/wp\/v2\/product_brand?post=57096"},{"taxonomy":"product_cat","embeddable":true,"href":"https:\/\/ironsky.pl\/sklep\/wp-json\/wp\/v2\/product_cat?post=57096"},{"taxonomy":"product_tag","embeddable":true,"href":"https:\/\/ironsky.pl\/sklep\/wp-json\/wp\/v2\/product_tag?post=57096"}],"curies":[{"name":"wp","href":"https:\/\/api.w.org\/{rel}","templated":true}]}}