{"id":57092,"date":"2026-04-15T10:22:19","date_gmt":"2026-04-15T08:22:19","guid":{"rendered":"https:\/\/ironsky.pl\/sklep\/produkt\/hub-ugreen-cm478-5w1\/"},"modified":"2026-04-15T10:22:31","modified_gmt":"2026-04-15T08:22:31","slug":"hub-ugreen-cm478-5w1","status":"publish","type":"product","link":"https:\/\/ironsky.pl\/sklep\/produkt\/hub-ugreen-cm478-5w1\/","title":{"rendered":"Hub UGREEN CM478 5w1"},"content":{"rendered":"<h3>Adapter HUB UGREEN CM478 USB-C do HDMI, USB-A 3.0, 2x USB-A 2.0, PD<\/h3>\n<p>Adapter 5w1 Ugreen CM478 to kompaktowy i wysoce funkcjonalny gad\u017cet dla ka\u017cdego, kto ceni sobie efektywno\u015b\u0107 w pracy przy komputerze. Dzi\u0119ki r\u00f3\u017cnym portom: PD 100W, USB 3.0, 2x USB 2.0 oraz HDMI CM478 umo\u017cliwia \u0142atwe pod\u0142\u0105czenie wielu urz\u0105dze\u0144 jednocze\u015bnie do portu USB-C. Kompatybilno\u015b\u0107 z r\u00f3\u017cnymi systemami operacyjnymi sprawia, \u017ce jest to uniwersalne rozwi\u0105zanie dla wielu u\u017cytkownik\u00f3w.<\/p>\n<p><img decoding=\"async\" src=\"https:\/\/b2b.innpro.pl\/data\/include\/cms\/012UGREEN\/CM478-15495\/9.jpg\" alt=\"012UGREEN\/CM478-15495\/9\"><\/p>\n<h3>Szybki i wydajny<\/h3>\n<p>Adapter Ugreen CM478 gwarantuje wysok\u0105 pr\u0119dko\u015b\u0107 transmisji danych, dzi\u0119ki czemu umo\u017cliwia b\u0142yskawiczne przesy\u0142anie plik\u00f3w pomi\u0119dzy urz\u0105dzeniami. Port USB 3.0 zapewnia zawrotn\u0105 pr\u0119dko\u015b\u0107 do 5 Gbps, natomiast dwa porty USB 2.0 &#8211; do 480 Mbps. Ale to nie wszystko! Port PD 100W umo\u017cliwia szybkie \u0142adowanie urz\u0105dze\u0144, czyni\u0105c z adaptera CM478 niezwykle praktyczne narz\u0119dzie.<\/p>\n<p><img decoding=\"async\" src=\"https:\/\/b2b.innpro.pl\/data\/include\/cms\/012UGREEN\/CM478-15495\/4.jpg\" alt=\"012UGREEN\/CM478-15495\/4\"><\/p>\n<h3>Jako\u015b\u0107 obrazu<\/h3>\n<p>Dzi\u0119ki portowi HDMI obs\u0142uguj\u0105cemu 4K@30Hz adapter Ugreen CM478 umo\u017cliwia transmisj\u0119 obrazu w najwy\u017cszej jako\u015bci. Bez wzgl\u0119du na to, czy planujesz prezentacj\u0119, czy chcesz cieszy\u0107 si\u0119 filmem na du\u017cym ekranie, CM478 gwarantuje krystalicznie czysty obraz bez op\u00f3\u017anie\u0144.<\/p>\n<p><img decoding=\"async\" src=\"https:\/\/b2b.innpro.pl\/data\/include\/cms\/012UGREEN\/CM478-15495\/2.jpg\" alt=\"012UGREEN\/CM478-15495\/2\"><\/p>\n<h3>Komfort i trwa\u0142o\u015b\u0107<\/h3>\n<p>Adapter Ugreen CM478 zosta\u0142 zaprojektowany z my\u015bl\u0105 o wygodzie u\u017cytkowania. D\u0142ugo\u015b\u0107 przewodu wynosz\u0105ca 20 cm zapewnia elastyczno\u015b\u0107, a niewielkie wymiary (120 x 28 x 12 x 12 mm) pozwalaj\u0105 na \u0142atwe przenoszenie urz\u0105dzenia. Wykonany z trwa\u0142ego stopu aluminium, adapter jest odporny na uszkodzenia i wytrzyma\u0142y na codzienne u\u017cytkowanie.<\/p>\n<p><img decoding=\"async\" src=\"https:\/\/b2b.innpro.pl\/data\/include\/cms\/012UGREEN\/CM478-15495\/6.jpg\" alt=\"012UGREEN\/CM478-15495\/6\"><\/p>\n<h3>\u0141atwo\u015b\u0107 u\u017cytkowania<\/h3>\n<p>Ugreen CM478 to urz\u0105dzenie plug-and-play, co oznacza, \u017ce nie wymaga dodatkowej instalacji oprogramowania. Wystarczy pod\u0142\u0105czy\u0107 adapter do komputera czy smartfona, aby natychmiast rozszerzy\u0107 mo\u017cliwo\u015bci swojego urz\u0105dzenia. To prosty i efektywny spos\u00f3b na zwi\u0119kszenie produktywno\u015bci i wydajno\u015bci pracy.<\/p>\n<p><img decoding=\"async\" src=\"https:\/\/b2b.innpro.pl\/data\/include\/cms\/012UGREEN\/CM478-15495\/7.jpg\" alt=\"012UGREEN\/CM478-15495\/7\"><\/p>\n<div class=\"table-wrapper\">\n<table>\n<tbody>\n<tr>\n<th>Producent<\/th>\n<td>Ugreen<\/td>\n<\/tr>\n<tr>\n<th>Model<\/th>\n<td>CM478<\/td>\n<\/tr>\n<tr>\n<th>Port PD<\/th>\n<td>PD 100W<\/td>\n<\/tr>\n<tr>\n<th>Pr\u0119dko\u015b\u0107 transmisji<\/th>\n<td>USB 3.0 x 1 &#8211; 5 Gbp; USB 2.0 x 2 &#8211; 480 Mbps<\/td>\n<\/tr>\n<tr>\n<th>Materia\u0142<\/th>\n<td>Stop aluminium<\/td>\n<\/tr>\n<tr>\n<th>D\u0142ugo\u015b\u0107 przewodu<\/th>\n<td>20 cm<\/td>\n<\/tr>\n<tr>\n<th>Wymiary<\/th>\n<td>120 x 28 x 12 x 12 mm<\/td>\n<\/tr>\n<tr>\n<th>Kompatybilno\u015b\u0107<\/th>\n<td>Windows, MacOS, iOS, Linux, Android<\/td>\n<\/tr>\n<tr>\n<th>HDMI<\/th>\n<td>4K@30Hz<\/td>\n<\/tr>\n<\/tbody>\n<\/table>\n<\/div>\n","protected":false},"excerpt":{"rendered":"<p>Adapter HUB UGREEN CM478 USB-C do HDMI, USB-A 3.0, 2x USB-A 2.0, PD Adapter 5w1 Ugreen CM478 to kompaktowy i<\/p>\n","protected":false},"featured_media":42986,"comment_status":"closed","ping_status":"open","template":"","meta":{"_acf_changed":false},"product_brand":[],"product_cat":[5929,5934],"product_tag":[],"class_list":{"0":"post-57092","1":"product","2":"type-product","3":"status-publish","4":"has-post-thumbnail","6":"product_cat-akcesoria-it","7":"product_cat-huby","8":"pa_okres-gwarancji-5757","9":"pa_producent-ugreen","11":"first","12":"outofstock","13":"taxable","14":"shipping-taxable","15":"purchasable","16":"product-type-simple"},"acf":[],"yoast_head":"<!-- This site is optimized with the Yoast SEO plugin v27.2 - https:\/\/yoast.com\/product\/yoast-seo-wordpress\/ -->\n<title>Hub UGREEN CM478 5w1 - IRONSKY.PL Sklep z Dronami<\/title>\n<meta name=\"description\" content=\"Hub UGREEN CM478 5w1 - \u2705 sklep z dronami i fachowym doradztwem. \u2705 Tutaj kupisz produkty DJI, Yuneec, Parrot, Syma i wiele innych, a tak\u017ce kursy i licencje na operatora drona.\" \/>\n<meta name=\"robots\" content=\"index, follow, max-snippet:-1, max-image-preview:large, max-video-preview:-1\" \/>\n<link rel=\"canonical\" href=\"https:\/\/ironsky.pl\/sklep\/produkt\/hub-ugreen-cm478-5w1\/\" \/>\n<meta property=\"og:locale\" content=\"pl_PL\" \/>\n<meta property=\"og:type\" content=\"article\" \/>\n<meta property=\"og:title\" content=\"Hub UGREEN CM478 5w1 - IRONSKY.PL Sklep z Dronami\" \/>\n<meta property=\"og:description\" content=\"Hub UGREEN CM478 5w1 - \u2705 sklep z dronami i fachowym doradztwem. \u2705 Tutaj kupisz produkty DJI, Yuneec, Parrot, Syma i wiele innych, a tak\u017ce kursy i licencje na operatora drona.\" \/>\n<meta property=\"og:url\" content=\"https:\/\/ironsky.pl\/sklep\/produkt\/hub-ugreen-cm478-5w1\/\" \/>\n<meta property=\"og:site_name\" content=\"IRONSKY.PL Sklep z Dronami\" \/>\n<meta property=\"article:modified_time\" content=\"2026-04-15T08:22:31+00:00\" \/>\n<meta property=\"og:image\" content=\"https:\/\/ironsky.pl\/sklep\/wp-content\/uploads\/2025\/06\/32838_2.jpg\" \/>\n\t<meta property=\"og:image:width\" content=\"800\" \/>\n\t<meta property=\"og:image:height\" content=\"800\" \/>\n\t<meta property=\"og:image:type\" content=\"image\/jpeg\" \/>\n<meta name=\"twitter:card\" content=\"summary_large_image\" \/>\n<meta name=\"twitter:label1\" content=\"Szacowany czas czytania\" \/>\n\t<meta name=\"twitter:data1\" content=\"2 minuty\" \/>\n<script type=\"application\/ld+json\" class=\"yoast-schema-graph\">{\"@context\":\"https:\/\/schema.org\",\"@graph\":[{\"@type\":\"WebPage\",\"@id\":\"https:\/\/ironsky.pl\/sklep\/produkt\/hub-ugreen-cm478-5w1\/\",\"url\":\"https:\/\/ironsky.pl\/sklep\/produkt\/hub-ugreen-cm478-5w1\/\",\"name\":\"Hub UGREEN CM478 5w1 - IRONSKY.PL Sklep z Dronami\",\"isPartOf\":{\"@id\":\"https:\/\/ironsky.pl\/sklep\/#website\"},\"primaryImageOfPage\":{\"@id\":\"https:\/\/ironsky.pl\/sklep\/produkt\/hub-ugreen-cm478-5w1\/#primaryimage\"},\"image\":{\"@id\":\"https:\/\/ironsky.pl\/sklep\/produkt\/hub-ugreen-cm478-5w1\/#primaryimage\"},\"thumbnailUrl\":\"https:\/\/ironsky.pl\/sklep\/wp-content\/uploads\/2025\/06\/32838_2.jpg\",\"datePublished\":\"2026-04-15T08:22:19+00:00\",\"dateModified\":\"2026-04-15T08:22:31+00:00\",\"description\":\"Hub UGREEN CM478 5w1 - \u2705 sklep z dronami i fachowym doradztwem. \u2705 Tutaj kupisz produkty DJI, Yuneec, Parrot, Syma i wiele innych, a tak\u017ce kursy i licencje na operatora drona.\",\"breadcrumb\":{\"@id\":\"https:\/\/ironsky.pl\/sklep\/produkt\/hub-ugreen-cm478-5w1\/#breadcrumb\"},\"inLanguage\":\"pl-PL\",\"potentialAction\":[{\"@type\":\"ReadAction\",\"target\":[\"https:\/\/ironsky.pl\/sklep\/produkt\/hub-ugreen-cm478-5w1\/\"]}]},{\"@type\":\"ImageObject\",\"inLanguage\":\"pl-PL\",\"@id\":\"https:\/\/ironsky.pl\/sklep\/produkt\/hub-ugreen-cm478-5w1\/#primaryimage\",\"url\":\"https:\/\/ironsky.pl\/sklep\/wp-content\/uploads\/2025\/06\/32838_2.jpg\",\"contentUrl\":\"https:\/\/ironsky.pl\/sklep\/wp-content\/uploads\/2025\/06\/32838_2.jpg\",\"width\":800,\"height\":800},{\"@type\":\"BreadcrumbList\",\"@id\":\"https:\/\/ironsky.pl\/sklep\/produkt\/hub-ugreen-cm478-5w1\/#breadcrumb\",\"itemListElement\":[{\"@type\":\"ListItem\",\"position\":1,\"name\":\"Strona g\u0142\u00f3wna\",\"item\":\"https:\/\/ironsky.pl\/sklep\/\"},{\"@type\":\"ListItem\",\"position\":2,\"name\":\"Wszystkie produkty\",\"item\":\"https:\/\/ironsky.pl\/sklep\/produkty\/\"},{\"@type\":\"ListItem\",\"position\":3,\"name\":\"Hub UGREEN CM478 5w1\"}]},{\"@type\":\"WebSite\",\"@id\":\"https:\/\/ironsky.pl\/sklep\/#website\",\"url\":\"https:\/\/ironsky.pl\/sklep\/\",\"name\":\"IRONSKY.PL Sklep z Dronami\",\"description\":\"IRONSKY.PL Sklep z Dronami\",\"potentialAction\":[{\"@type\":\"SearchAction\",\"target\":{\"@type\":\"EntryPoint\",\"urlTemplate\":\"https:\/\/ironsky.pl\/sklep\/?s={search_term_string}\"},\"query-input\":{\"@type\":\"PropertyValueSpecification\",\"valueRequired\":true,\"valueName\":\"search_term_string\"}}],\"inLanguage\":\"pl-PL\"}]}<\/script>\n<!-- \/ Yoast SEO plugin. -->","yoast_head_json":{"title":"Hub UGREEN CM478 5w1 - IRONSKY.PL Sklep z Dronami","description":"Hub UGREEN CM478 5w1 - \u2705 sklep z dronami i fachowym doradztwem. \u2705 Tutaj kupisz produkty DJI, Yuneec, Parrot, Syma i wiele innych, a tak\u017ce kursy i licencje na operatora drona.","robots":{"index":"index","follow":"follow","max-snippet":"max-snippet:-1","max-image-preview":"max-image-preview:large","max-video-preview":"max-video-preview:-1"},"canonical":"https:\/\/ironsky.pl\/sklep\/produkt\/hub-ugreen-cm478-5w1\/","og_locale":"pl_PL","og_type":"article","og_title":"Hub UGREEN CM478 5w1 - IRONSKY.PL Sklep z Dronami","og_description":"Hub UGREEN CM478 5w1 - \u2705 sklep z dronami i fachowym doradztwem. \u2705 Tutaj kupisz produkty DJI, Yuneec, Parrot, Syma i wiele innych, a tak\u017ce kursy i licencje na operatora drona.","og_url":"https:\/\/ironsky.pl\/sklep\/produkt\/hub-ugreen-cm478-5w1\/","og_site_name":"IRONSKY.PL Sklep z Dronami","article_modified_time":"2026-04-15T08:22:31+00:00","og_image":[{"width":800,"height":800,"url":"https:\/\/ironsky.pl\/sklep\/wp-content\/uploads\/2025\/06\/32838_2.jpg","type":"image\/jpeg"}],"twitter_card":"summary_large_image","twitter_misc":{"Szacowany czas czytania":"2 minuty"},"schema":{"@context":"https:\/\/schema.org","@graph":[{"@type":"WebPage","@id":"https:\/\/ironsky.pl\/sklep\/produkt\/hub-ugreen-cm478-5w1\/","url":"https:\/\/ironsky.pl\/sklep\/produkt\/hub-ugreen-cm478-5w1\/","name":"Hub UGREEN CM478 5w1 - IRONSKY.PL Sklep z Dronami","isPartOf":{"@id":"https:\/\/ironsky.pl\/sklep\/#website"},"primaryImageOfPage":{"@id":"https:\/\/ironsky.pl\/sklep\/produkt\/hub-ugreen-cm478-5w1\/#primaryimage"},"image":{"@id":"https:\/\/ironsky.pl\/sklep\/produkt\/hub-ugreen-cm478-5w1\/#primaryimage"},"thumbnailUrl":"https:\/\/ironsky.pl\/sklep\/wp-content\/uploads\/2025\/06\/32838_2.jpg","datePublished":"2026-04-15T08:22:19+00:00","dateModified":"2026-04-15T08:22:31+00:00","description":"Hub UGREEN CM478 5w1 - \u2705 sklep z dronami i fachowym doradztwem. \u2705 Tutaj kupisz produkty DJI, Yuneec, Parrot, Syma i wiele innych, a tak\u017ce kursy i licencje na operatora drona.","breadcrumb":{"@id":"https:\/\/ironsky.pl\/sklep\/produkt\/hub-ugreen-cm478-5w1\/#breadcrumb"},"inLanguage":"pl-PL","potentialAction":[{"@type":"ReadAction","target":["https:\/\/ironsky.pl\/sklep\/produkt\/hub-ugreen-cm478-5w1\/"]}]},{"@type":"ImageObject","inLanguage":"pl-PL","@id":"https:\/\/ironsky.pl\/sklep\/produkt\/hub-ugreen-cm478-5w1\/#primaryimage","url":"https:\/\/ironsky.pl\/sklep\/wp-content\/uploads\/2025\/06\/32838_2.jpg","contentUrl":"https:\/\/ironsky.pl\/sklep\/wp-content\/uploads\/2025\/06\/32838_2.jpg","width":800,"height":800},{"@type":"BreadcrumbList","@id":"https:\/\/ironsky.pl\/sklep\/produkt\/hub-ugreen-cm478-5w1\/#breadcrumb","itemListElement":[{"@type":"ListItem","position":1,"name":"Strona g\u0142\u00f3wna","item":"https:\/\/ironsky.pl\/sklep\/"},{"@type":"ListItem","position":2,"name":"Wszystkie produkty","item":"https:\/\/ironsky.pl\/sklep\/produkty\/"},{"@type":"ListItem","position":3,"name":"Hub UGREEN CM478 5w1"}]},{"@type":"WebSite","@id":"https:\/\/ironsky.pl\/sklep\/#website","url":"https:\/\/ironsky.pl\/sklep\/","name":"IRONSKY.PL Sklep z Dronami","description":"IRONSKY.PL Sklep z Dronami","potentialAction":[{"@type":"SearchAction","target":{"@type":"EntryPoint","urlTemplate":"https:\/\/ironsky.pl\/sklep\/?s={search_term_string}"},"query-input":{"@type":"PropertyValueSpecification","valueRequired":true,"valueName":"search_term_string"}}],"inLanguage":"pl-PL"}]}},"_links":{"self":[{"href":"https:\/\/ironsky.pl\/sklep\/wp-json\/wp\/v2\/product\/57092","targetHints":{"allow":["GET"]}}],"collection":[{"href":"https:\/\/ironsky.pl\/sklep\/wp-json\/wp\/v2\/product"}],"about":[{"href":"https:\/\/ironsky.pl\/sklep\/wp-json\/wp\/v2\/types\/product"}],"replies":[{"embeddable":true,"href":"https:\/\/ironsky.pl\/sklep\/wp-json\/wp\/v2\/comments?post=57092"}],"wp:featuredmedia":[{"embeddable":true,"href":"https:\/\/ironsky.pl\/sklep\/wp-json\/wp\/v2\/media\/42986"}],"wp:attachment":[{"href":"https:\/\/ironsky.pl\/sklep\/wp-json\/wp\/v2\/media?parent=57092"}],"wp:term":[{"taxonomy":"product_brand","embeddable":true,"href":"https:\/\/ironsky.pl\/sklep\/wp-json\/wp\/v2\/product_brand?post=57092"},{"taxonomy":"product_cat","embeddable":true,"href":"https:\/\/ironsky.pl\/sklep\/wp-json\/wp\/v2\/product_cat?post=57092"},{"taxonomy":"product_tag","embeddable":true,"href":"https:\/\/ironsky.pl\/sklep\/wp-json\/wp\/v2\/product_tag?post=57092"}],"curies":[{"name":"wp","href":"https:\/\/api.w.org\/{rel}","templated":true}]}}