{"id":57091,"date":"2026-04-15T10:22:19","date_gmt":"2026-04-15T08:22:19","guid":{"rendered":"https:\/\/ironsky.pl\/sklep\/produkt\/hub-ugreen-revodok-cm511-6-portowy\/"},"modified":"2026-04-15T10:22:30","modified_gmt":"2026-04-15T08:22:30","slug":"hub-ugreen-revodok-cm511-6-portowy","status":"publish","type":"product","link":"https:\/\/ironsky.pl\/sklep\/produkt\/hub-ugreen-revodok-cm511-6-portowy\/","title":{"rendered":"Hub UGREEN Revodok CM511 6-portowy"},"content":{"rendered":"<h3>Adapter HUB UGREEN CM511 USB-C do HDMI, 3x USB-A 3.0, SD\/TF<\/h3>\n<p>Tw\u00f3j laptop ma za ma\u0142o port\u00f3w? Wypr\u00f3buj wielofunkcyjny hub UGREEN CM511, za pomoc\u0105 kt\u00f3rego w prosty spos\u00f3b zwi\u0119kszysz mo\u017cliwo\u015bci swojego komputera! Urz\u0105dzenie zosta\u0142o wyposa\u017cone w kilka port\u00f3w takich jak HDMI, 3x USB-A 3.0 oraz wloty na karty SD\/TF. Umo\u017cliwia transfer danych z pr\u0119dko\u015bci\u0105 do 5 Gbps, dzi\u0119ki czemu w mgnieniu oka prze\u015blesz dokumenty pomi\u0119dzy urz\u0105dzeniami! Rozszerz swoje mo\u017cliwo\u015bci z UGREEN!<\/p>\n<p><img decoding=\"async\" src=\"https:\/\/b2b.innpro.pl\/data\/include\/cms\/012UGREEN\/20956A\/1.jpg\" alt=\"012UGREEN\/20956A\/1\"><\/p>\n<h3>Zamie\u0144 jeden port w kilka<\/h3>\n<p>Zwi\u0119kszenie mo\u017cliwo\u015bci komputera jest prostsze, ni\u017c mo\u017ce si\u0119 wydawa\u0107! Niewielki hub marki UGREEN zosta\u0142 wyposa\u017cony w 3 porty USB-A 3.0, za pomoc\u0105 kt\u00f3rych z \u0142atwo\u015bci\u0105 pod\u0142\u0105czysz do laptopa na przyk\u0142ad pendrive\u2019a lub telefon. Co wi\u0119cej, gniazdo HDMI umo\u017cliwia wy\u015bwietlanie zdj\u0119\u0107, film\u00f3w czy prezentacji na du\u017cym ekranie. Dodatkowo mo\u017cesz tak\u017ce w\u0142o\u017cy\u0107 do niego karty SD\/TF i cieszy\u0107 si\u0119 swoimi plikami na laptopie!<\/p>\n<p><img decoding=\"async\" src=\"https:\/\/b2b.innpro.pl\/data\/include\/cms\/012UGREEN\/20956A\/2.jpg\" alt=\"012UGREEN\/20956A\/2\"><\/p>\n<h3>B\u0142yskawiczny transfer danych <\/h3>\n<p>Po\u017cegnaj ci\u0105gn\u0105ce si\u0119 w niesko\u0144czono\u015b\u0107 przesy\u0142anie plik\u00f3w. Hub zosta\u0142 wyposa\u017cony w porty USB-A 3.0, kt\u00f3re umo\u017cliwiaj\u0105 transfer danych z pr\u0119dko\u015bci\u0105 si\u0119gaj\u0105c\u0105 5 Gbps. Teraz wystarczy kilka chwil, aby przes\u0142a\u0107 wszystkie potrzebne zdj\u0119cia, filmy, dokumenty czy pliki d\u017awi\u0119kowe w wysokiej rozdzielczo\u015bci.<\/p>\n<p><img decoding=\"async\" src=\"https:\/\/b2b.innpro.pl\/data\/include\/cms\/012UGREEN\/20956A\/3.jpg\" alt=\"012UGREEN\/20956A\/3\"><\/p>\n<h3>Szeroka kompatybilno\u015b\u0107<\/h3>\n<p>Niewa\u017cne, z jakiego sprz\u0119tu u\u017cywasz \u2014 hub UGREEN CM511 z pewno\u015bci\u0105 Ci\u0119 nie zawiedzie. Produkt jest kompatybilny z wi\u0119kszo\u015bci\u0105 dost\u0119pnych na rynku urz\u0105dze\u0144 popularnych marek. Pod\u0142\u0105czy\u0107 do niego jednakowo myszk\u0119, klawiatur\u0119, monitor czy laptop. Doskonale wsp\u00f3\u0142pracuje z systemami operacyjnymi takimi jak Windows, Mac OS czy Linux.<\/p>\n<p><img decoding=\"async\" src=\"https:\/\/b2b.innpro.pl\/data\/include\/cms\/012UGREEN\/20956A\/4.jpg\" alt=\"012UGREEN\/20956A\/4\"><\/p>\n<div class=\"table-wrapper\">\n<table>\n<tbody>\n<tr>\n<th>Producent <\/th>\n<td>UGREEN<\/td>\n<\/tr>\n<tr>\n<th>Model<\/th>\n<td>20956A \/ CM511<\/td>\n<\/tr>\n<tr>\n<th>Wej\u015bcie <\/th>\n<td>USB-C<\/td>\n<\/tr>\n<tr>\n<th>Wyj\u015bcie <\/th>\n<td>1x HDMI, 3x USB-A 3.0, porty na karty SD\/TF<\/td>\n<\/tr>\n<tr>\n<th>Transfer danych na USB-A<\/th>\n<td>do 5 Gbps<\/td>\n<\/tr>\n<tr>\n<th>Kompatybilne systemy <\/th>\n<td>Windows, Mac OS, Linux<\/td>\n<\/tr>\n<\/tbody>\n<\/table>\n<\/div>\n","protected":false},"excerpt":{"rendered":"<p>Adapter HUB UGREEN CM511 USB-C do HDMI, 3x USB-A 3.0, SD\/TF Tw\u00f3j laptop ma za ma\u0142o port\u00f3w? Wypr\u00f3buj wielofunkcyjny hub<\/p>\n","protected":false},"featured_media":42982,"comment_status":"closed","ping_status":"open","template":"","meta":{"_acf_changed":false},"product_brand":[],"product_cat":[5929,5934],"product_tag":[],"class_list":{"0":"post-57091","1":"product","2":"type-product","3":"status-publish","4":"has-post-thumbnail","6":"product_cat-akcesoria-it","7":"product_cat-huby","8":"pa_okres-gwarancji-5757","9":"pa_producent-ugreen","11":"first","12":"outofstock","13":"taxable","14":"shipping-taxable","15":"purchasable","16":"product-type-simple"},"acf":[],"yoast_head":"<!-- This site is optimized with the Yoast SEO plugin v27.2 - https:\/\/yoast.com\/product\/yoast-seo-wordpress\/ -->\n<title>Hub UGREEN Revodok CM511 6-portowy - IRONSKY.PL Sklep z Dronami<\/title>\n<meta name=\"description\" content=\"Hub UGREEN Revodok CM511 6-portowy - \u2705 sklep z dronami i fachowym doradztwem. \u2705 Tutaj kupisz produkty DJI, Yuneec, Parrot, Syma i wiele innych, a tak\u017ce kursy i licencje na operatora drona.\" \/>\n<meta name=\"robots\" content=\"index, follow, max-snippet:-1, max-image-preview:large, max-video-preview:-1\" \/>\n<link rel=\"canonical\" href=\"https:\/\/ironsky.pl\/sklep\/produkt\/hub-ugreen-revodok-cm511-6-portowy\/\" \/>\n<meta property=\"og:locale\" content=\"pl_PL\" \/>\n<meta property=\"og:type\" content=\"article\" \/>\n<meta property=\"og:title\" content=\"Hub UGREEN Revodok CM511 6-portowy - IRONSKY.PL Sklep z Dronami\" \/>\n<meta property=\"og:description\" content=\"Hub UGREEN Revodok CM511 6-portowy - \u2705 sklep z dronami i fachowym doradztwem. \u2705 Tutaj kupisz produkty DJI, Yuneec, Parrot, Syma i wiele innych, a tak\u017ce kursy i licencje na operatora drona.\" \/>\n<meta property=\"og:url\" content=\"https:\/\/ironsky.pl\/sklep\/produkt\/hub-ugreen-revodok-cm511-6-portowy\/\" \/>\n<meta property=\"og:site_name\" content=\"IRONSKY.PL Sklep z Dronami\" \/>\n<meta property=\"article:modified_time\" content=\"2026-04-15T08:22:30+00:00\" \/>\n<meta property=\"og:image\" content=\"https:\/\/ironsky.pl\/sklep\/wp-content\/uploads\/2025\/06\/32837_1.jpg\" \/>\n\t<meta property=\"og:image:width\" content=\"800\" \/>\n\t<meta property=\"og:image:height\" content=\"800\" \/>\n\t<meta property=\"og:image:type\" content=\"image\/jpeg\" \/>\n<meta name=\"twitter:card\" content=\"summary_large_image\" \/>\n<meta name=\"twitter:label1\" content=\"Szacowany czas czytania\" \/>\n\t<meta name=\"twitter:data1\" content=\"2 minuty\" \/>\n<script type=\"application\/ld+json\" class=\"yoast-schema-graph\">{\"@context\":\"https:\/\/schema.org\",\"@graph\":[{\"@type\":\"WebPage\",\"@id\":\"https:\/\/ironsky.pl\/sklep\/produkt\/hub-ugreen-revodok-cm511-6-portowy\/\",\"url\":\"https:\/\/ironsky.pl\/sklep\/produkt\/hub-ugreen-revodok-cm511-6-portowy\/\",\"name\":\"Hub UGREEN Revodok CM511 6-portowy - IRONSKY.PL Sklep z Dronami\",\"isPartOf\":{\"@id\":\"https:\/\/ironsky.pl\/sklep\/#website\"},\"primaryImageOfPage\":{\"@id\":\"https:\/\/ironsky.pl\/sklep\/produkt\/hub-ugreen-revodok-cm511-6-portowy\/#primaryimage\"},\"image\":{\"@id\":\"https:\/\/ironsky.pl\/sklep\/produkt\/hub-ugreen-revodok-cm511-6-portowy\/#primaryimage\"},\"thumbnailUrl\":\"https:\/\/ironsky.pl\/sklep\/wp-content\/uploads\/2025\/06\/32837_1.jpg\",\"datePublished\":\"2026-04-15T08:22:19+00:00\",\"dateModified\":\"2026-04-15T08:22:30+00:00\",\"description\":\"Hub UGREEN Revodok CM511 6-portowy - \u2705 sklep z dronami i fachowym doradztwem. \u2705 Tutaj kupisz produkty DJI, Yuneec, Parrot, Syma i wiele innych, a tak\u017ce kursy i licencje na operatora drona.\",\"breadcrumb\":{\"@id\":\"https:\/\/ironsky.pl\/sklep\/produkt\/hub-ugreen-revodok-cm511-6-portowy\/#breadcrumb\"},\"inLanguage\":\"pl-PL\",\"potentialAction\":[{\"@type\":\"ReadAction\",\"target\":[\"https:\/\/ironsky.pl\/sklep\/produkt\/hub-ugreen-revodok-cm511-6-portowy\/\"]}]},{\"@type\":\"ImageObject\",\"inLanguage\":\"pl-PL\",\"@id\":\"https:\/\/ironsky.pl\/sklep\/produkt\/hub-ugreen-revodok-cm511-6-portowy\/#primaryimage\",\"url\":\"https:\/\/ironsky.pl\/sklep\/wp-content\/uploads\/2025\/06\/32837_1.jpg\",\"contentUrl\":\"https:\/\/ironsky.pl\/sklep\/wp-content\/uploads\/2025\/06\/32837_1.jpg\",\"width\":800,\"height\":800},{\"@type\":\"BreadcrumbList\",\"@id\":\"https:\/\/ironsky.pl\/sklep\/produkt\/hub-ugreen-revodok-cm511-6-portowy\/#breadcrumb\",\"itemListElement\":[{\"@type\":\"ListItem\",\"position\":1,\"name\":\"Strona g\u0142\u00f3wna\",\"item\":\"https:\/\/ironsky.pl\/sklep\/\"},{\"@type\":\"ListItem\",\"position\":2,\"name\":\"Wszystkie produkty\",\"item\":\"https:\/\/ironsky.pl\/sklep\/produkty\/\"},{\"@type\":\"ListItem\",\"position\":3,\"name\":\"Hub UGREEN Revodok CM511 6-portowy\"}]},{\"@type\":\"WebSite\",\"@id\":\"https:\/\/ironsky.pl\/sklep\/#website\",\"url\":\"https:\/\/ironsky.pl\/sklep\/\",\"name\":\"IRONSKY.PL Sklep z Dronami\",\"description\":\"IRONSKY.PL Sklep z Dronami\",\"potentialAction\":[{\"@type\":\"SearchAction\",\"target\":{\"@type\":\"EntryPoint\",\"urlTemplate\":\"https:\/\/ironsky.pl\/sklep\/?s={search_term_string}\"},\"query-input\":{\"@type\":\"PropertyValueSpecification\",\"valueRequired\":true,\"valueName\":\"search_term_string\"}}],\"inLanguage\":\"pl-PL\"}]}<\/script>\n<!-- \/ Yoast SEO plugin. -->","yoast_head_json":{"title":"Hub UGREEN Revodok CM511 6-portowy - IRONSKY.PL Sklep z Dronami","description":"Hub UGREEN Revodok CM511 6-portowy - \u2705 sklep z dronami i fachowym doradztwem. \u2705 Tutaj kupisz produkty DJI, Yuneec, Parrot, Syma i wiele innych, a tak\u017ce kursy i licencje na operatora drona.","robots":{"index":"index","follow":"follow","max-snippet":"max-snippet:-1","max-image-preview":"max-image-preview:large","max-video-preview":"max-video-preview:-1"},"canonical":"https:\/\/ironsky.pl\/sklep\/produkt\/hub-ugreen-revodok-cm511-6-portowy\/","og_locale":"pl_PL","og_type":"article","og_title":"Hub UGREEN Revodok CM511 6-portowy - IRONSKY.PL Sklep z Dronami","og_description":"Hub UGREEN Revodok CM511 6-portowy - \u2705 sklep z dronami i fachowym doradztwem. \u2705 Tutaj kupisz produkty DJI, Yuneec, Parrot, Syma i wiele innych, a tak\u017ce kursy i licencje na operatora drona.","og_url":"https:\/\/ironsky.pl\/sklep\/produkt\/hub-ugreen-revodok-cm511-6-portowy\/","og_site_name":"IRONSKY.PL Sklep z Dronami","article_modified_time":"2026-04-15T08:22:30+00:00","og_image":[{"width":800,"height":800,"url":"https:\/\/ironsky.pl\/sklep\/wp-content\/uploads\/2025\/06\/32837_1.jpg","type":"image\/jpeg"}],"twitter_card":"summary_large_image","twitter_misc":{"Szacowany czas czytania":"2 minuty"},"schema":{"@context":"https:\/\/schema.org","@graph":[{"@type":"WebPage","@id":"https:\/\/ironsky.pl\/sklep\/produkt\/hub-ugreen-revodok-cm511-6-portowy\/","url":"https:\/\/ironsky.pl\/sklep\/produkt\/hub-ugreen-revodok-cm511-6-portowy\/","name":"Hub UGREEN Revodok CM511 6-portowy - IRONSKY.PL Sklep z Dronami","isPartOf":{"@id":"https:\/\/ironsky.pl\/sklep\/#website"},"primaryImageOfPage":{"@id":"https:\/\/ironsky.pl\/sklep\/produkt\/hub-ugreen-revodok-cm511-6-portowy\/#primaryimage"},"image":{"@id":"https:\/\/ironsky.pl\/sklep\/produkt\/hub-ugreen-revodok-cm511-6-portowy\/#primaryimage"},"thumbnailUrl":"https:\/\/ironsky.pl\/sklep\/wp-content\/uploads\/2025\/06\/32837_1.jpg","datePublished":"2026-04-15T08:22:19+00:00","dateModified":"2026-04-15T08:22:30+00:00","description":"Hub UGREEN Revodok CM511 6-portowy - \u2705 sklep z dronami i fachowym doradztwem. \u2705 Tutaj kupisz produkty DJI, Yuneec, Parrot, Syma i wiele innych, a tak\u017ce kursy i licencje na operatora drona.","breadcrumb":{"@id":"https:\/\/ironsky.pl\/sklep\/produkt\/hub-ugreen-revodok-cm511-6-portowy\/#breadcrumb"},"inLanguage":"pl-PL","potentialAction":[{"@type":"ReadAction","target":["https:\/\/ironsky.pl\/sklep\/produkt\/hub-ugreen-revodok-cm511-6-portowy\/"]}]},{"@type":"ImageObject","inLanguage":"pl-PL","@id":"https:\/\/ironsky.pl\/sklep\/produkt\/hub-ugreen-revodok-cm511-6-portowy\/#primaryimage","url":"https:\/\/ironsky.pl\/sklep\/wp-content\/uploads\/2025\/06\/32837_1.jpg","contentUrl":"https:\/\/ironsky.pl\/sklep\/wp-content\/uploads\/2025\/06\/32837_1.jpg","width":800,"height":800},{"@type":"BreadcrumbList","@id":"https:\/\/ironsky.pl\/sklep\/produkt\/hub-ugreen-revodok-cm511-6-portowy\/#breadcrumb","itemListElement":[{"@type":"ListItem","position":1,"name":"Strona g\u0142\u00f3wna","item":"https:\/\/ironsky.pl\/sklep\/"},{"@type":"ListItem","position":2,"name":"Wszystkie produkty","item":"https:\/\/ironsky.pl\/sklep\/produkty\/"},{"@type":"ListItem","position":3,"name":"Hub UGREEN Revodok CM511 6-portowy"}]},{"@type":"WebSite","@id":"https:\/\/ironsky.pl\/sklep\/#website","url":"https:\/\/ironsky.pl\/sklep\/","name":"IRONSKY.PL Sklep z Dronami","description":"IRONSKY.PL Sklep z Dronami","potentialAction":[{"@type":"SearchAction","target":{"@type":"EntryPoint","urlTemplate":"https:\/\/ironsky.pl\/sklep\/?s={search_term_string}"},"query-input":{"@type":"PropertyValueSpecification","valueRequired":true,"valueName":"search_term_string"}}],"inLanguage":"pl-PL"}]}},"_links":{"self":[{"href":"https:\/\/ironsky.pl\/sklep\/wp-json\/wp\/v2\/product\/57091","targetHints":{"allow":["GET"]}}],"collection":[{"href":"https:\/\/ironsky.pl\/sklep\/wp-json\/wp\/v2\/product"}],"about":[{"href":"https:\/\/ironsky.pl\/sklep\/wp-json\/wp\/v2\/types\/product"}],"replies":[{"embeddable":true,"href":"https:\/\/ironsky.pl\/sklep\/wp-json\/wp\/v2\/comments?post=57091"}],"wp:featuredmedia":[{"embeddable":true,"href":"https:\/\/ironsky.pl\/sklep\/wp-json\/wp\/v2\/media\/42982"}],"wp:attachment":[{"href":"https:\/\/ironsky.pl\/sklep\/wp-json\/wp\/v2\/media?parent=57091"}],"wp:term":[{"taxonomy":"product_brand","embeddable":true,"href":"https:\/\/ironsky.pl\/sklep\/wp-json\/wp\/v2\/product_brand?post=57091"},{"taxonomy":"product_cat","embeddable":true,"href":"https:\/\/ironsky.pl\/sklep\/wp-json\/wp\/v2\/product_cat?post=57091"},{"taxonomy":"product_tag","embeddable":true,"href":"https:\/\/ironsky.pl\/sklep\/wp-json\/wp\/v2\/product_tag?post=57091"}],"curies":[{"name":"wp","href":"https:\/\/api.w.org\/{rel}","templated":true}]}}