{"id":57088,"date":"2026-04-15T10:22:19","date_gmt":"2026-04-15T08:22:19","guid":{"rendered":"https:\/\/ironsky.pl\/sklep\/produkt\/plecak-fotograficzny-puluz-pu5017b-wodoodporny\/"},"modified":"2026-04-15T10:22:28","modified_gmt":"2026-04-15T08:22:28","slug":"plecak-fotograficzny-puluz-pu5017b-wodoodporny","status":"publish","type":"product","link":"https:\/\/ironsky.pl\/sklep\/produkt\/plecak-fotograficzny-puluz-pu5017b-wodoodporny\/","title":{"rendered":"Plecak fotograficzny PULUZ PU5017B wodoodporny"},"content":{"rendered":"<h3>Plecak fotograficzny Puluz wodoodporny PU5017B<\/h3>\n<p>Plecak fotograficzny Puluz wyr\u00f3\u017cnia si\u0119 du\u017c\u0105 pojemno\u015bci\u0105, dzi\u0119ki czemu z \u0142atwo\u015bci\u0105 spakujesz do niego niezb\u0119dny sprz\u0119t i akcesoria. Specjalne kieszenie pozwalaj\u0105 zachowa\u0107 porz\u0105dek, a wysuwana przegr\u00f3dka zapewnia szybki i wygodny dost\u0119p do aparatu i obiektyw\u00f3w \u2013 nie przegapisz zatem wyj\u0105tkowego uj\u0119cia. Co wi\u0119cej, gwarantuje komfort u\u017cytkowania i jest odporny na wod\u0119, dzi\u0119ki czemu chroni znajduj\u0105cy si\u0119 wewn\u0105trz sprz\u0119t przed uszkodzeniem.<\/p>\n<p><img decoding=\"async\" src=\"https:\/\/b2b.innpro.pl\/data\/include\/cms\/02Puluz\/PU5017B\/5.jpg\" alt=\"02Puluz\/PU5017B\/5\"><\/p>\n<h3>Du\u017ca pojemno\u015b\u0107<\/h3>\n<p>Puluz PU5017B z powodzeniem pomie\u015bci potrzebny Ci sprz\u0119t do fotografowania. Dzi\u0119ki du\u017cej pojemno\u015bci przechowasz w nim nie tylko aparat, ale r\u00f3wnie\u017c 2 dodatkowe obiektywy, laptop o przek\u0105tnej ekranu 14\u201d, butelk\u0119 wody, tablet, smartfon, okulary przeciws\u0142oneczne, tripod i wiele innych. <\/p>\n<p><img decoding=\"async\" src=\"https:\/\/b2b.innpro.pl\/data\/include\/cms\/02Puluz\/PU5017B\/3.jpg\" alt=\"02Puluz\/PU5017B\/3\"><\/p>\n<h3>Wytrzyma\u0142a i ergonomiczna konstrukcja<\/h3>\n<p>Plecak powsta\u0142 z wytrzyma\u0142ych materia\u0142\u00f3w, dzi\u0119ki czemu jest odporny na wod\u0119 i zu\u017cycie. Dodatkowo metalowy zamek b\u0142yskawiczny zapewnia dodatkow\u0105 ochron\u0119 sprz\u0119tu, a szelki z mi\u0119kkiego i oddychaj\u0105cego materia\u0142u odpowiadaj\u0105 za komfort u\u017cytkowania. Ponadto specjalny pasek umo\u017cliwia zapi\u0119cie plecaka z przodu lub przymocowanie go do uchwytu walizki. Mo\u017cesz go zatem zabra\u0107 ze sob\u0105 w podr\u00f3\u017c i cieszy\u0107 si\u0119 d\u0142ugotrwa\u0142ym komfortem.<\/p>\n<p><img decoding=\"async\" src=\"https:\/\/b2b.innpro.pl\/data\/include\/cms\/02Puluz\/PU5017B\/4.jpg\" alt=\"02Puluz\/PU5017B\/4\"><\/p>\n<div class=\"table-wrapper\">\n<table>\n<tbody>\n<tr>\n<th>Producent<\/th>\n<td>Puluz<\/td>\n<\/tr>\n<tr>\n<th>Model<\/th>\n<td>PU5017B<\/td>\n<\/tr>\n<tr>\n<th>Kolor<\/th>\n<td>czarny<\/td>\n<\/tr>\n<tr>\n<th>Wymiary<\/th>\n<td>41 x 31 x 20 cm<\/td>\n<\/tr>\n<\/tbody>\n<\/table>\n<\/div>\n","protected":false},"excerpt":{"rendered":"<p>Plecak fotograficzny Puluz wodoodporny PU5017B Plecak fotograficzny Puluz wyr\u00f3\u017cnia si\u0119 du\u017c\u0105 pojemno\u015bci\u0105, dzi\u0119ki czemu z \u0142atwo\u015bci\u0105 spakujesz do niego niezb\u0119dny<\/p>\n","protected":false},"featured_media":57089,"comment_status":"closed","ping_status":"open","template":"","meta":{"_acf_changed":false},"product_brand":[],"product_cat":[1128,6185,6172],"product_tag":[],"class_list":{"0":"post-57088","1":"product","2":"type-product","3":"status-publish","4":"has-post-thumbnail","6":"product_cat-foto-wideo","7":"product_cat-plecaki","8":"product_cat-przechowywanie-i-transport","9":"pa_okres-gwarancji-5754","10":"pa_producent-puluz","12":"first","13":"outofstock","14":"taxable","15":"shipping-taxable","16":"purchasable","17":"product-type-simple"},"acf":[],"yoast_head":"<!-- This site is optimized with the Yoast SEO plugin v27.2 - https:\/\/yoast.com\/product\/yoast-seo-wordpress\/ -->\n<title>Plecak fotograficzny PULUZ PU5017B wodoodporny - IRONSKY.PL Sklep z Dronami<\/title>\n<meta name=\"description\" content=\"Plecak fotograficzny PULUZ PU5017B wodoodporny - \u2705 sklep z dronami i fachowym doradztwem. \u2705 Tutaj kupisz produkty DJI, Yuneec, Parrot, Syma i wiele innych, a tak\u017ce kursy i licencje na operatora drona.\" \/>\n<meta name=\"robots\" content=\"index, follow, max-snippet:-1, max-image-preview:large, max-video-preview:-1\" \/>\n<link rel=\"canonical\" href=\"https:\/\/ironsky.pl\/sklep\/produkt\/plecak-fotograficzny-puluz-pu5017b-wodoodporny\/\" \/>\n<meta property=\"og:locale\" content=\"pl_PL\" \/>\n<meta property=\"og:type\" content=\"article\" \/>\n<meta property=\"og:title\" content=\"Plecak fotograficzny PULUZ PU5017B wodoodporny - IRONSKY.PL Sklep z Dronami\" \/>\n<meta property=\"og:description\" content=\"Plecak fotograficzny PULUZ PU5017B wodoodporny - \u2705 sklep z dronami i fachowym doradztwem. \u2705 Tutaj kupisz produkty DJI, Yuneec, Parrot, Syma i wiele innych, a tak\u017ce kursy i licencje na operatora drona.\" \/>\n<meta property=\"og:url\" content=\"https:\/\/ironsky.pl\/sklep\/produkt\/plecak-fotograficzny-puluz-pu5017b-wodoodporny\/\" \/>\n<meta property=\"og:site_name\" content=\"IRONSKY.PL Sklep z Dronami\" \/>\n<meta property=\"article:modified_time\" content=\"2026-04-15T08:22:28+00:00\" \/>\n<meta property=\"og:image\" content=\"https:\/\/ironsky.pl\/sklep\/wp-content\/uploads\/2026\/04\/32804_1.jpg\" \/>\n\t<meta property=\"og:image:width\" content=\"800\" \/>\n\t<meta property=\"og:image:height\" content=\"800\" \/>\n\t<meta property=\"og:image:type\" content=\"image\/jpeg\" \/>\n<meta name=\"twitter:card\" content=\"summary_large_image\" \/>\n<meta name=\"twitter:label1\" content=\"Szacowany czas czytania\" \/>\n\t<meta name=\"twitter:data1\" content=\"1 minuta\" \/>\n<script type=\"application\/ld+json\" class=\"yoast-schema-graph\">{\"@context\":\"https:\/\/schema.org\",\"@graph\":[{\"@type\":\"WebPage\",\"@id\":\"https:\/\/ironsky.pl\/sklep\/produkt\/plecak-fotograficzny-puluz-pu5017b-wodoodporny\/\",\"url\":\"https:\/\/ironsky.pl\/sklep\/produkt\/plecak-fotograficzny-puluz-pu5017b-wodoodporny\/\",\"name\":\"Plecak fotograficzny PULUZ PU5017B wodoodporny - IRONSKY.PL Sklep z Dronami\",\"isPartOf\":{\"@id\":\"https:\/\/ironsky.pl\/sklep\/#website\"},\"primaryImageOfPage\":{\"@id\":\"https:\/\/ironsky.pl\/sklep\/produkt\/plecak-fotograficzny-puluz-pu5017b-wodoodporny\/#primaryimage\"},\"image\":{\"@id\":\"https:\/\/ironsky.pl\/sklep\/produkt\/plecak-fotograficzny-puluz-pu5017b-wodoodporny\/#primaryimage\"},\"thumbnailUrl\":\"https:\/\/ironsky.pl\/sklep\/wp-content\/uploads\/2026\/04\/32804_1.jpg\",\"datePublished\":\"2026-04-15T08:22:19+00:00\",\"dateModified\":\"2026-04-15T08:22:28+00:00\",\"description\":\"Plecak fotograficzny PULUZ PU5017B wodoodporny - \u2705 sklep z dronami i fachowym doradztwem. \u2705 Tutaj kupisz produkty DJI, Yuneec, Parrot, Syma i wiele innych, a tak\u017ce kursy i licencje na operatora drona.\",\"breadcrumb\":{\"@id\":\"https:\/\/ironsky.pl\/sklep\/produkt\/plecak-fotograficzny-puluz-pu5017b-wodoodporny\/#breadcrumb\"},\"inLanguage\":\"pl-PL\",\"potentialAction\":[{\"@type\":\"ReadAction\",\"target\":[\"https:\/\/ironsky.pl\/sklep\/produkt\/plecak-fotograficzny-puluz-pu5017b-wodoodporny\/\"]}]},{\"@type\":\"ImageObject\",\"inLanguage\":\"pl-PL\",\"@id\":\"https:\/\/ironsky.pl\/sklep\/produkt\/plecak-fotograficzny-puluz-pu5017b-wodoodporny\/#primaryimage\",\"url\":\"https:\/\/ironsky.pl\/sklep\/wp-content\/uploads\/2026\/04\/32804_1.jpg\",\"contentUrl\":\"https:\/\/ironsky.pl\/sklep\/wp-content\/uploads\/2026\/04\/32804_1.jpg\",\"width\":800,\"height\":800},{\"@type\":\"BreadcrumbList\",\"@id\":\"https:\/\/ironsky.pl\/sklep\/produkt\/plecak-fotograficzny-puluz-pu5017b-wodoodporny\/#breadcrumb\",\"itemListElement\":[{\"@type\":\"ListItem\",\"position\":1,\"name\":\"Strona g\u0142\u00f3wna\",\"item\":\"https:\/\/ironsky.pl\/sklep\/\"},{\"@type\":\"ListItem\",\"position\":2,\"name\":\"Wszystkie produkty\",\"item\":\"https:\/\/ironsky.pl\/sklep\/produkty\/\"},{\"@type\":\"ListItem\",\"position\":3,\"name\":\"Plecak fotograficzny PULUZ PU5017B wodoodporny\"}]},{\"@type\":\"WebSite\",\"@id\":\"https:\/\/ironsky.pl\/sklep\/#website\",\"url\":\"https:\/\/ironsky.pl\/sklep\/\",\"name\":\"IRONSKY.PL Sklep z Dronami\",\"description\":\"IRONSKY.PL Sklep z Dronami\",\"potentialAction\":[{\"@type\":\"SearchAction\",\"target\":{\"@type\":\"EntryPoint\",\"urlTemplate\":\"https:\/\/ironsky.pl\/sklep\/?s={search_term_string}\"},\"query-input\":{\"@type\":\"PropertyValueSpecification\",\"valueRequired\":true,\"valueName\":\"search_term_string\"}}],\"inLanguage\":\"pl-PL\"}]}<\/script>\n<!-- \/ Yoast SEO plugin. -->","yoast_head_json":{"title":"Plecak fotograficzny PULUZ PU5017B wodoodporny - IRONSKY.PL Sklep z Dronami","description":"Plecak fotograficzny PULUZ PU5017B wodoodporny - \u2705 sklep z dronami i fachowym doradztwem. \u2705 Tutaj kupisz produkty DJI, Yuneec, Parrot, Syma i wiele innych, a tak\u017ce kursy i licencje na operatora drona.","robots":{"index":"index","follow":"follow","max-snippet":"max-snippet:-1","max-image-preview":"max-image-preview:large","max-video-preview":"max-video-preview:-1"},"canonical":"https:\/\/ironsky.pl\/sklep\/produkt\/plecak-fotograficzny-puluz-pu5017b-wodoodporny\/","og_locale":"pl_PL","og_type":"article","og_title":"Plecak fotograficzny PULUZ PU5017B wodoodporny - IRONSKY.PL Sklep z Dronami","og_description":"Plecak fotograficzny PULUZ PU5017B wodoodporny - \u2705 sklep z dronami i fachowym doradztwem. \u2705 Tutaj kupisz produkty DJI, Yuneec, Parrot, Syma i wiele innych, a tak\u017ce kursy i licencje na operatora drona.","og_url":"https:\/\/ironsky.pl\/sklep\/produkt\/plecak-fotograficzny-puluz-pu5017b-wodoodporny\/","og_site_name":"IRONSKY.PL Sklep z Dronami","article_modified_time":"2026-04-15T08:22:28+00:00","og_image":[{"width":800,"height":800,"url":"https:\/\/ironsky.pl\/sklep\/wp-content\/uploads\/2026\/04\/32804_1.jpg","type":"image\/jpeg"}],"twitter_card":"summary_large_image","twitter_misc":{"Szacowany czas czytania":"1 minuta"},"schema":{"@context":"https:\/\/schema.org","@graph":[{"@type":"WebPage","@id":"https:\/\/ironsky.pl\/sklep\/produkt\/plecak-fotograficzny-puluz-pu5017b-wodoodporny\/","url":"https:\/\/ironsky.pl\/sklep\/produkt\/plecak-fotograficzny-puluz-pu5017b-wodoodporny\/","name":"Plecak fotograficzny PULUZ PU5017B wodoodporny - IRONSKY.PL Sklep z Dronami","isPartOf":{"@id":"https:\/\/ironsky.pl\/sklep\/#website"},"primaryImageOfPage":{"@id":"https:\/\/ironsky.pl\/sklep\/produkt\/plecak-fotograficzny-puluz-pu5017b-wodoodporny\/#primaryimage"},"image":{"@id":"https:\/\/ironsky.pl\/sklep\/produkt\/plecak-fotograficzny-puluz-pu5017b-wodoodporny\/#primaryimage"},"thumbnailUrl":"https:\/\/ironsky.pl\/sklep\/wp-content\/uploads\/2026\/04\/32804_1.jpg","datePublished":"2026-04-15T08:22:19+00:00","dateModified":"2026-04-15T08:22:28+00:00","description":"Plecak fotograficzny PULUZ PU5017B wodoodporny - \u2705 sklep z dronami i fachowym doradztwem. \u2705 Tutaj kupisz produkty DJI, Yuneec, Parrot, Syma i wiele innych, a tak\u017ce kursy i licencje na operatora drona.","breadcrumb":{"@id":"https:\/\/ironsky.pl\/sklep\/produkt\/plecak-fotograficzny-puluz-pu5017b-wodoodporny\/#breadcrumb"},"inLanguage":"pl-PL","potentialAction":[{"@type":"ReadAction","target":["https:\/\/ironsky.pl\/sklep\/produkt\/plecak-fotograficzny-puluz-pu5017b-wodoodporny\/"]}]},{"@type":"ImageObject","inLanguage":"pl-PL","@id":"https:\/\/ironsky.pl\/sklep\/produkt\/plecak-fotograficzny-puluz-pu5017b-wodoodporny\/#primaryimage","url":"https:\/\/ironsky.pl\/sklep\/wp-content\/uploads\/2026\/04\/32804_1.jpg","contentUrl":"https:\/\/ironsky.pl\/sklep\/wp-content\/uploads\/2026\/04\/32804_1.jpg","width":800,"height":800},{"@type":"BreadcrumbList","@id":"https:\/\/ironsky.pl\/sklep\/produkt\/plecak-fotograficzny-puluz-pu5017b-wodoodporny\/#breadcrumb","itemListElement":[{"@type":"ListItem","position":1,"name":"Strona g\u0142\u00f3wna","item":"https:\/\/ironsky.pl\/sklep\/"},{"@type":"ListItem","position":2,"name":"Wszystkie produkty","item":"https:\/\/ironsky.pl\/sklep\/produkty\/"},{"@type":"ListItem","position":3,"name":"Plecak fotograficzny PULUZ PU5017B wodoodporny"}]},{"@type":"WebSite","@id":"https:\/\/ironsky.pl\/sklep\/#website","url":"https:\/\/ironsky.pl\/sklep\/","name":"IRONSKY.PL Sklep z Dronami","description":"IRONSKY.PL Sklep z Dronami","potentialAction":[{"@type":"SearchAction","target":{"@type":"EntryPoint","urlTemplate":"https:\/\/ironsky.pl\/sklep\/?s={search_term_string}"},"query-input":{"@type":"PropertyValueSpecification","valueRequired":true,"valueName":"search_term_string"}}],"inLanguage":"pl-PL"}]}},"_links":{"self":[{"href":"https:\/\/ironsky.pl\/sklep\/wp-json\/wp\/v2\/product\/57088","targetHints":{"allow":["GET"]}}],"collection":[{"href":"https:\/\/ironsky.pl\/sklep\/wp-json\/wp\/v2\/product"}],"about":[{"href":"https:\/\/ironsky.pl\/sklep\/wp-json\/wp\/v2\/types\/product"}],"replies":[{"embeddable":true,"href":"https:\/\/ironsky.pl\/sklep\/wp-json\/wp\/v2\/comments?post=57088"}],"wp:featuredmedia":[{"embeddable":true,"href":"https:\/\/ironsky.pl\/sklep\/wp-json\/wp\/v2\/media\/57089"}],"wp:attachment":[{"href":"https:\/\/ironsky.pl\/sklep\/wp-json\/wp\/v2\/media?parent=57088"}],"wp:term":[{"taxonomy":"product_brand","embeddable":true,"href":"https:\/\/ironsky.pl\/sklep\/wp-json\/wp\/v2\/product_brand?post=57088"},{"taxonomy":"product_cat","embeddable":true,"href":"https:\/\/ironsky.pl\/sklep\/wp-json\/wp\/v2\/product_cat?post=57088"},{"taxonomy":"product_tag","embeddable":true,"href":"https:\/\/ironsky.pl\/sklep\/wp-json\/wp\/v2\/product_tag?post=57088"}],"curies":[{"name":"wp","href":"https:\/\/api.w.org\/{rel}","templated":true}]}}