{"id":57085,"date":"2026-04-15T10:22:19","date_gmt":"2026-04-15T08:22:19","guid":{"rendered":"https:\/\/ironsky.pl\/sklep\/produkt\/monitor-przenosny-arzopa-a1-t-156\/"},"modified":"2026-04-15T10:22:26","modified_gmt":"2026-04-15T08:22:26","slug":"monitor-przenosny-arzopa-a1-t-156","status":"publish","type":"product","link":"https:\/\/ironsky.pl\/sklep\/produkt\/monitor-przenosny-arzopa-a1-t-156\/","title":{"rendered":"Monitor przeno\u015bny ARZOPA A1 T 15,6&#8243;"},"content":{"rendered":"<h3>Przeno\u015bny monitor Arzopa A1T 15,6&#8243;<\/h3>\n<p>Szukasz lekkiego, wszechstronnego monitora, kt\u00f3ry mo\u017cesz zabra\u0107 wsz\u0119dzie? Arzopa A1T to idealne rozwi\u0105zanie dla os\u00f3b, kt\u00f3re chc\u0105 cieszy\u0107 si\u0119 doskona\u0142\u0105 jako\u015bci\u0105 obrazu w ka\u017cdych warunkach. Wyposa\u017cony w dotykowy ekran o rozdzielczo\u015bci Full HD 1080P, oferuje wyra\u017any i realistyczny obraz i przyjemnie \u0142atw\u0105 obs\u0142ug\u0119. Dzi\u0119ki lekkiej konstrukcji i szerokiej kompatybilno\u015bci b\u0119dzie \u015bwietnym towarzyszem zar\u00f3wno w pracy, jak i podczas rozrywki.<\/p>\n<p>\n<img decoding=\"async\" src=\"https:\/\/assets.innpro.pl\/12506\/14982\/1.jpg\" border=\"0\" alt=\"\" \/>\n<\/p>\n<h3>Wyj\u0105tkowa jako\u015b\u0107 obrazu<\/h3>\n<p>Arzopa A1T zapewnia doskona\u0142\u0105 jako\u015b\u0107 wy\u015bwietlania z rozdzielczo\u015bci\u0105 Full HD 1080P. Matryca IPS oferuje szeroki k\u0105t widzenia 178\u00b0, co oznacza, \u017ce kolory pozostaj\u0105 \u017cywe i wierne niezale\u017cnie od perspektywy. Dodatkowo technologia HDR poprawia kontrast i szczeg\u00f3\u0142owo\u015b\u0107 obrazu, co sprawia, \u017ce filmy, gry czy prezentacje wygl\u0105daj\u0105 jeszcze bardziej imponuj\u0105co.<\/p>\n<p>\n<img decoding=\"async\" src=\"https:\/\/assets.innpro.pl\/12506\/14982\/7.jpg\" border=\"0\" alt=\"\" \/>\n<\/p>\n<h3>Komfort u\u017cytkowania<\/h3>\n<p>Przek\u0105tna ekranu 15,6 cala oraz dotykowy panel zapewniaj\u0105 wygod\u0119 i intuicyjn\u0105 obs\u0142ug\u0119. Monitor wspiera precyzyjne gesty wielodotykowe, co u\u0142atwia prac\u0119 i nawigacj\u0119. Dzi\u0119ki lekkiej konstrukcji (zaledwie 890 g) i smuk\u0142emu designowi z ramk\u0105 o grubo\u015bci 9,3 mm, urz\u0105dzenie idealnie nadaje si\u0119 do podr\u00f3\u017cy \u2013 zmie\u015bci si\u0119 nawet w torbie na laptopa.<\/p>\n<p>\n<img decoding=\"async\" src=\"https:\/\/assets.innpro.pl\/12506\/14982\/6.jpg\" border=\"0\" alt=\"\" \/>\n<\/p>\n<h3>Wszechstronno\u015b\u0107 i tryby pracy<\/h3>\n<p>Monitor Arzopa pozwala na korzystanie z trzech tryb\u00f3w pracy: Duplicate Mode do wy\u015bwietlania tego samego obrazu na dw\u00f3ch ekranach, Extend Mode do rozdzielania tre\u015bci na dwa ekrany oraz Second Screen Mode, gdzie przeno\u015bny monitor dzia\u0142a jako g\u0142\u00f3wny ekran. W ten spos\u00f3b mo\u017cesz dostosowa\u0107 go do swoich potrzeb \u2013 od pracy po rozrywk\u0119.<\/p>\n<p>\n<img decoding=\"async\" src=\"https:\/\/assets.innpro.pl\/12506\/14982\/8.jpg\" border=\"0\" alt=\"\" \/>\n<\/p>\n<h3>Bogactwo po\u0142\u0105cze\u0144<\/h3>\n<p>Urz\u0105dzenie zosta\u0142o wyposa\u017cone w dwa porty USB-C, mini HDMI oraz port audio, co daje szerokie mo\u017cliwo\u015bci pod\u0142\u0105czenia r\u00f3\u017cnych urz\u0105dze\u0144, takich jak laptopy, smartfony, konsole czy TV boxy. Dzi\u0119ki temu monitor jest niezwykle funkcjonalny i \u0142atwy w u\u017cytkowaniu, niezale\u017cnie od sytuacji.<\/p>\n<p>\n<img decoding=\"async\" src=\"https:\/\/assets.innpro.pl\/12506\/14982\/5.jpg\" border=\"0\" alt=\"\" \/>\n<\/p>\n<h3>Szeroka kompatybilno\u015b\u0107<\/h3>\n<p>Monitor Arzopa A1T wsp\u00f3\u0142pracuje z wieloma urz\u0105dzeniami, w tym konsolami (PS3\/4\/5, Xbox, Switch), komputerami, smartfonami, a nawet kamerami. Sprawdzi si\u0119 idealnie podczas pracy, nauki, grania w gry czy ogl\u0105dania film\u00f3w. To wszechstronne urz\u0105dzenie, kt\u00f3re dostosuje si\u0119 do Twoich potrzeb.<\/p>\n<p>\n<img decoding=\"async\" src=\"https:\/\/assets.innpro.pl\/12506\/14982\/4.jpg\" border=\"0\" alt=\"\" \/>\n<\/p>\n<h3>W zestawie<\/h3>\n<ul class=\"list-disc pl-5\">\n<li>Przeno\u015bny monitor<\/li>\n<li>Kabel do transmisji danych typu C 3.1 (1m)<\/li>\n<li>Kabel HDMI 2.0 Full HD do transmisji danych (1m)<\/li>\n<li>Kabel zasilaj\u0105cy USB-A do USB-C <\/li>\n<\/ul>\n<div class=\"table-wrapper\">\n<p>\u00a0<\/p>\n<h3><\/h3>\n<table>\n<tbody>\n<tr>\n<th>Producent<\/th>\n<td>Arzopa<\/td>\n<\/tr>\n<tr>\n<th>Model<\/th>\n<td>A1T<\/td>\n<\/tr>\n<tr>\n<th>Wymiary<\/th>\n<td>355*220*9.3mm<\/td>\n<\/tr>\n<tr>\n<th>Waga<\/th>\n<td>890g<\/td>\n<\/tr>\n<tr>\n<th>Charakterystyka strukturalna<\/th>\n<td>Proces t\u0142oczenia, pow\u0142oka ze stopu aluminium, jednocz\u0119\u015bciowa pow\u0142oka<\/td>\n<\/tr>\n<tr>\n<th>Wymiary ekranu<\/th>\n<td>15.6\u201d<\/td>\n<\/tr>\n<tr>\n<th>Klassa monitora<\/th>\n<td>A (A+)<\/td>\n<\/tr>\n<tr>\n<th>Rozstaw pikseli<\/th>\n<td>0.17925\u00d70.17925 (Sz\u00d7W) mm<\/td>\n<\/tr>\n<tr>\n<th>Odst\u0119py punkt\u00f3w<\/th>\n<td>0.05975\u00d70.17925 (Sz\u00d7W) mm<\/td>\n<\/tr>\n<tr>\n<th>Wymiary ekranu<\/th>\n<td>344.16\u00d7193.59 (Sz\u00d7W) mm<\/td>\n<\/tr>\n<tr>\n<th>Jasno\u015b\u0107<\/th>\n<td>Zmierzona jasno\u015b\u0107 szczytowa wynosi: 349 cd\/m2; Standardowa jasno\u015b\u0107 wy\u015bwietlacza: 300 cd\/m2<\/td>\n<\/tr>\n<tr>\n<th>Kontrast statyczny<\/th>\n<td>Zmierzona jasno\u015b\u0107 szczytowa:1839:1; Standardowa jasno\u015b\u0107 wy\u015bwietlacza:1200:1<\/td>\n<\/tr>\n<tr>\n<th>Gama kolor\u00f3w (sRGB)<\/th>\n<td>Wsp\u00f3\u0142czynnik gamy kolor\u00f3w: CIE1931 (65.66%), CIE1976 (49.97%); Zakres gamy kolor\u00f3w CIE1931 (64.63%), CIE1976 (48.98%)<\/td>\n<\/tr>\n<tr>\n<th>Gama kolor\u00f3w (DCI-P3)<\/th>\n<td>Wsp\u00f3\u0142czynnik gamy kolor\u00f3w: CIE1931 (48.40%), CIE1976 (39.79%); Zakres gamy kolor\u00f3w CIE1931 (48.41%), CIE1976 (39.77%)<\/td>\n<\/tr>\n<tr>\n<th>Gama kolor\u00f3w (Adobe RGB)<\/th>\n<td>Wsp\u00f3\u0142czynnik gamy kolor\u00f3w: CIE1931 (48.67%), CIE1976 (42.84%); Zakres gamy kolor\u00f3w CIE1931 (48.71%), CIE1976 (42.80%)<\/td>\n<\/tr>\n<tr>\n<th>Gama kolor\u00f3w (NTSC)<\/th>\n<td>Wsp\u00f3\u0142czynnik gamy kolor\u00f3w: CIE1931 (46.50%), CIE1976 (43.59%); Zakres gamy kolor\u00f3w CIE1931 (46.54%), CIE1976 (43.60%)<\/td>\n<\/tr>\n<tr>\n<th>K\u0105t ogl\u0105dania<\/th>\n<td>85\/85\/85\/85 (Typ.) (CR\u226510)<\/td>\n<\/tr>\n<tr>\n<th>Cz\u0119stotliwo\u015b\u0107 od\u015bwie\u017cania<\/th>\n<td>60Hz<\/td>\n<\/tr>\n<tr>\n<th>Czas reakcji (ms)<\/th>\n<td>30 (Typ.)(Tr+Td) ms<\/td>\n<\/tr>\n<tr>\n<th>Maksymalna rozdzielczo\u015b\u0107<\/th>\n<td>1920(RGB)\u00d71080, FHD<\/td>\n<\/tr>\n<tr>\n<th>Zalecana rozdzielczo\u015b\u0107<\/th>\n<td>1920&#215;1080\/60Hz<\/td>\n<\/tr>\n<tr>\n<th>Kolor wy\u015bwietlania<\/th>\n<td>262K (6-bit)<\/td>\n<\/tr>\n<tr>\n<th>Wbudowane g\u0142o\u015bniki<\/th>\n<td>Wbudowane podw\u00f3jne g\u0142o\u015bniki (1W g\u0142o\u015bniki*2)<\/td>\n<\/tr>\n<tr>\n<th>Typ HDR<\/th>\n<td>HDR 10<\/td>\n<\/tr>\n<tr>\n<th>Wyko\u0144czenie powierzchni<\/th>\n<td>Matowe<\/td>\n<\/tr>\n<tr>\n<th>Moc (tryb pracy)<\/th>\n<td>6W<\/td>\n<\/tr>\n<tr>\n<th>Moc (tryb wy\u0142\u0105czenia)<\/th>\n<td>\u22641W<\/td>\n<\/tr>\n<tr>\n<th>Klasa efektywno\u015b\u0107 energetyczna<\/th>\n<td>1<\/td>\n<\/tr>\n<tr>\n<th>Temperatura przechowywania<\/th>\n<td>-20 ~ 60 \u00b0C<\/td>\n<\/tr>\n<tr>\n<th>Temperatura pracy<\/th>\n<td>0 ~ 50 \u00b0C<\/td>\n<\/tr>\n<tr>\n<th>Wej\u015bcie sygna\u0142u<\/th>\n<td>TYPE-C, HDMI<\/td>\n<\/tr>\n<tr>\n<th>Interfejs sygna\u0142u<\/th>\n<td>TYPE-C (USB 3.1) *2, (zasilanie PD i wyj\u015bcie DP); Mini HDMI (2.0)* 1, (kompatybilny z wi\u0119kszo\u015bci\u0105 urz\u0105dze\u0144 HDMI)<\/td>\n<\/tr>\n<tr>\n<th>Wej\u015bcie zasilania<\/th>\n<td>Obs\u0142uga adaptera 5 ~ 20 V (wej\u015bcie PD, odwrotne zasilanie PD)<\/td>\n<\/tr>\n<tr>\n<th>Kolor wska\u017anika<\/th>\n<td>Czerwony\/niebieski (czerwone \u015bwiat\u0142o przy braku sygna\u0142u, niebieskie \u015bwiat\u0142o przy normalnym sygnale)<\/td>\n<\/tr>\n<tr>\n<th>Przycisk <\/th>\n<td>4 przyciski (OSD, + -, Zasilanie (wyj\u015bcie))<\/td>\n<\/tr>\n<tr>\n<th>Menu<\/th>\n<td>ARZOPA OSD<\/td>\n<\/tr>\n<\/tbody>\n<\/table>\n<\/div>\n","protected":false},"excerpt":{"rendered":"<p>Przeno\u015bny monitor Arzopa A1T 15,6&#8243; Szukasz lekkiego, wszechstronnego monitora, kt\u00f3ry mo\u017cesz zabra\u0107 wsz\u0119dzie? Arzopa A1T to idealne rozwi\u0105zanie dla os\u00f3b,<\/p>\n","protected":false},"featured_media":57086,"comment_status":"closed","ping_status":"open","template":"","meta":{"_acf_changed":false},"product_brand":[],"product_cat":[5929,5968],"product_tag":[],"class_list":{"0":"post-57085","1":"product","2":"type-product","3":"status-publish","4":"has-post-thumbnail","6":"product_cat-akcesoria-it","7":"product_cat-monitory-przenosne","8":"pa_okres-gwarancji-5754","9":"pa_producent-arzopa","11":"first","12":"outofstock","13":"taxable","14":"shipping-taxable","15":"purchasable","16":"product-type-simple"},"acf":[],"yoast_head":"<!-- This site is optimized with the Yoast SEO plugin v27.2 - https:\/\/yoast.com\/product\/yoast-seo-wordpress\/ -->\n<title>Monitor przeno\u015bny ARZOPA A1 T 15,6&quot; - IRONSKY.PL Sklep z Dronami<\/title>\n<meta name=\"description\" content=\"Monitor przeno\u015bny ARZOPA A1 T 15,6&quot; - \u2705 sklep z dronami i fachowym doradztwem. \u2705 Tutaj kupisz produkty DJI, Yuneec, Parrot, Syma i wiele innych, a tak\u017ce kursy i licencje na operatora drona.\" \/>\n<meta name=\"robots\" content=\"index, follow, max-snippet:-1, max-image-preview:large, max-video-preview:-1\" \/>\n<link rel=\"canonical\" href=\"https:\/\/ironsky.pl\/sklep\/produkt\/monitor-przenosny-arzopa-a1-t-156\/\" \/>\n<meta property=\"og:locale\" content=\"pl_PL\" \/>\n<meta property=\"og:type\" content=\"article\" \/>\n<meta property=\"og:title\" content=\"Monitor przeno\u015bny ARZOPA A1 T 15,6&quot; - IRONSKY.PL Sklep z Dronami\" \/>\n<meta property=\"og:description\" content=\"Monitor przeno\u015bny ARZOPA A1 T 15,6&quot; - \u2705 sklep z dronami i fachowym doradztwem. \u2705 Tutaj kupisz produkty DJI, Yuneec, Parrot, Syma i wiele innych, a tak\u017ce kursy i licencje na operatora drona.\" \/>\n<meta property=\"og:url\" content=\"https:\/\/ironsky.pl\/sklep\/produkt\/monitor-przenosny-arzopa-a1-t-156\/\" \/>\n<meta property=\"og:site_name\" content=\"IRONSKY.PL Sklep z Dronami\" \/>\n<meta property=\"article:modified_time\" content=\"2026-04-15T08:22:26+00:00\" \/>\n<meta property=\"og:image\" content=\"https:\/\/ironsky.pl\/sklep\/wp-content\/uploads\/2026\/04\/32775_4.jpg\" \/>\n\t<meta property=\"og:image:width\" content=\"800\" \/>\n\t<meta property=\"og:image:height\" content=\"800\" \/>\n\t<meta property=\"og:image:type\" content=\"image\/jpeg\" \/>\n<meta name=\"twitter:card\" content=\"summary_large_image\" \/>\n<meta name=\"twitter:label1\" content=\"Szacowany czas czytania\" \/>\n\t<meta name=\"twitter:data1\" content=\"3 minuty\" \/>\n<script type=\"application\/ld+json\" class=\"yoast-schema-graph\">{\"@context\":\"https:\/\/schema.org\",\"@graph\":[{\"@type\":\"WebPage\",\"@id\":\"https:\/\/ironsky.pl\/sklep\/produkt\/monitor-przenosny-arzopa-a1-t-156\/\",\"url\":\"https:\/\/ironsky.pl\/sklep\/produkt\/monitor-przenosny-arzopa-a1-t-156\/\",\"name\":\"Monitor przeno\u015bny ARZOPA A1 T 15,6\\\" - IRONSKY.PL Sklep z Dronami\",\"isPartOf\":{\"@id\":\"https:\/\/ironsky.pl\/sklep\/#website\"},\"primaryImageOfPage\":{\"@id\":\"https:\/\/ironsky.pl\/sklep\/produkt\/monitor-przenosny-arzopa-a1-t-156\/#primaryimage\"},\"image\":{\"@id\":\"https:\/\/ironsky.pl\/sklep\/produkt\/monitor-przenosny-arzopa-a1-t-156\/#primaryimage\"},\"thumbnailUrl\":\"https:\/\/ironsky.pl\/sklep\/wp-content\/uploads\/2026\/04\/32775_4.jpg\",\"datePublished\":\"2026-04-15T08:22:19+00:00\",\"dateModified\":\"2026-04-15T08:22:26+00:00\",\"description\":\"Monitor przeno\u015bny ARZOPA A1 T 15,6\\\" - \u2705 sklep z dronami i fachowym doradztwem. \u2705 Tutaj kupisz produkty DJI, Yuneec, Parrot, Syma i wiele innych, a tak\u017ce kursy i licencje na operatora drona.\",\"breadcrumb\":{\"@id\":\"https:\/\/ironsky.pl\/sklep\/produkt\/monitor-przenosny-arzopa-a1-t-156\/#breadcrumb\"},\"inLanguage\":\"pl-PL\",\"potentialAction\":[{\"@type\":\"ReadAction\",\"target\":[\"https:\/\/ironsky.pl\/sklep\/produkt\/monitor-przenosny-arzopa-a1-t-156\/\"]}]},{\"@type\":\"ImageObject\",\"inLanguage\":\"pl-PL\",\"@id\":\"https:\/\/ironsky.pl\/sklep\/produkt\/monitor-przenosny-arzopa-a1-t-156\/#primaryimage\",\"url\":\"https:\/\/ironsky.pl\/sklep\/wp-content\/uploads\/2026\/04\/32775_4.jpg\",\"contentUrl\":\"https:\/\/ironsky.pl\/sklep\/wp-content\/uploads\/2026\/04\/32775_4.jpg\",\"width\":800,\"height\":800},{\"@type\":\"BreadcrumbList\",\"@id\":\"https:\/\/ironsky.pl\/sklep\/produkt\/monitor-przenosny-arzopa-a1-t-156\/#breadcrumb\",\"itemListElement\":[{\"@type\":\"ListItem\",\"position\":1,\"name\":\"Strona g\u0142\u00f3wna\",\"item\":\"https:\/\/ironsky.pl\/sklep\/\"},{\"@type\":\"ListItem\",\"position\":2,\"name\":\"Wszystkie produkty\",\"item\":\"https:\/\/ironsky.pl\/sklep\/produkty\/\"},{\"@type\":\"ListItem\",\"position\":3,\"name\":\"Monitor przeno\u015bny ARZOPA A1 T 15,6&#8243;\"}]},{\"@type\":\"WebSite\",\"@id\":\"https:\/\/ironsky.pl\/sklep\/#website\",\"url\":\"https:\/\/ironsky.pl\/sklep\/\",\"name\":\"IRONSKY.PL Sklep z Dronami\",\"description\":\"IRONSKY.PL Sklep z Dronami\",\"potentialAction\":[{\"@type\":\"SearchAction\",\"target\":{\"@type\":\"EntryPoint\",\"urlTemplate\":\"https:\/\/ironsky.pl\/sklep\/?s={search_term_string}\"},\"query-input\":{\"@type\":\"PropertyValueSpecification\",\"valueRequired\":true,\"valueName\":\"search_term_string\"}}],\"inLanguage\":\"pl-PL\"}]}<\/script>\n<!-- \/ Yoast SEO plugin. -->","yoast_head_json":{"title":"Monitor przeno\u015bny ARZOPA A1 T 15,6\" - IRONSKY.PL Sklep z Dronami","description":"Monitor przeno\u015bny ARZOPA A1 T 15,6\" - \u2705 sklep z dronami i fachowym doradztwem. \u2705 Tutaj kupisz produkty DJI, Yuneec, Parrot, Syma i wiele innych, a tak\u017ce kursy i licencje na operatora drona.","robots":{"index":"index","follow":"follow","max-snippet":"max-snippet:-1","max-image-preview":"max-image-preview:large","max-video-preview":"max-video-preview:-1"},"canonical":"https:\/\/ironsky.pl\/sklep\/produkt\/monitor-przenosny-arzopa-a1-t-156\/","og_locale":"pl_PL","og_type":"article","og_title":"Monitor przeno\u015bny ARZOPA A1 T 15,6\" - IRONSKY.PL Sklep z Dronami","og_description":"Monitor przeno\u015bny ARZOPA A1 T 15,6\" - \u2705 sklep z dronami i fachowym doradztwem. \u2705 Tutaj kupisz produkty DJI, Yuneec, Parrot, Syma i wiele innych, a tak\u017ce kursy i licencje na operatora drona.","og_url":"https:\/\/ironsky.pl\/sklep\/produkt\/monitor-przenosny-arzopa-a1-t-156\/","og_site_name":"IRONSKY.PL Sklep z Dronami","article_modified_time":"2026-04-15T08:22:26+00:00","og_image":[{"width":800,"height":800,"url":"https:\/\/ironsky.pl\/sklep\/wp-content\/uploads\/2026\/04\/32775_4.jpg","type":"image\/jpeg"}],"twitter_card":"summary_large_image","twitter_misc":{"Szacowany czas czytania":"3 minuty"},"schema":{"@context":"https:\/\/schema.org","@graph":[{"@type":"WebPage","@id":"https:\/\/ironsky.pl\/sklep\/produkt\/monitor-przenosny-arzopa-a1-t-156\/","url":"https:\/\/ironsky.pl\/sklep\/produkt\/monitor-przenosny-arzopa-a1-t-156\/","name":"Monitor przeno\u015bny ARZOPA A1 T 15,6\" - IRONSKY.PL Sklep z Dronami","isPartOf":{"@id":"https:\/\/ironsky.pl\/sklep\/#website"},"primaryImageOfPage":{"@id":"https:\/\/ironsky.pl\/sklep\/produkt\/monitor-przenosny-arzopa-a1-t-156\/#primaryimage"},"image":{"@id":"https:\/\/ironsky.pl\/sklep\/produkt\/monitor-przenosny-arzopa-a1-t-156\/#primaryimage"},"thumbnailUrl":"https:\/\/ironsky.pl\/sklep\/wp-content\/uploads\/2026\/04\/32775_4.jpg","datePublished":"2026-04-15T08:22:19+00:00","dateModified":"2026-04-15T08:22:26+00:00","description":"Monitor przeno\u015bny ARZOPA A1 T 15,6\" - \u2705 sklep z dronami i fachowym doradztwem. \u2705 Tutaj kupisz produkty DJI, Yuneec, Parrot, Syma i wiele innych, a tak\u017ce kursy i licencje na operatora drona.","breadcrumb":{"@id":"https:\/\/ironsky.pl\/sklep\/produkt\/monitor-przenosny-arzopa-a1-t-156\/#breadcrumb"},"inLanguage":"pl-PL","potentialAction":[{"@type":"ReadAction","target":["https:\/\/ironsky.pl\/sklep\/produkt\/monitor-przenosny-arzopa-a1-t-156\/"]}]},{"@type":"ImageObject","inLanguage":"pl-PL","@id":"https:\/\/ironsky.pl\/sklep\/produkt\/monitor-przenosny-arzopa-a1-t-156\/#primaryimage","url":"https:\/\/ironsky.pl\/sklep\/wp-content\/uploads\/2026\/04\/32775_4.jpg","contentUrl":"https:\/\/ironsky.pl\/sklep\/wp-content\/uploads\/2026\/04\/32775_4.jpg","width":800,"height":800},{"@type":"BreadcrumbList","@id":"https:\/\/ironsky.pl\/sklep\/produkt\/monitor-przenosny-arzopa-a1-t-156\/#breadcrumb","itemListElement":[{"@type":"ListItem","position":1,"name":"Strona g\u0142\u00f3wna","item":"https:\/\/ironsky.pl\/sklep\/"},{"@type":"ListItem","position":2,"name":"Wszystkie produkty","item":"https:\/\/ironsky.pl\/sklep\/produkty\/"},{"@type":"ListItem","position":3,"name":"Monitor przeno\u015bny ARZOPA A1 T 15,6&#8243;"}]},{"@type":"WebSite","@id":"https:\/\/ironsky.pl\/sklep\/#website","url":"https:\/\/ironsky.pl\/sklep\/","name":"IRONSKY.PL Sklep z Dronami","description":"IRONSKY.PL Sklep z Dronami","potentialAction":[{"@type":"SearchAction","target":{"@type":"EntryPoint","urlTemplate":"https:\/\/ironsky.pl\/sklep\/?s={search_term_string}"},"query-input":{"@type":"PropertyValueSpecification","valueRequired":true,"valueName":"search_term_string"}}],"inLanguage":"pl-PL"}]}},"_links":{"self":[{"href":"https:\/\/ironsky.pl\/sklep\/wp-json\/wp\/v2\/product\/57085","targetHints":{"allow":["GET"]}}],"collection":[{"href":"https:\/\/ironsky.pl\/sklep\/wp-json\/wp\/v2\/product"}],"about":[{"href":"https:\/\/ironsky.pl\/sklep\/wp-json\/wp\/v2\/types\/product"}],"replies":[{"embeddable":true,"href":"https:\/\/ironsky.pl\/sklep\/wp-json\/wp\/v2\/comments?post=57085"}],"wp:featuredmedia":[{"embeddable":true,"href":"https:\/\/ironsky.pl\/sklep\/wp-json\/wp\/v2\/media\/57086"}],"wp:attachment":[{"href":"https:\/\/ironsky.pl\/sklep\/wp-json\/wp\/v2\/media?parent=57085"}],"wp:term":[{"taxonomy":"product_brand","embeddable":true,"href":"https:\/\/ironsky.pl\/sklep\/wp-json\/wp\/v2\/product_brand?post=57085"},{"taxonomy":"product_cat","embeddable":true,"href":"https:\/\/ironsky.pl\/sklep\/wp-json\/wp\/v2\/product_cat?post=57085"},{"taxonomy":"product_tag","embeddable":true,"href":"https:\/\/ironsky.pl\/sklep\/wp-json\/wp\/v2\/product_tag?post=57085"}],"curies":[{"name":"wp","href":"https:\/\/api.w.org\/{rel}","templated":true}]}}