{"id":57084,"date":"2026-04-15T10:22:19","date_gmt":"2026-04-15T08:22:19","guid":{"rendered":"https:\/\/ironsky.pl\/sklep\/produkt\/czytnik-kart-ugreen-cm401-usb-c-szary\/"},"modified":"2026-04-15T10:22:25","modified_gmt":"2026-04-15T08:22:25","slug":"czytnik-kart-ugreen-cm401-usb-c-szary","status":"publish","type":"product","link":"https:\/\/ironsky.pl\/sklep\/produkt\/czytnik-kart-ugreen-cm401-usb-c-szary\/","title":{"rendered":"Czytnik kart UGREEN CM401 USB-C (szary)"},"content":{"rendered":"<h3>Czytnik kart USB-C UGREEN CM401<\/h3>\n<p>Je\u017celi zale\u017cy Ci na jak najwy\u017cszej pr\u0119dko\u015bci transferu danych, czytnik kart USB-C to dla Ciebie idealne rozwi\u0105zanie. Niewielkie wymiary produktu nie zabior\u0105 Ci du\u017co miejsca w plecaku, czy torbie na laptopa. Dzi\u0119ki opcji plug and play, nie musisz instalowa\u0107 na swoim komputerze dodatkowych sterownik\u00f3w. Wystarczy jedynie podpi\u0105\u0107 urz\u0105dzenie do odpowiedniego gniazda i wybra\u0107 pliki, kt\u00f3re chcesz odczyta\u0107.<\/p>\n<p><img decoding=\"async\" src=\"https:\/\/b2b.innpro.pl\/data\/include\/cms\/012UGREEN\/CM401\/1.jpg?v=1635425862048\" border=\"0\" \/><\/p>\n<h3>B\u0142yskawiczne dzia\u0142anie<\/h3>\n<p>Zapewnij sobie jak najwy\u017csz\u0105 pr\u0119dko\u015b\u0107 transmisji danych. Podw\u00f3jnie wzmocniona praca czytnika z pewno\u015bci\u0105 oszcz\u0119dzi cenny czas, gwarantuj\u0105c szybsze odczytywanie r\u00f3\u017cnego rodzaju plik\u00f3w o pojemno\u015bci nawet do 2 TB. Maksymalnie osi\u0105gana pr\u0119dko\u015b\u0107 CM401 to 90 Mbps. Co wi\u0119cej, urz\u0105dzenie oferuje r\u00f3wnie\u017c sprawny odczyt i zapis na dw\u00f3ch kartach w tym samym momencie.<\/p>\n<p><img decoding=\"async\" src=\"https:\/\/b2b.innpro.pl\/data\/include\/cms\/012UGREEN\/CM401\/5.jpg?v=1635425862048\" border=\"0\" \/><\/p>\n<h3>Szeroki zakres po\u0142\u0105cze\u0144<\/h3>\n<p>Zyskaj u\u0142atwiony dost\u0119p do powszechnie u\u017cywanych sprz\u0119t\u00f3w i zapomnij o problemach z kompatybilno\u015bci\u0105. Do\u0142\u0105czona na przewodzie wtyczka USB typu C pozwala podpi\u0105\u0107 si\u0119 mi\u0119dzy innymi do laptop\u00f3w, smartfon\u00f3w oraz tablet\u00f3w. Natomiast czytnik bezproblemowo obs\u0142uguje karty SD oraz TF. Ponadto, USB 3.1 zapewnia 10 razy szybsz\u0105 transmisj\u0119 w por\u00f3wnaniu do standardowej wersji 2.0.<\/p>\n<p><img decoding=\"async\" src=\"https:\/\/b2b.innpro.pl\/data\/include\/cms\/012UGREEN\/CM401\/6.jpg?v=1635425862048\" border=\"0\" \/><\/p>\n<h3>Przemy\u015blany design<\/h3>\n<p>Przeno\u015bna konstrukcja umo\u017cliwia wyj\u0105tkowo \u0142atwy transport CM401 i sprawia, \u017ce mo\u017cesz zabra\u0107 go ze sob\u0105 wsz\u0119dzie. Sprawdzi si\u0119 zar\u00f3wno w pracy, wykonuj\u0105c codzienne obowi\u0105zki, jak i w domu. W ko\u0144cu zyskasz mo\u017cliwo\u015b\u0107 pokazania swoim bliskim autorskich zdj\u0119\u0107, czy przejrze\u0107 zapisane filmy. Wszystko to bez konieczno\u015bci od\u0142\u0105czania pozosta\u0142ych mobilnych akcesori\u00f3w i bez blokowania s\u0105siednich port\u00f3w.<\/p>\n<p><img decoding=\"async\" src=\"https:\/\/b2b.innpro.pl\/data\/include\/cms\/012UGREEN\/CM401\/2.jpg?v=1635425862048\" border=\"0\" \/><\/p>\n<div class=\"table-wrapper\">\n<table>\n<tbody>\n<tr>\n<th>Producent<\/th>\n<td>Ugreen<\/td>\n<\/tr>\n<tr>\n<th>Model<\/th>\n<td>CM401<\/td>\n<\/tr>\n<tr>\n<th>Maksymalna obs\u0142ugiwana pojemno\u015b\u0107<\/th>\n<td>Do 2 TB<\/td>\n<\/tr>\n<tr>\n<th>Wymiary<\/th>\n<td>56.1 \u00d7 24 \u00d7 11 mm (DxSxW)<\/td>\n<\/tr>\n<tr>\n<th>Wtyczka USB-C<\/th>\n<td>3.1<\/td>\n<\/tr>\n<tr>\n<th>Pr\u0119dko\u015b\u0107 transmisji<\/th>\n<td>90 Mbps<\/td>\n<\/tr>\n<tr>\n<th>Obs\u0142ugiwane karty<\/th>\n<td>SD, SDHC, SDXC, MMC Micro, RS MMC, Micro SD, Micro SDHC, Micro SDXC<\/td>\n<\/tr>\n<\/tbody>\n<\/table>\n<\/div>\n","protected":false},"excerpt":{"rendered":"<p>Czytnik kart USB-C UGREEN CM401 Je\u017celi zale\u017cy Ci na jak najwy\u017cszej pr\u0119dko\u015bci transferu danych, czytnik kart USB-C to dla Ciebie<\/p>\n","protected":false},"featured_media":42936,"comment_status":"closed","ping_status":"open","template":"","meta":{"_acf_changed":false},"product_brand":[],"product_cat":[5929,5943],"product_tag":[],"class_list":{"0":"post-57084","1":"product","2":"type-product","3":"status-publish","4":"has-post-thumbnail","6":"product_cat-akcesoria-it","7":"product_cat-czytniki-kart","8":"pa_okres-gwarancji-5757","9":"pa_producent-ugreen","11":"first","12":"outofstock","13":"taxable","14":"shipping-taxable","15":"purchasable","16":"product-type-simple"},"acf":[],"yoast_head":"<!-- This site is optimized with the Yoast SEO plugin v27.2 - https:\/\/yoast.com\/product\/yoast-seo-wordpress\/ -->\n<title>Czytnik kart UGREEN CM401 USB-C (szary) - IRONSKY.PL Sklep z Dronami<\/title>\n<meta name=\"description\" content=\"Czytnik kart UGREEN CM401 USB-C (szary) - \u2705 sklep z dronami i fachowym doradztwem. \u2705 Tutaj kupisz produkty DJI, Yuneec, Parrot, Syma i wiele innych, a tak\u017ce kursy i licencje na operatora drona.\" \/>\n<meta name=\"robots\" content=\"index, follow, max-snippet:-1, max-image-preview:large, max-video-preview:-1\" \/>\n<link rel=\"canonical\" href=\"https:\/\/ironsky.pl\/sklep\/produkt\/czytnik-kart-ugreen-cm401-usb-c-szary\/\" \/>\n<meta property=\"og:locale\" content=\"pl_PL\" \/>\n<meta property=\"og:type\" content=\"article\" \/>\n<meta property=\"og:title\" content=\"Czytnik kart UGREEN CM401 USB-C (szary) - IRONSKY.PL Sklep z Dronami\" \/>\n<meta property=\"og:description\" content=\"Czytnik kart UGREEN CM401 USB-C (szary) - \u2705 sklep z dronami i fachowym doradztwem. \u2705 Tutaj kupisz produkty DJI, Yuneec, Parrot, Syma i wiele innych, a tak\u017ce kursy i licencje na operatora drona.\" \/>\n<meta property=\"og:url\" content=\"https:\/\/ironsky.pl\/sklep\/produkt\/czytnik-kart-ugreen-cm401-usb-c-szary\/\" \/>\n<meta property=\"og:site_name\" content=\"IRONSKY.PL Sklep z Dronami\" \/>\n<meta property=\"article:modified_time\" content=\"2026-04-15T08:22:25+00:00\" \/>\n<meta property=\"og:image\" content=\"https:\/\/ironsky.pl\/sklep\/wp-content\/uploads\/2025\/06\/32755_1.jpg\" \/>\n\t<meta property=\"og:image:width\" content=\"800\" \/>\n\t<meta property=\"og:image:height\" content=\"800\" \/>\n\t<meta property=\"og:image:type\" content=\"image\/jpeg\" \/>\n<meta name=\"twitter:card\" content=\"summary_large_image\" \/>\n<meta name=\"twitter:label1\" content=\"Szacowany czas czytania\" \/>\n\t<meta name=\"twitter:data1\" content=\"2 minuty\" \/>\n<script type=\"application\/ld+json\" class=\"yoast-schema-graph\">{\"@context\":\"https:\/\/schema.org\",\"@graph\":[{\"@type\":\"WebPage\",\"@id\":\"https:\/\/ironsky.pl\/sklep\/produkt\/czytnik-kart-ugreen-cm401-usb-c-szary\/\",\"url\":\"https:\/\/ironsky.pl\/sklep\/produkt\/czytnik-kart-ugreen-cm401-usb-c-szary\/\",\"name\":\"Czytnik kart UGREEN CM401 USB-C (szary) - IRONSKY.PL Sklep z Dronami\",\"isPartOf\":{\"@id\":\"https:\/\/ironsky.pl\/sklep\/#website\"},\"primaryImageOfPage\":{\"@id\":\"https:\/\/ironsky.pl\/sklep\/produkt\/czytnik-kart-ugreen-cm401-usb-c-szary\/#primaryimage\"},\"image\":{\"@id\":\"https:\/\/ironsky.pl\/sklep\/produkt\/czytnik-kart-ugreen-cm401-usb-c-szary\/#primaryimage\"},\"thumbnailUrl\":\"https:\/\/ironsky.pl\/sklep\/wp-content\/uploads\/2025\/06\/32755_1.jpg\",\"datePublished\":\"2026-04-15T08:22:19+00:00\",\"dateModified\":\"2026-04-15T08:22:25+00:00\",\"description\":\"Czytnik kart UGREEN CM401 USB-C (szary) - \u2705 sklep z dronami i fachowym doradztwem. \u2705 Tutaj kupisz produkty DJI, Yuneec, Parrot, Syma i wiele innych, a tak\u017ce kursy i licencje na operatora drona.\",\"breadcrumb\":{\"@id\":\"https:\/\/ironsky.pl\/sklep\/produkt\/czytnik-kart-ugreen-cm401-usb-c-szary\/#breadcrumb\"},\"inLanguage\":\"pl-PL\",\"potentialAction\":[{\"@type\":\"ReadAction\",\"target\":[\"https:\/\/ironsky.pl\/sklep\/produkt\/czytnik-kart-ugreen-cm401-usb-c-szary\/\"]}]},{\"@type\":\"ImageObject\",\"inLanguage\":\"pl-PL\",\"@id\":\"https:\/\/ironsky.pl\/sklep\/produkt\/czytnik-kart-ugreen-cm401-usb-c-szary\/#primaryimage\",\"url\":\"https:\/\/ironsky.pl\/sklep\/wp-content\/uploads\/2025\/06\/32755_1.jpg\",\"contentUrl\":\"https:\/\/ironsky.pl\/sklep\/wp-content\/uploads\/2025\/06\/32755_1.jpg\",\"width\":800,\"height\":800},{\"@type\":\"BreadcrumbList\",\"@id\":\"https:\/\/ironsky.pl\/sklep\/produkt\/czytnik-kart-ugreen-cm401-usb-c-szary\/#breadcrumb\",\"itemListElement\":[{\"@type\":\"ListItem\",\"position\":1,\"name\":\"Strona g\u0142\u00f3wna\",\"item\":\"https:\/\/ironsky.pl\/sklep\/\"},{\"@type\":\"ListItem\",\"position\":2,\"name\":\"Wszystkie produkty\",\"item\":\"https:\/\/ironsky.pl\/sklep\/produkty\/\"},{\"@type\":\"ListItem\",\"position\":3,\"name\":\"Czytnik kart UGREEN CM401 USB-C (szary)\"}]},{\"@type\":\"WebSite\",\"@id\":\"https:\/\/ironsky.pl\/sklep\/#website\",\"url\":\"https:\/\/ironsky.pl\/sklep\/\",\"name\":\"IRONSKY.PL Sklep z Dronami\",\"description\":\"IRONSKY.PL Sklep z Dronami\",\"potentialAction\":[{\"@type\":\"SearchAction\",\"target\":{\"@type\":\"EntryPoint\",\"urlTemplate\":\"https:\/\/ironsky.pl\/sklep\/?s={search_term_string}\"},\"query-input\":{\"@type\":\"PropertyValueSpecification\",\"valueRequired\":true,\"valueName\":\"search_term_string\"}}],\"inLanguage\":\"pl-PL\"}]}<\/script>\n<!-- \/ Yoast SEO plugin. -->","yoast_head_json":{"title":"Czytnik kart UGREEN CM401 USB-C (szary) - IRONSKY.PL Sklep z Dronami","description":"Czytnik kart UGREEN CM401 USB-C (szary) - \u2705 sklep z dronami i fachowym doradztwem. \u2705 Tutaj kupisz produkty DJI, Yuneec, Parrot, Syma i wiele innych, a tak\u017ce kursy i licencje na operatora drona.","robots":{"index":"index","follow":"follow","max-snippet":"max-snippet:-1","max-image-preview":"max-image-preview:large","max-video-preview":"max-video-preview:-1"},"canonical":"https:\/\/ironsky.pl\/sklep\/produkt\/czytnik-kart-ugreen-cm401-usb-c-szary\/","og_locale":"pl_PL","og_type":"article","og_title":"Czytnik kart UGREEN CM401 USB-C (szary) - IRONSKY.PL Sklep z Dronami","og_description":"Czytnik kart UGREEN CM401 USB-C (szary) - \u2705 sklep z dronami i fachowym doradztwem. \u2705 Tutaj kupisz produkty DJI, Yuneec, Parrot, Syma i wiele innych, a tak\u017ce kursy i licencje na operatora drona.","og_url":"https:\/\/ironsky.pl\/sklep\/produkt\/czytnik-kart-ugreen-cm401-usb-c-szary\/","og_site_name":"IRONSKY.PL Sklep z Dronami","article_modified_time":"2026-04-15T08:22:25+00:00","og_image":[{"width":800,"height":800,"url":"https:\/\/ironsky.pl\/sklep\/wp-content\/uploads\/2025\/06\/32755_1.jpg","type":"image\/jpeg"}],"twitter_card":"summary_large_image","twitter_misc":{"Szacowany czas czytania":"2 minuty"},"schema":{"@context":"https:\/\/schema.org","@graph":[{"@type":"WebPage","@id":"https:\/\/ironsky.pl\/sklep\/produkt\/czytnik-kart-ugreen-cm401-usb-c-szary\/","url":"https:\/\/ironsky.pl\/sklep\/produkt\/czytnik-kart-ugreen-cm401-usb-c-szary\/","name":"Czytnik kart UGREEN CM401 USB-C (szary) - IRONSKY.PL Sklep z Dronami","isPartOf":{"@id":"https:\/\/ironsky.pl\/sklep\/#website"},"primaryImageOfPage":{"@id":"https:\/\/ironsky.pl\/sklep\/produkt\/czytnik-kart-ugreen-cm401-usb-c-szary\/#primaryimage"},"image":{"@id":"https:\/\/ironsky.pl\/sklep\/produkt\/czytnik-kart-ugreen-cm401-usb-c-szary\/#primaryimage"},"thumbnailUrl":"https:\/\/ironsky.pl\/sklep\/wp-content\/uploads\/2025\/06\/32755_1.jpg","datePublished":"2026-04-15T08:22:19+00:00","dateModified":"2026-04-15T08:22:25+00:00","description":"Czytnik kart UGREEN CM401 USB-C (szary) - \u2705 sklep z dronami i fachowym doradztwem. \u2705 Tutaj kupisz produkty DJI, Yuneec, Parrot, Syma i wiele innych, a tak\u017ce kursy i licencje na operatora drona.","breadcrumb":{"@id":"https:\/\/ironsky.pl\/sklep\/produkt\/czytnik-kart-ugreen-cm401-usb-c-szary\/#breadcrumb"},"inLanguage":"pl-PL","potentialAction":[{"@type":"ReadAction","target":["https:\/\/ironsky.pl\/sklep\/produkt\/czytnik-kart-ugreen-cm401-usb-c-szary\/"]}]},{"@type":"ImageObject","inLanguage":"pl-PL","@id":"https:\/\/ironsky.pl\/sklep\/produkt\/czytnik-kart-ugreen-cm401-usb-c-szary\/#primaryimage","url":"https:\/\/ironsky.pl\/sklep\/wp-content\/uploads\/2025\/06\/32755_1.jpg","contentUrl":"https:\/\/ironsky.pl\/sklep\/wp-content\/uploads\/2025\/06\/32755_1.jpg","width":800,"height":800},{"@type":"BreadcrumbList","@id":"https:\/\/ironsky.pl\/sklep\/produkt\/czytnik-kart-ugreen-cm401-usb-c-szary\/#breadcrumb","itemListElement":[{"@type":"ListItem","position":1,"name":"Strona g\u0142\u00f3wna","item":"https:\/\/ironsky.pl\/sklep\/"},{"@type":"ListItem","position":2,"name":"Wszystkie produkty","item":"https:\/\/ironsky.pl\/sklep\/produkty\/"},{"@type":"ListItem","position":3,"name":"Czytnik kart UGREEN CM401 USB-C (szary)"}]},{"@type":"WebSite","@id":"https:\/\/ironsky.pl\/sklep\/#website","url":"https:\/\/ironsky.pl\/sklep\/","name":"IRONSKY.PL Sklep z Dronami","description":"IRONSKY.PL Sklep z Dronami","potentialAction":[{"@type":"SearchAction","target":{"@type":"EntryPoint","urlTemplate":"https:\/\/ironsky.pl\/sklep\/?s={search_term_string}"},"query-input":{"@type":"PropertyValueSpecification","valueRequired":true,"valueName":"search_term_string"}}],"inLanguage":"pl-PL"}]}},"_links":{"self":[{"href":"https:\/\/ironsky.pl\/sklep\/wp-json\/wp\/v2\/product\/57084","targetHints":{"allow":["GET"]}}],"collection":[{"href":"https:\/\/ironsky.pl\/sklep\/wp-json\/wp\/v2\/product"}],"about":[{"href":"https:\/\/ironsky.pl\/sklep\/wp-json\/wp\/v2\/types\/product"}],"replies":[{"embeddable":true,"href":"https:\/\/ironsky.pl\/sklep\/wp-json\/wp\/v2\/comments?post=57084"}],"wp:featuredmedia":[{"embeddable":true,"href":"https:\/\/ironsky.pl\/sklep\/wp-json\/wp\/v2\/media\/42936"}],"wp:attachment":[{"href":"https:\/\/ironsky.pl\/sklep\/wp-json\/wp\/v2\/media?parent=57084"}],"wp:term":[{"taxonomy":"product_brand","embeddable":true,"href":"https:\/\/ironsky.pl\/sklep\/wp-json\/wp\/v2\/product_brand?post=57084"},{"taxonomy":"product_cat","embeddable":true,"href":"https:\/\/ironsky.pl\/sklep\/wp-json\/wp\/v2\/product_cat?post=57084"},{"taxonomy":"product_tag","embeddable":true,"href":"https:\/\/ironsky.pl\/sklep\/wp-json\/wp\/v2\/product_tag?post=57084"}],"curies":[{"name":"wp","href":"https:\/\/api.w.org\/{rel}","templated":true}]}}