{"id":57082,"date":"2026-04-15T10:22:19","date_gmt":"2026-04-15T08:22:19","guid":{"rendered":"https:\/\/ironsky.pl\/sklep\/produkt\/podstawka-pod-laptop-ugreen-lp451-8-17-skladana-srebrna\/"},"modified":"2026-04-15T10:22:24","modified_gmt":"2026-04-15T08:22:24","slug":"podstawka-pod-laptop-ugreen-lp451-8-17-skladana-srebrna","status":"publish","type":"product","link":"https:\/\/ironsky.pl\/sklep\/produkt\/podstawka-pod-laptop-ugreen-lp451-8-17-skladana-srebrna\/","title":{"rendered":"Podstawka pod laptop UGREEN LP451 8-17&#8243; sk\u0142adana (srebrna)"},"content":{"rendered":"<h3>Ergonomiczna podstawka UGREEN LP451<\/h3>\n<p>Pracujesz lub uczysz si\u0119 zdalnie? A mo\u017ce po prostu szukasz praktycznego narz\u0119dzia, kt\u00f3re pozwoli Ci wygodnie ogl\u0105da\u0107 seriale lub przegl\u0105da\u0107 Internet? Wielofunkcyjna podstawka pod laptop marki UGREEN b\u0119dzie doskona\u0142ym wyborem! 5-stopniowa regulacja wysoko\u015bci pozwala idealnie dostosowa\u0107 j\u0105 do Twoich potrzeb, a doskonale przemy\u015blana konstrukcja gwarantuje jej stabilno\u015b\u0107, wytrzyma\u0142o\u015b\u0107 oraz lepsze rozpraszanie ciep\u0142a.<\/p>\n<p><img decoding=\"async\" src=\"https:\/\/b2b.innpro.pl\/data\/include\/cms\/UGREEN\/14.07.21\/LP451\/13.jpg?v=1628748143445\"><\/p>\n<h3>Nie tylko laptopy<\/h3>\n<p>To uniwersalne akcesorium sprawdzi si\u0119 w wielu zastosowaniach. Mo\u017ce obs\u0142u\u017cy\u0107 urz\u0105dzenia o przek\u0105tnej 8-17,3\u2033. Z powodzeniem umie\u015bcisz na nim nie tylko laptopa, ale te\u017c na przyk\u0142ad tablet, a nawet ksi\u0105\u017ck\u0119! Podstawka przyda Ci si\u0119, kiedy pracujesz, bierzesz udzia\u0142 w spotkaniu online, uczysz si\u0119, czytasz lub ogl\u0105dasz serial. Sprawd\u017a, jak jeszcze mo\u017ce u\u0142atwi\u0107 Ci \u017cycie!<\/p>\n<p><img decoding=\"async\" src=\"https:\/\/b2b.innpro.pl\/data\/include\/cms\/UGREEN\/14.07.21\/LP451\/2.jpg?v=1628748143445\"><\/p>\n<h3>Stabilna i antypo\u015blizgowa<\/h3>\n<p>Dopracowana konstrukcja podstawki zapewnia jej niezr\u00f3wnan\u0105 stabilno\u015b\u0107. Silikonowe, antypo\u015blizgowe elementy sprawiaj\u0105, \u017ce nie b\u0119dzie si\u0119 przesuwa\u0107 po powierzchni biurka. Chroni\u0105 te\u017c Twoje urz\u0105dzenia przed zarysowaniem. Nie musisz si\u0119 obawia\u0107, \u017ce laptop zsunie si\u0119 z podstawki i zostanie uszkodzony &#8211; zastosowane przez UGREEN rozwi\u0105zania gwarantuj\u0105 mu bezpiecze\u0144stwo.<\/p>\n<p><img decoding=\"async\" src=\"https:\/\/b2b.innpro.pl\/data\/include\/cms\/UGREEN\/14.07.21\/LP451\/4.jpg?v=1628748143445\"><\/p>\n<h3>Ergonomiczny design i regulowana wysoko\u015b\u0107<\/h3>\n<p>Pracuj, ucz si\u0119 lub przegl\u0105daj Internet tak d\u0142ugo, jak chcesz, nie obawiaj\u0105c si\u0119 zm\u0119czenia. Ta ergonomiczna podstawka jest zakrzywiona pod k\u0105tem 53\u00b0, co pozwala odci\u0105\u017cy\u0107 nadgarstki i unikn\u0105\u0107 dyskomfortu. Akcesorium umo\u017cliwia te\u017c 5-stopniow\u0105 regulacj\u0119 wysoko\u015bci w zakresie 46,5-136,5 mm. Dzi\u0119ki temu z \u0142atwo\u015bci\u0105 dostosujesz je do swoich przyzwyczaje\u0144 i unikniesz ewentualnego b\u00f3lu kr\u0119gos\u0142upa.<\/p>\n<p><img decoding=\"async\" src=\"https:\/\/b2b.innpro.pl\/data\/include\/cms\/UGREEN\/14.07.21\/LP451\/14.jpg?v=1628748143445\"><\/p>\n<h3>Solidna konstrukcja<\/h3>\n<p>Podstawka zosta\u0142a wykonana z wysokiej klasy stopu aluminium, kt\u00f3ry zapewnia jej niezr\u00f3wnan\u0105 wytrzyma\u0142o\u015b\u0107. Dzi\u0119ki starannemu wyko\u0144czeniu i grubo\u015bci a\u017c 4 mm jest niesamowicie odporna na uszkodzenia. Zaokr\u0105glone rogi nie tylko nadaj\u0105 jej nowoczesny, elegancki charakter, ale te\u017c chroni\u0105 Twoje urz\u0105dzenia przed zarysowaniem, a Ciebie przed skaleczeniem.<\/p>\n<p><img decoding=\"async\" src=\"https:\/\/b2b.innpro.pl\/data\/include\/cms\/UGREEN\/14.07.21\/LP451\/1.jpg?v=1628748143445\"><\/p>\n<h3>Lepsze odprowadzanie ciep\u0142a<\/h3>\n<p>Ju\u017c nie musisz si\u0119 martwi\u0107, \u017ce Tw\u00f3j laptop b\u0119dzie si\u0119 przegrzewa\u0107. Podstawka zosta\u0142a zaprojektowana w taki spos\u00f3b, aby umo\u017cliwi\u0107 mu efektywne ch\u0142odzenie. Akcesorium nie zakrywa zbyt du\u017cej powierzchni urz\u0105dzenia, zapewniaj\u0105c mu tym samym lepsze odprowadzanie ciep\u0142a. Mo\u017cesz wi\u0119c bez obaw pracowa\u0107, edytowa\u0107 zdj\u0119cia, ogl\u0105da\u0107 filmy na YouTube i odwiedza\u0107 ulubione strony Internetowe!<\/p>\n<p><img decoding=\"async\" src=\"https:\/\/b2b.innpro.pl\/data\/include\/cms\/UGREEN\/14.07.21\/LP451\/8.jpg?v=1628748143445\"><\/p>\n<h3>Sk\u0142adana konstrukcja &#8211; idealna w podr\u00f3\u017cy<\/h3>\n<p>To praktyczne akcesorium mo\u017ce Ci towarzyszy\u0107 niemal wsz\u0119dzie. Jest bardzo lekkie, a po z\u0142o\u017ceniu staje si\u0119 niezwykle kompaktowe i przeno\u015bne &#8211; bez problemu zmie\u015bcisz je w walizce, torebce czy plecaku. Zabierz je ze sob\u0105 na wakacje lub w podr\u00f3\u017c s\u0142u\u017cbow\u0105 i wygodnie korzystaj z laptopa, dok\u0105dkolwiek si\u0119 udasz!<\/p>\n<p><img decoding=\"async\" src=\"https:\/\/b2b.innpro.pl\/data\/include\/cms\/UGREEN\/14.07.21\/LP451\/7.jpg?v=1628748143445\"><\/p>\n<div class=\"table-wrapper\">\n<table>\n<tbody>\n<tr>\n<th>Producent<\/th>\n<td>UGREEN<\/td>\n<\/tr>\n<tr>\n<th>Model<\/th>\n<td>LP451<\/td>\n<\/tr>\n<tr>\n<th>Wysoko\u015b\u0107<\/th>\n<td>46,5-136,5 mm, regulowana<\/td>\n<\/tr>\n<tr>\n<th>Materia\u0142<\/th>\n<td>Stop aluminium + silikon<\/td>\n<\/tr>\n<tr>\n<th>Kolor<\/th>\n<td>Srebrny<\/td>\n<\/tr>\n<tr>\n<th>Kompatybilno\u015b\u0107<\/th>\n<td>Urz\u0105dzenia o przek\u0105tnej 8-17,3\u2033<\/td>\n<\/tr>\n<\/tbody>\n<\/table>\n<\/div>\n","protected":false},"excerpt":{"rendered":"<p>Ergonomiczna podstawka UGREEN LP451 Pracujesz lub uczysz si\u0119 zdalnie? A mo\u017ce po prostu szukasz praktycznego narz\u0119dzia, kt\u00f3re pozwoli Ci wygodnie<\/p>\n","protected":false},"featured_media":57083,"comment_status":"closed","ping_status":"open","template":"","meta":{"_acf_changed":false},"product_brand":[],"product_cat":[5929,6195],"product_tag":[],"class_list":{"0":"post-57082","1":"product","2":"type-product","3":"status-publish","4":"has-post-thumbnail","6":"product_cat-akcesoria-it","7":"product_cat-podstawki-pod-laptop","8":"pa_okres-gwarancji-5757","9":"pa_producent-ugreen","11":"first","12":"outofstock","13":"taxable","14":"shipping-taxable","15":"purchasable","16":"product-type-simple"},"acf":[],"yoast_head":"<!-- This site is optimized with the Yoast SEO plugin v27.2 - https:\/\/yoast.com\/product\/yoast-seo-wordpress\/ -->\n<title>Podstawka pod laptop UGREEN LP451 8-17&quot; sk\u0142adana (srebrna) - IRONSKY.PL Sklep z Dronami<\/title>\n<meta name=\"description\" content=\"Podstawka pod laptop UGREEN LP451 8-17&quot; sk\u0142adana (srebrna) - \u2705 sklep z dronami i fachowym doradztwem. \u2705 Tutaj kupisz produkty DJI, Yuneec, Parrot, Syma i wiele innych, a tak\u017ce kursy i licencje na operatora drona.\" \/>\n<meta name=\"robots\" content=\"index, follow, max-snippet:-1, max-image-preview:large, max-video-preview:-1\" \/>\n<link rel=\"canonical\" href=\"https:\/\/ironsky.pl\/sklep\/produkt\/podstawka-pod-laptop-ugreen-lp451-8-17-skladana-srebrna\/\" \/>\n<meta property=\"og:locale\" content=\"pl_PL\" \/>\n<meta property=\"og:type\" content=\"article\" \/>\n<meta property=\"og:title\" content=\"Podstawka pod laptop UGREEN LP451 8-17&quot; sk\u0142adana (srebrna) - IRONSKY.PL Sklep z Dronami\" \/>\n<meta property=\"og:description\" content=\"Podstawka pod laptop UGREEN LP451 8-17&quot; sk\u0142adana (srebrna) - \u2705 sklep z dronami i fachowym doradztwem. \u2705 Tutaj kupisz produkty DJI, Yuneec, Parrot, Syma i wiele innych, a tak\u017ce kursy i licencje na operatora drona.\" \/>\n<meta property=\"og:url\" content=\"https:\/\/ironsky.pl\/sklep\/produkt\/podstawka-pod-laptop-ugreen-lp451-8-17-skladana-srebrna\/\" \/>\n<meta property=\"og:site_name\" content=\"IRONSKY.PL Sklep z Dronami\" \/>\n<meta property=\"article:modified_time\" content=\"2026-04-15T08:22:24+00:00\" \/>\n<meta property=\"og:image\" content=\"https:\/\/ironsky.pl\/sklep\/wp-content\/uploads\/2026\/04\/32754_2.jpg\" \/>\n\t<meta property=\"og:image:width\" content=\"800\" \/>\n\t<meta property=\"og:image:height\" content=\"800\" \/>\n\t<meta property=\"og:image:type\" content=\"image\/jpeg\" \/>\n<meta name=\"twitter:card\" content=\"summary_large_image\" \/>\n<meta name=\"twitter:label1\" content=\"Szacowany czas czytania\" \/>\n\t<meta name=\"twitter:data1\" content=\"2 minuty\" \/>\n<script type=\"application\/ld+json\" class=\"yoast-schema-graph\">{\"@context\":\"https:\/\/schema.org\",\"@graph\":[{\"@type\":\"WebPage\",\"@id\":\"https:\/\/ironsky.pl\/sklep\/produkt\/podstawka-pod-laptop-ugreen-lp451-8-17-skladana-srebrna\/\",\"url\":\"https:\/\/ironsky.pl\/sklep\/produkt\/podstawka-pod-laptop-ugreen-lp451-8-17-skladana-srebrna\/\",\"name\":\"Podstawka pod laptop UGREEN LP451 8-17\\\" sk\u0142adana (srebrna) - IRONSKY.PL Sklep z Dronami\",\"isPartOf\":{\"@id\":\"https:\/\/ironsky.pl\/sklep\/#website\"},\"primaryImageOfPage\":{\"@id\":\"https:\/\/ironsky.pl\/sklep\/produkt\/podstawka-pod-laptop-ugreen-lp451-8-17-skladana-srebrna\/#primaryimage\"},\"image\":{\"@id\":\"https:\/\/ironsky.pl\/sklep\/produkt\/podstawka-pod-laptop-ugreen-lp451-8-17-skladana-srebrna\/#primaryimage\"},\"thumbnailUrl\":\"https:\/\/ironsky.pl\/sklep\/wp-content\/uploads\/2026\/04\/32754_2.jpg\",\"datePublished\":\"2026-04-15T08:22:19+00:00\",\"dateModified\":\"2026-04-15T08:22:24+00:00\",\"description\":\"Podstawka pod laptop UGREEN LP451 8-17\\\" sk\u0142adana (srebrna) - \u2705 sklep z dronami i fachowym doradztwem. \u2705 Tutaj kupisz produkty DJI, Yuneec, Parrot, Syma i wiele innych, a tak\u017ce kursy i licencje na operatora drona.\",\"breadcrumb\":{\"@id\":\"https:\/\/ironsky.pl\/sklep\/produkt\/podstawka-pod-laptop-ugreen-lp451-8-17-skladana-srebrna\/#breadcrumb\"},\"inLanguage\":\"pl-PL\",\"potentialAction\":[{\"@type\":\"ReadAction\",\"target\":[\"https:\/\/ironsky.pl\/sklep\/produkt\/podstawka-pod-laptop-ugreen-lp451-8-17-skladana-srebrna\/\"]}]},{\"@type\":\"ImageObject\",\"inLanguage\":\"pl-PL\",\"@id\":\"https:\/\/ironsky.pl\/sklep\/produkt\/podstawka-pod-laptop-ugreen-lp451-8-17-skladana-srebrna\/#primaryimage\",\"url\":\"https:\/\/ironsky.pl\/sklep\/wp-content\/uploads\/2026\/04\/32754_2.jpg\",\"contentUrl\":\"https:\/\/ironsky.pl\/sklep\/wp-content\/uploads\/2026\/04\/32754_2.jpg\",\"width\":800,\"height\":800},{\"@type\":\"BreadcrumbList\",\"@id\":\"https:\/\/ironsky.pl\/sklep\/produkt\/podstawka-pod-laptop-ugreen-lp451-8-17-skladana-srebrna\/#breadcrumb\",\"itemListElement\":[{\"@type\":\"ListItem\",\"position\":1,\"name\":\"Strona g\u0142\u00f3wna\",\"item\":\"https:\/\/ironsky.pl\/sklep\/\"},{\"@type\":\"ListItem\",\"position\":2,\"name\":\"Wszystkie produkty\",\"item\":\"https:\/\/ironsky.pl\/sklep\/produkty\/\"},{\"@type\":\"ListItem\",\"position\":3,\"name\":\"Podstawka pod laptop UGREEN LP451 8-17&#8243; sk\u0142adana (srebrna)\"}]},{\"@type\":\"WebSite\",\"@id\":\"https:\/\/ironsky.pl\/sklep\/#website\",\"url\":\"https:\/\/ironsky.pl\/sklep\/\",\"name\":\"IRONSKY.PL Sklep z Dronami\",\"description\":\"IRONSKY.PL Sklep z Dronami\",\"potentialAction\":[{\"@type\":\"SearchAction\",\"target\":{\"@type\":\"EntryPoint\",\"urlTemplate\":\"https:\/\/ironsky.pl\/sklep\/?s={search_term_string}\"},\"query-input\":{\"@type\":\"PropertyValueSpecification\",\"valueRequired\":true,\"valueName\":\"search_term_string\"}}],\"inLanguage\":\"pl-PL\"}]}<\/script>\n<!-- \/ Yoast SEO plugin. -->","yoast_head_json":{"title":"Podstawka pod laptop UGREEN LP451 8-17\" sk\u0142adana (srebrna) - IRONSKY.PL Sklep z Dronami","description":"Podstawka pod laptop UGREEN LP451 8-17\" sk\u0142adana (srebrna) - \u2705 sklep z dronami i fachowym doradztwem. \u2705 Tutaj kupisz produkty DJI, Yuneec, Parrot, Syma i wiele innych, a tak\u017ce kursy i licencje na operatora drona.","robots":{"index":"index","follow":"follow","max-snippet":"max-snippet:-1","max-image-preview":"max-image-preview:large","max-video-preview":"max-video-preview:-1"},"canonical":"https:\/\/ironsky.pl\/sklep\/produkt\/podstawka-pod-laptop-ugreen-lp451-8-17-skladana-srebrna\/","og_locale":"pl_PL","og_type":"article","og_title":"Podstawka pod laptop UGREEN LP451 8-17\" sk\u0142adana (srebrna) - IRONSKY.PL Sklep z Dronami","og_description":"Podstawka pod laptop UGREEN LP451 8-17\" sk\u0142adana (srebrna) - \u2705 sklep z dronami i fachowym doradztwem. \u2705 Tutaj kupisz produkty DJI, Yuneec, Parrot, Syma i wiele innych, a tak\u017ce kursy i licencje na operatora drona.","og_url":"https:\/\/ironsky.pl\/sklep\/produkt\/podstawka-pod-laptop-ugreen-lp451-8-17-skladana-srebrna\/","og_site_name":"IRONSKY.PL Sklep z Dronami","article_modified_time":"2026-04-15T08:22:24+00:00","og_image":[{"width":800,"height":800,"url":"https:\/\/ironsky.pl\/sklep\/wp-content\/uploads\/2026\/04\/32754_2.jpg","type":"image\/jpeg"}],"twitter_card":"summary_large_image","twitter_misc":{"Szacowany czas czytania":"2 minuty"},"schema":{"@context":"https:\/\/schema.org","@graph":[{"@type":"WebPage","@id":"https:\/\/ironsky.pl\/sklep\/produkt\/podstawka-pod-laptop-ugreen-lp451-8-17-skladana-srebrna\/","url":"https:\/\/ironsky.pl\/sklep\/produkt\/podstawka-pod-laptop-ugreen-lp451-8-17-skladana-srebrna\/","name":"Podstawka pod laptop UGREEN LP451 8-17\" sk\u0142adana (srebrna) - IRONSKY.PL Sklep z Dronami","isPartOf":{"@id":"https:\/\/ironsky.pl\/sklep\/#website"},"primaryImageOfPage":{"@id":"https:\/\/ironsky.pl\/sklep\/produkt\/podstawka-pod-laptop-ugreen-lp451-8-17-skladana-srebrna\/#primaryimage"},"image":{"@id":"https:\/\/ironsky.pl\/sklep\/produkt\/podstawka-pod-laptop-ugreen-lp451-8-17-skladana-srebrna\/#primaryimage"},"thumbnailUrl":"https:\/\/ironsky.pl\/sklep\/wp-content\/uploads\/2026\/04\/32754_2.jpg","datePublished":"2026-04-15T08:22:19+00:00","dateModified":"2026-04-15T08:22:24+00:00","description":"Podstawka pod laptop UGREEN LP451 8-17\" sk\u0142adana (srebrna) - \u2705 sklep z dronami i fachowym doradztwem. \u2705 Tutaj kupisz produkty DJI, Yuneec, Parrot, Syma i wiele innych, a tak\u017ce kursy i licencje na operatora drona.","breadcrumb":{"@id":"https:\/\/ironsky.pl\/sklep\/produkt\/podstawka-pod-laptop-ugreen-lp451-8-17-skladana-srebrna\/#breadcrumb"},"inLanguage":"pl-PL","potentialAction":[{"@type":"ReadAction","target":["https:\/\/ironsky.pl\/sklep\/produkt\/podstawka-pod-laptop-ugreen-lp451-8-17-skladana-srebrna\/"]}]},{"@type":"ImageObject","inLanguage":"pl-PL","@id":"https:\/\/ironsky.pl\/sklep\/produkt\/podstawka-pod-laptop-ugreen-lp451-8-17-skladana-srebrna\/#primaryimage","url":"https:\/\/ironsky.pl\/sklep\/wp-content\/uploads\/2026\/04\/32754_2.jpg","contentUrl":"https:\/\/ironsky.pl\/sklep\/wp-content\/uploads\/2026\/04\/32754_2.jpg","width":800,"height":800},{"@type":"BreadcrumbList","@id":"https:\/\/ironsky.pl\/sklep\/produkt\/podstawka-pod-laptop-ugreen-lp451-8-17-skladana-srebrna\/#breadcrumb","itemListElement":[{"@type":"ListItem","position":1,"name":"Strona g\u0142\u00f3wna","item":"https:\/\/ironsky.pl\/sklep\/"},{"@type":"ListItem","position":2,"name":"Wszystkie produkty","item":"https:\/\/ironsky.pl\/sklep\/produkty\/"},{"@type":"ListItem","position":3,"name":"Podstawka pod laptop UGREEN LP451 8-17&#8243; sk\u0142adana (srebrna)"}]},{"@type":"WebSite","@id":"https:\/\/ironsky.pl\/sklep\/#website","url":"https:\/\/ironsky.pl\/sklep\/","name":"IRONSKY.PL Sklep z Dronami","description":"IRONSKY.PL Sklep z Dronami","potentialAction":[{"@type":"SearchAction","target":{"@type":"EntryPoint","urlTemplate":"https:\/\/ironsky.pl\/sklep\/?s={search_term_string}"},"query-input":{"@type":"PropertyValueSpecification","valueRequired":true,"valueName":"search_term_string"}}],"inLanguage":"pl-PL"}]}},"_links":{"self":[{"href":"https:\/\/ironsky.pl\/sklep\/wp-json\/wp\/v2\/product\/57082","targetHints":{"allow":["GET"]}}],"collection":[{"href":"https:\/\/ironsky.pl\/sklep\/wp-json\/wp\/v2\/product"}],"about":[{"href":"https:\/\/ironsky.pl\/sklep\/wp-json\/wp\/v2\/types\/product"}],"replies":[{"embeddable":true,"href":"https:\/\/ironsky.pl\/sklep\/wp-json\/wp\/v2\/comments?post=57082"}],"wp:featuredmedia":[{"embeddable":true,"href":"https:\/\/ironsky.pl\/sklep\/wp-json\/wp\/v2\/media\/57083"}],"wp:attachment":[{"href":"https:\/\/ironsky.pl\/sklep\/wp-json\/wp\/v2\/media?parent=57082"}],"wp:term":[{"taxonomy":"product_brand","embeddable":true,"href":"https:\/\/ironsky.pl\/sklep\/wp-json\/wp\/v2\/product_brand?post=57082"},{"taxonomy":"product_cat","embeddable":true,"href":"https:\/\/ironsky.pl\/sklep\/wp-json\/wp\/v2\/product_cat?post=57082"},{"taxonomy":"product_tag","embeddable":true,"href":"https:\/\/ironsky.pl\/sklep\/wp-json\/wp\/v2\/product_tag?post=57082"}],"curies":[{"name":"wp","href":"https:\/\/api.w.org\/{rel}","templated":true}]}}