{"id":57075,"date":"2026-04-15T10:21:50","date_gmt":"2026-04-15T08:21:50","guid":{"rendered":"https:\/\/ironsky.pl\/sklep\/produkt\/czytnik-kart-ugreen-cm304-usb-a-usb-c-sd-microsd-czarny\/"},"modified":"2026-04-15T10:22:18","modified_gmt":"2026-04-15T08:22:18","slug":"czytnik-kart-ugreen-cm304-usb-a-usb-c-sd-microsd-czarny","status":"publish","type":"product","link":"https:\/\/ironsky.pl\/sklep\/produkt\/czytnik-kart-ugreen-cm304-usb-a-usb-c-sd-microsd-czarny\/","title":{"rendered":"Czytnik kart UGREEN CM304 USB-A\/USB-C SD\/microSD (czarny)"},"content":{"rendered":"<h3>Czytnik kart pami\u0119ci UGREEN CM304<\/h3>\n<p>Adapter UGREEN CM304 umo\u017cliwia jednoczesny odczyt 2 kart pami\u0119ci o pojemno\u015bci do 2 TB. Zapewnia niezawodn\u0105 transmisj\u0119 danych z pr\u0119dko\u015bci\u0105 do 5 Gbps. Wyr\u00f3\u017cnia go tak\u017ce szeroka kompatybilno\u015b\u0107, lekko\u015b\u0107 i por\u0119czno\u015b\u0107. Mo\u017cesz pod\u0142\u0105czy\u0107 go do komputera lub smartfona za pomoc\u0105 USB lub USB-C.<\/p>\n<p><img decoding=\"async\" src=\"https:\/\/b2b.innpro.pl\/data\/include\/cms\/012UGREEN\/CM304\/1.jpg?v=1637344852495\"><\/p>\n<h3>B\u0142yskawiczna transmisja danych<\/h3>\n<p>Urz\u0105dzenie zosta\u0142o wyposa\u017cone w zaawansowany chip, kt\u00f3ry zapewnia szybk\u0105 i stabiln\u0105 transmisj\u0119 danych. Za jego pomoc\u0105 mo\u017cesz przesy\u0142a\u0107 pliki z pr\u0119dko\u015bci\u0105 nawet 5 Gbps!<\/p>\n<p><img decoding=\"async\" src=\"https:\/\/b2b.innpro.pl\/data\/include\/cms\/012UGREEN\/CM304\/5.jpg?v=1637344852495\"><\/p>\n<h3>Korzystaj z 2 kart pami\u0119ci jednocze\u015bnie<\/h3>\n<p>Czytnik ma wbudowane 2 gniazda &#8211; na kart\u0119 SD oraz TF. Aby umie\u015bci\u0107 w nim kart\u0119, wystarczy delikatnie j\u0105 nacisn\u0105\u0107! Urz\u0105dzenie obs\u0142uguje no\u015bniki pami\u0119ci o pojemno\u015bci do 2TB.<\/p>\n<p><img decoding=\"async\" src=\"https:\/\/b2b.innpro.pl\/data\/include\/cms\/012UGREEN\/CM304\/3.jpg?v=1637344852495\"><\/p>\n<h3>Szeroka kompatybilno\u015b\u0107<\/h3>\n<p>Problemy z kompatybilno\u015bci\u0105 to ju\u017c przesz\u0142o\u015b\u0107. Adapter doskonale wsp\u00f3\u0142pracuje zar\u00f3wno z komputerami i laptopami, jak i z tabletami oraz smartfonami. Obs\u0142uguje te\u017c OTG. Dzi\u0119ki interfejsom USB i USB-C bez problemu pod\u0142\u0105czysz go do r\u00f3\u017cnych urz\u0105dze\u0144. Czytnik jest kompatybilny z systemami takimi jak Mac OS, Windows czy Linux.<\/p>\n<p><img decoding=\"async\" src=\"https:\/\/b2b.innpro.pl\/data\/include\/cms\/012UGREEN\/CM304\/2.jpg?v=1637344852495\"><\/p>\n<h3>Mo\u017cesz mie\u0107 go zawsze przy sobie<\/h3>\n<p>Urz\u0105dzenie jest niezwykle lekkie i kompaktowe &#8211; mo\u017cesz wi\u0119c mie\u0107 je zawsze pod r\u0119k\u0105. Bez problemu schowasz je w torebce lub przypniesz do plecaka i zabierzesz do pracy albo na wakacje. Co wi\u0119cej, specjalne nak\u0142adki chroni\u0105 czytnik przed kurzem.<\/p>\n<p><img decoding=\"async\" src=\"https:\/\/b2b.innpro.pl\/data\/include\/cms\/012UGREEN\/CM304\/6.jpg?v=1637344852495\"><\/p>\n<div class=\"table-wrapper\">\n<table>\n<tbody>\n<tr>\n<th>Producent<\/th>\n<td>UGREEN<\/td>\n<\/tr>\n<tr>\n<th>Model<\/th>\n<td>CM304<\/td>\n<\/tr>\n<tr>\n<th>Materia\u0142<\/th>\n<td>ABS<\/td>\n<\/tr>\n<tr>\n<th>Interfejs<\/th>\n<td>USB + USB-C<\/td>\n<\/tr>\n<tr>\n<th>Maks. pojemno\u015b\u0107 karty<\/th>\n<td>2 TB<\/td>\n<\/tr>\n<tr>\n<th>Porty<\/th>\n<td>Gniazdo na kart\u0119 SD, gniazdo na kart\u0119 TF<\/td>\n<\/tr>\n<tr>\n<th>Pr\u0119dko\u015b\u0107 transmisji<\/th>\n<td>Do 5 Gbps<\/td>\n<\/tr>\n<\/tbody>\n<\/table>\n<\/div>\n","protected":false},"excerpt":{"rendered":"<p>Czytnik kart pami\u0119ci UGREEN CM304 Adapter UGREEN CM304 umo\u017cliwia jednoczesny odczyt 2 kart pami\u0119ci o pojemno\u015bci do 2 TB. Zapewnia<\/p>\n","protected":false},"featured_media":42880,"comment_status":"closed","ping_status":"open","template":"","meta":{"_acf_changed":false},"product_brand":[],"product_cat":[5929,5943],"product_tag":[],"class_list":{"0":"post-57075","1":"product","2":"type-product","3":"status-publish","4":"has-post-thumbnail","6":"product_cat-akcesoria-it","7":"product_cat-czytniki-kart","8":"pa_okres-gwarancji-5757","9":"pa_producent-ugreen","11":"first","12":"outofstock","13":"taxable","14":"shipping-taxable","15":"purchasable","16":"product-type-simple"},"acf":[],"yoast_head":"<!-- This site is optimized with the Yoast SEO plugin v27.2 - https:\/\/yoast.com\/product\/yoast-seo-wordpress\/ -->\n<title>Czytnik kart UGREEN CM304 USB-A\/USB-C SD\/microSD (czarny) - IRONSKY.PL Sklep z Dronami<\/title>\n<meta name=\"description\" content=\"Czytnik kart UGREEN CM304 USB-A\/USB-C SD\/microSD (czarny) - \u2705 sklep z dronami i fachowym doradztwem. \u2705 Tutaj kupisz produkty DJI, Yuneec, Parrot, Syma i wiele innych, a tak\u017ce kursy i licencje na operatora drona.\" \/>\n<meta name=\"robots\" content=\"index, follow, max-snippet:-1, max-image-preview:large, max-video-preview:-1\" \/>\n<link rel=\"canonical\" href=\"https:\/\/ironsky.pl\/sklep\/produkt\/czytnik-kart-ugreen-cm304-usb-a-usb-c-sd-microsd-czarny\/\" \/>\n<meta property=\"og:locale\" content=\"pl_PL\" \/>\n<meta property=\"og:type\" content=\"article\" \/>\n<meta property=\"og:title\" content=\"Czytnik kart UGREEN CM304 USB-A\/USB-C SD\/microSD (czarny) - IRONSKY.PL Sklep z Dronami\" \/>\n<meta property=\"og:description\" content=\"Czytnik kart UGREEN CM304 USB-A\/USB-C SD\/microSD (czarny) - \u2705 sklep z dronami i fachowym doradztwem. \u2705 Tutaj kupisz produkty DJI, Yuneec, Parrot, Syma i wiele innych, a tak\u017ce kursy i licencje na operatora drona.\" \/>\n<meta property=\"og:url\" content=\"https:\/\/ironsky.pl\/sklep\/produkt\/czytnik-kart-ugreen-cm304-usb-a-usb-c-sd-microsd-czarny\/\" \/>\n<meta property=\"og:site_name\" content=\"IRONSKY.PL Sklep z Dronami\" \/>\n<meta property=\"article:modified_time\" content=\"2026-04-15T08:22:18+00:00\" \/>\n<meta property=\"og:image\" content=\"https:\/\/ironsky.pl\/sklep\/wp-content\/uploads\/2025\/06\/32584_1.jpg\" \/>\n\t<meta property=\"og:image:width\" content=\"800\" \/>\n\t<meta property=\"og:image:height\" content=\"800\" \/>\n\t<meta property=\"og:image:type\" content=\"image\/jpeg\" \/>\n<meta name=\"twitter:card\" content=\"summary_large_image\" \/>\n<meta name=\"twitter:label1\" content=\"Szacowany czas czytania\" \/>\n\t<meta name=\"twitter:data1\" content=\"1 minuta\" \/>\n<script type=\"application\/ld+json\" class=\"yoast-schema-graph\">{\"@context\":\"https:\/\/schema.org\",\"@graph\":[{\"@type\":\"WebPage\",\"@id\":\"https:\/\/ironsky.pl\/sklep\/produkt\/czytnik-kart-ugreen-cm304-usb-a-usb-c-sd-microsd-czarny\/\",\"url\":\"https:\/\/ironsky.pl\/sklep\/produkt\/czytnik-kart-ugreen-cm304-usb-a-usb-c-sd-microsd-czarny\/\",\"name\":\"Czytnik kart UGREEN CM304 USB-A\/USB-C SD\/microSD (czarny) - IRONSKY.PL Sklep z Dronami\",\"isPartOf\":{\"@id\":\"https:\/\/ironsky.pl\/sklep\/#website\"},\"primaryImageOfPage\":{\"@id\":\"https:\/\/ironsky.pl\/sklep\/produkt\/czytnik-kart-ugreen-cm304-usb-a-usb-c-sd-microsd-czarny\/#primaryimage\"},\"image\":{\"@id\":\"https:\/\/ironsky.pl\/sklep\/produkt\/czytnik-kart-ugreen-cm304-usb-a-usb-c-sd-microsd-czarny\/#primaryimage\"},\"thumbnailUrl\":\"https:\/\/ironsky.pl\/sklep\/wp-content\/uploads\/2025\/06\/32584_1.jpg\",\"datePublished\":\"2026-04-15T08:21:50+00:00\",\"dateModified\":\"2026-04-15T08:22:18+00:00\",\"description\":\"Czytnik kart UGREEN CM304 USB-A\/USB-C SD\/microSD (czarny) - \u2705 sklep z dronami i fachowym doradztwem. \u2705 Tutaj kupisz produkty DJI, Yuneec, Parrot, Syma i wiele innych, a tak\u017ce kursy i licencje na operatora drona.\",\"breadcrumb\":{\"@id\":\"https:\/\/ironsky.pl\/sklep\/produkt\/czytnik-kart-ugreen-cm304-usb-a-usb-c-sd-microsd-czarny\/#breadcrumb\"},\"inLanguage\":\"pl-PL\",\"potentialAction\":[{\"@type\":\"ReadAction\",\"target\":[\"https:\/\/ironsky.pl\/sklep\/produkt\/czytnik-kart-ugreen-cm304-usb-a-usb-c-sd-microsd-czarny\/\"]}]},{\"@type\":\"ImageObject\",\"inLanguage\":\"pl-PL\",\"@id\":\"https:\/\/ironsky.pl\/sklep\/produkt\/czytnik-kart-ugreen-cm304-usb-a-usb-c-sd-microsd-czarny\/#primaryimage\",\"url\":\"https:\/\/ironsky.pl\/sklep\/wp-content\/uploads\/2025\/06\/32584_1.jpg\",\"contentUrl\":\"https:\/\/ironsky.pl\/sklep\/wp-content\/uploads\/2025\/06\/32584_1.jpg\",\"width\":800,\"height\":800},{\"@type\":\"BreadcrumbList\",\"@id\":\"https:\/\/ironsky.pl\/sklep\/produkt\/czytnik-kart-ugreen-cm304-usb-a-usb-c-sd-microsd-czarny\/#breadcrumb\",\"itemListElement\":[{\"@type\":\"ListItem\",\"position\":1,\"name\":\"Strona g\u0142\u00f3wna\",\"item\":\"https:\/\/ironsky.pl\/sklep\/\"},{\"@type\":\"ListItem\",\"position\":2,\"name\":\"Wszystkie produkty\",\"item\":\"https:\/\/ironsky.pl\/sklep\/produkty\/\"},{\"@type\":\"ListItem\",\"position\":3,\"name\":\"Czytnik kart UGREEN CM304 USB-A\/USB-C SD\/microSD (czarny)\"}]},{\"@type\":\"WebSite\",\"@id\":\"https:\/\/ironsky.pl\/sklep\/#website\",\"url\":\"https:\/\/ironsky.pl\/sklep\/\",\"name\":\"IRONSKY.PL Sklep z Dronami\",\"description\":\"IRONSKY.PL Sklep z Dronami\",\"potentialAction\":[{\"@type\":\"SearchAction\",\"target\":{\"@type\":\"EntryPoint\",\"urlTemplate\":\"https:\/\/ironsky.pl\/sklep\/?s={search_term_string}\"},\"query-input\":{\"@type\":\"PropertyValueSpecification\",\"valueRequired\":true,\"valueName\":\"search_term_string\"}}],\"inLanguage\":\"pl-PL\"}]}<\/script>\n<!-- \/ Yoast SEO plugin. -->","yoast_head_json":{"title":"Czytnik kart UGREEN CM304 USB-A\/USB-C SD\/microSD (czarny) - IRONSKY.PL Sklep z Dronami","description":"Czytnik kart UGREEN CM304 USB-A\/USB-C SD\/microSD (czarny) - \u2705 sklep z dronami i fachowym doradztwem. \u2705 Tutaj kupisz produkty DJI, Yuneec, Parrot, Syma i wiele innych, a tak\u017ce kursy i licencje na operatora drona.","robots":{"index":"index","follow":"follow","max-snippet":"max-snippet:-1","max-image-preview":"max-image-preview:large","max-video-preview":"max-video-preview:-1"},"canonical":"https:\/\/ironsky.pl\/sklep\/produkt\/czytnik-kart-ugreen-cm304-usb-a-usb-c-sd-microsd-czarny\/","og_locale":"pl_PL","og_type":"article","og_title":"Czytnik kart UGREEN CM304 USB-A\/USB-C SD\/microSD (czarny) - IRONSKY.PL Sklep z Dronami","og_description":"Czytnik kart UGREEN CM304 USB-A\/USB-C SD\/microSD (czarny) - \u2705 sklep z dronami i fachowym doradztwem. \u2705 Tutaj kupisz produkty DJI, Yuneec, Parrot, Syma i wiele innych, a tak\u017ce kursy i licencje na operatora drona.","og_url":"https:\/\/ironsky.pl\/sklep\/produkt\/czytnik-kart-ugreen-cm304-usb-a-usb-c-sd-microsd-czarny\/","og_site_name":"IRONSKY.PL Sklep z Dronami","article_modified_time":"2026-04-15T08:22:18+00:00","og_image":[{"width":800,"height":800,"url":"https:\/\/ironsky.pl\/sklep\/wp-content\/uploads\/2025\/06\/32584_1.jpg","type":"image\/jpeg"}],"twitter_card":"summary_large_image","twitter_misc":{"Szacowany czas czytania":"1 minuta"},"schema":{"@context":"https:\/\/schema.org","@graph":[{"@type":"WebPage","@id":"https:\/\/ironsky.pl\/sklep\/produkt\/czytnik-kart-ugreen-cm304-usb-a-usb-c-sd-microsd-czarny\/","url":"https:\/\/ironsky.pl\/sklep\/produkt\/czytnik-kart-ugreen-cm304-usb-a-usb-c-sd-microsd-czarny\/","name":"Czytnik kart UGREEN CM304 USB-A\/USB-C SD\/microSD (czarny) - IRONSKY.PL Sklep z Dronami","isPartOf":{"@id":"https:\/\/ironsky.pl\/sklep\/#website"},"primaryImageOfPage":{"@id":"https:\/\/ironsky.pl\/sklep\/produkt\/czytnik-kart-ugreen-cm304-usb-a-usb-c-sd-microsd-czarny\/#primaryimage"},"image":{"@id":"https:\/\/ironsky.pl\/sklep\/produkt\/czytnik-kart-ugreen-cm304-usb-a-usb-c-sd-microsd-czarny\/#primaryimage"},"thumbnailUrl":"https:\/\/ironsky.pl\/sklep\/wp-content\/uploads\/2025\/06\/32584_1.jpg","datePublished":"2026-04-15T08:21:50+00:00","dateModified":"2026-04-15T08:22:18+00:00","description":"Czytnik kart UGREEN CM304 USB-A\/USB-C SD\/microSD (czarny) - \u2705 sklep z dronami i fachowym doradztwem. \u2705 Tutaj kupisz produkty DJI, Yuneec, Parrot, Syma i wiele innych, a tak\u017ce kursy i licencje na operatora drona.","breadcrumb":{"@id":"https:\/\/ironsky.pl\/sklep\/produkt\/czytnik-kart-ugreen-cm304-usb-a-usb-c-sd-microsd-czarny\/#breadcrumb"},"inLanguage":"pl-PL","potentialAction":[{"@type":"ReadAction","target":["https:\/\/ironsky.pl\/sklep\/produkt\/czytnik-kart-ugreen-cm304-usb-a-usb-c-sd-microsd-czarny\/"]}]},{"@type":"ImageObject","inLanguage":"pl-PL","@id":"https:\/\/ironsky.pl\/sklep\/produkt\/czytnik-kart-ugreen-cm304-usb-a-usb-c-sd-microsd-czarny\/#primaryimage","url":"https:\/\/ironsky.pl\/sklep\/wp-content\/uploads\/2025\/06\/32584_1.jpg","contentUrl":"https:\/\/ironsky.pl\/sklep\/wp-content\/uploads\/2025\/06\/32584_1.jpg","width":800,"height":800},{"@type":"BreadcrumbList","@id":"https:\/\/ironsky.pl\/sklep\/produkt\/czytnik-kart-ugreen-cm304-usb-a-usb-c-sd-microsd-czarny\/#breadcrumb","itemListElement":[{"@type":"ListItem","position":1,"name":"Strona g\u0142\u00f3wna","item":"https:\/\/ironsky.pl\/sklep\/"},{"@type":"ListItem","position":2,"name":"Wszystkie produkty","item":"https:\/\/ironsky.pl\/sklep\/produkty\/"},{"@type":"ListItem","position":3,"name":"Czytnik kart UGREEN CM304 USB-A\/USB-C SD\/microSD (czarny)"}]},{"@type":"WebSite","@id":"https:\/\/ironsky.pl\/sklep\/#website","url":"https:\/\/ironsky.pl\/sklep\/","name":"IRONSKY.PL Sklep z Dronami","description":"IRONSKY.PL Sklep z Dronami","potentialAction":[{"@type":"SearchAction","target":{"@type":"EntryPoint","urlTemplate":"https:\/\/ironsky.pl\/sklep\/?s={search_term_string}"},"query-input":{"@type":"PropertyValueSpecification","valueRequired":true,"valueName":"search_term_string"}}],"inLanguage":"pl-PL"}]}},"_links":{"self":[{"href":"https:\/\/ironsky.pl\/sklep\/wp-json\/wp\/v2\/product\/57075","targetHints":{"allow":["GET"]}}],"collection":[{"href":"https:\/\/ironsky.pl\/sklep\/wp-json\/wp\/v2\/product"}],"about":[{"href":"https:\/\/ironsky.pl\/sklep\/wp-json\/wp\/v2\/types\/product"}],"replies":[{"embeddable":true,"href":"https:\/\/ironsky.pl\/sklep\/wp-json\/wp\/v2\/comments?post=57075"}],"wp:featuredmedia":[{"embeddable":true,"href":"https:\/\/ironsky.pl\/sklep\/wp-json\/wp\/v2\/media\/42880"}],"wp:attachment":[{"href":"https:\/\/ironsky.pl\/sklep\/wp-json\/wp\/v2\/media?parent=57075"}],"wp:term":[{"taxonomy":"product_brand","embeddable":true,"href":"https:\/\/ironsky.pl\/sklep\/wp-json\/wp\/v2\/product_brand?post=57075"},{"taxonomy":"product_cat","embeddable":true,"href":"https:\/\/ironsky.pl\/sklep\/wp-json\/wp\/v2\/product_cat?post=57075"},{"taxonomy":"product_tag","embeddable":true,"href":"https:\/\/ironsky.pl\/sklep\/wp-json\/wp\/v2\/product_tag?post=57075"}],"curies":[{"name":"wp","href":"https:\/\/api.w.org\/{rel}","templated":true}]}}