{"id":57053,"date":"2026-04-15T10:21:50","date_gmt":"2026-04-15T08:21:50","guid":{"rendered":"https:\/\/ironsky.pl\/sklep\/produkt\/szklo-hartowane-sunnylife-dji-rc-pro-5-5\/"},"modified":"2026-04-15T10:21:59","modified_gmt":"2026-04-15T08:21:59","slug":"szklo-hartowane-sunnylife-dji-rc-pro-5-5","status":"publish","type":"product","link":"https:\/\/ironsky.pl\/sklep\/produkt\/szklo-hartowane-sunnylife-dji-rc-pro-5-5\/","title":{"rendered":"Szk\u0142o hartowane SUNNYLIFE DJI RC Pro 5.5&#8243;"},"content":{"rendered":"<h3>Szk\u0142o hartowane 5.5&#8243; Sunnylife do kontrolera DJI RC Pro (M2-GHM9172)<\/h3>\n<p>To niezb\u0119dne akcesorium skutecznie ochroni ekran Twojego kontrolera przed wszelkimi zarysowaniami, czy p\u0119kni\u0119ciami, zachowuj\u0105c p\u0142ynno\u015b\u0107 jego reakcji na dotyk. Szk\u0142o charakteryzuje si\u0119 stopniem twardo\u015bci 9H, jest wysoce transparentne, a zaokr\u0105glone wyko\u0144czenie 2.5D sprawia, \u017ce delikatne kraw\u0119dzie ekranu s\u0105 jeszcze lepiej chronione. Dodatkowo zapewnia doskona\u0142\u0105 p\u0142ynno\u015b\u0107 obs\u0142ugi ekranu. Szk\u0142o Sunnylife zosta\u0142o wyposa\u017cone w pow\u0142ok\u0119 oleofobow\u0105, co pozwoli Ci utrzyma\u0107 ekran w czysto\u015bci.<\/p>\n<p><img decoding=\"async\" src=\"https:\/\/b2b.innpro.pl\/data\/include\/cms\/Sunnylife\/M2-GHM9172\/7.jpg\" border=\"0\" alt=\"Sunnylife\/M2-GHM9172\/7\" \/><\/p>\n<h3>Naturalna kolorystyka obrazu<\/h3>\n<p>Szk\u0142o, mimo du\u017cego stopnia ochrony, jest wysoce transparentne, co oznacza, \u017ce nie zaburza jako\u015bci wy\u015bwietlanego obrazu. Korzystaj\u0105c z kontrolera zawsze widzisz obraz w High Definition o czystej i naturalnej kolorystyce.<\/p>\n<p><img decoding=\"async\" src=\"https:\/\/b2b.innpro.pl\/data\/include\/cms\/Sunnylife\/M2-GHM9172\/1.jpg\" border=\"0\" alt=\"Sunnylife\/M2-GHM9172\/1\" \/><\/p>\n<h3>Idealne dopasowanie<\/h3>\n<p>Szk\u0142o hartowane Sunnylife o wymiarze 5.5\u2019\u2019 zosta\u0142o zaprojektowane specjalnie dla DJI RC z serii PRO\/M300RTK\/MAVIC 2\/T20, dlatego idealnie przylega do ekranu, zapewniaj\u0105c mu kompleksow\u0105 ochron\u0119. Wyko\u0144czenie 2.5D sprawia, \u017ce szczeg\u00f3lnie nara\u017cone na uszkodzenia kraw\u0119dzie s\u0105 w pe\u0142ni bezpieczne! Monta\u017c szk\u0142a nie sprawi Ci \u017cadnego problemu.<\/p>\n<p><img decoding=\"async\" src=\"https:\/\/b2b.innpro.pl\/data\/include\/cms\/Sunnylife\/M2-GHM9172\/5.jpg\" border=\"0\" alt=\"Sunnylife\/M2-GHM9172\/5\" \/><\/p>\n<h3>Solidna ochrona bez zanieczyszcze\u0144<\/h3>\n<p>Stopie\u0144 twardo\u015bci na poziomie 9H zapewnia skuteczn\u0105 ochron\u0119 przed wszelkimi p\u0119kni\u0119ciami i zarysowaniami, wi\u0119c mo\u017cesz korzysta\u0107 ze swojego sprz\u0119tu bez obaw o jego uszkodzenie. Co wi\u0119cej, dodatkowa pow\u0142oka oleofobowa b\u0119dzie chroni\u0107 ekran przed niechcianymi odciskami palc\u00f3w i t\u0142ustymi plamami, dzi\u0119ki czemu utrzymanie go w czysto\u015bci b\u0119dzie jeszcze \u0142atwiejsze!<\/p>\n<p><img decoding=\"async\" src=\"https:\/\/b2b.innpro.pl\/data\/include\/cms\/Sunnylife\/M2-GHM9172\/3.jpg\" border=\"0\" alt=\"Sunnylife\/M2-GHM9172\/3\" \/><\/p>\n<div class=\"table-wrapper\">\n<table>\n<tbody>\n<tr>\n<th>Producent<\/th>\n<td>Sunnylife<\/td>\n<\/tr>\n<tr>\n<th>Model<\/th>\n<td>M2-GHM9172<\/td>\n<\/tr>\n<tr>\n<th>Kompatybilno\u015b\u0107<\/th>\n<td>DJI RC PRO\/M300RTK\/MAVIC 2\/T20<\/td>\n<\/tr>\n<\/tbody>\n<\/table>\n<\/div>\n","protected":false},"excerpt":{"rendered":"<p>Szk\u0142o hartowane 5.5&#8243; Sunnylife do kontrolera DJI RC Pro (M2-GHM9172) To niezb\u0119dne akcesorium skutecznie ochroni ekran Twojego kontrolera przed wszelkimi<\/p>\n","protected":false},"featured_media":57054,"comment_status":"closed","ping_status":"open","template":"","meta":{"_acf_changed":false},"product_brand":[],"product_cat":[6167,6170,1088],"product_tag":[],"class_list":{"0":"post-57053","1":"product","2":"type-product","3":"status-publish","4":"has-post-thumbnail","6":"product_cat-akcesoria-do-dronow","7":"product_cat-dji-akcesoria-do-dronow","8":"product_cat-drony","9":"pa_okres-gwarancji-5754","10":"pa_producent-sunnylife","12":"first","13":"instock","14":"taxable","15":"shipping-taxable","16":"purchasable","17":"product-type-simple"},"acf":[],"yoast_head":"<!-- This site is optimized with the Yoast SEO plugin v27.2 - https:\/\/yoast.com\/product\/yoast-seo-wordpress\/ -->\n<title>Szk\u0142o hartowane SUNNYLIFE DJI RC Pro 5.5&quot; - IRONSKY.PL Sklep z Dronami<\/title>\n<meta name=\"description\" content=\"Szk\u0142o hartowane SUNNYLIFE DJI RC Pro 5.5&quot; - \u2705 sklep z dronami i fachowym doradztwem. \u2705 Tutaj kupisz produkty DJI, Yuneec, Parrot, Syma i wiele innych, a tak\u017ce kursy i licencje na operatora drona.\" \/>\n<meta name=\"robots\" content=\"index, follow, max-snippet:-1, max-image-preview:large, max-video-preview:-1\" \/>\n<link rel=\"canonical\" href=\"https:\/\/ironsky.pl\/sklep\/produkt\/szklo-hartowane-sunnylife-dji-rc-pro-5-5\/\" \/>\n<meta property=\"og:locale\" content=\"pl_PL\" \/>\n<meta property=\"og:type\" content=\"article\" \/>\n<meta property=\"og:title\" content=\"Szk\u0142o hartowane SUNNYLIFE DJI RC Pro 5.5&quot; - IRONSKY.PL Sklep z Dronami\" \/>\n<meta property=\"og:description\" content=\"Szk\u0142o hartowane SUNNYLIFE DJI RC Pro 5.5&quot; - \u2705 sklep z dronami i fachowym doradztwem. \u2705 Tutaj kupisz produkty DJI, Yuneec, Parrot, Syma i wiele innych, a tak\u017ce kursy i licencje na operatora drona.\" \/>\n<meta property=\"og:url\" content=\"https:\/\/ironsky.pl\/sklep\/produkt\/szklo-hartowane-sunnylife-dji-rc-pro-5-5\/\" \/>\n<meta property=\"og:site_name\" content=\"IRONSKY.PL Sklep z Dronami\" \/>\n<meta property=\"article:modified_time\" content=\"2026-04-15T08:21:59+00:00\" \/>\n<meta property=\"og:image\" content=\"https:\/\/ironsky.pl\/sklep\/wp-content\/uploads\/2026\/04\/32530_1.jpg\" \/>\n\t<meta property=\"og:image:width\" content=\"800\" \/>\n\t<meta property=\"og:image:height\" content=\"800\" \/>\n\t<meta property=\"og:image:type\" content=\"image\/jpeg\" \/>\n<meta name=\"twitter:card\" content=\"summary_large_image\" \/>\n<meta name=\"twitter:label1\" content=\"Szacowany czas czytania\" \/>\n\t<meta name=\"twitter:data1\" content=\"1 minuta\" \/>\n<script type=\"application\/ld+json\" class=\"yoast-schema-graph\">{\"@context\":\"https:\/\/schema.org\",\"@graph\":[{\"@type\":\"WebPage\",\"@id\":\"https:\/\/ironsky.pl\/sklep\/produkt\/szklo-hartowane-sunnylife-dji-rc-pro-5-5\/\",\"url\":\"https:\/\/ironsky.pl\/sklep\/produkt\/szklo-hartowane-sunnylife-dji-rc-pro-5-5\/\",\"name\":\"Szk\u0142o hartowane SUNNYLIFE DJI RC Pro 5.5\\\" - IRONSKY.PL Sklep z Dronami\",\"isPartOf\":{\"@id\":\"https:\/\/ironsky.pl\/sklep\/#website\"},\"primaryImageOfPage\":{\"@id\":\"https:\/\/ironsky.pl\/sklep\/produkt\/szklo-hartowane-sunnylife-dji-rc-pro-5-5\/#primaryimage\"},\"image\":{\"@id\":\"https:\/\/ironsky.pl\/sklep\/produkt\/szklo-hartowane-sunnylife-dji-rc-pro-5-5\/#primaryimage\"},\"thumbnailUrl\":\"https:\/\/ironsky.pl\/sklep\/wp-content\/uploads\/2026\/04\/32530_1.jpg\",\"datePublished\":\"2026-04-15T08:21:50+00:00\",\"dateModified\":\"2026-04-15T08:21:59+00:00\",\"description\":\"Szk\u0142o hartowane SUNNYLIFE DJI RC Pro 5.5\\\" - \u2705 sklep z dronami i fachowym doradztwem. \u2705 Tutaj kupisz produkty DJI, Yuneec, Parrot, Syma i wiele innych, a tak\u017ce kursy i licencje na operatora drona.\",\"breadcrumb\":{\"@id\":\"https:\/\/ironsky.pl\/sklep\/produkt\/szklo-hartowane-sunnylife-dji-rc-pro-5-5\/#breadcrumb\"},\"inLanguage\":\"pl-PL\",\"potentialAction\":[{\"@type\":\"ReadAction\",\"target\":[\"https:\/\/ironsky.pl\/sklep\/produkt\/szklo-hartowane-sunnylife-dji-rc-pro-5-5\/\"]}]},{\"@type\":\"ImageObject\",\"inLanguage\":\"pl-PL\",\"@id\":\"https:\/\/ironsky.pl\/sklep\/produkt\/szklo-hartowane-sunnylife-dji-rc-pro-5-5\/#primaryimage\",\"url\":\"https:\/\/ironsky.pl\/sklep\/wp-content\/uploads\/2026\/04\/32530_1.jpg\",\"contentUrl\":\"https:\/\/ironsky.pl\/sklep\/wp-content\/uploads\/2026\/04\/32530_1.jpg\",\"width\":800,\"height\":800},{\"@type\":\"BreadcrumbList\",\"@id\":\"https:\/\/ironsky.pl\/sklep\/produkt\/szklo-hartowane-sunnylife-dji-rc-pro-5-5\/#breadcrumb\",\"itemListElement\":[{\"@type\":\"ListItem\",\"position\":1,\"name\":\"Strona g\u0142\u00f3wna\",\"item\":\"https:\/\/ironsky.pl\/sklep\/\"},{\"@type\":\"ListItem\",\"position\":2,\"name\":\"Wszystkie produkty\",\"item\":\"https:\/\/ironsky.pl\/sklep\/produkty\/\"},{\"@type\":\"ListItem\",\"position\":3,\"name\":\"Szk\u0142o hartowane SUNNYLIFE DJI RC Pro 5.5&#8243;\"}]},{\"@type\":\"WebSite\",\"@id\":\"https:\/\/ironsky.pl\/sklep\/#website\",\"url\":\"https:\/\/ironsky.pl\/sklep\/\",\"name\":\"IRONSKY.PL Sklep z Dronami\",\"description\":\"IRONSKY.PL Sklep z Dronami\",\"potentialAction\":[{\"@type\":\"SearchAction\",\"target\":{\"@type\":\"EntryPoint\",\"urlTemplate\":\"https:\/\/ironsky.pl\/sklep\/?s={search_term_string}\"},\"query-input\":{\"@type\":\"PropertyValueSpecification\",\"valueRequired\":true,\"valueName\":\"search_term_string\"}}],\"inLanguage\":\"pl-PL\"}]}<\/script>\n<!-- \/ Yoast SEO plugin. -->","yoast_head_json":{"title":"Szk\u0142o hartowane SUNNYLIFE DJI RC Pro 5.5\" - IRONSKY.PL Sklep z Dronami","description":"Szk\u0142o hartowane SUNNYLIFE DJI RC Pro 5.5\" - \u2705 sklep z dronami i fachowym doradztwem. \u2705 Tutaj kupisz produkty DJI, Yuneec, Parrot, Syma i wiele innych, a tak\u017ce kursy i licencje na operatora drona.","robots":{"index":"index","follow":"follow","max-snippet":"max-snippet:-1","max-image-preview":"max-image-preview:large","max-video-preview":"max-video-preview:-1"},"canonical":"https:\/\/ironsky.pl\/sklep\/produkt\/szklo-hartowane-sunnylife-dji-rc-pro-5-5\/","og_locale":"pl_PL","og_type":"article","og_title":"Szk\u0142o hartowane SUNNYLIFE DJI RC Pro 5.5\" - IRONSKY.PL Sklep z Dronami","og_description":"Szk\u0142o hartowane SUNNYLIFE DJI RC Pro 5.5\" - \u2705 sklep z dronami i fachowym doradztwem. \u2705 Tutaj kupisz produkty DJI, Yuneec, Parrot, Syma i wiele innych, a tak\u017ce kursy i licencje na operatora drona.","og_url":"https:\/\/ironsky.pl\/sklep\/produkt\/szklo-hartowane-sunnylife-dji-rc-pro-5-5\/","og_site_name":"IRONSKY.PL Sklep z Dronami","article_modified_time":"2026-04-15T08:21:59+00:00","og_image":[{"width":800,"height":800,"url":"https:\/\/ironsky.pl\/sklep\/wp-content\/uploads\/2026\/04\/32530_1.jpg","type":"image\/jpeg"}],"twitter_card":"summary_large_image","twitter_misc":{"Szacowany czas czytania":"1 minuta"},"schema":{"@context":"https:\/\/schema.org","@graph":[{"@type":"WebPage","@id":"https:\/\/ironsky.pl\/sklep\/produkt\/szklo-hartowane-sunnylife-dji-rc-pro-5-5\/","url":"https:\/\/ironsky.pl\/sklep\/produkt\/szklo-hartowane-sunnylife-dji-rc-pro-5-5\/","name":"Szk\u0142o hartowane SUNNYLIFE DJI RC Pro 5.5\" - IRONSKY.PL Sklep z Dronami","isPartOf":{"@id":"https:\/\/ironsky.pl\/sklep\/#website"},"primaryImageOfPage":{"@id":"https:\/\/ironsky.pl\/sklep\/produkt\/szklo-hartowane-sunnylife-dji-rc-pro-5-5\/#primaryimage"},"image":{"@id":"https:\/\/ironsky.pl\/sklep\/produkt\/szklo-hartowane-sunnylife-dji-rc-pro-5-5\/#primaryimage"},"thumbnailUrl":"https:\/\/ironsky.pl\/sklep\/wp-content\/uploads\/2026\/04\/32530_1.jpg","datePublished":"2026-04-15T08:21:50+00:00","dateModified":"2026-04-15T08:21:59+00:00","description":"Szk\u0142o hartowane SUNNYLIFE DJI RC Pro 5.5\" - \u2705 sklep z dronami i fachowym doradztwem. \u2705 Tutaj kupisz produkty DJI, Yuneec, Parrot, Syma i wiele innych, a tak\u017ce kursy i licencje na operatora drona.","breadcrumb":{"@id":"https:\/\/ironsky.pl\/sklep\/produkt\/szklo-hartowane-sunnylife-dji-rc-pro-5-5\/#breadcrumb"},"inLanguage":"pl-PL","potentialAction":[{"@type":"ReadAction","target":["https:\/\/ironsky.pl\/sklep\/produkt\/szklo-hartowane-sunnylife-dji-rc-pro-5-5\/"]}]},{"@type":"ImageObject","inLanguage":"pl-PL","@id":"https:\/\/ironsky.pl\/sklep\/produkt\/szklo-hartowane-sunnylife-dji-rc-pro-5-5\/#primaryimage","url":"https:\/\/ironsky.pl\/sklep\/wp-content\/uploads\/2026\/04\/32530_1.jpg","contentUrl":"https:\/\/ironsky.pl\/sklep\/wp-content\/uploads\/2026\/04\/32530_1.jpg","width":800,"height":800},{"@type":"BreadcrumbList","@id":"https:\/\/ironsky.pl\/sklep\/produkt\/szklo-hartowane-sunnylife-dji-rc-pro-5-5\/#breadcrumb","itemListElement":[{"@type":"ListItem","position":1,"name":"Strona g\u0142\u00f3wna","item":"https:\/\/ironsky.pl\/sklep\/"},{"@type":"ListItem","position":2,"name":"Wszystkie produkty","item":"https:\/\/ironsky.pl\/sklep\/produkty\/"},{"@type":"ListItem","position":3,"name":"Szk\u0142o hartowane SUNNYLIFE DJI RC Pro 5.5&#8243;"}]},{"@type":"WebSite","@id":"https:\/\/ironsky.pl\/sklep\/#website","url":"https:\/\/ironsky.pl\/sklep\/","name":"IRONSKY.PL Sklep z Dronami","description":"IRONSKY.PL Sklep z Dronami","potentialAction":[{"@type":"SearchAction","target":{"@type":"EntryPoint","urlTemplate":"https:\/\/ironsky.pl\/sklep\/?s={search_term_string}"},"query-input":{"@type":"PropertyValueSpecification","valueRequired":true,"valueName":"search_term_string"}}],"inLanguage":"pl-PL"}]}},"_links":{"self":[{"href":"https:\/\/ironsky.pl\/sklep\/wp-json\/wp\/v2\/product\/57053","targetHints":{"allow":["GET"]}}],"collection":[{"href":"https:\/\/ironsky.pl\/sklep\/wp-json\/wp\/v2\/product"}],"about":[{"href":"https:\/\/ironsky.pl\/sklep\/wp-json\/wp\/v2\/types\/product"}],"replies":[{"embeddable":true,"href":"https:\/\/ironsky.pl\/sklep\/wp-json\/wp\/v2\/comments?post=57053"}],"wp:featuredmedia":[{"embeddable":true,"href":"https:\/\/ironsky.pl\/sklep\/wp-json\/wp\/v2\/media\/57054"}],"wp:attachment":[{"href":"https:\/\/ironsky.pl\/sklep\/wp-json\/wp\/v2\/media?parent=57053"}],"wp:term":[{"taxonomy":"product_brand","embeddable":true,"href":"https:\/\/ironsky.pl\/sklep\/wp-json\/wp\/v2\/product_brand?post=57053"},{"taxonomy":"product_cat","embeddable":true,"href":"https:\/\/ironsky.pl\/sklep\/wp-json\/wp\/v2\/product_cat?post=57053"},{"taxonomy":"product_tag","embeddable":true,"href":"https:\/\/ironsky.pl\/sklep\/wp-json\/wp\/v2\/product_tag?post=57053"}],"curies":[{"name":"wp","href":"https:\/\/api.w.org\/{rel}","templated":true}]}}