{"id":57050,"date":"2026-04-15T10:21:50","date_gmt":"2026-04-15T08:21:50","guid":{"rendered":"https:\/\/ironsky.pl\/sklep\/produkt\/walizka-wodoodporna-sunnylife-dji-mavic-3-3-pro-3-classic\/"},"modified":"2026-04-15T10:21:57","modified_gmt":"2026-04-15T08:21:57","slug":"walizka-wodoodporna-sunnylife-dji-mavic-3-3-pro-3-classic","status":"publish","type":"product","link":"https:\/\/ironsky.pl\/sklep\/produkt\/walizka-wodoodporna-sunnylife-dji-mavic-3-3-pro-3-classic\/","title":{"rendered":"Walizka wodoodporna SUNNYLIFE DJI Mavic 3\/3 Pro\/3 Classic"},"content":{"rendered":"<h3>Wodoodporna walizka Sunnylife do DJI Mavic 3\/3 Pro\/3 Classic<\/h3>\n<p>Przeno\u015b wygodnie drona z miejsca na miejsce i miej pewno\u015b\u0107, \u017ce jest bezpieczny! Wodoodporna walizka marki Sunnylife zosta\u0142a zaprojektowana specjalnie dla dron\u00f3w DJI z serii Mavic 3\/3 Pro\/3 Classic. Wewn\u0105trz walizki znajdziesz sporo miejsca nie tylko na kamer\u0119, ale r\u00f3wnie\u017c niezb\u0119dne akcesoria, takie jak filtry, \u0142adowark\u0119, zasilacz, czy kontroler. Walizka jest wodoodporna, a dzi\u0119ki zastosowaniu wysokiej klasy materia\u0142\u00f3w skutecznie chroni przed wstrz\u0105sami, czy upadkami.<\/p>\n<p><img decoding=\"async\" src=\"https:\/\/b2b.innpro.pl\/data\/include\/cms\/Sunnylife\/AQX-8\/1.jpg\" alt=\"Sunnylife\/AQX-8\/1\"><\/p>\n<h3>Zaprojektowana specjalnie dla Twoich urz\u0105dze\u0144<\/h3>\n<p>Przemy\u015blana konstrukcja walizki sprawia, \u017ce Tw\u00f3j dron b\u0119dzie bezpieczny w ka\u017cdych warunkach. Wewn\u0119trzne wype\u0142nienie utrzymuje wszystkie urz\u0105dzenia w odpowiednich przegrodach, zapewniaj\u0105c stabilno\u015b\u0107 i chroni\u0105c je przed wstrz\u0105sami.<\/p>\n<p><img decoding=\"async\" src=\"https:\/\/b2b.innpro.pl\/data\/include\/cms\/Sunnylife\/AQX-8\/3.jpg\" alt=\"Sunnylife\/AQX-8\/3\"><\/p>\n<h3>Solidna konstrukcja<\/h3>\n<p>Wysokiej klasy materia\u0142y sprawiaj\u0105, \u017ce walizka jest odporna na zu\u017cycie i niszczenie. Jest niezwykle twarda, dzi\u0119ki czemu wyr\u00f3\u017cnia si\u0119 du\u017c\u0105 no\u015bno\u015bci\u0105. Oznacza to, \u017ce Twoim urz\u0105dzeniom nie zaszkodzi upadek, czy silny nacisk. Dodatkowo walizka chroni sprz\u0119t przed dzia\u0142aniem wysokiej temperatury! <\/p>\n<p><img decoding=\"async\" src=\"https:\/\/b2b.innpro.pl\/data\/include\/cms\/Sunnylife\/AQX-8\/7.jpg\" alt=\"Sunnylife\/AQX-8\/7\"><\/p>\n<h3>Z dba\u0142o\u015bci\u0105 o detale<\/h3>\n<p>Wn\u0119trze walizki sk\u0142ada si\u0119 ze specjalnie zaprojektowanych przegr\u00f3dek, w kt\u00f3rych umie\u015bcisz zar\u00f3wno drona, jak i filtry, \u0142adowark\u0119, zasilacz, 4 akumulatory oraz kontroler (DJI RC\/RC PRO\/RC-N1), pod kt\u00f3rym mo\u017cesz umie\u015bci\u0107 hub \u0142aduj\u0105cy akumulatory. Zapi\u0119cie walizki jest mocne i odporne na wielokrotne zamykanie i otwieranie, wi\u0119c mo\u017cesz mie\u0107 pewno\u015b\u0107, \u017ce schowane urz\u0105dzenia s\u0105 bezpieczne!<\/p>\n<p><img decoding=\"async\" src=\"https:\/\/b2b.innpro.pl\/data\/include\/cms\/Sunnylife\/AQX-8\/4.jpg\" alt=\"Sunnylife\/AQX-8\/4\"><\/p>\n<h3>Wodoodporna<\/h3>\n<p>Z\u0142apa\u0142a Ci\u0119 ulewa? Spokojnie! Walizka jest wodoodporna i skutecznie chroni sprz\u0119t przed deszczem, czy rozlan\u0105 wod\u0105. Mo\u017cesz mie\u0107 pewno\u015b\u0107, \u017ce z Sunnylife Twoje urz\u0105dzenia s\u0105 w pe\u0142ni chronione przed typowymi zagro\u017ceniami! Odpowiednio przechowywane, pos\u0142u\u017c\u0105 Ci jeszcze d\u0142u\u017cej!<\/p>\n<p><img decoding=\"async\" src=\"https:\/\/b2b.innpro.pl\/data\/include\/cms\/Sunnylife\/AQX-8\/6.jpg\" alt=\"Sunnylife\/AQX-8\/6\"><\/p>\n<div class=\"table-wrapper\">\n<table>\n<tbody>\n<tr>\n<th>Producent<\/th>\n<td>Sunnylife<\/td>\n<\/tr>\n<tr>\n<th>Model<\/th>\n<td>AQX-8<\/td>\n<\/tr>\n<tr>\n<th>Kompatybilno\u015b\u0107<\/th>\n<td>DJI Mavic 3\/3 Pro\/3 Classic<\/td>\n<\/tr>\n<tr>\n<th>Waga<\/th>\n<td>2,36 kg<\/td>\n<\/tr>\n<tr>\n<th>Rozmiar produktu<\/th>\n<td>42 x 36.5 x 15.3 cm<\/td>\n<\/tr>\n<\/tbody>\n<\/table>\n<\/div>\n","protected":false},"excerpt":{"rendered":"<p>Wodoodporna walizka Sunnylife do DJI Mavic 3\/3 Pro\/3 Classic Przeno\u015b wygodnie drona z miejsca na miejsce i miej pewno\u015b\u0107, \u017ce<\/p>\n","protected":false},"featured_media":39997,"comment_status":"closed","ping_status":"open","template":"","meta":{"_acf_changed":false},"product_brand":[],"product_cat":[6167,1088,6171],"product_tag":[],"class_list":{"0":"post-57050","1":"product","2":"type-product","3":"status-publish","4":"has-post-thumbnail","6":"product_cat-akcesoria-do-dronow","7":"product_cat-drony","8":"product_cat-torby-i-walizki","9":"pa_okres-gwarancji-5754","10":"pa_producent-sunnylife","12":"first","13":"instock","14":"taxable","15":"shipping-taxable","16":"purchasable","17":"product-type-simple"},"acf":[],"yoast_head":"<!-- This site is optimized with the Yoast SEO plugin v27.2 - https:\/\/yoast.com\/product\/yoast-seo-wordpress\/ -->\n<title>Walizka wodoodporna SUNNYLIFE DJI Mavic 3\/3 Pro\/3 Classic - IRONSKY.PL Sklep z Dronami<\/title>\n<meta name=\"description\" content=\"Walizka wodoodporna SUNNYLIFE DJI Mavic 3\/3 Pro\/3 Classic - \u2705 sklep z dronami i fachowym doradztwem. \u2705 Tutaj kupisz produkty DJI, Yuneec, Parrot, Syma i wiele innych, a tak\u017ce kursy i licencje na operatora drona.\" \/>\n<meta name=\"robots\" content=\"index, follow, max-snippet:-1, max-image-preview:large, max-video-preview:-1\" \/>\n<link rel=\"canonical\" href=\"https:\/\/ironsky.pl\/sklep\/produkt\/walizka-wodoodporna-sunnylife-dji-mavic-3-3-pro-3-classic\/\" \/>\n<meta property=\"og:locale\" content=\"pl_PL\" \/>\n<meta property=\"og:type\" content=\"article\" \/>\n<meta property=\"og:title\" content=\"Walizka wodoodporna SUNNYLIFE DJI Mavic 3\/3 Pro\/3 Classic - IRONSKY.PL Sklep z Dronami\" \/>\n<meta property=\"og:description\" content=\"Walizka wodoodporna SUNNYLIFE DJI Mavic 3\/3 Pro\/3 Classic - \u2705 sklep z dronami i fachowym doradztwem. \u2705 Tutaj kupisz produkty DJI, Yuneec, Parrot, Syma i wiele innych, a tak\u017ce kursy i licencje na operatora drona.\" \/>\n<meta property=\"og:url\" content=\"https:\/\/ironsky.pl\/sklep\/produkt\/walizka-wodoodporna-sunnylife-dji-mavic-3-3-pro-3-classic\/\" \/>\n<meta property=\"og:site_name\" content=\"IRONSKY.PL Sklep z Dronami\" \/>\n<meta property=\"article:modified_time\" content=\"2026-04-15T08:21:57+00:00\" \/>\n<meta property=\"og:image\" content=\"https:\/\/ironsky.pl\/sklep\/wp-content\/uploads\/2025\/05\/32517_1.webp\" \/>\n\t<meta property=\"og:image:width\" content=\"800\" \/>\n\t<meta property=\"og:image:height\" content=\"800\" \/>\n\t<meta property=\"og:image:type\" content=\"image\/webp\" \/>\n<meta name=\"twitter:card\" content=\"summary_large_image\" \/>\n<meta name=\"twitter:label1\" content=\"Szacowany czas czytania\" \/>\n\t<meta name=\"twitter:data1\" content=\"2 minuty\" \/>\n<script type=\"application\/ld+json\" class=\"yoast-schema-graph\">{\"@context\":\"https:\/\/schema.org\",\"@graph\":[{\"@type\":\"WebPage\",\"@id\":\"https:\/\/ironsky.pl\/sklep\/produkt\/walizka-wodoodporna-sunnylife-dji-mavic-3-3-pro-3-classic\/\",\"url\":\"https:\/\/ironsky.pl\/sklep\/produkt\/walizka-wodoodporna-sunnylife-dji-mavic-3-3-pro-3-classic\/\",\"name\":\"Walizka wodoodporna SUNNYLIFE DJI Mavic 3\/3 Pro\/3 Classic - IRONSKY.PL Sklep z Dronami\",\"isPartOf\":{\"@id\":\"https:\/\/ironsky.pl\/sklep\/#website\"},\"primaryImageOfPage\":{\"@id\":\"https:\/\/ironsky.pl\/sklep\/produkt\/walizka-wodoodporna-sunnylife-dji-mavic-3-3-pro-3-classic\/#primaryimage\"},\"image\":{\"@id\":\"https:\/\/ironsky.pl\/sklep\/produkt\/walizka-wodoodporna-sunnylife-dji-mavic-3-3-pro-3-classic\/#primaryimage\"},\"thumbnailUrl\":\"https:\/\/ironsky.pl\/sklep\/wp-content\/uploads\/2025\/05\/32517_1.webp\",\"datePublished\":\"2026-04-15T08:21:50+00:00\",\"dateModified\":\"2026-04-15T08:21:57+00:00\",\"description\":\"Walizka wodoodporna SUNNYLIFE DJI Mavic 3\/3 Pro\/3 Classic - \u2705 sklep z dronami i fachowym doradztwem. \u2705 Tutaj kupisz produkty DJI, Yuneec, Parrot, Syma i wiele innych, a tak\u017ce kursy i licencje na operatora drona.\",\"breadcrumb\":{\"@id\":\"https:\/\/ironsky.pl\/sklep\/produkt\/walizka-wodoodporna-sunnylife-dji-mavic-3-3-pro-3-classic\/#breadcrumb\"},\"inLanguage\":\"pl-PL\",\"potentialAction\":[{\"@type\":\"ReadAction\",\"target\":[\"https:\/\/ironsky.pl\/sklep\/produkt\/walizka-wodoodporna-sunnylife-dji-mavic-3-3-pro-3-classic\/\"]}]},{\"@type\":\"ImageObject\",\"inLanguage\":\"pl-PL\",\"@id\":\"https:\/\/ironsky.pl\/sklep\/produkt\/walizka-wodoodporna-sunnylife-dji-mavic-3-3-pro-3-classic\/#primaryimage\",\"url\":\"https:\/\/ironsky.pl\/sklep\/wp-content\/uploads\/2025\/05\/32517_1.webp\",\"contentUrl\":\"https:\/\/ironsky.pl\/sklep\/wp-content\/uploads\/2025\/05\/32517_1.webp\",\"width\":800,\"height\":800},{\"@type\":\"BreadcrumbList\",\"@id\":\"https:\/\/ironsky.pl\/sklep\/produkt\/walizka-wodoodporna-sunnylife-dji-mavic-3-3-pro-3-classic\/#breadcrumb\",\"itemListElement\":[{\"@type\":\"ListItem\",\"position\":1,\"name\":\"Strona g\u0142\u00f3wna\",\"item\":\"https:\/\/ironsky.pl\/sklep\/\"},{\"@type\":\"ListItem\",\"position\":2,\"name\":\"Wszystkie produkty\",\"item\":\"https:\/\/ironsky.pl\/sklep\/produkty\/\"},{\"@type\":\"ListItem\",\"position\":3,\"name\":\"Walizka wodoodporna SUNNYLIFE DJI Mavic 3\/3 Pro\/3 Classic\"}]},{\"@type\":\"WebSite\",\"@id\":\"https:\/\/ironsky.pl\/sklep\/#website\",\"url\":\"https:\/\/ironsky.pl\/sklep\/\",\"name\":\"IRONSKY.PL Sklep z Dronami\",\"description\":\"IRONSKY.PL Sklep z Dronami\",\"potentialAction\":[{\"@type\":\"SearchAction\",\"target\":{\"@type\":\"EntryPoint\",\"urlTemplate\":\"https:\/\/ironsky.pl\/sklep\/?s={search_term_string}\"},\"query-input\":{\"@type\":\"PropertyValueSpecification\",\"valueRequired\":true,\"valueName\":\"search_term_string\"}}],\"inLanguage\":\"pl-PL\"}]}<\/script>\n<!-- \/ Yoast SEO plugin. -->","yoast_head_json":{"title":"Walizka wodoodporna SUNNYLIFE DJI Mavic 3\/3 Pro\/3 Classic - IRONSKY.PL Sklep z Dronami","description":"Walizka wodoodporna SUNNYLIFE DJI Mavic 3\/3 Pro\/3 Classic - \u2705 sklep z dronami i fachowym doradztwem. \u2705 Tutaj kupisz produkty DJI, Yuneec, Parrot, Syma i wiele innych, a tak\u017ce kursy i licencje na operatora drona.","robots":{"index":"index","follow":"follow","max-snippet":"max-snippet:-1","max-image-preview":"max-image-preview:large","max-video-preview":"max-video-preview:-1"},"canonical":"https:\/\/ironsky.pl\/sklep\/produkt\/walizka-wodoodporna-sunnylife-dji-mavic-3-3-pro-3-classic\/","og_locale":"pl_PL","og_type":"article","og_title":"Walizka wodoodporna SUNNYLIFE DJI Mavic 3\/3 Pro\/3 Classic - IRONSKY.PL Sklep z Dronami","og_description":"Walizka wodoodporna SUNNYLIFE DJI Mavic 3\/3 Pro\/3 Classic - \u2705 sklep z dronami i fachowym doradztwem. \u2705 Tutaj kupisz produkty DJI, Yuneec, Parrot, Syma i wiele innych, a tak\u017ce kursy i licencje na operatora drona.","og_url":"https:\/\/ironsky.pl\/sklep\/produkt\/walizka-wodoodporna-sunnylife-dji-mavic-3-3-pro-3-classic\/","og_site_name":"IRONSKY.PL Sklep z Dronami","article_modified_time":"2026-04-15T08:21:57+00:00","og_image":[{"width":800,"height":800,"url":"https:\/\/ironsky.pl\/sklep\/wp-content\/uploads\/2025\/05\/32517_1.webp","type":"image\/webp"}],"twitter_card":"summary_large_image","twitter_misc":{"Szacowany czas czytania":"2 minuty"},"schema":{"@context":"https:\/\/schema.org","@graph":[{"@type":"WebPage","@id":"https:\/\/ironsky.pl\/sklep\/produkt\/walizka-wodoodporna-sunnylife-dji-mavic-3-3-pro-3-classic\/","url":"https:\/\/ironsky.pl\/sklep\/produkt\/walizka-wodoodporna-sunnylife-dji-mavic-3-3-pro-3-classic\/","name":"Walizka wodoodporna SUNNYLIFE DJI Mavic 3\/3 Pro\/3 Classic - IRONSKY.PL Sklep z Dronami","isPartOf":{"@id":"https:\/\/ironsky.pl\/sklep\/#website"},"primaryImageOfPage":{"@id":"https:\/\/ironsky.pl\/sklep\/produkt\/walizka-wodoodporna-sunnylife-dji-mavic-3-3-pro-3-classic\/#primaryimage"},"image":{"@id":"https:\/\/ironsky.pl\/sklep\/produkt\/walizka-wodoodporna-sunnylife-dji-mavic-3-3-pro-3-classic\/#primaryimage"},"thumbnailUrl":"https:\/\/ironsky.pl\/sklep\/wp-content\/uploads\/2025\/05\/32517_1.webp","datePublished":"2026-04-15T08:21:50+00:00","dateModified":"2026-04-15T08:21:57+00:00","description":"Walizka wodoodporna SUNNYLIFE DJI Mavic 3\/3 Pro\/3 Classic - \u2705 sklep z dronami i fachowym doradztwem. \u2705 Tutaj kupisz produkty DJI, Yuneec, Parrot, Syma i wiele innych, a tak\u017ce kursy i licencje na operatora drona.","breadcrumb":{"@id":"https:\/\/ironsky.pl\/sklep\/produkt\/walizka-wodoodporna-sunnylife-dji-mavic-3-3-pro-3-classic\/#breadcrumb"},"inLanguage":"pl-PL","potentialAction":[{"@type":"ReadAction","target":["https:\/\/ironsky.pl\/sklep\/produkt\/walizka-wodoodporna-sunnylife-dji-mavic-3-3-pro-3-classic\/"]}]},{"@type":"ImageObject","inLanguage":"pl-PL","@id":"https:\/\/ironsky.pl\/sklep\/produkt\/walizka-wodoodporna-sunnylife-dji-mavic-3-3-pro-3-classic\/#primaryimage","url":"https:\/\/ironsky.pl\/sklep\/wp-content\/uploads\/2025\/05\/32517_1.webp","contentUrl":"https:\/\/ironsky.pl\/sklep\/wp-content\/uploads\/2025\/05\/32517_1.webp","width":800,"height":800},{"@type":"BreadcrumbList","@id":"https:\/\/ironsky.pl\/sklep\/produkt\/walizka-wodoodporna-sunnylife-dji-mavic-3-3-pro-3-classic\/#breadcrumb","itemListElement":[{"@type":"ListItem","position":1,"name":"Strona g\u0142\u00f3wna","item":"https:\/\/ironsky.pl\/sklep\/"},{"@type":"ListItem","position":2,"name":"Wszystkie produkty","item":"https:\/\/ironsky.pl\/sklep\/produkty\/"},{"@type":"ListItem","position":3,"name":"Walizka wodoodporna SUNNYLIFE DJI Mavic 3\/3 Pro\/3 Classic"}]},{"@type":"WebSite","@id":"https:\/\/ironsky.pl\/sklep\/#website","url":"https:\/\/ironsky.pl\/sklep\/","name":"IRONSKY.PL Sklep z Dronami","description":"IRONSKY.PL Sklep z Dronami","potentialAction":[{"@type":"SearchAction","target":{"@type":"EntryPoint","urlTemplate":"https:\/\/ironsky.pl\/sklep\/?s={search_term_string}"},"query-input":{"@type":"PropertyValueSpecification","valueRequired":true,"valueName":"search_term_string"}}],"inLanguage":"pl-PL"}]}},"_links":{"self":[{"href":"https:\/\/ironsky.pl\/sklep\/wp-json\/wp\/v2\/product\/57050","targetHints":{"allow":["GET"]}}],"collection":[{"href":"https:\/\/ironsky.pl\/sklep\/wp-json\/wp\/v2\/product"}],"about":[{"href":"https:\/\/ironsky.pl\/sklep\/wp-json\/wp\/v2\/types\/product"}],"replies":[{"embeddable":true,"href":"https:\/\/ironsky.pl\/sklep\/wp-json\/wp\/v2\/comments?post=57050"}],"wp:featuredmedia":[{"embeddable":true,"href":"https:\/\/ironsky.pl\/sklep\/wp-json\/wp\/v2\/media\/39997"}],"wp:attachment":[{"href":"https:\/\/ironsky.pl\/sklep\/wp-json\/wp\/v2\/media?parent=57050"}],"wp:term":[{"taxonomy":"product_brand","embeddable":true,"href":"https:\/\/ironsky.pl\/sklep\/wp-json\/wp\/v2\/product_brand?post=57050"},{"taxonomy":"product_cat","embeddable":true,"href":"https:\/\/ironsky.pl\/sklep\/wp-json\/wp\/v2\/product_cat?post=57050"},{"taxonomy":"product_tag","embeddable":true,"href":"https:\/\/ironsky.pl\/sklep\/wp-json\/wp\/v2\/product_tag?post=57050"}],"curies":[{"name":"wp","href":"https:\/\/api.w.org\/{rel}","templated":true}]}}