{"id":57048,"date":"2026-04-15T10:21:50","date_gmt":"2026-04-15T08:21:50","guid":{"rendered":"https:\/\/ironsky.pl\/sklep\/produkt\/monitor-przenosny-arzopa-s1-table-156\/"},"modified":"2026-04-15T10:21:56","modified_gmt":"2026-04-15T08:21:56","slug":"monitor-przenosny-arzopa-s1-table-156","status":"publish","type":"product","link":"https:\/\/ironsky.pl\/sklep\/produkt\/monitor-przenosny-arzopa-s1-table-156\/","title":{"rendered":"Monitor przeno\u015bny ARZOPA S1 TABLE 15,6&#8243;"},"content":{"rendered":"<h3>Przeno\u015bny monitor Arzopa S1 TABLE 15,6&#8243;<\/h3>\n<p>Zaopatrz si\u0119 w przeno\u015bny monitor Arzopa S1 TABLE i u\u0142atw sobie codzienno\u015b\u0107! Oferuje 15,6-calowy ekran i rozdzielczo\u015b\u0107 Full HD 1920 x 1080p, zapewniaj\u0105c szczeg\u00f3\u0142owy, wyra\u017any obraz oraz \u017cywe, intensywne kolory. Pozwala wybiera\u0107 spo\u015br\u00f3d 3 tryb\u00f3w wy\u015bwietlania, dla jeszcze wi\u0119kszej elastyczno\u015bci. Wyposa\u017cony w 2 g\u0142o\u015bniki, umo\u017cliwia odtwarzanie d\u017awi\u0119k\u00f3w, bez konieczno\u015bci pod\u0142\u0105czania dodatkowych g\u0142o\u015bnik\u00f3w. Do zestawu do\u0142\u0105czono r\u00f3wnie\u017c magnetyczne etui, kt\u00f3re nie tylko chroni przed uszkodzeniem, ale i pozwoli Ci ustawi\u0107 ekran w preferowanej pozycji.<\/p>\n<p>\n<img decoding=\"async\" src=\"https:\/\/assets.innpro.pl\/9173\/10711\/4.jpg\" border=\"0\" \/>\n<\/p>\n<h3>Daj si\u0119 zaskoczy\u0107 jako\u015bci\u0105 obrazu<\/h3>\n<p>Zanurz si\u0119 w \u015bwiecie wirtualnej rzeczywisto\u015bci! Monitor Arzopa S1 TABLE zapewnia rozdzielczo\u015b\u0107 1920 x 1080p FHD co w po\u0142\u0105czeniu z 15,6-calowym ekranu pozwoli Ci cieszy\u0107 si\u0119 fantastyczn\u0105 jako\u015bci\u0105 obrazu. Teraz nic nie umknie Twojej uwadze \u2013 nawet najdrobniejsze detale s\u0105 niezwykle wyra\u017ane! Wykorzystuj\u0119 te\u017c technologi\u0119 HDR, kt\u00f3ra zapewnia jeszcze lepsze do\u015bwiadczenie podczas ogl\u0105dania, sprawiaj\u0105c, \u017ce ka\u017cdy film czy gra staje si\u0119 niesamowicie immersyjnym do\u015bwiadczeniem.<\/p>\n<p>\n<img decoding=\"async\" src=\"https:\/\/assets.innpro.pl\/9173\/10711\/6.jpg\" border=\"0\" \/>\n<\/p>\n<h3>Wiele mo\u017cliwo\u015bci<\/h3>\n<p>Zapomnij o problemach z kompatybilno\u015bci\u0105! Model S1 TABLE oferuje szerok\u0105 gam\u0119 port\u00f3w, kt\u00f3re pozwol\u0105 Ci \u0142atwo i szybko pod\u0142\u0105czy\u0107 monitor do wybranego urz\u0105dzenia. Wyposa\u017cono go w 2 porty USB-C oraz mini HDMI, kt\u00f3re umo\u017cliwiaj\u0105 bezproblemowe po\u0142\u0105czenie z laptopem, smartfonem czy konsol\u0105 do gier. <\/p>\n<p>\n<img decoding=\"async\" src=\"https:\/\/assets.innpro.pl\/9173\/10711\/5.jpg\" border=\"0\" \/>\n<\/p>\n<h3>3 tryby wy\u015bwietlania dla wi\u0119kszej swobody<\/h3>\n<p>Przeno\u015bny monitor Arzopa S1 TABLE zosta\u0142 stworzony z my\u015bl\u0105 o r\u00f3\u017cnorodnych potrzebach u\u017cytkownik\u00f3w, dlatego oferuje a\u017c 3 tryby wy\u015bwietlania. Tryb Duplicate pozwoli Ci wygodnie prezentowa\u0107 swoje tre\u015bci lub ogl\u0105da\u0107 filmy na du\u017cym ekranie. Tryb Extend rozszerza przestrze\u0144 robocz\u0105, umo\u017cliwiaj\u0105c swobodne roz\u0142o\u017cenie aplikacji na g\u0142\u00f3wnym ekranie i przeno\u015bnym monitorze, co zwi\u0119kszy Twoj\u0105 produktywno\u015b\u0107. Dost\u0119pny jest r\u00f3wnie\u017c tryb Second Screen Mode, kt\u00f3ry pozwala na niezale\u017cne wykorzystanie S1 TABLE jako drugiego ekranu, zapewniaj\u0105c jeszcze wi\u0119ksz\u0105 elastyczno\u015b\u0107 podczas pracy lub rozrywki.<\/p>\n<p>\n<img decoding=\"async\" src=\"https:\/\/assets.innpro.pl\/9173\/10711\/9.jpg\" border=\"0\" \/>\n<\/p>\n<h3>Przemy\u015blana konstrukcja<\/h3>\n<p>Lekka i wyj\u0105tkowo smuk\u0142a konstrukcja monitora sprawia, \u017ce bez problemu zmie\u015bcisz go do plecaka lub torby i zabierzesz ze sob\u0105 w podr\u00f3\u017c s\u0142u\u017cbow\u0105! Urz\u0105dzenie wykorzystuje technologi\u0119 Eye Care, kt\u00f3ra niezawodnie chroni oczy przed uszkodzeniem nawet podczas d\u0142ugotrwa\u0142ego u\u017cytkowania. Szeroki k\u0105t widzenia 178\u00b0, niezale\u017cnie od perspektywy, zapewnia sp\u00f3jno\u015b\u0107 obrazu i doskona\u0142e odwzorowanie kolor\u00f3w. Arzopa S1 TABLE daje Ci r\u00f3wnie\u017c pe\u0142n\u0105 swobod\u0119 ustawienia \u2013 z powodzeniem ustawisz go zar\u00f3wno w pionie, jak i poziomie.<\/p>\n<p>\n<img decoding=\"async\" src=\"https:\/\/assets.innpro.pl\/9173\/10711\/7.jpg\" border=\"0\" \/>\n<\/p>\n<h3>W zestawie:<\/h3>\n<ul class=\"list-disc pl-5\">\n<li>przeno\u015bny monitor<\/li>\n<li>etui magnetyczne<\/li>\n<li>kabel USB-C do USB-C<\/li>\n<li>kabel Mini HDMI do HDMI (tylko do transmisji danych)<\/li>\n<li>kabel USB-C do USB-A (tylko do zasilania)<\/li>\n<li>instrukcja obs\u0142ugi<\/li>\n<\/ul>\n<div class=\"table-wrapper\">\n<p>\u00a0<\/p>\n<h3><\/h3>\n<table>\n<tbody>\n<tr>\n<th>Producent <\/th>\n<td>Arzopa<\/td>\n<\/tr>\n<tr>\n<th>Model <\/th>\n<td>S1 TABLE<\/td>\n<\/tr>\n<tr>\n<th>Przek\u0105tna ekranu <\/th>\n<td>15,6\u201d<\/td>\n<\/tr>\n<tr>\n<th>Matryca <\/th>\n<td>IPS<\/td>\n<\/tr>\n<tr>\n<th>Rozdzielczo\u015b\u0107 <\/th>\n<td>Full HD 1920 x 1080 p (16:9)<\/td>\n<\/tr>\n<tr>\n<th>Jasno\u015b\u0107 <\/th>\n<td>300 cd\/m2<\/td>\n<\/tr>\n<tr>\n<th>Cz\u0119stotliwo\u015b\u0107 od\u015bwie\u017cania <\/th>\n<td>60 Hz<\/td>\n<\/tr>\n<tr>\n<th>Kolor wy\u015bwietlacza <\/th>\n<td>16,7M<\/td>\n<\/tr>\n<tr>\n<th>Wsp\u00f3\u0142czynnik kontrastu <\/th>\n<td>1000:1<\/td>\n<\/tr>\n<tr>\n<th>Temperatura barwowa <\/th>\n<td>6800K<\/td>\n<\/tr>\n<tr>\n<th>K\u0105t widzenia <\/th>\n<td>W pionie: 85\u00b0\/85\u00b0 Min; W poziomie: 85\u00b0\/85\u00b0 Min<\/td>\n<\/tr>\n<tr>\n<th>Gama kolor\u00f3w <\/th>\n<td>72%<\/td>\n<\/tr>\n<tr>\n<th>Materia\u0142 wspornika <\/th>\n<td>Stop aluminium<\/td>\n<\/tr>\n<tr>\n<th>Porty wej\u015bciowe <\/th>\n<td>mini HDMI (sygna\u0142 wideo), 2x USB-C (przesy\u0142 wideo, zasilanie)<\/td>\n<\/tr>\n<tr>\n<th>G\u0142o\u015bniki <\/th>\n<td>2 wbudowane (1W x2)<\/td>\n<\/tr>\n<tr>\n<th>HDR <\/th>\n<td>Tak<\/td>\n<\/tr>\n<\/tbody>\n<\/table>\n<\/div>\n","protected":false},"excerpt":{"rendered":"<p>Przeno\u015bny monitor Arzopa S1 TABLE 15,6&#8243; Zaopatrz si\u0119 w przeno\u015bny monitor Arzopa S1 TABLE i u\u0142atw sobie codzienno\u015b\u0107! Oferuje 15,6-calowy<\/p>\n","protected":false},"featured_media":57049,"comment_status":"closed","ping_status":"open","template":"","meta":{"_acf_changed":false},"product_brand":[],"product_cat":[5929,5968],"product_tag":[],"class_list":{"0":"post-57048","1":"product","2":"type-product","3":"status-publish","4":"has-post-thumbnail","6":"product_cat-akcesoria-it","7":"product_cat-monitory-przenosne","8":"pa_okres-gwarancji-5754","9":"pa_producent-arzopa","11":"first","12":"outofstock","13":"taxable","14":"shipping-taxable","15":"purchasable","16":"product-type-simple"},"acf":[],"yoast_head":"<!-- This site is optimized with the Yoast SEO plugin v27.2 - https:\/\/yoast.com\/product\/yoast-seo-wordpress\/ -->\n<title>Monitor przeno\u015bny ARZOPA S1 TABLE 15,6&quot; - IRONSKY.PL Sklep z Dronami<\/title>\n<meta name=\"description\" content=\"Monitor przeno\u015bny ARZOPA S1 TABLE 15,6&quot; - \u2705 sklep z dronami i fachowym doradztwem. \u2705 Tutaj kupisz produkty DJI, Yuneec, Parrot, Syma i wiele innych, a tak\u017ce kursy i licencje na operatora drona.\" \/>\n<meta name=\"robots\" content=\"index, follow, max-snippet:-1, max-image-preview:large, max-video-preview:-1\" \/>\n<link rel=\"canonical\" href=\"https:\/\/ironsky.pl\/sklep\/produkt\/monitor-przenosny-arzopa-s1-table-156\/\" \/>\n<meta property=\"og:locale\" content=\"pl_PL\" \/>\n<meta property=\"og:type\" content=\"article\" \/>\n<meta property=\"og:title\" content=\"Monitor przeno\u015bny ARZOPA S1 TABLE 15,6&quot; - IRONSKY.PL Sklep z Dronami\" \/>\n<meta property=\"og:description\" content=\"Monitor przeno\u015bny ARZOPA S1 TABLE 15,6&quot; - \u2705 sklep z dronami i fachowym doradztwem. \u2705 Tutaj kupisz produkty DJI, Yuneec, Parrot, Syma i wiele innych, a tak\u017ce kursy i licencje na operatora drona.\" \/>\n<meta property=\"og:url\" content=\"https:\/\/ironsky.pl\/sklep\/produkt\/monitor-przenosny-arzopa-s1-table-156\/\" \/>\n<meta property=\"og:site_name\" content=\"IRONSKY.PL Sklep z Dronami\" \/>\n<meta property=\"article:modified_time\" content=\"2026-04-15T08:21:56+00:00\" \/>\n<meta property=\"og:image\" content=\"https:\/\/ironsky.pl\/sklep\/wp-content\/uploads\/2026\/04\/32505_5.jpg\" \/>\n\t<meta property=\"og:image:width\" content=\"800\" \/>\n\t<meta property=\"og:image:height\" content=\"800\" \/>\n\t<meta property=\"og:image:type\" content=\"image\/jpeg\" \/>\n<meta name=\"twitter:card\" content=\"summary_large_image\" \/>\n<meta name=\"twitter:label1\" content=\"Szacowany czas czytania\" \/>\n\t<meta name=\"twitter:data1\" content=\"3 minuty\" \/>\n<script type=\"application\/ld+json\" class=\"yoast-schema-graph\">{\"@context\":\"https:\/\/schema.org\",\"@graph\":[{\"@type\":\"WebPage\",\"@id\":\"https:\/\/ironsky.pl\/sklep\/produkt\/monitor-przenosny-arzopa-s1-table-156\/\",\"url\":\"https:\/\/ironsky.pl\/sklep\/produkt\/monitor-przenosny-arzopa-s1-table-156\/\",\"name\":\"Monitor przeno\u015bny ARZOPA S1 TABLE 15,6\\\" - IRONSKY.PL Sklep z Dronami\",\"isPartOf\":{\"@id\":\"https:\/\/ironsky.pl\/sklep\/#website\"},\"primaryImageOfPage\":{\"@id\":\"https:\/\/ironsky.pl\/sklep\/produkt\/monitor-przenosny-arzopa-s1-table-156\/#primaryimage\"},\"image\":{\"@id\":\"https:\/\/ironsky.pl\/sklep\/produkt\/monitor-przenosny-arzopa-s1-table-156\/#primaryimage\"},\"thumbnailUrl\":\"https:\/\/ironsky.pl\/sklep\/wp-content\/uploads\/2026\/04\/32505_5.jpg\",\"datePublished\":\"2026-04-15T08:21:50+00:00\",\"dateModified\":\"2026-04-15T08:21:56+00:00\",\"description\":\"Monitor przeno\u015bny ARZOPA S1 TABLE 15,6\\\" - \u2705 sklep z dronami i fachowym doradztwem. \u2705 Tutaj kupisz produkty DJI, Yuneec, Parrot, Syma i wiele innych, a tak\u017ce kursy i licencje na operatora drona.\",\"breadcrumb\":{\"@id\":\"https:\/\/ironsky.pl\/sklep\/produkt\/monitor-przenosny-arzopa-s1-table-156\/#breadcrumb\"},\"inLanguage\":\"pl-PL\",\"potentialAction\":[{\"@type\":\"ReadAction\",\"target\":[\"https:\/\/ironsky.pl\/sklep\/produkt\/monitor-przenosny-arzopa-s1-table-156\/\"]}]},{\"@type\":\"ImageObject\",\"inLanguage\":\"pl-PL\",\"@id\":\"https:\/\/ironsky.pl\/sklep\/produkt\/monitor-przenosny-arzopa-s1-table-156\/#primaryimage\",\"url\":\"https:\/\/ironsky.pl\/sklep\/wp-content\/uploads\/2026\/04\/32505_5.jpg\",\"contentUrl\":\"https:\/\/ironsky.pl\/sklep\/wp-content\/uploads\/2026\/04\/32505_5.jpg\",\"width\":800,\"height\":800},{\"@type\":\"BreadcrumbList\",\"@id\":\"https:\/\/ironsky.pl\/sklep\/produkt\/monitor-przenosny-arzopa-s1-table-156\/#breadcrumb\",\"itemListElement\":[{\"@type\":\"ListItem\",\"position\":1,\"name\":\"Strona g\u0142\u00f3wna\",\"item\":\"https:\/\/ironsky.pl\/sklep\/\"},{\"@type\":\"ListItem\",\"position\":2,\"name\":\"Wszystkie produkty\",\"item\":\"https:\/\/ironsky.pl\/sklep\/produkty\/\"},{\"@type\":\"ListItem\",\"position\":3,\"name\":\"Monitor przeno\u015bny ARZOPA S1 TABLE 15,6&#8243;\"}]},{\"@type\":\"WebSite\",\"@id\":\"https:\/\/ironsky.pl\/sklep\/#website\",\"url\":\"https:\/\/ironsky.pl\/sklep\/\",\"name\":\"IRONSKY.PL Sklep z Dronami\",\"description\":\"IRONSKY.PL Sklep z Dronami\",\"potentialAction\":[{\"@type\":\"SearchAction\",\"target\":{\"@type\":\"EntryPoint\",\"urlTemplate\":\"https:\/\/ironsky.pl\/sklep\/?s={search_term_string}\"},\"query-input\":{\"@type\":\"PropertyValueSpecification\",\"valueRequired\":true,\"valueName\":\"search_term_string\"}}],\"inLanguage\":\"pl-PL\"}]}<\/script>\n<!-- \/ Yoast SEO plugin. -->","yoast_head_json":{"title":"Monitor przeno\u015bny ARZOPA S1 TABLE 15,6\" - IRONSKY.PL Sklep z Dronami","description":"Monitor przeno\u015bny ARZOPA S1 TABLE 15,6\" - \u2705 sklep z dronami i fachowym doradztwem. \u2705 Tutaj kupisz produkty DJI, Yuneec, Parrot, Syma i wiele innych, a tak\u017ce kursy i licencje na operatora drona.","robots":{"index":"index","follow":"follow","max-snippet":"max-snippet:-1","max-image-preview":"max-image-preview:large","max-video-preview":"max-video-preview:-1"},"canonical":"https:\/\/ironsky.pl\/sklep\/produkt\/monitor-przenosny-arzopa-s1-table-156\/","og_locale":"pl_PL","og_type":"article","og_title":"Monitor przeno\u015bny ARZOPA S1 TABLE 15,6\" - IRONSKY.PL Sklep z Dronami","og_description":"Monitor przeno\u015bny ARZOPA S1 TABLE 15,6\" - \u2705 sklep z dronami i fachowym doradztwem. \u2705 Tutaj kupisz produkty DJI, Yuneec, Parrot, Syma i wiele innych, a tak\u017ce kursy i licencje na operatora drona.","og_url":"https:\/\/ironsky.pl\/sklep\/produkt\/monitor-przenosny-arzopa-s1-table-156\/","og_site_name":"IRONSKY.PL Sklep z Dronami","article_modified_time":"2026-04-15T08:21:56+00:00","og_image":[{"width":800,"height":800,"url":"https:\/\/ironsky.pl\/sklep\/wp-content\/uploads\/2026\/04\/32505_5.jpg","type":"image\/jpeg"}],"twitter_card":"summary_large_image","twitter_misc":{"Szacowany czas czytania":"3 minuty"},"schema":{"@context":"https:\/\/schema.org","@graph":[{"@type":"WebPage","@id":"https:\/\/ironsky.pl\/sklep\/produkt\/monitor-przenosny-arzopa-s1-table-156\/","url":"https:\/\/ironsky.pl\/sklep\/produkt\/monitor-przenosny-arzopa-s1-table-156\/","name":"Monitor przeno\u015bny ARZOPA S1 TABLE 15,6\" - IRONSKY.PL Sklep z Dronami","isPartOf":{"@id":"https:\/\/ironsky.pl\/sklep\/#website"},"primaryImageOfPage":{"@id":"https:\/\/ironsky.pl\/sklep\/produkt\/monitor-przenosny-arzopa-s1-table-156\/#primaryimage"},"image":{"@id":"https:\/\/ironsky.pl\/sklep\/produkt\/monitor-przenosny-arzopa-s1-table-156\/#primaryimage"},"thumbnailUrl":"https:\/\/ironsky.pl\/sklep\/wp-content\/uploads\/2026\/04\/32505_5.jpg","datePublished":"2026-04-15T08:21:50+00:00","dateModified":"2026-04-15T08:21:56+00:00","description":"Monitor przeno\u015bny ARZOPA S1 TABLE 15,6\" - \u2705 sklep z dronami i fachowym doradztwem. \u2705 Tutaj kupisz produkty DJI, Yuneec, Parrot, Syma i wiele innych, a tak\u017ce kursy i licencje na operatora drona.","breadcrumb":{"@id":"https:\/\/ironsky.pl\/sklep\/produkt\/monitor-przenosny-arzopa-s1-table-156\/#breadcrumb"},"inLanguage":"pl-PL","potentialAction":[{"@type":"ReadAction","target":["https:\/\/ironsky.pl\/sklep\/produkt\/monitor-przenosny-arzopa-s1-table-156\/"]}]},{"@type":"ImageObject","inLanguage":"pl-PL","@id":"https:\/\/ironsky.pl\/sklep\/produkt\/monitor-przenosny-arzopa-s1-table-156\/#primaryimage","url":"https:\/\/ironsky.pl\/sklep\/wp-content\/uploads\/2026\/04\/32505_5.jpg","contentUrl":"https:\/\/ironsky.pl\/sklep\/wp-content\/uploads\/2026\/04\/32505_5.jpg","width":800,"height":800},{"@type":"BreadcrumbList","@id":"https:\/\/ironsky.pl\/sklep\/produkt\/monitor-przenosny-arzopa-s1-table-156\/#breadcrumb","itemListElement":[{"@type":"ListItem","position":1,"name":"Strona g\u0142\u00f3wna","item":"https:\/\/ironsky.pl\/sklep\/"},{"@type":"ListItem","position":2,"name":"Wszystkie produkty","item":"https:\/\/ironsky.pl\/sklep\/produkty\/"},{"@type":"ListItem","position":3,"name":"Monitor przeno\u015bny ARZOPA S1 TABLE 15,6&#8243;"}]},{"@type":"WebSite","@id":"https:\/\/ironsky.pl\/sklep\/#website","url":"https:\/\/ironsky.pl\/sklep\/","name":"IRONSKY.PL Sklep z Dronami","description":"IRONSKY.PL Sklep z Dronami","potentialAction":[{"@type":"SearchAction","target":{"@type":"EntryPoint","urlTemplate":"https:\/\/ironsky.pl\/sklep\/?s={search_term_string}"},"query-input":{"@type":"PropertyValueSpecification","valueRequired":true,"valueName":"search_term_string"}}],"inLanguage":"pl-PL"}]}},"_links":{"self":[{"href":"https:\/\/ironsky.pl\/sklep\/wp-json\/wp\/v2\/product\/57048","targetHints":{"allow":["GET"]}}],"collection":[{"href":"https:\/\/ironsky.pl\/sklep\/wp-json\/wp\/v2\/product"}],"about":[{"href":"https:\/\/ironsky.pl\/sklep\/wp-json\/wp\/v2\/types\/product"}],"replies":[{"embeddable":true,"href":"https:\/\/ironsky.pl\/sklep\/wp-json\/wp\/v2\/comments?post=57048"}],"wp:featuredmedia":[{"embeddable":true,"href":"https:\/\/ironsky.pl\/sklep\/wp-json\/wp\/v2\/media\/57049"}],"wp:attachment":[{"href":"https:\/\/ironsky.pl\/sklep\/wp-json\/wp\/v2\/media?parent=57048"}],"wp:term":[{"taxonomy":"product_brand","embeddable":true,"href":"https:\/\/ironsky.pl\/sklep\/wp-json\/wp\/v2\/product_brand?post=57048"},{"taxonomy":"product_cat","embeddable":true,"href":"https:\/\/ironsky.pl\/sklep\/wp-json\/wp\/v2\/product_cat?post=57048"},{"taxonomy":"product_tag","embeddable":true,"href":"https:\/\/ironsky.pl\/sklep\/wp-json\/wp\/v2\/product_tag?post=57048"}],"curies":[{"name":"wp","href":"https:\/\/api.w.org\/{rel}","templated":true}]}}