{"id":57045,"date":"2026-04-15T10:21:50","date_gmt":"2026-04-15T08:21:50","guid":{"rendered":"https:\/\/ironsky.pl\/sklep\/produkt\/latarka-superfire-x18-strumien-swietlny-55lm\/"},"modified":"2026-04-15T10:21:53","modified_gmt":"2026-04-15T08:21:53","slug":"latarka-superfire-x18-strumien-swietlny-55lm","status":"publish","type":"product","link":"https:\/\/ironsky.pl\/sklep\/produkt\/latarka-superfire-x18-strumien-swietlny-55lm\/","title":{"rendered":"Latarka SUPERFIRE X18 strumie\u0144 \u015bwietlny 55lm"},"content":{"rendered":"<h3>Latarka Superfire X18, 55 lm, 5 W, 5 tryb\u00f3w, 38 m<\/h3>\n<p>Latarka Superfire X18 wyr\u00f3\u017cnia si\u0119 kompaktow\u0105 konstrukcj\u0105, dzi\u0119ki kt\u00f3rej mo\u017cesz mie\u0107 j\u0105 zawsze przy sobie. Lekka, stylowa i wyj\u0105tkowo por\u0119czna \u2013 bez problemu zabierzesz j\u0105 w teren lub wykorzystasz na co dzie\u0144. Oferuje 5 tryb\u00f3w \u015bwiecenia z wielostopniow\u0105 regulacj\u0105 jasno\u015bci, dzi\u0119ki czemu sprawdzi si\u0119 w r\u00f3\u017cnych \u015brodowiskach i scenariuszach u\u017cytkowania. Jej jasno\u015b\u0107 si\u0119ga 55 lm, a zasi\u0119g 38 m. Do jej zasilania wystarczy jedna wymienna bateria AAA (potr\u00f3jne A, standardowy format ma\u0142ych baterii), kt\u00f3ra mo\u017ce zapewni\u0107 czas pracy do 60 minut. Latarka jest te\u017c wodoodporna (IP44, stopie\u0144 ochrony przed cia\u0142ami sta\u0142ymi i wod\u0105) i bardzo wytrzyma\u0142a \u2013 do jej wykonania zastosowano trwa\u0142y stop aluminium, odporny na upadki i uszkodzenia mechaniczne.<\/p>\n<p>\n<img decoding=\"async\" src=\"https:\/\/assets.innpro.pl\/14137\/17635\/5.jpg\" border=\"0\" alt=\"Dwie czarne latarki Superfire o r\u00f3\u017cnych rozmiarach stoj\u0105ce na czarnej powierzchni na tle pionowych, ciemnych paneli\" \/>\n<\/p>\n<h3>Zawsze pod r\u0119k\u0105<\/h3>\n<p>Zaopatrz si\u0119 w latark\u0119, kt\u00f3ra mo\u017ce Ci towarzyszy\u0107 niemal wsz\u0119dzie. X18 jest mniejsza od wi\u0119kszo\u015bci d\u0142ugopis\u00f3w, dzi\u0119ki czemu bez problemu zmie\u015bcisz j\u0105 nawet w kieszeni. Zosta\u0142a te\u017c wyposa\u017cona w praktyczny klips, za pomoc\u0105 kt\u00f3rego z \u0142atwo\u015bci\u0105 przymocujesz j\u0105 na przyk\u0142ad do koszulki lub plecaka. Mo\u017cesz te\u017c przypi\u0105\u0107 j\u0105 do paska, aby mie\u0107 wolne r\u0119ce i korzysta\u0107 z niej jeszcze wygodniej.<\/p>\n<p>\n<img decoding=\"async\" src=\"https:\/\/assets.innpro.pl\/14137\/17635\/2.jpg\" border=\"0\" alt=\"Trzy zdj\u0119cia przedstawiaj\u0105ce latarki Superfire przypi\u0119te kolejno do kapelusza, kieszeni koszuli i plecaka\" \/>\n<\/p>\n<h3>\u015awiat\u0142o, jakiego potrzebujesz<\/h3>\n<p>Mimo niewielkich rozmiar\u00f3w latarka wyr\u00f3\u017cnia si\u0119 imponuj\u0105c\u0105 wydajno\u015bci\u0105. Jej moc wynosi maksymalnie 5 W, a jasno\u015b\u0107 si\u0119ga 55 lm. Urz\u0105dzenie cechuje si\u0119 r\u00f3wnie\u017c zasi\u0119giem do 38 m. Dost\u0119pne s\u0105 tak\u017ce r\u00f3\u017cne tryby \u015bwiecenia \u2013 mocne \u015bwiat\u0142o, s\u0142abe \u015bwiat\u0142o, \u015brednie \u015bwiat\u0142o, SOS i stroboskop. Mo\u017cesz wi\u0119c w ka\u017cdej chwili dostosowa\u0107 o\u015bwietlenie do sytuacji i swoich potrzeb!<\/p>\n<p>\n<img decoding=\"async\" src=\"https:\/\/assets.innpro.pl\/14137\/17635\/7.jpg\" border=\"0\" alt=\"Dwie czarne latarki Superfire trzymane na otwartej d\u0142oni pokazuj\u0105ce ich kompaktowy rozmiar\" \/>\n<\/p>\n<h3>Czas pracy do 60 minut<\/h3>\n<p>Do zasilania latarki potrzebujesz tylko jednej baterii AAA \u2013 bez problemu kupisz j\u0105 w wi\u0119kszo\u015bci sklep\u00f3w. Nie musisz te\u017c si\u0119 martwi\u0107, \u017ce urz\u0105dzenie zbyt szybko odm\u00f3wi Ci pos\u0142usze\u0144stwa \u2013 jego czas pracy si\u0119ga 60 minut. Nawet je\u015bli Twoja wyprawa w teren si\u0119 przed\u0142u\u017cy, bez problemu o\u015bwietlisz sobie drog\u0119 i spokojnie wr\u00f3cisz do domu!<\/p>\n<p>\n<img decoding=\"async\" src=\"https:\/\/assets.innpro.pl\/14137\/17635\/1.jpg\" border=\"0\" alt=\"Zbli\u017cenie na przycisk tylni latarki Superfire oraz pokazany proces wk\u0142adania baterii\" \/>\n<\/p>\n<h3>Mn\u00f3stwo zastosowa\u0144<\/h3>\n<p>Ta por\u0119czna latarka doskonale nadaje si\u0119 do r\u00f3\u017cnych zastosowa\u0144. Przyda Ci si\u0119 podczas wyprawy w g\u00f3ry lub pod namiot, sprawdzi si\u0119 te\u017c na co dzie\u0144, na przyk\u0142ad w trakcie wieczornego spaceru z psem. Wykorzystasz j\u0105 tak\u017ce przy okazji drobnych napraw lub gdy nast\u0105pi awaria pr\u0105du \u2013 dzi\u0119ki niej unikniesz potkni\u0119cia si\u0119 o co\u015b w ciemno\u015bci i bez problemu znajdziesz rzeczy, kt\u00f3rych potrzebujesz.<\/p>\n<p>\n<img decoding=\"async\" src=\"https:\/\/assets.innpro.pl\/14137\/17635\/4.jpg\" border=\"0\" alt=\"Dwie latarki Superfire na tle nocnego nieba otoczone sze\u015bcioma scenami u\u017cytkowania latarki w ciemnych warunkach\" \/>\n<\/p>\n<div class=\"table-wrapper\">\n<p>\u00a0<\/p>\n<h3><\/h3>\n<table>\n<tbody>\n<tr>\n<th>Producent <\/th>\n<td>Superfire<\/td>\n<\/tr>\n<tr>\n<th>Model <\/th>\n<td>X18<\/td>\n<\/tr>\n<tr>\n<th>Moc <\/th>\n<td>5 W maks.<\/td>\n<\/tr>\n<tr>\n<th>Jasno\u015b\u0107 <\/th>\n<td>55 lm<\/td>\n<\/tr>\n<tr>\n<th>Zasi\u0119g <\/th>\n<td>Do 38 m<\/td>\n<\/tr>\n<tr>\n<th>Tryby \u015bwiecenia <\/th>\n<td>Mocne \u015bwiat\u0142o, \u015brednie \u015bwiat\u0142o, s\u0142abe \u015bwiat\u0142o, stroboskop, SOS<\/td>\n<\/tr>\n<tr>\n<th>Zasilanie <\/th>\n<td>1x bateria AAA<\/td>\n<\/tr>\n<tr>\n<th>Czas pracy <\/th>\n<td>Ok. 60 min<\/td>\n<\/tr>\n<tr>\n<th>Wodoodporno\u015b\u0107 <\/th>\n<td>IP44<\/td>\n<\/tr>\n<tr>\n<th>Materia\u0142 <\/th>\n<td>Stop aluminium<\/td>\n<\/tr>\n<tr>\n<th>Wymiary <\/th>\n<td>94,4 x 17,7 x 15 mm<\/td>\n<\/tr>\n<tr>\n<th>Waga <\/th>\n<td>21,5 g<\/td>\n<\/tr>\n<\/tbody>\n<\/table>\n<\/div>\n","protected":false},"excerpt":{"rendered":"<p>Latarka Superfire X18, 55 lm, 5 W, 5 tryb\u00f3w, 38 m Latarka Superfire X18 wyr\u00f3\u017cnia si\u0119 kompaktow\u0105 konstrukcj\u0105, dzi\u0119ki kt\u00f3rej<\/p>\n","protected":false},"featured_media":42859,"comment_status":"closed","ping_status":"open","template":"","meta":{"_acf_changed":false},"product_brand":[],"product_cat":[5938,5937,5939],"product_tag":[],"class_list":{"0":"post-57045","1":"product","2":"type-product","3":"status-publish","4":"has-post-thumbnail","6":"product_cat-latarki","7":"product_cat-outdoor","8":"product_cat-pozostale-latarki","9":"pa_okres-gwarancji-5754","10":"pa_producent-superfire","12":"first","13":"outofstock","14":"taxable","15":"shipping-taxable","16":"purchasable","17":"product-type-simple"},"acf":[],"yoast_head":"<!-- This site is optimized with the Yoast SEO plugin v27.2 - https:\/\/yoast.com\/product\/yoast-seo-wordpress\/ -->\n<title>Latarka SUPERFIRE X18 strumie\u0144 \u015bwietlny 55lm - IRONSKY.PL Sklep z Dronami<\/title>\n<meta name=\"description\" content=\"Latarka SUPERFIRE X18 strumie\u0144 \u015bwietlny 55lm - \u2705 sklep z dronami i fachowym doradztwem. \u2705 Tutaj kupisz produkty DJI, Yuneec, Parrot, Syma i wiele innych, a tak\u017ce kursy i licencje na operatora drona.\" \/>\n<meta name=\"robots\" content=\"index, follow, max-snippet:-1, max-image-preview:large, max-video-preview:-1\" \/>\n<link rel=\"canonical\" href=\"https:\/\/ironsky.pl\/sklep\/produkt\/latarka-superfire-x18-strumien-swietlny-55lm\/\" \/>\n<meta property=\"og:locale\" content=\"pl_PL\" \/>\n<meta property=\"og:type\" content=\"article\" \/>\n<meta property=\"og:title\" content=\"Latarka SUPERFIRE X18 strumie\u0144 \u015bwietlny 55lm - IRONSKY.PL Sklep z Dronami\" \/>\n<meta property=\"og:description\" content=\"Latarka SUPERFIRE X18 strumie\u0144 \u015bwietlny 55lm - \u2705 sklep z dronami i fachowym doradztwem. \u2705 Tutaj kupisz produkty DJI, Yuneec, Parrot, Syma i wiele innych, a tak\u017ce kursy i licencje na operatora drona.\" \/>\n<meta property=\"og:url\" content=\"https:\/\/ironsky.pl\/sklep\/produkt\/latarka-superfire-x18-strumien-swietlny-55lm\/\" \/>\n<meta property=\"og:site_name\" content=\"IRONSKY.PL Sklep z Dronami\" \/>\n<meta property=\"article:modified_time\" content=\"2026-04-15T08:21:53+00:00\" \/>\n<meta property=\"og:image\" content=\"https:\/\/ironsky.pl\/sklep\/wp-content\/uploads\/2025\/06\/32500_2.jpg\" \/>\n\t<meta property=\"og:image:width\" content=\"800\" \/>\n\t<meta property=\"og:image:height\" content=\"800\" \/>\n\t<meta property=\"og:image:type\" content=\"image\/jpeg\" \/>\n<meta name=\"twitter:card\" content=\"summary_large_image\" \/>\n<meta name=\"twitter:label1\" content=\"Szacowany czas czytania\" \/>\n\t<meta name=\"twitter:data1\" content=\"2 minuty\" \/>\n<script type=\"application\/ld+json\" class=\"yoast-schema-graph\">{\"@context\":\"https:\/\/schema.org\",\"@graph\":[{\"@type\":\"WebPage\",\"@id\":\"https:\/\/ironsky.pl\/sklep\/produkt\/latarka-superfire-x18-strumien-swietlny-55lm\/\",\"url\":\"https:\/\/ironsky.pl\/sklep\/produkt\/latarka-superfire-x18-strumien-swietlny-55lm\/\",\"name\":\"Latarka SUPERFIRE X18 strumie\u0144 \u015bwietlny 55lm - IRONSKY.PL Sklep z Dronami\",\"isPartOf\":{\"@id\":\"https:\/\/ironsky.pl\/sklep\/#website\"},\"primaryImageOfPage\":{\"@id\":\"https:\/\/ironsky.pl\/sklep\/produkt\/latarka-superfire-x18-strumien-swietlny-55lm\/#primaryimage\"},\"image\":{\"@id\":\"https:\/\/ironsky.pl\/sklep\/produkt\/latarka-superfire-x18-strumien-swietlny-55lm\/#primaryimage\"},\"thumbnailUrl\":\"https:\/\/ironsky.pl\/sklep\/wp-content\/uploads\/2025\/06\/32500_2.jpg\",\"datePublished\":\"2026-04-15T08:21:50+00:00\",\"dateModified\":\"2026-04-15T08:21:53+00:00\",\"description\":\"Latarka SUPERFIRE X18 strumie\u0144 \u015bwietlny 55lm - \u2705 sklep z dronami i fachowym doradztwem. \u2705 Tutaj kupisz produkty DJI, Yuneec, Parrot, Syma i wiele innych, a tak\u017ce kursy i licencje na operatora drona.\",\"breadcrumb\":{\"@id\":\"https:\/\/ironsky.pl\/sklep\/produkt\/latarka-superfire-x18-strumien-swietlny-55lm\/#breadcrumb\"},\"inLanguage\":\"pl-PL\",\"potentialAction\":[{\"@type\":\"ReadAction\",\"target\":[\"https:\/\/ironsky.pl\/sklep\/produkt\/latarka-superfire-x18-strumien-swietlny-55lm\/\"]}]},{\"@type\":\"ImageObject\",\"inLanguage\":\"pl-PL\",\"@id\":\"https:\/\/ironsky.pl\/sklep\/produkt\/latarka-superfire-x18-strumien-swietlny-55lm\/#primaryimage\",\"url\":\"https:\/\/ironsky.pl\/sklep\/wp-content\/uploads\/2025\/06\/32500_2.jpg\",\"contentUrl\":\"https:\/\/ironsky.pl\/sklep\/wp-content\/uploads\/2025\/06\/32500_2.jpg\",\"width\":800,\"height\":800},{\"@type\":\"BreadcrumbList\",\"@id\":\"https:\/\/ironsky.pl\/sklep\/produkt\/latarka-superfire-x18-strumien-swietlny-55lm\/#breadcrumb\",\"itemListElement\":[{\"@type\":\"ListItem\",\"position\":1,\"name\":\"Strona g\u0142\u00f3wna\",\"item\":\"https:\/\/ironsky.pl\/sklep\/\"},{\"@type\":\"ListItem\",\"position\":2,\"name\":\"Wszystkie produkty\",\"item\":\"https:\/\/ironsky.pl\/sklep\/produkty\/\"},{\"@type\":\"ListItem\",\"position\":3,\"name\":\"Latarka SUPERFIRE X18 strumie\u0144 \u015bwietlny 55lm\"}]},{\"@type\":\"WebSite\",\"@id\":\"https:\/\/ironsky.pl\/sklep\/#website\",\"url\":\"https:\/\/ironsky.pl\/sklep\/\",\"name\":\"IRONSKY.PL Sklep z Dronami\",\"description\":\"IRONSKY.PL Sklep z Dronami\",\"potentialAction\":[{\"@type\":\"SearchAction\",\"target\":{\"@type\":\"EntryPoint\",\"urlTemplate\":\"https:\/\/ironsky.pl\/sklep\/?s={search_term_string}\"},\"query-input\":{\"@type\":\"PropertyValueSpecification\",\"valueRequired\":true,\"valueName\":\"search_term_string\"}}],\"inLanguage\":\"pl-PL\"}]}<\/script>\n<!-- \/ Yoast SEO plugin. -->","yoast_head_json":{"title":"Latarka SUPERFIRE X18 strumie\u0144 \u015bwietlny 55lm - IRONSKY.PL Sklep z Dronami","description":"Latarka SUPERFIRE X18 strumie\u0144 \u015bwietlny 55lm - \u2705 sklep z dronami i fachowym doradztwem. \u2705 Tutaj kupisz produkty DJI, Yuneec, Parrot, Syma i wiele innych, a tak\u017ce kursy i licencje na operatora drona.","robots":{"index":"index","follow":"follow","max-snippet":"max-snippet:-1","max-image-preview":"max-image-preview:large","max-video-preview":"max-video-preview:-1"},"canonical":"https:\/\/ironsky.pl\/sklep\/produkt\/latarka-superfire-x18-strumien-swietlny-55lm\/","og_locale":"pl_PL","og_type":"article","og_title":"Latarka SUPERFIRE X18 strumie\u0144 \u015bwietlny 55lm - IRONSKY.PL Sklep z Dronami","og_description":"Latarka SUPERFIRE X18 strumie\u0144 \u015bwietlny 55lm - \u2705 sklep z dronami i fachowym doradztwem. \u2705 Tutaj kupisz produkty DJI, Yuneec, Parrot, Syma i wiele innych, a tak\u017ce kursy i licencje na operatora drona.","og_url":"https:\/\/ironsky.pl\/sklep\/produkt\/latarka-superfire-x18-strumien-swietlny-55lm\/","og_site_name":"IRONSKY.PL Sklep z Dronami","article_modified_time":"2026-04-15T08:21:53+00:00","og_image":[{"width":800,"height":800,"url":"https:\/\/ironsky.pl\/sklep\/wp-content\/uploads\/2025\/06\/32500_2.jpg","type":"image\/jpeg"}],"twitter_card":"summary_large_image","twitter_misc":{"Szacowany czas czytania":"2 minuty"},"schema":{"@context":"https:\/\/schema.org","@graph":[{"@type":"WebPage","@id":"https:\/\/ironsky.pl\/sklep\/produkt\/latarka-superfire-x18-strumien-swietlny-55lm\/","url":"https:\/\/ironsky.pl\/sklep\/produkt\/latarka-superfire-x18-strumien-swietlny-55lm\/","name":"Latarka SUPERFIRE X18 strumie\u0144 \u015bwietlny 55lm - IRONSKY.PL Sklep z Dronami","isPartOf":{"@id":"https:\/\/ironsky.pl\/sklep\/#website"},"primaryImageOfPage":{"@id":"https:\/\/ironsky.pl\/sklep\/produkt\/latarka-superfire-x18-strumien-swietlny-55lm\/#primaryimage"},"image":{"@id":"https:\/\/ironsky.pl\/sklep\/produkt\/latarka-superfire-x18-strumien-swietlny-55lm\/#primaryimage"},"thumbnailUrl":"https:\/\/ironsky.pl\/sklep\/wp-content\/uploads\/2025\/06\/32500_2.jpg","datePublished":"2026-04-15T08:21:50+00:00","dateModified":"2026-04-15T08:21:53+00:00","description":"Latarka SUPERFIRE X18 strumie\u0144 \u015bwietlny 55lm - \u2705 sklep z dronami i fachowym doradztwem. \u2705 Tutaj kupisz produkty DJI, Yuneec, Parrot, Syma i wiele innych, a tak\u017ce kursy i licencje na operatora drona.","breadcrumb":{"@id":"https:\/\/ironsky.pl\/sklep\/produkt\/latarka-superfire-x18-strumien-swietlny-55lm\/#breadcrumb"},"inLanguage":"pl-PL","potentialAction":[{"@type":"ReadAction","target":["https:\/\/ironsky.pl\/sklep\/produkt\/latarka-superfire-x18-strumien-swietlny-55lm\/"]}]},{"@type":"ImageObject","inLanguage":"pl-PL","@id":"https:\/\/ironsky.pl\/sklep\/produkt\/latarka-superfire-x18-strumien-swietlny-55lm\/#primaryimage","url":"https:\/\/ironsky.pl\/sklep\/wp-content\/uploads\/2025\/06\/32500_2.jpg","contentUrl":"https:\/\/ironsky.pl\/sklep\/wp-content\/uploads\/2025\/06\/32500_2.jpg","width":800,"height":800},{"@type":"BreadcrumbList","@id":"https:\/\/ironsky.pl\/sklep\/produkt\/latarka-superfire-x18-strumien-swietlny-55lm\/#breadcrumb","itemListElement":[{"@type":"ListItem","position":1,"name":"Strona g\u0142\u00f3wna","item":"https:\/\/ironsky.pl\/sklep\/"},{"@type":"ListItem","position":2,"name":"Wszystkie produkty","item":"https:\/\/ironsky.pl\/sklep\/produkty\/"},{"@type":"ListItem","position":3,"name":"Latarka SUPERFIRE X18 strumie\u0144 \u015bwietlny 55lm"}]},{"@type":"WebSite","@id":"https:\/\/ironsky.pl\/sklep\/#website","url":"https:\/\/ironsky.pl\/sklep\/","name":"IRONSKY.PL Sklep z Dronami","description":"IRONSKY.PL Sklep z Dronami","potentialAction":[{"@type":"SearchAction","target":{"@type":"EntryPoint","urlTemplate":"https:\/\/ironsky.pl\/sklep\/?s={search_term_string}"},"query-input":{"@type":"PropertyValueSpecification","valueRequired":true,"valueName":"search_term_string"}}],"inLanguage":"pl-PL"}]}},"_links":{"self":[{"href":"https:\/\/ironsky.pl\/sklep\/wp-json\/wp\/v2\/product\/57045","targetHints":{"allow":["GET"]}}],"collection":[{"href":"https:\/\/ironsky.pl\/sklep\/wp-json\/wp\/v2\/product"}],"about":[{"href":"https:\/\/ironsky.pl\/sklep\/wp-json\/wp\/v2\/types\/product"}],"replies":[{"embeddable":true,"href":"https:\/\/ironsky.pl\/sklep\/wp-json\/wp\/v2\/comments?post=57045"}],"wp:featuredmedia":[{"embeddable":true,"href":"https:\/\/ironsky.pl\/sklep\/wp-json\/wp\/v2\/media\/42859"}],"wp:attachment":[{"href":"https:\/\/ironsky.pl\/sklep\/wp-json\/wp\/v2\/media?parent=57045"}],"wp:term":[{"taxonomy":"product_brand","embeddable":true,"href":"https:\/\/ironsky.pl\/sklep\/wp-json\/wp\/v2\/product_brand?post=57045"},{"taxonomy":"product_cat","embeddable":true,"href":"https:\/\/ironsky.pl\/sklep\/wp-json\/wp\/v2\/product_cat?post=57045"},{"taxonomy":"product_tag","embeddable":true,"href":"https:\/\/ironsky.pl\/sklep\/wp-json\/wp\/v2\/product_tag?post=57045"}],"curies":[{"name":"wp","href":"https:\/\/api.w.org\/{rel}","templated":true}]}}