{"id":57044,"date":"2026-04-15T10:21:50","date_gmt":"2026-04-15T08:21:50","guid":{"rendered":"https:\/\/ironsky.pl\/sklep\/produkt\/latarka-superfire-l28-121lm-2\/"},"modified":"2026-04-15T10:21:52","modified_gmt":"2026-04-15T08:21:52","slug":"latarka-superfire-l28-121lm-2","status":"publish","type":"product","link":"https:\/\/ironsky.pl\/sklep\/produkt\/latarka-superfire-l28-121lm-2\/","title":{"rendered":"Latarka SUPERFIRE L28 121lm"},"content":{"rendered":"<h3>Latarka Superfire L28, 121 lm, 5W, 52 m, 5 tryb\u00f3w<\/h3>\n<p>Kompaktowa latarka Superfire L28 mo\u017ce Ci towarzyszy\u0107 niemal wsz\u0119dzie. Bez problemu zmie\u015bci si\u0119 nawet w kieszeni, a dzi\u0119ki jasno\u015bci 121 lm i wodoodporno\u015bci IP44 (International Protection 44, ochrona przed cia\u0142ami sta\u0142ymi powy\u017cej 1 mm i bryzgami wody z dowolnego kierunku) doskonale sprawdzi si\u0119 w r\u00f3\u017cnych zastosowaniach. Wa\u017cy zaledwie 29 g, wi\u0119c jest niemal nieodczuwalna w baga\u017cu czy kieszeni, a jej minimalistyczny, stylowy design sprawia, \u017ce prezentuje si\u0119 elegancko. Do zasilania urz\u0105dzenia wystarcz\u0105 \u0142atwo wymienne 2 baterie AAA (potr\u00f3jne A, standardowy rozmiar baterii), a jego czas pracy si\u0119ga 47 minut. Co wi\u0119cej, produkt zosta\u0142 wykonany z trwa\u0142ego stopu aluminium \u2013 jest wyj\u0105tkowo wytrzyma\u0142y i odporny na upadki oraz uszkodzenia.<\/p>\n<p>\n<img decoding=\"async\" src=\"https:\/\/assets.innpro.pl\/14131\/17623\/1.jpg\" border=\"0\" alt=\"Czarna latarka marki SUPERFIRE \u015bwiec\u0105ca w ciemno\u015bci na tle pop\u0119kanej powierzchni\" \/>\n<\/p>\n<h3>Zawsze pod r\u0119k\u0105<\/h3>\n<p>Je\u015bli szukasz niewielkiej latarki, kt\u00f3r\u0105 b\u0119dziesz m\u00f3g\u0142 zabra\u0107 ze sob\u0105 niemal wsz\u0119dzie, model L28 b\u0119dzie doskona\u0142ym wyborem. Urz\u0105dzenie jest mniejsze od d\u0142ugopisu \u2013 z \u0142atwo\u015bci\u0105 zmie\u015bcisz je w torbie lub nawet kieszeni. Zosta\u0142o te\u017c wyposa\u017cone w specjalny klips, dzi\u0119ki kt\u00f3remu mo\u017cesz przymocowa\u0107 je sobie do plecaka lub koszulki. Bez problemu przypniesz j\u0105 tak\u017ce do pasa.<\/p>\n<p>\n<img decoding=\"async\" src=\"https:\/\/assets.innpro.pl\/14131\/17623\/2.jpg\" border=\"0\" alt=\"Latarka SUPERFIRE przypi\u0119ta kolejno do kapelusza, kieszeni fartucha i plecaka\" \/>\n<\/p>\n<h3>D\u0142ugi czas pracy<\/h3>\n<p>Nie obawiaj si\u0119, \u017ce latarka zbyt szybko odm\u00f3wi Ci pos\u0142usze\u0144stwa. Urz\u0105dzenie jest zasilane za pomoc\u0105 2 baterii AAA, kt\u00f3re mog\u0105 zapewni\u0107 czas pracy do 47 minut. Mo\u017cesz wi\u0119c bez obaw wybra\u0107 si\u0119 na wypraw\u0119 w g\u00f3ry lub camping w lesie \u2013 nawet je\u015bli Twoja wycieczka nieco si\u0119 przed\u0142u\u017cy, z \u0142atwo\u015bci\u0105 zapewnisz sobie odpowiednie o\u015bwietlenie i wr\u00f3cisz do domu!<\/p>\n<p>\n<img decoding=\"async\" src=\"https:\/\/assets.innpro.pl\/14131\/17623\/6.jpg\" border=\"0\" alt=\"Latarka SUPERFIRE trzymana w d\u0142oni oraz wsuni\u0119ta do kieszeni d\u017cins\u00f3w\" \/>\n<\/p>\n<h3>Optymalne o\u015bwietlenie<\/h3>\n<p>Latarka wyr\u00f3\u017cnia si\u0119 moc\u0105 maksymaln\u0105 5 W i jasno\u015bci\u0105 121 lm, a jej zasi\u0119g wynosi do 52 m. Dzi\u0119ki temu zapewni Ci optymalne o\u015bwietlenie w r\u00f3\u017cnych sytuacjach! Do dyspozycji masz tak\u017ce 5 tryb\u00f3w \u015bwiecenia \u2013 mocne \u015bwiat\u0142o, \u015brednie \u015bwiat\u0142o, s\u0142abe \u015bwiat\u0142o, stroboskop oraz SOS. R\u00f3\u017cne poziomy jasno\u015bci umo\u017cliwiaj\u0105 idealne dopasowanie o\u015bwietlenia do aktualnego otoczenia i Twoich potrzeb.<\/p>\n<p>\n<img decoding=\"async\" src=\"https:\/\/assets.innpro.pl\/14131\/17623\/4.jpg\" border=\"0\" alt=\"Dwie latarki SUPERFIRE na \u015brodku otoczone sze\u015bcioma zdj\u0119ciami pokazuj\u0105cymi ich u\u017cycie w r\u00f3\u017cnych sytuacjach\" \/>\n<\/p>\n<h3>Wiele zastosowa\u0144<\/h3>\n<p>Ta por\u0119czna latarka doskonale sprawdzi w r\u00f3\u017cnych zastosowaniach. Mo\u017cesz na przyk\u0142ad zabra\u0107 j\u0105 ze sob\u0105 na biwak lub wycieczk\u0119 w g\u00f3ry. Przyda Ci si\u0119 r\u00f3wnie\u017c do przeprowadzania drobnych napraw. Wykorzystasz j\u0105 tak\u017ce podczas awarii pr\u0105du \u2013 dzi\u0119ki niej bez problemu znajdziesz potrzebne rzeczy lub unikniesz potkni\u0119cia si\u0119 o co\u015b w ciemno\u015bci.<\/p>\n<p>\n<img decoding=\"async\" src=\"https:\/\/assets.innpro.pl\/14131\/17623\/3.jpg\" border=\"0\" alt=\"Czarna latarka SUPERFIRE w strugach deszczu i rozpryskuj\u0105cej si\u0119 wodzie\" \/>\n<\/p>\n<div class=\"table-wrapper\">\n<p>\u00a0<\/p>\n<h3><\/h3>\n<table>\n<tbody>\n<tr>\n<th>Producent <\/th>\n<td>Superfire<\/td>\n<\/tr>\n<tr>\n<th>Model <\/th>\n<td>L28<\/td>\n<\/tr>\n<tr>\n<th>Kolor<\/th>\n<td>Czarny<\/td>\n<\/tr>\n<tr>\n<th>Moc <\/th>\n<td>5 W maks.<\/td>\n<\/tr>\n<tr>\n<th>Jasno\u015b\u0107 <\/th>\n<td>121 lm<\/td>\n<\/tr>\n<tr>\n<th>Zasi\u0119g <\/th>\n<td>Do 52 m<\/td>\n<\/tr>\n<tr>\n<th>Tryby \u015bwiecenia <\/th>\n<td>Mocne \u015bwiat\u0142o, \u015brednie \u015bwiat\u0142o, s\u0142abe \u015bwiat\u0142o, stroboskop, SOS<\/td>\n<\/tr>\n<tr>\n<th>Zasilanie <\/th>\n<td>2x bateria AAA<\/td>\n<\/tr>\n<tr>\n<th>Czas pracy <\/th>\n<td>Ok. 47 min<\/td>\n<\/tr>\n<tr>\n<th>Wodoodporno\u015b\u0107 <\/th>\n<td>IP52<\/td>\n<\/tr>\n<tr>\n<th>Materia\u0142<\/th>\n<td>Stop aluminium<\/td>\n<\/tr>\n<tr>\n<th>Wymiary <\/th>\n<td>135 x 15 x 15 mm<\/td>\n<\/tr>\n<tr>\n<th>Waga <\/th>\n<td>29 g<\/td>\n<\/tr>\n<\/tbody>\n<\/table>\n<\/div>\n","protected":false},"excerpt":{"rendered":"<p>Latarka Superfire L28, 121 lm, 5W, 52 m, 5 tryb\u00f3w Kompaktowa latarka Superfire L28 mo\u017ce Ci towarzyszy\u0107 niemal wsz\u0119dzie. Bez<\/p>\n","protected":false},"featured_media":42856,"comment_status":"closed","ping_status":"open","template":"","meta":{"_acf_changed":false},"product_brand":[],"product_cat":[5938,5937,5939],"product_tag":[],"class_list":{"0":"post-57044","1":"product","2":"type-product","3":"status-publish","4":"has-post-thumbnail","6":"product_cat-latarki","7":"product_cat-outdoor","8":"product_cat-pozostale-latarki","9":"pa_okres-gwarancji-5754","10":"pa_producent-superfire","12":"first","13":"outofstock","14":"taxable","15":"shipping-taxable","16":"purchasable","17":"product-type-simple"},"acf":[],"yoast_head":"<!-- This site is optimized with the Yoast SEO plugin v27.2 - https:\/\/yoast.com\/product\/yoast-seo-wordpress\/ -->\n<title>Latarka SUPERFIRE L28 121lm - IRONSKY.PL Sklep z Dronami<\/title>\n<meta name=\"description\" content=\"Latarka SUPERFIRE L28 121lm - \u2705 sklep z dronami i fachowym doradztwem. \u2705 Tutaj kupisz produkty DJI, Yuneec, Parrot, Syma i wiele innych, a tak\u017ce kursy i licencje na operatora drona.\" \/>\n<meta name=\"robots\" content=\"index, follow, max-snippet:-1, max-image-preview:large, max-video-preview:-1\" \/>\n<link rel=\"canonical\" href=\"https:\/\/ironsky.pl\/sklep\/produkt\/latarka-superfire-l28-121lm-2\/\" \/>\n<meta property=\"og:locale\" content=\"pl_PL\" \/>\n<meta property=\"og:type\" content=\"article\" \/>\n<meta property=\"og:title\" content=\"Latarka SUPERFIRE L28 121lm - IRONSKY.PL Sklep z Dronami\" \/>\n<meta property=\"og:description\" content=\"Latarka SUPERFIRE L28 121lm - \u2705 sklep z dronami i fachowym doradztwem. \u2705 Tutaj kupisz produkty DJI, Yuneec, Parrot, Syma i wiele innych, a tak\u017ce kursy i licencje na operatora drona.\" \/>\n<meta property=\"og:url\" content=\"https:\/\/ironsky.pl\/sklep\/produkt\/latarka-superfire-l28-121lm-2\/\" \/>\n<meta property=\"og:site_name\" content=\"IRONSKY.PL Sklep z Dronami\" \/>\n<meta property=\"article:modified_time\" content=\"2026-04-15T08:21:52+00:00\" \/>\n<meta property=\"og:image\" content=\"https:\/\/ironsky.pl\/sklep\/wp-content\/uploads\/2025\/06\/32499_2.jpg\" \/>\n\t<meta property=\"og:image:width\" content=\"800\" \/>\n\t<meta property=\"og:image:height\" content=\"800\" \/>\n\t<meta property=\"og:image:type\" content=\"image\/jpeg\" \/>\n<meta name=\"twitter:card\" content=\"summary_large_image\" \/>\n<meta name=\"twitter:label1\" content=\"Szacowany czas czytania\" \/>\n\t<meta name=\"twitter:data1\" content=\"2 minuty\" \/>\n<script type=\"application\/ld+json\" class=\"yoast-schema-graph\">{\"@context\":\"https:\/\/schema.org\",\"@graph\":[{\"@type\":\"WebPage\",\"@id\":\"https:\/\/ironsky.pl\/sklep\/produkt\/latarka-superfire-l28-121lm-2\/\",\"url\":\"https:\/\/ironsky.pl\/sklep\/produkt\/latarka-superfire-l28-121lm-2\/\",\"name\":\"Latarka SUPERFIRE L28 121lm - IRONSKY.PL Sklep z Dronami\",\"isPartOf\":{\"@id\":\"https:\/\/ironsky.pl\/sklep\/#website\"},\"primaryImageOfPage\":{\"@id\":\"https:\/\/ironsky.pl\/sklep\/produkt\/latarka-superfire-l28-121lm-2\/#primaryimage\"},\"image\":{\"@id\":\"https:\/\/ironsky.pl\/sklep\/produkt\/latarka-superfire-l28-121lm-2\/#primaryimage\"},\"thumbnailUrl\":\"https:\/\/ironsky.pl\/sklep\/wp-content\/uploads\/2025\/06\/32499_2.jpg\",\"datePublished\":\"2026-04-15T08:21:50+00:00\",\"dateModified\":\"2026-04-15T08:21:52+00:00\",\"description\":\"Latarka SUPERFIRE L28 121lm - \u2705 sklep z dronami i fachowym doradztwem. \u2705 Tutaj kupisz produkty DJI, Yuneec, Parrot, Syma i wiele innych, a tak\u017ce kursy i licencje na operatora drona.\",\"breadcrumb\":{\"@id\":\"https:\/\/ironsky.pl\/sklep\/produkt\/latarka-superfire-l28-121lm-2\/#breadcrumb\"},\"inLanguage\":\"pl-PL\",\"potentialAction\":[{\"@type\":\"ReadAction\",\"target\":[\"https:\/\/ironsky.pl\/sklep\/produkt\/latarka-superfire-l28-121lm-2\/\"]}]},{\"@type\":\"ImageObject\",\"inLanguage\":\"pl-PL\",\"@id\":\"https:\/\/ironsky.pl\/sklep\/produkt\/latarka-superfire-l28-121lm-2\/#primaryimage\",\"url\":\"https:\/\/ironsky.pl\/sklep\/wp-content\/uploads\/2025\/06\/32499_2.jpg\",\"contentUrl\":\"https:\/\/ironsky.pl\/sklep\/wp-content\/uploads\/2025\/06\/32499_2.jpg\",\"width\":800,\"height\":800},{\"@type\":\"BreadcrumbList\",\"@id\":\"https:\/\/ironsky.pl\/sklep\/produkt\/latarka-superfire-l28-121lm-2\/#breadcrumb\",\"itemListElement\":[{\"@type\":\"ListItem\",\"position\":1,\"name\":\"Strona g\u0142\u00f3wna\",\"item\":\"https:\/\/ironsky.pl\/sklep\/\"},{\"@type\":\"ListItem\",\"position\":2,\"name\":\"Wszystkie produkty\",\"item\":\"https:\/\/ironsky.pl\/sklep\/produkty\/\"},{\"@type\":\"ListItem\",\"position\":3,\"name\":\"Latarka SUPERFIRE L28 121lm\"}]},{\"@type\":\"WebSite\",\"@id\":\"https:\/\/ironsky.pl\/sklep\/#website\",\"url\":\"https:\/\/ironsky.pl\/sklep\/\",\"name\":\"IRONSKY.PL Sklep z Dronami\",\"description\":\"IRONSKY.PL Sklep z Dronami\",\"potentialAction\":[{\"@type\":\"SearchAction\",\"target\":{\"@type\":\"EntryPoint\",\"urlTemplate\":\"https:\/\/ironsky.pl\/sklep\/?s={search_term_string}\"},\"query-input\":{\"@type\":\"PropertyValueSpecification\",\"valueRequired\":true,\"valueName\":\"search_term_string\"}}],\"inLanguage\":\"pl-PL\"}]}<\/script>\n<!-- \/ Yoast SEO plugin. -->","yoast_head_json":{"title":"Latarka SUPERFIRE L28 121lm - IRONSKY.PL Sklep z Dronami","description":"Latarka SUPERFIRE L28 121lm - \u2705 sklep z dronami i fachowym doradztwem. \u2705 Tutaj kupisz produkty DJI, Yuneec, Parrot, Syma i wiele innych, a tak\u017ce kursy i licencje na operatora drona.","robots":{"index":"index","follow":"follow","max-snippet":"max-snippet:-1","max-image-preview":"max-image-preview:large","max-video-preview":"max-video-preview:-1"},"canonical":"https:\/\/ironsky.pl\/sklep\/produkt\/latarka-superfire-l28-121lm-2\/","og_locale":"pl_PL","og_type":"article","og_title":"Latarka SUPERFIRE L28 121lm - IRONSKY.PL Sklep z Dronami","og_description":"Latarka SUPERFIRE L28 121lm - \u2705 sklep z dronami i fachowym doradztwem. \u2705 Tutaj kupisz produkty DJI, Yuneec, Parrot, Syma i wiele innych, a tak\u017ce kursy i licencje na operatora drona.","og_url":"https:\/\/ironsky.pl\/sklep\/produkt\/latarka-superfire-l28-121lm-2\/","og_site_name":"IRONSKY.PL Sklep z Dronami","article_modified_time":"2026-04-15T08:21:52+00:00","og_image":[{"width":800,"height":800,"url":"https:\/\/ironsky.pl\/sklep\/wp-content\/uploads\/2025\/06\/32499_2.jpg","type":"image\/jpeg"}],"twitter_card":"summary_large_image","twitter_misc":{"Szacowany czas czytania":"2 minuty"},"schema":{"@context":"https:\/\/schema.org","@graph":[{"@type":"WebPage","@id":"https:\/\/ironsky.pl\/sklep\/produkt\/latarka-superfire-l28-121lm-2\/","url":"https:\/\/ironsky.pl\/sklep\/produkt\/latarka-superfire-l28-121lm-2\/","name":"Latarka SUPERFIRE L28 121lm - IRONSKY.PL Sklep z Dronami","isPartOf":{"@id":"https:\/\/ironsky.pl\/sklep\/#website"},"primaryImageOfPage":{"@id":"https:\/\/ironsky.pl\/sklep\/produkt\/latarka-superfire-l28-121lm-2\/#primaryimage"},"image":{"@id":"https:\/\/ironsky.pl\/sklep\/produkt\/latarka-superfire-l28-121lm-2\/#primaryimage"},"thumbnailUrl":"https:\/\/ironsky.pl\/sklep\/wp-content\/uploads\/2025\/06\/32499_2.jpg","datePublished":"2026-04-15T08:21:50+00:00","dateModified":"2026-04-15T08:21:52+00:00","description":"Latarka SUPERFIRE L28 121lm - \u2705 sklep z dronami i fachowym doradztwem. \u2705 Tutaj kupisz produkty DJI, Yuneec, Parrot, Syma i wiele innych, a tak\u017ce kursy i licencje na operatora drona.","breadcrumb":{"@id":"https:\/\/ironsky.pl\/sklep\/produkt\/latarka-superfire-l28-121lm-2\/#breadcrumb"},"inLanguage":"pl-PL","potentialAction":[{"@type":"ReadAction","target":["https:\/\/ironsky.pl\/sklep\/produkt\/latarka-superfire-l28-121lm-2\/"]}]},{"@type":"ImageObject","inLanguage":"pl-PL","@id":"https:\/\/ironsky.pl\/sklep\/produkt\/latarka-superfire-l28-121lm-2\/#primaryimage","url":"https:\/\/ironsky.pl\/sklep\/wp-content\/uploads\/2025\/06\/32499_2.jpg","contentUrl":"https:\/\/ironsky.pl\/sklep\/wp-content\/uploads\/2025\/06\/32499_2.jpg","width":800,"height":800},{"@type":"BreadcrumbList","@id":"https:\/\/ironsky.pl\/sklep\/produkt\/latarka-superfire-l28-121lm-2\/#breadcrumb","itemListElement":[{"@type":"ListItem","position":1,"name":"Strona g\u0142\u00f3wna","item":"https:\/\/ironsky.pl\/sklep\/"},{"@type":"ListItem","position":2,"name":"Wszystkie produkty","item":"https:\/\/ironsky.pl\/sklep\/produkty\/"},{"@type":"ListItem","position":3,"name":"Latarka SUPERFIRE L28 121lm"}]},{"@type":"WebSite","@id":"https:\/\/ironsky.pl\/sklep\/#website","url":"https:\/\/ironsky.pl\/sklep\/","name":"IRONSKY.PL Sklep z Dronami","description":"IRONSKY.PL Sklep z Dronami","potentialAction":[{"@type":"SearchAction","target":{"@type":"EntryPoint","urlTemplate":"https:\/\/ironsky.pl\/sklep\/?s={search_term_string}"},"query-input":{"@type":"PropertyValueSpecification","valueRequired":true,"valueName":"search_term_string"}}],"inLanguage":"pl-PL"}]}},"_links":{"self":[{"href":"https:\/\/ironsky.pl\/sklep\/wp-json\/wp\/v2\/product\/57044","targetHints":{"allow":["GET"]}}],"collection":[{"href":"https:\/\/ironsky.pl\/sklep\/wp-json\/wp\/v2\/product"}],"about":[{"href":"https:\/\/ironsky.pl\/sklep\/wp-json\/wp\/v2\/types\/product"}],"replies":[{"embeddable":true,"href":"https:\/\/ironsky.pl\/sklep\/wp-json\/wp\/v2\/comments?post=57044"}],"wp:featuredmedia":[{"embeddable":true,"href":"https:\/\/ironsky.pl\/sklep\/wp-json\/wp\/v2\/media\/42856"}],"wp:attachment":[{"href":"https:\/\/ironsky.pl\/sklep\/wp-json\/wp\/v2\/media?parent=57044"}],"wp:term":[{"taxonomy":"product_brand","embeddable":true,"href":"https:\/\/ironsky.pl\/sklep\/wp-json\/wp\/v2\/product_brand?post=57044"},{"taxonomy":"product_cat","embeddable":true,"href":"https:\/\/ironsky.pl\/sklep\/wp-json\/wp\/v2\/product_cat?post=57044"},{"taxonomy":"product_tag","embeddable":true,"href":"https:\/\/ironsky.pl\/sklep\/wp-json\/wp\/v2\/product_tag?post=57044"}],"curies":[{"name":"wp","href":"https:\/\/api.w.org\/{rel}","templated":true}]}}