{"id":57041,"date":"2026-04-15T10:21:14","date_gmt":"2026-04-15T08:21:14","guid":{"rendered":"https:\/\/ironsky.pl\/sklep\/produkt\/dji-flighthub-2-pro-1-miesiac-kod-elektroniczny-2\/"},"modified":"2026-04-15T10:21:48","modified_gmt":"2026-04-15T08:21:48","slug":"dji-flighthub-2-pro-1-miesiac-kod-elektroniczny-2","status":"publish","type":"product","link":"https:\/\/ironsky.pl\/sklep\/produkt\/dji-flighthub-2-pro-1-miesiac-kod-elektroniczny-2\/","title":{"rendered":"DJI FlightHub 2 Pro 1 miesi\u0105c &#8211; Kod elektroniczny"},"content":{"rendered":"<h3>Pe\u0142na \u015bwiadomo\u015b\u0107 sytuacyjna w czasie rzeczywistym<\/h3>\n<p>FlightHub 2 to kompleksowa, oparta na chmurze platforma do zarz\u0105dzania operacjami dron\u00f3w, kt\u00f3ra pomaga uzyska\u0107 wszechstronn\u0105 \u015bwiadomo\u015b\u0107 sytuacyjn\u0105 w czasie rzeczywistym. Uzyskaj dost\u0119p do wszystkich informacji potrzebnych do planowania misji dron\u00f3w, nadzorowania floty i zarz\u0105dzania tworzonymi danymi &#8211; dost\u0119pna w bezpiecznym \u015brodowisku opartym na chmurze. Maksymalny czas aktywacji kodu wynosi 6 miesi\u0119cy (180 dni). Uwaga: Mo\u017cesz poprosi\u0107 o zwrot pieni\u0119dzy, je\u015bli us\u0142uga nie zostanie aktywowana do u\u017cytku w ci\u0105gu trzydziestu dni kalendarzowych od wysy\u0142ki. Po aktywacji us\u0142ugi nie ma mo\u017cliwo\u015bci zwrotu pieni\u0119dzy, wymiany ani przeniesienia do innych organizacji. nale\u017cy aktywowa\u0107 us\u0142ug\u0119 w okresie wa\u017cno\u015bci aktywacji, w przeciwnym razie plan wyga\u015bnie.<\/p>\n<p>\n<img decoding=\"async\" src=\"https:\/\/assets.innpro.pl\/3572\/24618\/6.jpg\" border=\"0\" alt=\"\" \/>\n<\/p>\n<h3>Mapa bazowa 2.5D<\/h3>\n<p>Zintegruj dane wysoko\u015bciowe z mapami satelitarnymi, aby zwi\u0119kszy\u0107 orientacj\u0119 w terenie podczas planowania operacji.<\/p>\n<p>\n<img decoding=\"async\" src=\"https:\/\/assets.innpro.pl\/3572\/24618\/3.jpg\" border=\"0\" alt=\"\" \/>\n<\/p>\n<h3>Synchronizacja obrazu panoramicznego jednym dotkni\u0119ciem<\/h3>\n<p>Utw\u00f3rz widok 360\u00b0 i prze\u015blij go do chmury za pomoc\u0105 jednego dotkni\u0119cia palca. Udost\u0119pnione panoramy wraz ze wsp\u00f3\u0142rz\u0119dnymi, z kt\u00f3rych zosta\u0142y wykonane, s\u0105 umieszczane na mapie bazowej 2.5D misji, zapewniaj\u0105c wszystkim cz\u0142onkom zespo\u0142u szybki dost\u0119p do informacji z powietrza.<\/p>\n<p>\n<img decoding=\"async\" src=\"https:\/\/assets.innpro.pl\/3572\/24618\/2.jpg\" border=\"0\" alt=\"\" \/>\n<\/p>\n<h3>Mapowanie w chmurze<\/h3>\n<p>Generowanie ortomozaiki RGB lub termicznych map obszar\u00f3w o wielko\u015bci do 1,5 k\u33a1 w czasie jednego lotu. Ortomozaika jest automatycznie nak\u0142adana na map\u0119 bazow\u0105 2,5D, zapewniaj\u0105c szczeg\u00f3\u0142ow\u0105 wiedz\u0119 o \u015brodowisku misji, gdy zajdzie taka potrzeba.<\/p>\n<p>\n<img decoding=\"async\" src=\"https:\/\/assets.innpro.pl\/3572\/24618\/dji-flighthub-2-przekaz-na-zywo.jpg\" border=\"0\" alt=\"\" \/>\n<\/p>\n<h3>Przekaz na \u017cywo z przebiegu misji<\/h3>\n<p>Pod\u0142\u0105cz wielu u\u017cytkownik\u00f3w do jednej lub wielu misji realizowanych za pomoc\u0105 dron\u00f3w jednocze\u015bnie i informuj zespo\u0142y o najnowszych wydarzeniach dzi\u0119ki transmisji obrazu na \u017cywo, w wysokiej rozdzielczo\u015bci i z ma\u0142ymi op\u00f3\u017anieniami.<\/p>\n<p>\n<img decoding=\"async\" src=\"https:\/\/assets.innpro.pl\/3572\/24618\/dji-flighthub-2-adnotacje-na-zywo.jpg\" border=\"0\" alt=\"\" \/>\n<\/p>\n<h3>Adnotacje na \u017cywo<\/h3>\n<p>Wyr\u00f3\u017cnianie obiekt\u00f3w lub obszar\u00f3w zainteresowania w celu efektywnego zarz\u0105dzania misj\u0105 i rozmieszczenia jednostek. Adnotacje s\u0105 widoczne dla zespo\u0142\u00f3w naziemnych, operator\u00f3w dron\u00f3w lub dowolnych cz\u0142onk\u00f3w zespo\u0142u, co umo\u017cliwia szybkie dostosowanie misji i podzia\u0142 zada\u0144.<\/p>\n<p>\n<img decoding=\"async\" src=\"https:\/\/assets.innpro.pl\/3572\/24618\/5.jpg\" border=\"0\" alt=\"\" \/>\n<\/p>\n<h3>Usprawniona komunikacja w zespole<\/h3>\n<p>Synchronizacja cennych informacji, takich jak pozycja zespo\u0142u, status drona, szczeg\u00f3\u0142y misji i inne, w czasie rzeczywistym i na wielu typach urz\u0105dze\u0144. Wsp\u00f3\u0142praca mi\u0119dzy zespo\u0142ami staje si\u0119 \u0142atwiejsza ni\u017c zwykle.<\/p>\n<p>\n<img decoding=\"async\" src=\"https:\/\/assets.innpro.pl\/3572\/24618\/dji-flighthub-2-planowanie-trasy-i-zarzadzanie-misja.jpg\" border=\"0\" alt=\"\" \/>\n<\/p>\n<h3>Planowanie trasy i zarz\u0105dzanie misj\u0105<\/h3>\n<p>Tworzenie wszelkiego rodzaju misji bezpo\u015brednio z komputera przy u\u017cyciu mapy bazowej 2,5D. Wy\u015bwietlanie podgl\u0105du zak\u0142adanych wynik\u00f3w dla ka\u017cdego punktu misji, wp\u0142ywa na bezpiecze\u0144stwo trasy lotu i wysok\u0105 jako\u015b\u0107 danych. Synchronizowanie misji z operatorami dron\u00f3w pozwoli na efektywne i wygodne wykonanie zadania.<\/p>\n<p>\n<img decoding=\"async\" src=\"https:\/\/assets.innpro.pl\/3572\/24618\/4.jpg\" border=\"0\" alt=\"\" \/>\n<\/p>\n<h3>Zarz\u0105dzanie zasobami multimedi\u00f3w<\/h3>\n<p>Przegl\u0105daj wyniki swoich misji w chmurze. Otw\u00f3rz dowolne przechwycone zdj\u0119cie, film lub panoram\u0119, a zostan\u0105 one wy\u015bwietlone na mapie bazowej 2,5D wraz z odpowiednimi informacjami o wsp\u00f3\u0142rz\u0119dnych.<\/p>\n<p>\n<img decoding=\"async\" src=\"https:\/\/assets.innpro.pl\/3572\/24618\/3317703c70d658e8187431d5827fd1b9.jpg\" border=\"0\" alt=\"\" \/>\n<\/p>\n<h3>Misje autonomiczne DJI Dock<\/h3>\n<p>Pe\u0142na kompatybilno\u015b\u0107 FlightHub 2 ze stacj\u0105 dokuj\u0105c\u0105 DJI Dock zapewnia zupe\u0142nie nowe podej\u015bcie do pracy na odleg\u0142o\u015b\u0107. <\/p>\n<p>\n<img decoding=\"async\" src=\"https:\/\/assets.innpro.pl\/3572\/24618\/fh2-alerts.jpg\" border=\"0\" alt=\"\" \/>\n<\/p>\n<h3>Alerty<\/h3>\n<p>W przypadku nietypowych warunk\u00f3w, takich jak ulewne deszcze, silne wiatry lub inne sytuacje, kt\u00f3re mog\u0105 mie\u0107 wp\u0142yw na misj\u0119 lotu lub integralno\u015b\u0107 sprz\u0119tu, FlightHub 2 automatycznie uruchomi alerty.<\/p>\n<p>\n<img decoding=\"async\" src=\"https:\/\/assets.innpro.pl\/3572\/24618\/fh2-remote-maintenance.jpg\" border=\"0\" alt=\"\" \/>\n<\/p>\n<h3>Zdalna obs\u0142uga techniczna<\/h3>\n<p>Zdalnie sprawdzaj status stacji dokuj\u0105cej DJI i przeprowadzaj debugowanie w razie potrzeby. Zapewnij ci\u0105g\u0142o\u015b\u0107 dzia\u0142ania drona bez konieczno\u015bci ci\u0105g\u0142ych wizyt konserwacyjnych.<\/p>\n<p>\n<img decoding=\"async\" src=\"https:\/\/assets.innpro.pl\/3572\/24618\/1.jpg\" border=\"0\" alt=\"\" \/>\n<\/p>\n<h3>Bezpiecze\u0144stwo Twoich danych<\/h3>\n<p>DJI FlightHub 2 przesy\u0142a, przechowuje i zarz\u0105dza danymi na serwerach w chmurze obs\u0142ugiwanych przez Amazon Web Services, kt\u00f3re s\u0105 zgodne z certyfikatami bezpiecze\u0144stwa ISO\/IEC 27001.<\/p>\n<p>\n<img decoding=\"async\" src=\"https:\/\/assets.innpro.pl\/3572\/24618\/9.jpg\" border=\"0\" alt=\"\" \/>\n<\/p>\n<h3>DJI FlightHub 2 On-Premises \u2013 bezpieczne \u015brodowisko lokalne<\/h3>\n<p>W sprzeda\u017cy dost\u0119pna jest r\u00f3wnie\u017c wersja DJI FlightHub 2 On-Premises, kt\u00f3ra umo\u017cliwia przetwarzanie i przechowywanie informacji w lokalnej infrastrukturze. Zapewnia takie same funkcje jak wersja chmurowa, ale dzia\u0142a lokalnie, eliminuj\u0105c konieczno\u015b\u0107 korzystania z zewn\u0119trznych serwer\u00f3w. Dzi\u0119ki temu minimalizuje ryzyko wycieku informacji i spe\u0142nia wymogi dotycz\u0105ce bezpiecze\u0144stwa w sektorach, gdzie poufno\u015b\u0107 ma priorytetowe znaczenie.<\/p>\n<p>\n<img decoding=\"async\" src=\"https:\/\/assets.innpro.pl\/3572\/24618\/3.jpg\" border=\"0\" alt=\"\" \/>\n<\/p>\n<div class=\"table-wrapper\">\n<\/div>\n","protected":false},"excerpt":{"rendered":"<p>Pe\u0142na \u015bwiadomo\u015b\u0107 sytuacyjna w czasie rzeczywistym FlightHub 2 to kompleksowa, oparta na chmurze platforma do zarz\u0105dzania operacjami dron\u00f3w, kt\u00f3ra pomaga<\/p>\n","protected":false},"featured_media":57042,"comment_status":"closed","ping_status":"open","template":"","meta":{"_acf_changed":false},"product_brand":[],"product_cat":[1088,1105,6194],"product_tag":[],"class_list":{"0":"post-57041","1":"product","2":"type-product","3":"status-publish","4":"has-post-thumbnail","6":"product_cat-drony","7":"product_cat-przemyslowe","8":"product_cat-oprogramowanie","9":"pa_producent-dji-enterprise","11":"first","12":"outofstock","13":"taxable","14":"shipping-taxable","15":"purchasable","16":"product-type-simple"},"acf":[],"yoast_head":"<!-- This site is optimized with the Yoast SEO plugin v27.2 - https:\/\/yoast.com\/product\/yoast-seo-wordpress\/ -->\n<title>DJI FlightHub 2 Pro 1 miesi\u0105c - Kod elektroniczny - IRONSKY.PL Sklep z Dronami<\/title>\n<meta name=\"description\" content=\"DJI FlightHub 2 Pro 1 miesi\u0105c - Kod elektroniczny - \u2705 sklep z dronami i fachowym doradztwem. \u2705 Tutaj kupisz produkty DJI, Yuneec, Parrot, Syma i wiele innych, a tak\u017ce kursy i licencje na operatora drona.\" \/>\n<meta name=\"robots\" content=\"index, follow, max-snippet:-1, max-image-preview:large, max-video-preview:-1\" \/>\n<link rel=\"canonical\" href=\"https:\/\/ironsky.pl\/sklep\/produkt\/dji-flighthub-2-pro-1-miesiac-kod-elektroniczny-2\/\" \/>\n<meta property=\"og:locale\" content=\"pl_PL\" \/>\n<meta property=\"og:type\" content=\"article\" \/>\n<meta property=\"og:title\" content=\"DJI FlightHub 2 Pro 1 miesi\u0105c - Kod elektroniczny - IRONSKY.PL Sklep z Dronami\" \/>\n<meta property=\"og:description\" content=\"DJI FlightHub 2 Pro 1 miesi\u0105c - Kod elektroniczny - \u2705 sklep z dronami i fachowym doradztwem. \u2705 Tutaj kupisz produkty DJI, Yuneec, Parrot, Syma i wiele innych, a tak\u017ce kursy i licencje na operatora drona.\" \/>\n<meta property=\"og:url\" content=\"https:\/\/ironsky.pl\/sklep\/produkt\/dji-flighthub-2-pro-1-miesiac-kod-elektroniczny-2\/\" \/>\n<meta property=\"og:site_name\" content=\"IRONSKY.PL Sklep z Dronami\" \/>\n<meta property=\"article:modified_time\" content=\"2026-04-15T08:21:48+00:00\" \/>\n<meta property=\"og:image\" content=\"https:\/\/ironsky.pl\/sklep\/wp-content\/uploads\/2026\/04\/32423_1.jpg\" \/>\n\t<meta property=\"og:image:width\" content=\"800\" \/>\n\t<meta property=\"og:image:height\" content=\"800\" \/>\n\t<meta property=\"og:image:type\" content=\"image\/jpeg\" \/>\n<meta name=\"twitter:card\" content=\"summary_large_image\" \/>\n<meta name=\"twitter:label1\" content=\"Szacowany czas czytania\" \/>\n\t<meta name=\"twitter:data1\" content=\"3 minuty\" \/>\n<script type=\"application\/ld+json\" class=\"yoast-schema-graph\">{\"@context\":\"https:\/\/schema.org\",\"@graph\":[{\"@type\":\"WebPage\",\"@id\":\"https:\/\/ironsky.pl\/sklep\/produkt\/dji-flighthub-2-pro-1-miesiac-kod-elektroniczny-2\/\",\"url\":\"https:\/\/ironsky.pl\/sklep\/produkt\/dji-flighthub-2-pro-1-miesiac-kod-elektroniczny-2\/\",\"name\":\"DJI FlightHub 2 Pro 1 miesi\u0105c - Kod elektroniczny - IRONSKY.PL Sklep z Dronami\",\"isPartOf\":{\"@id\":\"https:\/\/ironsky.pl\/sklep\/#website\"},\"primaryImageOfPage\":{\"@id\":\"https:\/\/ironsky.pl\/sklep\/produkt\/dji-flighthub-2-pro-1-miesiac-kod-elektroniczny-2\/#primaryimage\"},\"image\":{\"@id\":\"https:\/\/ironsky.pl\/sklep\/produkt\/dji-flighthub-2-pro-1-miesiac-kod-elektroniczny-2\/#primaryimage\"},\"thumbnailUrl\":\"https:\/\/ironsky.pl\/sklep\/wp-content\/uploads\/2026\/04\/32423_1.jpg\",\"datePublished\":\"2026-04-15T08:21:14+00:00\",\"dateModified\":\"2026-04-15T08:21:48+00:00\",\"description\":\"DJI FlightHub 2 Pro 1 miesi\u0105c - Kod elektroniczny - \u2705 sklep z dronami i fachowym doradztwem. \u2705 Tutaj kupisz produkty DJI, Yuneec, Parrot, Syma i wiele innych, a tak\u017ce kursy i licencje na operatora drona.\",\"breadcrumb\":{\"@id\":\"https:\/\/ironsky.pl\/sklep\/produkt\/dji-flighthub-2-pro-1-miesiac-kod-elektroniczny-2\/#breadcrumb\"},\"inLanguage\":\"pl-PL\",\"potentialAction\":[{\"@type\":\"ReadAction\",\"target\":[\"https:\/\/ironsky.pl\/sklep\/produkt\/dji-flighthub-2-pro-1-miesiac-kod-elektroniczny-2\/\"]}]},{\"@type\":\"ImageObject\",\"inLanguage\":\"pl-PL\",\"@id\":\"https:\/\/ironsky.pl\/sklep\/produkt\/dji-flighthub-2-pro-1-miesiac-kod-elektroniczny-2\/#primaryimage\",\"url\":\"https:\/\/ironsky.pl\/sklep\/wp-content\/uploads\/2026\/04\/32423_1.jpg\",\"contentUrl\":\"https:\/\/ironsky.pl\/sklep\/wp-content\/uploads\/2026\/04\/32423_1.jpg\",\"width\":800,\"height\":800},{\"@type\":\"BreadcrumbList\",\"@id\":\"https:\/\/ironsky.pl\/sklep\/produkt\/dji-flighthub-2-pro-1-miesiac-kod-elektroniczny-2\/#breadcrumb\",\"itemListElement\":[{\"@type\":\"ListItem\",\"position\":1,\"name\":\"Strona g\u0142\u00f3wna\",\"item\":\"https:\/\/ironsky.pl\/sklep\/\"},{\"@type\":\"ListItem\",\"position\":2,\"name\":\"Wszystkie produkty\",\"item\":\"https:\/\/ironsky.pl\/sklep\/produkty\/\"},{\"@type\":\"ListItem\",\"position\":3,\"name\":\"DJI FlightHub 2 Pro 1 miesi\u0105c &#8211; Kod elektroniczny\"}]},{\"@type\":\"WebSite\",\"@id\":\"https:\/\/ironsky.pl\/sklep\/#website\",\"url\":\"https:\/\/ironsky.pl\/sklep\/\",\"name\":\"IRONSKY.PL Sklep z Dronami\",\"description\":\"IRONSKY.PL Sklep z Dronami\",\"potentialAction\":[{\"@type\":\"SearchAction\",\"target\":{\"@type\":\"EntryPoint\",\"urlTemplate\":\"https:\/\/ironsky.pl\/sklep\/?s={search_term_string}\"},\"query-input\":{\"@type\":\"PropertyValueSpecification\",\"valueRequired\":true,\"valueName\":\"search_term_string\"}}],\"inLanguage\":\"pl-PL\"}]}<\/script>\n<!-- \/ Yoast SEO plugin. -->","yoast_head_json":{"title":"DJI FlightHub 2 Pro 1 miesi\u0105c - Kod elektroniczny - IRONSKY.PL Sklep z Dronami","description":"DJI FlightHub 2 Pro 1 miesi\u0105c - Kod elektroniczny - \u2705 sklep z dronami i fachowym doradztwem. \u2705 Tutaj kupisz produkty DJI, Yuneec, Parrot, Syma i wiele innych, a tak\u017ce kursy i licencje na operatora drona.","robots":{"index":"index","follow":"follow","max-snippet":"max-snippet:-1","max-image-preview":"max-image-preview:large","max-video-preview":"max-video-preview:-1"},"canonical":"https:\/\/ironsky.pl\/sklep\/produkt\/dji-flighthub-2-pro-1-miesiac-kod-elektroniczny-2\/","og_locale":"pl_PL","og_type":"article","og_title":"DJI FlightHub 2 Pro 1 miesi\u0105c - Kod elektroniczny - IRONSKY.PL Sklep z Dronami","og_description":"DJI FlightHub 2 Pro 1 miesi\u0105c - Kod elektroniczny - \u2705 sklep z dronami i fachowym doradztwem. \u2705 Tutaj kupisz produkty DJI, Yuneec, Parrot, Syma i wiele innych, a tak\u017ce kursy i licencje na operatora drona.","og_url":"https:\/\/ironsky.pl\/sklep\/produkt\/dji-flighthub-2-pro-1-miesiac-kod-elektroniczny-2\/","og_site_name":"IRONSKY.PL Sklep z Dronami","article_modified_time":"2026-04-15T08:21:48+00:00","og_image":[{"width":800,"height":800,"url":"https:\/\/ironsky.pl\/sklep\/wp-content\/uploads\/2026\/04\/32423_1.jpg","type":"image\/jpeg"}],"twitter_card":"summary_large_image","twitter_misc":{"Szacowany czas czytania":"3 minuty"},"schema":{"@context":"https:\/\/schema.org","@graph":[{"@type":"WebPage","@id":"https:\/\/ironsky.pl\/sklep\/produkt\/dji-flighthub-2-pro-1-miesiac-kod-elektroniczny-2\/","url":"https:\/\/ironsky.pl\/sklep\/produkt\/dji-flighthub-2-pro-1-miesiac-kod-elektroniczny-2\/","name":"DJI FlightHub 2 Pro 1 miesi\u0105c - Kod elektroniczny - IRONSKY.PL Sklep z Dronami","isPartOf":{"@id":"https:\/\/ironsky.pl\/sklep\/#website"},"primaryImageOfPage":{"@id":"https:\/\/ironsky.pl\/sklep\/produkt\/dji-flighthub-2-pro-1-miesiac-kod-elektroniczny-2\/#primaryimage"},"image":{"@id":"https:\/\/ironsky.pl\/sklep\/produkt\/dji-flighthub-2-pro-1-miesiac-kod-elektroniczny-2\/#primaryimage"},"thumbnailUrl":"https:\/\/ironsky.pl\/sklep\/wp-content\/uploads\/2026\/04\/32423_1.jpg","datePublished":"2026-04-15T08:21:14+00:00","dateModified":"2026-04-15T08:21:48+00:00","description":"DJI FlightHub 2 Pro 1 miesi\u0105c - Kod elektroniczny - \u2705 sklep z dronami i fachowym doradztwem. \u2705 Tutaj kupisz produkty DJI, Yuneec, Parrot, Syma i wiele innych, a tak\u017ce kursy i licencje na operatora drona.","breadcrumb":{"@id":"https:\/\/ironsky.pl\/sklep\/produkt\/dji-flighthub-2-pro-1-miesiac-kod-elektroniczny-2\/#breadcrumb"},"inLanguage":"pl-PL","potentialAction":[{"@type":"ReadAction","target":["https:\/\/ironsky.pl\/sklep\/produkt\/dji-flighthub-2-pro-1-miesiac-kod-elektroniczny-2\/"]}]},{"@type":"ImageObject","inLanguage":"pl-PL","@id":"https:\/\/ironsky.pl\/sklep\/produkt\/dji-flighthub-2-pro-1-miesiac-kod-elektroniczny-2\/#primaryimage","url":"https:\/\/ironsky.pl\/sklep\/wp-content\/uploads\/2026\/04\/32423_1.jpg","contentUrl":"https:\/\/ironsky.pl\/sklep\/wp-content\/uploads\/2026\/04\/32423_1.jpg","width":800,"height":800},{"@type":"BreadcrumbList","@id":"https:\/\/ironsky.pl\/sklep\/produkt\/dji-flighthub-2-pro-1-miesiac-kod-elektroniczny-2\/#breadcrumb","itemListElement":[{"@type":"ListItem","position":1,"name":"Strona g\u0142\u00f3wna","item":"https:\/\/ironsky.pl\/sklep\/"},{"@type":"ListItem","position":2,"name":"Wszystkie produkty","item":"https:\/\/ironsky.pl\/sklep\/produkty\/"},{"@type":"ListItem","position":3,"name":"DJI FlightHub 2 Pro 1 miesi\u0105c &#8211; Kod elektroniczny"}]},{"@type":"WebSite","@id":"https:\/\/ironsky.pl\/sklep\/#website","url":"https:\/\/ironsky.pl\/sklep\/","name":"IRONSKY.PL Sklep z Dronami","description":"IRONSKY.PL Sklep z Dronami","potentialAction":[{"@type":"SearchAction","target":{"@type":"EntryPoint","urlTemplate":"https:\/\/ironsky.pl\/sklep\/?s={search_term_string}"},"query-input":{"@type":"PropertyValueSpecification","valueRequired":true,"valueName":"search_term_string"}}],"inLanguage":"pl-PL"}]}},"_links":{"self":[{"href":"https:\/\/ironsky.pl\/sklep\/wp-json\/wp\/v2\/product\/57041","targetHints":{"allow":["GET"]}}],"collection":[{"href":"https:\/\/ironsky.pl\/sklep\/wp-json\/wp\/v2\/product"}],"about":[{"href":"https:\/\/ironsky.pl\/sklep\/wp-json\/wp\/v2\/types\/product"}],"replies":[{"embeddable":true,"href":"https:\/\/ironsky.pl\/sklep\/wp-json\/wp\/v2\/comments?post=57041"}],"wp:featuredmedia":[{"embeddable":true,"href":"https:\/\/ironsky.pl\/sklep\/wp-json\/wp\/v2\/media\/57042"}],"wp:attachment":[{"href":"https:\/\/ironsky.pl\/sklep\/wp-json\/wp\/v2\/media?parent=57041"}],"wp:term":[{"taxonomy":"product_brand","embeddable":true,"href":"https:\/\/ironsky.pl\/sklep\/wp-json\/wp\/v2\/product_brand?post=57041"},{"taxonomy":"product_cat","embeddable":true,"href":"https:\/\/ironsky.pl\/sklep\/wp-json\/wp\/v2\/product_cat?post=57041"},{"taxonomy":"product_tag","embeddable":true,"href":"https:\/\/ironsky.pl\/sklep\/wp-json\/wp\/v2\/product_tag?post=57041"}],"curies":[{"name":"wp","href":"https:\/\/api.w.org\/{rel}","templated":true}]}}