{"id":57023,"date":"2026-04-15T10:21:14","date_gmt":"2026-04-15T08:21:14","guid":{"rendered":"https:\/\/ironsky.pl\/sklep\/produkt\/smigla-2110s-do-dji-matrice-300-350-rtk-2\/"},"modified":"2026-04-15T10:21:39","modified_gmt":"2026-04-15T08:21:39","slug":"smigla-2110s-do-dji-matrice-300-350-rtk-2","status":"publish","type":"product","link":"https:\/\/ironsky.pl\/sklep\/produkt\/smigla-2110s-do-dji-matrice-300-350-rtk-2\/","title":{"rendered":"\u015amig\u0142a 2110s do DJI Matrice 300\/350 RTK"},"content":{"rendered":"<h3>\u015amig\u0142a 2110s do DJI Matrice 350 RTK<\/h3>\n<p>Oryginalne \u015bmig\u0142a 2110s przeznaczone do stosowania z dronem Matrice 350 RTK firmy DJI.<\/p>\n<p><img decoding=\"async\" src=\"\/data\/include\/cms\/enterprise\/Matrice-350\/m350-2110s.jpg\" border=\"0\" alt=\"enterprise\/Matrice-300\/6958265125645-1\" width=\"3840\" height=\"904\" \/><\/p>\n<h3>Zawarto\u015b\u0107 zestawu:<\/h3>\n<ul>\n<li>1x \u015bmig\u0142o CCW<\/li>\n<li>1x \u015bmig\u0142o CW<\/li>\n<li>6x \u015bruba<\/li>\n<\/ul>\n<div class=\"table-wrapper\">\n<table>\n<tbody>\n<tr>\n<th>\u015arednica \u015bmig\u0142a<\/th>\n<td>53 cm<\/td>\n<\/tr>\n<tr>\n<th>K\u0105t nachylenia \u0142opaty<\/th>\n<td>25 cm<\/td>\n<\/tr>\n<tr>\n<th>Kompatybilno\u015b\u0107<\/th>\n<td>Matrice 300 RTK, Matrice 350 RTK<\/td>\n<\/tr>\n<\/tbody>\n<\/table>\n<\/div>\n","protected":false},"excerpt":{"rendered":"<p>\u015amig\u0142a 2110s do DJI Matrice 350 RTK Oryginalne \u015bmig\u0142a 2110s przeznaczone do stosowania z dronem Matrice 350 RTK firmy DJI.<\/p>\n","protected":false},"featured_media":57024,"comment_status":"closed","ping_status":"open","template":"","meta":{"_acf_changed":false},"product_brand":[],"product_cat":[6169,1088,1105],"product_tag":[],"class_list":{"0":"post-57023","1":"product","2":"type-product","3":"status-publish","4":"has-post-thumbnail","6":"product_cat-akcesoria-i-czesci","7":"product_cat-drony","8":"product_cat-przemyslowe","9":"pa_brak-5770","10":"pa_producent-dji-enterprise","12":"first","13":"outofstock","14":"taxable","15":"shipping-taxable","16":"purchasable","17":"product-type-simple"},"acf":[],"yoast_head":"<!-- This site is optimized with the Yoast SEO plugin v27.2 - https:\/\/yoast.com\/product\/yoast-seo-wordpress\/ -->\n<title>\u015amig\u0142a 2110s do DJI Matrice 300\/350 RTK - IRONSKY.PL Sklep z Dronami<\/title>\n<meta name=\"description\" content=\"\u015amig\u0142a 2110s do DJI Matrice 300\/350 RTK - \u2705 sklep z dronami i fachowym doradztwem. \u2705 Tutaj kupisz produkty DJI, Yuneec, Parrot, Syma i wiele innych, a tak\u017ce kursy i licencje na operatora drona.\" \/>\n<meta name=\"robots\" content=\"index, follow, max-snippet:-1, max-image-preview:large, max-video-preview:-1\" \/>\n<link rel=\"canonical\" href=\"https:\/\/ironsky.pl\/sklep\/produkt\/smigla-2110s-do-dji-matrice-300-350-rtk-2\/\" \/>\n<meta property=\"og:locale\" content=\"pl_PL\" \/>\n<meta property=\"og:type\" content=\"article\" \/>\n<meta property=\"og:title\" content=\"\u015amig\u0142a 2110s do DJI Matrice 300\/350 RTK - IRONSKY.PL Sklep z Dronami\" \/>\n<meta property=\"og:description\" content=\"\u015amig\u0142a 2110s do DJI Matrice 300\/350 RTK - \u2705 sklep z dronami i fachowym doradztwem. \u2705 Tutaj kupisz produkty DJI, Yuneec, Parrot, Syma i wiele innych, a tak\u017ce kursy i licencje na operatora drona.\" \/>\n<meta property=\"og:url\" content=\"https:\/\/ironsky.pl\/sklep\/produkt\/smigla-2110s-do-dji-matrice-300-350-rtk-2\/\" \/>\n<meta property=\"og:site_name\" content=\"IRONSKY.PL Sklep z Dronami\" \/>\n<meta property=\"article:modified_time\" content=\"2026-04-15T08:21:39+00:00\" \/>\n<meta property=\"og:image\" content=\"https:\/\/ironsky.pl\/sklep\/wp-content\/uploads\/2026\/04\/32377_3.jpg\" \/>\n\t<meta property=\"og:image:width\" content=\"800\" \/>\n\t<meta property=\"og:image:height\" content=\"800\" \/>\n\t<meta property=\"og:image:type\" content=\"image\/jpeg\" \/>\n<meta name=\"twitter:card\" content=\"summary_large_image\" \/>\n<script type=\"application\/ld+json\" class=\"yoast-schema-graph\">{\"@context\":\"https:\/\/schema.org\",\"@graph\":[{\"@type\":\"WebPage\",\"@id\":\"https:\/\/ironsky.pl\/sklep\/produkt\/smigla-2110s-do-dji-matrice-300-350-rtk-2\/\",\"url\":\"https:\/\/ironsky.pl\/sklep\/produkt\/smigla-2110s-do-dji-matrice-300-350-rtk-2\/\",\"name\":\"\u015amig\u0142a 2110s do DJI Matrice 300\/350 RTK - IRONSKY.PL Sklep z Dronami\",\"isPartOf\":{\"@id\":\"https:\/\/ironsky.pl\/sklep\/#website\"},\"primaryImageOfPage\":{\"@id\":\"https:\/\/ironsky.pl\/sklep\/produkt\/smigla-2110s-do-dji-matrice-300-350-rtk-2\/#primaryimage\"},\"image\":{\"@id\":\"https:\/\/ironsky.pl\/sklep\/produkt\/smigla-2110s-do-dji-matrice-300-350-rtk-2\/#primaryimage\"},\"thumbnailUrl\":\"https:\/\/ironsky.pl\/sklep\/wp-content\/uploads\/2026\/04\/32377_3.jpg\",\"datePublished\":\"2026-04-15T08:21:14+00:00\",\"dateModified\":\"2026-04-15T08:21:39+00:00\",\"description\":\"\u015amig\u0142a 2110s do DJI Matrice 300\/350 RTK - \u2705 sklep z dronami i fachowym doradztwem. \u2705 Tutaj kupisz produkty DJI, Yuneec, Parrot, Syma i wiele innych, a tak\u017ce kursy i licencje na operatora drona.\",\"breadcrumb\":{\"@id\":\"https:\/\/ironsky.pl\/sklep\/produkt\/smigla-2110s-do-dji-matrice-300-350-rtk-2\/#breadcrumb\"},\"inLanguage\":\"pl-PL\",\"potentialAction\":[{\"@type\":\"ReadAction\",\"target\":[\"https:\/\/ironsky.pl\/sklep\/produkt\/smigla-2110s-do-dji-matrice-300-350-rtk-2\/\"]}]},{\"@type\":\"ImageObject\",\"inLanguage\":\"pl-PL\",\"@id\":\"https:\/\/ironsky.pl\/sklep\/produkt\/smigla-2110s-do-dji-matrice-300-350-rtk-2\/#primaryimage\",\"url\":\"https:\/\/ironsky.pl\/sklep\/wp-content\/uploads\/2026\/04\/32377_3.jpg\",\"contentUrl\":\"https:\/\/ironsky.pl\/sklep\/wp-content\/uploads\/2026\/04\/32377_3.jpg\",\"width\":800,\"height\":800},{\"@type\":\"BreadcrumbList\",\"@id\":\"https:\/\/ironsky.pl\/sklep\/produkt\/smigla-2110s-do-dji-matrice-300-350-rtk-2\/#breadcrumb\",\"itemListElement\":[{\"@type\":\"ListItem\",\"position\":1,\"name\":\"Strona g\u0142\u00f3wna\",\"item\":\"https:\/\/ironsky.pl\/sklep\/\"},{\"@type\":\"ListItem\",\"position\":2,\"name\":\"Wszystkie produkty\",\"item\":\"https:\/\/ironsky.pl\/sklep\/produkty\/\"},{\"@type\":\"ListItem\",\"position\":3,\"name\":\"\u015amig\u0142a 2110s do DJI Matrice 300\/350 RTK\"}]},{\"@type\":\"WebSite\",\"@id\":\"https:\/\/ironsky.pl\/sklep\/#website\",\"url\":\"https:\/\/ironsky.pl\/sklep\/\",\"name\":\"IRONSKY.PL Sklep z Dronami\",\"description\":\"IRONSKY.PL Sklep z Dronami\",\"potentialAction\":[{\"@type\":\"SearchAction\",\"target\":{\"@type\":\"EntryPoint\",\"urlTemplate\":\"https:\/\/ironsky.pl\/sklep\/?s={search_term_string}\"},\"query-input\":{\"@type\":\"PropertyValueSpecification\",\"valueRequired\":true,\"valueName\":\"search_term_string\"}}],\"inLanguage\":\"pl-PL\"}]}<\/script>\n<!-- \/ Yoast SEO plugin. -->","yoast_head_json":{"title":"\u015amig\u0142a 2110s do DJI Matrice 300\/350 RTK - IRONSKY.PL Sklep z Dronami","description":"\u015amig\u0142a 2110s do DJI Matrice 300\/350 RTK - \u2705 sklep z dronami i fachowym doradztwem. \u2705 Tutaj kupisz produkty DJI, Yuneec, Parrot, Syma i wiele innych, a tak\u017ce kursy i licencje na operatora drona.","robots":{"index":"index","follow":"follow","max-snippet":"max-snippet:-1","max-image-preview":"max-image-preview:large","max-video-preview":"max-video-preview:-1"},"canonical":"https:\/\/ironsky.pl\/sklep\/produkt\/smigla-2110s-do-dji-matrice-300-350-rtk-2\/","og_locale":"pl_PL","og_type":"article","og_title":"\u015amig\u0142a 2110s do DJI Matrice 300\/350 RTK - IRONSKY.PL Sklep z Dronami","og_description":"\u015amig\u0142a 2110s do DJI Matrice 300\/350 RTK - \u2705 sklep z dronami i fachowym doradztwem. \u2705 Tutaj kupisz produkty DJI, Yuneec, Parrot, Syma i wiele innych, a tak\u017ce kursy i licencje na operatora drona.","og_url":"https:\/\/ironsky.pl\/sklep\/produkt\/smigla-2110s-do-dji-matrice-300-350-rtk-2\/","og_site_name":"IRONSKY.PL Sklep z Dronami","article_modified_time":"2026-04-15T08:21:39+00:00","og_image":[{"width":800,"height":800,"url":"https:\/\/ironsky.pl\/sklep\/wp-content\/uploads\/2026\/04\/32377_3.jpg","type":"image\/jpeg"}],"twitter_card":"summary_large_image","schema":{"@context":"https:\/\/schema.org","@graph":[{"@type":"WebPage","@id":"https:\/\/ironsky.pl\/sklep\/produkt\/smigla-2110s-do-dji-matrice-300-350-rtk-2\/","url":"https:\/\/ironsky.pl\/sklep\/produkt\/smigla-2110s-do-dji-matrice-300-350-rtk-2\/","name":"\u015amig\u0142a 2110s do DJI Matrice 300\/350 RTK - IRONSKY.PL Sklep z Dronami","isPartOf":{"@id":"https:\/\/ironsky.pl\/sklep\/#website"},"primaryImageOfPage":{"@id":"https:\/\/ironsky.pl\/sklep\/produkt\/smigla-2110s-do-dji-matrice-300-350-rtk-2\/#primaryimage"},"image":{"@id":"https:\/\/ironsky.pl\/sklep\/produkt\/smigla-2110s-do-dji-matrice-300-350-rtk-2\/#primaryimage"},"thumbnailUrl":"https:\/\/ironsky.pl\/sklep\/wp-content\/uploads\/2026\/04\/32377_3.jpg","datePublished":"2026-04-15T08:21:14+00:00","dateModified":"2026-04-15T08:21:39+00:00","description":"\u015amig\u0142a 2110s do DJI Matrice 300\/350 RTK - \u2705 sklep z dronami i fachowym doradztwem. \u2705 Tutaj kupisz produkty DJI, Yuneec, Parrot, Syma i wiele innych, a tak\u017ce kursy i licencje na operatora drona.","breadcrumb":{"@id":"https:\/\/ironsky.pl\/sklep\/produkt\/smigla-2110s-do-dji-matrice-300-350-rtk-2\/#breadcrumb"},"inLanguage":"pl-PL","potentialAction":[{"@type":"ReadAction","target":["https:\/\/ironsky.pl\/sklep\/produkt\/smigla-2110s-do-dji-matrice-300-350-rtk-2\/"]}]},{"@type":"ImageObject","inLanguage":"pl-PL","@id":"https:\/\/ironsky.pl\/sklep\/produkt\/smigla-2110s-do-dji-matrice-300-350-rtk-2\/#primaryimage","url":"https:\/\/ironsky.pl\/sklep\/wp-content\/uploads\/2026\/04\/32377_3.jpg","contentUrl":"https:\/\/ironsky.pl\/sklep\/wp-content\/uploads\/2026\/04\/32377_3.jpg","width":800,"height":800},{"@type":"BreadcrumbList","@id":"https:\/\/ironsky.pl\/sklep\/produkt\/smigla-2110s-do-dji-matrice-300-350-rtk-2\/#breadcrumb","itemListElement":[{"@type":"ListItem","position":1,"name":"Strona g\u0142\u00f3wna","item":"https:\/\/ironsky.pl\/sklep\/"},{"@type":"ListItem","position":2,"name":"Wszystkie produkty","item":"https:\/\/ironsky.pl\/sklep\/produkty\/"},{"@type":"ListItem","position":3,"name":"\u015amig\u0142a 2110s do DJI Matrice 300\/350 RTK"}]},{"@type":"WebSite","@id":"https:\/\/ironsky.pl\/sklep\/#website","url":"https:\/\/ironsky.pl\/sklep\/","name":"IRONSKY.PL Sklep z Dronami","description":"IRONSKY.PL Sklep z Dronami","potentialAction":[{"@type":"SearchAction","target":{"@type":"EntryPoint","urlTemplate":"https:\/\/ironsky.pl\/sklep\/?s={search_term_string}"},"query-input":{"@type":"PropertyValueSpecification","valueRequired":true,"valueName":"search_term_string"}}],"inLanguage":"pl-PL"}]}},"_links":{"self":[{"href":"https:\/\/ironsky.pl\/sklep\/wp-json\/wp\/v2\/product\/57023","targetHints":{"allow":["GET"]}}],"collection":[{"href":"https:\/\/ironsky.pl\/sklep\/wp-json\/wp\/v2\/product"}],"about":[{"href":"https:\/\/ironsky.pl\/sklep\/wp-json\/wp\/v2\/types\/product"}],"replies":[{"embeddable":true,"href":"https:\/\/ironsky.pl\/sklep\/wp-json\/wp\/v2\/comments?post=57023"}],"wp:featuredmedia":[{"embeddable":true,"href":"https:\/\/ironsky.pl\/sklep\/wp-json\/wp\/v2\/media\/57024"}],"wp:attachment":[{"href":"https:\/\/ironsky.pl\/sklep\/wp-json\/wp\/v2\/media?parent=57023"}],"wp:term":[{"taxonomy":"product_brand","embeddable":true,"href":"https:\/\/ironsky.pl\/sklep\/wp-json\/wp\/v2\/product_brand?post=57023"},{"taxonomy":"product_cat","embeddable":true,"href":"https:\/\/ironsky.pl\/sklep\/wp-json\/wp\/v2\/product_cat?post=57023"},{"taxonomy":"product_tag","embeddable":true,"href":"https:\/\/ironsky.pl\/sklep\/wp-json\/wp\/v2\/product_tag?post=57023"}],"curies":[{"name":"wp","href":"https:\/\/api.w.org\/{rel}","templated":true}]}}