{"id":57022,"date":"2026-04-15T10:21:14","date_gmt":"2026-04-15T08:21:14","guid":{"rendered":"https:\/\/ironsky.pl\/sklep\/produkt\/szklo-hartowane-insta360-na-ekran-x3\/"},"modified":"2026-04-15T10:21:38","modified_gmt":"2026-04-15T08:21:38","slug":"szklo-hartowane-insta360-na-ekran-x3","status":"publish","type":"product","link":"https:\/\/ironsky.pl\/sklep\/produkt\/szklo-hartowane-insta360-na-ekran-x3\/","title":{"rendered":"Szk\u0142o hartowane INSTA360 na ekran X3"},"content":{"rendered":"<style type=\"text\/css\"><!--\ntd {border: 1px solid #cccccc;}br {mso-data-placement:same-cell;}\n--><\/style>\n<h3><span data-sheets-root=\"1\" data-sheets-value=\"{&quot;1&quot;:2,&quot;2&quot;:&quot;Szk\u0142o hartowane na ekran kamery Insta360 X3&quot;}\" data-sheets-userformat=\"{&quot;2&quot;:15107,&quot;3&quot;:{&quot;1&quot;:0},&quot;4&quot;:{&quot;1&quot;:2,&quot;2&quot;:16777215},&quot;11&quot;:4,&quot;12&quot;:0,&quot;14&quot;:{&quot;1&quot;:2,&quot;2&quot;:2764340},&quot;15&quot;:&quot;inherit&quot;,&quot;16&quot;:11}\">Szk\u0142o hartowane na ekran kamery Insta360 X3<\/span><\/h3>\n<p>Zadbaj o bezpiecze\u0144stwo swojej kamery! Os\u0142ona niezawodnie chroni wy\u015bwietlacz kamery przed zarysowaniem oraz uszkodzeniem. Dzi\u0119ki specjalnie zakrzywionej powierzchni w pe\u0142ni pokrywa ekran Insta X3. Zapewnia przepuszczalno\u015b\u0107 \u015bwiat\u0142a na poziomie 90%, dzi\u0119ki czemu mo\u017cesz cieszy\u0107 si\u0119 czystym i wyra\u017anym obrazem. W zestawie znajdziesz wszystkie niezb\u0119dne akcesoria, kt\u00f3re u\u0142atwi\u0105 Ci monta\u017c w domu.<\/p>\n<p><img decoding=\"async\" src=\"https:\/\/b2b.innpro.pl\/data\/include\/cms\/Insta360\/Screen-Protector-X3\/1.jpg\" border=\"0\" alt=\"Insta360\/Screen-Protector-X3\/1\" \/><\/p>\n<h3>W zestawie<\/h3>\n<ul>\n<li>os\u0142ona wy\u015bwietlacza<\/li>\n<li>narz\u0119dzie do wyr\u00f3wnania<\/li>\n<li>\u015bciereczka do czyszczenia ekranu<\/li>\n<li>narz\u0119dzie do usuwania folii<\/li>\n<li>zestaw do aplikacji os\u0142ony<\/li>\n<\/ul>\n<div class=\"table-wrapper\">\n<table>\n<tbody>\n<tr>\n<th>Producent<\/th>\n<td>Insta360<\/td>\n<\/tr>\n<tr>\n<th>Model<\/th>\n<td>CINSBAQD<\/td>\n<\/tr>\n<tr>\n<th>Nazwa<\/th>\n<td>X3 Screen Protector<\/td>\n<\/tr>\n<tr>\n<th>Kompatybilno\u015b\u0107<\/th>\n<td>kamera Insta360 X3<\/td>\n<\/tr>\n<tr>\n<th>Przepuszczalno\u015b\u0107 \u015bwiat\u0142a<\/th>\n<td>90%<\/td>\n<\/tr>\n<tr>\n<th>Wymiary<\/th>\n<td>55 x 40 mm<\/td>\n<\/tr>\n<tr>\n<th>Grubo\u015b\u0107<\/th>\n<td>1.3 mm<\/td>\n<\/tr>\n<\/tbody>\n<\/table>\n<\/div>\n","protected":false},"excerpt":{"rendered":"<p>Szk\u0142o hartowane na ekran kamery Insta360 X3 Zadbaj o bezpiecze\u0144stwo swojej kamery! Os\u0142ona niezawodnie chroni wy\u015bwietlacz kamery przed zarysowaniem oraz<\/p>\n","protected":false},"featured_media":0,"comment_status":"closed","ping_status":"open","template":"","meta":{"_acf_changed":false},"product_brand":[],"product_cat":[1130,1137,1128],"product_tag":[],"class_list":{"0":"post-57022","1":"product","2":"type-product","3":"status-publish","5":"product_cat-akcesoria-foto","6":"product_cat-do-kamer-sportowych","7":"product_cat-foto-wideo","8":"pa_okres-gwarancji-5757","9":"pa_producent-insta360","11":"first","12":"outofstock","13":"taxable","14":"shipping-taxable","15":"purchasable","16":"product-type-simple"},"acf":[],"yoast_head":"<!-- This site is optimized with the Yoast SEO plugin v27.2 - https:\/\/yoast.com\/product\/yoast-seo-wordpress\/ -->\n<title>Szk\u0142o hartowane INSTA360 na ekran X3 - IRONSKY.PL Sklep z Dronami<\/title>\n<meta name=\"description\" content=\"Szk\u0142o hartowane INSTA360 na ekran X3 - \u2705 sklep z dronami i fachowym doradztwem. \u2705 Tutaj kupisz produkty DJI, Yuneec, Parrot, Syma i wiele innych, a tak\u017ce kursy i licencje na operatora drona.\" \/>\n<meta name=\"robots\" content=\"index, follow, max-snippet:-1, max-image-preview:large, max-video-preview:-1\" \/>\n<link rel=\"canonical\" href=\"https:\/\/ironsky.pl\/sklep\/produkt\/szklo-hartowane-insta360-na-ekran-x3\/\" \/>\n<meta property=\"og:locale\" content=\"pl_PL\" \/>\n<meta property=\"og:type\" content=\"article\" \/>\n<meta property=\"og:title\" content=\"Szk\u0142o hartowane INSTA360 na ekran X3 - IRONSKY.PL Sklep z Dronami\" \/>\n<meta property=\"og:description\" content=\"Szk\u0142o hartowane INSTA360 na ekran X3 - \u2705 sklep z dronami i fachowym doradztwem. \u2705 Tutaj kupisz produkty DJI, Yuneec, Parrot, Syma i wiele innych, a tak\u017ce kursy i licencje na operatora drona.\" \/>\n<meta property=\"og:url\" content=\"https:\/\/ironsky.pl\/sklep\/produkt\/szklo-hartowane-insta360-na-ekran-x3\/\" \/>\n<meta property=\"og:site_name\" content=\"IRONSKY.PL Sklep z Dronami\" \/>\n<meta property=\"article:modified_time\" content=\"2026-04-15T08:21:38+00:00\" \/>\n<meta property=\"og:image\" content=\"https:\/\/b2b.innpro.pl\/data\/include\/cms\/Insta360\/Screen-Protector-X3\/1.jpg\" \/>\n<meta name=\"twitter:card\" content=\"summary_large_image\" \/>\n<meta name=\"twitter:label1\" content=\"Szacowany czas czytania\" \/>\n\t<meta name=\"twitter:data1\" content=\"1 minuta\" \/>\n<script type=\"application\/ld+json\" class=\"yoast-schema-graph\">{\"@context\":\"https:\/\/schema.org\",\"@graph\":[{\"@type\":\"WebPage\",\"@id\":\"https:\/\/ironsky.pl\/sklep\/produkt\/szklo-hartowane-insta360-na-ekran-x3\/\",\"url\":\"https:\/\/ironsky.pl\/sklep\/produkt\/szklo-hartowane-insta360-na-ekran-x3\/\",\"name\":\"Szk\u0142o hartowane INSTA360 na ekran X3 - IRONSKY.PL Sklep z Dronami\",\"isPartOf\":{\"@id\":\"https:\/\/ironsky.pl\/sklep\/#website\"},\"primaryImageOfPage\":{\"@id\":\"https:\/\/ironsky.pl\/sklep\/produkt\/szklo-hartowane-insta360-na-ekran-x3\/#primaryimage\"},\"image\":{\"@id\":\"https:\/\/ironsky.pl\/sklep\/produkt\/szklo-hartowane-insta360-na-ekran-x3\/#primaryimage\"},\"thumbnailUrl\":\"https:\/\/b2b.innpro.pl\/data\/include\/cms\/Insta360\/Screen-Protector-X3\/1.jpg\",\"datePublished\":\"2026-04-15T08:21:14+00:00\",\"dateModified\":\"2026-04-15T08:21:38+00:00\",\"description\":\"Szk\u0142o hartowane INSTA360 na ekran X3 - \u2705 sklep z dronami i fachowym doradztwem. \u2705 Tutaj kupisz produkty DJI, Yuneec, Parrot, Syma i wiele innych, a tak\u017ce kursy i licencje na operatora drona.\",\"breadcrumb\":{\"@id\":\"https:\/\/ironsky.pl\/sklep\/produkt\/szklo-hartowane-insta360-na-ekran-x3\/#breadcrumb\"},\"inLanguage\":\"pl-PL\",\"potentialAction\":[{\"@type\":\"ReadAction\",\"target\":[\"https:\/\/ironsky.pl\/sklep\/produkt\/szklo-hartowane-insta360-na-ekran-x3\/\"]}]},{\"@type\":\"ImageObject\",\"inLanguage\":\"pl-PL\",\"@id\":\"https:\/\/ironsky.pl\/sklep\/produkt\/szklo-hartowane-insta360-na-ekran-x3\/#primaryimage\",\"url\":\"https:\/\/b2b.innpro.pl\/data\/include\/cms\/Insta360\/Screen-Protector-X3\/1.jpg\",\"contentUrl\":\"https:\/\/b2b.innpro.pl\/data\/include\/cms\/Insta360\/Screen-Protector-X3\/1.jpg\"},{\"@type\":\"BreadcrumbList\",\"@id\":\"https:\/\/ironsky.pl\/sklep\/produkt\/szklo-hartowane-insta360-na-ekran-x3\/#breadcrumb\",\"itemListElement\":[{\"@type\":\"ListItem\",\"position\":1,\"name\":\"Strona g\u0142\u00f3wna\",\"item\":\"https:\/\/ironsky.pl\/sklep\/\"},{\"@type\":\"ListItem\",\"position\":2,\"name\":\"Wszystkie produkty\",\"item\":\"https:\/\/ironsky.pl\/sklep\/produkty\/\"},{\"@type\":\"ListItem\",\"position\":3,\"name\":\"Szk\u0142o hartowane INSTA360 na ekran X3\"}]},{\"@type\":\"WebSite\",\"@id\":\"https:\/\/ironsky.pl\/sklep\/#website\",\"url\":\"https:\/\/ironsky.pl\/sklep\/\",\"name\":\"IRONSKY.PL Sklep z Dronami\",\"description\":\"IRONSKY.PL Sklep z Dronami\",\"potentialAction\":[{\"@type\":\"SearchAction\",\"target\":{\"@type\":\"EntryPoint\",\"urlTemplate\":\"https:\/\/ironsky.pl\/sklep\/?s={search_term_string}\"},\"query-input\":{\"@type\":\"PropertyValueSpecification\",\"valueRequired\":true,\"valueName\":\"search_term_string\"}}],\"inLanguage\":\"pl-PL\"}]}<\/script>\n<!-- \/ Yoast SEO plugin. -->","yoast_head_json":{"title":"Szk\u0142o hartowane INSTA360 na ekran X3 - IRONSKY.PL Sklep z Dronami","description":"Szk\u0142o hartowane INSTA360 na ekran X3 - \u2705 sklep z dronami i fachowym doradztwem. \u2705 Tutaj kupisz produkty DJI, Yuneec, Parrot, Syma i wiele innych, a tak\u017ce kursy i licencje na operatora drona.","robots":{"index":"index","follow":"follow","max-snippet":"max-snippet:-1","max-image-preview":"max-image-preview:large","max-video-preview":"max-video-preview:-1"},"canonical":"https:\/\/ironsky.pl\/sklep\/produkt\/szklo-hartowane-insta360-na-ekran-x3\/","og_locale":"pl_PL","og_type":"article","og_title":"Szk\u0142o hartowane INSTA360 na ekran X3 - IRONSKY.PL Sklep z Dronami","og_description":"Szk\u0142o hartowane INSTA360 na ekran X3 - \u2705 sklep z dronami i fachowym doradztwem. \u2705 Tutaj kupisz produkty DJI, Yuneec, Parrot, Syma i wiele innych, a tak\u017ce kursy i licencje na operatora drona.","og_url":"https:\/\/ironsky.pl\/sklep\/produkt\/szklo-hartowane-insta360-na-ekran-x3\/","og_site_name":"IRONSKY.PL Sklep z Dronami","article_modified_time":"2026-04-15T08:21:38+00:00","og_image":[{"url":"https:\/\/b2b.innpro.pl\/data\/include\/cms\/Insta360\/Screen-Protector-X3\/1.jpg","type":"","width":"","height":""}],"twitter_card":"summary_large_image","twitter_misc":{"Szacowany czas czytania":"1 minuta"},"schema":{"@context":"https:\/\/schema.org","@graph":[{"@type":"WebPage","@id":"https:\/\/ironsky.pl\/sklep\/produkt\/szklo-hartowane-insta360-na-ekran-x3\/","url":"https:\/\/ironsky.pl\/sklep\/produkt\/szklo-hartowane-insta360-na-ekran-x3\/","name":"Szk\u0142o hartowane INSTA360 na ekran X3 - IRONSKY.PL Sklep z Dronami","isPartOf":{"@id":"https:\/\/ironsky.pl\/sklep\/#website"},"primaryImageOfPage":{"@id":"https:\/\/ironsky.pl\/sklep\/produkt\/szklo-hartowane-insta360-na-ekran-x3\/#primaryimage"},"image":{"@id":"https:\/\/ironsky.pl\/sklep\/produkt\/szklo-hartowane-insta360-na-ekran-x3\/#primaryimage"},"thumbnailUrl":"https:\/\/b2b.innpro.pl\/data\/include\/cms\/Insta360\/Screen-Protector-X3\/1.jpg","datePublished":"2026-04-15T08:21:14+00:00","dateModified":"2026-04-15T08:21:38+00:00","description":"Szk\u0142o hartowane INSTA360 na ekran X3 - \u2705 sklep z dronami i fachowym doradztwem. \u2705 Tutaj kupisz produkty DJI, Yuneec, Parrot, Syma i wiele innych, a tak\u017ce kursy i licencje na operatora drona.","breadcrumb":{"@id":"https:\/\/ironsky.pl\/sklep\/produkt\/szklo-hartowane-insta360-na-ekran-x3\/#breadcrumb"},"inLanguage":"pl-PL","potentialAction":[{"@type":"ReadAction","target":["https:\/\/ironsky.pl\/sklep\/produkt\/szklo-hartowane-insta360-na-ekran-x3\/"]}]},{"@type":"ImageObject","inLanguage":"pl-PL","@id":"https:\/\/ironsky.pl\/sklep\/produkt\/szklo-hartowane-insta360-na-ekran-x3\/#primaryimage","url":"https:\/\/b2b.innpro.pl\/data\/include\/cms\/Insta360\/Screen-Protector-X3\/1.jpg","contentUrl":"https:\/\/b2b.innpro.pl\/data\/include\/cms\/Insta360\/Screen-Protector-X3\/1.jpg"},{"@type":"BreadcrumbList","@id":"https:\/\/ironsky.pl\/sklep\/produkt\/szklo-hartowane-insta360-na-ekran-x3\/#breadcrumb","itemListElement":[{"@type":"ListItem","position":1,"name":"Strona g\u0142\u00f3wna","item":"https:\/\/ironsky.pl\/sklep\/"},{"@type":"ListItem","position":2,"name":"Wszystkie produkty","item":"https:\/\/ironsky.pl\/sklep\/produkty\/"},{"@type":"ListItem","position":3,"name":"Szk\u0142o hartowane INSTA360 na ekran X3"}]},{"@type":"WebSite","@id":"https:\/\/ironsky.pl\/sklep\/#website","url":"https:\/\/ironsky.pl\/sklep\/","name":"IRONSKY.PL Sklep z Dronami","description":"IRONSKY.PL Sklep z Dronami","potentialAction":[{"@type":"SearchAction","target":{"@type":"EntryPoint","urlTemplate":"https:\/\/ironsky.pl\/sklep\/?s={search_term_string}"},"query-input":{"@type":"PropertyValueSpecification","valueRequired":true,"valueName":"search_term_string"}}],"inLanguage":"pl-PL"}]}},"_links":{"self":[{"href":"https:\/\/ironsky.pl\/sklep\/wp-json\/wp\/v2\/product\/57022","targetHints":{"allow":["GET"]}}],"collection":[{"href":"https:\/\/ironsky.pl\/sklep\/wp-json\/wp\/v2\/product"}],"about":[{"href":"https:\/\/ironsky.pl\/sklep\/wp-json\/wp\/v2\/types\/product"}],"replies":[{"embeddable":true,"href":"https:\/\/ironsky.pl\/sklep\/wp-json\/wp\/v2\/comments?post=57022"}],"wp:attachment":[{"href":"https:\/\/ironsky.pl\/sklep\/wp-json\/wp\/v2\/media?parent=57022"}],"wp:term":[{"taxonomy":"product_brand","embeddable":true,"href":"https:\/\/ironsky.pl\/sklep\/wp-json\/wp\/v2\/product_brand?post=57022"},{"taxonomy":"product_cat","embeddable":true,"href":"https:\/\/ironsky.pl\/sklep\/wp-json\/wp\/v2\/product_cat?post=57022"},{"taxonomy":"product_tag","embeddable":true,"href":"https:\/\/ironsky.pl\/sklep\/wp-json\/wp\/v2\/product_tag?post=57022"}],"curies":[{"name":"wp","href":"https:\/\/api.w.org\/{rel}","templated":true}]}}