{"id":56997,"date":"2026-04-15T10:21:14","date_gmt":"2026-04-15T08:21:14","guid":{"rendered":"https:\/\/ironsky.pl\/sklep\/produkt\/gniazdko-inteligentne-ecoflow-smart-plug\/"},"modified":"2026-04-15T10:21:23","modified_gmt":"2026-04-15T08:21:23","slug":"gniazdko-inteligentne-ecoflow-smart-plug","status":"publish","type":"product","link":"https:\/\/ironsky.pl\/sklep\/produkt\/gniazdko-inteligentne-ecoflow-smart-plug\/","title":{"rendered":"Gniazdko inteligentne ECOFLOW Smart Plug"},"content":{"rendered":"<h3>Inteligentne gniazdko Smart Plug do EcoFlow PowerStream<\/h3>\n<p>Inteligentne gniazdko Smart Plug to cz\u0119\u015b\u0107 fotowoltaicznego systemu balkonowego EcoFlow PowerStream. Umo\u017cliwia monitorowanie i zarz\u0105dzanie zu\u017cyciem energii, a w po\u0142\u0105czeniu z dedykowan\u0105 aplikacj\u0105 pozwala zdalnie sterowa\u0107 pod\u0142\u0105czonymi urz\u0105dzeniami i tworzy\u0107 dla nich harmonogramy pracy. Teraz mo\u017cesz jeszcze wygodniej kontrolowa\u0107 swoje sprz\u0119ty, a jednocze\u015bnie oszcz\u0119dza\u0107 pr\u0105d i p\u0142aci\u0107 mniejsze rachunki!<\/p>\n<p><img decoding=\"async\" src=\"https:\/\/b2b.innpro.pl\/data\/include\/cms\/12EcoFlow\/EcoFlow-Smart-Plug\/5.jpg\" border=\"0\" alt=\"12EcoFlow\/EcoFlow-Smart-Plug\/5\" \/><\/p>\n<h3>Inteligentne zarz\u0105dzanie energi\u0105<\/h3>\n<p>Zyskaj pe\u0142ny obraz zu\u017cycia energii w swoim domu. Inteligentne gniazdka EcoFlow monitoruj\u0105 pob\u00f3r pr\u0105du w czasie rzeczywistym, dzi\u0119ki czemu mikroinwerter (w sprzeda\u017cy oddzielnie) b\u0119dzie m\u00f3g\u0142 przydzieli\u0107 odpowiedni\u0105 moc do ka\u017cdego urz\u0105dzenia, a produkcja nie przekroczy zu\u017cycia. Je\u015bli dodatkowo pod\u0142\u0105czysz do swojego systemu przeno\u015bn\u0105 stacj\u0119 zasilania, wszelkie nadwy\u017cki b\u0119d\u0105 przekazywane do niej. W godzinach szczytu priorytet ma domowe zu\u017cycie, a poza tymi godzinami wi\u0119kszo\u015b\u0107 energii jest magazynowana. Co wi\u0119cej, je\u015bli Smart Plug wykryje, \u017ce ilo\u015b\u0107 pr\u0105du generowanego przez panele nie jest wystarczaj\u0105ca, automatycznie dobierze go ze stacji albo z sieci.<\/p>\n<p><img decoding=\"async\" src=\"https:\/\/b2b.innpro.pl\/data\/include\/cms\/12EcoFlow\/EcoFlow-Smart-Plug\/3.jpg\" border=\"0\" alt=\"12EcoFlow\/EcoFlow-Smart-Plug\/3\" \/><\/p>\n<h3>Kontrola w zasi\u0119gu r\u0119ki<\/h3>\n<p>Teraz wystarczy kilka klikni\u0119\u0107 w aplikacji, aby w\u0142\u0105czy\u0107 lub wy\u0142\u0105czy\u0107 wybrane urz\u0105dzenie. Po prostu pod\u0142\u0105cz do gniazdka jaki\u015b sprz\u0119t, na przyk\u0142ad pralk\u0119, lod\u00f3wk\u0119 lub lamp\u0119, i zyskaj mo\u017cliwo\u015b\u0107 sterowania nim na odleg\u0142o\u015b\u0107! Mo\u017cesz te\u017c tworzy\u0107 harmonogramy pracy. Spraw, \u017ce Twoje urz\u0105dzenia b\u0119d\u0105 automatycznie uruchamia\u0107 si\u0119 o okre\u015blonych porach \u2013 na przyk\u0142ad gdy budzisz si\u0119 rano lub wracasz do domu z pracy.<\/p>\n<p><img decoding=\"async\" src=\"https:\/\/b2b.innpro.pl\/data\/include\/cms\/12EcoFlow\/EcoFlow-Smart-Plug\/6.jpg\" border=\"0\" alt=\"12EcoFlow\/EcoFlow-Smart-Plug\/6\" \/><\/p>\n<div class=\"table-wrapper\">\n<table>\n<tbody>\n<tr>\n<th>Producent<\/th>\n<td>EcoFlow<\/td>\n<\/tr>\n<tr>\n<th>Wymiary<\/th>\n<td>53 x 53 x 79 mm<\/td>\n<\/tr>\n<tr>\n<th>Waga<\/th>\n<td>113 g<\/td>\n<\/tr>\n<tr>\n<th>Materia\u0142<\/th>\n<td>PC<\/td>\n<\/tr>\n<tr>\n<th>Kategoria przepi\u0119ciowa<\/th>\n<td>II<\/td>\n<\/tr>\n<tr>\n<th>Poziom zanieczyszcze\u0144<\/th>\n<td>2<\/td>\n<\/tr>\n<tr>\n<th>Temperatura pracy<\/th>\n<td>Od -10\u00b0C do 40\u00b0C<\/td>\n<\/tr>\n<tr>\n<th>Wilgotno\u015b\u0107<\/th>\n<td>10-90% RH (bez skraplania)<\/td>\n<\/tr>\n<tr>\n<th>Wej\u015bcie AC<\/th>\n<td>\n<p>110-250 V 50 Hz, 2500W max<\/p>\n<\/td>\n<\/tr>\n<tr>\n<th>Wysoko\u015b\u0107 instalacji<\/th>\n<td>\u2264 2000 m<\/td>\n<\/tr>\n<tr>\n<th>Zakres cz\u0119stotliwo\u015bci Wi-Fi<\/th>\n<td>20 m: 2412-2472 MHz;<br \/>40 m: 2422-2462 MHz;<\/td>\n<\/tr>\n<tr>\n<th>Maks. moc wyj\u015bciowa Wi-Fi<\/th>\n<td>\u2264 20 dBm<\/td>\n<\/tr>\n<tr>\n<th>Zakres cz\u0119stotliwo\u015bci Bluetooth<\/th>\n<td>2402-2480 MHz<\/td>\n<\/tr>\n<tr>\n<th>Maks. moc wyj\u015bciowa Bluetooth<\/th>\n<td>\u2264 20 dBm<\/td>\n<\/tr>\n<\/tbody>\n<\/table>\n<\/div>\n","protected":false},"excerpt":{"rendered":"<p>Inteligentne gniazdko Smart Plug do EcoFlow PowerStream Inteligentne gniazdko Smart Plug to cz\u0119\u015b\u0107 fotowoltaicznego systemu balkonowego EcoFlow PowerStream. Umo\u017cliwia monitorowanie<\/p>\n","protected":false},"featured_media":56998,"comment_status":"closed","ping_status":"open","template":"","meta":{"_acf_changed":false},"product_brand":[],"product_cat":[6196,1108,1111],"product_tag":[],"class_list":{"0":"post-56997","1":"product","2":"type-product","3":"status-publish","4":"has-post-thumbnail","6":"product_cat-akcesoria-stacje-zasilania","7":"product_cat-energia","8":"product_cat-stacje-zasilania","9":"pa_okres-gwarancji-5757","10":"pa_producent-ecoflow","12":"first","13":"outofstock","14":"taxable","15":"shipping-taxable","16":"purchasable","17":"product-type-simple"},"acf":[],"yoast_head":"<!-- This site is optimized with the Yoast SEO plugin v27.2 - https:\/\/yoast.com\/product\/yoast-seo-wordpress\/ -->\n<title>Gniazdko inteligentne ECOFLOW Smart Plug - IRONSKY.PL Sklep z Dronami<\/title>\n<meta name=\"description\" content=\"Gniazdko inteligentne ECOFLOW Smart Plug - \u2705 sklep z dronami i fachowym doradztwem. \u2705 Tutaj kupisz produkty DJI, Yuneec, Parrot, Syma i wiele innych, a tak\u017ce kursy i licencje na operatora drona.\" \/>\n<meta name=\"robots\" content=\"index, follow, max-snippet:-1, max-image-preview:large, max-video-preview:-1\" \/>\n<link rel=\"canonical\" href=\"https:\/\/ironsky.pl\/sklep\/produkt\/gniazdko-inteligentne-ecoflow-smart-plug\/\" \/>\n<meta property=\"og:locale\" content=\"pl_PL\" \/>\n<meta property=\"og:type\" content=\"article\" \/>\n<meta property=\"og:title\" content=\"Gniazdko inteligentne ECOFLOW Smart Plug - IRONSKY.PL Sklep z Dronami\" \/>\n<meta property=\"og:description\" content=\"Gniazdko inteligentne ECOFLOW Smart Plug - \u2705 sklep z dronami i fachowym doradztwem. \u2705 Tutaj kupisz produkty DJI, Yuneec, Parrot, Syma i wiele innych, a tak\u017ce kursy i licencje na operatora drona.\" \/>\n<meta property=\"og:url\" content=\"https:\/\/ironsky.pl\/sklep\/produkt\/gniazdko-inteligentne-ecoflow-smart-plug\/\" \/>\n<meta property=\"og:site_name\" content=\"IRONSKY.PL Sklep z Dronami\" \/>\n<meta property=\"article:modified_time\" content=\"2026-04-15T08:21:23+00:00\" \/>\n<meta property=\"og:image\" content=\"https:\/\/ironsky.pl\/sklep\/wp-content\/uploads\/2026\/04\/32200_1.jpg\" \/>\n\t<meta property=\"og:image:width\" content=\"800\" \/>\n\t<meta property=\"og:image:height\" content=\"800\" \/>\n\t<meta property=\"og:image:type\" content=\"image\/jpeg\" \/>\n<meta name=\"twitter:card\" content=\"summary_large_image\" \/>\n<meta name=\"twitter:label1\" content=\"Szacowany czas czytania\" \/>\n\t<meta name=\"twitter:data1\" content=\"2 minuty\" \/>\n<script type=\"application\/ld+json\" class=\"yoast-schema-graph\">{\"@context\":\"https:\/\/schema.org\",\"@graph\":[{\"@type\":\"WebPage\",\"@id\":\"https:\/\/ironsky.pl\/sklep\/produkt\/gniazdko-inteligentne-ecoflow-smart-plug\/\",\"url\":\"https:\/\/ironsky.pl\/sklep\/produkt\/gniazdko-inteligentne-ecoflow-smart-plug\/\",\"name\":\"Gniazdko inteligentne ECOFLOW Smart Plug - IRONSKY.PL Sklep z Dronami\",\"isPartOf\":{\"@id\":\"https:\/\/ironsky.pl\/sklep\/#website\"},\"primaryImageOfPage\":{\"@id\":\"https:\/\/ironsky.pl\/sklep\/produkt\/gniazdko-inteligentne-ecoflow-smart-plug\/#primaryimage\"},\"image\":{\"@id\":\"https:\/\/ironsky.pl\/sklep\/produkt\/gniazdko-inteligentne-ecoflow-smart-plug\/#primaryimage\"},\"thumbnailUrl\":\"https:\/\/ironsky.pl\/sklep\/wp-content\/uploads\/2026\/04\/32200_1.jpg\",\"datePublished\":\"2026-04-15T08:21:14+00:00\",\"dateModified\":\"2026-04-15T08:21:23+00:00\",\"description\":\"Gniazdko inteligentne ECOFLOW Smart Plug - \u2705 sklep z dronami i fachowym doradztwem. \u2705 Tutaj kupisz produkty DJI, Yuneec, Parrot, Syma i wiele innych, a tak\u017ce kursy i licencje na operatora drona.\",\"breadcrumb\":{\"@id\":\"https:\/\/ironsky.pl\/sklep\/produkt\/gniazdko-inteligentne-ecoflow-smart-plug\/#breadcrumb\"},\"inLanguage\":\"pl-PL\",\"potentialAction\":[{\"@type\":\"ReadAction\",\"target\":[\"https:\/\/ironsky.pl\/sklep\/produkt\/gniazdko-inteligentne-ecoflow-smart-plug\/\"]}]},{\"@type\":\"ImageObject\",\"inLanguage\":\"pl-PL\",\"@id\":\"https:\/\/ironsky.pl\/sklep\/produkt\/gniazdko-inteligentne-ecoflow-smart-plug\/#primaryimage\",\"url\":\"https:\/\/ironsky.pl\/sklep\/wp-content\/uploads\/2026\/04\/32200_1.jpg\",\"contentUrl\":\"https:\/\/ironsky.pl\/sklep\/wp-content\/uploads\/2026\/04\/32200_1.jpg\",\"width\":800,\"height\":800},{\"@type\":\"BreadcrumbList\",\"@id\":\"https:\/\/ironsky.pl\/sklep\/produkt\/gniazdko-inteligentne-ecoflow-smart-plug\/#breadcrumb\",\"itemListElement\":[{\"@type\":\"ListItem\",\"position\":1,\"name\":\"Strona g\u0142\u00f3wna\",\"item\":\"https:\/\/ironsky.pl\/sklep\/\"},{\"@type\":\"ListItem\",\"position\":2,\"name\":\"Wszystkie produkty\",\"item\":\"https:\/\/ironsky.pl\/sklep\/produkty\/\"},{\"@type\":\"ListItem\",\"position\":3,\"name\":\"Gniazdko inteligentne ECOFLOW Smart Plug\"}]},{\"@type\":\"WebSite\",\"@id\":\"https:\/\/ironsky.pl\/sklep\/#website\",\"url\":\"https:\/\/ironsky.pl\/sklep\/\",\"name\":\"IRONSKY.PL Sklep z Dronami\",\"description\":\"IRONSKY.PL Sklep z Dronami\",\"potentialAction\":[{\"@type\":\"SearchAction\",\"target\":{\"@type\":\"EntryPoint\",\"urlTemplate\":\"https:\/\/ironsky.pl\/sklep\/?s={search_term_string}\"},\"query-input\":{\"@type\":\"PropertyValueSpecification\",\"valueRequired\":true,\"valueName\":\"search_term_string\"}}],\"inLanguage\":\"pl-PL\"}]}<\/script>\n<!-- \/ Yoast SEO plugin. -->","yoast_head_json":{"title":"Gniazdko inteligentne ECOFLOW Smart Plug - IRONSKY.PL Sklep z Dronami","description":"Gniazdko inteligentne ECOFLOW Smart Plug - \u2705 sklep z dronami i fachowym doradztwem. \u2705 Tutaj kupisz produkty DJI, Yuneec, Parrot, Syma i wiele innych, a tak\u017ce kursy i licencje na operatora drona.","robots":{"index":"index","follow":"follow","max-snippet":"max-snippet:-1","max-image-preview":"max-image-preview:large","max-video-preview":"max-video-preview:-1"},"canonical":"https:\/\/ironsky.pl\/sklep\/produkt\/gniazdko-inteligentne-ecoflow-smart-plug\/","og_locale":"pl_PL","og_type":"article","og_title":"Gniazdko inteligentne ECOFLOW Smart Plug - IRONSKY.PL Sklep z Dronami","og_description":"Gniazdko inteligentne ECOFLOW Smart Plug - \u2705 sklep z dronami i fachowym doradztwem. \u2705 Tutaj kupisz produkty DJI, Yuneec, Parrot, Syma i wiele innych, a tak\u017ce kursy i licencje na operatora drona.","og_url":"https:\/\/ironsky.pl\/sklep\/produkt\/gniazdko-inteligentne-ecoflow-smart-plug\/","og_site_name":"IRONSKY.PL Sklep z Dronami","article_modified_time":"2026-04-15T08:21:23+00:00","og_image":[{"width":800,"height":800,"url":"https:\/\/ironsky.pl\/sklep\/wp-content\/uploads\/2026\/04\/32200_1.jpg","type":"image\/jpeg"}],"twitter_card":"summary_large_image","twitter_misc":{"Szacowany czas czytania":"2 minuty"},"schema":{"@context":"https:\/\/schema.org","@graph":[{"@type":"WebPage","@id":"https:\/\/ironsky.pl\/sklep\/produkt\/gniazdko-inteligentne-ecoflow-smart-plug\/","url":"https:\/\/ironsky.pl\/sklep\/produkt\/gniazdko-inteligentne-ecoflow-smart-plug\/","name":"Gniazdko inteligentne ECOFLOW Smart Plug - IRONSKY.PL Sklep z Dronami","isPartOf":{"@id":"https:\/\/ironsky.pl\/sklep\/#website"},"primaryImageOfPage":{"@id":"https:\/\/ironsky.pl\/sklep\/produkt\/gniazdko-inteligentne-ecoflow-smart-plug\/#primaryimage"},"image":{"@id":"https:\/\/ironsky.pl\/sklep\/produkt\/gniazdko-inteligentne-ecoflow-smart-plug\/#primaryimage"},"thumbnailUrl":"https:\/\/ironsky.pl\/sklep\/wp-content\/uploads\/2026\/04\/32200_1.jpg","datePublished":"2026-04-15T08:21:14+00:00","dateModified":"2026-04-15T08:21:23+00:00","description":"Gniazdko inteligentne ECOFLOW Smart Plug - \u2705 sklep z dronami i fachowym doradztwem. \u2705 Tutaj kupisz produkty DJI, Yuneec, Parrot, Syma i wiele innych, a tak\u017ce kursy i licencje na operatora drona.","breadcrumb":{"@id":"https:\/\/ironsky.pl\/sklep\/produkt\/gniazdko-inteligentne-ecoflow-smart-plug\/#breadcrumb"},"inLanguage":"pl-PL","potentialAction":[{"@type":"ReadAction","target":["https:\/\/ironsky.pl\/sklep\/produkt\/gniazdko-inteligentne-ecoflow-smart-plug\/"]}]},{"@type":"ImageObject","inLanguage":"pl-PL","@id":"https:\/\/ironsky.pl\/sklep\/produkt\/gniazdko-inteligentne-ecoflow-smart-plug\/#primaryimage","url":"https:\/\/ironsky.pl\/sklep\/wp-content\/uploads\/2026\/04\/32200_1.jpg","contentUrl":"https:\/\/ironsky.pl\/sklep\/wp-content\/uploads\/2026\/04\/32200_1.jpg","width":800,"height":800},{"@type":"BreadcrumbList","@id":"https:\/\/ironsky.pl\/sklep\/produkt\/gniazdko-inteligentne-ecoflow-smart-plug\/#breadcrumb","itemListElement":[{"@type":"ListItem","position":1,"name":"Strona g\u0142\u00f3wna","item":"https:\/\/ironsky.pl\/sklep\/"},{"@type":"ListItem","position":2,"name":"Wszystkie produkty","item":"https:\/\/ironsky.pl\/sklep\/produkty\/"},{"@type":"ListItem","position":3,"name":"Gniazdko inteligentne ECOFLOW Smart Plug"}]},{"@type":"WebSite","@id":"https:\/\/ironsky.pl\/sklep\/#website","url":"https:\/\/ironsky.pl\/sklep\/","name":"IRONSKY.PL Sklep z Dronami","description":"IRONSKY.PL Sklep z Dronami","potentialAction":[{"@type":"SearchAction","target":{"@type":"EntryPoint","urlTemplate":"https:\/\/ironsky.pl\/sklep\/?s={search_term_string}"},"query-input":{"@type":"PropertyValueSpecification","valueRequired":true,"valueName":"search_term_string"}}],"inLanguage":"pl-PL"}]}},"_links":{"self":[{"href":"https:\/\/ironsky.pl\/sklep\/wp-json\/wp\/v2\/product\/56997","targetHints":{"allow":["GET"]}}],"collection":[{"href":"https:\/\/ironsky.pl\/sklep\/wp-json\/wp\/v2\/product"}],"about":[{"href":"https:\/\/ironsky.pl\/sklep\/wp-json\/wp\/v2\/types\/product"}],"replies":[{"embeddable":true,"href":"https:\/\/ironsky.pl\/sklep\/wp-json\/wp\/v2\/comments?post=56997"}],"wp:featuredmedia":[{"embeddable":true,"href":"https:\/\/ironsky.pl\/sklep\/wp-json\/wp\/v2\/media\/56998"}],"wp:attachment":[{"href":"https:\/\/ironsky.pl\/sklep\/wp-json\/wp\/v2\/media?parent=56997"}],"wp:term":[{"taxonomy":"product_brand","embeddable":true,"href":"https:\/\/ironsky.pl\/sklep\/wp-json\/wp\/v2\/product_brand?post=56997"},{"taxonomy":"product_cat","embeddable":true,"href":"https:\/\/ironsky.pl\/sklep\/wp-json\/wp\/v2\/product_cat?post=56997"},{"taxonomy":"product_tag","embeddable":true,"href":"https:\/\/ironsky.pl\/sklep\/wp-json\/wp\/v2\/product_tag?post=56997"}],"curies":[{"name":"wp","href":"https:\/\/api.w.org\/{rel}","templated":true}]}}