{"id":56991,"date":"2026-04-15T10:21:14","date_gmt":"2026-04-15T08:21:14","guid":{"rendered":"https:\/\/ironsky.pl\/sklep\/produkt\/namiot-bezcieniowy-puluz-pu5032b-30x30x30cm-led\/"},"modified":"2026-04-15T10:21:19","modified_gmt":"2026-04-15T08:21:19","slug":"namiot-bezcieniowy-puluz-pu5032b-30x30x30cm-led","status":"publish","type":"product","link":"https:\/\/ironsky.pl\/sklep\/produkt\/namiot-bezcieniowy-puluz-pu5032b-30x30x30cm-led\/","title":{"rendered":"Namiot bezcieniowy PULUZ PU5032B 30x30x30cm LED"},"content":{"rendered":"<h3>Namiot bezcieniowy PULUZ 30 cm LED 24-26lm (PU5032B)<\/h3>\n<p>Namiot bezcieniowy Puluz PU5032B to idealne narz\u0119dzie dla fotograf\u00f3w, r\u0119kodzielnik\u00f3w czy sprzedawc\u00f3w. Wyposa\u017cony w o\u015bwietlenie LED \u2013 pozwoli Ci wykona\u0107 profesjonalne zdj\u0119cia niewielkich przedmiot\u00f3w. Produkt jest prosty w monta\u017cu, a po z\u0142o\u017ceniu por\u0119czny i kompaktowy. Jego przenoszenie u\u0142atwiaj\u0105 specjalne uchwyty. Wysoki wsp\u00f3\u0142czynnik CRI Ra97 sprawi, \u017ce fotografowane przedmioty b\u0119d\u0105 prezentowa\u0107 si\u0119 pi\u0119knie i naturalnie, dzi\u0119ki czemu z powodzeniem wystawisz je na aukcj\u0119, pochwalisz si\u0119 nimi w mediach spo\u0142eczno\u015bciowych lub sprzedasz w swoim sklepie internetowym.<\/p>\n<p>\n  <img decoding=\"async\" src=\"https:\/\/assets.innpro.pl\/14621\/18329\/7.jpg\" border=\"0\" alt=\"\">\n<\/p>\n<h3>Idealne t\u0142o dla niewielkich obiekt\u00f3w<\/h3>\n<p>Wymiary namiotu wynosz\u0105 30x30x30 cm, co oznacza, \u017ce doskonale nadaje si\u0119 on do robienia zdj\u0119\u0107 niewielkich przedmiot\u00f3w. Tworzysz r\u0119cznie robion\u0105 bi\u017cuteri\u0119? A mo\u017ce sprzedajesz zabawki, gad\u017cety lub akcesoria? Te i wiele innych rzeczy z powodzeniem sfotografujesz, wykorzystuj\u0105c namiot bezcieniowy Puluz. W zestawie znajdziesz wymienne t\u0142a w a\u017c 6 kolorach \u2013 bia\u0142ym, czarnym, zielonym, czerwonym, niebieskim i pomara\u0144czowym. Z \u0142atwo\u015bci\u0105 wybierzesz wi\u0119c takie, kt\u00f3re najlepiej podkre\u015bli charakter fotografowanych obiekt\u00f3w.<\/p>\n<p>\n  <img decoding=\"async\" src=\"https:\/\/assets.innpro.pl\/14621\/18329\/6.jpg\" border=\"0\" alt=\"\">\n<\/p>\n<h3>O\u015bwietlenie LED<\/h3>\n<p>Produkt zosta\u0142 wyposa\u017cony w lamp\u0119 LED sk\u0142adaj\u0105c\u0105 si\u0119 ze 112 koralik\u00f3w \u015bwietlnych. Zapewni ona optymalne o\u015bwietlenie fotografowanych przedmiot\u00f3w. Charakteryzuje j\u0105 wysoki wsp\u00f3\u0142czynnik oddawania barw. Dzi\u0119ki temu ogl\u0105dane w generowanym przez ni\u0105 \u015bwietle rzeczy wygl\u0105daj\u0105 niemal tak samo, jak w blasku s\u0142o\u0144ca, co zapewnia ich naturalny wygl\u0105d na zdj\u0119ciach.<\/p>\n<p>\n  <img decoding=\"async\" src=\"https:\/\/assets.innpro.pl\/14621\/18329\/5.jpg\" border=\"0\" alt=\"\">\n<\/p>\n<h3>Doskonale przemy\u015blana konstrukcja<\/h3>\n<p>Namiot jest bardzo prosty w rozk\u0142adaniu i sk\u0142adaniu. Zasilanie przez 2-metrowy kabel USB daje Ci wymarzon\u0105 swobod\u0119 dzia\u0142ania \u2013 mo\u017cesz pod\u0142\u0105czy\u0107 go do \u0142adowarki, powerbanku, a nawet laptopa. Przemy\u015blana konstrukcja produktu umo\u017cliwia robienie zdj\u0119\u0107 z r\u00f3\u017cnych perspektyw \u2013 r\u00f3wnie\u017c z g\u00f3ry, przez specjalny otw\u00f3r. Wn\u0119trze namiotu wykonano ze specjalnego materia\u0142u, kt\u00f3ry pozwala na r\u00f3wnomierne rozprowadzanie \u015bwiat\u0142a LED, zapewniaj\u0105c optymalne o\u015bwietlenie fotografowanych przedmiot\u00f3w.<\/p>\n<p>\n  <img decoding=\"async\" src=\"https:\/\/assets.innpro.pl\/14621\/18329\/1.jpg\" border=\"0\" alt=\"\">\n<\/p>\n<h3>W zestawie<\/h3>\n<ul>\n<li>G\u0142\u00f3wna skrzynka studyjna (pier\u015bcieniowy panel LED) x1<\/li>\n<li>Torba x1<\/li>\n<li>Czarne t\u0142o PVC x1<\/li>\n<li>Bia\u0142e t\u0142o PVC x1<\/li>\n<li>Pomara\u0144czowe t\u0142o PVC x1<\/li>\n<li>Czerwone t\u0142o PVC x1<\/li>\n<li>Niebieskie t\u0142o PVC x1<\/li>\n<li>Zielone t\u0142o PVC x1<\/li>\n<li>Zas\u0142ona x1<\/li>\n<\/ul>\n<div class=\"table-wrapper\">\n<p>&nbsp;<\/p>\n<h3><\/h3>\n<table>\n<tbody>\n<tr>\n<th>Producent <\/th>\n<td>Puluz<\/td>\n<\/tr>\n<tr>\n<th>Model <\/th>\n<td>PU5032B<\/td>\n<\/tr>\n<tr>\n<th>Wymiary <\/th>\n<td>30x30x30 cm<\/td>\n<\/tr>\n<tr>\n<th>Liczba koralik\u00f3w \u015bwietlnych LED <\/th>\n<td>112<\/td>\n<\/tr>\n<tr>\n<th>Regulacja jasno\u015bci \u015bwiat\u0142a <\/th>\n<td>Tak<\/td>\n<\/tr>\n<tr>\n<th>CRI <\/th>\n<td>Ra\u226597<\/td>\n<\/tr>\n<tr>\n<th>Temperatura barwowa <\/th>\n<td>5500 K<\/td>\n<\/tr>\n<tr>\n<th>Moc <\/th>\n<td>1-10 W<\/td>\n<\/tr>\n<tr>\n<th>Zasilanie <\/th>\n<td>Kabel USB<\/td>\n<\/tr>\n<tr>\n<th>D\u0142ugo\u015b\u0107 kabla <\/th>\n<td>2 m<\/td>\n<\/tr>\n<tr>\n<th>Kolory t\u0142a w zestawie <\/th>\n<td>Czarny, bia\u0142y, pomara\u0144czowy, czerwony, niebieski, zielony<\/td>\n<\/tr>\n<\/tbody>\n<\/table>\n<\/div>\n","protected":false},"excerpt":{"rendered":"<p>Namiot bezcieniowy PULUZ 30 cm LED 24-26lm (PU5032B) Namiot bezcieniowy Puluz PU5032B to idealne narz\u0119dzie dla fotograf\u00f3w, r\u0119kodzielnik\u00f3w czy sprzedawc\u00f3w.<\/p>\n","protected":false},"featured_media":56992,"comment_status":"closed","ping_status":"open","template":"","meta":{"_acf_changed":false},"product_brand":[],"product_cat":[1128,6183,6182],"product_tag":[],"class_list":{"0":"post-56991","1":"product","2":"type-product","3":"status-publish","4":"has-post-thumbnail","6":"product_cat-foto-wideo","7":"product_cat-namioty-bezcieniowe-studio-fotograficzne","8":"product_cat-studio-fotograficzne","9":"pa_okres-gwarancji-5754","10":"pa_producent-puluz","12":"first","13":"outofstock","14":"taxable","15":"shipping-taxable","16":"purchasable","17":"product-type-simple"},"acf":[],"yoast_head":"<!-- This site is optimized with the Yoast SEO plugin v27.2 - https:\/\/yoast.com\/product\/yoast-seo-wordpress\/ -->\n<title>Namiot bezcieniowy PULUZ PU5032B 30x30x30cm LED - IRONSKY.PL Sklep z Dronami<\/title>\n<meta name=\"description\" content=\"Namiot bezcieniowy PULUZ PU5032B 30x30x30cm LED - \u2705 sklep z dronami i fachowym doradztwem. \u2705 Tutaj kupisz produkty DJI, Yuneec, Parrot, Syma i wiele innych, a tak\u017ce kursy i licencje na operatora drona.\" \/>\n<meta name=\"robots\" content=\"index, follow, max-snippet:-1, max-image-preview:large, max-video-preview:-1\" \/>\n<link rel=\"canonical\" href=\"https:\/\/ironsky.pl\/sklep\/produkt\/namiot-bezcieniowy-puluz-pu5032b-30x30x30cm-led\/\" \/>\n<meta property=\"og:locale\" content=\"pl_PL\" \/>\n<meta property=\"og:type\" content=\"article\" \/>\n<meta property=\"og:title\" content=\"Namiot bezcieniowy PULUZ PU5032B 30x30x30cm LED - IRONSKY.PL Sklep z Dronami\" \/>\n<meta property=\"og:description\" content=\"Namiot bezcieniowy PULUZ PU5032B 30x30x30cm LED - \u2705 sklep z dronami i fachowym doradztwem. \u2705 Tutaj kupisz produkty DJI, Yuneec, Parrot, Syma i wiele innych, a tak\u017ce kursy i licencje na operatora drona.\" \/>\n<meta property=\"og:url\" content=\"https:\/\/ironsky.pl\/sklep\/produkt\/namiot-bezcieniowy-puluz-pu5032b-30x30x30cm-led\/\" \/>\n<meta property=\"og:site_name\" content=\"IRONSKY.PL Sklep z Dronami\" \/>\n<meta property=\"article:modified_time\" content=\"2026-04-15T08:21:19+00:00\" \/>\n<meta property=\"og:image\" content=\"https:\/\/ironsky.pl\/sklep\/wp-content\/uploads\/2026\/04\/32164_1.jpg\" \/>\n\t<meta property=\"og:image:width\" content=\"800\" \/>\n\t<meta property=\"og:image:height\" content=\"800\" \/>\n\t<meta property=\"og:image:type\" content=\"image\/jpeg\" \/>\n<meta name=\"twitter:card\" content=\"summary_large_image\" \/>\n<meta name=\"twitter:label1\" content=\"Szacowany czas czytania\" \/>\n\t<meta name=\"twitter:data1\" content=\"2 minuty\" \/>\n<script type=\"application\/ld+json\" class=\"yoast-schema-graph\">{\"@context\":\"https:\/\/schema.org\",\"@graph\":[{\"@type\":\"WebPage\",\"@id\":\"https:\/\/ironsky.pl\/sklep\/produkt\/namiot-bezcieniowy-puluz-pu5032b-30x30x30cm-led\/\",\"url\":\"https:\/\/ironsky.pl\/sklep\/produkt\/namiot-bezcieniowy-puluz-pu5032b-30x30x30cm-led\/\",\"name\":\"Namiot bezcieniowy PULUZ PU5032B 30x30x30cm LED - IRONSKY.PL Sklep z Dronami\",\"isPartOf\":{\"@id\":\"https:\/\/ironsky.pl\/sklep\/#website\"},\"primaryImageOfPage\":{\"@id\":\"https:\/\/ironsky.pl\/sklep\/produkt\/namiot-bezcieniowy-puluz-pu5032b-30x30x30cm-led\/#primaryimage\"},\"image\":{\"@id\":\"https:\/\/ironsky.pl\/sklep\/produkt\/namiot-bezcieniowy-puluz-pu5032b-30x30x30cm-led\/#primaryimage\"},\"thumbnailUrl\":\"https:\/\/ironsky.pl\/sklep\/wp-content\/uploads\/2026\/04\/32164_1.jpg\",\"datePublished\":\"2026-04-15T08:21:14+00:00\",\"dateModified\":\"2026-04-15T08:21:19+00:00\",\"description\":\"Namiot bezcieniowy PULUZ PU5032B 30x30x30cm LED - \u2705 sklep z dronami i fachowym doradztwem. \u2705 Tutaj kupisz produkty DJI, Yuneec, Parrot, Syma i wiele innych, a tak\u017ce kursy i licencje na operatora drona.\",\"breadcrumb\":{\"@id\":\"https:\/\/ironsky.pl\/sklep\/produkt\/namiot-bezcieniowy-puluz-pu5032b-30x30x30cm-led\/#breadcrumb\"},\"inLanguage\":\"pl-PL\",\"potentialAction\":[{\"@type\":\"ReadAction\",\"target\":[\"https:\/\/ironsky.pl\/sklep\/produkt\/namiot-bezcieniowy-puluz-pu5032b-30x30x30cm-led\/\"]}]},{\"@type\":\"ImageObject\",\"inLanguage\":\"pl-PL\",\"@id\":\"https:\/\/ironsky.pl\/sklep\/produkt\/namiot-bezcieniowy-puluz-pu5032b-30x30x30cm-led\/#primaryimage\",\"url\":\"https:\/\/ironsky.pl\/sklep\/wp-content\/uploads\/2026\/04\/32164_1.jpg\",\"contentUrl\":\"https:\/\/ironsky.pl\/sklep\/wp-content\/uploads\/2026\/04\/32164_1.jpg\",\"width\":800,\"height\":800},{\"@type\":\"BreadcrumbList\",\"@id\":\"https:\/\/ironsky.pl\/sklep\/produkt\/namiot-bezcieniowy-puluz-pu5032b-30x30x30cm-led\/#breadcrumb\",\"itemListElement\":[{\"@type\":\"ListItem\",\"position\":1,\"name\":\"Strona g\u0142\u00f3wna\",\"item\":\"https:\/\/ironsky.pl\/sklep\/\"},{\"@type\":\"ListItem\",\"position\":2,\"name\":\"Wszystkie produkty\",\"item\":\"https:\/\/ironsky.pl\/sklep\/produkty\/\"},{\"@type\":\"ListItem\",\"position\":3,\"name\":\"Namiot bezcieniowy PULUZ PU5032B 30x30x30cm LED\"}]},{\"@type\":\"WebSite\",\"@id\":\"https:\/\/ironsky.pl\/sklep\/#website\",\"url\":\"https:\/\/ironsky.pl\/sklep\/\",\"name\":\"IRONSKY.PL Sklep z Dronami\",\"description\":\"IRONSKY.PL Sklep z Dronami\",\"potentialAction\":[{\"@type\":\"SearchAction\",\"target\":{\"@type\":\"EntryPoint\",\"urlTemplate\":\"https:\/\/ironsky.pl\/sklep\/?s={search_term_string}\"},\"query-input\":{\"@type\":\"PropertyValueSpecification\",\"valueRequired\":true,\"valueName\":\"search_term_string\"}}],\"inLanguage\":\"pl-PL\"}]}<\/script>\n<!-- \/ Yoast SEO plugin. -->","yoast_head_json":{"title":"Namiot bezcieniowy PULUZ PU5032B 30x30x30cm LED - IRONSKY.PL Sklep z Dronami","description":"Namiot bezcieniowy PULUZ PU5032B 30x30x30cm LED - \u2705 sklep z dronami i fachowym doradztwem. \u2705 Tutaj kupisz produkty DJI, Yuneec, Parrot, Syma i wiele innych, a tak\u017ce kursy i licencje na operatora drona.","robots":{"index":"index","follow":"follow","max-snippet":"max-snippet:-1","max-image-preview":"max-image-preview:large","max-video-preview":"max-video-preview:-1"},"canonical":"https:\/\/ironsky.pl\/sklep\/produkt\/namiot-bezcieniowy-puluz-pu5032b-30x30x30cm-led\/","og_locale":"pl_PL","og_type":"article","og_title":"Namiot bezcieniowy PULUZ PU5032B 30x30x30cm LED - IRONSKY.PL Sklep z Dronami","og_description":"Namiot bezcieniowy PULUZ PU5032B 30x30x30cm LED - \u2705 sklep z dronami i fachowym doradztwem. \u2705 Tutaj kupisz produkty DJI, Yuneec, Parrot, Syma i wiele innych, a tak\u017ce kursy i licencje na operatora drona.","og_url":"https:\/\/ironsky.pl\/sklep\/produkt\/namiot-bezcieniowy-puluz-pu5032b-30x30x30cm-led\/","og_site_name":"IRONSKY.PL Sklep z Dronami","article_modified_time":"2026-04-15T08:21:19+00:00","og_image":[{"width":800,"height":800,"url":"https:\/\/ironsky.pl\/sklep\/wp-content\/uploads\/2026\/04\/32164_1.jpg","type":"image\/jpeg"}],"twitter_card":"summary_large_image","twitter_misc":{"Szacowany czas czytania":"2 minuty"},"schema":{"@context":"https:\/\/schema.org","@graph":[{"@type":"WebPage","@id":"https:\/\/ironsky.pl\/sklep\/produkt\/namiot-bezcieniowy-puluz-pu5032b-30x30x30cm-led\/","url":"https:\/\/ironsky.pl\/sklep\/produkt\/namiot-bezcieniowy-puluz-pu5032b-30x30x30cm-led\/","name":"Namiot bezcieniowy PULUZ PU5032B 30x30x30cm LED - IRONSKY.PL Sklep z Dronami","isPartOf":{"@id":"https:\/\/ironsky.pl\/sklep\/#website"},"primaryImageOfPage":{"@id":"https:\/\/ironsky.pl\/sklep\/produkt\/namiot-bezcieniowy-puluz-pu5032b-30x30x30cm-led\/#primaryimage"},"image":{"@id":"https:\/\/ironsky.pl\/sklep\/produkt\/namiot-bezcieniowy-puluz-pu5032b-30x30x30cm-led\/#primaryimage"},"thumbnailUrl":"https:\/\/ironsky.pl\/sklep\/wp-content\/uploads\/2026\/04\/32164_1.jpg","datePublished":"2026-04-15T08:21:14+00:00","dateModified":"2026-04-15T08:21:19+00:00","description":"Namiot bezcieniowy PULUZ PU5032B 30x30x30cm LED - \u2705 sklep z dronami i fachowym doradztwem. \u2705 Tutaj kupisz produkty DJI, Yuneec, Parrot, Syma i wiele innych, a tak\u017ce kursy i licencje na operatora drona.","breadcrumb":{"@id":"https:\/\/ironsky.pl\/sklep\/produkt\/namiot-bezcieniowy-puluz-pu5032b-30x30x30cm-led\/#breadcrumb"},"inLanguage":"pl-PL","potentialAction":[{"@type":"ReadAction","target":["https:\/\/ironsky.pl\/sklep\/produkt\/namiot-bezcieniowy-puluz-pu5032b-30x30x30cm-led\/"]}]},{"@type":"ImageObject","inLanguage":"pl-PL","@id":"https:\/\/ironsky.pl\/sklep\/produkt\/namiot-bezcieniowy-puluz-pu5032b-30x30x30cm-led\/#primaryimage","url":"https:\/\/ironsky.pl\/sklep\/wp-content\/uploads\/2026\/04\/32164_1.jpg","contentUrl":"https:\/\/ironsky.pl\/sklep\/wp-content\/uploads\/2026\/04\/32164_1.jpg","width":800,"height":800},{"@type":"BreadcrumbList","@id":"https:\/\/ironsky.pl\/sklep\/produkt\/namiot-bezcieniowy-puluz-pu5032b-30x30x30cm-led\/#breadcrumb","itemListElement":[{"@type":"ListItem","position":1,"name":"Strona g\u0142\u00f3wna","item":"https:\/\/ironsky.pl\/sklep\/"},{"@type":"ListItem","position":2,"name":"Wszystkie produkty","item":"https:\/\/ironsky.pl\/sklep\/produkty\/"},{"@type":"ListItem","position":3,"name":"Namiot bezcieniowy PULUZ PU5032B 30x30x30cm LED"}]},{"@type":"WebSite","@id":"https:\/\/ironsky.pl\/sklep\/#website","url":"https:\/\/ironsky.pl\/sklep\/","name":"IRONSKY.PL Sklep z Dronami","description":"IRONSKY.PL Sklep z Dronami","potentialAction":[{"@type":"SearchAction","target":{"@type":"EntryPoint","urlTemplate":"https:\/\/ironsky.pl\/sklep\/?s={search_term_string}"},"query-input":{"@type":"PropertyValueSpecification","valueRequired":true,"valueName":"search_term_string"}}],"inLanguage":"pl-PL"}]}},"_links":{"self":[{"href":"https:\/\/ironsky.pl\/sklep\/wp-json\/wp\/v2\/product\/56991","targetHints":{"allow":["GET"]}}],"collection":[{"href":"https:\/\/ironsky.pl\/sklep\/wp-json\/wp\/v2\/product"}],"about":[{"href":"https:\/\/ironsky.pl\/sklep\/wp-json\/wp\/v2\/types\/product"}],"replies":[{"embeddable":true,"href":"https:\/\/ironsky.pl\/sklep\/wp-json\/wp\/v2\/comments?post=56991"}],"wp:featuredmedia":[{"embeddable":true,"href":"https:\/\/ironsky.pl\/sklep\/wp-json\/wp\/v2\/media\/56992"}],"wp:attachment":[{"href":"https:\/\/ironsky.pl\/sklep\/wp-json\/wp\/v2\/media?parent=56991"}],"wp:term":[{"taxonomy":"product_brand","embeddable":true,"href":"https:\/\/ironsky.pl\/sklep\/wp-json\/wp\/v2\/product_brand?post=56991"},{"taxonomy":"product_cat","embeddable":true,"href":"https:\/\/ironsky.pl\/sklep\/wp-json\/wp\/v2\/product_cat?post=56991"},{"taxonomy":"product_tag","embeddable":true,"href":"https:\/\/ironsky.pl\/sklep\/wp-json\/wp\/v2\/product_tag?post=56991"}],"curies":[{"name":"wp","href":"https:\/\/api.w.org\/{rel}","templated":true}]}}