{"id":56986,"date":"2026-04-15T10:21:14","date_gmt":"2026-04-15T08:21:14","guid":{"rendered":"https:\/\/ironsky.pl\/sklep\/produkt\/pasek-na-ramie-puluz-pu6001-z-szybkozlaczka-150cm\/"},"modified":"2026-04-15T10:21:17","modified_gmt":"2026-04-15T08:21:17","slug":"pasek-na-ramie-puluz-pu6001-z-szybkozlaczka-150cm","status":"publish","type":"product","link":"https:\/\/ironsky.pl\/sklep\/produkt\/pasek-na-ramie-puluz-pu6001-z-szybkozlaczka-150cm\/","title":{"rendered":"Pasek na rami\u0119 PULUZ PU6001 z szybkoz\u0142\u0105czk\u0105 150cm"},"content":{"rendered":"<h3>Pasek do aparatu na rami\u0119 z szybkoz\u0142\u0105czk\u0105 Puluz PU6001 (do aparat\u00f3w SLR i DSLR)<\/h3>\n<p>Wykonany z trwa\u0142ego materia\u0142u pasek do aparatu, \u015bwietnie sprawdzi si\u0119 podczas sesji plenerowych, czy wycieczek. Wyr\u00f3\u017cnia si\u0119 solidn\u0105, przemy\u015blan\u0105 konstrukcj\u0105 i pasuje do aparat\u00f3w SLR i DSLR. Ca\u0142kowita d\u0142ugo\u015b\u0107 paska wynosi 150 cm, przez co pasuje do ka\u017cdej sylwetki.<\/p>\n<p>\n<img decoding=\"async\" src=\"https:\/\/assets.innpro.pl\/14717\/18438\/1.jpg\" border=\"0\" alt=\"\" \/>\n<\/p>\n<h3>Wysoka jako\u015b\u0107 wykonania<\/h3>\n<p>Wykonany z najwy\u017cszej jako\u015bci materia\u0142\u00f3w jest wyj\u0105tkowo wytrzyma\u0142y i zdolny do bezpiecznego przenoszenia ka\u017cdej kombinacji aparatu i obiektywu. Przesuwna klamra utrzymuje aparat w preferowanej pozycji, minimalizuj\u0105c ryzyko ko\u0142ysania si\u0119 sprz\u0119tu podczas ruchu. Pasek jest kompatybilny z ka\u017cd\u0105 lustrzank\u0105 cyfrow\u0105 wyposa\u017con\u0105 w standardow\u0105 \u015brub\u0119 o \u015brednicy 1\/4 cala. Jego niezawodno\u015b\u0107 podkre\u015bla mocny, metalowy haczyk z blokad\u0105 \u015bruby oraz \u015bruba ze stali nierdzewnej pokryta gumow\u0105 warstw\u0105, dzi\u0119ki kt\u00f3rej pewnie i bezpiecznie zamontujesz nawet najci\u0119\u017cszy aparat.<\/p>\n<p>\n<img decoding=\"async\" src=\"https:\/\/assets.innpro.pl\/14717\/18438\/2.jpg\" border=\"0\" alt=\"\" \/>\n<\/p>\n<h3>Wysoki komfort u\u017cytkowania<\/h3>\n<p>Jednym z g\u0142\u00f3wnych atut\u00f3w paska jest jego podk\u0142adka na rami\u0119. Zapewnia r\u00f3wnomierne roz\u0142o\u017cenie ci\u0119\u017caru kamery, co pomaga unikn\u0105\u0107 dyskomfortu podczas noszenia ci\u0119\u017ckiego sprz\u0119tu przez ca\u0142y dzie\u0144. Wygodna kiesze\u0144 na suwak to doskona\u0142e miejsce na przechowywanie drobnych akcesori\u00f3w do aparatu. Dodatkowo regulowana d\u0142ugo\u015b\u0107 sprawia, \u017ce szybko dopasujesz go do indywidualnych potrzeb.<\/p>\n<p>\n<img decoding=\"async\" src=\"https:\/\/assets.innpro.pl\/14717\/18438\/3.jpg\" border=\"0\" alt=\"\" \/>\n<\/p>\n<div class=\"table-wrapper\">\n<p>\u00a0<\/p>\n<h3><\/h3>\n<table>\n<tbody>\n<tr>\n<th>Model <\/th>\n<td>PU6001<\/td>\n<\/tr>\n<tr>\n<th>Materia\u0142<\/th>\n<td>ABS, nylon, metal<\/td>\n<\/tr>\n<tr>\n<th>Rozmiar <\/th>\n<td>Podk\u0142adka \u015brodkowa: 32 x 7 cm, maksymalna regulacja: Oko\u0142o 150 cm (bez podk\u0142adki \u015brodkowej)<\/td>\n<\/tr>\n<tr>\n<th>Waga <\/th>\n<td>174 g<\/td>\n<\/tr>\n<tr>\n<th>Kompatybilno\u015b\u0107<\/th>\n<td>Aparaty SLR i DSLR <\/td>\n<\/tr>\n<\/tbody>\n<\/table>\n<\/div>\n","protected":false},"excerpt":{"rendered":"<p>Pasek do aparatu na rami\u0119 z szybkoz\u0142\u0105czk\u0105 Puluz PU6001 (do aparat\u00f3w SLR i DSLR) Wykonany z trwa\u0142ego materia\u0142u pasek do<\/p>\n","protected":false},"featured_media":56987,"comment_status":"closed","ping_status":"open","template":"","meta":{"_acf_changed":false},"product_brand":[],"product_cat":[1128,6178,6176,6177,6181,1138],"product_tag":[],"class_list":{"0":"post-56986","1":"product","2":"type-product","3":"status-publish","4":"has-post-thumbnail","6":"product_cat-foto-wideo","7":"product_cat-mocowania","8":"product_cat-selfie-stiki","9":"product_cat-statywy-selfie-stiki","10":"product_cat-szelki-mocowania-i-uchwyty","11":"product_cat-wysiegniki","12":"pa_okres-gwarancji-5754","13":"pa_producent-puluz","15":"first","16":"outofstock","17":"taxable","18":"shipping-taxable","19":"purchasable","20":"product-type-simple"},"acf":[],"yoast_head":"<!-- This site is optimized with the Yoast SEO plugin v27.2 - https:\/\/yoast.com\/product\/yoast-seo-wordpress\/ -->\n<title>Pasek na rami\u0119 PULUZ PU6001 z szybkoz\u0142\u0105czk\u0105 150cm - IRONSKY.PL Sklep z Dronami<\/title>\n<meta name=\"description\" content=\"Pasek na rami\u0119 PULUZ PU6001 z szybkoz\u0142\u0105czk\u0105 150cm - \u2705 sklep z dronami i fachowym doradztwem. \u2705 Tutaj kupisz produkty DJI, Yuneec, Parrot, Syma i wiele innych, a tak\u017ce kursy i licencje na operatora drona.\" \/>\n<meta name=\"robots\" content=\"index, follow, max-snippet:-1, max-image-preview:large, max-video-preview:-1\" \/>\n<link rel=\"canonical\" href=\"https:\/\/ironsky.pl\/sklep\/produkt\/pasek-na-ramie-puluz-pu6001-z-szybkozlaczka-150cm\/\" \/>\n<meta property=\"og:locale\" content=\"pl_PL\" \/>\n<meta property=\"og:type\" content=\"article\" \/>\n<meta property=\"og:title\" content=\"Pasek na rami\u0119 PULUZ PU6001 z szybkoz\u0142\u0105czk\u0105 150cm - IRONSKY.PL Sklep z Dronami\" \/>\n<meta property=\"og:description\" content=\"Pasek na rami\u0119 PULUZ PU6001 z szybkoz\u0142\u0105czk\u0105 150cm - \u2705 sklep z dronami i fachowym doradztwem. \u2705 Tutaj kupisz produkty DJI, Yuneec, Parrot, Syma i wiele innych, a tak\u017ce kursy i licencje na operatora drona.\" \/>\n<meta property=\"og:url\" content=\"https:\/\/ironsky.pl\/sklep\/produkt\/pasek-na-ramie-puluz-pu6001-z-szybkozlaczka-150cm\/\" \/>\n<meta property=\"og:site_name\" content=\"IRONSKY.PL Sklep z Dronami\" \/>\n<meta property=\"article:modified_time\" content=\"2026-04-15T08:21:17+00:00\" \/>\n<meta property=\"og:image\" content=\"https:\/\/ironsky.pl\/sklep\/wp-content\/uploads\/2026\/04\/32157_4.jpg\" \/>\n\t<meta property=\"og:image:width\" content=\"800\" \/>\n\t<meta property=\"og:image:height\" content=\"800\" \/>\n\t<meta property=\"og:image:type\" content=\"image\/jpeg\" \/>\n<meta name=\"twitter:card\" content=\"summary_large_image\" \/>\n<meta name=\"twitter:label1\" content=\"Szacowany czas czytania\" \/>\n\t<meta name=\"twitter:data1\" content=\"1 minuta\" \/>\n<script type=\"application\/ld+json\" class=\"yoast-schema-graph\">{\"@context\":\"https:\/\/schema.org\",\"@graph\":[{\"@type\":\"WebPage\",\"@id\":\"https:\/\/ironsky.pl\/sklep\/produkt\/pasek-na-ramie-puluz-pu6001-z-szybkozlaczka-150cm\/\",\"url\":\"https:\/\/ironsky.pl\/sklep\/produkt\/pasek-na-ramie-puluz-pu6001-z-szybkozlaczka-150cm\/\",\"name\":\"Pasek na rami\u0119 PULUZ PU6001 z szybkoz\u0142\u0105czk\u0105 150cm - IRONSKY.PL Sklep z Dronami\",\"isPartOf\":{\"@id\":\"https:\/\/ironsky.pl\/sklep\/#website\"},\"primaryImageOfPage\":{\"@id\":\"https:\/\/ironsky.pl\/sklep\/produkt\/pasek-na-ramie-puluz-pu6001-z-szybkozlaczka-150cm\/#primaryimage\"},\"image\":{\"@id\":\"https:\/\/ironsky.pl\/sklep\/produkt\/pasek-na-ramie-puluz-pu6001-z-szybkozlaczka-150cm\/#primaryimage\"},\"thumbnailUrl\":\"https:\/\/ironsky.pl\/sklep\/wp-content\/uploads\/2026\/04\/32157_4.jpg\",\"datePublished\":\"2026-04-15T08:21:14+00:00\",\"dateModified\":\"2026-04-15T08:21:17+00:00\",\"description\":\"Pasek na rami\u0119 PULUZ PU6001 z szybkoz\u0142\u0105czk\u0105 150cm - \u2705 sklep z dronami i fachowym doradztwem. \u2705 Tutaj kupisz produkty DJI, Yuneec, Parrot, Syma i wiele innych, a tak\u017ce kursy i licencje na operatora drona.\",\"breadcrumb\":{\"@id\":\"https:\/\/ironsky.pl\/sklep\/produkt\/pasek-na-ramie-puluz-pu6001-z-szybkozlaczka-150cm\/#breadcrumb\"},\"inLanguage\":\"pl-PL\",\"potentialAction\":[{\"@type\":\"ReadAction\",\"target\":[\"https:\/\/ironsky.pl\/sklep\/produkt\/pasek-na-ramie-puluz-pu6001-z-szybkozlaczka-150cm\/\"]}]},{\"@type\":\"ImageObject\",\"inLanguage\":\"pl-PL\",\"@id\":\"https:\/\/ironsky.pl\/sklep\/produkt\/pasek-na-ramie-puluz-pu6001-z-szybkozlaczka-150cm\/#primaryimage\",\"url\":\"https:\/\/ironsky.pl\/sklep\/wp-content\/uploads\/2026\/04\/32157_4.jpg\",\"contentUrl\":\"https:\/\/ironsky.pl\/sklep\/wp-content\/uploads\/2026\/04\/32157_4.jpg\",\"width\":800,\"height\":800},{\"@type\":\"BreadcrumbList\",\"@id\":\"https:\/\/ironsky.pl\/sklep\/produkt\/pasek-na-ramie-puluz-pu6001-z-szybkozlaczka-150cm\/#breadcrumb\",\"itemListElement\":[{\"@type\":\"ListItem\",\"position\":1,\"name\":\"Strona g\u0142\u00f3wna\",\"item\":\"https:\/\/ironsky.pl\/sklep\/\"},{\"@type\":\"ListItem\",\"position\":2,\"name\":\"Wszystkie produkty\",\"item\":\"https:\/\/ironsky.pl\/sklep\/produkty\/\"},{\"@type\":\"ListItem\",\"position\":3,\"name\":\"Pasek na rami\u0119 PULUZ PU6001 z szybkoz\u0142\u0105czk\u0105 150cm\"}]},{\"@type\":\"WebSite\",\"@id\":\"https:\/\/ironsky.pl\/sklep\/#website\",\"url\":\"https:\/\/ironsky.pl\/sklep\/\",\"name\":\"IRONSKY.PL Sklep z Dronami\",\"description\":\"IRONSKY.PL Sklep z Dronami\",\"potentialAction\":[{\"@type\":\"SearchAction\",\"target\":{\"@type\":\"EntryPoint\",\"urlTemplate\":\"https:\/\/ironsky.pl\/sklep\/?s={search_term_string}\"},\"query-input\":{\"@type\":\"PropertyValueSpecification\",\"valueRequired\":true,\"valueName\":\"search_term_string\"}}],\"inLanguage\":\"pl-PL\"}]}<\/script>\n<!-- \/ Yoast SEO plugin. -->","yoast_head_json":{"title":"Pasek na rami\u0119 PULUZ PU6001 z szybkoz\u0142\u0105czk\u0105 150cm - IRONSKY.PL Sklep z Dronami","description":"Pasek na rami\u0119 PULUZ PU6001 z szybkoz\u0142\u0105czk\u0105 150cm - \u2705 sklep z dronami i fachowym doradztwem. \u2705 Tutaj kupisz produkty DJI, Yuneec, Parrot, Syma i wiele innych, a tak\u017ce kursy i licencje na operatora drona.","robots":{"index":"index","follow":"follow","max-snippet":"max-snippet:-1","max-image-preview":"max-image-preview:large","max-video-preview":"max-video-preview:-1"},"canonical":"https:\/\/ironsky.pl\/sklep\/produkt\/pasek-na-ramie-puluz-pu6001-z-szybkozlaczka-150cm\/","og_locale":"pl_PL","og_type":"article","og_title":"Pasek na rami\u0119 PULUZ PU6001 z szybkoz\u0142\u0105czk\u0105 150cm - IRONSKY.PL Sklep z Dronami","og_description":"Pasek na rami\u0119 PULUZ PU6001 z szybkoz\u0142\u0105czk\u0105 150cm - \u2705 sklep z dronami i fachowym doradztwem. \u2705 Tutaj kupisz produkty DJI, Yuneec, Parrot, Syma i wiele innych, a tak\u017ce kursy i licencje na operatora drona.","og_url":"https:\/\/ironsky.pl\/sklep\/produkt\/pasek-na-ramie-puluz-pu6001-z-szybkozlaczka-150cm\/","og_site_name":"IRONSKY.PL Sklep z Dronami","article_modified_time":"2026-04-15T08:21:17+00:00","og_image":[{"width":800,"height":800,"url":"https:\/\/ironsky.pl\/sklep\/wp-content\/uploads\/2026\/04\/32157_4.jpg","type":"image\/jpeg"}],"twitter_card":"summary_large_image","twitter_misc":{"Szacowany czas czytania":"1 minuta"},"schema":{"@context":"https:\/\/schema.org","@graph":[{"@type":"WebPage","@id":"https:\/\/ironsky.pl\/sklep\/produkt\/pasek-na-ramie-puluz-pu6001-z-szybkozlaczka-150cm\/","url":"https:\/\/ironsky.pl\/sklep\/produkt\/pasek-na-ramie-puluz-pu6001-z-szybkozlaczka-150cm\/","name":"Pasek na rami\u0119 PULUZ PU6001 z szybkoz\u0142\u0105czk\u0105 150cm - IRONSKY.PL Sklep z Dronami","isPartOf":{"@id":"https:\/\/ironsky.pl\/sklep\/#website"},"primaryImageOfPage":{"@id":"https:\/\/ironsky.pl\/sklep\/produkt\/pasek-na-ramie-puluz-pu6001-z-szybkozlaczka-150cm\/#primaryimage"},"image":{"@id":"https:\/\/ironsky.pl\/sklep\/produkt\/pasek-na-ramie-puluz-pu6001-z-szybkozlaczka-150cm\/#primaryimage"},"thumbnailUrl":"https:\/\/ironsky.pl\/sklep\/wp-content\/uploads\/2026\/04\/32157_4.jpg","datePublished":"2026-04-15T08:21:14+00:00","dateModified":"2026-04-15T08:21:17+00:00","description":"Pasek na rami\u0119 PULUZ PU6001 z szybkoz\u0142\u0105czk\u0105 150cm - \u2705 sklep z dronami i fachowym doradztwem. \u2705 Tutaj kupisz produkty DJI, Yuneec, Parrot, Syma i wiele innych, a tak\u017ce kursy i licencje na operatora drona.","breadcrumb":{"@id":"https:\/\/ironsky.pl\/sklep\/produkt\/pasek-na-ramie-puluz-pu6001-z-szybkozlaczka-150cm\/#breadcrumb"},"inLanguage":"pl-PL","potentialAction":[{"@type":"ReadAction","target":["https:\/\/ironsky.pl\/sklep\/produkt\/pasek-na-ramie-puluz-pu6001-z-szybkozlaczka-150cm\/"]}]},{"@type":"ImageObject","inLanguage":"pl-PL","@id":"https:\/\/ironsky.pl\/sklep\/produkt\/pasek-na-ramie-puluz-pu6001-z-szybkozlaczka-150cm\/#primaryimage","url":"https:\/\/ironsky.pl\/sklep\/wp-content\/uploads\/2026\/04\/32157_4.jpg","contentUrl":"https:\/\/ironsky.pl\/sklep\/wp-content\/uploads\/2026\/04\/32157_4.jpg","width":800,"height":800},{"@type":"BreadcrumbList","@id":"https:\/\/ironsky.pl\/sklep\/produkt\/pasek-na-ramie-puluz-pu6001-z-szybkozlaczka-150cm\/#breadcrumb","itemListElement":[{"@type":"ListItem","position":1,"name":"Strona g\u0142\u00f3wna","item":"https:\/\/ironsky.pl\/sklep\/"},{"@type":"ListItem","position":2,"name":"Wszystkie produkty","item":"https:\/\/ironsky.pl\/sklep\/produkty\/"},{"@type":"ListItem","position":3,"name":"Pasek na rami\u0119 PULUZ PU6001 z szybkoz\u0142\u0105czk\u0105 150cm"}]},{"@type":"WebSite","@id":"https:\/\/ironsky.pl\/sklep\/#website","url":"https:\/\/ironsky.pl\/sklep\/","name":"IRONSKY.PL Sklep z Dronami","description":"IRONSKY.PL Sklep z Dronami","potentialAction":[{"@type":"SearchAction","target":{"@type":"EntryPoint","urlTemplate":"https:\/\/ironsky.pl\/sklep\/?s={search_term_string}"},"query-input":{"@type":"PropertyValueSpecification","valueRequired":true,"valueName":"search_term_string"}}],"inLanguage":"pl-PL"}]}},"_links":{"self":[{"href":"https:\/\/ironsky.pl\/sklep\/wp-json\/wp\/v2\/product\/56986","targetHints":{"allow":["GET"]}}],"collection":[{"href":"https:\/\/ironsky.pl\/sklep\/wp-json\/wp\/v2\/product"}],"about":[{"href":"https:\/\/ironsky.pl\/sklep\/wp-json\/wp\/v2\/types\/product"}],"replies":[{"embeddable":true,"href":"https:\/\/ironsky.pl\/sklep\/wp-json\/wp\/v2\/comments?post=56986"}],"wp:featuredmedia":[{"embeddable":true,"href":"https:\/\/ironsky.pl\/sklep\/wp-json\/wp\/v2\/media\/56987"}],"wp:attachment":[{"href":"https:\/\/ironsky.pl\/sklep\/wp-json\/wp\/v2\/media?parent=56986"}],"wp:term":[{"taxonomy":"product_brand","embeddable":true,"href":"https:\/\/ironsky.pl\/sklep\/wp-json\/wp\/v2\/product_brand?post=56986"},{"taxonomy":"product_cat","embeddable":true,"href":"https:\/\/ironsky.pl\/sklep\/wp-json\/wp\/v2\/product_cat?post=56986"},{"taxonomy":"product_tag","embeddable":true,"href":"https:\/\/ironsky.pl\/sklep\/wp-json\/wp\/v2\/product_tag?post=56986"}],"curies":[{"name":"wp","href":"https:\/\/api.w.org\/{rel}","templated":true}]}}