{"id":56984,"date":"2026-04-15T10:20:39","date_gmt":"2026-04-15T08:20:39","guid":{"rendered":"https:\/\/ironsky.pl\/sklep\/produkt\/adapter-bluetooth-baseus-ba07-usb-a-bt-5-3-czarny\/"},"modified":"2026-04-15T10:21:13","modified_gmt":"2026-04-15T08:21:13","slug":"adapter-bluetooth-baseus-ba07-usb-a-bt-5-3-czarny","status":"publish","type":"product","link":"https:\/\/ironsky.pl\/sklep\/produkt\/adapter-bluetooth-baseus-ba07-usb-a-bt-5-3-czarny\/","title":{"rendered":"Adapter Bluetooth BASEUS BA07 USB-A BT 5.3 (czarny)"},"content":{"rendered":"<h3>Bezprzewodowy adapter Baseus BA07 (czarny)<\/h3>\n<p>Bezprzewodowy adapter Baseus zapewnia szybsz\u0105 transmisj\u0119 danych oraz stabilne po\u0142\u0105czenie na odleg\u0142o\u015b\u0107 do 20 m dzi\u0119ki chipowi 5.3. Obs\u0142uguje funkcj\u0119 Plug and Play i jest szeroko kompatybilny z urz\u0105dzeniami wyposa\u017conymi w port USB-A. Umo\u017cliwia po\u0142\u0105czenie a\u017c 5 urz\u0105dze\u0144 w tym samym czasie i oferuje d\u017awi\u0119k Hi-Fi o wysokiej rozdzielczo\u015bci.<\/p>\n<p><img decoding=\"async\" src=\"https:\/\/b2b.innpro.pl\/data\/include\/cms\/-Baseus\/ZJBA010001\/3.jpg\" alt=\"-Baseus\/ZJBA010001\/3\"><\/p>\n<h3>Niezawodne po\u0142\u0105czenie<\/h3>\n<p>Adapter wyposa\u017cono w bezprzewodowy chip 5.3, kt\u00f3ry zapewnia niezawodne po\u0142\u0105czenie na odleg\u0142o\u015b\u0107 do 20 m. Urz\u0105dzenie oferuje pr\u0119dko\u015b\u0107 transmisji szerokopasmowej na poziomie 16 Mbps. Co to oznacza w praktyce? Wystarczy kilka sekund, aby przes\u0142a\u0107 dane i pliki. Zapewnia tak\u017ce doskona\u0142\u0105 synchronizacj\u0119 obrazu i d\u017awi\u0119ku. Charakteryzuje si\u0119 przy tym du\u017c\u0105 odporno\u015bci\u0105 na zak\u0142\u00f3cenia \u2013 nie musisz wi\u0119c obawia\u0107 si\u0119 op\u00f3\u017anie\u0144 i przerw w transmisji.<\/p>\n<p><img decoding=\"async\" src=\"https:\/\/b2b.innpro.pl\/data\/include\/cms\/-Baseus\/ZJBA010001\/6.jpg\" alt=\"-Baseus\/ZJBA010001\/6\"><\/p>\n<h3>D\u017awi\u0119k Hi-Fi<\/h3>\n<p>Transmisja w jako\u015bci HD pozwala cieszy\u0107 si\u0119 czystym brzmieniem \u2013 odtwarzane d\u017awi\u0119ki s\u0105 naturalne i pe\u0142ne szczeg\u00f3\u0142\u00f3w. Niezale\u017cnie od tego, czy s\u0142uchasz muzyki, ogl\u0105dasz filmy czy korzystasz z innych multimedi\u00f3w, z adapterem Baseus mo\u017cesz cieszy\u0107 si\u0119 doskona\u0142\u0105 jako\u015bci\u0105 d\u017awi\u0119ku!<\/p>\n<p><img decoding=\"async\" src=\"https:\/\/b2b.innpro.pl\/data\/include\/cms\/-Baseus\/ZJBA010001\/7.jpg\" alt=\"-Baseus\/ZJBA010001\/7\"><\/p>\n<h3>Po\u0142\u0105cz nawet 5 urz\u0105dze\u0144<\/h3>\n<p>Adapter Baseus jest szeroko kompatybilny i umo\u017cliwia po\u0142\u0105czenie a\u017c 5 urz\u0105dze\u0144 jednocze\u015bnie, takich jak bezprzewodowe s\u0142uchawki, g\u0142o\u015bnik, klawiatura, mysz, telefon, tablet czy te\u017c kontroler do gier. Dzi\u0119ki funkcji Plug and Play nie musisz instalowa\u0107 dodatkowych sterownik\u00f3w \u2013 adapter dzia\u0142a natychmiast po po\u0142\u0105czeniu z urz\u0105dzeniami z systemami Windows 8.1, 10 i 11. Ciesz si\u0119 wygod\u0105 i elastyczno\u015bci\u0105!<\/p>\n<p><img decoding=\"async\" src=\"https:\/\/b2b.innpro.pl\/data\/include\/cms\/-Baseus\/ZJBA010001\/2.jpg\" alt=\"-Baseus\/ZJBA010001\/2\"><\/p>\n<div class=\"table-wrapper\">\n<table>\n<tbody>\n<tr>\n<th>Producent<\/th>\n<td>Baseus<\/td>\n<\/tr>\n<tr>\n<th>Model<\/th>\n<td>ZJBA010001<\/td>\n<\/tr>\n<tr>\n<th>Z\u0142\u0105cze<\/th>\n<td>USB-A<\/td>\n<\/tr>\n<tr>\n<th>Wersja Bluetooth<\/th>\n<td>5.3<\/td>\n<\/tr>\n<tr>\n<th>Zasi\u0119g<\/th>\n<td>do 20 m<\/td>\n<\/tr>\n<tr>\n<th>Protoko\u0142y<\/th>\n<td>A2DP \/ HSP \/ AVRCP \/ HID<\/td>\n<\/tr>\n<tr>\n<th>Systemy operacyjne<\/th>\n<td>Windows 8.1 \/ Windows 10 \/ Windows 11<\/td>\n<\/tr>\n<tr>\n<th>Materia\u0142<\/th>\n<td>ABS+PC<\/td>\n<\/tr>\n<tr>\n<th>Kolor<\/th>\n<td>czarny<\/td>\n<\/tr>\n<\/tbody>\n<\/table>\n<\/div>\n","protected":false},"excerpt":{"rendered":"<p>Bezprzewodowy adapter Baseus BA07 (czarny) Bezprzewodowy adapter Baseus zapewnia szybsz\u0105 transmisj\u0119 danych oraz stabilne po\u0142\u0105czenie na odleg\u0142o\u015b\u0107 do 20 m<\/p>\n","protected":false},"featured_media":42795,"comment_status":"closed","ping_status":"open","template":"","meta":{"_acf_changed":false},"product_brand":[],"product_cat":[5930,5929],"product_tag":[],"class_list":{"0":"post-56984","1":"product","2":"type-product","3":"status-publish","4":"has-post-thumbnail","6":"product_cat-adaptery-przejsciowki-konwertery","7":"product_cat-akcesoria-it","8":"pa_producent-baseus","10":"first","11":"outofstock","12":"taxable","13":"shipping-taxable","14":"purchasable","15":"product-type-simple"},"acf":[],"yoast_head":"<!-- This site is optimized with the Yoast SEO plugin v27.2 - https:\/\/yoast.com\/product\/yoast-seo-wordpress\/ -->\n<title>Adapter Bluetooth BASEUS BA07 USB-A BT 5.3 (czarny) - IRONSKY.PL Sklep z Dronami<\/title>\n<meta name=\"description\" content=\"Adapter Bluetooth BASEUS BA07 USB-A BT 5.3 (czarny) - \u2705 sklep z dronami i fachowym doradztwem. \u2705 Tutaj kupisz produkty DJI, Yuneec, Parrot, Syma i wiele innych, a tak\u017ce kursy i licencje na operatora drona.\" \/>\n<meta name=\"robots\" content=\"index, follow, max-snippet:-1, max-image-preview:large, max-video-preview:-1\" \/>\n<link rel=\"canonical\" href=\"https:\/\/ironsky.pl\/sklep\/produkt\/adapter-bluetooth-baseus-ba07-usb-a-bt-5-3-czarny\/\" \/>\n<meta property=\"og:locale\" content=\"pl_PL\" \/>\n<meta property=\"og:type\" content=\"article\" \/>\n<meta property=\"og:title\" content=\"Adapter Bluetooth BASEUS BA07 USB-A BT 5.3 (czarny) - IRONSKY.PL Sklep z Dronami\" \/>\n<meta property=\"og:description\" content=\"Adapter Bluetooth BASEUS BA07 USB-A BT 5.3 (czarny) - \u2705 sklep z dronami i fachowym doradztwem. \u2705 Tutaj kupisz produkty DJI, Yuneec, Parrot, Syma i wiele innych, a tak\u017ce kursy i licencje na operatora drona.\" \/>\n<meta property=\"og:url\" content=\"https:\/\/ironsky.pl\/sklep\/produkt\/adapter-bluetooth-baseus-ba07-usb-a-bt-5-3-czarny\/\" \/>\n<meta property=\"og:site_name\" content=\"IRONSKY.PL Sklep z Dronami\" \/>\n<meta property=\"article:modified_time\" content=\"2026-04-15T08:21:13+00:00\" \/>\n<meta property=\"og:image\" content=\"https:\/\/ironsky.pl\/sklep\/wp-content\/uploads\/2025\/06\/31973_9.jpg\" \/>\n\t<meta property=\"og:image:width\" content=\"800\" \/>\n\t<meta property=\"og:image:height\" content=\"800\" \/>\n\t<meta property=\"og:image:type\" content=\"image\/jpeg\" \/>\n<meta name=\"twitter:card\" content=\"summary_large_image\" \/>\n<meta name=\"twitter:label1\" content=\"Szacowany czas czytania\" \/>\n\t<meta name=\"twitter:data1\" content=\"1 minuta\" \/>\n<script type=\"application\/ld+json\" class=\"yoast-schema-graph\">{\"@context\":\"https:\/\/schema.org\",\"@graph\":[{\"@type\":\"WebPage\",\"@id\":\"https:\/\/ironsky.pl\/sklep\/produkt\/adapter-bluetooth-baseus-ba07-usb-a-bt-5-3-czarny\/\",\"url\":\"https:\/\/ironsky.pl\/sklep\/produkt\/adapter-bluetooth-baseus-ba07-usb-a-bt-5-3-czarny\/\",\"name\":\"Adapter Bluetooth BASEUS BA07 USB-A BT 5.3 (czarny) - IRONSKY.PL Sklep z Dronami\",\"isPartOf\":{\"@id\":\"https:\/\/ironsky.pl\/sklep\/#website\"},\"primaryImageOfPage\":{\"@id\":\"https:\/\/ironsky.pl\/sklep\/produkt\/adapter-bluetooth-baseus-ba07-usb-a-bt-5-3-czarny\/#primaryimage\"},\"image\":{\"@id\":\"https:\/\/ironsky.pl\/sklep\/produkt\/adapter-bluetooth-baseus-ba07-usb-a-bt-5-3-czarny\/#primaryimage\"},\"thumbnailUrl\":\"https:\/\/ironsky.pl\/sklep\/wp-content\/uploads\/2025\/06\/31973_9.jpg\",\"datePublished\":\"2026-04-15T08:20:39+00:00\",\"dateModified\":\"2026-04-15T08:21:13+00:00\",\"description\":\"Adapter Bluetooth BASEUS BA07 USB-A BT 5.3 (czarny) - \u2705 sklep z dronami i fachowym doradztwem. \u2705 Tutaj kupisz produkty DJI, Yuneec, Parrot, Syma i wiele innych, a tak\u017ce kursy i licencje na operatora drona.\",\"breadcrumb\":{\"@id\":\"https:\/\/ironsky.pl\/sklep\/produkt\/adapter-bluetooth-baseus-ba07-usb-a-bt-5-3-czarny\/#breadcrumb\"},\"inLanguage\":\"pl-PL\",\"potentialAction\":[{\"@type\":\"ReadAction\",\"target\":[\"https:\/\/ironsky.pl\/sklep\/produkt\/adapter-bluetooth-baseus-ba07-usb-a-bt-5-3-czarny\/\"]}]},{\"@type\":\"ImageObject\",\"inLanguage\":\"pl-PL\",\"@id\":\"https:\/\/ironsky.pl\/sklep\/produkt\/adapter-bluetooth-baseus-ba07-usb-a-bt-5-3-czarny\/#primaryimage\",\"url\":\"https:\/\/ironsky.pl\/sklep\/wp-content\/uploads\/2025\/06\/31973_9.jpg\",\"contentUrl\":\"https:\/\/ironsky.pl\/sklep\/wp-content\/uploads\/2025\/06\/31973_9.jpg\",\"width\":800,\"height\":800},{\"@type\":\"BreadcrumbList\",\"@id\":\"https:\/\/ironsky.pl\/sklep\/produkt\/adapter-bluetooth-baseus-ba07-usb-a-bt-5-3-czarny\/#breadcrumb\",\"itemListElement\":[{\"@type\":\"ListItem\",\"position\":1,\"name\":\"Strona g\u0142\u00f3wna\",\"item\":\"https:\/\/ironsky.pl\/sklep\/\"},{\"@type\":\"ListItem\",\"position\":2,\"name\":\"Wszystkie produkty\",\"item\":\"https:\/\/ironsky.pl\/sklep\/produkty\/\"},{\"@type\":\"ListItem\",\"position\":3,\"name\":\"Adapter Bluetooth BASEUS BA07 USB-A BT 5.3 (czarny)\"}]},{\"@type\":\"WebSite\",\"@id\":\"https:\/\/ironsky.pl\/sklep\/#website\",\"url\":\"https:\/\/ironsky.pl\/sklep\/\",\"name\":\"IRONSKY.PL Sklep z Dronami\",\"description\":\"IRONSKY.PL Sklep z Dronami\",\"potentialAction\":[{\"@type\":\"SearchAction\",\"target\":{\"@type\":\"EntryPoint\",\"urlTemplate\":\"https:\/\/ironsky.pl\/sklep\/?s={search_term_string}\"},\"query-input\":{\"@type\":\"PropertyValueSpecification\",\"valueRequired\":true,\"valueName\":\"search_term_string\"}}],\"inLanguage\":\"pl-PL\"}]}<\/script>\n<!-- \/ Yoast SEO plugin. -->","yoast_head_json":{"title":"Adapter Bluetooth BASEUS BA07 USB-A BT 5.3 (czarny) - IRONSKY.PL Sklep z Dronami","description":"Adapter Bluetooth BASEUS BA07 USB-A BT 5.3 (czarny) - \u2705 sklep z dronami i fachowym doradztwem. \u2705 Tutaj kupisz produkty DJI, Yuneec, Parrot, Syma i wiele innych, a tak\u017ce kursy i licencje na operatora drona.","robots":{"index":"index","follow":"follow","max-snippet":"max-snippet:-1","max-image-preview":"max-image-preview:large","max-video-preview":"max-video-preview:-1"},"canonical":"https:\/\/ironsky.pl\/sklep\/produkt\/adapter-bluetooth-baseus-ba07-usb-a-bt-5-3-czarny\/","og_locale":"pl_PL","og_type":"article","og_title":"Adapter Bluetooth BASEUS BA07 USB-A BT 5.3 (czarny) - IRONSKY.PL Sklep z Dronami","og_description":"Adapter Bluetooth BASEUS BA07 USB-A BT 5.3 (czarny) - \u2705 sklep z dronami i fachowym doradztwem. \u2705 Tutaj kupisz produkty DJI, Yuneec, Parrot, Syma i wiele innych, a tak\u017ce kursy i licencje na operatora drona.","og_url":"https:\/\/ironsky.pl\/sklep\/produkt\/adapter-bluetooth-baseus-ba07-usb-a-bt-5-3-czarny\/","og_site_name":"IRONSKY.PL Sklep z Dronami","article_modified_time":"2026-04-15T08:21:13+00:00","og_image":[{"width":800,"height":800,"url":"https:\/\/ironsky.pl\/sklep\/wp-content\/uploads\/2025\/06\/31973_9.jpg","type":"image\/jpeg"}],"twitter_card":"summary_large_image","twitter_misc":{"Szacowany czas czytania":"1 minuta"},"schema":{"@context":"https:\/\/schema.org","@graph":[{"@type":"WebPage","@id":"https:\/\/ironsky.pl\/sklep\/produkt\/adapter-bluetooth-baseus-ba07-usb-a-bt-5-3-czarny\/","url":"https:\/\/ironsky.pl\/sklep\/produkt\/adapter-bluetooth-baseus-ba07-usb-a-bt-5-3-czarny\/","name":"Adapter Bluetooth BASEUS BA07 USB-A BT 5.3 (czarny) - IRONSKY.PL Sklep z Dronami","isPartOf":{"@id":"https:\/\/ironsky.pl\/sklep\/#website"},"primaryImageOfPage":{"@id":"https:\/\/ironsky.pl\/sklep\/produkt\/adapter-bluetooth-baseus-ba07-usb-a-bt-5-3-czarny\/#primaryimage"},"image":{"@id":"https:\/\/ironsky.pl\/sklep\/produkt\/adapter-bluetooth-baseus-ba07-usb-a-bt-5-3-czarny\/#primaryimage"},"thumbnailUrl":"https:\/\/ironsky.pl\/sklep\/wp-content\/uploads\/2025\/06\/31973_9.jpg","datePublished":"2026-04-15T08:20:39+00:00","dateModified":"2026-04-15T08:21:13+00:00","description":"Adapter Bluetooth BASEUS BA07 USB-A BT 5.3 (czarny) - \u2705 sklep z dronami i fachowym doradztwem. \u2705 Tutaj kupisz produkty DJI, Yuneec, Parrot, Syma i wiele innych, a tak\u017ce kursy i licencje na operatora drona.","breadcrumb":{"@id":"https:\/\/ironsky.pl\/sklep\/produkt\/adapter-bluetooth-baseus-ba07-usb-a-bt-5-3-czarny\/#breadcrumb"},"inLanguage":"pl-PL","potentialAction":[{"@type":"ReadAction","target":["https:\/\/ironsky.pl\/sklep\/produkt\/adapter-bluetooth-baseus-ba07-usb-a-bt-5-3-czarny\/"]}]},{"@type":"ImageObject","inLanguage":"pl-PL","@id":"https:\/\/ironsky.pl\/sklep\/produkt\/adapter-bluetooth-baseus-ba07-usb-a-bt-5-3-czarny\/#primaryimage","url":"https:\/\/ironsky.pl\/sklep\/wp-content\/uploads\/2025\/06\/31973_9.jpg","contentUrl":"https:\/\/ironsky.pl\/sklep\/wp-content\/uploads\/2025\/06\/31973_9.jpg","width":800,"height":800},{"@type":"BreadcrumbList","@id":"https:\/\/ironsky.pl\/sklep\/produkt\/adapter-bluetooth-baseus-ba07-usb-a-bt-5-3-czarny\/#breadcrumb","itemListElement":[{"@type":"ListItem","position":1,"name":"Strona g\u0142\u00f3wna","item":"https:\/\/ironsky.pl\/sklep\/"},{"@type":"ListItem","position":2,"name":"Wszystkie produkty","item":"https:\/\/ironsky.pl\/sklep\/produkty\/"},{"@type":"ListItem","position":3,"name":"Adapter Bluetooth BASEUS BA07 USB-A BT 5.3 (czarny)"}]},{"@type":"WebSite","@id":"https:\/\/ironsky.pl\/sklep\/#website","url":"https:\/\/ironsky.pl\/sklep\/","name":"IRONSKY.PL Sklep z Dronami","description":"IRONSKY.PL Sklep z Dronami","potentialAction":[{"@type":"SearchAction","target":{"@type":"EntryPoint","urlTemplate":"https:\/\/ironsky.pl\/sklep\/?s={search_term_string}"},"query-input":{"@type":"PropertyValueSpecification","valueRequired":true,"valueName":"search_term_string"}}],"inLanguage":"pl-PL"}]}},"_links":{"self":[{"href":"https:\/\/ironsky.pl\/sklep\/wp-json\/wp\/v2\/product\/56984","targetHints":{"allow":["GET"]}}],"collection":[{"href":"https:\/\/ironsky.pl\/sklep\/wp-json\/wp\/v2\/product"}],"about":[{"href":"https:\/\/ironsky.pl\/sklep\/wp-json\/wp\/v2\/types\/product"}],"replies":[{"embeddable":true,"href":"https:\/\/ironsky.pl\/sklep\/wp-json\/wp\/v2\/comments?post=56984"}],"wp:featuredmedia":[{"embeddable":true,"href":"https:\/\/ironsky.pl\/sklep\/wp-json\/wp\/v2\/media\/42795"}],"wp:attachment":[{"href":"https:\/\/ironsky.pl\/sklep\/wp-json\/wp\/v2\/media?parent=56984"}],"wp:term":[{"taxonomy":"product_brand","embeddable":true,"href":"https:\/\/ironsky.pl\/sklep\/wp-json\/wp\/v2\/product_brand?post=56984"},{"taxonomy":"product_cat","embeddable":true,"href":"https:\/\/ironsky.pl\/sklep\/wp-json\/wp\/v2\/product_cat?post=56984"},{"taxonomy":"product_tag","embeddable":true,"href":"https:\/\/ironsky.pl\/sklep\/wp-json\/wp\/v2\/product_tag?post=56984"}],"curies":[{"name":"wp","href":"https:\/\/api.w.org\/{rel}","templated":true}]}}