{"id":56978,"date":"2026-04-15T10:20:39","date_gmt":"2026-04-15T08:20:39","guid":{"rendered":"https:\/\/ironsky.pl\/sklep\/produkt\/powerbank-baseus-mini-10000mah-30w-niebieski\/"},"modified":"2026-04-15T10:21:09","modified_gmt":"2026-04-15T08:21:09","slug":"powerbank-baseus-mini-10000mah-30w-niebieski","status":"publish","type":"product","link":"https:\/\/ironsky.pl\/sklep\/produkt\/powerbank-baseus-mini-10000mah-30w-niebieski\/","title":{"rendered":"Powerbank BASEUS mini 10000mAh 30W (niebieski)"},"content":{"rendered":"<h3>Szybko \u0142aduj\u0105cy mini Power Bank Baseus 10000mAh 30W (niebieski)<\/h3>\n<p>\u0141aduj swoje urz\u0105dzenia szybko i bezpiecznie. Mini powerbank Baseus zosta\u0142 wyposa\u017cony w port USB-C i umo\u017cliwia \u0142adowanie bezprzewodowe. Jego pojemno\u015b\u0107 wynosi a\u017c 10 000 mAh. Ma tak\u017ce wbudowany wy\u015bwietlacz, kt\u00f3ry pozwala w ka\u017cdej chwili sprawdzi\u0107 pojemno\u015b\u0107 akumulatora. Obs\u0142uguje takie protoko\u0142y szybkiego \u0142adowania jak na przyk\u0142ad PD 30 W.<\/p>\n<p><img decoding=\"async\" src=\"https:\/\/b2b.innpro.pl\/data\/include\/cms\/-Baseus\/PPCX110203\/1.jpg\" alt=\"-Baseus\/PPCX110203\/1\"><\/p>\n<h3>Przemy\u015blana konstrukcja<\/h3>\n<p>Produkt charakteryzuje si\u0119 lekk\u0105 wag\u0105 i kompaktowym rozmiarem, dlatego mo\u017cesz mie\u0107 go zawsze przy sobie. Ponadto zosta\u0142 zaprojektowany w taki spos\u00f3b, aby umo\u017cliwi\u0107 Ci wygodne bezprzewodowe \u0142adowanie smartfona \u2013 nie przys\u0142ania kamery telefonu, co sprawia, \u017ce mo\u017cesz z niego z powodzeniem korzysta\u0107, a dzi\u0119ki wbudowanym magnesom o du\u017cej sile przyci\u0105gania zapewnia stabilno\u015b\u0107 umieszczonemu na nim telefonowi. Dodatkowo materia\u0142 jest przyjemny w dotyku i zapobiega wy\u015blizgni\u0119ciu si\u0119 z r\u0119ki.<\/p>\n<p><img decoding=\"async\" src=\"https:\/\/b2b.innpro.pl\/data\/include\/cms\/-Baseus\/PPCX110203\/2.jpg\" alt=\"-Baseus\/PPCX110203\/2\"><\/p>\n<h3>\u0141adowanie przewodowe i bezprzewodowe<\/h3>\n<p>Powerbank umo\u017cliwia zar\u00f3wno przewodowe, jak i bezprzewodowe \u0142adowanie. Zastosowane rozwi\u0105zania zapewni\u0105 Ci po\u017c\u0105dan\u0105 wygod\u0119. Wspiera szybkie przewodowe \u0142adowanie z moc\u0105 30 W. Co to oznacza w praktyce? Tw\u00f3j iPhone 14 Pro zostanie na\u0142adowany do 50% w zaledwie 30 minut! Obs\u0142uguje r\u00f3wnie\u017c \u0142adowanie bezprzewodowe 15 W.<\/p>\n<p><img decoding=\"async\" src=\"https:\/\/b2b.innpro.pl\/data\/include\/cms\/-Baseus\/PPCX110203\/4.jpg\" alt=\"-Baseus\/PPCX110203\/4\"><\/p>\n<h3>Szeroka kompatybilno\u015b\u0107<\/h3>\n<p>Za pomoc\u0105 tego praktycznego powerbanku bez problemu na\u0142adujesz wi\u0119kszo\u015b\u0107 popularnych urz\u0105dze\u0144. Produkt umo\u017cliwia szybkie \u0142adowanie iPhone\u2019\u00f3w z serii 12-13. Jest te\u017c kompatybilny mi\u0119dzy innymi z telefonami Xiaomi i Huawei. Umo\u017cliwia r\u00f3wnie\u017c zasilanie tablet\u00f3w i s\u0142uchawek bezprzewodowych. Pojemno\u015b\u0107 a\u017c 10 000 mAh sprawia, \u017ce nie musisz \u0142adowa\u0107 go zbyt cz\u0119sto.<\/p>\n<p><img decoding=\"async\" src=\"https:\/\/b2b.innpro.pl\/data\/include\/cms\/-Baseus\/PPCX110203\/3.jpg\" alt=\"-Baseus\/PPCX110203\/3\"><\/p>\n<h3>Bezpiecze\u0144stwo u\u017cytkowania<\/h3>\n<p>Wysokiej klasy akumulator gwarantuje bezpieczne \u0142adowanie. Baseus oferuje ochron\u0119 mi\u0119dzy innymi przed przepi\u0119ciem, pr\u0105dem przet\u0119\u017ceniowym, prze\u0142adowaniem i zwarciem. Powerbank zosta\u0142 te\u017c wyposa\u017cony w czujniki temperatury NTC, kt\u00f3re zapobiegaj\u0105 przegrzaniu. Ponadto produkt wykazuje zgodno\u015b\u0107 z mi\u0119dzynarodowymi standardami transportu lotniczego, co pozwala zabra\u0107 go ze sob\u0105 niemal wsz\u0119dzie.<\/p>\n<p><img decoding=\"async\" src=\"https:\/\/b2b.innpro.pl\/data\/include\/cms\/-Baseus\/PPCX110203\/5.jpg\" alt=\"-Baseus\/PPCX110203\/5\"><\/p>\n<h3>W zestawie:<\/h3>\n<ul>\n<li>Powerbank<\/li>\n<li>Kabel<\/li>\n<\/ul>\n<div class=\"table-wrapper\">\n<table>\n<tbody>\n<tr>\n<th>Producent<\/th>\n<td>Baseus<\/td>\n<\/tr>\n<tr>\n<th>Model<\/th>\n<td>PPCX110203<\/td>\n<\/tr>\n<tr>\n<th>Kolor <\/th>\n<td>niebieski<\/td>\n<\/tr>\n<tr>\n<th>Pojemno\u015b\u0107 akumulatora <\/th>\n<td>10000mAh \/ 38.5Wh <\/td>\n<\/tr>\n<tr>\n<th>Port USB-C <\/th>\n<td>30 W (maks.)<\/td>\n<\/tr>\n<tr>\n<th>Moc wyj\u015bciowa \u0142adowarki bezprzewodowej <\/th>\n<td>15W (maks.)<\/td>\n<\/tr>\n<tr>\n<th>Ca\u0142kowity pr\u0105d wyj\u015bciowy <\/th>\n<td>5V=3A<\/td>\n<\/tr>\n<tr>\n<th>Waga <\/th>\n<td>210 g<\/td>\n<\/tr>\n<\/tbody>\n<\/table>\n<\/div>\n","protected":false},"excerpt":{"rendered":"<p>Szybko \u0142aduj\u0105cy mini Power Bank Baseus 10000mAh 30W (niebieski) \u0141aduj swoje urz\u0105dzenia szybko i bezpiecznie. Mini powerbank Baseus zosta\u0142 wyposa\u017cony<\/p>\n","protected":false},"featured_media":56979,"comment_status":"closed","ping_status":"open","template":"","meta":{"_acf_changed":false},"product_brand":[],"product_cat":[1108,1113],"product_tag":[],"class_list":{"0":"post-56978","1":"product","2":"type-product","3":"status-publish","4":"has-post-thumbnail","6":"product_cat-energia","7":"product_cat-powerbanki","8":"pa_okres-gwarancji-5754","9":"pa_producent-baseus","11":"first","12":"outofstock","13":"taxable","14":"shipping-taxable","15":"purchasable","16":"product-type-simple"},"acf":[],"yoast_head":"<!-- This site is optimized with the Yoast SEO plugin v27.2 - https:\/\/yoast.com\/product\/yoast-seo-wordpress\/ -->\n<title>Powerbank BASEUS mini 10000mAh 30W (niebieski) - IRONSKY.PL Sklep z Dronami<\/title>\n<meta name=\"description\" content=\"Powerbank BASEUS mini 10000mAh 30W (niebieski) - \u2705 sklep z dronami i fachowym doradztwem. \u2705 Tutaj kupisz produkty DJI, Yuneec, Parrot, Syma i wiele innych, a tak\u017ce kursy i licencje na operatora drona.\" \/>\n<meta name=\"robots\" content=\"index, follow, max-snippet:-1, max-image-preview:large, max-video-preview:-1\" \/>\n<link rel=\"canonical\" href=\"https:\/\/ironsky.pl\/sklep\/produkt\/powerbank-baseus-mini-10000mah-30w-niebieski\/\" \/>\n<meta property=\"og:locale\" content=\"pl_PL\" \/>\n<meta property=\"og:type\" content=\"article\" \/>\n<meta property=\"og:title\" content=\"Powerbank BASEUS mini 10000mAh 30W (niebieski) - IRONSKY.PL Sklep z Dronami\" \/>\n<meta property=\"og:description\" content=\"Powerbank BASEUS mini 10000mAh 30W (niebieski) - \u2705 sklep z dronami i fachowym doradztwem. \u2705 Tutaj kupisz produkty DJI, Yuneec, Parrot, Syma i wiele innych, a tak\u017ce kursy i licencje na operatora drona.\" \/>\n<meta property=\"og:url\" content=\"https:\/\/ironsky.pl\/sklep\/produkt\/powerbank-baseus-mini-10000mah-30w-niebieski\/\" \/>\n<meta property=\"og:site_name\" content=\"IRONSKY.PL Sklep z Dronami\" \/>\n<meta property=\"article:modified_time\" content=\"2026-04-15T08:21:09+00:00\" \/>\n<meta property=\"og:image\" content=\"https:\/\/ironsky.pl\/sklep\/wp-content\/uploads\/2026\/04\/31961_1.webp\" \/>\n\t<meta property=\"og:image:width\" content=\"800\" \/>\n\t<meta property=\"og:image:height\" content=\"800\" \/>\n\t<meta property=\"og:image:type\" content=\"image\/webp\" \/>\n<meta name=\"twitter:card\" content=\"summary_large_image\" \/>\n<meta name=\"twitter:label1\" content=\"Szacowany czas czytania\" \/>\n\t<meta name=\"twitter:data1\" content=\"2 minuty\" \/>\n<script type=\"application\/ld+json\" class=\"yoast-schema-graph\">{\"@context\":\"https:\/\/schema.org\",\"@graph\":[{\"@type\":\"WebPage\",\"@id\":\"https:\/\/ironsky.pl\/sklep\/produkt\/powerbank-baseus-mini-10000mah-30w-niebieski\/\",\"url\":\"https:\/\/ironsky.pl\/sklep\/produkt\/powerbank-baseus-mini-10000mah-30w-niebieski\/\",\"name\":\"Powerbank BASEUS mini 10000mAh 30W (niebieski) - IRONSKY.PL Sklep z Dronami\",\"isPartOf\":{\"@id\":\"https:\/\/ironsky.pl\/sklep\/#website\"},\"primaryImageOfPage\":{\"@id\":\"https:\/\/ironsky.pl\/sklep\/produkt\/powerbank-baseus-mini-10000mah-30w-niebieski\/#primaryimage\"},\"image\":{\"@id\":\"https:\/\/ironsky.pl\/sklep\/produkt\/powerbank-baseus-mini-10000mah-30w-niebieski\/#primaryimage\"},\"thumbnailUrl\":\"https:\/\/ironsky.pl\/sklep\/wp-content\/uploads\/2026\/04\/31961_1.webp\",\"datePublished\":\"2026-04-15T08:20:39+00:00\",\"dateModified\":\"2026-04-15T08:21:09+00:00\",\"description\":\"Powerbank BASEUS mini 10000mAh 30W (niebieski) - \u2705 sklep z dronami i fachowym doradztwem. \u2705 Tutaj kupisz produkty DJI, Yuneec, Parrot, Syma i wiele innych, a tak\u017ce kursy i licencje na operatora drona.\",\"breadcrumb\":{\"@id\":\"https:\/\/ironsky.pl\/sklep\/produkt\/powerbank-baseus-mini-10000mah-30w-niebieski\/#breadcrumb\"},\"inLanguage\":\"pl-PL\",\"potentialAction\":[{\"@type\":\"ReadAction\",\"target\":[\"https:\/\/ironsky.pl\/sklep\/produkt\/powerbank-baseus-mini-10000mah-30w-niebieski\/\"]}]},{\"@type\":\"ImageObject\",\"inLanguage\":\"pl-PL\",\"@id\":\"https:\/\/ironsky.pl\/sklep\/produkt\/powerbank-baseus-mini-10000mah-30w-niebieski\/#primaryimage\",\"url\":\"https:\/\/ironsky.pl\/sklep\/wp-content\/uploads\/2026\/04\/31961_1.webp\",\"contentUrl\":\"https:\/\/ironsky.pl\/sklep\/wp-content\/uploads\/2026\/04\/31961_1.webp\",\"width\":800,\"height\":800},{\"@type\":\"BreadcrumbList\",\"@id\":\"https:\/\/ironsky.pl\/sklep\/produkt\/powerbank-baseus-mini-10000mah-30w-niebieski\/#breadcrumb\",\"itemListElement\":[{\"@type\":\"ListItem\",\"position\":1,\"name\":\"Strona g\u0142\u00f3wna\",\"item\":\"https:\/\/ironsky.pl\/sklep\/\"},{\"@type\":\"ListItem\",\"position\":2,\"name\":\"Wszystkie produkty\",\"item\":\"https:\/\/ironsky.pl\/sklep\/produkty\/\"},{\"@type\":\"ListItem\",\"position\":3,\"name\":\"Powerbank BASEUS mini 10000mAh 30W (niebieski)\"}]},{\"@type\":\"WebSite\",\"@id\":\"https:\/\/ironsky.pl\/sklep\/#website\",\"url\":\"https:\/\/ironsky.pl\/sklep\/\",\"name\":\"IRONSKY.PL Sklep z Dronami\",\"description\":\"IRONSKY.PL Sklep z Dronami\",\"potentialAction\":[{\"@type\":\"SearchAction\",\"target\":{\"@type\":\"EntryPoint\",\"urlTemplate\":\"https:\/\/ironsky.pl\/sklep\/?s={search_term_string}\"},\"query-input\":{\"@type\":\"PropertyValueSpecification\",\"valueRequired\":true,\"valueName\":\"search_term_string\"}}],\"inLanguage\":\"pl-PL\"}]}<\/script>\n<!-- \/ Yoast SEO plugin. -->","yoast_head_json":{"title":"Powerbank BASEUS mini 10000mAh 30W (niebieski) - IRONSKY.PL Sklep z Dronami","description":"Powerbank BASEUS mini 10000mAh 30W (niebieski) - \u2705 sklep z dronami i fachowym doradztwem. \u2705 Tutaj kupisz produkty DJI, Yuneec, Parrot, Syma i wiele innych, a tak\u017ce kursy i licencje na operatora drona.","robots":{"index":"index","follow":"follow","max-snippet":"max-snippet:-1","max-image-preview":"max-image-preview:large","max-video-preview":"max-video-preview:-1"},"canonical":"https:\/\/ironsky.pl\/sklep\/produkt\/powerbank-baseus-mini-10000mah-30w-niebieski\/","og_locale":"pl_PL","og_type":"article","og_title":"Powerbank BASEUS mini 10000mAh 30W (niebieski) - IRONSKY.PL Sklep z Dronami","og_description":"Powerbank BASEUS mini 10000mAh 30W (niebieski) - \u2705 sklep z dronami i fachowym doradztwem. \u2705 Tutaj kupisz produkty DJI, Yuneec, Parrot, Syma i wiele innych, a tak\u017ce kursy i licencje na operatora drona.","og_url":"https:\/\/ironsky.pl\/sklep\/produkt\/powerbank-baseus-mini-10000mah-30w-niebieski\/","og_site_name":"IRONSKY.PL Sklep z Dronami","article_modified_time":"2026-04-15T08:21:09+00:00","og_image":[{"width":800,"height":800,"url":"https:\/\/ironsky.pl\/sklep\/wp-content\/uploads\/2026\/04\/31961_1.webp","type":"image\/webp"}],"twitter_card":"summary_large_image","twitter_misc":{"Szacowany czas czytania":"2 minuty"},"schema":{"@context":"https:\/\/schema.org","@graph":[{"@type":"WebPage","@id":"https:\/\/ironsky.pl\/sklep\/produkt\/powerbank-baseus-mini-10000mah-30w-niebieski\/","url":"https:\/\/ironsky.pl\/sklep\/produkt\/powerbank-baseus-mini-10000mah-30w-niebieski\/","name":"Powerbank BASEUS mini 10000mAh 30W (niebieski) - IRONSKY.PL Sklep z Dronami","isPartOf":{"@id":"https:\/\/ironsky.pl\/sklep\/#website"},"primaryImageOfPage":{"@id":"https:\/\/ironsky.pl\/sklep\/produkt\/powerbank-baseus-mini-10000mah-30w-niebieski\/#primaryimage"},"image":{"@id":"https:\/\/ironsky.pl\/sklep\/produkt\/powerbank-baseus-mini-10000mah-30w-niebieski\/#primaryimage"},"thumbnailUrl":"https:\/\/ironsky.pl\/sklep\/wp-content\/uploads\/2026\/04\/31961_1.webp","datePublished":"2026-04-15T08:20:39+00:00","dateModified":"2026-04-15T08:21:09+00:00","description":"Powerbank BASEUS mini 10000mAh 30W (niebieski) - \u2705 sklep z dronami i fachowym doradztwem. \u2705 Tutaj kupisz produkty DJI, Yuneec, Parrot, Syma i wiele innych, a tak\u017ce kursy i licencje na operatora drona.","breadcrumb":{"@id":"https:\/\/ironsky.pl\/sklep\/produkt\/powerbank-baseus-mini-10000mah-30w-niebieski\/#breadcrumb"},"inLanguage":"pl-PL","potentialAction":[{"@type":"ReadAction","target":["https:\/\/ironsky.pl\/sklep\/produkt\/powerbank-baseus-mini-10000mah-30w-niebieski\/"]}]},{"@type":"ImageObject","inLanguage":"pl-PL","@id":"https:\/\/ironsky.pl\/sklep\/produkt\/powerbank-baseus-mini-10000mah-30w-niebieski\/#primaryimage","url":"https:\/\/ironsky.pl\/sklep\/wp-content\/uploads\/2026\/04\/31961_1.webp","contentUrl":"https:\/\/ironsky.pl\/sklep\/wp-content\/uploads\/2026\/04\/31961_1.webp","width":800,"height":800},{"@type":"BreadcrumbList","@id":"https:\/\/ironsky.pl\/sklep\/produkt\/powerbank-baseus-mini-10000mah-30w-niebieski\/#breadcrumb","itemListElement":[{"@type":"ListItem","position":1,"name":"Strona g\u0142\u00f3wna","item":"https:\/\/ironsky.pl\/sklep\/"},{"@type":"ListItem","position":2,"name":"Wszystkie produkty","item":"https:\/\/ironsky.pl\/sklep\/produkty\/"},{"@type":"ListItem","position":3,"name":"Powerbank BASEUS mini 10000mAh 30W (niebieski)"}]},{"@type":"WebSite","@id":"https:\/\/ironsky.pl\/sklep\/#website","url":"https:\/\/ironsky.pl\/sklep\/","name":"IRONSKY.PL Sklep z Dronami","description":"IRONSKY.PL Sklep z Dronami","potentialAction":[{"@type":"SearchAction","target":{"@type":"EntryPoint","urlTemplate":"https:\/\/ironsky.pl\/sklep\/?s={search_term_string}"},"query-input":{"@type":"PropertyValueSpecification","valueRequired":true,"valueName":"search_term_string"}}],"inLanguage":"pl-PL"}]}},"_links":{"self":[{"href":"https:\/\/ironsky.pl\/sklep\/wp-json\/wp\/v2\/product\/56978","targetHints":{"allow":["GET"]}}],"collection":[{"href":"https:\/\/ironsky.pl\/sklep\/wp-json\/wp\/v2\/product"}],"about":[{"href":"https:\/\/ironsky.pl\/sklep\/wp-json\/wp\/v2\/types\/product"}],"replies":[{"embeddable":true,"href":"https:\/\/ironsky.pl\/sklep\/wp-json\/wp\/v2\/comments?post=56978"}],"wp:featuredmedia":[{"embeddable":true,"href":"https:\/\/ironsky.pl\/sklep\/wp-json\/wp\/v2\/media\/56979"}],"wp:attachment":[{"href":"https:\/\/ironsky.pl\/sklep\/wp-json\/wp\/v2\/media?parent=56978"}],"wp:term":[{"taxonomy":"product_brand","embeddable":true,"href":"https:\/\/ironsky.pl\/sklep\/wp-json\/wp\/v2\/product_brand?post=56978"},{"taxonomy":"product_cat","embeddable":true,"href":"https:\/\/ironsky.pl\/sklep\/wp-json\/wp\/v2\/product_cat?post=56978"},{"taxonomy":"product_tag","embeddable":true,"href":"https:\/\/ironsky.pl\/sklep\/wp-json\/wp\/v2\/product_tag?post=56978"}],"curies":[{"name":"wp","href":"https:\/\/api.w.org\/{rel}","templated":true}]}}