{"id":56976,"date":"2026-04-15T10:20:39","date_gmt":"2026-04-15T08:20:39","guid":{"rendered":"https:\/\/ironsky.pl\/sklep\/produkt\/plan-ochrony-dji-care-pro-inspire-3-plan-dwuletni-kod-elektroniczny\/"},"modified":"2026-04-15T10:21:07","modified_gmt":"2026-04-15T08:21:07","slug":"plan-ochrony-dji-care-pro-inspire-3-plan-dwuletni-kod-elektroniczny","status":"publish","type":"product","link":"https:\/\/ironsky.pl\/sklep\/produkt\/plan-ochrony-dji-care-pro-inspire-3-plan-dwuletni-kod-elektroniczny\/","title":{"rendered":"Plan ochrony DJI Care Pro Inspire 3 (plan dwuletni) &#8211; kod elektroniczny"},"content":{"rendered":"<h3 style=\"text-align: center;\">Realizacja wysy\u0142ki Produkt\u00f3w Cyfrowych odbywa si\u0119 od poniedzia\u0142ku do pi\u0105tku w godzinach od 8:00 do 16:00 na adres email podany podczas sk\u0142adania zam\u00f3wienia.<\/h3>\n<h3>DJI Care Pro Inspire 3 (dwuletni plan) &#8211; kod elektroniczny<\/h3>\n<p><strong><span style=\"font-weight: 400;\">DJI Care Pro jest ekskluzywn\u0105 ochron\u0105 serwisow\u0105, kt\u00f3ra umo\u017cliwia korzystanie z profesjonalnych urz\u0105dze\u0144 DJI ze spokojem ducha. W ramach pakietu zapewnione jest wsparcie techniczne, konserwacja oraz ewentualne naprawy. Dzi\u0119ki temu mo\u017cna skupi\u0107 si\u0119 na tworzeniu i inspiracji bez obaw o utrat\u0119 funkcjonalno\u015bci sprz\u0119tu. Mo\u017cliwe jest r\u00f3wnie\u017c przed\u0142u\u017cenie ochrony do nawet 4 lat \u2013 wystarczy dokupi\u0107 dodatkowy roczny plan (maksymalnie 2 razy). W trakcie trwania us\u0142ugi obowi\u0105zuje tak\u017ce oficjalna gwarancja producenta.<\/span><\/strong><\/p>\n<p><img decoding=\"async\" src=\"https:\/\/b2b.innpro.pl\/data\/include\/cms\/12DJI\/DJI-Care-Pro-DJI-Ronin-4D-6K\/5.jpg\" border=\"0\" \/><\/p>\n<h3><strong>Korzystaj z nielimitowanej liczby napraw<\/strong><\/h3>\n<p><strong><span style=\"font-weight: 400;\">DJI Care Pro gwarantuje 2-letni\u0105 ochron\u0119 Twojego sprz\u0119tu i oferuje nielimitowan\u0105 liczb\u0119 napraw do kwoty 110\u00a0000 PLN. Us\u0142uga obejmuje na przyk\u0142ad uszkodzenia wynikaj\u0105ce z kontaktu z wod\u0105 czy upadku. Dzi\u0119ki temu mo\u017cesz pracowa\u0107 bez obaw \u2013 je\u015bli co\u015b si\u0119 stanie, DJI Care Pro zapewni profesjonaln\u0105 opiek\u0119 nad Twoim sprz\u0119tem.<\/span><\/strong><\/p>\n<p><img decoding=\"async\" src=\"https:\/\/b2b.innpro.pl\/data\/include\/cms\/12DJI\/DJI-Care-Pro-Inspire-3\/1.jpg?v=1683546033586\" border=\"0\" width=\"1000\" height=\"637\" \/><\/p>\n<h3>Konserwacja fabryczna<\/h3>\n<p><strong><span style=\"font-weight: 400;\">W ramach us\u0142ugi masz r\u00f3wnie\u017c mo\u017cliwo\u015b\u0107 skorzystania z jednej konserwacji fabrycznej na rok. Obejmuje ona sprawdzenie wszystkich element\u00f3w urz\u0105dzenia, przeprowadzenie aktualizacji oprogramowania oraz wymian\u0119 delikatnych cz\u0119\u015bci. Otrzymasz r\u00f3wnie\u017c oficjalny raport dokumentuj\u0105cy konserwacj\u0119. Dzi\u0119ki temu zyskujesz pewno\u015b\u0107, \u017ce Tw\u00f3j sprz\u0119t pozostanie w doskona\u0142ym stanie na d\u0142u\u017cej! Co wi\u0119cej, 2-letnia us\u0142uga DJI Care Pro oferuje mo\u017cliwo\u015b\u0107 bezp\u0142atnej wymiany 4 akumulator\u00f3w.<\/span><\/strong><\/p>\n<p><img decoding=\"async\" src=\"https:\/\/b2b.innpro.pl\/data\/include\/cms\/12DJI\/DJI-Care-Pro-Inspire-3\/4.jpg?v=1683546033586\" border=\"0\" width=\"1000\" height=\"637\" \/><\/p>\n<h3>Us\u0142uga Flyaway<\/h3>\n<p><strong><span style=\"font-weight: 400;\">Je\u015bli Tw\u00f3j dron odleci z niewiadomej przyczyny i nie b\u0119dzie mo\u017cliwe jego odzyskanie, DJI Care Pro pozwoli Ci na zakup nowego w specjalnej cenie promocyjnej wynosz\u0105cej 27\u00a0500 PLN. Us\u0142uga Flyaway pozwala na dokonanie 2 takich zakup\u00f3w w przeci\u0105gu 2 lat. Uwaga: produkty zamienne kupione po obni\u017conej cenie s\u0105 ca\u0142kowicie nowe lub r\u00f3wnie wydajne i niezawodne jak nowe.<\/span><\/strong><\/p>\n<p><img decoding=\"async\" src=\"https:\/\/b2b.innpro.pl\/data\/include\/cms\/12DJI\/DJI-Care-Pro-Inspire-3\/2.jpg?v=1683546033586\" border=\"0\" width=\"1000\" height=\"637\" \/><\/p>\n<h3>Darmowa dostawa<\/h3>\n<p><strong><span style=\"font-weight: 400;\">Dzi\u0119ki DJI Care Pro mo\u017cesz te\u017c korzysta\u0107 z darmowej dostawy \u2013 DJI pokryje op\u0142aty za wysy\u0142k\u0119 urz\u0105dzenia do centrum serwisowego i z powrotem.<\/span><\/strong><\/p>\n<p><img decoding=\"async\" src=\"https:\/\/b2b.innpro.pl\/data\/include\/cms\/12DJI\/DJI-Care-Pro-Inspire-3\/3.jpg?v=1683546033586\" border=\"0\" width=\"1000\" height=\"637\" \/><\/p>\n<h3><strong>Dodatkowe informacje<\/strong><\/h3>\n<ol>\n<ul>\n<li>Produkt jest nowy i nie zosta\u0142 jeszcze aktywowany.<\/li>\n<\/ul>\n<\/ol>\n<ul>\n<li>\n<p style=\"display: inline !important;\">Mo\u017cesz powi\u0105za\u0107 wcze\u015bniej zakupiony produkt DJI z us\u0142ug\u0105 DJI Care Pro, je\u015bli spe\u0142niony zostanie jeden z poni\u017cszych warunk\u00f3w:<\/p>\n<\/li>\n<li>Produkt zosta\u0142 aktywowany w ci\u0105gu ostatnich 48 godzin.<\/li>\n<li>Produkt to urz\u0105dzenie r\u0119czne, kt\u00f3re zosta\u0142o aktywowane w ci\u0105gu ostatnich 30 dni.<\/li>\n<\/ul>\n<ol>\n<ol>\n<li style=\"text-align: left;\">\n<p>Aby zapewni\u0107 sobie mo\u017cliwo\u015b\u0107 normalnego korzystania z DJI Care Pro, us\u0142uga oraz powi\u0105zany z ni\u0105 produkt musz\u0105 by\u0107 zakupione w tym samym kraju lub regionie.<\/p>\n<\/li>\n<\/ol>\n<\/ol>\n<p><img decoding=\"async\" src=\"https:\/\/b2b.innpro.pl\/data\/include\/cms\/12DJI\/DJI-Care-Pro-DJI-Ronin-4D-6K\/7.jpg\" border=\"0\" width=\"1000\" height=\"638\" \/><\/p>\n<p style=\"text-align: justify;\">\u00a0<\/p>\n<h3>Mo\u017cliwo\u015b\u0107 przed\u0142u\u017cenia ochrony*<\/h3>\n<p><span style=\"background-color: transparent; color: #000000;\">U\u017cytkownicy maj\u0105 tak\u017ce mo\u017cliwo\u015b\u0107 przed\u0142u\u017cenia ochrony do maksymalnie 3 lat. Aby to zrobi\u0107, wystarczy wykupi\u0107 dodatkowy roczny plan.<\/span><\/p>\n<ul>\n<li><span style=\"background-color: transparent;\">Je\u015bli masz plan roczny DJI Care Refresh, mo\u017cesz przed\u0142u\u017cy\u0107 ochron\u0119 2 razy, dokupuj\u0105c 2 kolejne plany roczne: <\/span><strong style=\"background-color: transparent;\">plan roczny + plan roczny + plan roczny<\/strong><span style=\"background-color: transparent;\">.<\/span><\/li>\n<li><span style=\"background-color: transparent;\">Je\u015bli masz plan 2-letni, mo\u017cesz przed\u0142u\u017cy\u0107 ochron\u0119 tylko raz, dokupuj\u0105c jeden plan roczny: <\/span><strong style=\"background-color: transparent;\">plan 2-letni + plan roczny<\/strong><span style=\"background-color: transparent;\">.<\/span><\/li>\n<\/ul>\n<p><span style=\"background-color: transparent; color: #000000;\">Uwaga: nie jest mo\u017cliwe przed\u0142u\u017cenie ochrony poprzez wykupienie dodatkowego planu 2-letniego.<\/span><\/p>\n<p><span style=\"background-color: transparent; color: #000000;\">Aby przed\u0142u\u017cenie ochrony by\u0142o mo\u017cliwe, spe\u0142nione musz\u0105 by\u0107 okre\u015blone warunki:<\/span><\/p>\n<ul>\n<li><span style=\"background-color: transparent;\">Zakup us\u0142ugi DJI Care Refresh w jednym z nast\u0119puj\u0105cych wariant\u00f3w: plan roczny DJI Care Refresh \/ plan 2-letni DJI Care Refresh \/ plan roczny DJI Care Refresh i DJI Care Refresh + \/ plan roczny DJI Care Refresh oraz dodatkowy plan roczny (odnowienie).<\/span><\/li>\n<li><span style=\"background-color: transparent;\">Okres wa\u017cno\u015bci zakupionej us\u0142ugi DJI Care Refresh jeszcze nie up\u0142yn\u0105\u0142 lub up\u0142yn\u0105\u0142 w ci\u0105gu 15 dni.<\/span><\/li>\n<\/ul>\n<p>\u00a0<\/p>\n<p><span style=\"background-color: transparent;\">*<\/span>Wi\u0119cej na temat DJI Care Refresh znajdziesz w <a href=\"https:\/\/s3.eu-central-1.amazonaws.com\/files.innpro.pl\/DJI\/DJI-CARE.pdf\" target=\"_blank\" rel=\"noopener noreferrer\">tym<\/a> dokumencie.<\/p>\n","protected":false},"excerpt":{"rendered":"<p>Realizacja wysy\u0142ki Produkt\u00f3w Cyfrowych odbywa si\u0119 od poniedzia\u0142ku do pi\u0105tku w godzinach od 8:00 do 16:00 na adres email podany<\/p>\n","protected":false},"featured_media":56977,"comment_status":"closed","ping_status":"open","template":"","meta":{"_acf_changed":false},"product_brand":[],"product_cat":[6167,6170,1088],"product_tag":[],"class_list":{"0":"post-56976","1":"product","2":"type-product","3":"status-publish","4":"has-post-thumbnail","6":"product_cat-akcesoria-do-dronow","7":"product_cat-dji-akcesoria-do-dronow","8":"product_cat-drony","9":"pa_producent-dji","11":"first","12":"outofstock","13":"taxable","14":"shipping-taxable","15":"purchasable","16":"product-type-simple"},"acf":[],"yoast_head":"<!-- This site is optimized with the Yoast SEO plugin v27.2 - https:\/\/yoast.com\/product\/yoast-seo-wordpress\/ -->\n<title>Plan ochrony DJI Care Pro Inspire 3 (plan dwuletni) - kod elektroniczny - IRONSKY.PL Sklep z Dronami<\/title>\n<meta name=\"description\" content=\"Plan ochrony DJI Care Pro Inspire 3 (plan dwuletni) - kod elektroniczny - \u2705 sklep z dronami i fachowym doradztwem. \u2705 Tutaj kupisz produkty DJI, Yuneec, Parrot, Syma i wiele innych, a tak\u017ce kursy i licencje na operatora drona.\" \/>\n<meta name=\"robots\" content=\"index, follow, max-snippet:-1, max-image-preview:large, max-video-preview:-1\" \/>\n<link rel=\"canonical\" href=\"https:\/\/ironsky.pl\/sklep\/produkt\/plan-ochrony-dji-care-pro-inspire-3-plan-dwuletni-kod-elektroniczny\/\" \/>\n<meta property=\"og:locale\" content=\"pl_PL\" \/>\n<meta property=\"og:type\" content=\"article\" \/>\n<meta property=\"og:title\" content=\"Plan ochrony DJI Care Pro Inspire 3 (plan dwuletni) - kod elektroniczny - IRONSKY.PL Sklep z Dronami\" \/>\n<meta property=\"og:description\" content=\"Plan ochrony DJI Care Pro Inspire 3 (plan dwuletni) - kod elektroniczny - \u2705 sklep z dronami i fachowym doradztwem. \u2705 Tutaj kupisz produkty DJI, Yuneec, Parrot, Syma i wiele innych, a tak\u017ce kursy i licencje na operatora drona.\" \/>\n<meta property=\"og:url\" content=\"https:\/\/ironsky.pl\/sklep\/produkt\/plan-ochrony-dji-care-pro-inspire-3-plan-dwuletni-kod-elektroniczny\/\" \/>\n<meta property=\"og:site_name\" content=\"IRONSKY.PL Sklep z Dronami\" \/>\n<meta property=\"article:modified_time\" content=\"2026-04-15T08:21:07+00:00\" \/>\n<meta property=\"og:image\" content=\"https:\/\/ironsky.pl\/sklep\/wp-content\/uploads\/2026\/04\/31749_2.webp\" \/>\n\t<meta property=\"og:image:width\" content=\"800\" \/>\n\t<meta property=\"og:image:height\" content=\"800\" \/>\n\t<meta property=\"og:image:type\" content=\"image\/webp\" \/>\n<meta name=\"twitter:card\" content=\"summary_large_image\" \/>\n<meta name=\"twitter:label1\" content=\"Szacowany czas czytania\" \/>\n\t<meta name=\"twitter:data1\" content=\"3 minuty\" \/>\n<script type=\"application\/ld+json\" class=\"yoast-schema-graph\">{\"@context\":\"https:\/\/schema.org\",\"@graph\":[{\"@type\":\"WebPage\",\"@id\":\"https:\/\/ironsky.pl\/sklep\/produkt\/plan-ochrony-dji-care-pro-inspire-3-plan-dwuletni-kod-elektroniczny\/\",\"url\":\"https:\/\/ironsky.pl\/sklep\/produkt\/plan-ochrony-dji-care-pro-inspire-3-plan-dwuletni-kod-elektroniczny\/\",\"name\":\"Plan ochrony DJI Care Pro Inspire 3 (plan dwuletni) - kod elektroniczny - IRONSKY.PL Sklep z Dronami\",\"isPartOf\":{\"@id\":\"https:\/\/ironsky.pl\/sklep\/#website\"},\"primaryImageOfPage\":{\"@id\":\"https:\/\/ironsky.pl\/sklep\/produkt\/plan-ochrony-dji-care-pro-inspire-3-plan-dwuletni-kod-elektroniczny\/#primaryimage\"},\"image\":{\"@id\":\"https:\/\/ironsky.pl\/sklep\/produkt\/plan-ochrony-dji-care-pro-inspire-3-plan-dwuletni-kod-elektroniczny\/#primaryimage\"},\"thumbnailUrl\":\"https:\/\/ironsky.pl\/sklep\/wp-content\/uploads\/2026\/04\/31749_2.webp\",\"datePublished\":\"2026-04-15T08:20:39+00:00\",\"dateModified\":\"2026-04-15T08:21:07+00:00\",\"description\":\"Plan ochrony DJI Care Pro Inspire 3 (plan dwuletni) - kod elektroniczny - \u2705 sklep z dronami i fachowym doradztwem. \u2705 Tutaj kupisz produkty DJI, Yuneec, Parrot, Syma i wiele innych, a tak\u017ce kursy i licencje na operatora drona.\",\"breadcrumb\":{\"@id\":\"https:\/\/ironsky.pl\/sklep\/produkt\/plan-ochrony-dji-care-pro-inspire-3-plan-dwuletni-kod-elektroniczny\/#breadcrumb\"},\"inLanguage\":\"pl-PL\",\"potentialAction\":[{\"@type\":\"ReadAction\",\"target\":[\"https:\/\/ironsky.pl\/sklep\/produkt\/plan-ochrony-dji-care-pro-inspire-3-plan-dwuletni-kod-elektroniczny\/\"]}]},{\"@type\":\"ImageObject\",\"inLanguage\":\"pl-PL\",\"@id\":\"https:\/\/ironsky.pl\/sklep\/produkt\/plan-ochrony-dji-care-pro-inspire-3-plan-dwuletni-kod-elektroniczny\/#primaryimage\",\"url\":\"https:\/\/ironsky.pl\/sklep\/wp-content\/uploads\/2026\/04\/31749_2.webp\",\"contentUrl\":\"https:\/\/ironsky.pl\/sklep\/wp-content\/uploads\/2026\/04\/31749_2.webp\",\"width\":800,\"height\":800},{\"@type\":\"BreadcrumbList\",\"@id\":\"https:\/\/ironsky.pl\/sklep\/produkt\/plan-ochrony-dji-care-pro-inspire-3-plan-dwuletni-kod-elektroniczny\/#breadcrumb\",\"itemListElement\":[{\"@type\":\"ListItem\",\"position\":1,\"name\":\"Strona g\u0142\u00f3wna\",\"item\":\"https:\/\/ironsky.pl\/sklep\/\"},{\"@type\":\"ListItem\",\"position\":2,\"name\":\"Wszystkie produkty\",\"item\":\"https:\/\/ironsky.pl\/sklep\/produkty\/\"},{\"@type\":\"ListItem\",\"position\":3,\"name\":\"Plan ochrony DJI Care Pro Inspire 3 (plan dwuletni) &#8211; kod elektroniczny\"}]},{\"@type\":\"WebSite\",\"@id\":\"https:\/\/ironsky.pl\/sklep\/#website\",\"url\":\"https:\/\/ironsky.pl\/sklep\/\",\"name\":\"IRONSKY.PL Sklep z Dronami\",\"description\":\"IRONSKY.PL Sklep z Dronami\",\"potentialAction\":[{\"@type\":\"SearchAction\",\"target\":{\"@type\":\"EntryPoint\",\"urlTemplate\":\"https:\/\/ironsky.pl\/sklep\/?s={search_term_string}\"},\"query-input\":{\"@type\":\"PropertyValueSpecification\",\"valueRequired\":true,\"valueName\":\"search_term_string\"}}],\"inLanguage\":\"pl-PL\"}]}<\/script>\n<!-- \/ Yoast SEO plugin. -->","yoast_head_json":{"title":"Plan ochrony DJI Care Pro Inspire 3 (plan dwuletni) - kod elektroniczny - IRONSKY.PL Sklep z Dronami","description":"Plan ochrony DJI Care Pro Inspire 3 (plan dwuletni) - kod elektroniczny - \u2705 sklep z dronami i fachowym doradztwem. \u2705 Tutaj kupisz produkty DJI, Yuneec, Parrot, Syma i wiele innych, a tak\u017ce kursy i licencje na operatora drona.","robots":{"index":"index","follow":"follow","max-snippet":"max-snippet:-1","max-image-preview":"max-image-preview:large","max-video-preview":"max-video-preview:-1"},"canonical":"https:\/\/ironsky.pl\/sklep\/produkt\/plan-ochrony-dji-care-pro-inspire-3-plan-dwuletni-kod-elektroniczny\/","og_locale":"pl_PL","og_type":"article","og_title":"Plan ochrony DJI Care Pro Inspire 3 (plan dwuletni) - kod elektroniczny - IRONSKY.PL Sklep z Dronami","og_description":"Plan ochrony DJI Care Pro Inspire 3 (plan dwuletni) - kod elektroniczny - \u2705 sklep z dronami i fachowym doradztwem. \u2705 Tutaj kupisz produkty DJI, Yuneec, Parrot, Syma i wiele innych, a tak\u017ce kursy i licencje na operatora drona.","og_url":"https:\/\/ironsky.pl\/sklep\/produkt\/plan-ochrony-dji-care-pro-inspire-3-plan-dwuletni-kod-elektroniczny\/","og_site_name":"IRONSKY.PL Sklep z Dronami","article_modified_time":"2026-04-15T08:21:07+00:00","og_image":[{"width":800,"height":800,"url":"https:\/\/ironsky.pl\/sklep\/wp-content\/uploads\/2026\/04\/31749_2.webp","type":"image\/webp"}],"twitter_card":"summary_large_image","twitter_misc":{"Szacowany czas czytania":"3 minuty"},"schema":{"@context":"https:\/\/schema.org","@graph":[{"@type":"WebPage","@id":"https:\/\/ironsky.pl\/sklep\/produkt\/plan-ochrony-dji-care-pro-inspire-3-plan-dwuletni-kod-elektroniczny\/","url":"https:\/\/ironsky.pl\/sklep\/produkt\/plan-ochrony-dji-care-pro-inspire-3-plan-dwuletni-kod-elektroniczny\/","name":"Plan ochrony DJI Care Pro Inspire 3 (plan dwuletni) - kod elektroniczny - IRONSKY.PL Sklep z Dronami","isPartOf":{"@id":"https:\/\/ironsky.pl\/sklep\/#website"},"primaryImageOfPage":{"@id":"https:\/\/ironsky.pl\/sklep\/produkt\/plan-ochrony-dji-care-pro-inspire-3-plan-dwuletni-kod-elektroniczny\/#primaryimage"},"image":{"@id":"https:\/\/ironsky.pl\/sklep\/produkt\/plan-ochrony-dji-care-pro-inspire-3-plan-dwuletni-kod-elektroniczny\/#primaryimage"},"thumbnailUrl":"https:\/\/ironsky.pl\/sklep\/wp-content\/uploads\/2026\/04\/31749_2.webp","datePublished":"2026-04-15T08:20:39+00:00","dateModified":"2026-04-15T08:21:07+00:00","description":"Plan ochrony DJI Care Pro Inspire 3 (plan dwuletni) - kod elektroniczny - \u2705 sklep z dronami i fachowym doradztwem. \u2705 Tutaj kupisz produkty DJI, Yuneec, Parrot, Syma i wiele innych, a tak\u017ce kursy i licencje na operatora drona.","breadcrumb":{"@id":"https:\/\/ironsky.pl\/sklep\/produkt\/plan-ochrony-dji-care-pro-inspire-3-plan-dwuletni-kod-elektroniczny\/#breadcrumb"},"inLanguage":"pl-PL","potentialAction":[{"@type":"ReadAction","target":["https:\/\/ironsky.pl\/sklep\/produkt\/plan-ochrony-dji-care-pro-inspire-3-plan-dwuletni-kod-elektroniczny\/"]}]},{"@type":"ImageObject","inLanguage":"pl-PL","@id":"https:\/\/ironsky.pl\/sklep\/produkt\/plan-ochrony-dji-care-pro-inspire-3-plan-dwuletni-kod-elektroniczny\/#primaryimage","url":"https:\/\/ironsky.pl\/sklep\/wp-content\/uploads\/2026\/04\/31749_2.webp","contentUrl":"https:\/\/ironsky.pl\/sklep\/wp-content\/uploads\/2026\/04\/31749_2.webp","width":800,"height":800},{"@type":"BreadcrumbList","@id":"https:\/\/ironsky.pl\/sklep\/produkt\/plan-ochrony-dji-care-pro-inspire-3-plan-dwuletni-kod-elektroniczny\/#breadcrumb","itemListElement":[{"@type":"ListItem","position":1,"name":"Strona g\u0142\u00f3wna","item":"https:\/\/ironsky.pl\/sklep\/"},{"@type":"ListItem","position":2,"name":"Wszystkie produkty","item":"https:\/\/ironsky.pl\/sklep\/produkty\/"},{"@type":"ListItem","position":3,"name":"Plan ochrony DJI Care Pro Inspire 3 (plan dwuletni) &#8211; kod elektroniczny"}]},{"@type":"WebSite","@id":"https:\/\/ironsky.pl\/sklep\/#website","url":"https:\/\/ironsky.pl\/sklep\/","name":"IRONSKY.PL Sklep z Dronami","description":"IRONSKY.PL Sklep z Dronami","potentialAction":[{"@type":"SearchAction","target":{"@type":"EntryPoint","urlTemplate":"https:\/\/ironsky.pl\/sklep\/?s={search_term_string}"},"query-input":{"@type":"PropertyValueSpecification","valueRequired":true,"valueName":"search_term_string"}}],"inLanguage":"pl-PL"}]}},"_links":{"self":[{"href":"https:\/\/ironsky.pl\/sklep\/wp-json\/wp\/v2\/product\/56976","targetHints":{"allow":["GET"]}}],"collection":[{"href":"https:\/\/ironsky.pl\/sklep\/wp-json\/wp\/v2\/product"}],"about":[{"href":"https:\/\/ironsky.pl\/sklep\/wp-json\/wp\/v2\/types\/product"}],"replies":[{"embeddable":true,"href":"https:\/\/ironsky.pl\/sklep\/wp-json\/wp\/v2\/comments?post=56976"}],"wp:featuredmedia":[{"embeddable":true,"href":"https:\/\/ironsky.pl\/sklep\/wp-json\/wp\/v2\/media\/56977"}],"wp:attachment":[{"href":"https:\/\/ironsky.pl\/sklep\/wp-json\/wp\/v2\/media?parent=56976"}],"wp:term":[{"taxonomy":"product_brand","embeddable":true,"href":"https:\/\/ironsky.pl\/sklep\/wp-json\/wp\/v2\/product_brand?post=56976"},{"taxonomy":"product_cat","embeddable":true,"href":"https:\/\/ironsky.pl\/sklep\/wp-json\/wp\/v2\/product_cat?post=56976"},{"taxonomy":"product_tag","embeddable":true,"href":"https:\/\/ironsky.pl\/sklep\/wp-json\/wp\/v2\/product_tag?post=56976"}],"curies":[{"name":"wp","href":"https:\/\/api.w.org\/{rel}","templated":true}]}}