{"id":56970,"date":"2026-04-15T10:20:39","date_gmt":"2026-04-15T08:20:39","guid":{"rendered":"https:\/\/ironsky.pl\/sklep\/produkt\/plan-ochrony-dji-care-pro-inspire-3-plan-roczny\/"},"modified":"2026-04-15T10:21:01","modified_gmt":"2026-04-15T08:21:01","slug":"plan-ochrony-dji-care-pro-inspire-3-plan-roczny","status":"publish","type":"product","link":"https:\/\/ironsky.pl\/sklep\/produkt\/plan-ochrony-dji-care-pro-inspire-3-plan-roczny\/","title":{"rendered":"Plan ochrony DJI Care Pro Inspire 3 (plan roczny)"},"content":{"rendered":"<h3>DJI Care Pro Inspire 3 (plan roczny)<\/h3>\n<p>DJI Care Pro to ekskluzywna ochrona serwisowa, kt\u00f3ra pozwoli Ci ze spokojem ducha korzysta\u0107 z Twoich profesjonalnych urz\u0105dze\u0144 DJI. Obejmuje mi\u0119dzy innymi pomoc techniczn\u0105, konserwacj\u0119 oraz naprawy. Dzi\u0119ki temu mo\u017cesz bez obaw skupi\u0107 si\u0119 na szukaniu inspiracji i tworzeniu coraz lepszych materia\u0142\u00f3w. Istnieje r\u00f3wnie\u017c mo\u017cliwo\u015b\u0107 przed\u0142u\u017cenia ochrony \u2013 wystarczy wykupi\u0107 dodatkowy roczny plan (maksymalnie trzy razy \u2013 \u0142\u0105cznie zyskujesz nawet 4 lata). Co wi\u0119cej, w okresie wa\u017cno\u015bci us\u0142ugi obowi\u0105zuje oficjalna gwarancja producenta.<\/p>\n<p><img decoding=\"async\" src=\"https:\/\/b2b.innpro.pl\/data\/include\/cms\/12DJI\/DJI-Care-Pro-DJI-Ronin-4D-6K\/5.jpg\" border=\"0\" alt=\"12DJI\/DJI-Care-Pro-Inspire-3\/5\" \/><\/p>\n<h3>Nielimitowana liczba napraw<\/h3>\n<p>DJI Care Pro zapewnia roczn\u0105 ochron\u0119 Twojego sprz\u0119tu i oferuje nielimitowan\u0105 liczb\u0119 napraw do kwoty 55 000 PLN. Us\u0142uga obejmuje mi\u0119dzy innymi uszkodzenia powsta\u0142e na skutek kontaktu z wod\u0105 oraz upadku. Mo\u017cesz wi\u0119c ze spokojem ducha tworzy\u0107 kolejne materia\u0142y &#8211; je\u015bli zdarzy si\u0119 wypadek, dzi\u0119ki DJI Care Pro Tw\u00f3j sprz\u0119t znajdzie si\u0119 w dobrych r\u0119kach.<\/p>\n<p><img decoding=\"async\" src=\"https:\/\/b2b.innpro.pl\/data\/include\/cms\/12DJI\/DJI-Care-Pro-Inspire-3\/1.jpg\" border=\"0\" alt=\"12DJI\/DJI-Care-Pro-Inspire-3\/1\" \/><\/p>\n<h3>Konserwacja fabryczna<\/h3>\n<p>Us\u0142uga obejmuje r\u00f3wnie\u017c jedn\u0105 konserwacj\u0119 fabryczn\u0105, w ramach kt\u00f3rej sprawdzone zostan\u0105 cz\u0119\u015bci urz\u0105dzenia, przeprowadzone zostan\u0105 aktualizacje sprz\u0119towe, a delikatne elementy zostan\u0105 wymienione. Otrzymasz te\u017c oficjalny raport z konserwacji. Dzi\u0119ki temu mo\u017cesz mie\u0107 pewno\u015b\u0107, \u017ce Tw\u00f3j sprz\u0119t jest w dobrym stanie i b\u0119dzie \u015bwietnie Ci s\u0142u\u017cy\u0107 przez d\u0142ugi czas. W ramach rocznego planu DJI Care Pro zyskujesz tak\u017ce darmow\u0105 wymian\u0119 2 akumulator\u00f3w.<\/p>\n<p><img decoding=\"async\" src=\"https:\/\/b2b.innpro.pl\/data\/include\/cms\/12DJI\/DJI-Care-Pro-Inspire-3\/4.jpg\" border=\"0\" alt=\"12DJI\/DJI-Care-Pro-Inspire-3\/4\" \/><\/p>\n<h3>Us\u0142uga Flyaway<\/h3>\n<p>Je\u017celi nast\u0105pi ucieczka drona, ochrona DJI Care Pro pozwoli Ci kupi\u0107 nowego w promocyjnej cenie 27 500 z\u0142. Uwaga: Produkty zamienne kupione po obni\u017conej cenie s\u0105 nowe lub r\u00f3wnowa\u017cne nowym pod wzgl\u0119dem wydajno\u015bci i niezawodno\u015bci.<\/p>\n<p><img decoding=\"async\" src=\"https:\/\/b2b.innpro.pl\/data\/include\/cms\/12DJI\/DJI-Care-Pro-Inspire-3\/2.jpg\" border=\"0\" alt=\"12DJI\/DJI-Care-Pro-Inspire-3\/2\" \/><\/p>\n<h3>Darmowa dostawa<\/h3>\n<p>DJI Care Pro pozwala cieszy\u0107 si\u0119 darmow\u0105 dostaw\u0105 &#8211; DJI pokryje koszty przesy\u0142ki sprz\u0119tu do centrum serwisowego i z powrotem.<\/p>\n<p><img decoding=\"async\" src=\"https:\/\/b2b.innpro.pl\/data\/include\/cms\/12DJI\/DJI-Care-Pro-Inspire-3\/3.jpg\" border=\"0\" alt=\"12DJI\/DJI-Care-Pro-Inspire-3\/3\" \/><\/p>\n<h3>Wa\u017cne informacje<\/h3>\n<p>Istnieje mo\u017cliwo\u015b\u0107 powi\u0105zania wcze\u015bniej zakupionego produktu DJI z us\u0142ug\u0105 DJI Care Pro, je\u017celi spe\u0142niony zostanie jeden z nast\u0119puj\u0105cych warunk\u00f3w:<\/p>\n<ul>\n<li>Produkt jest nowy i nie zosta\u0142 jeszcze aktywowany.<\/li>\n<li>Produkt zosta\u0142 aktywowany w ci\u0105gu ostatnich 48 godzin.<\/li>\n<li>Produkt to urz\u0105dzenie r\u0119czne, kt\u00f3re zosta\u0142o aktywowane w ci\u0105gu ostatnich 30 dni.<\/li>\n<li>Aby zapewni\u0107 sobie mo\u017cliwo\u015b\u0107 normalnego korzystania z DJI Care Pro, us\u0142uga oraz powi\u0105zany z ni\u0105 produkt musz\u0105 by\u0107 zakupione w tym samym kraju lub regionie.<\/li>\n<\/ul>\n<p><img decoding=\"async\" src=\"https:\/\/b2b.innpro.pl\/data\/include\/cms\/12DJI\/DJI-Care-Pro-DJI-Ronin-4D-6K\/7.jpg\" border=\"0\" alt=\"12DJI\/DJI-Care-Pro-Inspire-3\/6\" \/><\/p>\n<h3>Mo\u017cliwo\u015b\u0107 przed\u0142u\u017cenia ochrony*<\/h3>\n<p><span style=\"background-color: transparent; color: #000000;\">U\u017cytkownicy maj\u0105 tak\u017ce mo\u017cliwo\u015b\u0107 przed\u0142u\u017cenia ochrony do maksymalnie 4 lat. Aby to zrobi\u0107, wystarczy wykupi\u0107 dodatkowy roczny plan (w wypadku DJI Inspire 3) lub dodatkowy plan 2-letni (w wypadku DJI Ronin 4D).<\/span><\/p>\n<ul>\n<li><span style=\"background-color: transparent;\">Je\u015bli masz plan roczny DJI Care Refresh Pro dla DJI Inspire 3, mo\u017cesz przed\u0142u\u017cy\u0107 ochron\u0119 3 razy, dokupuj\u0105c 3 kolejne plany roczne: <\/span><strong style=\"background-color: transparent;\">plan roczny + plan roczny + plan roczny + plan roczny<\/strong><span style=\"background-color: transparent;\">.<\/span><\/li>\n<li><span style=\"background-color: transparent;\">Je\u015bli masz plan 2-letni DJI Care Refresh Pro dla DJI Inspire 3, mo\u017cesz przed\u0142u\u017cy\u0107 ochron\u0119 2 razy, dokupuj\u0105c 2 kolejne plany roczne: <\/span><strong style=\"background-color: transparent;\">plan 2-letni + plan roczny + plan roczny<\/strong><span style=\"background-color: transparent;\">.<\/span><\/li>\n<li><span style=\"background-color: transparent;\">Je\u015bli masz plan 2-letni DJI Care Refresh Pro dla DJI Ronin 4D, mo\u017cesz przed\u0142u\u017cy\u0107 ochron\u0119 tylko raz, dokupuj\u0105c jeden plan 2-letni: <\/span><strong style=\"background-color: transparent;\">plan 2-letni + plan 2-letni<\/strong><span style=\"background-color: transparent;\">.<\/span><\/li>\n<\/ul>\n<p><span style=\"background-color: transparent; color: #000000;\">Aby przed\u0142u\u017cenie ochrony by\u0142o mo\u017cliwe, spe\u0142nione musz\u0105 by\u0107 okre\u015blone warunki.<\/span><\/p>\n<p><span style=\"background-color: transparent; color: #000000;\">W wypadku DJI Inspire 3:<\/span><\/p>\n<ul>\n<li><span style=\"background-color: transparent;\">Zakup us\u0142ugi DJI Care Refresh Pro (plan roczny lub 2-letni).<\/span><\/li>\n<li><span style=\"background-color: transparent;\">Okres wa\u017cno\u015bci zakupionej us\u0142ugi DJI Care Refresh jeszcze nie up\u0142yn\u0105\u0142 lub up\u0142yn\u0105\u0142 w ci\u0105gu 15 dni.<\/span><\/li>\n<\/ul>\n<p><span style=\"background-color: transparent; color: #000000;\">W wypadku DJI Ronin 4D:<\/span><\/p>\n<ul>\n<li><span style=\"background-color: transparent;\">Zakup us\u0142ugi DJI Care Refresh Pro (plan 2-letni).<\/span><\/li>\n<li><span style=\"background-color: transparent;\">Okres wa\u017cno\u015bci zakupionej us\u0142ugi DJI Care Refresh jeszcze nie up\u0142yn\u0105\u0142 lub up\u0142yn\u0105\u0142 w ci\u0105gu 15 dni.<\/span><\/li>\n<\/ul>\n<p>*Wi\u0119cej na temat DJI Care Refresh znajdziesz w <a href=\"https:\/\/s3.eu-central-1.amazonaws.com\/files.innpro.pl\/DJI\/DJI-CARE.pdf\" target=\"_blank\" rel=\"noopener noreferrer\">tym<\/a> dokumencie.<\/p>\n","protected":false},"excerpt":{"rendered":"<p>DJI Care Pro Inspire 3 (plan roczny) DJI Care Pro to ekskluzywna ochrona serwisowa, kt\u00f3ra pozwoli Ci ze spokojem ducha<\/p>\n","protected":false},"featured_media":56971,"comment_status":"closed","ping_status":"open","template":"","meta":{"_acf_changed":false},"product_brand":[],"product_cat":[6167,6170,1088],"product_tag":[],"class_list":{"0":"post-56970","1":"product","2":"type-product","3":"status-publish","4":"has-post-thumbnail","6":"product_cat-akcesoria-do-dronow","7":"product_cat-dji-akcesoria-do-dronow","8":"product_cat-drony","9":"pa_producent-dji","11":"first","12":"outofstock","13":"taxable","14":"shipping-taxable","15":"purchasable","16":"product-type-simple"},"acf":[],"yoast_head":"<!-- This site is optimized with the Yoast SEO plugin v27.2 - https:\/\/yoast.com\/product\/yoast-seo-wordpress\/ -->\n<title>Plan ochrony DJI Care Pro Inspire 3 (plan roczny) - IRONSKY.PL Sklep z Dronami<\/title>\n<meta name=\"description\" content=\"Plan ochrony DJI Care Pro Inspire 3 (plan roczny) - \u2705 sklep z dronami i fachowym doradztwem. \u2705 Tutaj kupisz produkty DJI, Yuneec, Parrot, Syma i wiele innych, a tak\u017ce kursy i licencje na operatora drona.\" \/>\n<meta name=\"robots\" content=\"index, follow, max-snippet:-1, max-image-preview:large, max-video-preview:-1\" \/>\n<link rel=\"canonical\" href=\"https:\/\/ironsky.pl\/sklep\/produkt\/plan-ochrony-dji-care-pro-inspire-3-plan-roczny\/\" \/>\n<meta property=\"og:locale\" content=\"pl_PL\" \/>\n<meta property=\"og:type\" content=\"article\" \/>\n<meta property=\"og:title\" content=\"Plan ochrony DJI Care Pro Inspire 3 (plan roczny) - IRONSKY.PL Sklep z Dronami\" \/>\n<meta property=\"og:description\" content=\"Plan ochrony DJI Care Pro Inspire 3 (plan roczny) - \u2705 sklep z dronami i fachowym doradztwem. \u2705 Tutaj kupisz produkty DJI, Yuneec, Parrot, Syma i wiele innych, a tak\u017ce kursy i licencje na operatora drona.\" \/>\n<meta property=\"og:url\" content=\"https:\/\/ironsky.pl\/sklep\/produkt\/plan-ochrony-dji-care-pro-inspire-3-plan-roczny\/\" \/>\n<meta property=\"og:site_name\" content=\"IRONSKY.PL Sklep z Dronami\" \/>\n<meta property=\"article:modified_time\" content=\"2026-04-15T08:21:01+00:00\" \/>\n<meta property=\"og:image\" content=\"https:\/\/ironsky.pl\/sklep\/wp-content\/uploads\/2026\/04\/31742_1.jpg\" \/>\n\t<meta property=\"og:image:width\" content=\"800\" \/>\n\t<meta property=\"og:image:height\" content=\"800\" \/>\n\t<meta property=\"og:image:type\" content=\"image\/jpeg\" \/>\n<meta name=\"twitter:card\" content=\"summary_large_image\" \/>\n<meta name=\"twitter:label1\" content=\"Szacowany czas czytania\" \/>\n\t<meta name=\"twitter:data1\" content=\"3 minuty\" \/>\n<script type=\"application\/ld+json\" class=\"yoast-schema-graph\">{\"@context\":\"https:\/\/schema.org\",\"@graph\":[{\"@type\":\"WebPage\",\"@id\":\"https:\/\/ironsky.pl\/sklep\/produkt\/plan-ochrony-dji-care-pro-inspire-3-plan-roczny\/\",\"url\":\"https:\/\/ironsky.pl\/sklep\/produkt\/plan-ochrony-dji-care-pro-inspire-3-plan-roczny\/\",\"name\":\"Plan ochrony DJI Care Pro Inspire 3 (plan roczny) - IRONSKY.PL Sklep z Dronami\",\"isPartOf\":{\"@id\":\"https:\/\/ironsky.pl\/sklep\/#website\"},\"primaryImageOfPage\":{\"@id\":\"https:\/\/ironsky.pl\/sklep\/produkt\/plan-ochrony-dji-care-pro-inspire-3-plan-roczny\/#primaryimage\"},\"image\":{\"@id\":\"https:\/\/ironsky.pl\/sklep\/produkt\/plan-ochrony-dji-care-pro-inspire-3-plan-roczny\/#primaryimage\"},\"thumbnailUrl\":\"https:\/\/ironsky.pl\/sklep\/wp-content\/uploads\/2026\/04\/31742_1.jpg\",\"datePublished\":\"2026-04-15T08:20:39+00:00\",\"dateModified\":\"2026-04-15T08:21:01+00:00\",\"description\":\"Plan ochrony DJI Care Pro Inspire 3 (plan roczny) - \u2705 sklep z dronami i fachowym doradztwem. \u2705 Tutaj kupisz produkty DJI, Yuneec, Parrot, Syma i wiele innych, a tak\u017ce kursy i licencje na operatora drona.\",\"breadcrumb\":{\"@id\":\"https:\/\/ironsky.pl\/sklep\/produkt\/plan-ochrony-dji-care-pro-inspire-3-plan-roczny\/#breadcrumb\"},\"inLanguage\":\"pl-PL\",\"potentialAction\":[{\"@type\":\"ReadAction\",\"target\":[\"https:\/\/ironsky.pl\/sklep\/produkt\/plan-ochrony-dji-care-pro-inspire-3-plan-roczny\/\"]}]},{\"@type\":\"ImageObject\",\"inLanguage\":\"pl-PL\",\"@id\":\"https:\/\/ironsky.pl\/sklep\/produkt\/plan-ochrony-dji-care-pro-inspire-3-plan-roczny\/#primaryimage\",\"url\":\"https:\/\/ironsky.pl\/sklep\/wp-content\/uploads\/2026\/04\/31742_1.jpg\",\"contentUrl\":\"https:\/\/ironsky.pl\/sklep\/wp-content\/uploads\/2026\/04\/31742_1.jpg\",\"width\":800,\"height\":800},{\"@type\":\"BreadcrumbList\",\"@id\":\"https:\/\/ironsky.pl\/sklep\/produkt\/plan-ochrony-dji-care-pro-inspire-3-plan-roczny\/#breadcrumb\",\"itemListElement\":[{\"@type\":\"ListItem\",\"position\":1,\"name\":\"Strona g\u0142\u00f3wna\",\"item\":\"https:\/\/ironsky.pl\/sklep\/\"},{\"@type\":\"ListItem\",\"position\":2,\"name\":\"Wszystkie produkty\",\"item\":\"https:\/\/ironsky.pl\/sklep\/produkty\/\"},{\"@type\":\"ListItem\",\"position\":3,\"name\":\"Plan ochrony DJI Care Pro Inspire 3 (plan roczny)\"}]},{\"@type\":\"WebSite\",\"@id\":\"https:\/\/ironsky.pl\/sklep\/#website\",\"url\":\"https:\/\/ironsky.pl\/sklep\/\",\"name\":\"IRONSKY.PL Sklep z Dronami\",\"description\":\"IRONSKY.PL Sklep z Dronami\",\"potentialAction\":[{\"@type\":\"SearchAction\",\"target\":{\"@type\":\"EntryPoint\",\"urlTemplate\":\"https:\/\/ironsky.pl\/sklep\/?s={search_term_string}\"},\"query-input\":{\"@type\":\"PropertyValueSpecification\",\"valueRequired\":true,\"valueName\":\"search_term_string\"}}],\"inLanguage\":\"pl-PL\"}]}<\/script>\n<!-- \/ Yoast SEO plugin. -->","yoast_head_json":{"title":"Plan ochrony DJI Care Pro Inspire 3 (plan roczny) - IRONSKY.PL Sklep z Dronami","description":"Plan ochrony DJI Care Pro Inspire 3 (plan roczny) - \u2705 sklep z dronami i fachowym doradztwem. \u2705 Tutaj kupisz produkty DJI, Yuneec, Parrot, Syma i wiele innych, a tak\u017ce kursy i licencje na operatora drona.","robots":{"index":"index","follow":"follow","max-snippet":"max-snippet:-1","max-image-preview":"max-image-preview:large","max-video-preview":"max-video-preview:-1"},"canonical":"https:\/\/ironsky.pl\/sklep\/produkt\/plan-ochrony-dji-care-pro-inspire-3-plan-roczny\/","og_locale":"pl_PL","og_type":"article","og_title":"Plan ochrony DJI Care Pro Inspire 3 (plan roczny) - IRONSKY.PL Sklep z Dronami","og_description":"Plan ochrony DJI Care Pro Inspire 3 (plan roczny) - \u2705 sklep z dronami i fachowym doradztwem. \u2705 Tutaj kupisz produkty DJI, Yuneec, Parrot, Syma i wiele innych, a tak\u017ce kursy i licencje na operatora drona.","og_url":"https:\/\/ironsky.pl\/sklep\/produkt\/plan-ochrony-dji-care-pro-inspire-3-plan-roczny\/","og_site_name":"IRONSKY.PL Sklep z Dronami","article_modified_time":"2026-04-15T08:21:01+00:00","og_image":[{"width":800,"height":800,"url":"https:\/\/ironsky.pl\/sklep\/wp-content\/uploads\/2026\/04\/31742_1.jpg","type":"image\/jpeg"}],"twitter_card":"summary_large_image","twitter_misc":{"Szacowany czas czytania":"3 minuty"},"schema":{"@context":"https:\/\/schema.org","@graph":[{"@type":"WebPage","@id":"https:\/\/ironsky.pl\/sklep\/produkt\/plan-ochrony-dji-care-pro-inspire-3-plan-roczny\/","url":"https:\/\/ironsky.pl\/sklep\/produkt\/plan-ochrony-dji-care-pro-inspire-3-plan-roczny\/","name":"Plan ochrony DJI Care Pro Inspire 3 (plan roczny) - IRONSKY.PL Sklep z Dronami","isPartOf":{"@id":"https:\/\/ironsky.pl\/sklep\/#website"},"primaryImageOfPage":{"@id":"https:\/\/ironsky.pl\/sklep\/produkt\/plan-ochrony-dji-care-pro-inspire-3-plan-roczny\/#primaryimage"},"image":{"@id":"https:\/\/ironsky.pl\/sklep\/produkt\/plan-ochrony-dji-care-pro-inspire-3-plan-roczny\/#primaryimage"},"thumbnailUrl":"https:\/\/ironsky.pl\/sklep\/wp-content\/uploads\/2026\/04\/31742_1.jpg","datePublished":"2026-04-15T08:20:39+00:00","dateModified":"2026-04-15T08:21:01+00:00","description":"Plan ochrony DJI Care Pro Inspire 3 (plan roczny) - \u2705 sklep z dronami i fachowym doradztwem. \u2705 Tutaj kupisz produkty DJI, Yuneec, Parrot, Syma i wiele innych, a tak\u017ce kursy i licencje na operatora drona.","breadcrumb":{"@id":"https:\/\/ironsky.pl\/sklep\/produkt\/plan-ochrony-dji-care-pro-inspire-3-plan-roczny\/#breadcrumb"},"inLanguage":"pl-PL","potentialAction":[{"@type":"ReadAction","target":["https:\/\/ironsky.pl\/sklep\/produkt\/plan-ochrony-dji-care-pro-inspire-3-plan-roczny\/"]}]},{"@type":"ImageObject","inLanguage":"pl-PL","@id":"https:\/\/ironsky.pl\/sklep\/produkt\/plan-ochrony-dji-care-pro-inspire-3-plan-roczny\/#primaryimage","url":"https:\/\/ironsky.pl\/sklep\/wp-content\/uploads\/2026\/04\/31742_1.jpg","contentUrl":"https:\/\/ironsky.pl\/sklep\/wp-content\/uploads\/2026\/04\/31742_1.jpg","width":800,"height":800},{"@type":"BreadcrumbList","@id":"https:\/\/ironsky.pl\/sklep\/produkt\/plan-ochrony-dji-care-pro-inspire-3-plan-roczny\/#breadcrumb","itemListElement":[{"@type":"ListItem","position":1,"name":"Strona g\u0142\u00f3wna","item":"https:\/\/ironsky.pl\/sklep\/"},{"@type":"ListItem","position":2,"name":"Wszystkie produkty","item":"https:\/\/ironsky.pl\/sklep\/produkty\/"},{"@type":"ListItem","position":3,"name":"Plan ochrony DJI Care Pro Inspire 3 (plan roczny)"}]},{"@type":"WebSite","@id":"https:\/\/ironsky.pl\/sklep\/#website","url":"https:\/\/ironsky.pl\/sklep\/","name":"IRONSKY.PL Sklep z Dronami","description":"IRONSKY.PL Sklep z Dronami","potentialAction":[{"@type":"SearchAction","target":{"@type":"EntryPoint","urlTemplate":"https:\/\/ironsky.pl\/sklep\/?s={search_term_string}"},"query-input":{"@type":"PropertyValueSpecification","valueRequired":true,"valueName":"search_term_string"}}],"inLanguage":"pl-PL"}]}},"_links":{"self":[{"href":"https:\/\/ironsky.pl\/sklep\/wp-json\/wp\/v2\/product\/56970","targetHints":{"allow":["GET"]}}],"collection":[{"href":"https:\/\/ironsky.pl\/sklep\/wp-json\/wp\/v2\/product"}],"about":[{"href":"https:\/\/ironsky.pl\/sklep\/wp-json\/wp\/v2\/types\/product"}],"replies":[{"embeddable":true,"href":"https:\/\/ironsky.pl\/sklep\/wp-json\/wp\/v2\/comments?post=56970"}],"wp:featuredmedia":[{"embeddable":true,"href":"https:\/\/ironsky.pl\/sklep\/wp-json\/wp\/v2\/media\/56971"}],"wp:attachment":[{"href":"https:\/\/ironsky.pl\/sklep\/wp-json\/wp\/v2\/media?parent=56970"}],"wp:term":[{"taxonomy":"product_brand","embeddable":true,"href":"https:\/\/ironsky.pl\/sklep\/wp-json\/wp\/v2\/product_brand?post=56970"},{"taxonomy":"product_cat","embeddable":true,"href":"https:\/\/ironsky.pl\/sklep\/wp-json\/wp\/v2\/product_cat?post=56970"},{"taxonomy":"product_tag","embeddable":true,"href":"https:\/\/ironsky.pl\/sklep\/wp-json\/wp\/v2\/product_tag?post=56970"}],"curies":[{"name":"wp","href":"https:\/\/api.w.org\/{rel}","templated":true}]}}