{"id":56942,"date":"2026-04-15T10:20:39","date_gmt":"2026-04-15T08:20:39","guid":{"rendered":"https:\/\/ironsky.pl\/sklep\/produkt\/zestaw-filtrow-nd-dji-do-dji-mavic-3-pro-nd8-16-32-64\/"},"modified":"2026-04-15T10:20:43","modified_gmt":"2026-04-15T08:20:43","slug":"zestaw-filtrow-nd-dji-do-dji-mavic-3-pro-nd8-16-32-64","status":"publish","type":"product","link":"https:\/\/ironsky.pl\/sklep\/produkt\/zestaw-filtrow-nd-dji-do-dji-mavic-3-pro-nd8-16-32-64\/","title":{"rendered":"Zestaw filtr\u00f3w ND DJI do DJI Mavic 3 Pro ND8\/16\/32\/64"},"content":{"rendered":"<h3>Filtry ND (8\/16\/32\/64) DJI Mavic 3 Pro<\/h3>\n<p>Wchodz\u0105ce w sk\u0142ad zestawu filtry ND (ND8\/16\/32\/64) zosta\u0142y stworzone specjalnie z my\u015bl\u0105 o potr\u00f3jnej kamerze Mavica 3 Pro. Z powodzeniem wykorzystasz je na przyk\u0142ad podczas robienia zdj\u0119\u0107 z d\u0142ug\u0105 ekspozycj\u0105 lub przy silnym \u015bwietle. Zapewni\u0105 Ci precyzyjn\u0105 kontrol\u0119 nad czasem otwarcia migawki i pozwol\u0105 uzyska\u0107 doskona\u0142e rezultaty nawet w trudnych warunkach o\u015bwietleniowych. To jednak nie wszystko. Filtry oferuj\u0105 mniejsz\u0105 redukcj\u0119 \u015bwiat\u0142a dla kamery tele, dzi\u0119ki czemu mo\u017cesz unikn\u0105\u0107 sytuacji, w kt\u00f3rej kamera szerokok\u0105tna i \u015brednia kamera tele by\u0142yby odpowiednio na\u015bwietlone, a kamera tele by\u0142aby niedo\u015bwietlona.<\/p>\n<p><img decoding=\"async\" src=\"https:\/\/b2b.innpro.pl\/data\/include\/cms\/12DJI\/Filtry-ND-8-16-32-64-DJI-Mavic-3-Pro\/4.jpg\" border=\"0\" alt=\"12DJI\/Filtry-ND-8-16-32-64-DJI-Mavic-3-Pro\/4\" \/><\/p>\n<h3>W zestawie<\/h3>\n<ul>\n<li>Filtr ND8 x1<\/li>\n<li>Filtr ND16 x1<\/li>\n<li>Filtr ND32 x1<\/li>\n<li>Filtr ND64 x1<\/li>\n<\/ul>\n<div class=\"table-wrapper\">\n<table>\n<tbody>\n<tr>\n<th>Producent<\/th>\n<td>DJI<\/td>\n<\/tr>\n<tr>\n<th>Nazwa<\/th>\n<td>DJI Mavic 3 Pro ND Filters Set (ND8\/16\/32\/64)<\/td>\n<\/tr>\n<tr>\n<th>Model<\/th>\n<td>CP.MA.00000668.01<\/td>\n<\/tr>\n<tr>\n<th>Rozmiar (przepuszczalno\u015b\u0107 \u015bwiat\u0142a)<\/th>\n<td>Kamera szerokok\u0105tna: 20,2 x 15,5 mm;<br \/>\u015arednia kamera tele: \u03a613,7 mm;<br \/>Kamera tele: \u03a612,1 mm;<\/td>\n<\/tr>\n<tr>\n<th>Waga jednego filtra<\/th>\n<td>5,1 g<\/td>\n<\/tr>\n<tr>\n<th>Kompatybilno\u015b\u0107<\/th>\n<td>DJI Mavic 3 Pro, DJI Mavic 3 Pro Cine<\/td>\n<\/tr>\n<\/tbody>\n<\/table>\n<\/div>\n","protected":false},"excerpt":{"rendered":"<p>Filtry ND (8\/16\/32\/64) DJI Mavic 3 Pro Wchodz\u0105ce w sk\u0142ad zestawu filtry ND (ND8\/16\/32\/64) zosta\u0142y stworzone specjalnie z my\u015bl\u0105 o<\/p>\n","protected":false},"featured_media":56943,"comment_status":"closed","ping_status":"open","template":"","meta":{"_acf_changed":false},"product_brand":[],"product_cat":[6167,6170,1088],"product_tag":[],"class_list":{"0":"post-56942","1":"product","2":"type-product","3":"status-publish","4":"has-post-thumbnail","6":"product_cat-akcesoria-do-dronow","7":"product_cat-dji-akcesoria-do-dronow","8":"product_cat-drony","9":"pa_okres-gwarancji-5757","10":"pa_producent-dji","12":"first","13":"outofstock","14":"taxable","15":"shipping-taxable","16":"purchasable","17":"product-type-simple"},"acf":[],"yoast_head":"<!-- This site is optimized with the Yoast SEO plugin v27.2 - https:\/\/yoast.com\/product\/yoast-seo-wordpress\/ -->\n<title>Zestaw filtr\u00f3w ND DJI do DJI Mavic 3 Pro ND8\/16\/32\/64 - IRONSKY.PL Sklep z Dronami<\/title>\n<meta name=\"description\" content=\"Zestaw filtr\u00f3w ND DJI do DJI Mavic 3 Pro ND8\/16\/32\/64 - \u2705 sklep z dronami i fachowym doradztwem. \u2705 Tutaj kupisz produkty DJI, Yuneec, Parrot, Syma i wiele innych, a tak\u017ce kursy i licencje na operatora drona.\" \/>\n<meta name=\"robots\" content=\"index, follow, max-snippet:-1, max-image-preview:large, max-video-preview:-1\" \/>\n<link rel=\"canonical\" href=\"https:\/\/ironsky.pl\/sklep\/produkt\/zestaw-filtrow-nd-dji-do-dji-mavic-3-pro-nd8-16-32-64\/\" \/>\n<meta property=\"og:locale\" content=\"pl_PL\" \/>\n<meta property=\"og:type\" content=\"article\" \/>\n<meta property=\"og:title\" content=\"Zestaw filtr\u00f3w ND DJI do DJI Mavic 3 Pro ND8\/16\/32\/64 - IRONSKY.PL Sklep z Dronami\" \/>\n<meta property=\"og:description\" content=\"Zestaw filtr\u00f3w ND DJI do DJI Mavic 3 Pro ND8\/16\/32\/64 - \u2705 sklep z dronami i fachowym doradztwem. \u2705 Tutaj kupisz produkty DJI, Yuneec, Parrot, Syma i wiele innych, a tak\u017ce kursy i licencje na operatora drona.\" \/>\n<meta property=\"og:url\" content=\"https:\/\/ironsky.pl\/sklep\/produkt\/zestaw-filtrow-nd-dji-do-dji-mavic-3-pro-nd8-16-32-64\/\" \/>\n<meta property=\"og:site_name\" content=\"IRONSKY.PL Sklep z Dronami\" \/>\n<meta property=\"article:modified_time\" content=\"2026-04-15T08:20:43+00:00\" \/>\n<meta property=\"og:image\" content=\"https:\/\/ironsky.pl\/sklep\/wp-content\/uploads\/2026\/04\/31490_1.jpg\" \/>\n\t<meta property=\"og:image:width\" content=\"800\" \/>\n\t<meta property=\"og:image:height\" content=\"800\" \/>\n\t<meta property=\"og:image:type\" content=\"image\/jpeg\" \/>\n<meta name=\"twitter:card\" content=\"summary_large_image\" \/>\n<meta name=\"twitter:label1\" content=\"Szacowany czas czytania\" \/>\n\t<meta name=\"twitter:data1\" content=\"1 minuta\" \/>\n<script type=\"application\/ld+json\" class=\"yoast-schema-graph\">{\"@context\":\"https:\/\/schema.org\",\"@graph\":[{\"@type\":\"WebPage\",\"@id\":\"https:\/\/ironsky.pl\/sklep\/produkt\/zestaw-filtrow-nd-dji-do-dji-mavic-3-pro-nd8-16-32-64\/\",\"url\":\"https:\/\/ironsky.pl\/sklep\/produkt\/zestaw-filtrow-nd-dji-do-dji-mavic-3-pro-nd8-16-32-64\/\",\"name\":\"Zestaw filtr\u00f3w ND DJI do DJI Mavic 3 Pro ND8\/16\/32\/64 - IRONSKY.PL Sklep z Dronami\",\"isPartOf\":{\"@id\":\"https:\/\/ironsky.pl\/sklep\/#website\"},\"primaryImageOfPage\":{\"@id\":\"https:\/\/ironsky.pl\/sklep\/produkt\/zestaw-filtrow-nd-dji-do-dji-mavic-3-pro-nd8-16-32-64\/#primaryimage\"},\"image\":{\"@id\":\"https:\/\/ironsky.pl\/sklep\/produkt\/zestaw-filtrow-nd-dji-do-dji-mavic-3-pro-nd8-16-32-64\/#primaryimage\"},\"thumbnailUrl\":\"https:\/\/ironsky.pl\/sklep\/wp-content\/uploads\/2026\/04\/31490_1.jpg\",\"datePublished\":\"2026-04-15T08:20:39+00:00\",\"dateModified\":\"2026-04-15T08:20:43+00:00\",\"description\":\"Zestaw filtr\u00f3w ND DJI do DJI Mavic 3 Pro ND8\/16\/32\/64 - \u2705 sklep z dronami i fachowym doradztwem. \u2705 Tutaj kupisz produkty DJI, Yuneec, Parrot, Syma i wiele innych, a tak\u017ce kursy i licencje na operatora drona.\",\"breadcrumb\":{\"@id\":\"https:\/\/ironsky.pl\/sklep\/produkt\/zestaw-filtrow-nd-dji-do-dji-mavic-3-pro-nd8-16-32-64\/#breadcrumb\"},\"inLanguage\":\"pl-PL\",\"potentialAction\":[{\"@type\":\"ReadAction\",\"target\":[\"https:\/\/ironsky.pl\/sklep\/produkt\/zestaw-filtrow-nd-dji-do-dji-mavic-3-pro-nd8-16-32-64\/\"]}]},{\"@type\":\"ImageObject\",\"inLanguage\":\"pl-PL\",\"@id\":\"https:\/\/ironsky.pl\/sklep\/produkt\/zestaw-filtrow-nd-dji-do-dji-mavic-3-pro-nd8-16-32-64\/#primaryimage\",\"url\":\"https:\/\/ironsky.pl\/sklep\/wp-content\/uploads\/2026\/04\/31490_1.jpg\",\"contentUrl\":\"https:\/\/ironsky.pl\/sklep\/wp-content\/uploads\/2026\/04\/31490_1.jpg\",\"width\":800,\"height\":800},{\"@type\":\"BreadcrumbList\",\"@id\":\"https:\/\/ironsky.pl\/sklep\/produkt\/zestaw-filtrow-nd-dji-do-dji-mavic-3-pro-nd8-16-32-64\/#breadcrumb\",\"itemListElement\":[{\"@type\":\"ListItem\",\"position\":1,\"name\":\"Strona g\u0142\u00f3wna\",\"item\":\"https:\/\/ironsky.pl\/sklep\/\"},{\"@type\":\"ListItem\",\"position\":2,\"name\":\"Wszystkie produkty\",\"item\":\"https:\/\/ironsky.pl\/sklep\/produkty\/\"},{\"@type\":\"ListItem\",\"position\":3,\"name\":\"Zestaw filtr\u00f3w ND DJI do DJI Mavic 3 Pro ND8\/16\/32\/64\"}]},{\"@type\":\"WebSite\",\"@id\":\"https:\/\/ironsky.pl\/sklep\/#website\",\"url\":\"https:\/\/ironsky.pl\/sklep\/\",\"name\":\"IRONSKY.PL Sklep z Dronami\",\"description\":\"IRONSKY.PL Sklep z Dronami\",\"potentialAction\":[{\"@type\":\"SearchAction\",\"target\":{\"@type\":\"EntryPoint\",\"urlTemplate\":\"https:\/\/ironsky.pl\/sklep\/?s={search_term_string}\"},\"query-input\":{\"@type\":\"PropertyValueSpecification\",\"valueRequired\":true,\"valueName\":\"search_term_string\"}}],\"inLanguage\":\"pl-PL\"}]}<\/script>\n<!-- \/ Yoast SEO plugin. -->","yoast_head_json":{"title":"Zestaw filtr\u00f3w ND DJI do DJI Mavic 3 Pro ND8\/16\/32\/64 - IRONSKY.PL Sklep z Dronami","description":"Zestaw filtr\u00f3w ND DJI do DJI Mavic 3 Pro ND8\/16\/32\/64 - \u2705 sklep z dronami i fachowym doradztwem. \u2705 Tutaj kupisz produkty DJI, Yuneec, Parrot, Syma i wiele innych, a tak\u017ce kursy i licencje na operatora drona.","robots":{"index":"index","follow":"follow","max-snippet":"max-snippet:-1","max-image-preview":"max-image-preview:large","max-video-preview":"max-video-preview:-1"},"canonical":"https:\/\/ironsky.pl\/sklep\/produkt\/zestaw-filtrow-nd-dji-do-dji-mavic-3-pro-nd8-16-32-64\/","og_locale":"pl_PL","og_type":"article","og_title":"Zestaw filtr\u00f3w ND DJI do DJI Mavic 3 Pro ND8\/16\/32\/64 - IRONSKY.PL Sklep z Dronami","og_description":"Zestaw filtr\u00f3w ND DJI do DJI Mavic 3 Pro ND8\/16\/32\/64 - \u2705 sklep z dronami i fachowym doradztwem. \u2705 Tutaj kupisz produkty DJI, Yuneec, Parrot, Syma i wiele innych, a tak\u017ce kursy i licencje na operatora drona.","og_url":"https:\/\/ironsky.pl\/sklep\/produkt\/zestaw-filtrow-nd-dji-do-dji-mavic-3-pro-nd8-16-32-64\/","og_site_name":"IRONSKY.PL Sklep z Dronami","article_modified_time":"2026-04-15T08:20:43+00:00","og_image":[{"width":800,"height":800,"url":"https:\/\/ironsky.pl\/sklep\/wp-content\/uploads\/2026\/04\/31490_1.jpg","type":"image\/jpeg"}],"twitter_card":"summary_large_image","twitter_misc":{"Szacowany czas czytania":"1 minuta"},"schema":{"@context":"https:\/\/schema.org","@graph":[{"@type":"WebPage","@id":"https:\/\/ironsky.pl\/sklep\/produkt\/zestaw-filtrow-nd-dji-do-dji-mavic-3-pro-nd8-16-32-64\/","url":"https:\/\/ironsky.pl\/sklep\/produkt\/zestaw-filtrow-nd-dji-do-dji-mavic-3-pro-nd8-16-32-64\/","name":"Zestaw filtr\u00f3w ND DJI do DJI Mavic 3 Pro ND8\/16\/32\/64 - IRONSKY.PL Sklep z Dronami","isPartOf":{"@id":"https:\/\/ironsky.pl\/sklep\/#website"},"primaryImageOfPage":{"@id":"https:\/\/ironsky.pl\/sklep\/produkt\/zestaw-filtrow-nd-dji-do-dji-mavic-3-pro-nd8-16-32-64\/#primaryimage"},"image":{"@id":"https:\/\/ironsky.pl\/sklep\/produkt\/zestaw-filtrow-nd-dji-do-dji-mavic-3-pro-nd8-16-32-64\/#primaryimage"},"thumbnailUrl":"https:\/\/ironsky.pl\/sklep\/wp-content\/uploads\/2026\/04\/31490_1.jpg","datePublished":"2026-04-15T08:20:39+00:00","dateModified":"2026-04-15T08:20:43+00:00","description":"Zestaw filtr\u00f3w ND DJI do DJI Mavic 3 Pro ND8\/16\/32\/64 - \u2705 sklep z dronami i fachowym doradztwem. \u2705 Tutaj kupisz produkty DJI, Yuneec, Parrot, Syma i wiele innych, a tak\u017ce kursy i licencje na operatora drona.","breadcrumb":{"@id":"https:\/\/ironsky.pl\/sklep\/produkt\/zestaw-filtrow-nd-dji-do-dji-mavic-3-pro-nd8-16-32-64\/#breadcrumb"},"inLanguage":"pl-PL","potentialAction":[{"@type":"ReadAction","target":["https:\/\/ironsky.pl\/sklep\/produkt\/zestaw-filtrow-nd-dji-do-dji-mavic-3-pro-nd8-16-32-64\/"]}]},{"@type":"ImageObject","inLanguage":"pl-PL","@id":"https:\/\/ironsky.pl\/sklep\/produkt\/zestaw-filtrow-nd-dji-do-dji-mavic-3-pro-nd8-16-32-64\/#primaryimage","url":"https:\/\/ironsky.pl\/sklep\/wp-content\/uploads\/2026\/04\/31490_1.jpg","contentUrl":"https:\/\/ironsky.pl\/sklep\/wp-content\/uploads\/2026\/04\/31490_1.jpg","width":800,"height":800},{"@type":"BreadcrumbList","@id":"https:\/\/ironsky.pl\/sklep\/produkt\/zestaw-filtrow-nd-dji-do-dji-mavic-3-pro-nd8-16-32-64\/#breadcrumb","itemListElement":[{"@type":"ListItem","position":1,"name":"Strona g\u0142\u00f3wna","item":"https:\/\/ironsky.pl\/sklep\/"},{"@type":"ListItem","position":2,"name":"Wszystkie produkty","item":"https:\/\/ironsky.pl\/sklep\/produkty\/"},{"@type":"ListItem","position":3,"name":"Zestaw filtr\u00f3w ND DJI do DJI Mavic 3 Pro ND8\/16\/32\/64"}]},{"@type":"WebSite","@id":"https:\/\/ironsky.pl\/sklep\/#website","url":"https:\/\/ironsky.pl\/sklep\/","name":"IRONSKY.PL Sklep z Dronami","description":"IRONSKY.PL Sklep z Dronami","potentialAction":[{"@type":"SearchAction","target":{"@type":"EntryPoint","urlTemplate":"https:\/\/ironsky.pl\/sklep\/?s={search_term_string}"},"query-input":{"@type":"PropertyValueSpecification","valueRequired":true,"valueName":"search_term_string"}}],"inLanguage":"pl-PL"}]}},"_links":{"self":[{"href":"https:\/\/ironsky.pl\/sklep\/wp-json\/wp\/v2\/product\/56942","targetHints":{"allow":["GET"]}}],"collection":[{"href":"https:\/\/ironsky.pl\/sklep\/wp-json\/wp\/v2\/product"}],"about":[{"href":"https:\/\/ironsky.pl\/sklep\/wp-json\/wp\/v2\/types\/product"}],"replies":[{"embeddable":true,"href":"https:\/\/ironsky.pl\/sklep\/wp-json\/wp\/v2\/comments?post=56942"}],"wp:featuredmedia":[{"embeddable":true,"href":"https:\/\/ironsky.pl\/sklep\/wp-json\/wp\/v2\/media\/56943"}],"wp:attachment":[{"href":"https:\/\/ironsky.pl\/sklep\/wp-json\/wp\/v2\/media?parent=56942"}],"wp:term":[{"taxonomy":"product_brand","embeddable":true,"href":"https:\/\/ironsky.pl\/sklep\/wp-json\/wp\/v2\/product_brand?post=56942"},{"taxonomy":"product_cat","embeddable":true,"href":"https:\/\/ironsky.pl\/sklep\/wp-json\/wp\/v2\/product_cat?post=56942"},{"taxonomy":"product_tag","embeddable":true,"href":"https:\/\/ironsky.pl\/sklep\/wp-json\/wp\/v2\/product_tag?post=56942"}],"curies":[{"name":"wp","href":"https:\/\/api.w.org\/{rel}","templated":true}]}}