{"id":56929,"date":"2026-04-15T10:20:13","date_gmt":"2026-04-15T08:20:13","guid":{"rendered":"https:\/\/ironsky.pl\/sklep\/produkt\/klamra-magnetyczna-dji-do-om-4-om-5-osmo-mobile-6-se\/"},"modified":"2026-04-15T10:20:34","modified_gmt":"2026-04-15T08:20:34","slug":"klamra-magnetyczna-dji-do-om-4-om-5-osmo-mobile-6-se","status":"publish","type":"product","link":"https:\/\/ironsky.pl\/sklep\/produkt\/klamra-magnetyczna-dji-do-om-4-om-5-osmo-mobile-6-se\/","title":{"rendered":"Klamra magnetyczna DJI do OM 4\/OM 5\/Osmo Mobile 6\/SE"},"content":{"rendered":"<h3>Magnetyczna klamra do smartfona DJI OM 4 \/ OM 5 \/ Osmo Mobile 6 \/ Osmo Mobile SE<\/h3>\n<p>Magnetyczna klamra DJI pozwoli Ci szybko zamontowa\u0107 telefon na gimbalu. Teraz w mgnieniu oka przygotujesz si\u0119 do nagrywania \u2013 nie obawiaj si\u0119, \u017ce stracisz okazj\u0119 do stworzenia niepowtarzalnego uj\u0119cia! Akcesorium jest wyj\u0105tkowo lekkie i kompaktowe \u2013 mo\u017cesz mie\u0107 je zawsze pod r\u0119k\u0105. Co wi\u0119cej, zosta\u0142o zaprojektowane w taki spos\u00f3b, aby nie zas\u0142ania\u0107 przycisk\u00f3w smartfona. Doskonale sprawdzi si\u0119 r\u00f3wnie\u017c w po\u0142\u0105czeniu z wi\u0119kszymi telefonami.<\/p>\n<p><img decoding=\"async\" src=\"https:\/\/b2b.innpro.pl\/data\/include\/cms\/12DJI\/Magnetyczna-klamra-smartfona-DJI-OM-4-OM-5-Osmo-Mobile-6-Osmo-Mobile-SE\/7.jpg\" alt=\"12DJI\/Magnetyczna-klamra-smartfona-DJI-OM-4-OM-5-Osmo-Mobile-6-Osmo-Mobile-SE\/7\"><\/p>\n<h3>W zestawie<\/h3>\n<ul>\n<li>Magnetyczna klamra do smartfona x1<\/li>\n<\/ul>\n<div class=\"table-wrapper\">\n<table>\n<tbody>\n<tr>\n<th>Producent<\/th>\n<td>DJI<\/td>\n<\/tr>\n<tr>\n<th>Nazwa<\/th>\n<td>DJI OM Magnetic Phone Clamp 3<\/td>\n<\/tr>\n<tr>\n<th>Model<\/th>\n<td>CP.OS.00000219.01<\/td>\n<\/tr>\n<tr>\n<th>Waga<\/th>\n<td>31 g<\/td>\n<\/tr>\n<tr>\n<th>Szeroko\u015b\u0107 kompatybilnych smartfon\u00f3w<\/th>\n<td>67-84 mm<\/td>\n<\/tr>\n<tr>\n<th>Grubo\u015b\u0107 kompatybilnych smartfon\u00f3w<\/th>\n<td>6,9-10 mm<\/td>\n<\/tr>\n<tr>\n<th>Waga kompatybilnych smartfon\u00f3w<\/th>\n<td>170-290 g<\/td>\n<\/tr>\n<tr>\n<th>Kompatybilno\u015b\u0107<\/th>\n<td>DJI OM 4, DJI OM 5, DJI Osmo Mobile 6, DJI Osmo Mobile SE<\/td>\n<\/tr>\n<\/tbody>\n<\/table>\n<\/div>\n","protected":false},"excerpt":{"rendered":"<p>Magnetyczna klamra do smartfona DJI OM 4 \/ OM 5 \/ Osmo Mobile 6 \/ Osmo Mobile SE Magnetyczna klamra<\/p>\n","protected":false},"featured_media":56930,"comment_status":"closed","ping_status":"open","template":"","meta":{"_acf_changed":false},"product_brand":[],"product_cat":[1130,6208,1128],"product_tag":[],"class_list":{"0":"post-56929","1":"product","2":"type-product","3":"status-publish","4":"has-post-thumbnail","6":"product_cat-akcesoria-foto","7":"product_cat-do-gimbali","8":"product_cat-foto-wideo","9":"pa_okres-gwarancji-5757","10":"pa_producent-dji","12":"first","13":"outofstock","14":"taxable","15":"shipping-taxable","16":"purchasable","17":"product-type-simple"},"acf":[],"yoast_head":"<!-- This site is optimized with the Yoast SEO plugin v27.2 - https:\/\/yoast.com\/product\/yoast-seo-wordpress\/ -->\n<title>Klamra magnetyczna DJI do OM 4\/OM 5\/Osmo Mobile 6\/SE - IRONSKY.PL Sklep z Dronami<\/title>\n<meta name=\"description\" content=\"Klamra magnetyczna DJI do OM 4\/OM 5\/Osmo Mobile 6\/SE - \u2705 sklep z dronami i fachowym doradztwem. \u2705 Tutaj kupisz produkty DJI, Yuneec, Parrot, Syma i wiele innych, a tak\u017ce kursy i licencje na operatora drona.\" \/>\n<meta name=\"robots\" content=\"index, follow, max-snippet:-1, max-image-preview:large, max-video-preview:-1\" \/>\n<link rel=\"canonical\" href=\"https:\/\/ironsky.pl\/sklep\/produkt\/klamra-magnetyczna-dji-do-om-4-om-5-osmo-mobile-6-se\/\" \/>\n<meta property=\"og:locale\" content=\"pl_PL\" \/>\n<meta property=\"og:type\" content=\"article\" \/>\n<meta property=\"og:title\" content=\"Klamra magnetyczna DJI do OM 4\/OM 5\/Osmo Mobile 6\/SE - IRONSKY.PL Sklep z Dronami\" \/>\n<meta property=\"og:description\" content=\"Klamra magnetyczna DJI do OM 4\/OM 5\/Osmo Mobile 6\/SE - \u2705 sklep z dronami i fachowym doradztwem. \u2705 Tutaj kupisz produkty DJI, Yuneec, Parrot, Syma i wiele innych, a tak\u017ce kursy i licencje na operatora drona.\" \/>\n<meta property=\"og:url\" content=\"https:\/\/ironsky.pl\/sklep\/produkt\/klamra-magnetyczna-dji-do-om-4-om-5-osmo-mobile-6-se\/\" \/>\n<meta property=\"og:site_name\" content=\"IRONSKY.PL Sklep z Dronami\" \/>\n<meta property=\"article:modified_time\" content=\"2026-04-15T08:20:34+00:00\" \/>\n<meta property=\"og:image\" content=\"https:\/\/ironsky.pl\/sklep\/wp-content\/uploads\/2026\/04\/31483_1.jpg\" \/>\n\t<meta property=\"og:image:width\" content=\"800\" \/>\n\t<meta property=\"og:image:height\" content=\"800\" \/>\n\t<meta property=\"og:image:type\" content=\"image\/jpeg\" \/>\n<meta name=\"twitter:card\" content=\"summary_large_image\" \/>\n<meta name=\"twitter:label1\" content=\"Szacowany czas czytania\" \/>\n\t<meta name=\"twitter:data1\" content=\"1 minuta\" \/>\n<script type=\"application\/ld+json\" class=\"yoast-schema-graph\">{\"@context\":\"https:\/\/schema.org\",\"@graph\":[{\"@type\":\"WebPage\",\"@id\":\"https:\/\/ironsky.pl\/sklep\/produkt\/klamra-magnetyczna-dji-do-om-4-om-5-osmo-mobile-6-se\/\",\"url\":\"https:\/\/ironsky.pl\/sklep\/produkt\/klamra-magnetyczna-dji-do-om-4-om-5-osmo-mobile-6-se\/\",\"name\":\"Klamra magnetyczna DJI do OM 4\/OM 5\/Osmo Mobile 6\/SE - IRONSKY.PL Sklep z Dronami\",\"isPartOf\":{\"@id\":\"https:\/\/ironsky.pl\/sklep\/#website\"},\"primaryImageOfPage\":{\"@id\":\"https:\/\/ironsky.pl\/sklep\/produkt\/klamra-magnetyczna-dji-do-om-4-om-5-osmo-mobile-6-se\/#primaryimage\"},\"image\":{\"@id\":\"https:\/\/ironsky.pl\/sklep\/produkt\/klamra-magnetyczna-dji-do-om-4-om-5-osmo-mobile-6-se\/#primaryimage\"},\"thumbnailUrl\":\"https:\/\/ironsky.pl\/sklep\/wp-content\/uploads\/2026\/04\/31483_1.jpg\",\"datePublished\":\"2026-04-15T08:20:13+00:00\",\"dateModified\":\"2026-04-15T08:20:34+00:00\",\"description\":\"Klamra magnetyczna DJI do OM 4\/OM 5\/Osmo Mobile 6\/SE - \u2705 sklep z dronami i fachowym doradztwem. \u2705 Tutaj kupisz produkty DJI, Yuneec, Parrot, Syma i wiele innych, a tak\u017ce kursy i licencje na operatora drona.\",\"breadcrumb\":{\"@id\":\"https:\/\/ironsky.pl\/sklep\/produkt\/klamra-magnetyczna-dji-do-om-4-om-5-osmo-mobile-6-se\/#breadcrumb\"},\"inLanguage\":\"pl-PL\",\"potentialAction\":[{\"@type\":\"ReadAction\",\"target\":[\"https:\/\/ironsky.pl\/sklep\/produkt\/klamra-magnetyczna-dji-do-om-4-om-5-osmo-mobile-6-se\/\"]}]},{\"@type\":\"ImageObject\",\"inLanguage\":\"pl-PL\",\"@id\":\"https:\/\/ironsky.pl\/sklep\/produkt\/klamra-magnetyczna-dji-do-om-4-om-5-osmo-mobile-6-se\/#primaryimage\",\"url\":\"https:\/\/ironsky.pl\/sklep\/wp-content\/uploads\/2026\/04\/31483_1.jpg\",\"contentUrl\":\"https:\/\/ironsky.pl\/sklep\/wp-content\/uploads\/2026\/04\/31483_1.jpg\",\"width\":800,\"height\":800},{\"@type\":\"BreadcrumbList\",\"@id\":\"https:\/\/ironsky.pl\/sklep\/produkt\/klamra-magnetyczna-dji-do-om-4-om-5-osmo-mobile-6-se\/#breadcrumb\",\"itemListElement\":[{\"@type\":\"ListItem\",\"position\":1,\"name\":\"Strona g\u0142\u00f3wna\",\"item\":\"https:\/\/ironsky.pl\/sklep\/\"},{\"@type\":\"ListItem\",\"position\":2,\"name\":\"Wszystkie produkty\",\"item\":\"https:\/\/ironsky.pl\/sklep\/produkty\/\"},{\"@type\":\"ListItem\",\"position\":3,\"name\":\"Klamra magnetyczna DJI do OM 4\/OM 5\/Osmo Mobile 6\/SE\"}]},{\"@type\":\"WebSite\",\"@id\":\"https:\/\/ironsky.pl\/sklep\/#website\",\"url\":\"https:\/\/ironsky.pl\/sklep\/\",\"name\":\"IRONSKY.PL Sklep z Dronami\",\"description\":\"IRONSKY.PL Sklep z Dronami\",\"potentialAction\":[{\"@type\":\"SearchAction\",\"target\":{\"@type\":\"EntryPoint\",\"urlTemplate\":\"https:\/\/ironsky.pl\/sklep\/?s={search_term_string}\"},\"query-input\":{\"@type\":\"PropertyValueSpecification\",\"valueRequired\":true,\"valueName\":\"search_term_string\"}}],\"inLanguage\":\"pl-PL\"}]}<\/script>\n<!-- \/ Yoast SEO plugin. -->","yoast_head_json":{"title":"Klamra magnetyczna DJI do OM 4\/OM 5\/Osmo Mobile 6\/SE - IRONSKY.PL Sklep z Dronami","description":"Klamra magnetyczna DJI do OM 4\/OM 5\/Osmo Mobile 6\/SE - \u2705 sklep z dronami i fachowym doradztwem. \u2705 Tutaj kupisz produkty DJI, Yuneec, Parrot, Syma i wiele innych, a tak\u017ce kursy i licencje na operatora drona.","robots":{"index":"index","follow":"follow","max-snippet":"max-snippet:-1","max-image-preview":"max-image-preview:large","max-video-preview":"max-video-preview:-1"},"canonical":"https:\/\/ironsky.pl\/sklep\/produkt\/klamra-magnetyczna-dji-do-om-4-om-5-osmo-mobile-6-se\/","og_locale":"pl_PL","og_type":"article","og_title":"Klamra magnetyczna DJI do OM 4\/OM 5\/Osmo Mobile 6\/SE - IRONSKY.PL Sklep z Dronami","og_description":"Klamra magnetyczna DJI do OM 4\/OM 5\/Osmo Mobile 6\/SE - \u2705 sklep z dronami i fachowym doradztwem. \u2705 Tutaj kupisz produkty DJI, Yuneec, Parrot, Syma i wiele innych, a tak\u017ce kursy i licencje na operatora drona.","og_url":"https:\/\/ironsky.pl\/sklep\/produkt\/klamra-magnetyczna-dji-do-om-4-om-5-osmo-mobile-6-se\/","og_site_name":"IRONSKY.PL Sklep z Dronami","article_modified_time":"2026-04-15T08:20:34+00:00","og_image":[{"width":800,"height":800,"url":"https:\/\/ironsky.pl\/sklep\/wp-content\/uploads\/2026\/04\/31483_1.jpg","type":"image\/jpeg"}],"twitter_card":"summary_large_image","twitter_misc":{"Szacowany czas czytania":"1 minuta"},"schema":{"@context":"https:\/\/schema.org","@graph":[{"@type":"WebPage","@id":"https:\/\/ironsky.pl\/sklep\/produkt\/klamra-magnetyczna-dji-do-om-4-om-5-osmo-mobile-6-se\/","url":"https:\/\/ironsky.pl\/sklep\/produkt\/klamra-magnetyczna-dji-do-om-4-om-5-osmo-mobile-6-se\/","name":"Klamra magnetyczna DJI do OM 4\/OM 5\/Osmo Mobile 6\/SE - IRONSKY.PL Sklep z Dronami","isPartOf":{"@id":"https:\/\/ironsky.pl\/sklep\/#website"},"primaryImageOfPage":{"@id":"https:\/\/ironsky.pl\/sklep\/produkt\/klamra-magnetyczna-dji-do-om-4-om-5-osmo-mobile-6-se\/#primaryimage"},"image":{"@id":"https:\/\/ironsky.pl\/sklep\/produkt\/klamra-magnetyczna-dji-do-om-4-om-5-osmo-mobile-6-se\/#primaryimage"},"thumbnailUrl":"https:\/\/ironsky.pl\/sklep\/wp-content\/uploads\/2026\/04\/31483_1.jpg","datePublished":"2026-04-15T08:20:13+00:00","dateModified":"2026-04-15T08:20:34+00:00","description":"Klamra magnetyczna DJI do OM 4\/OM 5\/Osmo Mobile 6\/SE - \u2705 sklep z dronami i fachowym doradztwem. \u2705 Tutaj kupisz produkty DJI, Yuneec, Parrot, Syma i wiele innych, a tak\u017ce kursy i licencje na operatora drona.","breadcrumb":{"@id":"https:\/\/ironsky.pl\/sklep\/produkt\/klamra-magnetyczna-dji-do-om-4-om-5-osmo-mobile-6-se\/#breadcrumb"},"inLanguage":"pl-PL","potentialAction":[{"@type":"ReadAction","target":["https:\/\/ironsky.pl\/sklep\/produkt\/klamra-magnetyczna-dji-do-om-4-om-5-osmo-mobile-6-se\/"]}]},{"@type":"ImageObject","inLanguage":"pl-PL","@id":"https:\/\/ironsky.pl\/sklep\/produkt\/klamra-magnetyczna-dji-do-om-4-om-5-osmo-mobile-6-se\/#primaryimage","url":"https:\/\/ironsky.pl\/sklep\/wp-content\/uploads\/2026\/04\/31483_1.jpg","contentUrl":"https:\/\/ironsky.pl\/sklep\/wp-content\/uploads\/2026\/04\/31483_1.jpg","width":800,"height":800},{"@type":"BreadcrumbList","@id":"https:\/\/ironsky.pl\/sklep\/produkt\/klamra-magnetyczna-dji-do-om-4-om-5-osmo-mobile-6-se\/#breadcrumb","itemListElement":[{"@type":"ListItem","position":1,"name":"Strona g\u0142\u00f3wna","item":"https:\/\/ironsky.pl\/sklep\/"},{"@type":"ListItem","position":2,"name":"Wszystkie produkty","item":"https:\/\/ironsky.pl\/sklep\/produkty\/"},{"@type":"ListItem","position":3,"name":"Klamra magnetyczna DJI do OM 4\/OM 5\/Osmo Mobile 6\/SE"}]},{"@type":"WebSite","@id":"https:\/\/ironsky.pl\/sklep\/#website","url":"https:\/\/ironsky.pl\/sklep\/","name":"IRONSKY.PL Sklep z Dronami","description":"IRONSKY.PL Sklep z Dronami","potentialAction":[{"@type":"SearchAction","target":{"@type":"EntryPoint","urlTemplate":"https:\/\/ironsky.pl\/sklep\/?s={search_term_string}"},"query-input":{"@type":"PropertyValueSpecification","valueRequired":true,"valueName":"search_term_string"}}],"inLanguage":"pl-PL"}]}},"_links":{"self":[{"href":"https:\/\/ironsky.pl\/sklep\/wp-json\/wp\/v2\/product\/56929","targetHints":{"allow":["GET"]}}],"collection":[{"href":"https:\/\/ironsky.pl\/sklep\/wp-json\/wp\/v2\/product"}],"about":[{"href":"https:\/\/ironsky.pl\/sklep\/wp-json\/wp\/v2\/types\/product"}],"replies":[{"embeddable":true,"href":"https:\/\/ironsky.pl\/sklep\/wp-json\/wp\/v2\/comments?post=56929"}],"wp:featuredmedia":[{"embeddable":true,"href":"https:\/\/ironsky.pl\/sklep\/wp-json\/wp\/v2\/media\/56930"}],"wp:attachment":[{"href":"https:\/\/ironsky.pl\/sklep\/wp-json\/wp\/v2\/media?parent=56929"}],"wp:term":[{"taxonomy":"product_brand","embeddable":true,"href":"https:\/\/ironsky.pl\/sklep\/wp-json\/wp\/v2\/product_brand?post=56929"},{"taxonomy":"product_cat","embeddable":true,"href":"https:\/\/ironsky.pl\/sklep\/wp-json\/wp\/v2\/product_cat?post=56929"},{"taxonomy":"product_tag","embeddable":true,"href":"https:\/\/ironsky.pl\/sklep\/wp-json\/wp\/v2\/product_tag?post=56929"}],"curies":[{"name":"wp","href":"https:\/\/api.w.org\/{rel}","templated":true}]}}