{"id":56915,"date":"2026-04-15T10:20:13","date_gmt":"2026-04-15T08:20:13","guid":{"rendered":"https:\/\/ironsky.pl\/sklep\/produkt\/rzutnik-projektor-led-blitzwolf-bw-v4-1080p-wi-fi-bluetooth-czarny-2\/"},"modified":"2026-04-15T10:20:26","modified_gmt":"2026-04-15T08:20:26","slug":"rzutnik-projektor-led-blitzwolf-bw-v4-1080p-wi-fi-bluetooth-czarny-2","status":"publish","type":"product","link":"https:\/\/ironsky.pl\/sklep\/produkt\/rzutnik-projektor-led-blitzwolf-bw-v4-1080p-wi-fi-bluetooth-czarny-2\/","title":{"rendered":"Rzutnik \/ Projektor LED BlitzWolf BW-V4 1080p, Wi-Fi + Bluetooth (czarny)"},"content":{"rendered":"<h3>Rzutnik \/ Projektor BlitzWolf BW-V4 1080p, Wi-Fi + Bluetooth (czarny)<\/h3>\n<p>Je\u015bli szukasz rzutnika, kt\u00f3ry zapewni Ci nie tylko doskona\u0142\u0105 jako\u015b\u0107 obrazu i d\u017awi\u0119ku, ale r\u00f3wnie\u017c swobod\u0119 w ogl\u0105daniu r\u00f3\u017cnorodnych tre\u015bci, propozycja BlitzWolf z pewno\u015bci\u0105 spe\u0142ni Twoje oczekiwania. BW-V4 wyr\u00f3\u017cnia si\u0119 rozdzielczo\u015bci\u0105 1080p i oferuje automatyczn\u0105 korekcj\u0119 trapezu oraz autofocus. Wbudowany g\u0142o\u015bnik o mocy 5 W zapewnia krystalicznie czysty d\u017awi\u0119k. Urz\u0105dzenie obs\u0142uguje technologi\u0119 Dual Bluetooth 5.0, \u0142\u0105cze WiFi 2.4G\/5G i zapewnia obraz o przek\u0105tnej 300\u201d.<\/p>\n<p><img decoding=\"async\" src=\"https:\/\/b2b.innpro.pl\/data\/include\/cms\/BlitzWolf\/BW-V4\/5.jpg\" border=\"0\" alt=\"BlitzWolf\/BW-V4\/5\" \/><\/p>\n<h3>Obraz, kt\u00f3ry zachwyca<\/h3>\n<p>Model BW-V4 oferuje rozdzielczo\u015b\u0107 Full HD 1920 x 1080p, co r\u00f3wnoznaczne jest z tym, \u017ce obraz jest bardzo szczeg\u00f3\u0142owy i wyra\u017any. Urz\u0105dzenie obs\u0142uguje r\u00f3wnie\u017c 16,7 milion\u00f3w kolor\u00f3w, dzi\u0119ki czemu wy\u015bwietlane obrazy s\u0105 bardzo realistyczne i w pe\u0142ni odwzorowuj\u0105 gam\u0119 barw. W efekcie rzutnik BlitzWolf jest idealnym rozwi\u0105zaniem nie tylko do u\u017cytku domowego, ale tak\u017ce do prezentacji biznesowych czy konferencji. Ponadto wbudowany g\u0142o\u015bnik o mocy 5 W pozwala na odtwarzanie d\u017awi\u0119ku bez konieczno\u015bci pod\u0142\u0105czania dodatkowego sprz\u0119tu audio.<\/p>\n<p><img decoding=\"async\" src=\"https:\/\/b2b.innpro.pl\/data\/include\/cms\/BlitzWolf\/BW-V4\/2.jpg\" border=\"0\" alt=\"BlitzWolf\/BW-V4\/2\" \/><\/p>\n<h3>Doskona\u0142y na ka\u017cd\u0105 okazj\u0119<\/h3>\n<p>Przemie\u0144 dowolne miejsce w sal\u0119 kinow\u0105. Za pomoc\u0105 projektora BW-V4 mo\u017cesz wy\u015bwietla\u0107 obraz o przek\u0105tnej od 50 do 300\u201d z odleg\u0142o\u015bci od 1.5 do 6 metra. Dzi\u0119ki temu urz\u0105dzenie doskonale sprawdzi si\u0119 zar\u00f3wno w ma\u0142ych, jak i du\u017cych pomieszczeniach. Na uwag\u0119 zas\u0142uguje te\u017c funkcja automatycznej korekcji trapezu, kt\u00f3ra umo\u017cliwia szybkie skorygowanie b\u0142\u0119d\u00f3w wynikaj\u0105cych z niew\u0142a\u015bciwego ustawienia rzutnika.<\/p>\n<p><img decoding=\"async\" src=\"https:\/\/b2b.innpro.pl\/data\/include\/cms\/BlitzWolf\/BW-V4\/3.jpg\" border=\"0\" alt=\"BlitzWolf\/BW-V4\/3\" \/><\/p>\n<h3>Kompatybilny z wieloma urz\u0105dzeniami<\/h3>\n<p>Projektor BlitzWolf posiada szereg port\u00f3w, dzi\u0119ki kt\u00f3rym jest kompatybilny z wi\u0119kszo\u015bci\u0105 urz\u0105dze\u0144. Wej\u015bcie AV pozwala na pod\u0142\u0105czenie urz\u0105dze\u0144 wideo, takich jak odtwarzacze DVD, magnetowidy czy kamery wideo. Gniazdo s\u0142uchawkowe umo\u017cliwia pod\u0142\u0105czenie s\u0142uchawek lub g\u0142o\u015bnik\u00f3w zewn\u0119trznych. Urz\u0105dzenie posiada r\u00f3wnie\u017c dwa porty HDMI, dzi\u0119ki kt\u00f3rym z powodzeniem pod\u0142\u0105czysz laptopy czy konsole do gier. BW-V4 jest r\u00f3wnie\u017c wyposa\u017cony w port USB i wej\u015bcie AC.<\/p>\n<p><img decoding=\"async\" src=\"https:\/\/b2b.innpro.pl\/data\/include\/cms\/BlitzWolf\/BW-V4\/6.jpg\" border=\"0\" alt=\"BlitzWolf\/BW-V4\/6\" \/><\/p>\n<h3>Niezawodna praca<\/h3>\n<p>Zapomnij o problemach z po\u0142\u0105czeniem! Projektor BW-V4 obs\u0142uguje \u0142\u0105cze WiFi 2.4G\/5G, zapewniaj\u0105c niezawodn\u0105 i stabiln\u0105 transmisj\u0119. Co wi\u0119cej, technologia Dual Bluetooth 5.0 umo\u017cliwia po\u0142\u0105czenie rzutnika z 2 urz\u0105dzeniami jednocze\u015bnie.<\/p>\n<p><img decoding=\"async\" src=\"https:\/\/b2b.innpro.pl\/data\/include\/cms\/BlitzWolf\/BW-V4\/4.jpg\" border=\"0\" alt=\"BlitzWolf\/BW-V4\/4\" \/><\/p>\n<h3>Pilot w zestawie<\/h3>\n<p>Do zestawu do\u0142\u0105czono pilot zdalnego sterowania, kt\u00f3ry umo\u017cliwia wygodne i intuicyjne zarz\u0105dzanie prac\u0105 rzutnika z odleg\u0142o\u015bci. Pilot posiada przyciski korekcji geometrii obrazu oraz ustawiania ostro\u015bci, co pozwala na szybkie dostosowanie obrazu do aktualnych potrzeb.<\/p>\n<p><img decoding=\"async\" src=\"https:\/\/b2b.innpro.pl\/data\/include\/cms\/BlitzWolf\/BW-V4\/1.jpg\" border=\"0\" alt=\"BlitzWolf\/BW-V4\/1\" \/><\/p>\n<h3>W zestawie:<\/h3>\n<ul>\n<li>Rzutnik<\/li>\n<li>Pilot zdalnego sterowania<\/li>\n<li>Przew\u00f3d zasilaj\u0105cy<\/li>\n<li>Kabel HDMI<\/li>\n<li>Kabel AV<\/li>\n<li>\u015aciereczka do obiektywu<\/li>\n<li>Instrukcja obs\u0142ugi<\/li>\n<\/ul>\n<div class=\"table-wrapper\">\n<table>\n<tbody>\n<tr>\n<th>Producent<\/th>\n<td>BlitzWolf<\/td>\n<\/tr>\n<tr>\n<th>Model<\/th>\n<td>BW-V4<\/td>\n<\/tr>\n<tr>\n<th>Rozdzielczo\u015b\u0107 natywna<\/th>\n<td>1920*1080<\/td>\n<\/tr>\n<tr>\n<th>Wsp\u00f3\u0142czynnik proporcji<\/th>\n<td>4:3 \/ 16:9<\/td>\n<\/tr>\n<tr>\n<th>Temperatura barwowa bieli<\/th>\n<td>8000K<\/td>\n<\/tr>\n<tr>\n<th>Ha\u0142as pracy<\/th>\n<td>44DB<\/td>\n<\/tr>\n<tr>\n<th>Kontrast FOFO<\/th>\n<td>1000: 1<\/td>\n<\/tr>\n<tr>\n<th>Wsp\u00f3\u0142czynnik rzutu<\/th>\n<td>1.35<\/td>\n<\/tr>\n<tr>\n<th>Obszar projekcji<\/th>\n<td>50&#8243; &#8211; 300&#8243;<\/td>\n<\/tr>\n<tr>\n<th>Odleg\u0142o\u015b\u0107 projekcji<\/th>\n<td>1.5 &#8211; 6 m<\/td>\n<\/tr>\n<tr>\n<th>Spos\u00f3b ustawiania ostro\u015bci<\/th>\n<td>Auto Focus<\/td>\n<\/tr>\n<tr>\n<th>Interfejsy<\/th>\n<td>G\u0142\u00f3wny interfejs AV\/wej\u015bcie s\u0142uchawkowe\/HDMI\/USB<\/td>\n<\/tr>\n<tr>\n<th>Pilot<\/th>\n<td>Na podczerwie\u0144<\/td>\n<\/tr>\n<tr>\n<th>Luminancja \u017car\u00f3wki<\/th>\n<td>10000 LM<\/td>\n<\/tr>\n<tr>\n<th>\u017bywotno\u015b\u0107 lampy<\/th>\n<td>50 000 godzin<\/td>\n<\/tr>\n<tr>\n<th>Wi-Fi<\/th>\n<td>2.4G\/5G<\/td>\n<\/tr>\n<tr>\n<th>Bluetooth<\/th>\n<td>5.0<\/td>\n<\/tr>\n<tr>\n<th>G\u0142o\u015bnik<\/th>\n<td>5W x1<\/td>\n<\/tr>\n<tr>\n<th>Obs\u0142uga formatu wideo<\/th>\n<td>MPEG1\/MPEG2\/MPEG4\/H.263\/H.264\/AVS\/VC1\/MJPEG\/RV30\/RV40\/HEVC<\/td>\n<\/tr>\n<tr>\n<th>Obs\u0142uga formatu audio<\/th>\n<td>MPEG1\/MPEG2\/LPCM\/MP3\/WMA2\/AAC\/WAV<\/td>\n<\/tr>\n<tr>\n<th>Obs\u0142uga formatu obrazu<\/th>\n<td>JPEG\/PNG\/BMP<\/td>\n<\/tr>\n<tr>\n<th>Pob\u00f3r mocy<\/th>\n<td>90W\u00b15W<\/td>\n<\/tr>\n<tr>\n<th>Pob\u00f3r mocy w trybie czuwania<\/th>\n<td>1W<\/td>\n<\/tr>\n<tr>\n<th>Napi\u0119cie wej\u015bciowe<\/th>\n<td>AC 100-240V~50\/60Hz, 2.1A (maks.)<\/td>\n<\/tr>\n<\/tbody>\n<\/table>\n<\/div>\n","protected":false},"excerpt":{"rendered":"<p>Rzutnik \/ Projektor BlitzWolf BW-V4 1080p, Wi-Fi + Bluetooth (czarny) Je\u015bli szukasz rzutnika, kt\u00f3ry zapewni Ci nie tylko doskona\u0142\u0105 jako\u015b\u0107<\/p>\n","protected":false},"featured_media":42723,"comment_status":"closed","ping_status":"open","template":"","meta":{"_acf_changed":false},"product_brand":[],"product_cat":[5929,5954,5953],"product_tag":[],"class_list":{"0":"post-56915","1":"product","2":"type-product","3":"status-publish","4":"has-post-thumbnail","6":"product_cat-akcesoria-it","7":"product_cat-projektory","8":"product_cat-projekcja","9":"pa_okres-gwarancji-5768","10":"pa_producent-blitzwolf","12":"first","13":"outofstock","14":"taxable","15":"shipping-taxable","16":"purchasable","17":"product-type-simple"},"acf":[],"yoast_head":"<!-- This site is optimized with the Yoast SEO plugin v27.2 - https:\/\/yoast.com\/product\/yoast-seo-wordpress\/ -->\n<title>Rzutnik \/ Projektor LED BlitzWolf BW-V4 1080p, Wi-Fi + Bluetooth (czarny) - IRONSKY.PL Sklep z Dronami<\/title>\n<meta name=\"description\" content=\"Rzutnik \/ Projektor LED BlitzWolf BW-V4 1080p, Wi-Fi + Bluetooth (czarny) - \u2705 sklep z dronami i fachowym doradztwem. \u2705 Tutaj kupisz produkty DJI, Yuneec, Parrot, Syma i wiele innych, a tak\u017ce kursy i licencje na operatora drona.\" \/>\n<meta name=\"robots\" content=\"index, follow, max-snippet:-1, max-image-preview:large, max-video-preview:-1\" \/>\n<link rel=\"canonical\" href=\"https:\/\/ironsky.pl\/sklep\/produkt\/rzutnik-projektor-led-blitzwolf-bw-v4-1080p-wi-fi-bluetooth-czarny-2\/\" \/>\n<meta property=\"og:locale\" content=\"pl_PL\" \/>\n<meta property=\"og:type\" content=\"article\" \/>\n<meta property=\"og:title\" content=\"Rzutnik \/ Projektor LED BlitzWolf BW-V4 1080p, Wi-Fi + Bluetooth (czarny) - IRONSKY.PL Sklep z Dronami\" \/>\n<meta property=\"og:description\" content=\"Rzutnik \/ Projektor LED BlitzWolf BW-V4 1080p, Wi-Fi + Bluetooth (czarny) - \u2705 sklep z dronami i fachowym doradztwem. \u2705 Tutaj kupisz produkty DJI, Yuneec, Parrot, Syma i wiele innych, a tak\u017ce kursy i licencje na operatora drona.\" \/>\n<meta property=\"og:url\" content=\"https:\/\/ironsky.pl\/sklep\/produkt\/rzutnik-projektor-led-blitzwolf-bw-v4-1080p-wi-fi-bluetooth-czarny-2\/\" \/>\n<meta property=\"og:site_name\" content=\"IRONSKY.PL Sklep z Dronami\" \/>\n<meta property=\"article:modified_time\" content=\"2026-04-15T08:20:26+00:00\" \/>\n<meta property=\"og:image\" content=\"https:\/\/ironsky.pl\/sklep\/wp-content\/uploads\/2025\/06\/31433_2.jpg\" \/>\n\t<meta property=\"og:image:width\" content=\"800\" \/>\n\t<meta property=\"og:image:height\" content=\"800\" \/>\n\t<meta property=\"og:image:type\" content=\"image\/jpeg\" \/>\n<meta name=\"twitter:card\" content=\"summary_large_image\" \/>\n<meta name=\"twitter:label1\" content=\"Szacowany czas czytania\" \/>\n\t<meta name=\"twitter:data1\" content=\"3 minuty\" \/>\n<script type=\"application\/ld+json\" class=\"yoast-schema-graph\">{\"@context\":\"https:\/\/schema.org\",\"@graph\":[{\"@type\":\"WebPage\",\"@id\":\"https:\/\/ironsky.pl\/sklep\/produkt\/rzutnik-projektor-led-blitzwolf-bw-v4-1080p-wi-fi-bluetooth-czarny-2\/\",\"url\":\"https:\/\/ironsky.pl\/sklep\/produkt\/rzutnik-projektor-led-blitzwolf-bw-v4-1080p-wi-fi-bluetooth-czarny-2\/\",\"name\":\"Rzutnik \/ Projektor LED BlitzWolf BW-V4 1080p, Wi-Fi + Bluetooth (czarny) - IRONSKY.PL Sklep z Dronami\",\"isPartOf\":{\"@id\":\"https:\/\/ironsky.pl\/sklep\/#website\"},\"primaryImageOfPage\":{\"@id\":\"https:\/\/ironsky.pl\/sklep\/produkt\/rzutnik-projektor-led-blitzwolf-bw-v4-1080p-wi-fi-bluetooth-czarny-2\/#primaryimage\"},\"image\":{\"@id\":\"https:\/\/ironsky.pl\/sklep\/produkt\/rzutnik-projektor-led-blitzwolf-bw-v4-1080p-wi-fi-bluetooth-czarny-2\/#primaryimage\"},\"thumbnailUrl\":\"https:\/\/ironsky.pl\/sklep\/wp-content\/uploads\/2025\/06\/31433_2.jpg\",\"datePublished\":\"2026-04-15T08:20:13+00:00\",\"dateModified\":\"2026-04-15T08:20:26+00:00\",\"description\":\"Rzutnik \/ Projektor LED BlitzWolf BW-V4 1080p, Wi-Fi + Bluetooth (czarny) - \u2705 sklep z dronami i fachowym doradztwem. \u2705 Tutaj kupisz produkty DJI, Yuneec, Parrot, Syma i wiele innych, a tak\u017ce kursy i licencje na operatora drona.\",\"breadcrumb\":{\"@id\":\"https:\/\/ironsky.pl\/sklep\/produkt\/rzutnik-projektor-led-blitzwolf-bw-v4-1080p-wi-fi-bluetooth-czarny-2\/#breadcrumb\"},\"inLanguage\":\"pl-PL\",\"potentialAction\":[{\"@type\":\"ReadAction\",\"target\":[\"https:\/\/ironsky.pl\/sklep\/produkt\/rzutnik-projektor-led-blitzwolf-bw-v4-1080p-wi-fi-bluetooth-czarny-2\/\"]}]},{\"@type\":\"ImageObject\",\"inLanguage\":\"pl-PL\",\"@id\":\"https:\/\/ironsky.pl\/sklep\/produkt\/rzutnik-projektor-led-blitzwolf-bw-v4-1080p-wi-fi-bluetooth-czarny-2\/#primaryimage\",\"url\":\"https:\/\/ironsky.pl\/sklep\/wp-content\/uploads\/2025\/06\/31433_2.jpg\",\"contentUrl\":\"https:\/\/ironsky.pl\/sklep\/wp-content\/uploads\/2025\/06\/31433_2.jpg\",\"width\":800,\"height\":800},{\"@type\":\"BreadcrumbList\",\"@id\":\"https:\/\/ironsky.pl\/sklep\/produkt\/rzutnik-projektor-led-blitzwolf-bw-v4-1080p-wi-fi-bluetooth-czarny-2\/#breadcrumb\",\"itemListElement\":[{\"@type\":\"ListItem\",\"position\":1,\"name\":\"Strona g\u0142\u00f3wna\",\"item\":\"https:\/\/ironsky.pl\/sklep\/\"},{\"@type\":\"ListItem\",\"position\":2,\"name\":\"Wszystkie produkty\",\"item\":\"https:\/\/ironsky.pl\/sklep\/produkty\/\"},{\"@type\":\"ListItem\",\"position\":3,\"name\":\"Rzutnik \/ Projektor LED BlitzWolf BW-V4 1080p, Wi-Fi + Bluetooth (czarny)\"}]},{\"@type\":\"WebSite\",\"@id\":\"https:\/\/ironsky.pl\/sklep\/#website\",\"url\":\"https:\/\/ironsky.pl\/sklep\/\",\"name\":\"IRONSKY.PL Sklep z Dronami\",\"description\":\"IRONSKY.PL Sklep z Dronami\",\"potentialAction\":[{\"@type\":\"SearchAction\",\"target\":{\"@type\":\"EntryPoint\",\"urlTemplate\":\"https:\/\/ironsky.pl\/sklep\/?s={search_term_string}\"},\"query-input\":{\"@type\":\"PropertyValueSpecification\",\"valueRequired\":true,\"valueName\":\"search_term_string\"}}],\"inLanguage\":\"pl-PL\"}]}<\/script>\n<!-- \/ Yoast SEO plugin. -->","yoast_head_json":{"title":"Rzutnik \/ Projektor LED BlitzWolf BW-V4 1080p, Wi-Fi + Bluetooth (czarny) - IRONSKY.PL Sklep z Dronami","description":"Rzutnik \/ Projektor LED BlitzWolf BW-V4 1080p, Wi-Fi + Bluetooth (czarny) - \u2705 sklep z dronami i fachowym doradztwem. \u2705 Tutaj kupisz produkty DJI, Yuneec, Parrot, Syma i wiele innych, a tak\u017ce kursy i licencje na operatora drona.","robots":{"index":"index","follow":"follow","max-snippet":"max-snippet:-1","max-image-preview":"max-image-preview:large","max-video-preview":"max-video-preview:-1"},"canonical":"https:\/\/ironsky.pl\/sklep\/produkt\/rzutnik-projektor-led-blitzwolf-bw-v4-1080p-wi-fi-bluetooth-czarny-2\/","og_locale":"pl_PL","og_type":"article","og_title":"Rzutnik \/ Projektor LED BlitzWolf BW-V4 1080p, Wi-Fi + Bluetooth (czarny) - IRONSKY.PL Sklep z Dronami","og_description":"Rzutnik \/ Projektor LED BlitzWolf BW-V4 1080p, Wi-Fi + Bluetooth (czarny) - \u2705 sklep z dronami i fachowym doradztwem. \u2705 Tutaj kupisz produkty DJI, Yuneec, Parrot, Syma i wiele innych, a tak\u017ce kursy i licencje na operatora drona.","og_url":"https:\/\/ironsky.pl\/sklep\/produkt\/rzutnik-projektor-led-blitzwolf-bw-v4-1080p-wi-fi-bluetooth-czarny-2\/","og_site_name":"IRONSKY.PL Sklep z Dronami","article_modified_time":"2026-04-15T08:20:26+00:00","og_image":[{"width":800,"height":800,"url":"https:\/\/ironsky.pl\/sklep\/wp-content\/uploads\/2025\/06\/31433_2.jpg","type":"image\/jpeg"}],"twitter_card":"summary_large_image","twitter_misc":{"Szacowany czas czytania":"3 minuty"},"schema":{"@context":"https:\/\/schema.org","@graph":[{"@type":"WebPage","@id":"https:\/\/ironsky.pl\/sklep\/produkt\/rzutnik-projektor-led-blitzwolf-bw-v4-1080p-wi-fi-bluetooth-czarny-2\/","url":"https:\/\/ironsky.pl\/sklep\/produkt\/rzutnik-projektor-led-blitzwolf-bw-v4-1080p-wi-fi-bluetooth-czarny-2\/","name":"Rzutnik \/ Projektor LED BlitzWolf BW-V4 1080p, Wi-Fi + Bluetooth (czarny) - IRONSKY.PL Sklep z Dronami","isPartOf":{"@id":"https:\/\/ironsky.pl\/sklep\/#website"},"primaryImageOfPage":{"@id":"https:\/\/ironsky.pl\/sklep\/produkt\/rzutnik-projektor-led-blitzwolf-bw-v4-1080p-wi-fi-bluetooth-czarny-2\/#primaryimage"},"image":{"@id":"https:\/\/ironsky.pl\/sklep\/produkt\/rzutnik-projektor-led-blitzwolf-bw-v4-1080p-wi-fi-bluetooth-czarny-2\/#primaryimage"},"thumbnailUrl":"https:\/\/ironsky.pl\/sklep\/wp-content\/uploads\/2025\/06\/31433_2.jpg","datePublished":"2026-04-15T08:20:13+00:00","dateModified":"2026-04-15T08:20:26+00:00","description":"Rzutnik \/ Projektor LED BlitzWolf BW-V4 1080p, Wi-Fi + Bluetooth (czarny) - \u2705 sklep z dronami i fachowym doradztwem. \u2705 Tutaj kupisz produkty DJI, Yuneec, Parrot, Syma i wiele innych, a tak\u017ce kursy i licencje na operatora drona.","breadcrumb":{"@id":"https:\/\/ironsky.pl\/sklep\/produkt\/rzutnik-projektor-led-blitzwolf-bw-v4-1080p-wi-fi-bluetooth-czarny-2\/#breadcrumb"},"inLanguage":"pl-PL","potentialAction":[{"@type":"ReadAction","target":["https:\/\/ironsky.pl\/sklep\/produkt\/rzutnik-projektor-led-blitzwolf-bw-v4-1080p-wi-fi-bluetooth-czarny-2\/"]}]},{"@type":"ImageObject","inLanguage":"pl-PL","@id":"https:\/\/ironsky.pl\/sklep\/produkt\/rzutnik-projektor-led-blitzwolf-bw-v4-1080p-wi-fi-bluetooth-czarny-2\/#primaryimage","url":"https:\/\/ironsky.pl\/sklep\/wp-content\/uploads\/2025\/06\/31433_2.jpg","contentUrl":"https:\/\/ironsky.pl\/sklep\/wp-content\/uploads\/2025\/06\/31433_2.jpg","width":800,"height":800},{"@type":"BreadcrumbList","@id":"https:\/\/ironsky.pl\/sklep\/produkt\/rzutnik-projektor-led-blitzwolf-bw-v4-1080p-wi-fi-bluetooth-czarny-2\/#breadcrumb","itemListElement":[{"@type":"ListItem","position":1,"name":"Strona g\u0142\u00f3wna","item":"https:\/\/ironsky.pl\/sklep\/"},{"@type":"ListItem","position":2,"name":"Wszystkie produkty","item":"https:\/\/ironsky.pl\/sklep\/produkty\/"},{"@type":"ListItem","position":3,"name":"Rzutnik \/ Projektor LED BlitzWolf BW-V4 1080p, Wi-Fi + Bluetooth (czarny)"}]},{"@type":"WebSite","@id":"https:\/\/ironsky.pl\/sklep\/#website","url":"https:\/\/ironsky.pl\/sklep\/","name":"IRONSKY.PL Sklep z Dronami","description":"IRONSKY.PL Sklep z Dronami","potentialAction":[{"@type":"SearchAction","target":{"@type":"EntryPoint","urlTemplate":"https:\/\/ironsky.pl\/sklep\/?s={search_term_string}"},"query-input":{"@type":"PropertyValueSpecification","valueRequired":true,"valueName":"search_term_string"}}],"inLanguage":"pl-PL"}]}},"_links":{"self":[{"href":"https:\/\/ironsky.pl\/sklep\/wp-json\/wp\/v2\/product\/56915","targetHints":{"allow":["GET"]}}],"collection":[{"href":"https:\/\/ironsky.pl\/sklep\/wp-json\/wp\/v2\/product"}],"about":[{"href":"https:\/\/ironsky.pl\/sklep\/wp-json\/wp\/v2\/types\/product"}],"replies":[{"embeddable":true,"href":"https:\/\/ironsky.pl\/sklep\/wp-json\/wp\/v2\/comments?post=56915"}],"wp:featuredmedia":[{"embeddable":true,"href":"https:\/\/ironsky.pl\/sklep\/wp-json\/wp\/v2\/media\/42723"}],"wp:attachment":[{"href":"https:\/\/ironsky.pl\/sklep\/wp-json\/wp\/v2\/media?parent=56915"}],"wp:term":[{"taxonomy":"product_brand","embeddable":true,"href":"https:\/\/ironsky.pl\/sklep\/wp-json\/wp\/v2\/product_brand?post=56915"},{"taxonomy":"product_cat","embeddable":true,"href":"https:\/\/ironsky.pl\/sklep\/wp-json\/wp\/v2\/product_cat?post=56915"},{"taxonomy":"product_tag","embeddable":true,"href":"https:\/\/ironsky.pl\/sklep\/wp-json\/wp\/v2\/product_tag?post=56915"}],"curies":[{"name":"wp","href":"https:\/\/api.w.org\/{rel}","templated":true}]}}