{"id":56914,"date":"2026-04-15T10:20:13","date_gmt":"2026-04-15T08:20:13","guid":{"rendered":"https:\/\/ironsky.pl\/sklep\/produkt\/lampa-kempingowa-superfire-t51-usb-c-2\/"},"modified":"2026-04-15T10:20:25","modified_gmt":"2026-04-15T08:20:25","slug":"lampa-kempingowa-superfire-t51-usb-c-2","status":"publish","type":"product","link":"https:\/\/ironsky.pl\/sklep\/produkt\/lampa-kempingowa-superfire-t51-usb-c-2\/","title":{"rendered":"Lampa kempingowa SUPERFIRE T51 USB-C"},"content":{"rendered":"<h3>Lampa kempingowa Superfire T51<\/h3>\n<p>Wybierasz si\u0119 na noc pod namiot? A mo\u017ce organizujesz imprez\u0119 ze znajomymi w ogrodzie? Lampa Superfire T51 znakomicie sprawdzi si\u0119 w ka\u017cdej sytuacji! Oferuje stabilne o\u015bwietlenie oraz pozwala na regulacj\u0119 intensywno\u015bci \u015bwiat\u0142a. Jej retro design zachwyci niejednego u\u017cytkownika, a dzi\u0119ki wodoodpornej konstrukcji niestraszne jej \u017cadne warunki pogodowe! Uwaga: akumulator typu 18650 nie znajduje si\u0119 w zestawie, nale\u017cy zakupi\u0107 go osobno.<\/p>\n<p>\n<img decoding=\"async\" src=\"https:\/\/assets.innpro.pl\/10915\/12865\/4.jpg\" border=\"0\" alt=\"Lampa kempingowa Superfire T51, na kt\u00f3r\u0105 padaj\u0105 krople deszczu. \" \/>\n<\/p>\n<h3>Wiele mo\u017cliwo\u015bci<\/h3>\n<p>Lampa zosta\u0142a stworzona z my\u015bl\u0105 o r\u00f3\u017cnych scenariuszach u\u017cytkowania. Doskonale sprawdzi si\u0119 podczas kempingu czy nocy pod go\u0142ym niebem. Zapewni r\u00f3wnie\u017c klimatyczne o\u015bwietlenie podczas spotkania z przyjaci\u00f3\u0142mi w ogrodzie, a tak\u017ce b\u0119dzie ciekawym dodatkiem w domu. Co wi\u0119cej, dzi\u0119ki mo\u017cliwo\u015bci regulacji jasno\u015bci \u015bwiat\u0142a bez trudu dostosujesz j\u0105 do swoich oczekiwa\u0144.<\/p>\n<p>\n<img decoding=\"async\" src=\"https:\/\/assets.innpro.pl\/10915\/12865\/2.jpg\" border=\"0\" alt=\"Zbli\u017cenie na pokr\u0119t\u0142o lampy Superfire T51, kt\u00f3ra stoi na drewnianym stoliku obok dzbanka i fili\u017canki. \" \/>\n<\/p>\n<h3>Specjalnie zaprojektowana konstrukcja<\/h3>\n<p>Z\u0142apa\u0142 Ci\u0119 deszcz podczas weekendowego biwaku i obawiasz si\u0119 o uszkodzenie lampy? Niepotrzebnie! Model T51 wyr\u00f3\u017cnia si\u0119 wodoodporn\u0105 konstrukcj\u0105 na poziomie IP43 \u2013 krople deszczu nie stanowi\u0105 dla niej zagro\u017cenia. Lampa zosta\u0142a wyposa\u017cona w praktyczny haczyk, kt\u00f3ra pozwala na wygodne przenoszenie lub zawieszenie, np. w namiocie czy na ga\u0142\u0119zi. Obs\u0142uga lampy jest bardzo prosta \u2013 wystarczy obr\u00f3ci\u0107 prze\u0142\u0105cznik boczny zgodnie z ruchem wskaz\u00f3wek zegara, aby w\u0142\u0105czy\u0107 \u017ar\u00f3d\u0142o \u015bwiat\u0142a i przyciemni\u0107 je bezstopniowo, kt\u00f3re mo\u017cna dowolnie regulowa\u0107 od niskiej do wysokiej jasno\u015bci. Obr\u00f3\u0107 pokr\u0119t\u0142o w kierunku przeciwnym do ruchu wskaz\u00f3wek zegara, aby wy\u0142\u0105czy\u0107 \u017ar\u00f3d\u0142o \u015bwiat\u0142a.<\/p>\n<p>\n<img decoding=\"async\" src=\"https:\/\/assets.innpro.pl\/10915\/12865\/1.jpg\" border=\"0\" alt=\"Lampa Superfire T51 zawieszona na swoim haczyku, emanuj\u0105ca ciep\u0142ym \u015bwiat\u0142em.\" \/>\n<\/p>\n<h3>W zestawie<\/h3>\n<ul class=\"list-disc pl-5\">\n<li>lampa<\/li>\n<li>kabel USB-C \/ USB-A<\/li>\n<li>instrukcja obs\u0142ugi<\/li>\n<\/ul>\n<div class=\"table-wrapper\">\n<p>\u00a0<\/p>\n<h3><\/h3>\n<table>\n<tbody>\n<tr>\n<th>Producent <\/th>\n<td>Superfire<\/td>\n<\/tr>\n<tr>\n<th>Model <\/th>\n<td>T51<\/td>\n<\/tr>\n<tr>\n<th>Kolor <\/th>\n<td>Czarny<\/td>\n<\/tr>\n<tr>\n<th>Interfejs \u0142adowania <\/th>\n<td>USB-C<\/td>\n<\/tr>\n<tr>\n<th>Pojemno\u015b\u0107 akumulatora <\/th>\n<td>1400 mAh<\/td>\n<\/tr>\n<tr>\n<th>Wodoodporno\u015b\u0107 <\/th>\n<td>IP43<\/td>\n<\/tr>\n<\/tbody>\n<\/table>\n<\/div>\n","protected":false},"excerpt":{"rendered":"<p>Lampa kempingowa Superfire T51 Wybierasz si\u0119 na noc pod namiot? A mo\u017ce organizujesz imprez\u0119 ze znajomymi w ogrodzie? Lampa Superfire<\/p>\n","protected":false},"featured_media":42712,"comment_status":"closed","ping_status":"open","template":"","meta":{"_acf_changed":false},"product_brand":[],"product_cat":[5947,5946,5937],"product_tag":[],"class_list":{"0":"post-56914","1":"product","2":"type-product","3":"status-publish","4":"has-post-thumbnail","6":"product_cat-lampy-kempingowe","7":"product_cat-oswietlenie","8":"product_cat-outdoor","9":"pa_okres-gwarancji-5754","10":"pa_producent-superfire","12":"first","13":"outofstock","14":"taxable","15":"shipping-taxable","16":"purchasable","17":"product-type-simple"},"acf":[],"yoast_head":"<!-- This site is optimized with the Yoast SEO plugin v27.2 - https:\/\/yoast.com\/product\/yoast-seo-wordpress\/ -->\n<title>Lampa kempingowa SUPERFIRE T51 USB-C - IRONSKY.PL Sklep z Dronami<\/title>\n<meta name=\"description\" content=\"Lampa kempingowa SUPERFIRE T51 USB-C - \u2705 sklep z dronami i fachowym doradztwem. \u2705 Tutaj kupisz produkty DJI, Yuneec, Parrot, Syma i wiele innych, a tak\u017ce kursy i licencje na operatora drona.\" \/>\n<meta name=\"robots\" content=\"index, follow, max-snippet:-1, max-image-preview:large, max-video-preview:-1\" \/>\n<link rel=\"canonical\" href=\"https:\/\/ironsky.pl\/sklep\/produkt\/lampa-kempingowa-superfire-t51-usb-c-2\/\" \/>\n<meta property=\"og:locale\" content=\"pl_PL\" \/>\n<meta property=\"og:type\" content=\"article\" \/>\n<meta property=\"og:title\" content=\"Lampa kempingowa SUPERFIRE T51 USB-C - IRONSKY.PL Sklep z Dronami\" \/>\n<meta property=\"og:description\" content=\"Lampa kempingowa SUPERFIRE T51 USB-C - \u2705 sklep z dronami i fachowym doradztwem. \u2705 Tutaj kupisz produkty DJI, Yuneec, Parrot, Syma i wiele innych, a tak\u017ce kursy i licencje na operatora drona.\" \/>\n<meta property=\"og:url\" content=\"https:\/\/ironsky.pl\/sklep\/produkt\/lampa-kempingowa-superfire-t51-usb-c-2\/\" \/>\n<meta property=\"og:site_name\" content=\"IRONSKY.PL Sklep z Dronami\" \/>\n<meta property=\"article:modified_time\" content=\"2026-04-15T08:20:25+00:00\" \/>\n<meta property=\"og:image\" content=\"https:\/\/ironsky.pl\/sklep\/wp-content\/uploads\/2025\/06\/31068_1.jpg\" \/>\n\t<meta property=\"og:image:width\" content=\"800\" \/>\n\t<meta property=\"og:image:height\" content=\"799\" \/>\n\t<meta property=\"og:image:type\" content=\"image\/jpeg\" \/>\n<meta name=\"twitter:card\" content=\"summary_large_image\" \/>\n<meta name=\"twitter:label1\" content=\"Szacowany czas czytania\" \/>\n\t<meta name=\"twitter:data1\" content=\"1 minuta\" \/>\n<script type=\"application\/ld+json\" class=\"yoast-schema-graph\">{\"@context\":\"https:\/\/schema.org\",\"@graph\":[{\"@type\":\"WebPage\",\"@id\":\"https:\/\/ironsky.pl\/sklep\/produkt\/lampa-kempingowa-superfire-t51-usb-c-2\/\",\"url\":\"https:\/\/ironsky.pl\/sklep\/produkt\/lampa-kempingowa-superfire-t51-usb-c-2\/\",\"name\":\"Lampa kempingowa SUPERFIRE T51 USB-C - IRONSKY.PL Sklep z Dronami\",\"isPartOf\":{\"@id\":\"https:\/\/ironsky.pl\/sklep\/#website\"},\"primaryImageOfPage\":{\"@id\":\"https:\/\/ironsky.pl\/sklep\/produkt\/lampa-kempingowa-superfire-t51-usb-c-2\/#primaryimage\"},\"image\":{\"@id\":\"https:\/\/ironsky.pl\/sklep\/produkt\/lampa-kempingowa-superfire-t51-usb-c-2\/#primaryimage\"},\"thumbnailUrl\":\"https:\/\/ironsky.pl\/sklep\/wp-content\/uploads\/2025\/06\/31068_1.jpg\",\"datePublished\":\"2026-04-15T08:20:13+00:00\",\"dateModified\":\"2026-04-15T08:20:25+00:00\",\"description\":\"Lampa kempingowa SUPERFIRE T51 USB-C - \u2705 sklep z dronami i fachowym doradztwem. \u2705 Tutaj kupisz produkty DJI, Yuneec, Parrot, Syma i wiele innych, a tak\u017ce kursy i licencje na operatora drona.\",\"breadcrumb\":{\"@id\":\"https:\/\/ironsky.pl\/sklep\/produkt\/lampa-kempingowa-superfire-t51-usb-c-2\/#breadcrumb\"},\"inLanguage\":\"pl-PL\",\"potentialAction\":[{\"@type\":\"ReadAction\",\"target\":[\"https:\/\/ironsky.pl\/sklep\/produkt\/lampa-kempingowa-superfire-t51-usb-c-2\/\"]}]},{\"@type\":\"ImageObject\",\"inLanguage\":\"pl-PL\",\"@id\":\"https:\/\/ironsky.pl\/sklep\/produkt\/lampa-kempingowa-superfire-t51-usb-c-2\/#primaryimage\",\"url\":\"https:\/\/ironsky.pl\/sklep\/wp-content\/uploads\/2025\/06\/31068_1.jpg\",\"contentUrl\":\"https:\/\/ironsky.pl\/sklep\/wp-content\/uploads\/2025\/06\/31068_1.jpg\",\"width\":800,\"height\":799},{\"@type\":\"BreadcrumbList\",\"@id\":\"https:\/\/ironsky.pl\/sklep\/produkt\/lampa-kempingowa-superfire-t51-usb-c-2\/#breadcrumb\",\"itemListElement\":[{\"@type\":\"ListItem\",\"position\":1,\"name\":\"Strona g\u0142\u00f3wna\",\"item\":\"https:\/\/ironsky.pl\/sklep\/\"},{\"@type\":\"ListItem\",\"position\":2,\"name\":\"Wszystkie produkty\",\"item\":\"https:\/\/ironsky.pl\/sklep\/produkty\/\"},{\"@type\":\"ListItem\",\"position\":3,\"name\":\"Lampa kempingowa SUPERFIRE T51 USB-C\"}]},{\"@type\":\"WebSite\",\"@id\":\"https:\/\/ironsky.pl\/sklep\/#website\",\"url\":\"https:\/\/ironsky.pl\/sklep\/\",\"name\":\"IRONSKY.PL Sklep z Dronami\",\"description\":\"IRONSKY.PL Sklep z Dronami\",\"potentialAction\":[{\"@type\":\"SearchAction\",\"target\":{\"@type\":\"EntryPoint\",\"urlTemplate\":\"https:\/\/ironsky.pl\/sklep\/?s={search_term_string}\"},\"query-input\":{\"@type\":\"PropertyValueSpecification\",\"valueRequired\":true,\"valueName\":\"search_term_string\"}}],\"inLanguage\":\"pl-PL\"}]}<\/script>\n<!-- \/ Yoast SEO plugin. -->","yoast_head_json":{"title":"Lampa kempingowa SUPERFIRE T51 USB-C - IRONSKY.PL Sklep z Dronami","description":"Lampa kempingowa SUPERFIRE T51 USB-C - \u2705 sklep z dronami i fachowym doradztwem. \u2705 Tutaj kupisz produkty DJI, Yuneec, Parrot, Syma i wiele innych, a tak\u017ce kursy i licencje na operatora drona.","robots":{"index":"index","follow":"follow","max-snippet":"max-snippet:-1","max-image-preview":"max-image-preview:large","max-video-preview":"max-video-preview:-1"},"canonical":"https:\/\/ironsky.pl\/sklep\/produkt\/lampa-kempingowa-superfire-t51-usb-c-2\/","og_locale":"pl_PL","og_type":"article","og_title":"Lampa kempingowa SUPERFIRE T51 USB-C - IRONSKY.PL Sklep z Dronami","og_description":"Lampa kempingowa SUPERFIRE T51 USB-C - \u2705 sklep z dronami i fachowym doradztwem. \u2705 Tutaj kupisz produkty DJI, Yuneec, Parrot, Syma i wiele innych, a tak\u017ce kursy i licencje na operatora drona.","og_url":"https:\/\/ironsky.pl\/sklep\/produkt\/lampa-kempingowa-superfire-t51-usb-c-2\/","og_site_name":"IRONSKY.PL Sklep z Dronami","article_modified_time":"2026-04-15T08:20:25+00:00","og_image":[{"width":800,"height":799,"url":"https:\/\/ironsky.pl\/sklep\/wp-content\/uploads\/2025\/06\/31068_1.jpg","type":"image\/jpeg"}],"twitter_card":"summary_large_image","twitter_misc":{"Szacowany czas czytania":"1 minuta"},"schema":{"@context":"https:\/\/schema.org","@graph":[{"@type":"WebPage","@id":"https:\/\/ironsky.pl\/sklep\/produkt\/lampa-kempingowa-superfire-t51-usb-c-2\/","url":"https:\/\/ironsky.pl\/sklep\/produkt\/lampa-kempingowa-superfire-t51-usb-c-2\/","name":"Lampa kempingowa SUPERFIRE T51 USB-C - IRONSKY.PL Sklep z Dronami","isPartOf":{"@id":"https:\/\/ironsky.pl\/sklep\/#website"},"primaryImageOfPage":{"@id":"https:\/\/ironsky.pl\/sklep\/produkt\/lampa-kempingowa-superfire-t51-usb-c-2\/#primaryimage"},"image":{"@id":"https:\/\/ironsky.pl\/sklep\/produkt\/lampa-kempingowa-superfire-t51-usb-c-2\/#primaryimage"},"thumbnailUrl":"https:\/\/ironsky.pl\/sklep\/wp-content\/uploads\/2025\/06\/31068_1.jpg","datePublished":"2026-04-15T08:20:13+00:00","dateModified":"2026-04-15T08:20:25+00:00","description":"Lampa kempingowa SUPERFIRE T51 USB-C - \u2705 sklep z dronami i fachowym doradztwem. \u2705 Tutaj kupisz produkty DJI, Yuneec, Parrot, Syma i wiele innych, a tak\u017ce kursy i licencje na operatora drona.","breadcrumb":{"@id":"https:\/\/ironsky.pl\/sklep\/produkt\/lampa-kempingowa-superfire-t51-usb-c-2\/#breadcrumb"},"inLanguage":"pl-PL","potentialAction":[{"@type":"ReadAction","target":["https:\/\/ironsky.pl\/sklep\/produkt\/lampa-kempingowa-superfire-t51-usb-c-2\/"]}]},{"@type":"ImageObject","inLanguage":"pl-PL","@id":"https:\/\/ironsky.pl\/sklep\/produkt\/lampa-kempingowa-superfire-t51-usb-c-2\/#primaryimage","url":"https:\/\/ironsky.pl\/sklep\/wp-content\/uploads\/2025\/06\/31068_1.jpg","contentUrl":"https:\/\/ironsky.pl\/sklep\/wp-content\/uploads\/2025\/06\/31068_1.jpg","width":800,"height":799},{"@type":"BreadcrumbList","@id":"https:\/\/ironsky.pl\/sklep\/produkt\/lampa-kempingowa-superfire-t51-usb-c-2\/#breadcrumb","itemListElement":[{"@type":"ListItem","position":1,"name":"Strona g\u0142\u00f3wna","item":"https:\/\/ironsky.pl\/sklep\/"},{"@type":"ListItem","position":2,"name":"Wszystkie produkty","item":"https:\/\/ironsky.pl\/sklep\/produkty\/"},{"@type":"ListItem","position":3,"name":"Lampa kempingowa SUPERFIRE T51 USB-C"}]},{"@type":"WebSite","@id":"https:\/\/ironsky.pl\/sklep\/#website","url":"https:\/\/ironsky.pl\/sklep\/","name":"IRONSKY.PL Sklep z Dronami","description":"IRONSKY.PL Sklep z Dronami","potentialAction":[{"@type":"SearchAction","target":{"@type":"EntryPoint","urlTemplate":"https:\/\/ironsky.pl\/sklep\/?s={search_term_string}"},"query-input":{"@type":"PropertyValueSpecification","valueRequired":true,"valueName":"search_term_string"}}],"inLanguage":"pl-PL"}]}},"_links":{"self":[{"href":"https:\/\/ironsky.pl\/sklep\/wp-json\/wp\/v2\/product\/56914","targetHints":{"allow":["GET"]}}],"collection":[{"href":"https:\/\/ironsky.pl\/sklep\/wp-json\/wp\/v2\/product"}],"about":[{"href":"https:\/\/ironsky.pl\/sklep\/wp-json\/wp\/v2\/types\/product"}],"replies":[{"embeddable":true,"href":"https:\/\/ironsky.pl\/sklep\/wp-json\/wp\/v2\/comments?post=56914"}],"wp:featuredmedia":[{"embeddable":true,"href":"https:\/\/ironsky.pl\/sklep\/wp-json\/wp\/v2\/media\/42712"}],"wp:attachment":[{"href":"https:\/\/ironsky.pl\/sklep\/wp-json\/wp\/v2\/media?parent=56914"}],"wp:term":[{"taxonomy":"product_brand","embeddable":true,"href":"https:\/\/ironsky.pl\/sklep\/wp-json\/wp\/v2\/product_brand?post=56914"},{"taxonomy":"product_cat","embeddable":true,"href":"https:\/\/ironsky.pl\/sklep\/wp-json\/wp\/v2\/product_cat?post=56914"},{"taxonomy":"product_tag","embeddable":true,"href":"https:\/\/ironsky.pl\/sklep\/wp-json\/wp\/v2\/product_tag?post=56914"}],"curies":[{"name":"wp","href":"https:\/\/api.w.org\/{rel}","templated":true}]}}