{"id":56913,"date":"2026-04-15T10:20:13","date_gmt":"2026-04-15T08:20:13","guid":{"rendered":"https:\/\/ironsky.pl\/sklep\/produkt\/lampa-kempingowa-superfire-t57-2\/"},"modified":"2026-04-15T10:20:23","modified_gmt":"2026-04-15T08:20:23","slug":"lampa-kempingowa-superfire-t57-2","status":"publish","type":"product","link":"https:\/\/ironsky.pl\/sklep\/produkt\/lampa-kempingowa-superfire-t57-2\/","title":{"rendered":"Lampa kempingowa SUPERFIRE T57"},"content":{"rendered":"<h3>Lampa kempingowa Superfire T57, 7 tryb\u00f3w <\/h3>\n<p>Lampa Superfire T57 to urz\u0105dzenie, kt\u00f3re doskonale sprawdzi si\u0119 w wielu sytuacjach! Oferuje r\u00f3\u017cne tryby \u015bwiecenia, dzi\u0119ki czemu spe\u0142ni oczekiwania r\u00f3\u017cnych u\u017cytkownik\u00f3w. Jej maksymalny czas pracy si\u0119ga nawet 30 godzin. Dzi\u0119ki wodoodpornej konstrukcji niestraszne jej zmienne warunki pogodowe. Wyposa\u017cono j\u0105 tak\u017ce w praktyczny uchwyt oraz haczyk, co znacz\u0105co u\u0142atwia przenoszenie i monta\u017c w dowolnym miejscu.<\/p>\n<p>\n<img decoding=\"async\" src=\"https:\/\/assets.innpro.pl\/14060\/17549\/1.jpg\" border=\"0\" alt=\"Lampa wisz\u0105ca na drzewie w deszczu, \u015bwiec\u0105ca ciep\u0142ym \u015bwiat\u0142em\" \/>\n<\/p>\n<h3>Wybieraj spo\u015br\u00f3d r\u00f3\u017cnych tryb\u00f3w \u015bwiecenia<\/h3>\n<p>Dostosuj dzia\u0142anie lampy do swoich potrzeb! Model T57 pozwala wybiera\u0107 spo\u015br\u00f3d a\u017c 7 tryb\u00f3w \u015bwiecenia. W\u015br\u00f3d nich znajdziesz mi\u0119dzy innymi \u015bwiat\u0142o ciep\u0142e, bia\u0142e czy czerwone. Obs\u0142uga jest wyj\u0105tkowo prosta \u2013 jedno klikni\u0119cie prze\u0142\u0105cza \u017ar\u00f3d\u0142a \u015bwiat\u0142a (\u017carnikowe ciep\u0142e, SMD \u2013 Surface Mounted Diode, dioda montowana powierzchniowo \u2013 ciep\u0142e, SMD bia\u0142e, mieszane), a podw\u00f3jne klikni\u0119cie uruchamia tryby \u015bwiat\u0142a czerwonego (ci\u0105g\u0142e, migaj\u0105ce, SOS). Dodatkowo przytrzymanie przycisku pozwala na p\u0142ynn\u0105 regulacj\u0119 jasno\u015bci (infinite dimming). Wybierz jeden z dost\u0119pnych tryb\u00f3w i dobierz o\u015bwietlenie do niemal ka\u017cdej sytuacji \u2013 wystarczy, \u017ce wci\u015bniesz dedykowany przycisk.<\/p>\n<p>\n<img decoding=\"async\" src=\"https:\/\/assets.innpro.pl\/14060\/17549\/5.jpg\" border=\"0\" alt=\"Cztery lampy na ciemnym tle prezentuj\u0105ce r\u00f3\u017cne kolory i intensywno\u015bci \u015bwiat\u0142a\" \/>\n<\/p>\n<h3>D\u0142ugi czas pracy<\/h3>\n<p>Korzystaj z lampki tak d\u0142ugo, jak chcesz! Wbudowany akumulator pozwala na nawet 30 godzin pracy (w zale\u017cno\u015bci od intensywno\u015bci o\u015bwietlenia). Energi\u0119 lampy odnowisz, korzystaj\u0105c z do\u0142\u0105czonego do zestawu kabla USB-C (Universal Serial Bus Type-C, uniwersalne z\u0142\u0105cze do przesy\u0142ania danych i zasilania). Lampa posiada te\u017c inteligentny wska\u017anik poziomu energii \u2013 zielona dioda \u015bwieci przy stanie 15\u2013100%, czerwona sta\u0142a oznacza 5\u201315%, a czerwona migaj\u0105ca poni\u017cej 5%. Mo\u017cesz tak\u017ce korzysta\u0107 z funkcji o\u015bwietlenia w trakcie \u0142adowania.<\/p>\n<p>\n<img decoding=\"async\" src=\"https:\/\/assets.innpro.pl\/14060\/17549\/4.jpg\" border=\"0\" alt=\"Czarna lampa z przewodem zasilaj\u0105cym umieszczona na drewnianej powierzchni na tle przyrody\" \/>\n<\/p>\n<h3>Z my\u015bl\u0105 o r\u00f3\u017cnych scenariuszach u\u017cytkowania<\/h3>\n<p>Design lampy Superfire zachwyci ka\u017cdego mi\u0142o\u015bnika stylu retro. Wykonano j\u0105 z wytrzyma\u0142ych materia\u0142\u00f3w, dzi\u0119ki czemu \u015bwietnie pos\u0142u\u017cy Ci przez d\u0142ugi czas. Lampa wyr\u00f3\u017cnia si\u0119 te\u017c wodoodporn\u0105 konstrukcj\u0105 \u2013 mo\u017cesz wi\u0119c bez przeszk\u00f3d korzysta\u0107 z niej nawet w deszczowe dni! To wszystko sprawia, \u017ce model T57 doskonale sprawdzi si\u0119 w r\u00f3\u017cnych scenariuszach u\u017cytkowania. Z powodzeniem wykorzystasz j\u0105 podczas biwaku, nocy pod go\u0142ym niebem, a tak\u017ce o\u015bwietli Ci drog\u0119 podczas nocnej w\u0119dr\u00f3wki. Nada si\u0119 r\u00f3wnie\u017c jako lampka nocna!<\/p>\n<p>\n<img decoding=\"async\" src=\"https:\/\/assets.innpro.pl\/14060\/17549\/3.jpg\" border=\"0\" alt=\"Cztery sceny pokazuj\u0105ce ludzi u\u017cywaj\u0105cych lampy w r\u00f3\u017cnych warunkach \u2013 na kempingu, przy ognisku, w pokoju hotelowym i na werandzie z widokiem na sawann\u0119\" \/>\n<\/p>\n<h3>W zestawie<\/h3>\n<ul class=\"list-disc pl-5\">\n<li>lampa<\/li>\n<li>kabel USB-C \/ USB-A (Universal Serial Bus Type-A, standardowe z\u0142\u0105cze do przesy\u0142ania danych i zasilania)<\/li>\n<li>haczyk<\/li>\n<li>instrukcja obs\u0142ugi<\/li>\n<\/ul>\n<div class=\"table-wrapper\">\n<p>\u00a0<\/p>\n<h3><\/h3>\n<table>\n<tbody>\n<tr>\n<th>Producent <\/th>\n<td>Superfire<\/td>\n<\/tr>\n<tr>\n<th>Model <\/th>\n<td>T57<\/td>\n<\/tr>\n<tr>\n<th>Kolor <\/th>\n<td>Czarny<\/td>\n<\/tr>\n<tr>\n<th>Interfejs \u0142adowania <\/th>\n<td>USB-C<\/td>\n<\/tr>\n<tr>\n<th>Czas pracy <\/th>\n<td>2-30 h<\/td>\n<\/tr>\n<tr>\n<th>Tryby \u015bwiecenia <\/th>\n<td>Tungsten wire Warm Light \/ SMD Warm Light \/ SMD White Light \/ Mixed Light \/ Red Light \/ Red Light Flashing \/ Red Light SOS<\/td>\n<\/tr>\n<\/tbody>\n<\/table>\n<\/div>\n","protected":false},"excerpt":{"rendered":"<p>Lampa kempingowa Superfire T57, 7 tryb\u00f3w Lampa Superfire T57 to urz\u0105dzenie, kt\u00f3re doskonale sprawdzi si\u0119 w wielu sytuacjach! Oferuje r\u00f3\u017cne<\/p>\n","protected":false},"featured_media":42709,"comment_status":"closed","ping_status":"open","template":"","meta":{"_acf_changed":false},"product_brand":[],"product_cat":[5947,5946,5937],"product_tag":[],"class_list":{"0":"post-56913","1":"product","2":"type-product","3":"status-publish","4":"has-post-thumbnail","6":"product_cat-lampy-kempingowe","7":"product_cat-oswietlenie","8":"product_cat-outdoor","9":"pa_okres-gwarancji-5754","10":"pa_producent-superfire","12":"first","13":"outofstock","14":"taxable","15":"shipping-taxable","16":"purchasable","17":"product-type-simple"},"acf":[],"yoast_head":"<!-- This site is optimized with the Yoast SEO plugin v27.2 - https:\/\/yoast.com\/product\/yoast-seo-wordpress\/ -->\n<title>Lampa kempingowa SUPERFIRE T57 - IRONSKY.PL Sklep z Dronami<\/title>\n<meta name=\"description\" content=\"Lampa kempingowa SUPERFIRE T57 - \u2705 sklep z dronami i fachowym doradztwem. \u2705 Tutaj kupisz produkty DJI, Yuneec, Parrot, Syma i wiele innych, a tak\u017ce kursy i licencje na operatora drona.\" \/>\n<meta name=\"robots\" content=\"index, follow, max-snippet:-1, max-image-preview:large, max-video-preview:-1\" \/>\n<link rel=\"canonical\" href=\"https:\/\/ironsky.pl\/sklep\/produkt\/lampa-kempingowa-superfire-t57-2\/\" \/>\n<meta property=\"og:locale\" content=\"pl_PL\" \/>\n<meta property=\"og:type\" content=\"article\" \/>\n<meta property=\"og:title\" content=\"Lampa kempingowa SUPERFIRE T57 - IRONSKY.PL Sklep z Dronami\" \/>\n<meta property=\"og:description\" content=\"Lampa kempingowa SUPERFIRE T57 - \u2705 sklep z dronami i fachowym doradztwem. \u2705 Tutaj kupisz produkty DJI, Yuneec, Parrot, Syma i wiele innych, a tak\u017ce kursy i licencje na operatora drona.\" \/>\n<meta property=\"og:url\" content=\"https:\/\/ironsky.pl\/sklep\/produkt\/lampa-kempingowa-superfire-t57-2\/\" \/>\n<meta property=\"og:site_name\" content=\"IRONSKY.PL Sklep z Dronami\" \/>\n<meta property=\"article:modified_time\" content=\"2026-04-15T08:20:23+00:00\" \/>\n<meta property=\"og:image\" content=\"https:\/\/ironsky.pl\/sklep\/wp-content\/uploads\/2025\/06\/31067_1.jpg\" \/>\n\t<meta property=\"og:image:width\" content=\"800\" \/>\n\t<meta property=\"og:image:height\" content=\"800\" \/>\n\t<meta property=\"og:image:type\" content=\"image\/jpeg\" \/>\n<meta name=\"twitter:card\" content=\"summary_large_image\" \/>\n<meta name=\"twitter:label1\" content=\"Szacowany czas czytania\" \/>\n\t<meta name=\"twitter:data1\" content=\"2 minuty\" \/>\n<script type=\"application\/ld+json\" class=\"yoast-schema-graph\">{\"@context\":\"https:\/\/schema.org\",\"@graph\":[{\"@type\":\"WebPage\",\"@id\":\"https:\/\/ironsky.pl\/sklep\/produkt\/lampa-kempingowa-superfire-t57-2\/\",\"url\":\"https:\/\/ironsky.pl\/sklep\/produkt\/lampa-kempingowa-superfire-t57-2\/\",\"name\":\"Lampa kempingowa SUPERFIRE T57 - IRONSKY.PL Sklep z Dronami\",\"isPartOf\":{\"@id\":\"https:\/\/ironsky.pl\/sklep\/#website\"},\"primaryImageOfPage\":{\"@id\":\"https:\/\/ironsky.pl\/sklep\/produkt\/lampa-kempingowa-superfire-t57-2\/#primaryimage\"},\"image\":{\"@id\":\"https:\/\/ironsky.pl\/sklep\/produkt\/lampa-kempingowa-superfire-t57-2\/#primaryimage\"},\"thumbnailUrl\":\"https:\/\/ironsky.pl\/sklep\/wp-content\/uploads\/2025\/06\/31067_1.jpg\",\"datePublished\":\"2026-04-15T08:20:13+00:00\",\"dateModified\":\"2026-04-15T08:20:23+00:00\",\"description\":\"Lampa kempingowa SUPERFIRE T57 - \u2705 sklep z dronami i fachowym doradztwem. \u2705 Tutaj kupisz produkty DJI, Yuneec, Parrot, Syma i wiele innych, a tak\u017ce kursy i licencje na operatora drona.\",\"breadcrumb\":{\"@id\":\"https:\/\/ironsky.pl\/sklep\/produkt\/lampa-kempingowa-superfire-t57-2\/#breadcrumb\"},\"inLanguage\":\"pl-PL\",\"potentialAction\":[{\"@type\":\"ReadAction\",\"target\":[\"https:\/\/ironsky.pl\/sklep\/produkt\/lampa-kempingowa-superfire-t57-2\/\"]}]},{\"@type\":\"ImageObject\",\"inLanguage\":\"pl-PL\",\"@id\":\"https:\/\/ironsky.pl\/sklep\/produkt\/lampa-kempingowa-superfire-t57-2\/#primaryimage\",\"url\":\"https:\/\/ironsky.pl\/sklep\/wp-content\/uploads\/2025\/06\/31067_1.jpg\",\"contentUrl\":\"https:\/\/ironsky.pl\/sklep\/wp-content\/uploads\/2025\/06\/31067_1.jpg\",\"width\":800,\"height\":800},{\"@type\":\"BreadcrumbList\",\"@id\":\"https:\/\/ironsky.pl\/sklep\/produkt\/lampa-kempingowa-superfire-t57-2\/#breadcrumb\",\"itemListElement\":[{\"@type\":\"ListItem\",\"position\":1,\"name\":\"Strona g\u0142\u00f3wna\",\"item\":\"https:\/\/ironsky.pl\/sklep\/\"},{\"@type\":\"ListItem\",\"position\":2,\"name\":\"Wszystkie produkty\",\"item\":\"https:\/\/ironsky.pl\/sklep\/produkty\/\"},{\"@type\":\"ListItem\",\"position\":3,\"name\":\"Lampa kempingowa SUPERFIRE T57\"}]},{\"@type\":\"WebSite\",\"@id\":\"https:\/\/ironsky.pl\/sklep\/#website\",\"url\":\"https:\/\/ironsky.pl\/sklep\/\",\"name\":\"IRONSKY.PL Sklep z Dronami\",\"description\":\"IRONSKY.PL Sklep z Dronami\",\"potentialAction\":[{\"@type\":\"SearchAction\",\"target\":{\"@type\":\"EntryPoint\",\"urlTemplate\":\"https:\/\/ironsky.pl\/sklep\/?s={search_term_string}\"},\"query-input\":{\"@type\":\"PropertyValueSpecification\",\"valueRequired\":true,\"valueName\":\"search_term_string\"}}],\"inLanguage\":\"pl-PL\"}]}<\/script>\n<!-- \/ Yoast SEO plugin. -->","yoast_head_json":{"title":"Lampa kempingowa SUPERFIRE T57 - IRONSKY.PL Sklep z Dronami","description":"Lampa kempingowa SUPERFIRE T57 - \u2705 sklep z dronami i fachowym doradztwem. \u2705 Tutaj kupisz produkty DJI, Yuneec, Parrot, Syma i wiele innych, a tak\u017ce kursy i licencje na operatora drona.","robots":{"index":"index","follow":"follow","max-snippet":"max-snippet:-1","max-image-preview":"max-image-preview:large","max-video-preview":"max-video-preview:-1"},"canonical":"https:\/\/ironsky.pl\/sklep\/produkt\/lampa-kempingowa-superfire-t57-2\/","og_locale":"pl_PL","og_type":"article","og_title":"Lampa kempingowa SUPERFIRE T57 - IRONSKY.PL Sklep z Dronami","og_description":"Lampa kempingowa SUPERFIRE T57 - \u2705 sklep z dronami i fachowym doradztwem. \u2705 Tutaj kupisz produkty DJI, Yuneec, Parrot, Syma i wiele innych, a tak\u017ce kursy i licencje na operatora drona.","og_url":"https:\/\/ironsky.pl\/sklep\/produkt\/lampa-kempingowa-superfire-t57-2\/","og_site_name":"IRONSKY.PL Sklep z Dronami","article_modified_time":"2026-04-15T08:20:23+00:00","og_image":[{"width":800,"height":800,"url":"https:\/\/ironsky.pl\/sklep\/wp-content\/uploads\/2025\/06\/31067_1.jpg","type":"image\/jpeg"}],"twitter_card":"summary_large_image","twitter_misc":{"Szacowany czas czytania":"2 minuty"},"schema":{"@context":"https:\/\/schema.org","@graph":[{"@type":"WebPage","@id":"https:\/\/ironsky.pl\/sklep\/produkt\/lampa-kempingowa-superfire-t57-2\/","url":"https:\/\/ironsky.pl\/sklep\/produkt\/lampa-kempingowa-superfire-t57-2\/","name":"Lampa kempingowa SUPERFIRE T57 - IRONSKY.PL Sklep z Dronami","isPartOf":{"@id":"https:\/\/ironsky.pl\/sklep\/#website"},"primaryImageOfPage":{"@id":"https:\/\/ironsky.pl\/sklep\/produkt\/lampa-kempingowa-superfire-t57-2\/#primaryimage"},"image":{"@id":"https:\/\/ironsky.pl\/sklep\/produkt\/lampa-kempingowa-superfire-t57-2\/#primaryimage"},"thumbnailUrl":"https:\/\/ironsky.pl\/sklep\/wp-content\/uploads\/2025\/06\/31067_1.jpg","datePublished":"2026-04-15T08:20:13+00:00","dateModified":"2026-04-15T08:20:23+00:00","description":"Lampa kempingowa SUPERFIRE T57 - \u2705 sklep z dronami i fachowym doradztwem. \u2705 Tutaj kupisz produkty DJI, Yuneec, Parrot, Syma i wiele innych, a tak\u017ce kursy i licencje na operatora drona.","breadcrumb":{"@id":"https:\/\/ironsky.pl\/sklep\/produkt\/lampa-kempingowa-superfire-t57-2\/#breadcrumb"},"inLanguage":"pl-PL","potentialAction":[{"@type":"ReadAction","target":["https:\/\/ironsky.pl\/sklep\/produkt\/lampa-kempingowa-superfire-t57-2\/"]}]},{"@type":"ImageObject","inLanguage":"pl-PL","@id":"https:\/\/ironsky.pl\/sklep\/produkt\/lampa-kempingowa-superfire-t57-2\/#primaryimage","url":"https:\/\/ironsky.pl\/sklep\/wp-content\/uploads\/2025\/06\/31067_1.jpg","contentUrl":"https:\/\/ironsky.pl\/sklep\/wp-content\/uploads\/2025\/06\/31067_1.jpg","width":800,"height":800},{"@type":"BreadcrumbList","@id":"https:\/\/ironsky.pl\/sklep\/produkt\/lampa-kempingowa-superfire-t57-2\/#breadcrumb","itemListElement":[{"@type":"ListItem","position":1,"name":"Strona g\u0142\u00f3wna","item":"https:\/\/ironsky.pl\/sklep\/"},{"@type":"ListItem","position":2,"name":"Wszystkie produkty","item":"https:\/\/ironsky.pl\/sklep\/produkty\/"},{"@type":"ListItem","position":3,"name":"Lampa kempingowa SUPERFIRE T57"}]},{"@type":"WebSite","@id":"https:\/\/ironsky.pl\/sklep\/#website","url":"https:\/\/ironsky.pl\/sklep\/","name":"IRONSKY.PL Sklep z Dronami","description":"IRONSKY.PL Sklep z Dronami","potentialAction":[{"@type":"SearchAction","target":{"@type":"EntryPoint","urlTemplate":"https:\/\/ironsky.pl\/sklep\/?s={search_term_string}"},"query-input":{"@type":"PropertyValueSpecification","valueRequired":true,"valueName":"search_term_string"}}],"inLanguage":"pl-PL"}]}},"_links":{"self":[{"href":"https:\/\/ironsky.pl\/sklep\/wp-json\/wp\/v2\/product\/56913","targetHints":{"allow":["GET"]}}],"collection":[{"href":"https:\/\/ironsky.pl\/sklep\/wp-json\/wp\/v2\/product"}],"about":[{"href":"https:\/\/ironsky.pl\/sklep\/wp-json\/wp\/v2\/types\/product"}],"replies":[{"embeddable":true,"href":"https:\/\/ironsky.pl\/sklep\/wp-json\/wp\/v2\/comments?post=56913"}],"wp:featuredmedia":[{"embeddable":true,"href":"https:\/\/ironsky.pl\/sklep\/wp-json\/wp\/v2\/media\/42709"}],"wp:attachment":[{"href":"https:\/\/ironsky.pl\/sklep\/wp-json\/wp\/v2\/media?parent=56913"}],"wp:term":[{"taxonomy":"product_brand","embeddable":true,"href":"https:\/\/ironsky.pl\/sklep\/wp-json\/wp\/v2\/product_brand?post=56913"},{"taxonomy":"product_cat","embeddable":true,"href":"https:\/\/ironsky.pl\/sklep\/wp-json\/wp\/v2\/product_cat?post=56913"},{"taxonomy":"product_tag","embeddable":true,"href":"https:\/\/ironsky.pl\/sklep\/wp-json\/wp\/v2\/product_tag?post=56913"}],"curies":[{"name":"wp","href":"https:\/\/api.w.org\/{rel}","templated":true}]}}