{"id":56907,"date":"2026-04-15T10:20:13","date_gmt":"2026-04-15T08:20:13","guid":{"rendered":"https:\/\/ironsky.pl\/sklep\/produkt\/kontroler-dji-rc-motion-2-2\/"},"modified":"2026-04-15T10:20:20","modified_gmt":"2026-04-15T08:20:20","slug":"kontroler-dji-rc-motion-2-2","status":"publish","type":"product","link":"https:\/\/ironsky.pl\/sklep\/produkt\/kontroler-dji-rc-motion-2-2\/","title":{"rendered":"Kontroler DJI RC Motion 2"},"content":{"rendered":"<h3><img decoding=\"async\" src=\"https:\/\/b2b.innpro.pl\/data\/include\/cms\/12DJI\/rcmotion\/1.jpg\" border=\"0\" alt=\"12DJI\/rcmotion\/1\" \/><\/h3>\n<h3>DJI RC Motion 2<\/h3>\n<p>Steruj dronem za pomoc\u0105 ruch\u00f3w d\u0142oni. Wygodny w obs\u0142udze i intuicyjny kontroler DJI RC Motion 2 zapewni Ci jeszcze ciekawsze do\u015bwiadczenie kontroli i pozwoli czerpa\u0107 wi\u0119cej rado\u015bci z latania! Dzi\u0119ki niemu wystarczy delikatny obr\u00f3t nadgarstka, aby zmieni\u0107 kierunek lotu. Do dyspozycji masz tak\u017ce ulepszony joystick. Po\u0142\u0105cz kontroler z dronem DJI Avata i goglami DJI Goggles, przejmij stery i ciesz si\u0119 wymarzonym poziomem immersji!<\/p>\n<p><img decoding=\"async\" src=\"https:\/\/b2b.innpro.pl\/data\/include\/cms\/12DJI\/rcmotion\/2.jpg\" border=\"0\" alt=\"12DJI\/rcmotion\/2\" \/><\/p>\n<h3>Wygodna i intuicyjna kontrola<\/h3>\n<p>Poczuj si\u0119 jak prawdziwy pilot i do\u015bwiadcz niezapomnianych emocji. DJI RC Motion 2 wykorzystuje zaawansowan\u0105 technologi\u0119 wykrywania ruchu i jest bardzo wygodny w u\u017cyciu. Bez trudu obs\u0142u\u017cysz go jedn\u0105 r\u0119k\u0105 \u2013 jego spust, przycisk zmiany tryb\u00f3w czy przycisk blokady znajduj\u0105 si\u0119 w \u0142atwo dost\u0119pnych miejscach. Startuj i l\u0105duj, przyspieszaj, skr\u0119caj, cofaj i nie tylko \u2013 przekonaj si\u0119, jakie to proste!<\/p>\n<p><img decoding=\"async\" src=\"https:\/\/b2b.innpro.pl\/data\/include\/cms\/12DJI\/rcmotion\/3.jpg\" border=\"0\" alt=\"12DJI\/rcmotion\/3\" \/><\/p>\n<h3>Ulepszony joystick<\/h3>\n<p>Zyskaj jeszcze wi\u0119cej mo\u017cliwo\u015bci i niezr\u00f3wnan\u0105 precyzj\u0119. Ulepszony joystick kontrolera pozwoli Ci na znacznie p\u0142ynniejsz\u0105 kontrol\u0119 wysoko\u015bci i kierunku drona. Wi\u0119ksza dok\u0142adno\u015b\u0107 podczas startu i l\u0105dowania, bogatsza dynamika ruchu \u2013 z DJI RC Motion 2 zyskujesz to i wiele wi\u0119cej! Urz\u0105dzenie u\u0142atwi Ci r\u00f3wnie\u017c wykonywanie bardziej z\u0142o\u017conych manewr\u00f3w, na przyk\u0142ad szybkich zwrot\u00f3w w lewo i w prawo.<\/p>\n<p><img decoding=\"async\" src=\"https:\/\/b2b.innpro.pl\/data\/include\/cms\/12DJI\/rcmotion\/4.jpg\" border=\"0\" alt=\"12DJI\/rcmotion\/4\" \/><\/p>\n<h3>Ustawiaj parametry kamery<\/h3>\n<p>Za pomoc\u0105 DJI RC Motion 2 mo\u017cesz te\u017c wygodnie dostosowywa\u0107 wybrane parametry kamery. Pokr\u0119t\u0142o FN kontrolera pozwala na przyk\u0142ad na regulacj\u0119 ISO, migawki i nie tylko. Ju\u017c nie musisz za ka\u017cdym razem si\u0119ga\u0107 do gogli \u2013 teraz wszystko, czego potrzebujesz, masz zawsze pod r\u0119k\u0105! DJI RC Motion 2 nie tylko zapewni Ci ciekawsze do\u015bwiadczenie lotu, ale te\u017c u\u0142atwi tworzenie zapieraj\u0105cych dech w piersiach uj\u0119\u0107.<\/p>\n<p><img decoding=\"async\" src=\"https:\/\/b2b.innpro.pl\/data\/include\/cms\/12DJI\/rcmotion\/5.jpg\" border=\"0\" alt=\"12DJI\/rcmotion\/5\" \/><\/p>\n<h3>Nowy spust z funkcj\u0105 cofania<\/h3>\n<p>To nie koniec udogodnie\u0144. DJI RC Motion 2 u\u0142atwi Ci r\u00f3wnie\u017c loty w ciasnych przestrzeniach! Kontroler zosta\u0142 wyposa\u017cony w specjalny spust, kt\u00f3ry oferuje now\u0105 funkcj\u0119 cofania. Dzi\u0119ki temu mo\u017cesz w ka\u017cdej chwili bez problemu polecie\u0107 do ty\u0142u \u2013 zapomnij o konieczno\u015bci skr\u0119cania i zawracania! Je\u015bli Tw\u00f3j dron znajdzie si\u0119 w w\u0105skim miejscu, wystarczy, \u017ce wycofasz si\u0119 t\u0105 sam\u0105 drog\u0105, kt\u00f3r\u0105 wlecia\u0142e\u015b.<\/p>\n<p><img decoding=\"async\" src=\"https:\/\/b2b.innpro.pl\/data\/include\/cms\/12DJI\/rcmotion\/6.jpg\" border=\"0\" alt=\"12DJI\/rcmotion\/6\" \/><\/p>\n<h3>W zestawie<\/h3>\n<ul>\n<li>DJI RC Motion 2 x1<\/li>\n<li>Smycz x1<\/li>\n<\/ul>\n<div class=\"table-wrapper\">\n<table>\n<tbody>\n<tr>\n<th>Model<\/th>\n<td>RM220<\/td>\n<\/tr>\n<tr>\n<th>Waga<\/th>\n<td>Ok. 170 g<\/td>\n<\/tr>\n<tr>\n<th>Cz\u0119stotliwo\u015b\u0107 robocza<\/th>\n<td>2,4000-2,4835 GHz<br \/>5,725-5,850 GHz<\/p>\n<p>*Pasmo 5,8 GHz jest obecnie zakazane w niekt\u00f3rych pa\u0144stwach i regionach. Szczeg\u00f3\u0142owe informacje znale\u017a\u0107 mo\u017cna w lokalnych przepisach.<\/td>\n<\/tr>\n<tr>\n<th>Moc transmistera (EIRP)<\/th>\n<td>2,400-2,4835 GHz: &lt; 30 dBm (FCC), &lt; 20 dBm (CE \/ SRRC \/ MIC);<br \/>5,725-5,850 GHz: &lt; 30 dBm (FCC), &lt; 23 dBm (SRRC), &lt; 14 dBm (CE);<\/td>\n<\/tr>\n<tr>\n<th>Maks. zasi\u0119g transmisji (bez przeszk\u00f3d, bez zak\u0142\u00f3ce\u0144)<\/th>\n<td>10 km (FCC)<br \/>6 km (CE \/ SRRC \/ MIC)<\/p>\n<p>*W przypadku korzystania z r\u00f3\u017cnych dron\u00f3w kontroler automatycznie wybierze odpowiednie oprogramowanie, aby dopasowa\u0107 specyfikacj\u0119 transmisji wideo do konkretnego urz\u0105dzenia. Zmierzono w otwartym \u015brodowisku zewn\u0119trznym bez zak\u0142\u00f3ce\u0144. Rzeczywiste dane mog\u0105 si\u0119 r\u00f3\u017cni\u0107 w zale\u017cno\u015bci od \u015brodowiska pracy.<\/td>\n<\/tr>\n<tr>\n<th>Temperatura pracy<\/th>\n<td>Od -10\u00b0C do 40\u00b0C (od 14\u00b0F do 104\u00b0F)<\/td>\n<\/tr>\n<tr>\n<th>Czas pracy<\/th>\n<td>Ok. 5 h<\/p>\n<p>*Zmierzono przy temperaturze otoczenia 25\u00b0C (77\u00b0F), po po\u0142\u0105czeniu z dronem DJI Avata i w stanie stacjonarnym.<\/td>\n<\/tr>\n<\/tbody>\n<\/table>\n<\/div>\n","protected":false},"excerpt":{"rendered":"<p>DJI RC Motion 2 Steruj dronem za pomoc\u0105 ruch\u00f3w d\u0142oni. Wygodny w obs\u0142udze i intuicyjny kontroler DJI RC Motion 2<\/p>\n","protected":false},"featured_media":56908,"comment_status":"closed","ping_status":"open","template":"","meta":{"_acf_changed":false},"product_brand":[],"product_cat":[6167,6170,1088],"product_tag":[],"class_list":{"0":"post-56907","1":"product","2":"type-product","3":"status-publish","4":"has-post-thumbnail","6":"product_cat-akcesoria-do-dronow","7":"product_cat-dji-akcesoria-do-dronow","8":"product_cat-drony","9":"pa_okres-gwarancji-5757","10":"pa_producent-dji","12":"first","13":"outofstock","14":"taxable","15":"shipping-taxable","16":"purchasable","17":"product-type-simple"},"acf":[],"yoast_head":"<!-- This site is optimized with the Yoast SEO plugin v27.2 - https:\/\/yoast.com\/product\/yoast-seo-wordpress\/ -->\n<title>Kontroler DJI RC Motion 2 - IRONSKY.PL Sklep z Dronami<\/title>\n<meta name=\"description\" content=\"Kontroler DJI RC Motion 2 - \u2705 sklep z dronami i fachowym doradztwem. \u2705 Tutaj kupisz produkty DJI, Yuneec, Parrot, Syma i wiele innych, a tak\u017ce kursy i licencje na operatora drona.\" \/>\n<meta name=\"robots\" content=\"index, follow, max-snippet:-1, max-image-preview:large, max-video-preview:-1\" \/>\n<link rel=\"canonical\" href=\"https:\/\/ironsky.pl\/sklep\/produkt\/kontroler-dji-rc-motion-2-2\/\" \/>\n<meta property=\"og:locale\" content=\"pl_PL\" \/>\n<meta property=\"og:type\" content=\"article\" \/>\n<meta property=\"og:title\" content=\"Kontroler DJI RC Motion 2 - IRONSKY.PL Sklep z Dronami\" \/>\n<meta property=\"og:description\" content=\"Kontroler DJI RC Motion 2 - \u2705 sklep z dronami i fachowym doradztwem. \u2705 Tutaj kupisz produkty DJI, Yuneec, Parrot, Syma i wiele innych, a tak\u017ce kursy i licencje na operatora drona.\" \/>\n<meta property=\"og:url\" content=\"https:\/\/ironsky.pl\/sklep\/produkt\/kontroler-dji-rc-motion-2-2\/\" \/>\n<meta property=\"og:site_name\" content=\"IRONSKY.PL Sklep z Dronami\" \/>\n<meta property=\"article:modified_time\" content=\"2026-04-15T08:20:20+00:00\" \/>\n<meta property=\"og:image\" content=\"https:\/\/ironsky.pl\/sklep\/wp-content\/uploads\/2026\/04\/30883_1.jpg\" \/>\n\t<meta property=\"og:image:width\" content=\"800\" \/>\n\t<meta property=\"og:image:height\" content=\"800\" \/>\n\t<meta property=\"og:image:type\" content=\"image\/jpeg\" \/>\n<meta name=\"twitter:card\" content=\"summary_large_image\" \/>\n<meta name=\"twitter:label1\" content=\"Szacowany czas czytania\" \/>\n\t<meta name=\"twitter:data1\" content=\"3 minuty\" \/>\n<script type=\"application\/ld+json\" class=\"yoast-schema-graph\">{\"@context\":\"https:\/\/schema.org\",\"@graph\":[{\"@type\":\"WebPage\",\"@id\":\"https:\/\/ironsky.pl\/sklep\/produkt\/kontroler-dji-rc-motion-2-2\/\",\"url\":\"https:\/\/ironsky.pl\/sklep\/produkt\/kontroler-dji-rc-motion-2-2\/\",\"name\":\"Kontroler DJI RC Motion 2 - IRONSKY.PL Sklep z Dronami\",\"isPartOf\":{\"@id\":\"https:\/\/ironsky.pl\/sklep\/#website\"},\"primaryImageOfPage\":{\"@id\":\"https:\/\/ironsky.pl\/sklep\/produkt\/kontroler-dji-rc-motion-2-2\/#primaryimage\"},\"image\":{\"@id\":\"https:\/\/ironsky.pl\/sklep\/produkt\/kontroler-dji-rc-motion-2-2\/#primaryimage\"},\"thumbnailUrl\":\"https:\/\/ironsky.pl\/sklep\/wp-content\/uploads\/2026\/04\/30883_1.jpg\",\"datePublished\":\"2026-04-15T08:20:13+00:00\",\"dateModified\":\"2026-04-15T08:20:20+00:00\",\"description\":\"Kontroler DJI RC Motion 2 - \u2705 sklep z dronami i fachowym doradztwem. \u2705 Tutaj kupisz produkty DJI, Yuneec, Parrot, Syma i wiele innych, a tak\u017ce kursy i licencje na operatora drona.\",\"breadcrumb\":{\"@id\":\"https:\/\/ironsky.pl\/sklep\/produkt\/kontroler-dji-rc-motion-2-2\/#breadcrumb\"},\"inLanguage\":\"pl-PL\",\"potentialAction\":[{\"@type\":\"ReadAction\",\"target\":[\"https:\/\/ironsky.pl\/sklep\/produkt\/kontroler-dji-rc-motion-2-2\/\"]}]},{\"@type\":\"ImageObject\",\"inLanguage\":\"pl-PL\",\"@id\":\"https:\/\/ironsky.pl\/sklep\/produkt\/kontroler-dji-rc-motion-2-2\/#primaryimage\",\"url\":\"https:\/\/ironsky.pl\/sklep\/wp-content\/uploads\/2026\/04\/30883_1.jpg\",\"contentUrl\":\"https:\/\/ironsky.pl\/sklep\/wp-content\/uploads\/2026\/04\/30883_1.jpg\",\"width\":800,\"height\":800},{\"@type\":\"BreadcrumbList\",\"@id\":\"https:\/\/ironsky.pl\/sklep\/produkt\/kontroler-dji-rc-motion-2-2\/#breadcrumb\",\"itemListElement\":[{\"@type\":\"ListItem\",\"position\":1,\"name\":\"Strona g\u0142\u00f3wna\",\"item\":\"https:\/\/ironsky.pl\/sklep\/\"},{\"@type\":\"ListItem\",\"position\":2,\"name\":\"Wszystkie produkty\",\"item\":\"https:\/\/ironsky.pl\/sklep\/produkty\/\"},{\"@type\":\"ListItem\",\"position\":3,\"name\":\"Kontroler DJI RC Motion 2\"}]},{\"@type\":\"WebSite\",\"@id\":\"https:\/\/ironsky.pl\/sklep\/#website\",\"url\":\"https:\/\/ironsky.pl\/sklep\/\",\"name\":\"IRONSKY.PL Sklep z Dronami\",\"description\":\"IRONSKY.PL Sklep z Dronami\",\"potentialAction\":[{\"@type\":\"SearchAction\",\"target\":{\"@type\":\"EntryPoint\",\"urlTemplate\":\"https:\/\/ironsky.pl\/sklep\/?s={search_term_string}\"},\"query-input\":{\"@type\":\"PropertyValueSpecification\",\"valueRequired\":true,\"valueName\":\"search_term_string\"}}],\"inLanguage\":\"pl-PL\"}]}<\/script>\n<!-- \/ Yoast SEO plugin. -->","yoast_head_json":{"title":"Kontroler DJI RC Motion 2 - IRONSKY.PL Sklep z Dronami","description":"Kontroler DJI RC Motion 2 - \u2705 sklep z dronami i fachowym doradztwem. \u2705 Tutaj kupisz produkty DJI, Yuneec, Parrot, Syma i wiele innych, a tak\u017ce kursy i licencje na operatora drona.","robots":{"index":"index","follow":"follow","max-snippet":"max-snippet:-1","max-image-preview":"max-image-preview:large","max-video-preview":"max-video-preview:-1"},"canonical":"https:\/\/ironsky.pl\/sklep\/produkt\/kontroler-dji-rc-motion-2-2\/","og_locale":"pl_PL","og_type":"article","og_title":"Kontroler DJI RC Motion 2 - IRONSKY.PL Sklep z Dronami","og_description":"Kontroler DJI RC Motion 2 - \u2705 sklep z dronami i fachowym doradztwem. \u2705 Tutaj kupisz produkty DJI, Yuneec, Parrot, Syma i wiele innych, a tak\u017ce kursy i licencje na operatora drona.","og_url":"https:\/\/ironsky.pl\/sklep\/produkt\/kontroler-dji-rc-motion-2-2\/","og_site_name":"IRONSKY.PL Sklep z Dronami","article_modified_time":"2026-04-15T08:20:20+00:00","og_image":[{"width":800,"height":800,"url":"https:\/\/ironsky.pl\/sklep\/wp-content\/uploads\/2026\/04\/30883_1.jpg","type":"image\/jpeg"}],"twitter_card":"summary_large_image","twitter_misc":{"Szacowany czas czytania":"3 minuty"},"schema":{"@context":"https:\/\/schema.org","@graph":[{"@type":"WebPage","@id":"https:\/\/ironsky.pl\/sklep\/produkt\/kontroler-dji-rc-motion-2-2\/","url":"https:\/\/ironsky.pl\/sklep\/produkt\/kontroler-dji-rc-motion-2-2\/","name":"Kontroler DJI RC Motion 2 - IRONSKY.PL Sklep z Dronami","isPartOf":{"@id":"https:\/\/ironsky.pl\/sklep\/#website"},"primaryImageOfPage":{"@id":"https:\/\/ironsky.pl\/sklep\/produkt\/kontroler-dji-rc-motion-2-2\/#primaryimage"},"image":{"@id":"https:\/\/ironsky.pl\/sklep\/produkt\/kontroler-dji-rc-motion-2-2\/#primaryimage"},"thumbnailUrl":"https:\/\/ironsky.pl\/sklep\/wp-content\/uploads\/2026\/04\/30883_1.jpg","datePublished":"2026-04-15T08:20:13+00:00","dateModified":"2026-04-15T08:20:20+00:00","description":"Kontroler DJI RC Motion 2 - \u2705 sklep z dronami i fachowym doradztwem. \u2705 Tutaj kupisz produkty DJI, Yuneec, Parrot, Syma i wiele innych, a tak\u017ce kursy i licencje na operatora drona.","breadcrumb":{"@id":"https:\/\/ironsky.pl\/sklep\/produkt\/kontroler-dji-rc-motion-2-2\/#breadcrumb"},"inLanguage":"pl-PL","potentialAction":[{"@type":"ReadAction","target":["https:\/\/ironsky.pl\/sklep\/produkt\/kontroler-dji-rc-motion-2-2\/"]}]},{"@type":"ImageObject","inLanguage":"pl-PL","@id":"https:\/\/ironsky.pl\/sklep\/produkt\/kontroler-dji-rc-motion-2-2\/#primaryimage","url":"https:\/\/ironsky.pl\/sklep\/wp-content\/uploads\/2026\/04\/30883_1.jpg","contentUrl":"https:\/\/ironsky.pl\/sklep\/wp-content\/uploads\/2026\/04\/30883_1.jpg","width":800,"height":800},{"@type":"BreadcrumbList","@id":"https:\/\/ironsky.pl\/sklep\/produkt\/kontroler-dji-rc-motion-2-2\/#breadcrumb","itemListElement":[{"@type":"ListItem","position":1,"name":"Strona g\u0142\u00f3wna","item":"https:\/\/ironsky.pl\/sklep\/"},{"@type":"ListItem","position":2,"name":"Wszystkie produkty","item":"https:\/\/ironsky.pl\/sklep\/produkty\/"},{"@type":"ListItem","position":3,"name":"Kontroler DJI RC Motion 2"}]},{"@type":"WebSite","@id":"https:\/\/ironsky.pl\/sklep\/#website","url":"https:\/\/ironsky.pl\/sklep\/","name":"IRONSKY.PL Sklep z Dronami","description":"IRONSKY.PL Sklep z Dronami","potentialAction":[{"@type":"SearchAction","target":{"@type":"EntryPoint","urlTemplate":"https:\/\/ironsky.pl\/sklep\/?s={search_term_string}"},"query-input":{"@type":"PropertyValueSpecification","valueRequired":true,"valueName":"search_term_string"}}],"inLanguage":"pl-PL"}]}},"_links":{"self":[{"href":"https:\/\/ironsky.pl\/sklep\/wp-json\/wp\/v2\/product\/56907","targetHints":{"allow":["GET"]}}],"collection":[{"href":"https:\/\/ironsky.pl\/sklep\/wp-json\/wp\/v2\/product"}],"about":[{"href":"https:\/\/ironsky.pl\/sklep\/wp-json\/wp\/v2\/types\/product"}],"replies":[{"embeddable":true,"href":"https:\/\/ironsky.pl\/sklep\/wp-json\/wp\/v2\/comments?post=56907"}],"wp:featuredmedia":[{"embeddable":true,"href":"https:\/\/ironsky.pl\/sklep\/wp-json\/wp\/v2\/media\/56908"}],"wp:attachment":[{"href":"https:\/\/ironsky.pl\/sklep\/wp-json\/wp\/v2\/media?parent=56907"}],"wp:term":[{"taxonomy":"product_brand","embeddable":true,"href":"https:\/\/ironsky.pl\/sklep\/wp-json\/wp\/v2\/product_brand?post=56907"},{"taxonomy":"product_cat","embeddable":true,"href":"https:\/\/ironsky.pl\/sklep\/wp-json\/wp\/v2\/product_cat?post=56907"},{"taxonomy":"product_tag","embeddable":true,"href":"https:\/\/ironsky.pl\/sklep\/wp-json\/wp\/v2\/product_tag?post=56907"}],"curies":[{"name":"wp","href":"https:\/\/api.w.org\/{rel}","templated":true}]}}