{"id":56899,"date":"2026-04-15T10:19:27","date_gmt":"2026-04-15T08:19:27","guid":{"rendered":"https:\/\/ironsky.pl\/sklep\/produkt\/filtr-cpl-freewell-do-gopro-hero-9-10-11-12\/"},"modified":"2026-04-15T10:20:12","modified_gmt":"2026-04-15T08:20:12","slug":"filtr-cpl-freewell-do-gopro-hero-9-10-11-12","status":"publish","type":"product","link":"https:\/\/ironsky.pl\/sklep\/produkt\/filtr-cpl-freewell-do-gopro-hero-9-10-11-12\/","title":{"rendered":"Filtr CPL FREEWELL do GoPro HERO 9\/10\/11\/12"},"content":{"rendered":"<h3>Filtr Freewell CPL do GoPro\u00a0HERO 9\/10\/11\/12<\/h3>\n<p>Filtr Frewell zaprojektowany specjalnie dla modeli GoPro HERO 9\/10\/11\/12. Filtry optyczne CPL (Circular Polarizing Filter) charakteryzuj\u0105 si\u0119 tym, \u017ce redukuj\u0105 odblaski \u015bwiat\u0142a, poprawiaj\u0105 nasycenie kolor\u00f3w oraz kontrast, a tak\u017ce zwi\u0119kszaj\u0105 g\u0142\u0119bi\u0119 pola ostro\u015bci. S\u0105 one szczeg\u00f3lnie przydatne w fotografii krajobrazowej, gdzie cz\u0119sto wyst\u0119puj\u0105 odblaski na wodzie, li\u015bciach, czy oknach. Filtr wyr\u00f3\u017cnia si\u0119 wysokiej jako\u015bci wykonaniem i przeszed\u0142 szereg test\u00f3w potwierdzaj\u0105cych bezpiecze\u0144stwo dla Twoich urz\u0105dze\u0144. W zestawie znajdziesz r\u00f3wnie\u017c etui na filtr.<\/p>\n<p><img decoding=\"async\" src=\"https:\/\/b2b.innpro.pl\/data\/include\/cms\/Freewell\/FW-H9B-CPL\/1.jpg\" border=\"0\" alt=\"Freewell\/FW-H9B-CPL\/1\" \/><\/p>\n<h3>Zadbaj o wysok\u0105 jako\u015b\u0107 swoich zdj\u0119\u0107<\/h3>\n<p>Ten ko\u0142owy filtr polaryzacyjny zosta\u0142 zaprojektowany po to, by zredukowa\u0107 odbijaj\u0105ce si\u0119 od r\u00f3\u017cnych powierzchni \u015bwiat\u0142o, zapewniaj\u0105c jednocze\u015bnie neutralno\u015b\u0107 kolor\u00f3w. Lekki filtr CPL jest pokryty specjaln\u0105 pow\u0142ok\u0105, kt\u00f3ra zapewnia optymaln\u0105 jako\u015b\u0107 obrazu. Twoje zdj\u0119cia mog\u0105 zyska\u0107 jeszcze wi\u0119ksz\u0105 g\u0142\u0119bi\u0119 i b\u0119d\u0105 zachwyca\u0107 naturalnym, klarownym obrazem!<\/p>\n<p><img decoding=\"async\" src=\"https:\/\/b2b.innpro.pl\/data\/include\/cms\/Freewell\/FW-H9B-CPL\/2.jpg\" border=\"0\" alt=\"Freewell\/FW-H9B-CPL\/2\" \/><\/p>\n<h3>Ochronna pow\u0142oka<\/h3>\n<p>Dla uzyskania najlepszych efekt\u00f3w w czasie fotografowania w plenerze, filtr zyska\u0142 specjaln\u0105 pow\u0142ok\u0119, dzi\u0119ki czemu jest on py\u0142oszczelny i odporny na zarysowania. Co wi\u0119cej, warstwa oleofobowa zapobiega t\u0142ustym plamom i odciskom palc\u00f3w, dzi\u0119ki czemu utrzymanie filtra w czysto\u015bci nie b\u0119dzie stanowi\u0142o problemu. W zestawie znajdziesz te\u017c etui, kt\u00f3re u\u0142atwi Ci przechowywanie filtra.<\/p>\n<p><img decoding=\"async\" src=\"https:\/\/b2b.innpro.pl\/data\/include\/cms\/Freewell\/FW-H9B-CPL\/4.jpg\" border=\"0\" alt=\"Freewell\/FW-H9B-CPL\/4\" \/><\/p>\n<h3>W zestawie<\/h3>\n<ul>\n<li>Filtr<\/li>\n<li>Etui<\/li>\n<\/ul>\n<div class=\"table-wrapper\">\n<table>\n<tbody>\n<tr>\n<th>Producent<\/th>\n<td>Freewell<\/td>\n<\/tr>\n<tr>\n<th>Model<\/th>\n<td>FW-H9B-CPL<\/td>\n<\/tr>\n<tr>\n<th>Kompatybilno\u015b\u0107<\/th>\n<td>GoPro\u00a0HERO 9\/10\/11\/12<\/td>\n<\/tr>\n<tr>\n<th>Typ filtra<\/th>\n<td>CPL<\/td>\n<\/tr>\n<tr>\n<th>Pow\u0142oki optyczne<\/th>\n<td>Py\u0142oszczelna, odporna na zarysowania, olejoodporna<\/td>\n<\/tr>\n<\/tbody>\n<\/table>\n<\/div>\n","protected":false},"excerpt":{"rendered":"<p>Filtr Freewell CPL do GoPro\u00a0HERO 9\/10\/11\/12 Filtr Frewell zaprojektowany specjalnie dla modeli GoPro HERO 9\/10\/11\/12. Filtry optyczne CPL (Circular Polarizing<\/p>\n","protected":false},"featured_media":56900,"comment_status":"closed","ping_status":"open","template":"","meta":{"_acf_changed":false},"product_brand":[],"product_cat":[1130,1137,1128],"product_tag":[],"class_list":{"0":"post-56899","1":"product","2":"type-product","3":"status-publish","4":"has-post-thumbnail","6":"product_cat-akcesoria-foto","7":"product_cat-do-kamer-sportowych","8":"product_cat-foto-wideo","9":"pa_okres-gwarancji-5754","10":"pa_producent-freewell","12":"first","13":"outofstock","14":"taxable","15":"shipping-taxable","16":"purchasable","17":"product-type-simple"},"acf":[],"yoast_head":"<!-- This site is optimized with the Yoast SEO plugin v27.2 - https:\/\/yoast.com\/product\/yoast-seo-wordpress\/ -->\n<title>Filtr CPL FREEWELL do GoPro HERO 9\/10\/11\/12 - IRONSKY.PL Sklep z Dronami<\/title>\n<meta name=\"description\" content=\"Filtr CPL FREEWELL do GoPro HERO 9\/10\/11\/12 - \u2705 sklep z dronami i fachowym doradztwem. \u2705 Tutaj kupisz produkty DJI, Yuneec, Parrot, Syma i wiele innych, a tak\u017ce kursy i licencje na operatora drona.\" \/>\n<meta name=\"robots\" content=\"index, follow, max-snippet:-1, max-image-preview:large, max-video-preview:-1\" \/>\n<link rel=\"canonical\" href=\"https:\/\/ironsky.pl\/sklep\/produkt\/filtr-cpl-freewell-do-gopro-hero-9-10-11-12\/\" \/>\n<meta property=\"og:locale\" content=\"pl_PL\" \/>\n<meta property=\"og:type\" content=\"article\" \/>\n<meta property=\"og:title\" content=\"Filtr CPL FREEWELL do GoPro HERO 9\/10\/11\/12 - IRONSKY.PL Sklep z Dronami\" \/>\n<meta property=\"og:description\" content=\"Filtr CPL FREEWELL do GoPro HERO 9\/10\/11\/12 - \u2705 sklep z dronami i fachowym doradztwem. \u2705 Tutaj kupisz produkty DJI, Yuneec, Parrot, Syma i wiele innych, a tak\u017ce kursy i licencje na operatora drona.\" \/>\n<meta property=\"og:url\" content=\"https:\/\/ironsky.pl\/sklep\/produkt\/filtr-cpl-freewell-do-gopro-hero-9-10-11-12\/\" \/>\n<meta property=\"og:site_name\" content=\"IRONSKY.PL Sklep z Dronami\" \/>\n<meta property=\"article:modified_time\" content=\"2026-04-15T08:20:12+00:00\" \/>\n<meta property=\"og:image\" content=\"https:\/\/ironsky.pl\/sklep\/wp-content\/uploads\/2026\/04\/30764_1.jpg\" \/>\n\t<meta property=\"og:image:width\" content=\"800\" \/>\n\t<meta property=\"og:image:height\" content=\"800\" \/>\n\t<meta property=\"og:image:type\" content=\"image\/jpeg\" \/>\n<meta name=\"twitter:card\" content=\"summary_large_image\" \/>\n<meta name=\"twitter:label1\" content=\"Szacowany czas czytania\" \/>\n\t<meta name=\"twitter:data1\" content=\"1 minuta\" \/>\n<script type=\"application\/ld+json\" class=\"yoast-schema-graph\">{\"@context\":\"https:\/\/schema.org\",\"@graph\":[{\"@type\":\"WebPage\",\"@id\":\"https:\/\/ironsky.pl\/sklep\/produkt\/filtr-cpl-freewell-do-gopro-hero-9-10-11-12\/\",\"url\":\"https:\/\/ironsky.pl\/sklep\/produkt\/filtr-cpl-freewell-do-gopro-hero-9-10-11-12\/\",\"name\":\"Filtr CPL FREEWELL do GoPro HERO 9\/10\/11\/12 - IRONSKY.PL Sklep z Dronami\",\"isPartOf\":{\"@id\":\"https:\/\/ironsky.pl\/sklep\/#website\"},\"primaryImageOfPage\":{\"@id\":\"https:\/\/ironsky.pl\/sklep\/produkt\/filtr-cpl-freewell-do-gopro-hero-9-10-11-12\/#primaryimage\"},\"image\":{\"@id\":\"https:\/\/ironsky.pl\/sklep\/produkt\/filtr-cpl-freewell-do-gopro-hero-9-10-11-12\/#primaryimage\"},\"thumbnailUrl\":\"https:\/\/ironsky.pl\/sklep\/wp-content\/uploads\/2026\/04\/30764_1.jpg\",\"datePublished\":\"2026-04-15T08:19:27+00:00\",\"dateModified\":\"2026-04-15T08:20:12+00:00\",\"description\":\"Filtr CPL FREEWELL do GoPro HERO 9\/10\/11\/12 - \u2705 sklep z dronami i fachowym doradztwem. \u2705 Tutaj kupisz produkty DJI, Yuneec, Parrot, Syma i wiele innych, a tak\u017ce kursy i licencje na operatora drona.\",\"breadcrumb\":{\"@id\":\"https:\/\/ironsky.pl\/sklep\/produkt\/filtr-cpl-freewell-do-gopro-hero-9-10-11-12\/#breadcrumb\"},\"inLanguage\":\"pl-PL\",\"potentialAction\":[{\"@type\":\"ReadAction\",\"target\":[\"https:\/\/ironsky.pl\/sklep\/produkt\/filtr-cpl-freewell-do-gopro-hero-9-10-11-12\/\"]}]},{\"@type\":\"ImageObject\",\"inLanguage\":\"pl-PL\",\"@id\":\"https:\/\/ironsky.pl\/sklep\/produkt\/filtr-cpl-freewell-do-gopro-hero-9-10-11-12\/#primaryimage\",\"url\":\"https:\/\/ironsky.pl\/sklep\/wp-content\/uploads\/2026\/04\/30764_1.jpg\",\"contentUrl\":\"https:\/\/ironsky.pl\/sklep\/wp-content\/uploads\/2026\/04\/30764_1.jpg\",\"width\":800,\"height\":800},{\"@type\":\"BreadcrumbList\",\"@id\":\"https:\/\/ironsky.pl\/sklep\/produkt\/filtr-cpl-freewell-do-gopro-hero-9-10-11-12\/#breadcrumb\",\"itemListElement\":[{\"@type\":\"ListItem\",\"position\":1,\"name\":\"Strona g\u0142\u00f3wna\",\"item\":\"https:\/\/ironsky.pl\/sklep\/\"},{\"@type\":\"ListItem\",\"position\":2,\"name\":\"Wszystkie produkty\",\"item\":\"https:\/\/ironsky.pl\/sklep\/produkty\/\"},{\"@type\":\"ListItem\",\"position\":3,\"name\":\"Filtr CPL FREEWELL do GoPro HERO 9\/10\/11\/12\"}]},{\"@type\":\"WebSite\",\"@id\":\"https:\/\/ironsky.pl\/sklep\/#website\",\"url\":\"https:\/\/ironsky.pl\/sklep\/\",\"name\":\"IRONSKY.PL Sklep z Dronami\",\"description\":\"IRONSKY.PL Sklep z Dronami\",\"potentialAction\":[{\"@type\":\"SearchAction\",\"target\":{\"@type\":\"EntryPoint\",\"urlTemplate\":\"https:\/\/ironsky.pl\/sklep\/?s={search_term_string}\"},\"query-input\":{\"@type\":\"PropertyValueSpecification\",\"valueRequired\":true,\"valueName\":\"search_term_string\"}}],\"inLanguage\":\"pl-PL\"}]}<\/script>\n<!-- \/ Yoast SEO plugin. -->","yoast_head_json":{"title":"Filtr CPL FREEWELL do GoPro HERO 9\/10\/11\/12 - IRONSKY.PL Sklep z Dronami","description":"Filtr CPL FREEWELL do GoPro HERO 9\/10\/11\/12 - \u2705 sklep z dronami i fachowym doradztwem. \u2705 Tutaj kupisz produkty DJI, Yuneec, Parrot, Syma i wiele innych, a tak\u017ce kursy i licencje na operatora drona.","robots":{"index":"index","follow":"follow","max-snippet":"max-snippet:-1","max-image-preview":"max-image-preview:large","max-video-preview":"max-video-preview:-1"},"canonical":"https:\/\/ironsky.pl\/sklep\/produkt\/filtr-cpl-freewell-do-gopro-hero-9-10-11-12\/","og_locale":"pl_PL","og_type":"article","og_title":"Filtr CPL FREEWELL do GoPro HERO 9\/10\/11\/12 - IRONSKY.PL Sklep z Dronami","og_description":"Filtr CPL FREEWELL do GoPro HERO 9\/10\/11\/12 - \u2705 sklep z dronami i fachowym doradztwem. \u2705 Tutaj kupisz produkty DJI, Yuneec, Parrot, Syma i wiele innych, a tak\u017ce kursy i licencje na operatora drona.","og_url":"https:\/\/ironsky.pl\/sklep\/produkt\/filtr-cpl-freewell-do-gopro-hero-9-10-11-12\/","og_site_name":"IRONSKY.PL Sklep z Dronami","article_modified_time":"2026-04-15T08:20:12+00:00","og_image":[{"width":800,"height":800,"url":"https:\/\/ironsky.pl\/sklep\/wp-content\/uploads\/2026\/04\/30764_1.jpg","type":"image\/jpeg"}],"twitter_card":"summary_large_image","twitter_misc":{"Szacowany czas czytania":"1 minuta"},"schema":{"@context":"https:\/\/schema.org","@graph":[{"@type":"WebPage","@id":"https:\/\/ironsky.pl\/sklep\/produkt\/filtr-cpl-freewell-do-gopro-hero-9-10-11-12\/","url":"https:\/\/ironsky.pl\/sklep\/produkt\/filtr-cpl-freewell-do-gopro-hero-9-10-11-12\/","name":"Filtr CPL FREEWELL do GoPro HERO 9\/10\/11\/12 - IRONSKY.PL Sklep z Dronami","isPartOf":{"@id":"https:\/\/ironsky.pl\/sklep\/#website"},"primaryImageOfPage":{"@id":"https:\/\/ironsky.pl\/sklep\/produkt\/filtr-cpl-freewell-do-gopro-hero-9-10-11-12\/#primaryimage"},"image":{"@id":"https:\/\/ironsky.pl\/sklep\/produkt\/filtr-cpl-freewell-do-gopro-hero-9-10-11-12\/#primaryimage"},"thumbnailUrl":"https:\/\/ironsky.pl\/sklep\/wp-content\/uploads\/2026\/04\/30764_1.jpg","datePublished":"2026-04-15T08:19:27+00:00","dateModified":"2026-04-15T08:20:12+00:00","description":"Filtr CPL FREEWELL do GoPro HERO 9\/10\/11\/12 - \u2705 sklep z dronami i fachowym doradztwem. \u2705 Tutaj kupisz produkty DJI, Yuneec, Parrot, Syma i wiele innych, a tak\u017ce kursy i licencje na operatora drona.","breadcrumb":{"@id":"https:\/\/ironsky.pl\/sklep\/produkt\/filtr-cpl-freewell-do-gopro-hero-9-10-11-12\/#breadcrumb"},"inLanguage":"pl-PL","potentialAction":[{"@type":"ReadAction","target":["https:\/\/ironsky.pl\/sklep\/produkt\/filtr-cpl-freewell-do-gopro-hero-9-10-11-12\/"]}]},{"@type":"ImageObject","inLanguage":"pl-PL","@id":"https:\/\/ironsky.pl\/sklep\/produkt\/filtr-cpl-freewell-do-gopro-hero-9-10-11-12\/#primaryimage","url":"https:\/\/ironsky.pl\/sklep\/wp-content\/uploads\/2026\/04\/30764_1.jpg","contentUrl":"https:\/\/ironsky.pl\/sklep\/wp-content\/uploads\/2026\/04\/30764_1.jpg","width":800,"height":800},{"@type":"BreadcrumbList","@id":"https:\/\/ironsky.pl\/sklep\/produkt\/filtr-cpl-freewell-do-gopro-hero-9-10-11-12\/#breadcrumb","itemListElement":[{"@type":"ListItem","position":1,"name":"Strona g\u0142\u00f3wna","item":"https:\/\/ironsky.pl\/sklep\/"},{"@type":"ListItem","position":2,"name":"Wszystkie produkty","item":"https:\/\/ironsky.pl\/sklep\/produkty\/"},{"@type":"ListItem","position":3,"name":"Filtr CPL FREEWELL do GoPro HERO 9\/10\/11\/12"}]},{"@type":"WebSite","@id":"https:\/\/ironsky.pl\/sklep\/#website","url":"https:\/\/ironsky.pl\/sklep\/","name":"IRONSKY.PL Sklep z Dronami","description":"IRONSKY.PL Sklep z Dronami","potentialAction":[{"@type":"SearchAction","target":{"@type":"EntryPoint","urlTemplate":"https:\/\/ironsky.pl\/sklep\/?s={search_term_string}"},"query-input":{"@type":"PropertyValueSpecification","valueRequired":true,"valueName":"search_term_string"}}],"inLanguage":"pl-PL"}]}},"_links":{"self":[{"href":"https:\/\/ironsky.pl\/sklep\/wp-json\/wp\/v2\/product\/56899","targetHints":{"allow":["GET"]}}],"collection":[{"href":"https:\/\/ironsky.pl\/sklep\/wp-json\/wp\/v2\/product"}],"about":[{"href":"https:\/\/ironsky.pl\/sklep\/wp-json\/wp\/v2\/types\/product"}],"replies":[{"embeddable":true,"href":"https:\/\/ironsky.pl\/sklep\/wp-json\/wp\/v2\/comments?post=56899"}],"wp:featuredmedia":[{"embeddable":true,"href":"https:\/\/ironsky.pl\/sklep\/wp-json\/wp\/v2\/media\/56900"}],"wp:attachment":[{"href":"https:\/\/ironsky.pl\/sklep\/wp-json\/wp\/v2\/media?parent=56899"}],"wp:term":[{"taxonomy":"product_brand","embeddable":true,"href":"https:\/\/ironsky.pl\/sklep\/wp-json\/wp\/v2\/product_brand?post=56899"},{"taxonomy":"product_cat","embeddable":true,"href":"https:\/\/ironsky.pl\/sklep\/wp-json\/wp\/v2\/product_cat?post=56899"},{"taxonomy":"product_tag","embeddable":true,"href":"https:\/\/ironsky.pl\/sklep\/wp-json\/wp\/v2\/product_tag?post=56899"}],"curies":[{"name":"wp","href":"https:\/\/api.w.org\/{rel}","templated":true}]}}