{"id":56891,"date":"2026-04-15T10:19:27","date_gmt":"2026-04-15T08:19:27","guid":{"rendered":"https:\/\/ironsky.pl\/sklep\/produkt\/zestaw-filtrow-freewell-all-day-nd4-8-16-32-64-1000-dji-mini-3-pro-3\/"},"modified":"2026-04-15T10:20:00","modified_gmt":"2026-04-15T08:20:00","slug":"zestaw-filtrow-freewell-all-day-nd4-8-16-32-64-1000-dji-mini-3-pro-3","status":"publish","type":"product","link":"https:\/\/ironsky.pl\/sklep\/produkt\/zestaw-filtrow-freewell-all-day-nd4-8-16-32-64-1000-dji-mini-3-pro-3\/","title":{"rendered":"Zestaw filtr\u00f3w FREEWELL All Day ND4\/8\/16\/32\/64\/1000 DJI Mini 3 Pro\/3"},"content":{"rendered":"<h3>Zestaw 6 filtr\u00f3w Freewell All Day do DJI Mini 3 Pro \/ Mini 3<\/h3>\n<p>All Day Kit to zestaw 6 filtr\u00f3w przeznaczonych do DJI Mini 3 Pro \/ Mini 3. W jego sk\u0142ad wchodz\u0105 filtry ND4, ND8, ND16, ND32, ND64 i ND1000, dzi\u0119ki kt\u00f3rym mo\u017cesz zredukowa\u0107 ilo\u015b\u0107 wpadaj\u0105cego do soczewki \u015bwiat\u0142a, a tak\u017ce osi\u0105gn\u0105\u0107 zaawansowane efekty, w tym wyd\u0142u\u017cy\u0107 czas na\u015bwietlania. Tw\u00f3rz zapieraj\u0105ce dech w piersiach zdj\u0119cia i eksperymentuj z filtrami Freewell! W zestawie znajdziesz specjalne etui do przechowywania filtr\u00f3w.<\/p>\n<p>\n<img decoding=\"async\" src=\"https:\/\/assets.innpro.pl\/8632\/10083\/1.jpg\" border=\"0\" \/>\n<\/p>\n<h3>Zachwycaj\u0105ce rezultaty<\/h3>\n<p>Filtry optyczne ND (Neutral Density) pozwalaj\u0105 na redukcj\u0119 ilo\u015bci \u015bwiat\u0142a docieraj\u0105cego do matrycy aparatu fotograficznego, lub kamery bez zmiany barwy lub tonacji zdj\u0119cia. Akcesoria s\u0105 bardzo przydatne w przypadku, gdy potrzebujemy wyd\u0142u\u017cy\u0107 czas na\u015bwietlania lub zwi\u0119kszy\u0107 g\u0142\u0119bi\u0119 ostro\u015bci, ale przy tym zachowa\u0107 odpowiedni\u0105 ekspozycj\u0119. Filtr ND1000 pozwala na zmniejszenie ilo\u015bci \u015bwiat\u0142a o 10 przes\u0142on, co oznacza, \u017ce tylko 0,1% \u015bwiat\u0142a dociera do matrycy aparatu. W efekcie uzyskasz rozmycie ruchomych element\u00f3w \u2013 np. wody, czy chmur. Z kolei filtr ND4 zapewnia zmniejszenie o 2 przes\u0142ony. R\u00f3\u017cnorodno\u015b\u0107 zestawu pozwoli Ci dostosowa\u0107 si\u0119 do r\u00f3\u017cnych scenariuszy tw\u00f3rczych.<\/p>\n<p>\n<img decoding=\"async\" src=\"https:\/\/assets.innpro.pl\/8632\/10083\/2.jpg\" border=\"0\" \/>\n<\/p>\n<h3>Solidne wykonanie<\/h3>\n<p>Wszystkie filtry powsta\u0142y z dba\u0142o\u015bci\u0105 o ka\u017cdy detal. S\u0105 ultra lekkie (0.7 g) i nie zaburzaj\u0105 r\u00f3wnowagi drona. Co wi\u0119cej, dzi\u0119ki specjalnej pow\u0142oce akcesoria s\u0105 odporne na zarysowania, py\u0142 i t\u0142uszcz i gwarantuj\u0105 najlepsz\u0105 jako\u015b\u0107 obrazu. Utrzymanie ich w czysto\u015bci nie stanowi \u017cadnego problemu.<\/p>\n<p>\n<img decoding=\"async\" src=\"https:\/\/assets.innpro.pl\/8632\/10083\/4.jpg\" border=\"0\" \/>\n<\/p>\n<h3>W zestawie:<\/h3>\n<ul class=\"list-disc pl-5\">\n<li>Filtr ND4<\/li>\n<li>Filtr ND8<\/li>\n<li>Filtr ND16<\/li>\n<li>Filtr ND32<\/li>\n<li>Filtr ND64<\/li>\n<li>Filtr ND1000<\/li>\n<li>Etui na filtry<\/li>\n<\/ul>\n<div class=\"table-wrapper\">\n<p>\u00a0<\/p>\n<h3><\/h3>\n<table>\n<tbody>\n<tr>\n<th>Producent <\/th>\n<td>Freewell<\/td>\n<\/tr>\n<tr>\n<th>Model <\/th>\n<td>FW-MN3-ALD<\/td>\n<\/tr>\n<tr>\n<th>Kompatybilno\u015b\u0107 <\/th>\n<td>DJI Mini 3 Pro \/ Mini 3<\/td>\n<\/tr>\n<tr>\n<th>Typ filtra <\/th>\n<td>ND4, ND8, ND16, ND32, ND64, ND1000<\/td>\n<\/tr>\n<tr>\n<th>Pow\u0142oki optyczne <\/th>\n<td>Py\u0142oszczelne, odporne na zarysowania, olejoodporne<\/td>\n<\/tr>\n<\/tbody>\n<\/table>\n<\/div>\n","protected":false},"excerpt":{"rendered":"<p>Zestaw 6 filtr\u00f3w Freewell All Day do DJI Mini 3 Pro \/ Mini 3 All Day Kit to zestaw 6<\/p>\n","protected":false},"featured_media":56892,"comment_status":"closed","ping_status":"open","template":"","meta":{"_acf_changed":false},"product_brand":[],"product_cat":[6167,1088,6200],"product_tag":[],"class_list":{"0":"post-56891","1":"product","2":"type-product","3":"status-publish","4":"has-post-thumbnail","6":"product_cat-akcesoria-do-dronow","7":"product_cat-drony","8":"product_cat-filtry-do-dronow-akcesoria-do-dronow","9":"pa_okres-gwarancji-5754","10":"pa_producent-freewell","12":"first","13":"outofstock","14":"taxable","15":"shipping-taxable","16":"purchasable","17":"product-type-simple"},"acf":[],"yoast_head":"<!-- This site is optimized with the Yoast SEO plugin v27.2 - https:\/\/yoast.com\/product\/yoast-seo-wordpress\/ -->\n<title>Zestaw filtr\u00f3w FREEWELL All Day ND4\/8\/16\/32\/64\/1000 DJI Mini 3 Pro\/3 - IRONSKY.PL Sklep z Dronami<\/title>\n<meta name=\"description\" content=\"Zestaw filtr\u00f3w FREEWELL All Day ND4\/8\/16\/32\/64\/1000 DJI Mini 3 Pro\/3 - \u2705 sklep z dronami i fachowym doradztwem. \u2705 Tutaj kupisz produkty DJI, Yuneec, Parrot, Syma i wiele innych, a tak\u017ce kursy i licencje na operatora drona.\" \/>\n<meta name=\"robots\" content=\"index, follow, max-snippet:-1, max-image-preview:large, max-video-preview:-1\" \/>\n<link rel=\"canonical\" href=\"https:\/\/ironsky.pl\/sklep\/produkt\/zestaw-filtrow-freewell-all-day-nd4-8-16-32-64-1000-dji-mini-3-pro-3\/\" \/>\n<meta property=\"og:locale\" content=\"pl_PL\" \/>\n<meta property=\"og:type\" content=\"article\" \/>\n<meta property=\"og:title\" content=\"Zestaw filtr\u00f3w FREEWELL All Day ND4\/8\/16\/32\/64\/1000 DJI Mini 3 Pro\/3 - IRONSKY.PL Sklep z Dronami\" \/>\n<meta property=\"og:description\" content=\"Zestaw filtr\u00f3w FREEWELL All Day ND4\/8\/16\/32\/64\/1000 DJI Mini 3 Pro\/3 - \u2705 sklep z dronami i fachowym doradztwem. \u2705 Tutaj kupisz produkty DJI, Yuneec, Parrot, Syma i wiele innych, a tak\u017ce kursy i licencje na operatora drona.\" \/>\n<meta property=\"og:url\" content=\"https:\/\/ironsky.pl\/sklep\/produkt\/zestaw-filtrow-freewell-all-day-nd4-8-16-32-64-1000-dji-mini-3-pro-3\/\" \/>\n<meta property=\"og:site_name\" content=\"IRONSKY.PL Sklep z Dronami\" \/>\n<meta property=\"article:modified_time\" content=\"2026-04-15T08:20:00+00:00\" \/>\n<meta property=\"og:image\" content=\"https:\/\/ironsky.pl\/sklep\/wp-content\/uploads\/2026\/04\/30674_1.webp\" \/>\n\t<meta property=\"og:image:width\" content=\"800\" \/>\n\t<meta property=\"og:image:height\" content=\"800\" \/>\n\t<meta property=\"og:image:type\" content=\"image\/webp\" \/>\n<meta name=\"twitter:card\" content=\"summary_large_image\" \/>\n<meta name=\"twitter:label1\" content=\"Szacowany czas czytania\" \/>\n\t<meta name=\"twitter:data1\" content=\"1 minuta\" \/>\n<script type=\"application\/ld+json\" class=\"yoast-schema-graph\">{\"@context\":\"https:\/\/schema.org\",\"@graph\":[{\"@type\":\"WebPage\",\"@id\":\"https:\/\/ironsky.pl\/sklep\/produkt\/zestaw-filtrow-freewell-all-day-nd4-8-16-32-64-1000-dji-mini-3-pro-3\/\",\"url\":\"https:\/\/ironsky.pl\/sklep\/produkt\/zestaw-filtrow-freewell-all-day-nd4-8-16-32-64-1000-dji-mini-3-pro-3\/\",\"name\":\"Zestaw filtr\u00f3w FREEWELL All Day ND4\/8\/16\/32\/64\/1000 DJI Mini 3 Pro\/3 - IRONSKY.PL Sklep z Dronami\",\"isPartOf\":{\"@id\":\"https:\/\/ironsky.pl\/sklep\/#website\"},\"primaryImageOfPage\":{\"@id\":\"https:\/\/ironsky.pl\/sklep\/produkt\/zestaw-filtrow-freewell-all-day-nd4-8-16-32-64-1000-dji-mini-3-pro-3\/#primaryimage\"},\"image\":{\"@id\":\"https:\/\/ironsky.pl\/sklep\/produkt\/zestaw-filtrow-freewell-all-day-nd4-8-16-32-64-1000-dji-mini-3-pro-3\/#primaryimage\"},\"thumbnailUrl\":\"https:\/\/ironsky.pl\/sklep\/wp-content\/uploads\/2026\/04\/30674_1.webp\",\"datePublished\":\"2026-04-15T08:19:27+00:00\",\"dateModified\":\"2026-04-15T08:20:00+00:00\",\"description\":\"Zestaw filtr\u00f3w FREEWELL All Day ND4\/8\/16\/32\/64\/1000 DJI Mini 3 Pro\/3 - \u2705 sklep z dronami i fachowym doradztwem. \u2705 Tutaj kupisz produkty DJI, Yuneec, Parrot, Syma i wiele innych, a tak\u017ce kursy i licencje na operatora drona.\",\"breadcrumb\":{\"@id\":\"https:\/\/ironsky.pl\/sklep\/produkt\/zestaw-filtrow-freewell-all-day-nd4-8-16-32-64-1000-dji-mini-3-pro-3\/#breadcrumb\"},\"inLanguage\":\"pl-PL\",\"potentialAction\":[{\"@type\":\"ReadAction\",\"target\":[\"https:\/\/ironsky.pl\/sklep\/produkt\/zestaw-filtrow-freewell-all-day-nd4-8-16-32-64-1000-dji-mini-3-pro-3\/\"]}]},{\"@type\":\"ImageObject\",\"inLanguage\":\"pl-PL\",\"@id\":\"https:\/\/ironsky.pl\/sklep\/produkt\/zestaw-filtrow-freewell-all-day-nd4-8-16-32-64-1000-dji-mini-3-pro-3\/#primaryimage\",\"url\":\"https:\/\/ironsky.pl\/sklep\/wp-content\/uploads\/2026\/04\/30674_1.webp\",\"contentUrl\":\"https:\/\/ironsky.pl\/sklep\/wp-content\/uploads\/2026\/04\/30674_1.webp\",\"width\":800,\"height\":800},{\"@type\":\"BreadcrumbList\",\"@id\":\"https:\/\/ironsky.pl\/sklep\/produkt\/zestaw-filtrow-freewell-all-day-nd4-8-16-32-64-1000-dji-mini-3-pro-3\/#breadcrumb\",\"itemListElement\":[{\"@type\":\"ListItem\",\"position\":1,\"name\":\"Strona g\u0142\u00f3wna\",\"item\":\"https:\/\/ironsky.pl\/sklep\/\"},{\"@type\":\"ListItem\",\"position\":2,\"name\":\"Wszystkie produkty\",\"item\":\"https:\/\/ironsky.pl\/sklep\/produkty\/\"},{\"@type\":\"ListItem\",\"position\":3,\"name\":\"Zestaw filtr\u00f3w FREEWELL All Day ND4\/8\/16\/32\/64\/1000 DJI Mini 3 Pro\/3\"}]},{\"@type\":\"WebSite\",\"@id\":\"https:\/\/ironsky.pl\/sklep\/#website\",\"url\":\"https:\/\/ironsky.pl\/sklep\/\",\"name\":\"IRONSKY.PL Sklep z Dronami\",\"description\":\"IRONSKY.PL Sklep z Dronami\",\"potentialAction\":[{\"@type\":\"SearchAction\",\"target\":{\"@type\":\"EntryPoint\",\"urlTemplate\":\"https:\/\/ironsky.pl\/sklep\/?s={search_term_string}\"},\"query-input\":{\"@type\":\"PropertyValueSpecification\",\"valueRequired\":true,\"valueName\":\"search_term_string\"}}],\"inLanguage\":\"pl-PL\"}]}<\/script>\n<!-- \/ Yoast SEO plugin. -->","yoast_head_json":{"title":"Zestaw filtr\u00f3w FREEWELL All Day ND4\/8\/16\/32\/64\/1000 DJI Mini 3 Pro\/3 - IRONSKY.PL Sklep z Dronami","description":"Zestaw filtr\u00f3w FREEWELL All Day ND4\/8\/16\/32\/64\/1000 DJI Mini 3 Pro\/3 - \u2705 sklep z dronami i fachowym doradztwem. \u2705 Tutaj kupisz produkty DJI, Yuneec, Parrot, Syma i wiele innych, a tak\u017ce kursy i licencje na operatora drona.","robots":{"index":"index","follow":"follow","max-snippet":"max-snippet:-1","max-image-preview":"max-image-preview:large","max-video-preview":"max-video-preview:-1"},"canonical":"https:\/\/ironsky.pl\/sklep\/produkt\/zestaw-filtrow-freewell-all-day-nd4-8-16-32-64-1000-dji-mini-3-pro-3\/","og_locale":"pl_PL","og_type":"article","og_title":"Zestaw filtr\u00f3w FREEWELL All Day ND4\/8\/16\/32\/64\/1000 DJI Mini 3 Pro\/3 - IRONSKY.PL Sklep z Dronami","og_description":"Zestaw filtr\u00f3w FREEWELL All Day ND4\/8\/16\/32\/64\/1000 DJI Mini 3 Pro\/3 - \u2705 sklep z dronami i fachowym doradztwem. \u2705 Tutaj kupisz produkty DJI, Yuneec, Parrot, Syma i wiele innych, a tak\u017ce kursy i licencje na operatora drona.","og_url":"https:\/\/ironsky.pl\/sklep\/produkt\/zestaw-filtrow-freewell-all-day-nd4-8-16-32-64-1000-dji-mini-3-pro-3\/","og_site_name":"IRONSKY.PL Sklep z Dronami","article_modified_time":"2026-04-15T08:20:00+00:00","og_image":[{"width":800,"height":800,"url":"https:\/\/ironsky.pl\/sklep\/wp-content\/uploads\/2026\/04\/30674_1.webp","type":"image\/webp"}],"twitter_card":"summary_large_image","twitter_misc":{"Szacowany czas czytania":"1 minuta"},"schema":{"@context":"https:\/\/schema.org","@graph":[{"@type":"WebPage","@id":"https:\/\/ironsky.pl\/sklep\/produkt\/zestaw-filtrow-freewell-all-day-nd4-8-16-32-64-1000-dji-mini-3-pro-3\/","url":"https:\/\/ironsky.pl\/sklep\/produkt\/zestaw-filtrow-freewell-all-day-nd4-8-16-32-64-1000-dji-mini-3-pro-3\/","name":"Zestaw filtr\u00f3w FREEWELL All Day ND4\/8\/16\/32\/64\/1000 DJI Mini 3 Pro\/3 - IRONSKY.PL Sklep z Dronami","isPartOf":{"@id":"https:\/\/ironsky.pl\/sklep\/#website"},"primaryImageOfPage":{"@id":"https:\/\/ironsky.pl\/sklep\/produkt\/zestaw-filtrow-freewell-all-day-nd4-8-16-32-64-1000-dji-mini-3-pro-3\/#primaryimage"},"image":{"@id":"https:\/\/ironsky.pl\/sklep\/produkt\/zestaw-filtrow-freewell-all-day-nd4-8-16-32-64-1000-dji-mini-3-pro-3\/#primaryimage"},"thumbnailUrl":"https:\/\/ironsky.pl\/sklep\/wp-content\/uploads\/2026\/04\/30674_1.webp","datePublished":"2026-04-15T08:19:27+00:00","dateModified":"2026-04-15T08:20:00+00:00","description":"Zestaw filtr\u00f3w FREEWELL All Day ND4\/8\/16\/32\/64\/1000 DJI Mini 3 Pro\/3 - \u2705 sklep z dronami i fachowym doradztwem. \u2705 Tutaj kupisz produkty DJI, Yuneec, Parrot, Syma i wiele innych, a tak\u017ce kursy i licencje na operatora drona.","breadcrumb":{"@id":"https:\/\/ironsky.pl\/sklep\/produkt\/zestaw-filtrow-freewell-all-day-nd4-8-16-32-64-1000-dji-mini-3-pro-3\/#breadcrumb"},"inLanguage":"pl-PL","potentialAction":[{"@type":"ReadAction","target":["https:\/\/ironsky.pl\/sklep\/produkt\/zestaw-filtrow-freewell-all-day-nd4-8-16-32-64-1000-dji-mini-3-pro-3\/"]}]},{"@type":"ImageObject","inLanguage":"pl-PL","@id":"https:\/\/ironsky.pl\/sklep\/produkt\/zestaw-filtrow-freewell-all-day-nd4-8-16-32-64-1000-dji-mini-3-pro-3\/#primaryimage","url":"https:\/\/ironsky.pl\/sklep\/wp-content\/uploads\/2026\/04\/30674_1.webp","contentUrl":"https:\/\/ironsky.pl\/sklep\/wp-content\/uploads\/2026\/04\/30674_1.webp","width":800,"height":800},{"@type":"BreadcrumbList","@id":"https:\/\/ironsky.pl\/sklep\/produkt\/zestaw-filtrow-freewell-all-day-nd4-8-16-32-64-1000-dji-mini-3-pro-3\/#breadcrumb","itemListElement":[{"@type":"ListItem","position":1,"name":"Strona g\u0142\u00f3wna","item":"https:\/\/ironsky.pl\/sklep\/"},{"@type":"ListItem","position":2,"name":"Wszystkie produkty","item":"https:\/\/ironsky.pl\/sklep\/produkty\/"},{"@type":"ListItem","position":3,"name":"Zestaw filtr\u00f3w FREEWELL All Day ND4\/8\/16\/32\/64\/1000 DJI Mini 3 Pro\/3"}]},{"@type":"WebSite","@id":"https:\/\/ironsky.pl\/sklep\/#website","url":"https:\/\/ironsky.pl\/sklep\/","name":"IRONSKY.PL Sklep z Dronami","description":"IRONSKY.PL Sklep z Dronami","potentialAction":[{"@type":"SearchAction","target":{"@type":"EntryPoint","urlTemplate":"https:\/\/ironsky.pl\/sklep\/?s={search_term_string}"},"query-input":{"@type":"PropertyValueSpecification","valueRequired":true,"valueName":"search_term_string"}}],"inLanguage":"pl-PL"}]}},"_links":{"self":[{"href":"https:\/\/ironsky.pl\/sklep\/wp-json\/wp\/v2\/product\/56891","targetHints":{"allow":["GET"]}}],"collection":[{"href":"https:\/\/ironsky.pl\/sklep\/wp-json\/wp\/v2\/product"}],"about":[{"href":"https:\/\/ironsky.pl\/sklep\/wp-json\/wp\/v2\/types\/product"}],"replies":[{"embeddable":true,"href":"https:\/\/ironsky.pl\/sklep\/wp-json\/wp\/v2\/comments?post=56891"}],"wp:featuredmedia":[{"embeddable":true,"href":"https:\/\/ironsky.pl\/sklep\/wp-json\/wp\/v2\/media\/56892"}],"wp:attachment":[{"href":"https:\/\/ironsky.pl\/sklep\/wp-json\/wp\/v2\/media?parent=56891"}],"wp:term":[{"taxonomy":"product_brand","embeddable":true,"href":"https:\/\/ironsky.pl\/sklep\/wp-json\/wp\/v2\/product_brand?post=56891"},{"taxonomy":"product_cat","embeddable":true,"href":"https:\/\/ironsky.pl\/sklep\/wp-json\/wp\/v2\/product_cat?post=56891"},{"taxonomy":"product_tag","embeddable":true,"href":"https:\/\/ironsky.pl\/sklep\/wp-json\/wp\/v2\/product_tag?post=56891"}],"curies":[{"name":"wp","href":"https:\/\/api.w.org\/{rel}","templated":true}]}}