{"id":56885,"date":"2026-04-15T10:19:27","date_gmt":"2026-04-15T08:19:27","guid":{"rendered":"https:\/\/ironsky.pl\/sklep\/produkt\/filtr-vnd-freewell-sherpa-true-color-1-5-stop-do-iphone\/"},"modified":"2026-04-15T10:19:55","modified_gmt":"2026-04-15T08:19:55","slug":"filtr-vnd-freewell-sherpa-true-color-1-5-stop-do-iphone","status":"publish","type":"product","link":"https:\/\/ironsky.pl\/sklep\/produkt\/filtr-vnd-freewell-sherpa-true-color-1-5-stop-do-iphone\/","title":{"rendered":"Filtr VND FREEWELL Sherpa True Color 1-5 stop do iPhone"},"content":{"rendered":"<h3>Filtr 1-5 stopni Freewell Sherpa True Color VND do iPhone 15 Pro\/Max, iPhone 14 Pro\/Max, iPhone 13 Pro\/Max<\/h3>\n<p>Zaprojektowany dla futera\u0142\u00f3w z serii Sherpa, filtr True Color Variable ND 1-5 Stop marki Freewell zapewnia redukcj\u0119 ekspozycji od 1 do 5 stopni, umo\u017cliwiaj\u0105c u\u017cycie szerszych ustawie\u0144 przys\u0142ony dla uzyskania p\u0142ytszej g\u0142\u0119bi ostro\u015bci lub rozmycia ruchu. Aby zmieni\u0107 efekt, wystarczy przekr\u0119ci\u0107 pier\u015bcie\u0144 filtra. Dzi\u0119ki technologii True Color filtr ten oddaje wiernie kolory, a jednocze\u015bnie jest odporny na kurz, zarysowania i t\u0142uste plamy.<\/p>\n<p><img decoding=\"async\" src=\"https:\/\/b2b.innpro.pl\/data\/include\/cms\/Freewell\/FW-SH-VND1-5\/1.jpg\" border=\"0\" alt=\"Freewell\/FW-SH-VND1-5\/1\" \/><\/p>\n<h3>Stosuj z etui Sherpa<\/h3>\n<p>Je\u015bli korzystasz z etui Sherpa, ten filtr jest dla Ciebie! Jest kompatybilny z etui dostosowanym do iPhone 15 Pro\/Max, iPhone 14 Pro\/Max, iPhone 13 Pro\/Max i montowany magnetycznie. Dzi\u0119ki temu w kr\u00f3tkim czasie mo\u017cesz zamontowa\u0107 lub wymieni\u0107 filtr na inny i eksperymentowa\u0107 z ciekawymi efektami swoich zdj\u0119\u0107.<\/p>\n<p><img decoding=\"async\" src=\"https:\/\/b2b.innpro.pl\/data\/include\/cms\/Freewell\/FW-SH-VND1-5\/2.jpg\" border=\"0\" alt=\"Freewell\/FW-SH-VND1-5\/2\" \/><\/p>\n<h3>Ochronna pow\u0142oka<\/h3>\n<p>Wykonany z najwy\u017cszej jako\u015bci materia\u0142\u00f3w filtr ma specjaln\u0105, ochronn\u0105 pow\u0142ok\u0119, kt\u00f3ra nie wp\u0142ywa na optyk\u0119 kolorystyczn\u0105 tworzonych materia\u0142\u00f3w. Filtr jest wi\u0119c odporny na py\u0142 i zadrapania, a tak\u017ce odciski palc\u00f3w i powstawanie t\u0142ustych plam, wi\u0119c utrzymanie go w czysto\u015bci nie stanowi \u017cadnego problemu. Jednocze\u015bnie zapewnia najlepsz\u0105 jako\u015b\u0107 obrazu i pozwala zachowa\u0107 neutraln\u0105 kolorystyk\u0119 obrazu. Twoje zdj\u0119cia b\u0119d\u0105 zachwycaj\u0105ce!<\/p>\n<p><img decoding=\"async\" src=\"https:\/\/b2b.innpro.pl\/data\/include\/cms\/Freewell\/FW-SH-VND1-5\/3.jpg\" border=\"0\" alt=\"Freewell\/FW-SH-VND1-5\/3\" \/><\/p>\n<h3>W zestawie<\/h3>\n<ul>\n<li>Filtr<\/li>\n<li>Etui<\/li>\n<\/ul>\n<div class=\"table-wrapper\">\n<table>\n<tbody>\n<tr>\n<th>Producent<\/th>\n<td>Freewell<\/td>\n<\/tr>\n<tr>\n<th>Model<\/th>\n<td>FW-SH-VND1-5<\/td>\n<\/tr>\n<tr>\n<th>Kompatybilno\u015b\u0107<\/th>\n<td>etui Sherpa do\u00a0 iPhone 15 Pro\/Max, iPhone 14 Pro\/Max, iPhone 13 Pro\/Max<\/td>\n<\/tr>\n<tr>\n<th>Typ filtra<\/th>\n<td>ND 1-5 Stop<\/td>\n<\/tr>\n<tr>\n<th>Pow\u0142oki optyczne<\/th>\n<td>Py\u0142oszczelna, odporna na zarysowania, olejoodporna<\/td>\n<\/tr>\n<\/tbody>\n<\/table>\n<\/div>\n","protected":false},"excerpt":{"rendered":"<p>Filtr 1-5 stopni Freewell Sherpa True Color VND do iPhone 15 Pro\/Max, iPhone 14 Pro\/Max, iPhone 13 Pro\/Max Zaprojektowany dla<\/p>\n","protected":false},"featured_media":56886,"comment_status":"closed","ping_status":"open","template":"","meta":{"_acf_changed":false},"product_brand":[],"product_cat":[6212,6211,1128],"product_tag":[],"class_list":{"0":"post-56885","1":"product","2":"type-product","3":"status-publish","4":"has-post-thumbnail","6":"product_cat-do-smartfonow-filtry","7":"product_cat-filtry","8":"product_cat-foto-wideo","9":"pa_okres-gwarancji-5754","10":"pa_producent-freewell","12":"first","13":"outofstock","14":"taxable","15":"shipping-taxable","16":"purchasable","17":"product-type-simple"},"acf":[],"yoast_head":"<!-- This site is optimized with the Yoast SEO plugin v27.2 - https:\/\/yoast.com\/product\/yoast-seo-wordpress\/ -->\n<title>Filtr VND FREEWELL Sherpa True Color 1-5 stop do iPhone - IRONSKY.PL Sklep z Dronami<\/title>\n<meta name=\"description\" content=\"Filtr VND FREEWELL Sherpa True Color 1-5 stop do iPhone - \u2705 sklep z dronami i fachowym doradztwem. \u2705 Tutaj kupisz produkty DJI, Yuneec, Parrot, Syma i wiele innych, a tak\u017ce kursy i licencje na operatora drona.\" \/>\n<meta name=\"robots\" content=\"index, follow, max-snippet:-1, max-image-preview:large, max-video-preview:-1\" \/>\n<link rel=\"canonical\" href=\"https:\/\/ironsky.pl\/sklep\/produkt\/filtr-vnd-freewell-sherpa-true-color-1-5-stop-do-iphone\/\" \/>\n<meta property=\"og:locale\" content=\"pl_PL\" \/>\n<meta property=\"og:type\" content=\"article\" \/>\n<meta property=\"og:title\" content=\"Filtr VND FREEWELL Sherpa True Color 1-5 stop do iPhone - IRONSKY.PL Sklep z Dronami\" \/>\n<meta property=\"og:description\" content=\"Filtr VND FREEWELL Sherpa True Color 1-5 stop do iPhone - \u2705 sklep z dronami i fachowym doradztwem. \u2705 Tutaj kupisz produkty DJI, Yuneec, Parrot, Syma i wiele innych, a tak\u017ce kursy i licencje na operatora drona.\" \/>\n<meta property=\"og:url\" content=\"https:\/\/ironsky.pl\/sklep\/produkt\/filtr-vnd-freewell-sherpa-true-color-1-5-stop-do-iphone\/\" \/>\n<meta property=\"og:site_name\" content=\"IRONSKY.PL Sklep z Dronami\" \/>\n<meta property=\"article:modified_time\" content=\"2026-04-15T08:19:55+00:00\" \/>\n<meta property=\"og:image\" content=\"https:\/\/ironsky.pl\/sklep\/wp-content\/uploads\/2026\/04\/30642_1.jpg\" \/>\n\t<meta property=\"og:image:width\" content=\"800\" \/>\n\t<meta property=\"og:image:height\" content=\"800\" \/>\n\t<meta property=\"og:image:type\" content=\"image\/jpeg\" \/>\n<meta name=\"twitter:card\" content=\"summary_large_image\" \/>\n<meta name=\"twitter:label1\" content=\"Szacowany czas czytania\" \/>\n\t<meta name=\"twitter:data1\" content=\"1 minuta\" \/>\n<script type=\"application\/ld+json\" class=\"yoast-schema-graph\">{\"@context\":\"https:\/\/schema.org\",\"@graph\":[{\"@type\":\"WebPage\",\"@id\":\"https:\/\/ironsky.pl\/sklep\/produkt\/filtr-vnd-freewell-sherpa-true-color-1-5-stop-do-iphone\/\",\"url\":\"https:\/\/ironsky.pl\/sklep\/produkt\/filtr-vnd-freewell-sherpa-true-color-1-5-stop-do-iphone\/\",\"name\":\"Filtr VND FREEWELL Sherpa True Color 1-5 stop do iPhone - IRONSKY.PL Sklep z Dronami\",\"isPartOf\":{\"@id\":\"https:\/\/ironsky.pl\/sklep\/#website\"},\"primaryImageOfPage\":{\"@id\":\"https:\/\/ironsky.pl\/sklep\/produkt\/filtr-vnd-freewell-sherpa-true-color-1-5-stop-do-iphone\/#primaryimage\"},\"image\":{\"@id\":\"https:\/\/ironsky.pl\/sklep\/produkt\/filtr-vnd-freewell-sherpa-true-color-1-5-stop-do-iphone\/#primaryimage\"},\"thumbnailUrl\":\"https:\/\/ironsky.pl\/sklep\/wp-content\/uploads\/2026\/04\/30642_1.jpg\",\"datePublished\":\"2026-04-15T08:19:27+00:00\",\"dateModified\":\"2026-04-15T08:19:55+00:00\",\"description\":\"Filtr VND FREEWELL Sherpa True Color 1-5 stop do iPhone - \u2705 sklep z dronami i fachowym doradztwem. \u2705 Tutaj kupisz produkty DJI, Yuneec, Parrot, Syma i wiele innych, a tak\u017ce kursy i licencje na operatora drona.\",\"breadcrumb\":{\"@id\":\"https:\/\/ironsky.pl\/sklep\/produkt\/filtr-vnd-freewell-sherpa-true-color-1-5-stop-do-iphone\/#breadcrumb\"},\"inLanguage\":\"pl-PL\",\"potentialAction\":[{\"@type\":\"ReadAction\",\"target\":[\"https:\/\/ironsky.pl\/sklep\/produkt\/filtr-vnd-freewell-sherpa-true-color-1-5-stop-do-iphone\/\"]}]},{\"@type\":\"ImageObject\",\"inLanguage\":\"pl-PL\",\"@id\":\"https:\/\/ironsky.pl\/sklep\/produkt\/filtr-vnd-freewell-sherpa-true-color-1-5-stop-do-iphone\/#primaryimage\",\"url\":\"https:\/\/ironsky.pl\/sklep\/wp-content\/uploads\/2026\/04\/30642_1.jpg\",\"contentUrl\":\"https:\/\/ironsky.pl\/sklep\/wp-content\/uploads\/2026\/04\/30642_1.jpg\",\"width\":800,\"height\":800},{\"@type\":\"BreadcrumbList\",\"@id\":\"https:\/\/ironsky.pl\/sklep\/produkt\/filtr-vnd-freewell-sherpa-true-color-1-5-stop-do-iphone\/#breadcrumb\",\"itemListElement\":[{\"@type\":\"ListItem\",\"position\":1,\"name\":\"Strona g\u0142\u00f3wna\",\"item\":\"https:\/\/ironsky.pl\/sklep\/\"},{\"@type\":\"ListItem\",\"position\":2,\"name\":\"Wszystkie produkty\",\"item\":\"https:\/\/ironsky.pl\/sklep\/produkty\/\"},{\"@type\":\"ListItem\",\"position\":3,\"name\":\"Filtr VND FREEWELL Sherpa True Color 1-5 stop do iPhone\"}]},{\"@type\":\"WebSite\",\"@id\":\"https:\/\/ironsky.pl\/sklep\/#website\",\"url\":\"https:\/\/ironsky.pl\/sklep\/\",\"name\":\"IRONSKY.PL Sklep z Dronami\",\"description\":\"IRONSKY.PL Sklep z Dronami\",\"potentialAction\":[{\"@type\":\"SearchAction\",\"target\":{\"@type\":\"EntryPoint\",\"urlTemplate\":\"https:\/\/ironsky.pl\/sklep\/?s={search_term_string}\"},\"query-input\":{\"@type\":\"PropertyValueSpecification\",\"valueRequired\":true,\"valueName\":\"search_term_string\"}}],\"inLanguage\":\"pl-PL\"}]}<\/script>\n<!-- \/ Yoast SEO plugin. -->","yoast_head_json":{"title":"Filtr VND FREEWELL Sherpa True Color 1-5 stop do iPhone - IRONSKY.PL Sklep z Dronami","description":"Filtr VND FREEWELL Sherpa True Color 1-5 stop do iPhone - \u2705 sklep z dronami i fachowym doradztwem. \u2705 Tutaj kupisz produkty DJI, Yuneec, Parrot, Syma i wiele innych, a tak\u017ce kursy i licencje na operatora drona.","robots":{"index":"index","follow":"follow","max-snippet":"max-snippet:-1","max-image-preview":"max-image-preview:large","max-video-preview":"max-video-preview:-1"},"canonical":"https:\/\/ironsky.pl\/sklep\/produkt\/filtr-vnd-freewell-sherpa-true-color-1-5-stop-do-iphone\/","og_locale":"pl_PL","og_type":"article","og_title":"Filtr VND FREEWELL Sherpa True Color 1-5 stop do iPhone - IRONSKY.PL Sklep z Dronami","og_description":"Filtr VND FREEWELL Sherpa True Color 1-5 stop do iPhone - \u2705 sklep z dronami i fachowym doradztwem. \u2705 Tutaj kupisz produkty DJI, Yuneec, Parrot, Syma i wiele innych, a tak\u017ce kursy i licencje na operatora drona.","og_url":"https:\/\/ironsky.pl\/sklep\/produkt\/filtr-vnd-freewell-sherpa-true-color-1-5-stop-do-iphone\/","og_site_name":"IRONSKY.PL Sklep z Dronami","article_modified_time":"2026-04-15T08:19:55+00:00","og_image":[{"width":800,"height":800,"url":"https:\/\/ironsky.pl\/sklep\/wp-content\/uploads\/2026\/04\/30642_1.jpg","type":"image\/jpeg"}],"twitter_card":"summary_large_image","twitter_misc":{"Szacowany czas czytania":"1 minuta"},"schema":{"@context":"https:\/\/schema.org","@graph":[{"@type":"WebPage","@id":"https:\/\/ironsky.pl\/sklep\/produkt\/filtr-vnd-freewell-sherpa-true-color-1-5-stop-do-iphone\/","url":"https:\/\/ironsky.pl\/sklep\/produkt\/filtr-vnd-freewell-sherpa-true-color-1-5-stop-do-iphone\/","name":"Filtr VND FREEWELL Sherpa True Color 1-5 stop do iPhone - IRONSKY.PL Sklep z Dronami","isPartOf":{"@id":"https:\/\/ironsky.pl\/sklep\/#website"},"primaryImageOfPage":{"@id":"https:\/\/ironsky.pl\/sklep\/produkt\/filtr-vnd-freewell-sherpa-true-color-1-5-stop-do-iphone\/#primaryimage"},"image":{"@id":"https:\/\/ironsky.pl\/sklep\/produkt\/filtr-vnd-freewell-sherpa-true-color-1-5-stop-do-iphone\/#primaryimage"},"thumbnailUrl":"https:\/\/ironsky.pl\/sklep\/wp-content\/uploads\/2026\/04\/30642_1.jpg","datePublished":"2026-04-15T08:19:27+00:00","dateModified":"2026-04-15T08:19:55+00:00","description":"Filtr VND FREEWELL Sherpa True Color 1-5 stop do iPhone - \u2705 sklep z dronami i fachowym doradztwem. \u2705 Tutaj kupisz produkty DJI, Yuneec, Parrot, Syma i wiele innych, a tak\u017ce kursy i licencje na operatora drona.","breadcrumb":{"@id":"https:\/\/ironsky.pl\/sklep\/produkt\/filtr-vnd-freewell-sherpa-true-color-1-5-stop-do-iphone\/#breadcrumb"},"inLanguage":"pl-PL","potentialAction":[{"@type":"ReadAction","target":["https:\/\/ironsky.pl\/sklep\/produkt\/filtr-vnd-freewell-sherpa-true-color-1-5-stop-do-iphone\/"]}]},{"@type":"ImageObject","inLanguage":"pl-PL","@id":"https:\/\/ironsky.pl\/sklep\/produkt\/filtr-vnd-freewell-sherpa-true-color-1-5-stop-do-iphone\/#primaryimage","url":"https:\/\/ironsky.pl\/sklep\/wp-content\/uploads\/2026\/04\/30642_1.jpg","contentUrl":"https:\/\/ironsky.pl\/sklep\/wp-content\/uploads\/2026\/04\/30642_1.jpg","width":800,"height":800},{"@type":"BreadcrumbList","@id":"https:\/\/ironsky.pl\/sklep\/produkt\/filtr-vnd-freewell-sherpa-true-color-1-5-stop-do-iphone\/#breadcrumb","itemListElement":[{"@type":"ListItem","position":1,"name":"Strona g\u0142\u00f3wna","item":"https:\/\/ironsky.pl\/sklep\/"},{"@type":"ListItem","position":2,"name":"Wszystkie produkty","item":"https:\/\/ironsky.pl\/sklep\/produkty\/"},{"@type":"ListItem","position":3,"name":"Filtr VND FREEWELL Sherpa True Color 1-5 stop do iPhone"}]},{"@type":"WebSite","@id":"https:\/\/ironsky.pl\/sklep\/#website","url":"https:\/\/ironsky.pl\/sklep\/","name":"IRONSKY.PL Sklep z Dronami","description":"IRONSKY.PL Sklep z Dronami","potentialAction":[{"@type":"SearchAction","target":{"@type":"EntryPoint","urlTemplate":"https:\/\/ironsky.pl\/sklep\/?s={search_term_string}"},"query-input":{"@type":"PropertyValueSpecification","valueRequired":true,"valueName":"search_term_string"}}],"inLanguage":"pl-PL"}]}},"_links":{"self":[{"href":"https:\/\/ironsky.pl\/sklep\/wp-json\/wp\/v2\/product\/56885","targetHints":{"allow":["GET"]}}],"collection":[{"href":"https:\/\/ironsky.pl\/sklep\/wp-json\/wp\/v2\/product"}],"about":[{"href":"https:\/\/ironsky.pl\/sklep\/wp-json\/wp\/v2\/types\/product"}],"replies":[{"embeddable":true,"href":"https:\/\/ironsky.pl\/sklep\/wp-json\/wp\/v2\/comments?post=56885"}],"wp:featuredmedia":[{"embeddable":true,"href":"https:\/\/ironsky.pl\/sklep\/wp-json\/wp\/v2\/media\/56886"}],"wp:attachment":[{"href":"https:\/\/ironsky.pl\/sklep\/wp-json\/wp\/v2\/media?parent=56885"}],"wp:term":[{"taxonomy":"product_brand","embeddable":true,"href":"https:\/\/ironsky.pl\/sklep\/wp-json\/wp\/v2\/product_brand?post=56885"},{"taxonomy":"product_cat","embeddable":true,"href":"https:\/\/ironsky.pl\/sklep\/wp-json\/wp\/v2\/product_cat?post=56885"},{"taxonomy":"product_tag","embeddable":true,"href":"https:\/\/ironsky.pl\/sklep\/wp-json\/wp\/v2\/product_tag?post=56885"}],"curies":[{"name":"wp","href":"https:\/\/api.w.org\/{rel}","templated":true}]}}