{"id":56866,"date":"2026-04-15T10:19:27","date_gmt":"2026-04-15T08:19:27","guid":{"rendered":"https:\/\/ironsky.pl\/sklep\/produkt\/kabel-baseus-airjoy-usb-a-usb-a-przedluzacz-2m-czarny\/"},"modified":"2026-04-15T10:19:43","modified_gmt":"2026-04-15T08:19:43","slug":"kabel-baseus-airjoy-usb-a-usb-a-przedluzacz-2m-czarny","status":"publish","type":"product","link":"https:\/\/ironsky.pl\/sklep\/produkt\/kabel-baseus-airjoy-usb-a-usb-a-przedluzacz-2m-czarny\/","title":{"rendered":"Kabel BASEUS AirJoy USB-A-USB-A przed\u0142u\u017cacz 2m (czarny)"},"content":{"rendered":"<h3>Przed\u0142u\u017cacz Baseus USB 3.0 m\u0119ski do \u017ce\u0144ski, AirJoy series, 2m (czarny)<\/h3>\n<p>Przed\u0142u\u017cacz Baseus zapewnia Ci jeszcze wi\u0119ksz\u0105 wygod\u0119 podczas korzystania z r\u00f3\u017cnorodnych urz\u0105dze\u0144. Zapewnia stabilny transfer danych z pr\u0119dko\u015bci\u0105 si\u0119gaj\u0105c\u0105 nawet 5 Gbps, a szeroka kompatybilno\u015b\u0107 sprawia, \u017ce z powodzeniem po\u0142\u0105czysz go z r\u00f3\u017cnymi sprz\u0119tami. Dzi\u0119ki wykorzystaniu wysokiej klasy materia\u0142\u00f3w \u015bwietnie pos\u0142u\u017cy Ci przez d\u0142u\u017cszy czas. <\/p>\n<p><img decoding=\"async\" src=\"https:\/\/b2b.innpro.pl\/data\/include\/cms\/-Baseus\/B00631103111-03\/4.jpg\" alt=\"-Baseus\/B00631103111-03\/4\"><\/p>\n<h3>Przesy\u0142aj pliki w mgnieniu oka<\/h3>\n<p>Ju\u017c nie musisz czeka\u0107 w niesko\u0144czono\u015b\u0107 na przes\u0142anie potrzebnych plik\u00f3w! Port USB3.0 umo\u017cliwia b\u0142yskawiczn\u0105 transmisj\u0119 danych z pr\u0119dko\u015bci\u0105 do a\u017c 5 Gbps. Dzi\u0119ki temu przes\u0142anie zdj\u0119\u0107 z wakacji czy wa\u017cnych dokument\u00f3w nie zajmie Ci du\u017co czasu \u2013 ju\u017c w 3 sekundy prze\u015blesz do 1G! <\/p>\n<p><img decoding=\"async\" src=\"https:\/\/b2b.innpro.pl\/data\/include\/cms\/-Baseus\/B00631103111-03\/3.jpg\" alt=\"-Baseus\/B00631103111-03\/3\"><\/p>\n<h3>Wysoka jako\u015b\u0107 wykonania<\/h3>\n<p>Przed\u0142u\u017cacz Baseus zachwyci Ci\u0119 niesamowit\u0105 jako\u015bci\u0105 wykonania. Do jego wykonania zastosowano tworzywo PVC, kt\u00f3re charakteryzuje si\u0119 wysok\u0105 wytrzyma\u0142o\u015bci\u0105. Wysokiej jako\u015bci rdze\u0144 z cynowanego drutu miedzianego zapewnia wi\u0119ksz\u0105 wydajno\u015b\u0107 oraz stabiln\u0105 transmisj\u0119 bez op\u00f3\u017anie\u0144. Co wi\u0119cej, elastyczny kabel da Ci jeszcze wi\u0119ksz\u0105 swobod\u0119 u\u017cytkowania. <\/p>\n<p><img decoding=\"async\" src=\"https:\/\/b2b.innpro.pl\/data\/include\/cms\/-Baseus\/B00631103111-03\/5.jpg\" alt=\"-Baseus\/B00631103111-03\/5\"><\/p>\n<h3>Szeroka kompatybilno\u015b\u0107<\/h3>\n<p>Zapomnij o problemach z kompatybilno\u015bci\u0105! Przed\u0142u\u017cacz Baseus jest kompatybilny z wieloma popularnymi urz\u0105dzeniami. Wsp\u00f3\u0142pracuje mi\u0119dzy innymi z komputerami, laptopami, telewizorami czy projektorami. Obs\u0142uguje te\u017c myszy komputerowe, klawiatury, pendrive czy dyski twarde.<\/p>\n<p><img decoding=\"async\" src=\"https:\/\/b2b.innpro.pl\/data\/include\/cms\/-Baseus\/B00631103111-03\/2.jpg\" alt=\"-Baseus\/B00631103111-03\/2\"><\/p>\n<div class=\"table-wrapper\">\n<table>\n<tbody>\n<tr>\n<th>Producent<\/th>\n<td>Baseus<\/td>\n<\/tr>\n<tr>\n<th>Nazwa<\/th>\n<td>AirJoy Series USB 3.0 Extension Cable<\/td>\n<\/tr>\n<tr>\n<th>Model<\/th>\n<td>B00631103111-03<\/td>\n<\/tr>\n<tr>\n<th>Kolor<\/th>\n<td>Czarny<\/td>\n<\/tr>\n<tr>\n<th>D\u0142ugo\u015b\u0107 <\/th>\n<td>2 m<\/td>\n<\/tr>\n<tr>\n<th>Materia\u0142 <\/th>\n<td>PVC<\/td>\n<\/tr>\n<tr>\n<th>Pr\u0119dko\u015b\u0107 transmisji<\/th>\n<td>5 Gbps<\/td>\n<\/tr>\n<\/tbody>\n<\/table>\n<\/div>\n","protected":false},"excerpt":{"rendered":"<p>Przed\u0142u\u017cacz Baseus USB 3.0 m\u0119ski do \u017ce\u0144ski, AirJoy series, 2m (czarny) Przed\u0142u\u017cacz Baseus zapewnia Ci jeszcze wi\u0119ksz\u0105 wygod\u0119 podczas korzystania<\/p>\n","protected":false},"featured_media":42633,"comment_status":"closed","ping_status":"open","template":"","meta":{"_acf_changed":false},"product_brand":[],"product_cat":[5929,5931,5932],"product_tag":[],"class_list":{"0":"post-56866","1":"product","2":"type-product","3":"status-publish","4":"has-post-thumbnail","6":"product_cat-akcesoria-it","7":"product_cat-kable","8":"product_cat-usb","9":"pa_okres-gwarancji-5754","10":"pa_producent-baseus","12":"first","13":"outofstock","14":"taxable","15":"shipping-taxable","16":"purchasable","17":"product-type-simple"},"acf":[],"yoast_head":"<!-- This site is optimized with the Yoast SEO plugin v27.2 - https:\/\/yoast.com\/product\/yoast-seo-wordpress\/ -->\n<title>Kabel BASEUS AirJoy USB-A-USB-A przed\u0142u\u017cacz 2m (czarny) - IRONSKY.PL Sklep z Dronami<\/title>\n<meta name=\"description\" content=\"Kabel BASEUS AirJoy USB-A-USB-A przed\u0142u\u017cacz 2m (czarny) - \u2705 sklep z dronami i fachowym doradztwem. \u2705 Tutaj kupisz produkty DJI, Yuneec, Parrot, Syma i wiele innych, a tak\u017ce kursy i licencje na operatora drona.\" \/>\n<meta name=\"robots\" content=\"index, follow, max-snippet:-1, max-image-preview:large, max-video-preview:-1\" \/>\n<link rel=\"canonical\" href=\"https:\/\/ironsky.pl\/sklep\/produkt\/kabel-baseus-airjoy-usb-a-usb-a-przedluzacz-2m-czarny\/\" \/>\n<meta property=\"og:locale\" content=\"pl_PL\" \/>\n<meta property=\"og:type\" content=\"article\" \/>\n<meta property=\"og:title\" content=\"Kabel BASEUS AirJoy USB-A-USB-A przed\u0142u\u017cacz 2m (czarny) - IRONSKY.PL Sklep z Dronami\" \/>\n<meta property=\"og:description\" content=\"Kabel BASEUS AirJoy USB-A-USB-A przed\u0142u\u017cacz 2m (czarny) - \u2705 sklep z dronami i fachowym doradztwem. \u2705 Tutaj kupisz produkty DJI, Yuneec, Parrot, Syma i wiele innych, a tak\u017ce kursy i licencje na operatora drona.\" \/>\n<meta property=\"og:url\" content=\"https:\/\/ironsky.pl\/sklep\/produkt\/kabel-baseus-airjoy-usb-a-usb-a-przedluzacz-2m-czarny\/\" \/>\n<meta property=\"og:site_name\" content=\"IRONSKY.PL Sklep z Dronami\" \/>\n<meta property=\"article:modified_time\" content=\"2026-04-15T08:19:43+00:00\" \/>\n<meta property=\"og:image\" content=\"https:\/\/ironsky.pl\/sklep\/wp-content\/uploads\/2025\/06\/30473_1.jpg\" \/>\n\t<meta property=\"og:image:width\" content=\"800\" \/>\n\t<meta property=\"og:image:height\" content=\"800\" \/>\n\t<meta property=\"og:image:type\" content=\"image\/jpeg\" \/>\n<meta name=\"twitter:card\" content=\"summary_large_image\" \/>\n<meta name=\"twitter:label1\" content=\"Szacowany czas czytania\" \/>\n\t<meta name=\"twitter:data1\" content=\"1 minuta\" \/>\n<script type=\"application\/ld+json\" class=\"yoast-schema-graph\">{\"@context\":\"https:\/\/schema.org\",\"@graph\":[{\"@type\":\"WebPage\",\"@id\":\"https:\/\/ironsky.pl\/sklep\/produkt\/kabel-baseus-airjoy-usb-a-usb-a-przedluzacz-2m-czarny\/\",\"url\":\"https:\/\/ironsky.pl\/sklep\/produkt\/kabel-baseus-airjoy-usb-a-usb-a-przedluzacz-2m-czarny\/\",\"name\":\"Kabel BASEUS AirJoy USB-A-USB-A przed\u0142u\u017cacz 2m (czarny) - IRONSKY.PL Sklep z Dronami\",\"isPartOf\":{\"@id\":\"https:\/\/ironsky.pl\/sklep\/#website\"},\"primaryImageOfPage\":{\"@id\":\"https:\/\/ironsky.pl\/sklep\/produkt\/kabel-baseus-airjoy-usb-a-usb-a-przedluzacz-2m-czarny\/#primaryimage\"},\"image\":{\"@id\":\"https:\/\/ironsky.pl\/sklep\/produkt\/kabel-baseus-airjoy-usb-a-usb-a-przedluzacz-2m-czarny\/#primaryimage\"},\"thumbnailUrl\":\"https:\/\/ironsky.pl\/sklep\/wp-content\/uploads\/2025\/06\/30473_1.jpg\",\"datePublished\":\"2026-04-15T08:19:27+00:00\",\"dateModified\":\"2026-04-15T08:19:43+00:00\",\"description\":\"Kabel BASEUS AirJoy USB-A-USB-A przed\u0142u\u017cacz 2m (czarny) - \u2705 sklep z dronami i fachowym doradztwem. \u2705 Tutaj kupisz produkty DJI, Yuneec, Parrot, Syma i wiele innych, a tak\u017ce kursy i licencje na operatora drona.\",\"breadcrumb\":{\"@id\":\"https:\/\/ironsky.pl\/sklep\/produkt\/kabel-baseus-airjoy-usb-a-usb-a-przedluzacz-2m-czarny\/#breadcrumb\"},\"inLanguage\":\"pl-PL\",\"potentialAction\":[{\"@type\":\"ReadAction\",\"target\":[\"https:\/\/ironsky.pl\/sklep\/produkt\/kabel-baseus-airjoy-usb-a-usb-a-przedluzacz-2m-czarny\/\"]}]},{\"@type\":\"ImageObject\",\"inLanguage\":\"pl-PL\",\"@id\":\"https:\/\/ironsky.pl\/sklep\/produkt\/kabel-baseus-airjoy-usb-a-usb-a-przedluzacz-2m-czarny\/#primaryimage\",\"url\":\"https:\/\/ironsky.pl\/sklep\/wp-content\/uploads\/2025\/06\/30473_1.jpg\",\"contentUrl\":\"https:\/\/ironsky.pl\/sklep\/wp-content\/uploads\/2025\/06\/30473_1.jpg\",\"width\":800,\"height\":800},{\"@type\":\"BreadcrumbList\",\"@id\":\"https:\/\/ironsky.pl\/sklep\/produkt\/kabel-baseus-airjoy-usb-a-usb-a-przedluzacz-2m-czarny\/#breadcrumb\",\"itemListElement\":[{\"@type\":\"ListItem\",\"position\":1,\"name\":\"Strona g\u0142\u00f3wna\",\"item\":\"https:\/\/ironsky.pl\/sklep\/\"},{\"@type\":\"ListItem\",\"position\":2,\"name\":\"Wszystkie produkty\",\"item\":\"https:\/\/ironsky.pl\/sklep\/produkty\/\"},{\"@type\":\"ListItem\",\"position\":3,\"name\":\"Kabel BASEUS AirJoy USB-A-USB-A przed\u0142u\u017cacz 2m (czarny)\"}]},{\"@type\":\"WebSite\",\"@id\":\"https:\/\/ironsky.pl\/sklep\/#website\",\"url\":\"https:\/\/ironsky.pl\/sklep\/\",\"name\":\"IRONSKY.PL Sklep z Dronami\",\"description\":\"IRONSKY.PL Sklep z Dronami\",\"potentialAction\":[{\"@type\":\"SearchAction\",\"target\":{\"@type\":\"EntryPoint\",\"urlTemplate\":\"https:\/\/ironsky.pl\/sklep\/?s={search_term_string}\"},\"query-input\":{\"@type\":\"PropertyValueSpecification\",\"valueRequired\":true,\"valueName\":\"search_term_string\"}}],\"inLanguage\":\"pl-PL\"}]}<\/script>\n<!-- \/ Yoast SEO plugin. -->","yoast_head_json":{"title":"Kabel BASEUS AirJoy USB-A-USB-A przed\u0142u\u017cacz 2m (czarny) - IRONSKY.PL Sklep z Dronami","description":"Kabel BASEUS AirJoy USB-A-USB-A przed\u0142u\u017cacz 2m (czarny) - \u2705 sklep z dronami i fachowym doradztwem. \u2705 Tutaj kupisz produkty DJI, Yuneec, Parrot, Syma i wiele innych, a tak\u017ce kursy i licencje na operatora drona.","robots":{"index":"index","follow":"follow","max-snippet":"max-snippet:-1","max-image-preview":"max-image-preview:large","max-video-preview":"max-video-preview:-1"},"canonical":"https:\/\/ironsky.pl\/sklep\/produkt\/kabel-baseus-airjoy-usb-a-usb-a-przedluzacz-2m-czarny\/","og_locale":"pl_PL","og_type":"article","og_title":"Kabel BASEUS AirJoy USB-A-USB-A przed\u0142u\u017cacz 2m (czarny) - IRONSKY.PL Sklep z Dronami","og_description":"Kabel BASEUS AirJoy USB-A-USB-A przed\u0142u\u017cacz 2m (czarny) - \u2705 sklep z dronami i fachowym doradztwem. \u2705 Tutaj kupisz produkty DJI, Yuneec, Parrot, Syma i wiele innych, a tak\u017ce kursy i licencje na operatora drona.","og_url":"https:\/\/ironsky.pl\/sklep\/produkt\/kabel-baseus-airjoy-usb-a-usb-a-przedluzacz-2m-czarny\/","og_site_name":"IRONSKY.PL Sklep z Dronami","article_modified_time":"2026-04-15T08:19:43+00:00","og_image":[{"width":800,"height":800,"url":"https:\/\/ironsky.pl\/sklep\/wp-content\/uploads\/2025\/06\/30473_1.jpg","type":"image\/jpeg"}],"twitter_card":"summary_large_image","twitter_misc":{"Szacowany czas czytania":"1 minuta"},"schema":{"@context":"https:\/\/schema.org","@graph":[{"@type":"WebPage","@id":"https:\/\/ironsky.pl\/sklep\/produkt\/kabel-baseus-airjoy-usb-a-usb-a-przedluzacz-2m-czarny\/","url":"https:\/\/ironsky.pl\/sklep\/produkt\/kabel-baseus-airjoy-usb-a-usb-a-przedluzacz-2m-czarny\/","name":"Kabel BASEUS AirJoy USB-A-USB-A przed\u0142u\u017cacz 2m (czarny) - IRONSKY.PL Sklep z Dronami","isPartOf":{"@id":"https:\/\/ironsky.pl\/sklep\/#website"},"primaryImageOfPage":{"@id":"https:\/\/ironsky.pl\/sklep\/produkt\/kabel-baseus-airjoy-usb-a-usb-a-przedluzacz-2m-czarny\/#primaryimage"},"image":{"@id":"https:\/\/ironsky.pl\/sklep\/produkt\/kabel-baseus-airjoy-usb-a-usb-a-przedluzacz-2m-czarny\/#primaryimage"},"thumbnailUrl":"https:\/\/ironsky.pl\/sklep\/wp-content\/uploads\/2025\/06\/30473_1.jpg","datePublished":"2026-04-15T08:19:27+00:00","dateModified":"2026-04-15T08:19:43+00:00","description":"Kabel BASEUS AirJoy USB-A-USB-A przed\u0142u\u017cacz 2m (czarny) - \u2705 sklep z dronami i fachowym doradztwem. \u2705 Tutaj kupisz produkty DJI, Yuneec, Parrot, Syma i wiele innych, a tak\u017ce kursy i licencje na operatora drona.","breadcrumb":{"@id":"https:\/\/ironsky.pl\/sklep\/produkt\/kabel-baseus-airjoy-usb-a-usb-a-przedluzacz-2m-czarny\/#breadcrumb"},"inLanguage":"pl-PL","potentialAction":[{"@type":"ReadAction","target":["https:\/\/ironsky.pl\/sklep\/produkt\/kabel-baseus-airjoy-usb-a-usb-a-przedluzacz-2m-czarny\/"]}]},{"@type":"ImageObject","inLanguage":"pl-PL","@id":"https:\/\/ironsky.pl\/sklep\/produkt\/kabel-baseus-airjoy-usb-a-usb-a-przedluzacz-2m-czarny\/#primaryimage","url":"https:\/\/ironsky.pl\/sklep\/wp-content\/uploads\/2025\/06\/30473_1.jpg","contentUrl":"https:\/\/ironsky.pl\/sklep\/wp-content\/uploads\/2025\/06\/30473_1.jpg","width":800,"height":800},{"@type":"BreadcrumbList","@id":"https:\/\/ironsky.pl\/sklep\/produkt\/kabel-baseus-airjoy-usb-a-usb-a-przedluzacz-2m-czarny\/#breadcrumb","itemListElement":[{"@type":"ListItem","position":1,"name":"Strona g\u0142\u00f3wna","item":"https:\/\/ironsky.pl\/sklep\/"},{"@type":"ListItem","position":2,"name":"Wszystkie produkty","item":"https:\/\/ironsky.pl\/sklep\/produkty\/"},{"@type":"ListItem","position":3,"name":"Kabel BASEUS AirJoy USB-A-USB-A przed\u0142u\u017cacz 2m (czarny)"}]},{"@type":"WebSite","@id":"https:\/\/ironsky.pl\/sklep\/#website","url":"https:\/\/ironsky.pl\/sklep\/","name":"IRONSKY.PL Sklep z Dronami","description":"IRONSKY.PL Sklep z Dronami","potentialAction":[{"@type":"SearchAction","target":{"@type":"EntryPoint","urlTemplate":"https:\/\/ironsky.pl\/sklep\/?s={search_term_string}"},"query-input":{"@type":"PropertyValueSpecification","valueRequired":true,"valueName":"search_term_string"}}],"inLanguage":"pl-PL"}]}},"_links":{"self":[{"href":"https:\/\/ironsky.pl\/sklep\/wp-json\/wp\/v2\/product\/56866","targetHints":{"allow":["GET"]}}],"collection":[{"href":"https:\/\/ironsky.pl\/sklep\/wp-json\/wp\/v2\/product"}],"about":[{"href":"https:\/\/ironsky.pl\/sklep\/wp-json\/wp\/v2\/types\/product"}],"replies":[{"embeddable":true,"href":"https:\/\/ironsky.pl\/sklep\/wp-json\/wp\/v2\/comments?post=56866"}],"wp:featuredmedia":[{"embeddable":true,"href":"https:\/\/ironsky.pl\/sklep\/wp-json\/wp\/v2\/media\/42633"}],"wp:attachment":[{"href":"https:\/\/ironsky.pl\/sklep\/wp-json\/wp\/v2\/media?parent=56866"}],"wp:term":[{"taxonomy":"product_brand","embeddable":true,"href":"https:\/\/ironsky.pl\/sklep\/wp-json\/wp\/v2\/product_brand?post=56866"},{"taxonomy":"product_cat","embeddable":true,"href":"https:\/\/ironsky.pl\/sklep\/wp-json\/wp\/v2\/product_cat?post=56866"},{"taxonomy":"product_tag","embeddable":true,"href":"https:\/\/ironsky.pl\/sklep\/wp-json\/wp\/v2\/product_tag?post=56866"}],"curies":[{"name":"wp","href":"https:\/\/api.w.org\/{rel}","templated":true}]}}