{"id":56863,"date":"2026-04-15T10:19:27","date_gmt":"2026-04-15T08:19:27","guid":{"rendered":"https:\/\/ironsky.pl\/sklep\/produkt\/obudowa-ssd-ugreen-15512-m-2-nvme-2\/"},"modified":"2026-04-15T10:19:40","modified_gmt":"2026-04-15T08:19:40","slug":"obudowa-ssd-ugreen-15512-m-2-nvme-2","status":"publish","type":"product","link":"https:\/\/ironsky.pl\/sklep\/produkt\/obudowa-ssd-ugreen-15512-m-2-nvme-2\/","title":{"rendered":"Obudowa SSD UGREEN 15512 M.2 NVMe"},"content":{"rendered":"<h3>Obudowa SSD UGREEN 15512 M.2 NVMe<\/h3>\n<p>Ciesz si\u0119 szybkim przesy\u0142em plik\u00f3w z pr\u0119dko\u015bci\u0105 do 10 Gbps, dzi\u0119ki obudowie SSD UGREEN! Jest ona kompatybilna z dyskami NVMe do 2 TB. Co wi\u0119cej, zapewni ona bezpiecze\u0144stwo. Dzi\u0119ki silikonowej os\u0142onie jeszcze lepiej chroni umieszczone wewn\u0105trz urz\u0105dzenie. Mo\u017ce Ci towarzyszy\u0107 niemal wsz\u0119dzie, poniewa\u017c wyr\u00f3\u017cnia si\u0119 prostym monta\u017cem oraz lekk\u0105 i kompaktow\u0105 konstrukcj\u0105.<\/p>\n<p><img decoding=\"async\" src=\"https:\/\/b2b.innpro.pl\/data\/include\/cms\/012UGREEN\/15512\/3.jpg\" alt=\"012UGREEN\/15512\/9\"><\/p>\n<h3>Szybka transmisja plik\u00f3w <\/h3>\n<p>Obudowa SSD UGREEN pozwala na transfer plik\u00f3w o rozmiarze 1 GB w zaledwie 1 sekund\u0119, dzi\u0119ki zastosowaniu standardu USB 3.2 Gen2, kt\u00f3ry osi\u0105ga pr\u0119dko\u015b\u0107 transmisji danych na poziomie 10 Gbps. Wsp\u00f3\u0142pracuje z dyskami M.2 NVMe SSD, a instalacja nie wymaga u\u017cycia narz\u0119dzi.<\/p>\n<p><img decoding=\"async\" src=\"https:\/\/b2b.innpro.pl\/data\/include\/cms\/012UGREEN\/15512\/1.jpg\" alt=\"012UGREEN\/15512\/2\"><\/p>\n<h3>Bezpiecze\u0144stwo <\/h3>\n<p>Bezpiecze\u0144stwo i stabilno\u015b\u0107 to priorytet obudowy SSD. Czytnik NVMe wykorzystuje zaawansowany chip RTL9210B z zabezpieczeniami przeciwzwarciowymi i nadpr\u0105dowymi, co gwarantuje ochron\u0119 na wielu p\u0142aszczyznach. Dodatkowe silikonowe etui zwi\u0119ksza ochron\u0119 podczas transportu, dzi\u0119ki czemu mo\u017cesz w pe\u0142ni cieszy\u0107 si\u0119 z u\u017cytkowania obudowy SSD.<\/p>\n<p><img decoding=\"async\" src=\"https:\/\/b2b.innpro.pl\/data\/include\/cms\/012UGREEN\/15512\/2.jpg\" alt=\"012UGREEN\/15512\/4\"><\/p>\n<h3>Przemy\u015blana konstrukcja <\/h3>\n<p>Pow\u0142oka ze stopu aluminium jest nie tylko elegancka, ale r\u00f3wnie\u017c skuteczna w odprowadzaniu ciep\u0142a, zapewniaj\u0105c optymaln\u0105 temperatur\u0119 pracy dysku. W zestawie znajduj\u0105 si\u0119 dwa kable: 25 cm kabel typu C do C oraz kabel typu A do C, co pozwala na pod\u0142\u0105czenie obudowy do r\u00f3\u017cnych urz\u0105dze\u0144.<\/p>\n<p><img decoding=\"async\" src=\"https:\/\/b2b.innpro.pl\/data\/include\/cms\/012UGREEN\/15512\/5.jpg\" alt=\"012UGREEN\/15512\/8\"><\/p>\n<h3>Komfort u\u017cytkowania<\/h3>\n<p>Technologia Plug and Play sprawia, \u017ce obudowa dzia\u0142a natychmiast po pod\u0142\u0105czeniu, bez konieczno\u015bci instalowania dodatkowych sterownik\u00f3w. Co wi\u0119cej, b\u0119dziesz bardzo komfortowa w u\u017cytkowaniu, dzi\u0119ki kompatybilno\u015bci z systemami operacyjnymi Windows, Linux, Mac OS i Android. Sprawia to, \u017ce sprawdzi si\u0119 w r\u00f3\u017cnorodnych zastosowaniach, takich jak praca, granie czy codzienne u\u017cytkowanie.<\/p>\n<p><img decoding=\"async\" src=\"https:\/\/b2b.innpro.pl\/data\/include\/cms\/012UGREEN\/15512\/4.jpg\" alt=\"012UGREEN\/15512\/5\"><\/p>\n<h3>W zestawie <\/h3>\n<ul>\n<li>obudowa SSD<\/li>\n<li>silikonowe etui<\/li>\n<li>kabel USB C do USB C<\/li>\n<li>kabel USB A do USB C<\/li>\n<li>instrukcja obs\u0142ugi <\/li>\n<li>2 x zapi\u0119cie<\/li>\n<\/ul>\n<div class=\"table-wrapper\">\n<table>\n<tbody>\n<tr>\n<th>Producent <\/th>\n<td>UGREEN<\/td>\n<\/tr>\n<tr>\n<th>Model<\/th>\n<td>15512 \/ CM578<\/td>\n<\/tr>\n<tr>\n<th>Dla typ\u00f3w dysk\u00f3w SSD<\/th>\n<td>NVMe do 2 TB<\/td>\n<\/tr>\n<tr>\n<th>Materia\u0142 obudowy <\/th>\n<td>Aluminium<\/td>\n<\/tr>\n<tr>\n<th>Materia\u0142 etui<\/th>\n<td>Silikon<\/td>\n<\/tr>\n<tr>\n<th>D\u0142ugo\u015b\u0107 kabla<\/th>\n<td>0,25 m<\/td>\n<\/tr>\n<tr>\n<th>Transfer danych <\/th>\n<td>10 Gbps<\/td>\n<\/tr>\n<tr>\n<th>Wymiary <\/th>\n<td>119 \u00d7 37 \u00d7 12 mm<\/td>\n<\/tr>\n<\/tbody>\n<\/table>\n<\/div>\n","protected":false},"excerpt":{"rendered":"<p>Obudowa SSD UGREEN 15512 M.2 NVMe Ciesz si\u0119 szybkim przesy\u0142em plik\u00f3w z pr\u0119dko\u015bci\u0105 do 10 Gbps, dzi\u0119ki obudowie SSD UGREEN!<\/p>\n","protected":false},"featured_media":42580,"comment_status":"closed","ping_status":"open","template":"","meta":{"_acf_changed":false},"product_brand":[],"product_cat":[5929,5936],"product_tag":[],"class_list":{"0":"post-56863","1":"product","2":"type-product","3":"status-publish","4":"has-post-thumbnail","6":"product_cat-akcesoria-it","7":"product_cat-obudowy-dyskow","8":"pa_okres-gwarancji-5757","9":"pa_producent-ugreen","11":"first","12":"outofstock","13":"taxable","14":"shipping-taxable","15":"purchasable","16":"product-type-simple"},"acf":[],"yoast_head":"<!-- This site is optimized with the Yoast SEO plugin v27.2 - https:\/\/yoast.com\/product\/yoast-seo-wordpress\/ -->\n<title>Obudowa SSD UGREEN 15512 M.2 NVMe - IRONSKY.PL Sklep z Dronami<\/title>\n<meta name=\"description\" content=\"Obudowa SSD UGREEN 15512 M.2 NVMe - \u2705 sklep z dronami i fachowym doradztwem. \u2705 Tutaj kupisz produkty DJI, Yuneec, Parrot, Syma i wiele innych, a tak\u017ce kursy i licencje na operatora drona.\" \/>\n<meta name=\"robots\" content=\"index, follow, max-snippet:-1, max-image-preview:large, max-video-preview:-1\" \/>\n<link rel=\"canonical\" href=\"https:\/\/ironsky.pl\/sklep\/produkt\/obudowa-ssd-ugreen-15512-m-2-nvme-2\/\" \/>\n<meta property=\"og:locale\" content=\"pl_PL\" \/>\n<meta property=\"og:type\" content=\"article\" \/>\n<meta property=\"og:title\" content=\"Obudowa SSD UGREEN 15512 M.2 NVMe - IRONSKY.PL Sklep z Dronami\" \/>\n<meta property=\"og:description\" content=\"Obudowa SSD UGREEN 15512 M.2 NVMe - \u2705 sklep z dronami i fachowym doradztwem. \u2705 Tutaj kupisz produkty DJI, Yuneec, Parrot, Syma i wiele innych, a tak\u017ce kursy i licencje na operatora drona.\" \/>\n<meta property=\"og:url\" content=\"https:\/\/ironsky.pl\/sklep\/produkt\/obudowa-ssd-ugreen-15512-m-2-nvme-2\/\" \/>\n<meta property=\"og:site_name\" content=\"IRONSKY.PL Sklep z Dronami\" \/>\n<meta property=\"article:modified_time\" content=\"2026-04-15T08:19:40+00:00\" \/>\n<meta property=\"og:image\" content=\"https:\/\/ironsky.pl\/sklep\/wp-content\/uploads\/2025\/06\/30258_2.jpg\" \/>\n\t<meta property=\"og:image:width\" content=\"800\" \/>\n\t<meta property=\"og:image:height\" content=\"800\" \/>\n\t<meta property=\"og:image:type\" content=\"image\/jpeg\" \/>\n<meta name=\"twitter:card\" content=\"summary_large_image\" \/>\n<meta name=\"twitter:label1\" content=\"Szacowany czas czytania\" \/>\n\t<meta name=\"twitter:data1\" content=\"2 minuty\" \/>\n<script type=\"application\/ld+json\" class=\"yoast-schema-graph\">{\"@context\":\"https:\/\/schema.org\",\"@graph\":[{\"@type\":\"WebPage\",\"@id\":\"https:\/\/ironsky.pl\/sklep\/produkt\/obudowa-ssd-ugreen-15512-m-2-nvme-2\/\",\"url\":\"https:\/\/ironsky.pl\/sklep\/produkt\/obudowa-ssd-ugreen-15512-m-2-nvme-2\/\",\"name\":\"Obudowa SSD UGREEN 15512 M.2 NVMe - IRONSKY.PL Sklep z Dronami\",\"isPartOf\":{\"@id\":\"https:\/\/ironsky.pl\/sklep\/#website\"},\"primaryImageOfPage\":{\"@id\":\"https:\/\/ironsky.pl\/sklep\/produkt\/obudowa-ssd-ugreen-15512-m-2-nvme-2\/#primaryimage\"},\"image\":{\"@id\":\"https:\/\/ironsky.pl\/sklep\/produkt\/obudowa-ssd-ugreen-15512-m-2-nvme-2\/#primaryimage\"},\"thumbnailUrl\":\"https:\/\/ironsky.pl\/sklep\/wp-content\/uploads\/2025\/06\/30258_2.jpg\",\"datePublished\":\"2026-04-15T08:19:27+00:00\",\"dateModified\":\"2026-04-15T08:19:40+00:00\",\"description\":\"Obudowa SSD UGREEN 15512 M.2 NVMe - \u2705 sklep z dronami i fachowym doradztwem. \u2705 Tutaj kupisz produkty DJI, Yuneec, Parrot, Syma i wiele innych, a tak\u017ce kursy i licencje na operatora drona.\",\"breadcrumb\":{\"@id\":\"https:\/\/ironsky.pl\/sklep\/produkt\/obudowa-ssd-ugreen-15512-m-2-nvme-2\/#breadcrumb\"},\"inLanguage\":\"pl-PL\",\"potentialAction\":[{\"@type\":\"ReadAction\",\"target\":[\"https:\/\/ironsky.pl\/sklep\/produkt\/obudowa-ssd-ugreen-15512-m-2-nvme-2\/\"]}]},{\"@type\":\"ImageObject\",\"inLanguage\":\"pl-PL\",\"@id\":\"https:\/\/ironsky.pl\/sklep\/produkt\/obudowa-ssd-ugreen-15512-m-2-nvme-2\/#primaryimage\",\"url\":\"https:\/\/ironsky.pl\/sklep\/wp-content\/uploads\/2025\/06\/30258_2.jpg\",\"contentUrl\":\"https:\/\/ironsky.pl\/sklep\/wp-content\/uploads\/2025\/06\/30258_2.jpg\",\"width\":800,\"height\":800},{\"@type\":\"BreadcrumbList\",\"@id\":\"https:\/\/ironsky.pl\/sklep\/produkt\/obudowa-ssd-ugreen-15512-m-2-nvme-2\/#breadcrumb\",\"itemListElement\":[{\"@type\":\"ListItem\",\"position\":1,\"name\":\"Strona g\u0142\u00f3wna\",\"item\":\"https:\/\/ironsky.pl\/sklep\/\"},{\"@type\":\"ListItem\",\"position\":2,\"name\":\"Wszystkie produkty\",\"item\":\"https:\/\/ironsky.pl\/sklep\/produkty\/\"},{\"@type\":\"ListItem\",\"position\":3,\"name\":\"Obudowa SSD UGREEN 15512 M.2 NVMe\"}]},{\"@type\":\"WebSite\",\"@id\":\"https:\/\/ironsky.pl\/sklep\/#website\",\"url\":\"https:\/\/ironsky.pl\/sklep\/\",\"name\":\"IRONSKY.PL Sklep z Dronami\",\"description\":\"IRONSKY.PL Sklep z Dronami\",\"potentialAction\":[{\"@type\":\"SearchAction\",\"target\":{\"@type\":\"EntryPoint\",\"urlTemplate\":\"https:\/\/ironsky.pl\/sklep\/?s={search_term_string}\"},\"query-input\":{\"@type\":\"PropertyValueSpecification\",\"valueRequired\":true,\"valueName\":\"search_term_string\"}}],\"inLanguage\":\"pl-PL\"}]}<\/script>\n<!-- \/ Yoast SEO plugin. -->","yoast_head_json":{"title":"Obudowa SSD UGREEN 15512 M.2 NVMe - IRONSKY.PL Sklep z Dronami","description":"Obudowa SSD UGREEN 15512 M.2 NVMe - \u2705 sklep z dronami i fachowym doradztwem. \u2705 Tutaj kupisz produkty DJI, Yuneec, Parrot, Syma i wiele innych, a tak\u017ce kursy i licencje na operatora drona.","robots":{"index":"index","follow":"follow","max-snippet":"max-snippet:-1","max-image-preview":"max-image-preview:large","max-video-preview":"max-video-preview:-1"},"canonical":"https:\/\/ironsky.pl\/sklep\/produkt\/obudowa-ssd-ugreen-15512-m-2-nvme-2\/","og_locale":"pl_PL","og_type":"article","og_title":"Obudowa SSD UGREEN 15512 M.2 NVMe - IRONSKY.PL Sklep z Dronami","og_description":"Obudowa SSD UGREEN 15512 M.2 NVMe - \u2705 sklep z dronami i fachowym doradztwem. \u2705 Tutaj kupisz produkty DJI, Yuneec, Parrot, Syma i wiele innych, a tak\u017ce kursy i licencje na operatora drona.","og_url":"https:\/\/ironsky.pl\/sklep\/produkt\/obudowa-ssd-ugreen-15512-m-2-nvme-2\/","og_site_name":"IRONSKY.PL Sklep z Dronami","article_modified_time":"2026-04-15T08:19:40+00:00","og_image":[{"width":800,"height":800,"url":"https:\/\/ironsky.pl\/sklep\/wp-content\/uploads\/2025\/06\/30258_2.jpg","type":"image\/jpeg"}],"twitter_card":"summary_large_image","twitter_misc":{"Szacowany czas czytania":"2 minuty"},"schema":{"@context":"https:\/\/schema.org","@graph":[{"@type":"WebPage","@id":"https:\/\/ironsky.pl\/sklep\/produkt\/obudowa-ssd-ugreen-15512-m-2-nvme-2\/","url":"https:\/\/ironsky.pl\/sklep\/produkt\/obudowa-ssd-ugreen-15512-m-2-nvme-2\/","name":"Obudowa SSD UGREEN 15512 M.2 NVMe - IRONSKY.PL Sklep z Dronami","isPartOf":{"@id":"https:\/\/ironsky.pl\/sklep\/#website"},"primaryImageOfPage":{"@id":"https:\/\/ironsky.pl\/sklep\/produkt\/obudowa-ssd-ugreen-15512-m-2-nvme-2\/#primaryimage"},"image":{"@id":"https:\/\/ironsky.pl\/sklep\/produkt\/obudowa-ssd-ugreen-15512-m-2-nvme-2\/#primaryimage"},"thumbnailUrl":"https:\/\/ironsky.pl\/sklep\/wp-content\/uploads\/2025\/06\/30258_2.jpg","datePublished":"2026-04-15T08:19:27+00:00","dateModified":"2026-04-15T08:19:40+00:00","description":"Obudowa SSD UGREEN 15512 M.2 NVMe - \u2705 sklep z dronami i fachowym doradztwem. \u2705 Tutaj kupisz produkty DJI, Yuneec, Parrot, Syma i wiele innych, a tak\u017ce kursy i licencje na operatora drona.","breadcrumb":{"@id":"https:\/\/ironsky.pl\/sklep\/produkt\/obudowa-ssd-ugreen-15512-m-2-nvme-2\/#breadcrumb"},"inLanguage":"pl-PL","potentialAction":[{"@type":"ReadAction","target":["https:\/\/ironsky.pl\/sklep\/produkt\/obudowa-ssd-ugreen-15512-m-2-nvme-2\/"]}]},{"@type":"ImageObject","inLanguage":"pl-PL","@id":"https:\/\/ironsky.pl\/sklep\/produkt\/obudowa-ssd-ugreen-15512-m-2-nvme-2\/#primaryimage","url":"https:\/\/ironsky.pl\/sklep\/wp-content\/uploads\/2025\/06\/30258_2.jpg","contentUrl":"https:\/\/ironsky.pl\/sklep\/wp-content\/uploads\/2025\/06\/30258_2.jpg","width":800,"height":800},{"@type":"BreadcrumbList","@id":"https:\/\/ironsky.pl\/sklep\/produkt\/obudowa-ssd-ugreen-15512-m-2-nvme-2\/#breadcrumb","itemListElement":[{"@type":"ListItem","position":1,"name":"Strona g\u0142\u00f3wna","item":"https:\/\/ironsky.pl\/sklep\/"},{"@type":"ListItem","position":2,"name":"Wszystkie produkty","item":"https:\/\/ironsky.pl\/sklep\/produkty\/"},{"@type":"ListItem","position":3,"name":"Obudowa SSD UGREEN 15512 M.2 NVMe"}]},{"@type":"WebSite","@id":"https:\/\/ironsky.pl\/sklep\/#website","url":"https:\/\/ironsky.pl\/sklep\/","name":"IRONSKY.PL Sklep z Dronami","description":"IRONSKY.PL Sklep z Dronami","potentialAction":[{"@type":"SearchAction","target":{"@type":"EntryPoint","urlTemplate":"https:\/\/ironsky.pl\/sklep\/?s={search_term_string}"},"query-input":{"@type":"PropertyValueSpecification","valueRequired":true,"valueName":"search_term_string"}}],"inLanguage":"pl-PL"}]}},"_links":{"self":[{"href":"https:\/\/ironsky.pl\/sklep\/wp-json\/wp\/v2\/product\/56863","targetHints":{"allow":["GET"]}}],"collection":[{"href":"https:\/\/ironsky.pl\/sklep\/wp-json\/wp\/v2\/product"}],"about":[{"href":"https:\/\/ironsky.pl\/sklep\/wp-json\/wp\/v2\/types\/product"}],"replies":[{"embeddable":true,"href":"https:\/\/ironsky.pl\/sklep\/wp-json\/wp\/v2\/comments?post=56863"}],"wp:featuredmedia":[{"embeddable":true,"href":"https:\/\/ironsky.pl\/sklep\/wp-json\/wp\/v2\/media\/42580"}],"wp:attachment":[{"href":"https:\/\/ironsky.pl\/sklep\/wp-json\/wp\/v2\/media?parent=56863"}],"wp:term":[{"taxonomy":"product_brand","embeddable":true,"href":"https:\/\/ironsky.pl\/sklep\/wp-json\/wp\/v2\/product_brand?post=56863"},{"taxonomy":"product_cat","embeddable":true,"href":"https:\/\/ironsky.pl\/sklep\/wp-json\/wp\/v2\/product_cat?post=56863"},{"taxonomy":"product_tag","embeddable":true,"href":"https:\/\/ironsky.pl\/sklep\/wp-json\/wp\/v2\/product_tag?post=56863"}],"curies":[{"name":"wp","href":"https:\/\/api.w.org\/{rel}","templated":true}]}}