{"id":56848,"date":"2026-04-15T10:19:27","date_gmt":"2026-04-15T08:19:27","guid":{"rendered":"https:\/\/ironsky.pl\/sklep\/produkt\/obudowa-silikonowa-sunnylife-insta360-x3\/"},"modified":"2026-04-15T10:19:28","modified_gmt":"2026-04-15T08:19:28","slug":"obudowa-silikonowa-sunnylife-insta360-x3","status":"publish","type":"product","link":"https:\/\/ironsky.pl\/sklep\/produkt\/obudowa-silikonowa-sunnylife-insta360-x3\/","title":{"rendered":"Obudowa silikonowa SUNNYLIFE Insta360 X3"},"content":{"rendered":"<h3>Os\u0142ona silikonowa kamery Sunnylife do Insta360 X3 (IST-BHT504)<\/h3>\n<p>Obawiasz si\u0119, \u017ce Twoja kamera Insta360 X3 mo\u017ce zosta\u0107 uszkodzona? Silikonowa os\u0142ona marki Sunnylife ochroni j\u0105 przed zarysowaniem i nie tylko! Akcesorium jest bardzo wytrzyma\u0142e i przyjemne w dotyku, a dzi\u0119ki przemy\u015blanej konstrukcji zapewnia wygodny dost\u0119p do wszystkich przycisk\u00f3w urz\u0105dzenia. W sk\u0142ad zestawu wchodzi te\u017c praktyczna smycz.<\/p>\n<p><img decoding=\"async\" src=\"https:\/\/b2b.innpro.pl\/data\/include\/cms\/Sunnylife\/IST-BHT504\/2.jpg\" alt=\"Sunnylife\/IST-BHT504\/2\"><\/p>\n<h3>Niezawodna ochrona<\/h3>\n<p>Os\u0142ona Sunnylife zosta\u0142a wykonana z trwa\u0142ego, przyjaznego dla \u015brodowiska silikonu, dzi\u0119ki czemu mo\u017ce skutecznie zabezpieczy\u0107 Twoj\u0105 kamer\u0119 przed uszkodzeniem \u2013 na przyk\u0142ad na skutek upadku lub uderzenia. Pozwoli te\u017c na bezpieczny transport i przechowywanie urz\u0105dzenia. Mo\u017cesz r\u00f3wnie\u017c po\u0142\u0105czy\u0107 j\u0105 z dost\u0119pn\u0105 w sprzeda\u017cy oddzielnie ochron\u0105 obiektywu.<\/p>\n<p><img decoding=\"async\" src=\"https:\/\/b2b.innpro.pl\/data\/include\/cms\/Sunnylife\/IST-BHT504\/6.jpg\" alt=\"Sunnylife\/IST-BHT504\/6\"><\/p>\n<h3>Idealne dopasowanie<\/h3>\n<p>Akcesorium doskonale pasuje do kszta\u0142tu kamery Insta360 X3. Umo\u017cliwia wygodne korzystanie z jej przycisk\u00f3w, a dzi\u0119ki specjalnym otworom nie zas\u0142ania mikrofon\u00f3w czy g\u0142o\u015bnika. Nie wp\u0142ywa wi\u0119c na komfort u\u017cytkowania urz\u0105dzenia! Os\u0142ona pozwala te\u017c wygodnie wymieni\u0107 akumulator kamery. Wyr\u00f3\u017cnia j\u0105 tak\u017ce antypo\u015blizgowa powierzchnia, nie musisz wi\u0119c si\u0119 martwi\u0107, \u017ce umieszczony w niej sprz\u0119t wy\u015blizgnie Ci si\u0119 z d\u0142oni.<\/p>\n<p><img decoding=\"async\" src=\"https:\/\/b2b.innpro.pl\/data\/include\/cms\/Sunnylife\/IST-BHT504\/1.jpg\" alt=\"Sunnylife\/IST-BHT504\/1\"><\/p>\n<h3>Praktyczna smycz w zestawie<\/h3>\n<p>W opakowaniu znajdziesz r\u00f3wnie\u017c praktyczn\u0105 smycz. Za jej pomoc\u0105 mo\u017cesz na przyk\u0142ad zawiesi\u0107 sobie kamer\u0119 na szyi lub na nadgarstku. Dzi\u0119ki temu zmniejszysz ryzyko jej zgubienia, unikniesz te\u017c przypadkowego upuszczenia jej na ziemi\u0119. Na uwag\u0119 zas\u0142uguje tak\u017ce regulowana d\u0142ugo\u015b\u0107 smyczy \u2013 z \u0142atwo\u015bci\u0105 dostosujesz j\u0105 do swoich potrzeb!<\/p>\n<p><img decoding=\"async\" src=\"https:\/\/b2b.innpro.pl\/data\/include\/cms\/Sunnylife\/IST-BHT504\/5.jpg\" alt=\"Sunnylife\/IST-BHT504\/5\"><\/p>\n<h3>W zestawie<\/h3>\n<ul>\n<li>Os\u0142ona kamery<\/li>\n<li>Smycz<\/li>\n<\/ul>\n<div class=\"table-wrapper\">\n<table>\n<tbody>\n<tr>\n<th>Producent<\/th>\n<td>Sunnylife<\/td>\n<\/tr>\n<tr>\n<th>Model<\/th>\n<td>IST-BHT504<\/td>\n<\/tr>\n<tr>\n<th>Kolor<\/th>\n<td>Czarny<\/td>\n<\/tr>\n<tr>\n<th>Materia\u0142<\/th>\n<td>Silikon<\/td>\n<\/tr>\n<tr>\n<th>Waga<\/th>\n<td>20 g<\/td>\n<\/tr>\n<tr>\n<th>Kompatybilno\u015b\u0107<\/th>\n<td>Insta360 X3<\/td>\n<\/tr>\n<\/tbody>\n<\/table>\n<\/div>\n","protected":false},"excerpt":{"rendered":"<p>Os\u0142ona silikonowa kamery Sunnylife do Insta360 X3 (IST-BHT504) Obawiasz si\u0119, \u017ce Twoja kamera Insta360 X3 mo\u017ce zosta\u0107 uszkodzona? Silikonowa os\u0142ona<\/p>\n","protected":false},"featured_media":56849,"comment_status":"closed","ping_status":"open","template":"","meta":{"_acf_changed":false},"product_brand":[],"product_cat":[1130,1137,1128],"product_tag":[],"class_list":{"0":"post-56848","1":"product","2":"type-product","3":"status-publish","4":"has-post-thumbnail","6":"product_cat-akcesoria-foto","7":"product_cat-do-kamer-sportowych","8":"product_cat-foto-wideo","9":"pa_okres-gwarancji-5754","10":"pa_producent-sunnylife","12":"first","13":"outofstock","14":"taxable","15":"shipping-taxable","16":"purchasable","17":"product-type-simple"},"acf":[],"yoast_head":"<!-- This site is optimized with the Yoast SEO plugin v27.2 - https:\/\/yoast.com\/product\/yoast-seo-wordpress\/ -->\n<title>Obudowa silikonowa SUNNYLIFE Insta360 X3 - IRONSKY.PL Sklep z Dronami<\/title>\n<meta name=\"description\" content=\"Obudowa silikonowa SUNNYLIFE Insta360 X3 - \u2705 sklep z dronami i fachowym doradztwem. \u2705 Tutaj kupisz produkty DJI, Yuneec, Parrot, Syma i wiele innych, a tak\u017ce kursy i licencje na operatora drona.\" \/>\n<meta name=\"robots\" content=\"index, follow, max-snippet:-1, max-image-preview:large, max-video-preview:-1\" \/>\n<link rel=\"canonical\" href=\"https:\/\/ironsky.pl\/sklep\/produkt\/obudowa-silikonowa-sunnylife-insta360-x3\/\" \/>\n<meta property=\"og:locale\" content=\"pl_PL\" \/>\n<meta property=\"og:type\" content=\"article\" \/>\n<meta property=\"og:title\" content=\"Obudowa silikonowa SUNNYLIFE Insta360 X3 - IRONSKY.PL Sklep z Dronami\" \/>\n<meta property=\"og:description\" content=\"Obudowa silikonowa SUNNYLIFE Insta360 X3 - \u2705 sklep z dronami i fachowym doradztwem. \u2705 Tutaj kupisz produkty DJI, Yuneec, Parrot, Syma i wiele innych, a tak\u017ce kursy i licencje na operatora drona.\" \/>\n<meta property=\"og:url\" content=\"https:\/\/ironsky.pl\/sklep\/produkt\/obudowa-silikonowa-sunnylife-insta360-x3\/\" \/>\n<meta property=\"og:site_name\" content=\"IRONSKY.PL Sklep z Dronami\" \/>\n<meta property=\"article:modified_time\" content=\"2026-04-15T08:19:28+00:00\" \/>\n<meta property=\"og:image\" content=\"https:\/\/ironsky.pl\/sklep\/wp-content\/uploads\/2026\/04\/30106_1.jpg\" \/>\n\t<meta property=\"og:image:width\" content=\"800\" \/>\n\t<meta property=\"og:image:height\" content=\"800\" \/>\n\t<meta property=\"og:image:type\" content=\"image\/jpeg\" \/>\n<meta name=\"twitter:card\" content=\"summary_large_image\" \/>\n<meta name=\"twitter:label1\" content=\"Szacowany czas czytania\" \/>\n\t<meta name=\"twitter:data1\" content=\"1 minuta\" \/>\n<script type=\"application\/ld+json\" class=\"yoast-schema-graph\">{\"@context\":\"https:\/\/schema.org\",\"@graph\":[{\"@type\":\"WebPage\",\"@id\":\"https:\/\/ironsky.pl\/sklep\/produkt\/obudowa-silikonowa-sunnylife-insta360-x3\/\",\"url\":\"https:\/\/ironsky.pl\/sklep\/produkt\/obudowa-silikonowa-sunnylife-insta360-x3\/\",\"name\":\"Obudowa silikonowa SUNNYLIFE Insta360 X3 - IRONSKY.PL Sklep z Dronami\",\"isPartOf\":{\"@id\":\"https:\/\/ironsky.pl\/sklep\/#website\"},\"primaryImageOfPage\":{\"@id\":\"https:\/\/ironsky.pl\/sklep\/produkt\/obudowa-silikonowa-sunnylife-insta360-x3\/#primaryimage\"},\"image\":{\"@id\":\"https:\/\/ironsky.pl\/sklep\/produkt\/obudowa-silikonowa-sunnylife-insta360-x3\/#primaryimage\"},\"thumbnailUrl\":\"https:\/\/ironsky.pl\/sklep\/wp-content\/uploads\/2026\/04\/30106_1.jpg\",\"datePublished\":\"2026-04-15T08:19:27+00:00\",\"dateModified\":\"2026-04-15T08:19:28+00:00\",\"description\":\"Obudowa silikonowa SUNNYLIFE Insta360 X3 - \u2705 sklep z dronami i fachowym doradztwem. \u2705 Tutaj kupisz produkty DJI, Yuneec, Parrot, Syma i wiele innych, a tak\u017ce kursy i licencje na operatora drona.\",\"breadcrumb\":{\"@id\":\"https:\/\/ironsky.pl\/sklep\/produkt\/obudowa-silikonowa-sunnylife-insta360-x3\/#breadcrumb\"},\"inLanguage\":\"pl-PL\",\"potentialAction\":[{\"@type\":\"ReadAction\",\"target\":[\"https:\/\/ironsky.pl\/sklep\/produkt\/obudowa-silikonowa-sunnylife-insta360-x3\/\"]}]},{\"@type\":\"ImageObject\",\"inLanguage\":\"pl-PL\",\"@id\":\"https:\/\/ironsky.pl\/sklep\/produkt\/obudowa-silikonowa-sunnylife-insta360-x3\/#primaryimage\",\"url\":\"https:\/\/ironsky.pl\/sklep\/wp-content\/uploads\/2026\/04\/30106_1.jpg\",\"contentUrl\":\"https:\/\/ironsky.pl\/sklep\/wp-content\/uploads\/2026\/04\/30106_1.jpg\",\"width\":800,\"height\":800},{\"@type\":\"BreadcrumbList\",\"@id\":\"https:\/\/ironsky.pl\/sklep\/produkt\/obudowa-silikonowa-sunnylife-insta360-x3\/#breadcrumb\",\"itemListElement\":[{\"@type\":\"ListItem\",\"position\":1,\"name\":\"Strona g\u0142\u00f3wna\",\"item\":\"https:\/\/ironsky.pl\/sklep\/\"},{\"@type\":\"ListItem\",\"position\":2,\"name\":\"Wszystkie produkty\",\"item\":\"https:\/\/ironsky.pl\/sklep\/produkty\/\"},{\"@type\":\"ListItem\",\"position\":3,\"name\":\"Obudowa silikonowa SUNNYLIFE Insta360 X3\"}]},{\"@type\":\"WebSite\",\"@id\":\"https:\/\/ironsky.pl\/sklep\/#website\",\"url\":\"https:\/\/ironsky.pl\/sklep\/\",\"name\":\"IRONSKY.PL Sklep z Dronami\",\"description\":\"IRONSKY.PL Sklep z Dronami\",\"potentialAction\":[{\"@type\":\"SearchAction\",\"target\":{\"@type\":\"EntryPoint\",\"urlTemplate\":\"https:\/\/ironsky.pl\/sklep\/?s={search_term_string}\"},\"query-input\":{\"@type\":\"PropertyValueSpecification\",\"valueRequired\":true,\"valueName\":\"search_term_string\"}}],\"inLanguage\":\"pl-PL\"}]}<\/script>\n<!-- \/ Yoast SEO plugin. -->","yoast_head_json":{"title":"Obudowa silikonowa SUNNYLIFE Insta360 X3 - IRONSKY.PL Sklep z Dronami","description":"Obudowa silikonowa SUNNYLIFE Insta360 X3 - \u2705 sklep z dronami i fachowym doradztwem. \u2705 Tutaj kupisz produkty DJI, Yuneec, Parrot, Syma i wiele innych, a tak\u017ce kursy i licencje na operatora drona.","robots":{"index":"index","follow":"follow","max-snippet":"max-snippet:-1","max-image-preview":"max-image-preview:large","max-video-preview":"max-video-preview:-1"},"canonical":"https:\/\/ironsky.pl\/sklep\/produkt\/obudowa-silikonowa-sunnylife-insta360-x3\/","og_locale":"pl_PL","og_type":"article","og_title":"Obudowa silikonowa SUNNYLIFE Insta360 X3 - IRONSKY.PL Sklep z Dronami","og_description":"Obudowa silikonowa SUNNYLIFE Insta360 X3 - \u2705 sklep z dronami i fachowym doradztwem. \u2705 Tutaj kupisz produkty DJI, Yuneec, Parrot, Syma i wiele innych, a tak\u017ce kursy i licencje na operatora drona.","og_url":"https:\/\/ironsky.pl\/sklep\/produkt\/obudowa-silikonowa-sunnylife-insta360-x3\/","og_site_name":"IRONSKY.PL Sklep z Dronami","article_modified_time":"2026-04-15T08:19:28+00:00","og_image":[{"width":800,"height":800,"url":"https:\/\/ironsky.pl\/sklep\/wp-content\/uploads\/2026\/04\/30106_1.jpg","type":"image\/jpeg"}],"twitter_card":"summary_large_image","twitter_misc":{"Szacowany czas czytania":"1 minuta"},"schema":{"@context":"https:\/\/schema.org","@graph":[{"@type":"WebPage","@id":"https:\/\/ironsky.pl\/sklep\/produkt\/obudowa-silikonowa-sunnylife-insta360-x3\/","url":"https:\/\/ironsky.pl\/sklep\/produkt\/obudowa-silikonowa-sunnylife-insta360-x3\/","name":"Obudowa silikonowa SUNNYLIFE Insta360 X3 - IRONSKY.PL Sklep z Dronami","isPartOf":{"@id":"https:\/\/ironsky.pl\/sklep\/#website"},"primaryImageOfPage":{"@id":"https:\/\/ironsky.pl\/sklep\/produkt\/obudowa-silikonowa-sunnylife-insta360-x3\/#primaryimage"},"image":{"@id":"https:\/\/ironsky.pl\/sklep\/produkt\/obudowa-silikonowa-sunnylife-insta360-x3\/#primaryimage"},"thumbnailUrl":"https:\/\/ironsky.pl\/sklep\/wp-content\/uploads\/2026\/04\/30106_1.jpg","datePublished":"2026-04-15T08:19:27+00:00","dateModified":"2026-04-15T08:19:28+00:00","description":"Obudowa silikonowa SUNNYLIFE Insta360 X3 - \u2705 sklep z dronami i fachowym doradztwem. \u2705 Tutaj kupisz produkty DJI, Yuneec, Parrot, Syma i wiele innych, a tak\u017ce kursy i licencje na operatora drona.","breadcrumb":{"@id":"https:\/\/ironsky.pl\/sklep\/produkt\/obudowa-silikonowa-sunnylife-insta360-x3\/#breadcrumb"},"inLanguage":"pl-PL","potentialAction":[{"@type":"ReadAction","target":["https:\/\/ironsky.pl\/sklep\/produkt\/obudowa-silikonowa-sunnylife-insta360-x3\/"]}]},{"@type":"ImageObject","inLanguage":"pl-PL","@id":"https:\/\/ironsky.pl\/sklep\/produkt\/obudowa-silikonowa-sunnylife-insta360-x3\/#primaryimage","url":"https:\/\/ironsky.pl\/sklep\/wp-content\/uploads\/2026\/04\/30106_1.jpg","contentUrl":"https:\/\/ironsky.pl\/sklep\/wp-content\/uploads\/2026\/04\/30106_1.jpg","width":800,"height":800},{"@type":"BreadcrumbList","@id":"https:\/\/ironsky.pl\/sklep\/produkt\/obudowa-silikonowa-sunnylife-insta360-x3\/#breadcrumb","itemListElement":[{"@type":"ListItem","position":1,"name":"Strona g\u0142\u00f3wna","item":"https:\/\/ironsky.pl\/sklep\/"},{"@type":"ListItem","position":2,"name":"Wszystkie produkty","item":"https:\/\/ironsky.pl\/sklep\/produkty\/"},{"@type":"ListItem","position":3,"name":"Obudowa silikonowa SUNNYLIFE Insta360 X3"}]},{"@type":"WebSite","@id":"https:\/\/ironsky.pl\/sklep\/#website","url":"https:\/\/ironsky.pl\/sklep\/","name":"IRONSKY.PL Sklep z Dronami","description":"IRONSKY.PL Sklep z Dronami","potentialAction":[{"@type":"SearchAction","target":{"@type":"EntryPoint","urlTemplate":"https:\/\/ironsky.pl\/sklep\/?s={search_term_string}"},"query-input":{"@type":"PropertyValueSpecification","valueRequired":true,"valueName":"search_term_string"}}],"inLanguage":"pl-PL"}]}},"_links":{"self":[{"href":"https:\/\/ironsky.pl\/sklep\/wp-json\/wp\/v2\/product\/56848","targetHints":{"allow":["GET"]}}],"collection":[{"href":"https:\/\/ironsky.pl\/sklep\/wp-json\/wp\/v2\/product"}],"about":[{"href":"https:\/\/ironsky.pl\/sklep\/wp-json\/wp\/v2\/types\/product"}],"replies":[{"embeddable":true,"href":"https:\/\/ironsky.pl\/sklep\/wp-json\/wp\/v2\/comments?post=56848"}],"wp:featuredmedia":[{"embeddable":true,"href":"https:\/\/ironsky.pl\/sklep\/wp-json\/wp\/v2\/media\/56849"}],"wp:attachment":[{"href":"https:\/\/ironsky.pl\/sklep\/wp-json\/wp\/v2\/media?parent=56848"}],"wp:term":[{"taxonomy":"product_brand","embeddable":true,"href":"https:\/\/ironsky.pl\/sklep\/wp-json\/wp\/v2\/product_brand?post=56848"},{"taxonomy":"product_cat","embeddable":true,"href":"https:\/\/ironsky.pl\/sklep\/wp-json\/wp\/v2\/product_cat?post=56848"},{"taxonomy":"product_tag","embeddable":true,"href":"https:\/\/ironsky.pl\/sklep\/wp-json\/wp\/v2\/product_tag?post=56848"}],"curies":[{"name":"wp","href":"https:\/\/api.w.org\/{rel}","templated":true}]}}