{"id":56847,"date":"2026-04-15T10:19:02","date_gmt":"2026-04-15T08:19:02","guid":{"rendered":"https:\/\/ironsky.pl\/sklep\/produkt\/adapter-mocowania-obiektywu-dji-zenmuse-x9-l-mount-unit\/"},"modified":"2026-04-15T10:19:25","modified_gmt":"2026-04-15T08:19:25","slug":"adapter-mocowania-obiektywu-dji-zenmuse-x9-l-mount-unit","status":"publish","type":"product","link":"https:\/\/ironsky.pl\/sklep\/produkt\/adapter-mocowania-obiektywu-dji-zenmuse-x9-l-mount-unit\/","title":{"rendered":"Adapter mocowania obiektywu DJI Zenmuse X9 L Mount Unit"},"content":{"rendered":"<div id=\"Opisproduktu\" class=\"long-description\">\n<div class=\"long-description__description-wrapper\">\n<div class=\"description-item\">\n<div class=\"description-item__wrapper --reverse\">\n<div class=\"description-item__body\">\n<div class=\"description-item__body-wrapper\">\n<div class=\"description-item__title\">X9 E Mount Unit<\/div>\n<div class=\"description-item__content\">\n<p>Akcesorium monta\u017cowe DJI Zenmuse X9 E Mount Unit obs\u0142uguje wymienne mocowania obiektywu i jest kompatybilne z kamerami z gimbalem DJI Zenmuse X9-6K oraz DJI Zenmuse X9-8K. Z powodzeniem obs\u0142u\u017cy autorskie mocowanie DL marki DJI, ale tak\u017ce mocowania innych firmy, takie jak np. Sony E. Obiektywy ultraszerokie, makro i anamorficzne, kt\u00f3re s\u0105 kompatybilne z tradycyjnymi kamerami kinowymi, wsp\u00f3\u0142pracuj\u0105 r\u00f3wnie\u017c z X9, zapewniaj\u0105c elastyczno\u015b\u0107 podczas wyboru obiektywu. Dodatkowo produkt jest kompatybilny z X9 Focus Motor i umo\u017cliwia ustawianie ostro\u015bci na obiektywach manualnych.<\/p>\n<\/div>\n<\/div>\n<\/div>\n<div class=\"description-item__img\"><img decoding=\"async\" src=\"https:\/\/assets.innpro.pl\/405\/438\/X9-E-Mount-Unit-30089_17.png\" alt=\"\" \/><\/div>\n<\/div>\n<\/div>\n<\/div>\n<div class=\"long-description__description-wrapper\" data-anchor-menu-name=\"W zestawie\">\n<div id=\"Wzestawie\" class=\"long-description__title\">W zestawie<\/div>\n<div class=\"included-items\">\n<div class=\"included-items__item\">\n<div class=\"included-items__img\"><img decoding=\"async\" src=\"https:\/\/assets.innpro.pl\/405\/438\/X9-E-Mount-Unit-30089_11.png\" alt=\"\"><\/div>\n<div class=\"included-items__name\">Adapter mocowania E<\/div>\n<div class=\"included-items__count\">x1<\/div>\n<\/div>\n<div class=\"included-items__item\">\n<div class=\"included-items__img\"><img decoding=\"async\" src=\"https:\/\/assets.innpro.pl\/405\/438\/X9-E-Mount-Unit-30089_15.png\" alt=\"\"><\/div>\n<div class=\"included-items__name\">Nasadka korpusu mocowania E<\/div>\n<div class=\"included-items__count\">x1<\/div>\n<\/div>\n<div class=\"included-items__item\">\n<div class=\"included-items__img\"><img decoding=\"async\" src=\"https:\/\/assets.innpro.pl\/405\/438\/X9-E-Mount-Unit-30089_13.png\" alt=\"\"><\/div>\n<div class=\"included-items__name\">Pokrywka obiektywu z mocowaniem DX<\/div>\n<div class=\"included-items__count\">x1<\/div>\n<\/div>\n<\/div>\n<\/div>\n<div class=\"long-description__specification-wrapper\">\n<div id=\"Specyfikacja\" class=\"big_label --ops\" data-anchor-menu-name=\"Specyfikacja\">Specyfikacja<\/div>\n<div class=\"long-description__specification-menu\"><\/div>\n<div class=\"specification-boxes\" data-spec-name=\"X9 E Mount Unit\">\n<div class=\"specification-box\">\n<div class=\"table_container\">\n<div class=\"table1\">\n<table>\n<tbody>\n<tr>\n<th>Producent<\/th>\n<td>DJI<\/td>\n<\/tr>\n<tr>\n<th>Nazwa<\/th>\n<td>DJI Zenmuse X9 E Mount Unit<\/td>\n<\/tr>\n<\/tbody>\n<\/table>\n<\/div>\n<div class=\"table2\">\n<table>\n<tbody>\n<tr>\n<th>Zgodno\u015b\u0107<\/th>\n<td>DJI Zenmuse X9-6K, DJI Zenmuse X9-8K<\/td>\n<\/tr>\n<\/tbody>\n<\/table>\n<\/div>\n<\/div>\n<\/div>\n<\/div>\n<\/div>\n<\/div>\n","protected":false},"excerpt":{"rendered":"<p>X9 E Mount Unit Akcesorium monta\u017cowe DJI Zenmuse X9 E Mount Unit obs\u0142uguje wymienne mocowania obiektywu i jest kompatybilne z<\/p>\n","protected":false},"featured_media":48691,"comment_status":"closed","ping_status":"open","template":"","meta":{"_acf_changed":false},"product_brand":[],"product_cat":[1130,6174,1128],"product_tag":[],"class_list":{"0":"post-56847","1":"product","2":"type-product","3":"status-publish","4":"has-post-thumbnail","6":"product_cat-akcesoria-foto","7":"product_cat-do-aparatow-i-kamer","8":"product_cat-foto-wideo","9":"pa_okres-gwarancji-5757","10":"pa_producent-dji","12":"first","13":"outofstock","14":"taxable","15":"shipping-taxable","16":"purchasable","17":"product-type-simple"},"acf":[],"yoast_head":"<!-- This site is optimized with the Yoast SEO plugin v27.2 - https:\/\/yoast.com\/product\/yoast-seo-wordpress\/ -->\n<title>Adapter mocowania obiektywu DJI Zenmuse X9 L Mount Unit - IRONSKY.PL Sklep z Dronami<\/title>\n<meta name=\"description\" content=\"Adapter mocowania obiektywu DJI Zenmuse X9 L Mount Unit - \u2705 sklep z dronami i fachowym doradztwem. \u2705 Tutaj kupisz produkty DJI, Yuneec, Parrot, Syma i wiele innych, a tak\u017ce kursy i licencje na operatora drona.\" \/>\n<meta name=\"robots\" content=\"index, follow, max-snippet:-1, max-image-preview:large, max-video-preview:-1\" \/>\n<link rel=\"canonical\" href=\"https:\/\/ironsky.pl\/sklep\/produkt\/adapter-mocowania-obiektywu-dji-zenmuse-x9-l-mount-unit\/\" \/>\n<meta property=\"og:locale\" content=\"pl_PL\" \/>\n<meta property=\"og:type\" content=\"article\" \/>\n<meta property=\"og:title\" content=\"Adapter mocowania obiektywu DJI Zenmuse X9 L Mount Unit - IRONSKY.PL Sklep z Dronami\" \/>\n<meta property=\"og:description\" content=\"Adapter mocowania obiektywu DJI Zenmuse X9 L Mount Unit - \u2705 sklep z dronami i fachowym doradztwem. \u2705 Tutaj kupisz produkty DJI, Yuneec, Parrot, Syma i wiele innych, a tak\u017ce kursy i licencje na operatora drona.\" \/>\n<meta property=\"og:url\" content=\"https:\/\/ironsky.pl\/sklep\/produkt\/adapter-mocowania-obiektywu-dji-zenmuse-x9-l-mount-unit\/\" \/>\n<meta property=\"og:site_name\" content=\"IRONSKY.PL Sklep z Dronami\" \/>\n<meta property=\"article:modified_time\" content=\"2026-04-15T08:19:25+00:00\" \/>\n<meta property=\"og:image\" content=\"https:\/\/ironsky.pl\/sklep\/wp-content\/uploads\/2025\/10\/30089_2.jpg\" \/>\n\t<meta property=\"og:image:width\" content=\"800\" \/>\n\t<meta property=\"og:image:height\" content=\"800\" \/>\n\t<meta property=\"og:image:type\" content=\"image\/jpeg\" \/>\n<meta name=\"twitter:card\" content=\"summary_large_image\" \/>\n<meta name=\"twitter:label1\" content=\"Szacowany czas czytania\" \/>\n\t<meta name=\"twitter:data1\" content=\"1 minuta\" \/>\n<script type=\"application\/ld+json\" class=\"yoast-schema-graph\">{\"@context\":\"https:\/\/schema.org\",\"@graph\":[{\"@type\":\"WebPage\",\"@id\":\"https:\/\/ironsky.pl\/sklep\/produkt\/adapter-mocowania-obiektywu-dji-zenmuse-x9-l-mount-unit\/\",\"url\":\"https:\/\/ironsky.pl\/sklep\/produkt\/adapter-mocowania-obiektywu-dji-zenmuse-x9-l-mount-unit\/\",\"name\":\"Adapter mocowania obiektywu DJI Zenmuse X9 L Mount Unit - IRONSKY.PL Sklep z Dronami\",\"isPartOf\":{\"@id\":\"https:\/\/ironsky.pl\/sklep\/#website\"},\"primaryImageOfPage\":{\"@id\":\"https:\/\/ironsky.pl\/sklep\/produkt\/adapter-mocowania-obiektywu-dji-zenmuse-x9-l-mount-unit\/#primaryimage\"},\"image\":{\"@id\":\"https:\/\/ironsky.pl\/sklep\/produkt\/adapter-mocowania-obiektywu-dji-zenmuse-x9-l-mount-unit\/#primaryimage\"},\"thumbnailUrl\":\"https:\/\/ironsky.pl\/sklep\/wp-content\/uploads\/2025\/10\/30089_2.jpg\",\"datePublished\":\"2026-04-15T08:19:02+00:00\",\"dateModified\":\"2026-04-15T08:19:25+00:00\",\"description\":\"Adapter mocowania obiektywu DJI Zenmuse X9 L Mount Unit - \u2705 sklep z dronami i fachowym doradztwem. \u2705 Tutaj kupisz produkty DJI, Yuneec, Parrot, Syma i wiele innych, a tak\u017ce kursy i licencje na operatora drona.\",\"breadcrumb\":{\"@id\":\"https:\/\/ironsky.pl\/sklep\/produkt\/adapter-mocowania-obiektywu-dji-zenmuse-x9-l-mount-unit\/#breadcrumb\"},\"inLanguage\":\"pl-PL\",\"potentialAction\":[{\"@type\":\"ReadAction\",\"target\":[\"https:\/\/ironsky.pl\/sklep\/produkt\/adapter-mocowania-obiektywu-dji-zenmuse-x9-l-mount-unit\/\"]}]},{\"@type\":\"ImageObject\",\"inLanguage\":\"pl-PL\",\"@id\":\"https:\/\/ironsky.pl\/sklep\/produkt\/adapter-mocowania-obiektywu-dji-zenmuse-x9-l-mount-unit\/#primaryimage\",\"url\":\"https:\/\/ironsky.pl\/sklep\/wp-content\/uploads\/2025\/10\/30089_2.jpg\",\"contentUrl\":\"https:\/\/ironsky.pl\/sklep\/wp-content\/uploads\/2025\/10\/30089_2.jpg\",\"width\":800,\"height\":800},{\"@type\":\"BreadcrumbList\",\"@id\":\"https:\/\/ironsky.pl\/sklep\/produkt\/adapter-mocowania-obiektywu-dji-zenmuse-x9-l-mount-unit\/#breadcrumb\",\"itemListElement\":[{\"@type\":\"ListItem\",\"position\":1,\"name\":\"Strona g\u0142\u00f3wna\",\"item\":\"https:\/\/ironsky.pl\/sklep\/\"},{\"@type\":\"ListItem\",\"position\":2,\"name\":\"Wszystkie produkty\",\"item\":\"https:\/\/ironsky.pl\/sklep\/produkty\/\"},{\"@type\":\"ListItem\",\"position\":3,\"name\":\"Adapter mocowania obiektywu DJI Zenmuse X9 L Mount Unit\"}]},{\"@type\":\"WebSite\",\"@id\":\"https:\/\/ironsky.pl\/sklep\/#website\",\"url\":\"https:\/\/ironsky.pl\/sklep\/\",\"name\":\"IRONSKY.PL Sklep z Dronami\",\"description\":\"IRONSKY.PL Sklep z Dronami\",\"potentialAction\":[{\"@type\":\"SearchAction\",\"target\":{\"@type\":\"EntryPoint\",\"urlTemplate\":\"https:\/\/ironsky.pl\/sklep\/?s={search_term_string}\"},\"query-input\":{\"@type\":\"PropertyValueSpecification\",\"valueRequired\":true,\"valueName\":\"search_term_string\"}}],\"inLanguage\":\"pl-PL\"}]}<\/script>\n<!-- \/ Yoast SEO plugin. -->","yoast_head_json":{"title":"Adapter mocowania obiektywu DJI Zenmuse X9 L Mount Unit - IRONSKY.PL Sklep z Dronami","description":"Adapter mocowania obiektywu DJI Zenmuse X9 L Mount Unit - \u2705 sklep z dronami i fachowym doradztwem. \u2705 Tutaj kupisz produkty DJI, Yuneec, Parrot, Syma i wiele innych, a tak\u017ce kursy i licencje na operatora drona.","robots":{"index":"index","follow":"follow","max-snippet":"max-snippet:-1","max-image-preview":"max-image-preview:large","max-video-preview":"max-video-preview:-1"},"canonical":"https:\/\/ironsky.pl\/sklep\/produkt\/adapter-mocowania-obiektywu-dji-zenmuse-x9-l-mount-unit\/","og_locale":"pl_PL","og_type":"article","og_title":"Adapter mocowania obiektywu DJI Zenmuse X9 L Mount Unit - IRONSKY.PL Sklep z Dronami","og_description":"Adapter mocowania obiektywu DJI Zenmuse X9 L Mount Unit - \u2705 sklep z dronami i fachowym doradztwem. \u2705 Tutaj kupisz produkty DJI, Yuneec, Parrot, Syma i wiele innych, a tak\u017ce kursy i licencje na operatora drona.","og_url":"https:\/\/ironsky.pl\/sklep\/produkt\/adapter-mocowania-obiektywu-dji-zenmuse-x9-l-mount-unit\/","og_site_name":"IRONSKY.PL Sklep z Dronami","article_modified_time":"2026-04-15T08:19:25+00:00","og_image":[{"width":800,"height":800,"url":"https:\/\/ironsky.pl\/sklep\/wp-content\/uploads\/2025\/10\/30089_2.jpg","type":"image\/jpeg"}],"twitter_card":"summary_large_image","twitter_misc":{"Szacowany czas czytania":"1 minuta"},"schema":{"@context":"https:\/\/schema.org","@graph":[{"@type":"WebPage","@id":"https:\/\/ironsky.pl\/sklep\/produkt\/adapter-mocowania-obiektywu-dji-zenmuse-x9-l-mount-unit\/","url":"https:\/\/ironsky.pl\/sklep\/produkt\/adapter-mocowania-obiektywu-dji-zenmuse-x9-l-mount-unit\/","name":"Adapter mocowania obiektywu DJI Zenmuse X9 L Mount Unit - IRONSKY.PL Sklep z Dronami","isPartOf":{"@id":"https:\/\/ironsky.pl\/sklep\/#website"},"primaryImageOfPage":{"@id":"https:\/\/ironsky.pl\/sklep\/produkt\/adapter-mocowania-obiektywu-dji-zenmuse-x9-l-mount-unit\/#primaryimage"},"image":{"@id":"https:\/\/ironsky.pl\/sklep\/produkt\/adapter-mocowania-obiektywu-dji-zenmuse-x9-l-mount-unit\/#primaryimage"},"thumbnailUrl":"https:\/\/ironsky.pl\/sklep\/wp-content\/uploads\/2025\/10\/30089_2.jpg","datePublished":"2026-04-15T08:19:02+00:00","dateModified":"2026-04-15T08:19:25+00:00","description":"Adapter mocowania obiektywu DJI Zenmuse X9 L Mount Unit - \u2705 sklep z dronami i fachowym doradztwem. \u2705 Tutaj kupisz produkty DJI, Yuneec, Parrot, Syma i wiele innych, a tak\u017ce kursy i licencje na operatora drona.","breadcrumb":{"@id":"https:\/\/ironsky.pl\/sklep\/produkt\/adapter-mocowania-obiektywu-dji-zenmuse-x9-l-mount-unit\/#breadcrumb"},"inLanguage":"pl-PL","potentialAction":[{"@type":"ReadAction","target":["https:\/\/ironsky.pl\/sklep\/produkt\/adapter-mocowania-obiektywu-dji-zenmuse-x9-l-mount-unit\/"]}]},{"@type":"ImageObject","inLanguage":"pl-PL","@id":"https:\/\/ironsky.pl\/sklep\/produkt\/adapter-mocowania-obiektywu-dji-zenmuse-x9-l-mount-unit\/#primaryimage","url":"https:\/\/ironsky.pl\/sklep\/wp-content\/uploads\/2025\/10\/30089_2.jpg","contentUrl":"https:\/\/ironsky.pl\/sklep\/wp-content\/uploads\/2025\/10\/30089_2.jpg","width":800,"height":800},{"@type":"BreadcrumbList","@id":"https:\/\/ironsky.pl\/sklep\/produkt\/adapter-mocowania-obiektywu-dji-zenmuse-x9-l-mount-unit\/#breadcrumb","itemListElement":[{"@type":"ListItem","position":1,"name":"Strona g\u0142\u00f3wna","item":"https:\/\/ironsky.pl\/sklep\/"},{"@type":"ListItem","position":2,"name":"Wszystkie produkty","item":"https:\/\/ironsky.pl\/sklep\/produkty\/"},{"@type":"ListItem","position":3,"name":"Adapter mocowania obiektywu DJI Zenmuse X9 L Mount Unit"}]},{"@type":"WebSite","@id":"https:\/\/ironsky.pl\/sklep\/#website","url":"https:\/\/ironsky.pl\/sklep\/","name":"IRONSKY.PL Sklep z Dronami","description":"IRONSKY.PL Sklep z Dronami","potentialAction":[{"@type":"SearchAction","target":{"@type":"EntryPoint","urlTemplate":"https:\/\/ironsky.pl\/sklep\/?s={search_term_string}"},"query-input":{"@type":"PropertyValueSpecification","valueRequired":true,"valueName":"search_term_string"}}],"inLanguage":"pl-PL"}]}},"_links":{"self":[{"href":"https:\/\/ironsky.pl\/sklep\/wp-json\/wp\/v2\/product\/56847","targetHints":{"allow":["GET"]}}],"collection":[{"href":"https:\/\/ironsky.pl\/sklep\/wp-json\/wp\/v2\/product"}],"about":[{"href":"https:\/\/ironsky.pl\/sklep\/wp-json\/wp\/v2\/types\/product"}],"replies":[{"embeddable":true,"href":"https:\/\/ironsky.pl\/sklep\/wp-json\/wp\/v2\/comments?post=56847"}],"wp:featuredmedia":[{"embeddable":true,"href":"https:\/\/ironsky.pl\/sklep\/wp-json\/wp\/v2\/media\/48691"}],"wp:attachment":[{"href":"https:\/\/ironsky.pl\/sklep\/wp-json\/wp\/v2\/media?parent=56847"}],"wp:term":[{"taxonomy":"product_brand","embeddable":true,"href":"https:\/\/ironsky.pl\/sklep\/wp-json\/wp\/v2\/product_brand?post=56847"},{"taxonomy":"product_cat","embeddable":true,"href":"https:\/\/ironsky.pl\/sklep\/wp-json\/wp\/v2\/product_cat?post=56847"},{"taxonomy":"product_tag","embeddable":true,"href":"https:\/\/ironsky.pl\/sklep\/wp-json\/wp\/v2\/product_tag?post=56847"}],"curies":[{"name":"wp","href":"https:\/\/api.w.org\/{rel}","templated":true}]}}