{"id":56842,"date":"2026-04-15T10:19:02","date_gmt":"2026-04-15T08:19:02","guid":{"rendered":"https:\/\/ironsky.pl\/sklep\/produkt\/wtyczka-rj45-ugreen-nw120-cat-6-10-pak-przezroczysta\/"},"modified":"2026-04-15T10:19:20","modified_gmt":"2026-04-15T08:19:20","slug":"wtyczka-rj45-ugreen-nw120-cat-6-10-pak-przezroczysta","status":"publish","type":"product","link":"https:\/\/ironsky.pl\/sklep\/produkt\/wtyczka-rj45-ugreen-nw120-cat-6-10-pak-przezroczysta\/","title":{"rendered":"Wtyczka RJ45 UGREEN NW120 Cat 6 10-pak (przezroczysta)"},"content":{"rendered":"<h3>Wtyczka RJ45 Cat 6 UGREEN 50961, 10-pak (przezroczysta)<\/h3>\n<p>Wtyczki RJ45 marki UGREEN przydadz\u0105 Ci si\u0119 do zaciskania kabli sieciowych. Zosta\u0142y wyposa\u017cone w poz\u0142acane z\u0142\u0105cza oraz 3-punktowe piny, dzi\u0119ki czemu mog\u0105 zapewni\u0107 bardziej stabilne i niezawodne po\u0142\u0105czenie. S\u0105 te\u017c odporne na rdzewienie, z\u0142amania, wyginanie i innego rodzaju uszkodzenia. Do ich wykonania zastosowano przyjazne dla \u015brodowiska tworzywo PC, co przek\u0142ada si\u0119 na ich lekko\u015b\u0107 i wytrzyma\u0142o\u015b\u0107. W opakowaniu znajdziesz 10 wtyczek RJ45.<\/p>\n<p><img decoding=\"async\" src=\"https:\/\/b2b.innpro.pl\/data\/include\/cms\/012UGREEN\/50961\/3.jpg\" alt=\"012UGREEN\/50961\/3\"><\/p>\n<div class=\"table-wrapper\">\n<table>\n<tbody>\n<tr>\n<th>Producent<\/th>\n<td>UGREEN<\/td>\n<\/tr>\n<tr>\n<th>Model<\/th>\n<td>NW120<\/td>\n<\/tr>\n<tr>\n<th>Kolor<\/th>\n<td>Przezroczysty<\/td>\n<\/tr>\n<tr>\n<th>Rodzaj wtyczki<\/th>\n<td>RJ45<\/td>\n<\/tr>\n<tr>\n<th>Liczba wtyczek w zestawie<\/th>\n<td>10<\/td>\n<\/tr>\n<\/tbody>\n<\/table>\n<\/div>\n","protected":false},"excerpt":{"rendered":"<p>Wtyczka RJ45 Cat 6 UGREEN 50961, 10-pak (przezroczysta) Wtyczki RJ45 marki UGREEN przydadz\u0105 Ci si\u0119 do zaciskania kabli sieciowych. Zosta\u0142y<\/p>\n","protected":false},"featured_media":42577,"comment_status":"closed","ping_status":"open","template":"","meta":{"_acf_changed":false},"product_brand":[],"product_cat":[5929,5931,5942],"product_tag":[],"class_list":{"0":"post-56842","1":"product","2":"type-product","3":"status-publish","4":"has-post-thumbnail","6":"product_cat-akcesoria-it","7":"product_cat-kable","8":"product_cat-sieciowe","9":"pa_okres-gwarancji-5757","10":"pa_producent-ugreen","12":"first","13":"outofstock","14":"taxable","15":"shipping-taxable","16":"purchasable","17":"product-type-simple"},"acf":[],"yoast_head":"<!-- This site is optimized with the Yoast SEO plugin v27.2 - https:\/\/yoast.com\/product\/yoast-seo-wordpress\/ -->\n<title>Wtyczka RJ45 UGREEN NW120 Cat 6 10-pak (przezroczysta) - IRONSKY.PL Sklep z Dronami<\/title>\n<meta name=\"description\" content=\"Wtyczka RJ45 UGREEN NW120 Cat 6 10-pak (przezroczysta) - \u2705 sklep z dronami i fachowym doradztwem. \u2705 Tutaj kupisz produkty DJI, Yuneec, Parrot, Syma i wiele innych, a tak\u017ce kursy i licencje na operatora drona.\" \/>\n<meta name=\"robots\" content=\"index, follow, max-snippet:-1, max-image-preview:large, max-video-preview:-1\" \/>\n<link rel=\"canonical\" href=\"https:\/\/ironsky.pl\/sklep\/produkt\/wtyczka-rj45-ugreen-nw120-cat-6-10-pak-przezroczysta\/\" \/>\n<meta property=\"og:locale\" content=\"pl_PL\" \/>\n<meta property=\"og:type\" content=\"article\" \/>\n<meta property=\"og:title\" content=\"Wtyczka RJ45 UGREEN NW120 Cat 6 10-pak (przezroczysta) - IRONSKY.PL Sklep z Dronami\" \/>\n<meta property=\"og:description\" content=\"Wtyczka RJ45 UGREEN NW120 Cat 6 10-pak (przezroczysta) - \u2705 sklep z dronami i fachowym doradztwem. \u2705 Tutaj kupisz produkty DJI, Yuneec, Parrot, Syma i wiele innych, a tak\u017ce kursy i licencje na operatora drona.\" \/>\n<meta property=\"og:url\" content=\"https:\/\/ironsky.pl\/sklep\/produkt\/wtyczka-rj45-ugreen-nw120-cat-6-10-pak-przezroczysta\/\" \/>\n<meta property=\"og:site_name\" content=\"IRONSKY.PL Sklep z Dronami\" \/>\n<meta property=\"article:modified_time\" content=\"2026-04-15T08:19:20+00:00\" \/>\n<meta property=\"og:image\" content=\"https:\/\/ironsky.pl\/sklep\/wp-content\/uploads\/2025\/06\/30074_1.jpg\" \/>\n\t<meta property=\"og:image:width\" content=\"800\" \/>\n\t<meta property=\"og:image:height\" content=\"800\" \/>\n\t<meta property=\"og:image:type\" content=\"image\/jpeg\" \/>\n<meta name=\"twitter:card\" content=\"summary_large_image\" \/>\n<script type=\"application\/ld+json\" class=\"yoast-schema-graph\">{\"@context\":\"https:\/\/schema.org\",\"@graph\":[{\"@type\":\"WebPage\",\"@id\":\"https:\/\/ironsky.pl\/sklep\/produkt\/wtyczka-rj45-ugreen-nw120-cat-6-10-pak-przezroczysta\/\",\"url\":\"https:\/\/ironsky.pl\/sklep\/produkt\/wtyczka-rj45-ugreen-nw120-cat-6-10-pak-przezroczysta\/\",\"name\":\"Wtyczka RJ45 UGREEN NW120 Cat 6 10-pak (przezroczysta) - IRONSKY.PL Sklep z Dronami\",\"isPartOf\":{\"@id\":\"https:\/\/ironsky.pl\/sklep\/#website\"},\"primaryImageOfPage\":{\"@id\":\"https:\/\/ironsky.pl\/sklep\/produkt\/wtyczka-rj45-ugreen-nw120-cat-6-10-pak-przezroczysta\/#primaryimage\"},\"image\":{\"@id\":\"https:\/\/ironsky.pl\/sklep\/produkt\/wtyczka-rj45-ugreen-nw120-cat-6-10-pak-przezroczysta\/#primaryimage\"},\"thumbnailUrl\":\"https:\/\/ironsky.pl\/sklep\/wp-content\/uploads\/2025\/06\/30074_1.jpg\",\"datePublished\":\"2026-04-15T08:19:02+00:00\",\"dateModified\":\"2026-04-15T08:19:20+00:00\",\"description\":\"Wtyczka RJ45 UGREEN NW120 Cat 6 10-pak (przezroczysta) - \u2705 sklep z dronami i fachowym doradztwem. \u2705 Tutaj kupisz produkty DJI, Yuneec, Parrot, Syma i wiele innych, a tak\u017ce kursy i licencje na operatora drona.\",\"breadcrumb\":{\"@id\":\"https:\/\/ironsky.pl\/sklep\/produkt\/wtyczka-rj45-ugreen-nw120-cat-6-10-pak-przezroczysta\/#breadcrumb\"},\"inLanguage\":\"pl-PL\",\"potentialAction\":[{\"@type\":\"ReadAction\",\"target\":[\"https:\/\/ironsky.pl\/sklep\/produkt\/wtyczka-rj45-ugreen-nw120-cat-6-10-pak-przezroczysta\/\"]}]},{\"@type\":\"ImageObject\",\"inLanguage\":\"pl-PL\",\"@id\":\"https:\/\/ironsky.pl\/sklep\/produkt\/wtyczka-rj45-ugreen-nw120-cat-6-10-pak-przezroczysta\/#primaryimage\",\"url\":\"https:\/\/ironsky.pl\/sklep\/wp-content\/uploads\/2025\/06\/30074_1.jpg\",\"contentUrl\":\"https:\/\/ironsky.pl\/sklep\/wp-content\/uploads\/2025\/06\/30074_1.jpg\",\"width\":800,\"height\":800},{\"@type\":\"BreadcrumbList\",\"@id\":\"https:\/\/ironsky.pl\/sklep\/produkt\/wtyczka-rj45-ugreen-nw120-cat-6-10-pak-przezroczysta\/#breadcrumb\",\"itemListElement\":[{\"@type\":\"ListItem\",\"position\":1,\"name\":\"Strona g\u0142\u00f3wna\",\"item\":\"https:\/\/ironsky.pl\/sklep\/\"},{\"@type\":\"ListItem\",\"position\":2,\"name\":\"Wszystkie produkty\",\"item\":\"https:\/\/ironsky.pl\/sklep\/produkty\/\"},{\"@type\":\"ListItem\",\"position\":3,\"name\":\"Wtyczka RJ45 UGREEN NW120 Cat 6 10-pak (przezroczysta)\"}]},{\"@type\":\"WebSite\",\"@id\":\"https:\/\/ironsky.pl\/sklep\/#website\",\"url\":\"https:\/\/ironsky.pl\/sklep\/\",\"name\":\"IRONSKY.PL Sklep z Dronami\",\"description\":\"IRONSKY.PL Sklep z Dronami\",\"potentialAction\":[{\"@type\":\"SearchAction\",\"target\":{\"@type\":\"EntryPoint\",\"urlTemplate\":\"https:\/\/ironsky.pl\/sklep\/?s={search_term_string}\"},\"query-input\":{\"@type\":\"PropertyValueSpecification\",\"valueRequired\":true,\"valueName\":\"search_term_string\"}}],\"inLanguage\":\"pl-PL\"}]}<\/script>\n<!-- \/ Yoast SEO plugin. -->","yoast_head_json":{"title":"Wtyczka RJ45 UGREEN NW120 Cat 6 10-pak (przezroczysta) - IRONSKY.PL Sklep z Dronami","description":"Wtyczka RJ45 UGREEN NW120 Cat 6 10-pak (przezroczysta) - \u2705 sklep z dronami i fachowym doradztwem. \u2705 Tutaj kupisz produkty DJI, Yuneec, Parrot, Syma i wiele innych, a tak\u017ce kursy i licencje na operatora drona.","robots":{"index":"index","follow":"follow","max-snippet":"max-snippet:-1","max-image-preview":"max-image-preview:large","max-video-preview":"max-video-preview:-1"},"canonical":"https:\/\/ironsky.pl\/sklep\/produkt\/wtyczka-rj45-ugreen-nw120-cat-6-10-pak-przezroczysta\/","og_locale":"pl_PL","og_type":"article","og_title":"Wtyczka RJ45 UGREEN NW120 Cat 6 10-pak (przezroczysta) - IRONSKY.PL Sklep z Dronami","og_description":"Wtyczka RJ45 UGREEN NW120 Cat 6 10-pak (przezroczysta) - \u2705 sklep z dronami i fachowym doradztwem. \u2705 Tutaj kupisz produkty DJI, Yuneec, Parrot, Syma i wiele innych, a tak\u017ce kursy i licencje na operatora drona.","og_url":"https:\/\/ironsky.pl\/sklep\/produkt\/wtyczka-rj45-ugreen-nw120-cat-6-10-pak-przezroczysta\/","og_site_name":"IRONSKY.PL Sklep z Dronami","article_modified_time":"2026-04-15T08:19:20+00:00","og_image":[{"width":800,"height":800,"url":"https:\/\/ironsky.pl\/sklep\/wp-content\/uploads\/2025\/06\/30074_1.jpg","type":"image\/jpeg"}],"twitter_card":"summary_large_image","schema":{"@context":"https:\/\/schema.org","@graph":[{"@type":"WebPage","@id":"https:\/\/ironsky.pl\/sklep\/produkt\/wtyczka-rj45-ugreen-nw120-cat-6-10-pak-przezroczysta\/","url":"https:\/\/ironsky.pl\/sklep\/produkt\/wtyczka-rj45-ugreen-nw120-cat-6-10-pak-przezroczysta\/","name":"Wtyczka RJ45 UGREEN NW120 Cat 6 10-pak (przezroczysta) - IRONSKY.PL Sklep z Dronami","isPartOf":{"@id":"https:\/\/ironsky.pl\/sklep\/#website"},"primaryImageOfPage":{"@id":"https:\/\/ironsky.pl\/sklep\/produkt\/wtyczka-rj45-ugreen-nw120-cat-6-10-pak-przezroczysta\/#primaryimage"},"image":{"@id":"https:\/\/ironsky.pl\/sklep\/produkt\/wtyczka-rj45-ugreen-nw120-cat-6-10-pak-przezroczysta\/#primaryimage"},"thumbnailUrl":"https:\/\/ironsky.pl\/sklep\/wp-content\/uploads\/2025\/06\/30074_1.jpg","datePublished":"2026-04-15T08:19:02+00:00","dateModified":"2026-04-15T08:19:20+00:00","description":"Wtyczka RJ45 UGREEN NW120 Cat 6 10-pak (przezroczysta) - \u2705 sklep z dronami i fachowym doradztwem. \u2705 Tutaj kupisz produkty DJI, Yuneec, Parrot, Syma i wiele innych, a tak\u017ce kursy i licencje na operatora drona.","breadcrumb":{"@id":"https:\/\/ironsky.pl\/sklep\/produkt\/wtyczka-rj45-ugreen-nw120-cat-6-10-pak-przezroczysta\/#breadcrumb"},"inLanguage":"pl-PL","potentialAction":[{"@type":"ReadAction","target":["https:\/\/ironsky.pl\/sklep\/produkt\/wtyczka-rj45-ugreen-nw120-cat-6-10-pak-przezroczysta\/"]}]},{"@type":"ImageObject","inLanguage":"pl-PL","@id":"https:\/\/ironsky.pl\/sklep\/produkt\/wtyczka-rj45-ugreen-nw120-cat-6-10-pak-przezroczysta\/#primaryimage","url":"https:\/\/ironsky.pl\/sklep\/wp-content\/uploads\/2025\/06\/30074_1.jpg","contentUrl":"https:\/\/ironsky.pl\/sklep\/wp-content\/uploads\/2025\/06\/30074_1.jpg","width":800,"height":800},{"@type":"BreadcrumbList","@id":"https:\/\/ironsky.pl\/sklep\/produkt\/wtyczka-rj45-ugreen-nw120-cat-6-10-pak-przezroczysta\/#breadcrumb","itemListElement":[{"@type":"ListItem","position":1,"name":"Strona g\u0142\u00f3wna","item":"https:\/\/ironsky.pl\/sklep\/"},{"@type":"ListItem","position":2,"name":"Wszystkie produkty","item":"https:\/\/ironsky.pl\/sklep\/produkty\/"},{"@type":"ListItem","position":3,"name":"Wtyczka RJ45 UGREEN NW120 Cat 6 10-pak (przezroczysta)"}]},{"@type":"WebSite","@id":"https:\/\/ironsky.pl\/sklep\/#website","url":"https:\/\/ironsky.pl\/sklep\/","name":"IRONSKY.PL Sklep z Dronami","description":"IRONSKY.PL Sklep z Dronami","potentialAction":[{"@type":"SearchAction","target":{"@type":"EntryPoint","urlTemplate":"https:\/\/ironsky.pl\/sklep\/?s={search_term_string}"},"query-input":{"@type":"PropertyValueSpecification","valueRequired":true,"valueName":"search_term_string"}}],"inLanguage":"pl-PL"}]}},"_links":{"self":[{"href":"https:\/\/ironsky.pl\/sklep\/wp-json\/wp\/v2\/product\/56842","targetHints":{"allow":["GET"]}}],"collection":[{"href":"https:\/\/ironsky.pl\/sklep\/wp-json\/wp\/v2\/product"}],"about":[{"href":"https:\/\/ironsky.pl\/sklep\/wp-json\/wp\/v2\/types\/product"}],"replies":[{"embeddable":true,"href":"https:\/\/ironsky.pl\/sklep\/wp-json\/wp\/v2\/comments?post=56842"}],"wp:featuredmedia":[{"embeddable":true,"href":"https:\/\/ironsky.pl\/sklep\/wp-json\/wp\/v2\/media\/42577"}],"wp:attachment":[{"href":"https:\/\/ironsky.pl\/sklep\/wp-json\/wp\/v2\/media?parent=56842"}],"wp:term":[{"taxonomy":"product_brand","embeddable":true,"href":"https:\/\/ironsky.pl\/sklep\/wp-json\/wp\/v2\/product_brand?post=56842"},{"taxonomy":"product_cat","embeddable":true,"href":"https:\/\/ironsky.pl\/sklep\/wp-json\/wp\/v2\/product_cat?post=56842"},{"taxonomy":"product_tag","embeddable":true,"href":"https:\/\/ironsky.pl\/sklep\/wp-json\/wp\/v2\/product_tag?post=56842"}],"curies":[{"name":"wp","href":"https:\/\/api.w.org\/{rel}","templated":true}]}}