{"id":56830,"date":"2026-04-15T10:19:02","date_gmt":"2026-04-15T08:19:02","guid":{"rendered":"https:\/\/ironsky.pl\/sklep\/produkt\/modul-rozszerzajacy-dji-ronin-4d-flex\/"},"modified":"2026-04-15T10:19:11","modified_gmt":"2026-04-15T08:19:11","slug":"modul-rozszerzajacy-dji-ronin-4d-flex","status":"publish","type":"product","link":"https:\/\/ironsky.pl\/sklep\/produkt\/modul-rozszerzajacy-dji-ronin-4d-flex\/","title":{"rendered":"Modu\u0142 rozszerzaj\u0105cy DJI Ronin 4D Flex"},"content":{"rendered":"<h3>DJI Ronin 4D Flex<\/h3>\n<p>Ronin 4D zapocz\u0105tkowa\u0142 now\u0105 er\u0119 filmowania i wci\u0105\u017c oferuje kolejne ekscytuj\u0105ce mo\u017cliwo\u015bci. Poznaj DJI Ronin 4D Flex \u2013 innowacyjne, rozszerzalne rozwi\u0105zanie, kt\u00f3re powsta\u0142o, aby zapewni\u0107 tw\u00f3rcom jeszcze wi\u0119ksz\u0105 swobod\u0119. Za jego pomoc\u0105 mo\u017cna oddzieli\u0107 g\u0142\u00f3wny modu\u0142 Ronina 4D od kamery z gimbalem. Dzi\u0119ki temu mo\u017cliwe jest przechowywanie modu\u0142u nagrywania, zasilacza i system\u00f3w transmisji wideo w torbie lub plecaku, podczas gdy operator musi trzyma\u0107 w r\u0119kach jedynie kamer\u0119 \u2013 to znacznie zmniejsza ci\u0119\u017car ca\u0142ej konfiguracji. Wi\u0119ksza elastyczno\u015b\u0107, du\u017ca wydajno\u015b\u0107 i unikalne kreatywne do\u015bwiadczenie \u2013 Ronin 4D Flex otwiera nowy rozdzia\u0142 kinematografii.<\/p>\n<p><img decoding=\"async\" src=\"https:\/\/b2b.innpro.pl\/data\/include\/cms\/12DJI\/DJI-Ronin-4D-Flex\/4.jpg\"><\/p>\n<h3>Lekka konstrukcja<\/h3>\n<p>Ciesz si\u0119 wi\u0119kszym komfortem podczas pracy. Ronin 4D Flex pozwoli Ci zmniejszy\u0107 ci\u0119\u017car urz\u0105dze\u0144, kt\u00f3re trzymasz w r\u0119ce do 1,8 kg, co stanowi tylko oko\u0142o 34% oryginalnej wagi. Jest to zatem idealne rozwi\u0105zanie dla operator\u00f3w, kt\u00f3rzy cz\u0119sto pracuj\u0105 przy projektach wymagaj\u0105cych d\u0142ugotrwa\u0142ego nagrywania. Urz\u0105dzenie doskonale sprawdzi si\u0119 zw\u0142aszcza podczas kr\u0119cenia program\u00f3w dokumentalnych, wywiad\u00f3w i wydarze\u0144, czyli wsz\u0119dzie tam, gdzie niezb\u0119dna jest du\u017ca mobilno\u015b\u0107. Wyj\u0105tkowo lekki Ronin 4D Flex wyr\u00f3\u017cnia si\u0119 zar\u00f3wno przeno\u015bn\u0105 konstrukcj\u0105, jak i wysok\u0105 wydajno\u015bci\u0105, dzi\u0119ki czemu mo\u017ce sprosta\u0107 nawet najbardziej wyg\u00f3rowanym oczekiwaniom.<\/p>\n<p><img decoding=\"async\" src=\"https:\/\/b2b.innpro.pl\/data\/include\/cms\/12DJI\/DJI-Ronin-4D-Flex\/1.jpg\"><\/p>\n<h3>Zyskaj wi\u0119ksz\u0105 elastyczno\u015b\u0107<\/h3>\n<p>D\u0142ugi, 2-metrowy kabel przed\u0142u\u017caj\u0105cy zapewni Ci znacznie wi\u0119ksz\u0105 elastyczno\u015b\u0107 podczas pracy. Dzi\u0119ki niemu mo\u017cesz bez wysi\u0142ku wykonywa\u0107 z\u0142o\u017cone ruchy kamer\u0105 \u2013 nawet w ciasnych przestrzeniach, na przyk\u0142ad wewn\u0105trz pojazd\u00f3w. Ronin 4D Flex pozwala tak\u017ce na wykorzystanie kamery z gimbalem X9 w roli niewielkiej zdalnie sterowanej g\u0142owicy. Teraz bez wysi\u0142ku przygotujesz uj\u0119cie \u015bledz\u0105ce i nie tylko \u2013 DJI daje Ci mn\u00f3stwo kreatywnych mo\u017cliwo\u015bci!<\/p>\n<p><img decoding=\"async\" src=\"https:\/\/b2b.innpro.pl\/data\/include\/cms\/12DJI\/DJI-Ronin-4D-Flex\/5.jpg\"><\/p>\n<h3>Ultracienki kabel koncentryczny<\/h3>\n<p>System przed\u0142u\u017caj\u0105cy Ronina 4D Flex wykorzystuje niezwykle cienki kabel koncentryczny, kt\u00f3ry obs\u0142uguje bezstratn\u0105 transmisj\u0119 szybkich sygna\u0142\u00f3w przechwyconych przez czujnik kamery (do 8K). Pozwala tak\u017ce na niezawodny przesy\u0142 sygna\u0142\u00f3w steruj\u0105cych i monitoruj\u0105cych. Przew\u00f3d jest te\u017c bardzo wytrzyma\u0142y i elastyczny \u2013 niestraszne mu nawet wielokrotne wyginanie. Dzi\u0119ki temu \u015bwietnie sprawdzi si\u0119 w r\u00f3\u017cnych scenariuszach!<\/p>\n<p><img decoding=\"async\" src=\"https:\/\/b2b.innpro.pl\/data\/include\/cms\/12DJI\/DJI-Ronin-4D-Flex\/8.jpg\"><\/p>\n<h3>Postaw na wszechstronno\u015b\u0107<\/h3>\n<p>Ronin 4D Flex jest natywnie kompatybilny z uchwytami Ronin 4D Hand Grips oraz z g\u0142\u00f3wnym monitorem, mo\u017ce wi\u0119c pe\u0142ni\u0107 funkcj\u0119 lekkiego i kompaktowego, a zarazem wydajnego i samodzielnego narz\u0119dzia. Produkt oferuje operatorom ca\u0142y zestaw przydatnych rozwi\u0105za\u0144, w tym kinowe obrazowanie 8K, 3-osiow\u0105 stabilizacj\u0119, ostrzenie za pomoc\u0105 LiDAR oraz profesjonalny system monitoringu i kontroli. Dzi\u0119ki temu zapewnia wygodne i efektywne do\u015bwiadczenie tw\u00f3rcze, kt\u00f3re obecnie nie ma sobie r\u00f3wnych w bran\u017cy. Co wi\u0119cej, prze\u0142\u0105czanie si\u0119 pomi\u0119dzy Roninem 4D Flex a konfiguracj\u0105 zintegrowan\u0105 jest wyj\u0105tkowo proste i szybkie \u2013 nie wymaga nawet u\u017cycia \u017cadnych narz\u0119dzi.<\/p>\n<p><img decoding=\"async\" src=\"https:\/\/b2b.innpro.pl\/data\/include\/cms\/12DJI\/DJI-Ronin-4D-Flex\/6.jpg\"><\/p>\n<h3>Wiele mo\u017cliwo\u015bci konfiguracji<\/h3>\n<p>Postaw na dodatkowe akcesoria i zyskaj jeszcze wi\u0119cej mo\u017cliwo\u015bci podczas nagrywania. Ronin 4D Flex pozwoli Ci swobodnie korzysta\u0107 z r\u00f3\u017cnego rodzaju wysi\u0119gnik\u00f3w i zdalnie sterowanych g\u0142owic. Dzi\u0119ki temu z \u0142atwo\u015bci\u0105 uzyskasz po\u017c\u0105dane rezultaty! Mo\u017cesz te\u017c u\u0142atwi\u0107 sobie prac\u0119, transportuj\u0105c ci\u0119\u017csze urz\u0105dzenia w plecaku lub montuj\u0105c je na specjalnej kamizelce. Z DJI nagrywanie z\u0142o\u017conych uj\u0119\u0107 nie musi wymaga\u0107 du\u017cego wysi\u0142ku!<\/p>\n<p><img decoding=\"async\" src=\"https:\/\/b2b.innpro.pl\/data\/include\/cms\/12DJI\/DJI-Ronin-4D-Flex\/3.jpg\"><\/p>\n<h3>Kompatybilno\u015b\u0107 z obiektywami<\/h3>\n<p>W przypadku uj\u0119\u0107 statycznych Ronin 4D Flex pozwala na monta\u017c standardowej blokady Pan Axis Quick-Lock wraz z akcesoriami, dzi\u0119ki czemu mo\u017cliwe jest przesuni\u0119cie granic ud\u017awigu urz\u0105dzenia. To oznacza, \u017ce mo\u017cesz bez przeszk\u00f3d korzysta\u0107 z r\u00f3\u017cnych teleobiektyw\u00f3w \u2013 na przyk\u0142ad FE 70-200 mm F2.8 GM czy FE 200-600 mm F5.6-6.3 G. To jednak nie koniec! Niekt\u00f3re akcesoria innych producent\u00f3w i silniki regulacji ostro\u015bci umo\u017cliwiaj\u0105 instalacj\u0119 obiektyw\u00f3w takich jak Zeiss SP czy Cooke Anamorphic\/i.<\/p>\n<p><img decoding=\"async\" src=\"https:\/\/b2b.innpro.pl\/data\/include\/cms\/12DJI\/DJI-Ronin-4D-Flex\/2.jpg\"><\/p>\n<h3>W zestawie<\/h3>\n<ul>\n<li>Ronin 4D Flex<\/li>\n<li>Blokada Pan Axis Quick-Lock<\/li>\n<li>Adapter do uchwyt\u00f3w Ronin 4D Hand Grips x2<\/li>\n<li>Kabel adaptera do uchwyt\u00f3w r\u0119cznych x2<\/li>\n<\/ul>\n<div class=\"table-wrapper\">\n<table>\n<tbody>\n<tr>\n<th>Producent<\/th>\n<td>DJI<\/td>\n<\/tr>\n<tr>\n<th>Model<\/th>\n<td>DJI Ronin 4D Flex<\/td>\n<\/tr>\n<tr>\n<th>D\u0142ugo\u015b\u0107 kabla przed\u0142u\u017caj\u0105cego<\/th>\n<td>2 m<\/td>\n<\/tr>\n<tr>\n<th>Waga<\/th>\n<td>Ok. 725 g (wliczaj\u0105c adaptery do uchwyt\u00f3w Ronin 4D Hand Grips i kable adaptera do uchwyt\u00f3w r\u0119cznych)<\/td>\n<\/tr>\n<tr>\n<th>Kompatybilno\u015b\u0107<\/th>\n<td>DJI Ronin 4D<\/td>\n<\/tr>\n<tr>\n<th>Obs\u0142ugiwane akcesoria<\/th>\n<td>Uchwyty Ronin 4D Hand Grips, g\u0142\u00f3wny monitor High-Bright Main Monitor, dalmierz LiDAR, silnik regulacji ostro\u015bci Zenmuse X9<\/td>\n<\/tr>\n<\/tbody>\n<\/table>\n<\/div>\n","protected":false},"excerpt":{"rendered":"<p>DJI Ronin 4D Flex Ronin 4D zapocz\u0105tkowa\u0142 now\u0105 er\u0119 filmowania i wci\u0105\u017c oferuje kolejne ekscytuj\u0105ce mo\u017cliwo\u015bci. Poznaj DJI Ronin 4D<\/p>\n","protected":false},"featured_media":48684,"comment_status":"closed","ping_status":"open","template":"","meta":{"_acf_changed":false},"product_brand":[],"product_cat":[1130,6174,1128],"product_tag":[],"class_list":{"0":"post-56830","1":"product","2":"type-product","3":"status-publish","4":"has-post-thumbnail","6":"product_cat-akcesoria-foto","7":"product_cat-do-aparatow-i-kamer","8":"product_cat-foto-wideo","9":"pa_okres-gwarancji-5757","10":"pa_producent-dji","12":"first","13":"outofstock","14":"taxable","15":"shipping-taxable","16":"purchasable","17":"product-type-simple"},"acf":[],"yoast_head":"<!-- This site is optimized with the Yoast SEO plugin v27.2 - https:\/\/yoast.com\/product\/yoast-seo-wordpress\/ -->\n<title>Modu\u0142 rozszerzaj\u0105cy DJI Ronin 4D Flex - IRONSKY.PL Sklep z Dronami<\/title>\n<meta name=\"description\" content=\"Modu\u0142 rozszerzaj\u0105cy DJI Ronin 4D Flex - \u2705 sklep z dronami i fachowym doradztwem. \u2705 Tutaj kupisz produkty DJI, Yuneec, Parrot, Syma i wiele innych, a tak\u017ce kursy i licencje na operatora drona.\" \/>\n<meta name=\"robots\" content=\"index, follow, max-snippet:-1, max-image-preview:large, max-video-preview:-1\" \/>\n<link rel=\"canonical\" href=\"https:\/\/ironsky.pl\/sklep\/produkt\/modul-rozszerzajacy-dji-ronin-4d-flex\/\" \/>\n<meta property=\"og:locale\" content=\"pl_PL\" \/>\n<meta property=\"og:type\" content=\"article\" \/>\n<meta property=\"og:title\" content=\"Modu\u0142 rozszerzaj\u0105cy DJI Ronin 4D Flex - IRONSKY.PL Sklep z Dronami\" \/>\n<meta property=\"og:description\" content=\"Modu\u0142 rozszerzaj\u0105cy DJI Ronin 4D Flex - \u2705 sklep z dronami i fachowym doradztwem. \u2705 Tutaj kupisz produkty DJI, Yuneec, Parrot, Syma i wiele innych, a tak\u017ce kursy i licencje na operatora drona.\" \/>\n<meta property=\"og:url\" content=\"https:\/\/ironsky.pl\/sklep\/produkt\/modul-rozszerzajacy-dji-ronin-4d-flex\/\" \/>\n<meta property=\"og:site_name\" content=\"IRONSKY.PL Sklep z Dronami\" \/>\n<meta property=\"article:modified_time\" content=\"2026-04-15T08:19:11+00:00\" \/>\n<meta property=\"og:image\" content=\"https:\/\/ironsky.pl\/sklep\/wp-content\/uploads\/2025\/10\/29640_1.jpg\" \/>\n\t<meta property=\"og:image:width\" content=\"800\" \/>\n\t<meta property=\"og:image:height\" content=\"800\" \/>\n\t<meta property=\"og:image:type\" content=\"image\/jpeg\" \/>\n<meta name=\"twitter:card\" content=\"summary_large_image\" \/>\n<meta name=\"twitter:label1\" content=\"Szacowany czas czytania\" \/>\n\t<meta name=\"twitter:data1\" content=\"4 minuty\" \/>\n<script type=\"application\/ld+json\" class=\"yoast-schema-graph\">{\"@context\":\"https:\/\/schema.org\",\"@graph\":[{\"@type\":\"WebPage\",\"@id\":\"https:\/\/ironsky.pl\/sklep\/produkt\/modul-rozszerzajacy-dji-ronin-4d-flex\/\",\"url\":\"https:\/\/ironsky.pl\/sklep\/produkt\/modul-rozszerzajacy-dji-ronin-4d-flex\/\",\"name\":\"Modu\u0142 rozszerzaj\u0105cy DJI Ronin 4D Flex - IRONSKY.PL Sklep z Dronami\",\"isPartOf\":{\"@id\":\"https:\/\/ironsky.pl\/sklep\/#website\"},\"primaryImageOfPage\":{\"@id\":\"https:\/\/ironsky.pl\/sklep\/produkt\/modul-rozszerzajacy-dji-ronin-4d-flex\/#primaryimage\"},\"image\":{\"@id\":\"https:\/\/ironsky.pl\/sklep\/produkt\/modul-rozszerzajacy-dji-ronin-4d-flex\/#primaryimage\"},\"thumbnailUrl\":\"https:\/\/ironsky.pl\/sklep\/wp-content\/uploads\/2025\/10\/29640_1.jpg\",\"datePublished\":\"2026-04-15T08:19:02+00:00\",\"dateModified\":\"2026-04-15T08:19:11+00:00\",\"description\":\"Modu\u0142 rozszerzaj\u0105cy DJI Ronin 4D Flex - \u2705 sklep z dronami i fachowym doradztwem. \u2705 Tutaj kupisz produkty DJI, Yuneec, Parrot, Syma i wiele innych, a tak\u017ce kursy i licencje na operatora drona.\",\"breadcrumb\":{\"@id\":\"https:\/\/ironsky.pl\/sklep\/produkt\/modul-rozszerzajacy-dji-ronin-4d-flex\/#breadcrumb\"},\"inLanguage\":\"pl-PL\",\"potentialAction\":[{\"@type\":\"ReadAction\",\"target\":[\"https:\/\/ironsky.pl\/sklep\/produkt\/modul-rozszerzajacy-dji-ronin-4d-flex\/\"]}]},{\"@type\":\"ImageObject\",\"inLanguage\":\"pl-PL\",\"@id\":\"https:\/\/ironsky.pl\/sklep\/produkt\/modul-rozszerzajacy-dji-ronin-4d-flex\/#primaryimage\",\"url\":\"https:\/\/ironsky.pl\/sklep\/wp-content\/uploads\/2025\/10\/29640_1.jpg\",\"contentUrl\":\"https:\/\/ironsky.pl\/sklep\/wp-content\/uploads\/2025\/10\/29640_1.jpg\",\"width\":800,\"height\":800},{\"@type\":\"BreadcrumbList\",\"@id\":\"https:\/\/ironsky.pl\/sklep\/produkt\/modul-rozszerzajacy-dji-ronin-4d-flex\/#breadcrumb\",\"itemListElement\":[{\"@type\":\"ListItem\",\"position\":1,\"name\":\"Strona g\u0142\u00f3wna\",\"item\":\"https:\/\/ironsky.pl\/sklep\/\"},{\"@type\":\"ListItem\",\"position\":2,\"name\":\"Wszystkie produkty\",\"item\":\"https:\/\/ironsky.pl\/sklep\/produkty\/\"},{\"@type\":\"ListItem\",\"position\":3,\"name\":\"Modu\u0142 rozszerzaj\u0105cy DJI Ronin 4D Flex\"}]},{\"@type\":\"WebSite\",\"@id\":\"https:\/\/ironsky.pl\/sklep\/#website\",\"url\":\"https:\/\/ironsky.pl\/sklep\/\",\"name\":\"IRONSKY.PL Sklep z Dronami\",\"description\":\"IRONSKY.PL Sklep z Dronami\",\"potentialAction\":[{\"@type\":\"SearchAction\",\"target\":{\"@type\":\"EntryPoint\",\"urlTemplate\":\"https:\/\/ironsky.pl\/sklep\/?s={search_term_string}\"},\"query-input\":{\"@type\":\"PropertyValueSpecification\",\"valueRequired\":true,\"valueName\":\"search_term_string\"}}],\"inLanguage\":\"pl-PL\"}]}<\/script>\n<!-- \/ Yoast SEO plugin. -->","yoast_head_json":{"title":"Modu\u0142 rozszerzaj\u0105cy DJI Ronin 4D Flex - IRONSKY.PL Sklep z Dronami","description":"Modu\u0142 rozszerzaj\u0105cy DJI Ronin 4D Flex - \u2705 sklep z dronami i fachowym doradztwem. \u2705 Tutaj kupisz produkty DJI, Yuneec, Parrot, Syma i wiele innych, a tak\u017ce kursy i licencje na operatora drona.","robots":{"index":"index","follow":"follow","max-snippet":"max-snippet:-1","max-image-preview":"max-image-preview:large","max-video-preview":"max-video-preview:-1"},"canonical":"https:\/\/ironsky.pl\/sklep\/produkt\/modul-rozszerzajacy-dji-ronin-4d-flex\/","og_locale":"pl_PL","og_type":"article","og_title":"Modu\u0142 rozszerzaj\u0105cy DJI Ronin 4D Flex - IRONSKY.PL Sklep z Dronami","og_description":"Modu\u0142 rozszerzaj\u0105cy DJI Ronin 4D Flex - \u2705 sklep z dronami i fachowym doradztwem. \u2705 Tutaj kupisz produkty DJI, Yuneec, Parrot, Syma i wiele innych, a tak\u017ce kursy i licencje na operatora drona.","og_url":"https:\/\/ironsky.pl\/sklep\/produkt\/modul-rozszerzajacy-dji-ronin-4d-flex\/","og_site_name":"IRONSKY.PL Sklep z Dronami","article_modified_time":"2026-04-15T08:19:11+00:00","og_image":[{"width":800,"height":800,"url":"https:\/\/ironsky.pl\/sklep\/wp-content\/uploads\/2025\/10\/29640_1.jpg","type":"image\/jpeg"}],"twitter_card":"summary_large_image","twitter_misc":{"Szacowany czas czytania":"4 minuty"},"schema":{"@context":"https:\/\/schema.org","@graph":[{"@type":"WebPage","@id":"https:\/\/ironsky.pl\/sklep\/produkt\/modul-rozszerzajacy-dji-ronin-4d-flex\/","url":"https:\/\/ironsky.pl\/sklep\/produkt\/modul-rozszerzajacy-dji-ronin-4d-flex\/","name":"Modu\u0142 rozszerzaj\u0105cy DJI Ronin 4D Flex - IRONSKY.PL Sklep z Dronami","isPartOf":{"@id":"https:\/\/ironsky.pl\/sklep\/#website"},"primaryImageOfPage":{"@id":"https:\/\/ironsky.pl\/sklep\/produkt\/modul-rozszerzajacy-dji-ronin-4d-flex\/#primaryimage"},"image":{"@id":"https:\/\/ironsky.pl\/sklep\/produkt\/modul-rozszerzajacy-dji-ronin-4d-flex\/#primaryimage"},"thumbnailUrl":"https:\/\/ironsky.pl\/sklep\/wp-content\/uploads\/2025\/10\/29640_1.jpg","datePublished":"2026-04-15T08:19:02+00:00","dateModified":"2026-04-15T08:19:11+00:00","description":"Modu\u0142 rozszerzaj\u0105cy DJI Ronin 4D Flex - \u2705 sklep z dronami i fachowym doradztwem. \u2705 Tutaj kupisz produkty DJI, Yuneec, Parrot, Syma i wiele innych, a tak\u017ce kursy i licencje na operatora drona.","breadcrumb":{"@id":"https:\/\/ironsky.pl\/sklep\/produkt\/modul-rozszerzajacy-dji-ronin-4d-flex\/#breadcrumb"},"inLanguage":"pl-PL","potentialAction":[{"@type":"ReadAction","target":["https:\/\/ironsky.pl\/sklep\/produkt\/modul-rozszerzajacy-dji-ronin-4d-flex\/"]}]},{"@type":"ImageObject","inLanguage":"pl-PL","@id":"https:\/\/ironsky.pl\/sklep\/produkt\/modul-rozszerzajacy-dji-ronin-4d-flex\/#primaryimage","url":"https:\/\/ironsky.pl\/sklep\/wp-content\/uploads\/2025\/10\/29640_1.jpg","contentUrl":"https:\/\/ironsky.pl\/sklep\/wp-content\/uploads\/2025\/10\/29640_1.jpg","width":800,"height":800},{"@type":"BreadcrumbList","@id":"https:\/\/ironsky.pl\/sklep\/produkt\/modul-rozszerzajacy-dji-ronin-4d-flex\/#breadcrumb","itemListElement":[{"@type":"ListItem","position":1,"name":"Strona g\u0142\u00f3wna","item":"https:\/\/ironsky.pl\/sklep\/"},{"@type":"ListItem","position":2,"name":"Wszystkie produkty","item":"https:\/\/ironsky.pl\/sklep\/produkty\/"},{"@type":"ListItem","position":3,"name":"Modu\u0142 rozszerzaj\u0105cy DJI Ronin 4D Flex"}]},{"@type":"WebSite","@id":"https:\/\/ironsky.pl\/sklep\/#website","url":"https:\/\/ironsky.pl\/sklep\/","name":"IRONSKY.PL Sklep z Dronami","description":"IRONSKY.PL Sklep z Dronami","potentialAction":[{"@type":"SearchAction","target":{"@type":"EntryPoint","urlTemplate":"https:\/\/ironsky.pl\/sklep\/?s={search_term_string}"},"query-input":{"@type":"PropertyValueSpecification","valueRequired":true,"valueName":"search_term_string"}}],"inLanguage":"pl-PL"}]}},"_links":{"self":[{"href":"https:\/\/ironsky.pl\/sklep\/wp-json\/wp\/v2\/product\/56830","targetHints":{"allow":["GET"]}}],"collection":[{"href":"https:\/\/ironsky.pl\/sklep\/wp-json\/wp\/v2\/product"}],"about":[{"href":"https:\/\/ironsky.pl\/sklep\/wp-json\/wp\/v2\/types\/product"}],"replies":[{"embeddable":true,"href":"https:\/\/ironsky.pl\/sklep\/wp-json\/wp\/v2\/comments?post=56830"}],"wp:featuredmedia":[{"embeddable":true,"href":"https:\/\/ironsky.pl\/sklep\/wp-json\/wp\/v2\/media\/48684"}],"wp:attachment":[{"href":"https:\/\/ironsky.pl\/sklep\/wp-json\/wp\/v2\/media?parent=56830"}],"wp:term":[{"taxonomy":"product_brand","embeddable":true,"href":"https:\/\/ironsky.pl\/sklep\/wp-json\/wp\/v2\/product_brand?post=56830"},{"taxonomy":"product_cat","embeddable":true,"href":"https:\/\/ironsky.pl\/sklep\/wp-json\/wp\/v2\/product_cat?post=56830"},{"taxonomy":"product_tag","embeddable":true,"href":"https:\/\/ironsky.pl\/sklep\/wp-json\/wp\/v2\/product_tag?post=56830"}],"curies":[{"name":"wp","href":"https:\/\/api.w.org\/{rel}","templated":true}]}}