{"id":56829,"date":"2026-04-15T10:19:02","date_gmt":"2026-04-15T08:19:02","guid":{"rendered":"https:\/\/ironsky.pl\/sklep\/produkt\/adapter-audio-lightning-3-5-mm-joyroom-s-y105-bialy-2\/"},"modified":"2026-04-15T10:19:10","modified_gmt":"2026-04-15T08:19:10","slug":"adapter-audio-lightning-3-5-mm-joyroom-s-y105-bialy-2","status":"publish","type":"product","link":"https:\/\/ironsky.pl\/sklep\/produkt\/adapter-audio-lightning-3-5-mm-joyroom-s-y105-bialy-2\/","title":{"rendered":"Adapter Audio Lightning \/ 3.5 mm Joyroom S &#8211; Y105 (bia\u0142y)"},"content":{"rendered":"<h3>Adapter Audio Lightning \/ 3.5 mm Joyroom S &#8211; Y105 (bia\u0142y)<\/h3>\n<p>Nie musisz ju\u017c wybiera\u0107 mi\u0119dzy \u0142adowaniem Twojego iPhone\u2019a a s\u0142uchaniem muzyki. Adapter Joyroom rozszerzy gniazdo Lightning i pozwoli na pod\u0142\u0105czenie do urz\u0105dzenia z\u0142\u0105cza mini jack 3.5 mm i \u0142adowarki jednoczenie! Produkt wyr\u00f3\u017cnia si\u0119 solidn\u0105 konstrukcj\u0105, jest kompatybilny z urz\u0105dzeniami Apple i obs\u0142uguje funkcj\u0119 szybkiego \u0142adowania. Wbudowany podw\u00f3jny chip zapewnia stabiln\u0105 transmisj\u0119, wi\u0119c mo\u017cesz zapomnie\u0107 o irytuj\u0105cych trzaskach i zak\u0142\u00f3ceniach. Minimalistyczny design sprawia, \u017ce produkt wygl\u0105da bardzo estetycznie i zmie\u015bci si\u0119 w ka\u017cdej kieszeni.<\/p>\n<p><img decoding=\"async\" src=\"https:\/\/b2b.innpro.pl\/data\/include\/cms\/Joyroom\/S-Y105\/1.jpg\" alt=\"Joyroom\/S-Y105\/1\"><\/p>\n<h3>Wi\u0119cej mo\u017cliwo\u015bci z Joyroom<\/h3>\n<p>Adapter pozwala na jednoczesne pod\u0142\u0105czenie telefonu do \u0142adowarki i np. s\u0142uchawek. Dzi\u0119ki temu mo\u017cesz swobodnie s\u0142ucha\u0107 muzyki w czasie \u0142adowania swojego iPhone\u2019a. Produkt jest zgodny z oprogramowaniem iOS i nie zak\u0142\u00f3ca pracy s\u0142uchawek. Mo\u017cesz wi\u0119c swobodnie prowadzi\u0107 rozmowy telefoniczne lub korzysta\u0107 z pomocy asystenta g\u0142osowego.<\/p>\n<p><img decoding=\"async\" src=\"https:\/\/b2b.innpro.pl\/data\/include\/cms\/Joyroom\/S-Y105\/3.jpg\" alt=\"Joyroom\/S-Y105\/3\"><\/p>\n<h3>Inteligentne rozwi\u0105zania<\/h3>\n<p>W trosce o Tw\u00f3j telefon zadbali\u015bmy o najwy\u017csz\u0105 jako\u015b\u0107 rozwi\u0105za\u0144, zastosowanych w adapterze. Podw\u00f3jny, inteligentny chip umo\u017cliwia dzia\u0142anie bez zak\u0142\u00f3ce\u0144 i pozwala na stabilne \u0142adowanie urz\u0105dzenia, wi\u0119c nie musisz obawia\u0107 si\u0119 o bezpiecze\u0144stwo swojego iPhone\u2019a. Co wi\u0119cej, kabel adaptera wyr\u00f3\u017cnia si\u0119 du\u017c\u0105 przewodno\u015bci\u0105 i zapewnia szybkie \u0142adowanie z nat\u0119\u017ceniem 1.5 A.<\/p>\n<p><img decoding=\"async\" src=\"https:\/\/b2b.innpro.pl\/data\/include\/cms\/Joyroom\/S-Y105\/5.jpg\" alt=\"Joyroom\/S-Y105\/5\"><\/p>\n<h3>Pe\u0142na kompatybilno\u015b\u0107 z systemem iOS<\/h3>\n<p>Adapter Joyroom jest w pe\u0142ni zgodny z systemem iOS i obs\u0142uguje \u0142adowanie i wszystkie funkcje s\u0142uchawek bez \u017cadnych zak\u0142\u00f3ce\u0144. Mo\u017cesz swobodnie s\u0142ucha\u0107 muzyki, gra\u0107 w gry, czy rozmawia\u0107 przez telefon w czasie, gdy uzupe\u0142niasz jego energi\u0119. Zapomnij o wyskakuj\u0105cych okienkach z informacj\u0105 o braku kompatybilno\u015bci \u2014 Joyroom Ci\u0119 nie zawiedzie! <\/p>\n<p><img decoding=\"async\" src=\"https:\/\/b2b.innpro.pl\/data\/include\/cms\/Joyroom\/S-Y105\/10.jpg\" alt=\"Joyroom\/S-Y105\/10\"><\/p>\n<div class=\"table-wrapper\">\n<table>\n<tbody>\n<tr>\n<th>Producent<\/th>\n<td>Joyroom<\/td>\n<\/tr>\n<tr>\n<th>Model<\/th>\n<td>S &#8211; Y105<\/td>\n<\/tr>\n<tr>\n<th>Kolor<\/th>\n<td>Bia\u0142y<\/td>\n<\/tr>\n<tr>\n<th>Nat\u0119\u017cenie znamionowe<\/th>\n<td>2 A<\/td>\n<\/tr>\n<tr>\n<th>Kompatybilno\u015b\u0107<\/th>\n<td>urz\u0105dzenia obs\u0142uguj\u0105ce z\u0142\u0105cze Lightning<\/td>\n<\/tr>\n<tr>\n<th>Materia\u0142<\/th>\n<td>ABS + TPE<\/td>\n<\/tr>\n<tr>\n<th>Funkcje<\/th>\n<td>\u0141adowanie, s\u0142uchanie, obs\u0142uga po\u0142\u0105cze\u0144, obs\u0142uga asystenta g\u0142osowego, U shield, USB-KEY<\/td>\n<\/tr>\n<tr>\n<th>Waga<\/th>\n<td>8 g<\/td>\n<\/tr>\n<tr>\n<th>Wymiary<\/th>\n<td>112 x 30 x 6 mm<\/td>\n<\/tr>\n<\/tbody>\n<\/table>\n<\/div>\n","protected":false},"excerpt":{"rendered":"<p>Adapter Audio Lightning \/ 3.5 mm Joyroom S &#8211; Y105 (bia\u0142y) Nie musisz ju\u017c wybiera\u0107 mi\u0119dzy \u0142adowaniem Twojego iPhone\u2019a a<\/p>\n","protected":false},"featured_media":42551,"comment_status":"closed","ping_status":"open","template":"","meta":{"_acf_changed":false},"product_brand":[],"product_cat":[5930,5929],"product_tag":[],"class_list":{"0":"post-56829","1":"product","2":"type-product","3":"status-publish","4":"has-post-thumbnail","6":"product_cat-adaptery-przejsciowki-konwertery","7":"product_cat-akcesoria-it","8":"pa_okres-gwarancji-5754","9":"pa_producent-joyroom","11":"first","12":"outofstock","13":"taxable","14":"shipping-taxable","15":"purchasable","16":"product-type-simple"},"acf":[],"yoast_head":"<!-- This site is optimized with the Yoast SEO plugin v27.2 - https:\/\/yoast.com\/product\/yoast-seo-wordpress\/ -->\n<title>Adapter Audio Lightning \/ 3.5 mm Joyroom S - Y105 (bia\u0142y) - IRONSKY.PL Sklep z Dronami<\/title>\n<meta name=\"description\" content=\"Adapter Audio Lightning \/ 3.5 mm Joyroom S - Y105 (bia\u0142y) - \u2705 sklep z dronami i fachowym doradztwem. \u2705 Tutaj kupisz produkty DJI, Yuneec, Parrot, Syma i wiele innych, a tak\u017ce kursy i licencje na operatora drona.\" \/>\n<meta name=\"robots\" content=\"index, follow, max-snippet:-1, max-image-preview:large, max-video-preview:-1\" \/>\n<link rel=\"canonical\" href=\"https:\/\/ironsky.pl\/sklep\/produkt\/adapter-audio-lightning-3-5-mm-joyroom-s-y105-bialy-2\/\" \/>\n<meta property=\"og:locale\" content=\"pl_PL\" \/>\n<meta property=\"og:type\" content=\"article\" \/>\n<meta property=\"og:title\" content=\"Adapter Audio Lightning \/ 3.5 mm Joyroom S - Y105 (bia\u0142y) - IRONSKY.PL Sklep z Dronami\" \/>\n<meta property=\"og:description\" content=\"Adapter Audio Lightning \/ 3.5 mm Joyroom S - Y105 (bia\u0142y) - \u2705 sklep z dronami i fachowym doradztwem. \u2705 Tutaj kupisz produkty DJI, Yuneec, Parrot, Syma i wiele innych, a tak\u017ce kursy i licencje na operatora drona.\" \/>\n<meta property=\"og:url\" content=\"https:\/\/ironsky.pl\/sklep\/produkt\/adapter-audio-lightning-3-5-mm-joyroom-s-y105-bialy-2\/\" \/>\n<meta property=\"og:site_name\" content=\"IRONSKY.PL Sklep z Dronami\" \/>\n<meta property=\"article:modified_time\" content=\"2026-04-15T08:19:10+00:00\" \/>\n<meta property=\"og:image\" content=\"https:\/\/ironsky.pl\/sklep\/wp-content\/uploads\/2025\/06\/29602_1.jpg\" \/>\n\t<meta property=\"og:image:width\" content=\"800\" \/>\n\t<meta property=\"og:image:height\" content=\"800\" \/>\n\t<meta property=\"og:image:type\" content=\"image\/jpeg\" \/>\n<meta name=\"twitter:card\" content=\"summary_large_image\" \/>\n<meta name=\"twitter:label1\" content=\"Szacowany czas czytania\" \/>\n\t<meta name=\"twitter:data1\" content=\"2 minuty\" \/>\n<script type=\"application\/ld+json\" class=\"yoast-schema-graph\">{\"@context\":\"https:\/\/schema.org\",\"@graph\":[{\"@type\":\"WebPage\",\"@id\":\"https:\/\/ironsky.pl\/sklep\/produkt\/adapter-audio-lightning-3-5-mm-joyroom-s-y105-bialy-2\/\",\"url\":\"https:\/\/ironsky.pl\/sklep\/produkt\/adapter-audio-lightning-3-5-mm-joyroom-s-y105-bialy-2\/\",\"name\":\"Adapter Audio Lightning \/ 3.5 mm Joyroom S - Y105 (bia\u0142y) - IRONSKY.PL Sklep z Dronami\",\"isPartOf\":{\"@id\":\"https:\/\/ironsky.pl\/sklep\/#website\"},\"primaryImageOfPage\":{\"@id\":\"https:\/\/ironsky.pl\/sklep\/produkt\/adapter-audio-lightning-3-5-mm-joyroom-s-y105-bialy-2\/#primaryimage\"},\"image\":{\"@id\":\"https:\/\/ironsky.pl\/sklep\/produkt\/adapter-audio-lightning-3-5-mm-joyroom-s-y105-bialy-2\/#primaryimage\"},\"thumbnailUrl\":\"https:\/\/ironsky.pl\/sklep\/wp-content\/uploads\/2025\/06\/29602_1.jpg\",\"datePublished\":\"2026-04-15T08:19:02+00:00\",\"dateModified\":\"2026-04-15T08:19:10+00:00\",\"description\":\"Adapter Audio Lightning \/ 3.5 mm Joyroom S - Y105 (bia\u0142y) - \u2705 sklep z dronami i fachowym doradztwem. \u2705 Tutaj kupisz produkty DJI, Yuneec, Parrot, Syma i wiele innych, a tak\u017ce kursy i licencje na operatora drona.\",\"breadcrumb\":{\"@id\":\"https:\/\/ironsky.pl\/sklep\/produkt\/adapter-audio-lightning-3-5-mm-joyroom-s-y105-bialy-2\/#breadcrumb\"},\"inLanguage\":\"pl-PL\",\"potentialAction\":[{\"@type\":\"ReadAction\",\"target\":[\"https:\/\/ironsky.pl\/sklep\/produkt\/adapter-audio-lightning-3-5-mm-joyroom-s-y105-bialy-2\/\"]}]},{\"@type\":\"ImageObject\",\"inLanguage\":\"pl-PL\",\"@id\":\"https:\/\/ironsky.pl\/sklep\/produkt\/adapter-audio-lightning-3-5-mm-joyroom-s-y105-bialy-2\/#primaryimage\",\"url\":\"https:\/\/ironsky.pl\/sklep\/wp-content\/uploads\/2025\/06\/29602_1.jpg\",\"contentUrl\":\"https:\/\/ironsky.pl\/sklep\/wp-content\/uploads\/2025\/06\/29602_1.jpg\",\"width\":800,\"height\":800},{\"@type\":\"BreadcrumbList\",\"@id\":\"https:\/\/ironsky.pl\/sklep\/produkt\/adapter-audio-lightning-3-5-mm-joyroom-s-y105-bialy-2\/#breadcrumb\",\"itemListElement\":[{\"@type\":\"ListItem\",\"position\":1,\"name\":\"Strona g\u0142\u00f3wna\",\"item\":\"https:\/\/ironsky.pl\/sklep\/\"},{\"@type\":\"ListItem\",\"position\":2,\"name\":\"Wszystkie produkty\",\"item\":\"https:\/\/ironsky.pl\/sklep\/produkty\/\"},{\"@type\":\"ListItem\",\"position\":3,\"name\":\"Adapter Audio Lightning \/ 3.5 mm Joyroom S &#8211; Y105 (bia\u0142y)\"}]},{\"@type\":\"WebSite\",\"@id\":\"https:\/\/ironsky.pl\/sklep\/#website\",\"url\":\"https:\/\/ironsky.pl\/sklep\/\",\"name\":\"IRONSKY.PL Sklep z Dronami\",\"description\":\"IRONSKY.PL Sklep z Dronami\",\"potentialAction\":[{\"@type\":\"SearchAction\",\"target\":{\"@type\":\"EntryPoint\",\"urlTemplate\":\"https:\/\/ironsky.pl\/sklep\/?s={search_term_string}\"},\"query-input\":{\"@type\":\"PropertyValueSpecification\",\"valueRequired\":true,\"valueName\":\"search_term_string\"}}],\"inLanguage\":\"pl-PL\"}]}<\/script>\n<!-- \/ Yoast SEO plugin. -->","yoast_head_json":{"title":"Adapter Audio Lightning \/ 3.5 mm Joyroom S - Y105 (bia\u0142y) - IRONSKY.PL Sklep z Dronami","description":"Adapter Audio Lightning \/ 3.5 mm Joyroom S - Y105 (bia\u0142y) - \u2705 sklep z dronami i fachowym doradztwem. \u2705 Tutaj kupisz produkty DJI, Yuneec, Parrot, Syma i wiele innych, a tak\u017ce kursy i licencje na operatora drona.","robots":{"index":"index","follow":"follow","max-snippet":"max-snippet:-1","max-image-preview":"max-image-preview:large","max-video-preview":"max-video-preview:-1"},"canonical":"https:\/\/ironsky.pl\/sklep\/produkt\/adapter-audio-lightning-3-5-mm-joyroom-s-y105-bialy-2\/","og_locale":"pl_PL","og_type":"article","og_title":"Adapter Audio Lightning \/ 3.5 mm Joyroom S - Y105 (bia\u0142y) - IRONSKY.PL Sklep z Dronami","og_description":"Adapter Audio Lightning \/ 3.5 mm Joyroom S - Y105 (bia\u0142y) - \u2705 sklep z dronami i fachowym doradztwem. \u2705 Tutaj kupisz produkty DJI, Yuneec, Parrot, Syma i wiele innych, a tak\u017ce kursy i licencje na operatora drona.","og_url":"https:\/\/ironsky.pl\/sklep\/produkt\/adapter-audio-lightning-3-5-mm-joyroom-s-y105-bialy-2\/","og_site_name":"IRONSKY.PL Sklep z Dronami","article_modified_time":"2026-04-15T08:19:10+00:00","og_image":[{"width":800,"height":800,"url":"https:\/\/ironsky.pl\/sklep\/wp-content\/uploads\/2025\/06\/29602_1.jpg","type":"image\/jpeg"}],"twitter_card":"summary_large_image","twitter_misc":{"Szacowany czas czytania":"2 minuty"},"schema":{"@context":"https:\/\/schema.org","@graph":[{"@type":"WebPage","@id":"https:\/\/ironsky.pl\/sklep\/produkt\/adapter-audio-lightning-3-5-mm-joyroom-s-y105-bialy-2\/","url":"https:\/\/ironsky.pl\/sklep\/produkt\/adapter-audio-lightning-3-5-mm-joyroom-s-y105-bialy-2\/","name":"Adapter Audio Lightning \/ 3.5 mm Joyroom S - Y105 (bia\u0142y) - IRONSKY.PL Sklep z Dronami","isPartOf":{"@id":"https:\/\/ironsky.pl\/sklep\/#website"},"primaryImageOfPage":{"@id":"https:\/\/ironsky.pl\/sklep\/produkt\/adapter-audio-lightning-3-5-mm-joyroom-s-y105-bialy-2\/#primaryimage"},"image":{"@id":"https:\/\/ironsky.pl\/sklep\/produkt\/adapter-audio-lightning-3-5-mm-joyroom-s-y105-bialy-2\/#primaryimage"},"thumbnailUrl":"https:\/\/ironsky.pl\/sklep\/wp-content\/uploads\/2025\/06\/29602_1.jpg","datePublished":"2026-04-15T08:19:02+00:00","dateModified":"2026-04-15T08:19:10+00:00","description":"Adapter Audio Lightning \/ 3.5 mm Joyroom S - Y105 (bia\u0142y) - \u2705 sklep z dronami i fachowym doradztwem. \u2705 Tutaj kupisz produkty DJI, Yuneec, Parrot, Syma i wiele innych, a tak\u017ce kursy i licencje na operatora drona.","breadcrumb":{"@id":"https:\/\/ironsky.pl\/sklep\/produkt\/adapter-audio-lightning-3-5-mm-joyroom-s-y105-bialy-2\/#breadcrumb"},"inLanguage":"pl-PL","potentialAction":[{"@type":"ReadAction","target":["https:\/\/ironsky.pl\/sklep\/produkt\/adapter-audio-lightning-3-5-mm-joyroom-s-y105-bialy-2\/"]}]},{"@type":"ImageObject","inLanguage":"pl-PL","@id":"https:\/\/ironsky.pl\/sklep\/produkt\/adapter-audio-lightning-3-5-mm-joyroom-s-y105-bialy-2\/#primaryimage","url":"https:\/\/ironsky.pl\/sklep\/wp-content\/uploads\/2025\/06\/29602_1.jpg","contentUrl":"https:\/\/ironsky.pl\/sklep\/wp-content\/uploads\/2025\/06\/29602_1.jpg","width":800,"height":800},{"@type":"BreadcrumbList","@id":"https:\/\/ironsky.pl\/sklep\/produkt\/adapter-audio-lightning-3-5-mm-joyroom-s-y105-bialy-2\/#breadcrumb","itemListElement":[{"@type":"ListItem","position":1,"name":"Strona g\u0142\u00f3wna","item":"https:\/\/ironsky.pl\/sklep\/"},{"@type":"ListItem","position":2,"name":"Wszystkie produkty","item":"https:\/\/ironsky.pl\/sklep\/produkty\/"},{"@type":"ListItem","position":3,"name":"Adapter Audio Lightning \/ 3.5 mm Joyroom S &#8211; Y105 (bia\u0142y)"}]},{"@type":"WebSite","@id":"https:\/\/ironsky.pl\/sklep\/#website","url":"https:\/\/ironsky.pl\/sklep\/","name":"IRONSKY.PL Sklep z Dronami","description":"IRONSKY.PL Sklep z Dronami","potentialAction":[{"@type":"SearchAction","target":{"@type":"EntryPoint","urlTemplate":"https:\/\/ironsky.pl\/sklep\/?s={search_term_string}"},"query-input":{"@type":"PropertyValueSpecification","valueRequired":true,"valueName":"search_term_string"}}],"inLanguage":"pl-PL"}]}},"_links":{"self":[{"href":"https:\/\/ironsky.pl\/sklep\/wp-json\/wp\/v2\/product\/56829","targetHints":{"allow":["GET"]}}],"collection":[{"href":"https:\/\/ironsky.pl\/sklep\/wp-json\/wp\/v2\/product"}],"about":[{"href":"https:\/\/ironsky.pl\/sklep\/wp-json\/wp\/v2\/types\/product"}],"replies":[{"embeddable":true,"href":"https:\/\/ironsky.pl\/sklep\/wp-json\/wp\/v2\/comments?post=56829"}],"wp:featuredmedia":[{"embeddable":true,"href":"https:\/\/ironsky.pl\/sklep\/wp-json\/wp\/v2\/media\/42551"}],"wp:attachment":[{"href":"https:\/\/ironsky.pl\/sklep\/wp-json\/wp\/v2\/media?parent=56829"}],"wp:term":[{"taxonomy":"product_brand","embeddable":true,"href":"https:\/\/ironsky.pl\/sklep\/wp-json\/wp\/v2\/product_brand?post=56829"},{"taxonomy":"product_cat","embeddable":true,"href":"https:\/\/ironsky.pl\/sklep\/wp-json\/wp\/v2\/product_cat?post=56829"},{"taxonomy":"product_tag","embeddable":true,"href":"https:\/\/ironsky.pl\/sklep\/wp-json\/wp\/v2\/product_tag?post=56829"}],"curies":[{"name":"wp","href":"https:\/\/api.w.org\/{rel}","templated":true}]}}