{"id":56821,"date":"2026-04-15T10:19:02","date_gmt":"2026-04-15T08:19:02","guid":{"rendered":"https:\/\/ironsky.pl\/sklep\/produkt\/kabel-vention-vas-a45-b300-usb-a-usb-a-3m-czarny\/"},"modified":"2026-04-15T10:51:03","modified_gmt":"2026-04-15T08:51:03","slug":"kabel-vention-vas-a45-b300-usb-a-usb-a-3m-czarny","status":"publish","type":"product","link":"https:\/\/ironsky.pl\/sklep\/produkt\/kabel-vention-vas-a45-b300-usb-a-usb-a-3m-czarny\/","title":{"rendered":"Kabel VENTION VAS-A45-B300 USB-A-USB-A 3m (czarny)"},"content":{"rendered":"<h3>Przed\u0142u\u017cacz USB 3.0 m\u0119ski USB do \u017ce\u0144ski USB, Vention 3m (czarny)<\/h3>\n<p>Ciesz si\u0119 wi\u0119kszym komfortem podczas pracy, rozgrywki czy ogl\u0105dania film\u00f3w. Przed\u0142u\u017cacz Vention VAS-A45-B300 pozwoli Ci wygodnie \u0142adowa\u0107 urz\u0105dzenia, korzysta\u0107 ze sprz\u0119t\u00f3w takich jak drukarka czy kontroler do gier, a tak\u017ce przesy\u0142a\u0107 pliki z pr\u0119dko\u015bci\u0105 do 5 Gbps. Teraz wystarczy oko\u0142o 5 sekund, aby skopiowa\u0107 1 Gb danych! Kabel wyr\u00f3\u017cnia si\u0119 tak\u017ce wytrzyma\u0142\u0105 konstrukcj\u0105 \u2013 jego najbardziej podatne na uszkodzenia elementy zosta\u0142y dodatkowo wzmocnione. B\u0119dzie \u015bwietnie Ci s\u0142u\u017cy\u0142 przez d\u0142ugi czas!<\/p>\n<p><img decoding=\"async\" src=\"https:\/\/b2b.innpro.pl\/data\/include\/cms\/Vention\/VAS-A45-B300\/2.jpg\" alt=\"Vention\/VAS-A45-B300\/2\"><\/p>\n<h3>Wiele zastosowa\u0144<\/h3>\n<p>Produkt jest kompatybilny z wi\u0119kszo\u015bci\u0105 popularnych urz\u0105dze\u0144 USB. Za jego pomoc\u0105 mo\u017cesz na przyk\u0142ad pod\u0142\u0105czy\u0107 do komputera mysz, dysk przeno\u015bny lub drukark\u0119. Ju\u017c nie musisz za ka\u017cdym razem podpina\u0107 sprz\u0119t\u00f3w do trudno dost\u0119pnych port\u00f3w \u2013 wystarczy skorzysta\u0107 z przed\u0142u\u017cacza. Kabel pozwoli Ci r\u00f3wnie\u017c na pod\u0142\u0105czenie pada do konsoli do gier \u2013 zyskaj wi\u0119ksz\u0105 swobod\u0119 ruch\u00f3w podczas rozgrywki!<\/p>\n<p><img decoding=\"async\" src=\"https:\/\/b2b.innpro.pl\/data\/include\/cms\/Vention\/VAS-A45-B300\/4.jpg\" alt=\"Vention\/VAS-A45-B300\/4\"><\/p>\n<div class=\"table-wrapper\">\n<table>\n<tbody>\n<tr>\n<th>Producent<\/th>\n<td>Vention<\/td>\n<\/tr>\n<tr>\n<th>Model<\/th>\n<td>VAS-A45-B300<\/td>\n<\/tr>\n<tr>\n<th>Kolor<\/th>\n<td>Czarny<\/td>\n<\/tr>\n<tr>\n<th>Interfejs<\/th>\n<td>USB-A m\u0119ski do USB-A \u017ce\u0144ski<\/td>\n<\/tr>\n<tr>\n<th>Pr\u0119dko\u015b\u0107 transmisji<\/th>\n<td>Do 5 Gbps<\/td>\n<\/tr>\n<tr>\n<th>D\u0142ugo\u015b\u0107 kabla<\/th>\n<td>3 m<\/td>\n<\/tr>\n<\/tbody>\n<\/table>\n<\/div>\n","protected":false},"excerpt":{"rendered":"<p>Przed\u0142u\u017cacz USB 3.0 m\u0119ski USB do \u017ce\u0144ski USB, Vention 3m (czarny) Ciesz si\u0119 wi\u0119kszym komfortem podczas pracy, rozgrywki czy ogl\u0105dania<\/p>\n","protected":false},"featured_media":42511,"comment_status":"closed","ping_status":"open","template":"","meta":{"_acf_changed":false},"product_brand":[],"product_cat":[5929,5931,5932],"product_tag":[],"class_list":{"0":"post-56821","1":"product","2":"type-product","3":"status-publish","4":"has-post-thumbnail","6":"product_cat-akcesoria-it","7":"product_cat-kable","8":"product_cat-usb","9":"pa_okres-gwarancji-5754","10":"pa_producent-vention","12":"first","13":"outofstock","14":"taxable","15":"shipping-taxable","16":"purchasable","17":"product-type-simple"},"acf":[],"yoast_head":"<!-- This site is optimized with the Yoast SEO plugin v27.2 - https:\/\/yoast.com\/product\/yoast-seo-wordpress\/ -->\n<title>Kabel VENTION VAS-A45-B300 USB-A-USB-A 3m (czarny) - IRONSKY.PL Sklep z Dronami<\/title>\n<meta name=\"description\" content=\"Kabel VENTION VAS-A45-B300 USB-A-USB-A 3m (czarny) - \u2705 sklep z dronami i fachowym doradztwem. \u2705 Tutaj kupisz produkty DJI, Yuneec, Parrot, Syma i wiele innych, a tak\u017ce kursy i licencje na operatora drona.\" \/>\n<meta name=\"robots\" content=\"index, follow, max-snippet:-1, max-image-preview:large, max-video-preview:-1\" \/>\n<link rel=\"canonical\" href=\"https:\/\/ironsky.pl\/sklep\/produkt\/kabel-vention-vas-a45-b300-usb-a-usb-a-3m-czarny\/\" \/>\n<meta property=\"og:locale\" content=\"pl_PL\" \/>\n<meta property=\"og:type\" content=\"article\" \/>\n<meta property=\"og:title\" content=\"Kabel VENTION VAS-A45-B300 USB-A-USB-A 3m (czarny) - IRONSKY.PL Sklep z Dronami\" \/>\n<meta property=\"og:description\" content=\"Kabel VENTION VAS-A45-B300 USB-A-USB-A 3m (czarny) - \u2705 sklep z dronami i fachowym doradztwem. \u2705 Tutaj kupisz produkty DJI, Yuneec, Parrot, Syma i wiele innych, a tak\u017ce kursy i licencje na operatora drona.\" \/>\n<meta property=\"og:url\" content=\"https:\/\/ironsky.pl\/sklep\/produkt\/kabel-vention-vas-a45-b300-usb-a-usb-a-3m-czarny\/\" \/>\n<meta property=\"og:site_name\" content=\"IRONSKY.PL Sklep z Dronami\" \/>\n<meta property=\"article:modified_time\" content=\"2026-04-15T08:51:03+00:00\" \/>\n<meta property=\"og:image\" content=\"https:\/\/ironsky.pl\/sklep\/wp-content\/uploads\/2025\/06\/29075_1.jpg\" \/>\n\t<meta property=\"og:image:width\" content=\"800\" \/>\n\t<meta property=\"og:image:height\" content=\"800\" \/>\n\t<meta property=\"og:image:type\" content=\"image\/jpeg\" \/>\n<meta name=\"twitter:card\" content=\"summary_large_image\" \/>\n<meta name=\"twitter:label1\" content=\"Szacowany czas czytania\" \/>\n\t<meta name=\"twitter:data1\" content=\"1 minuta\" \/>\n<script type=\"application\/ld+json\" class=\"yoast-schema-graph\">{\"@context\":\"https:\/\/schema.org\",\"@graph\":[{\"@type\":\"WebPage\",\"@id\":\"https:\/\/ironsky.pl\/sklep\/produkt\/kabel-vention-vas-a45-b300-usb-a-usb-a-3m-czarny\/\",\"url\":\"https:\/\/ironsky.pl\/sklep\/produkt\/kabel-vention-vas-a45-b300-usb-a-usb-a-3m-czarny\/\",\"name\":\"Kabel VENTION VAS-A45-B300 USB-A-USB-A 3m (czarny) - IRONSKY.PL Sklep z Dronami\",\"isPartOf\":{\"@id\":\"https:\/\/ironsky.pl\/sklep\/#website\"},\"primaryImageOfPage\":{\"@id\":\"https:\/\/ironsky.pl\/sklep\/produkt\/kabel-vention-vas-a45-b300-usb-a-usb-a-3m-czarny\/#primaryimage\"},\"image\":{\"@id\":\"https:\/\/ironsky.pl\/sklep\/produkt\/kabel-vention-vas-a45-b300-usb-a-usb-a-3m-czarny\/#primaryimage\"},\"thumbnailUrl\":\"https:\/\/ironsky.pl\/sklep\/wp-content\/uploads\/2025\/06\/29075_1.jpg\",\"datePublished\":\"2026-04-15T08:19:02+00:00\",\"dateModified\":\"2026-04-15T08:51:03+00:00\",\"description\":\"Kabel VENTION VAS-A45-B300 USB-A-USB-A 3m (czarny) - \u2705 sklep z dronami i fachowym doradztwem. \u2705 Tutaj kupisz produkty DJI, Yuneec, Parrot, Syma i wiele innych, a tak\u017ce kursy i licencje na operatora drona.\",\"breadcrumb\":{\"@id\":\"https:\/\/ironsky.pl\/sklep\/produkt\/kabel-vention-vas-a45-b300-usb-a-usb-a-3m-czarny\/#breadcrumb\"},\"inLanguage\":\"pl-PL\",\"potentialAction\":[{\"@type\":\"ReadAction\",\"target\":[\"https:\/\/ironsky.pl\/sklep\/produkt\/kabel-vention-vas-a45-b300-usb-a-usb-a-3m-czarny\/\"]}]},{\"@type\":\"ImageObject\",\"inLanguage\":\"pl-PL\",\"@id\":\"https:\/\/ironsky.pl\/sklep\/produkt\/kabel-vention-vas-a45-b300-usb-a-usb-a-3m-czarny\/#primaryimage\",\"url\":\"https:\/\/ironsky.pl\/sklep\/wp-content\/uploads\/2025\/06\/29075_1.jpg\",\"contentUrl\":\"https:\/\/ironsky.pl\/sklep\/wp-content\/uploads\/2025\/06\/29075_1.jpg\",\"width\":800,\"height\":800},{\"@type\":\"BreadcrumbList\",\"@id\":\"https:\/\/ironsky.pl\/sklep\/produkt\/kabel-vention-vas-a45-b300-usb-a-usb-a-3m-czarny\/#breadcrumb\",\"itemListElement\":[{\"@type\":\"ListItem\",\"position\":1,\"name\":\"Strona g\u0142\u00f3wna\",\"item\":\"https:\/\/ironsky.pl\/sklep\/\"},{\"@type\":\"ListItem\",\"position\":2,\"name\":\"Wszystkie produkty\",\"item\":\"https:\/\/ironsky.pl\/sklep\/produkty\/\"},{\"@type\":\"ListItem\",\"position\":3,\"name\":\"Kabel VENTION VAS-A45-B300 USB-A-USB-A 3m (czarny)\"}]},{\"@type\":\"WebSite\",\"@id\":\"https:\/\/ironsky.pl\/sklep\/#website\",\"url\":\"https:\/\/ironsky.pl\/sklep\/\",\"name\":\"IRONSKY.PL Sklep z Dronami\",\"description\":\"IRONSKY.PL Sklep z Dronami\",\"potentialAction\":[{\"@type\":\"SearchAction\",\"target\":{\"@type\":\"EntryPoint\",\"urlTemplate\":\"https:\/\/ironsky.pl\/sklep\/?s={search_term_string}\"},\"query-input\":{\"@type\":\"PropertyValueSpecification\",\"valueRequired\":true,\"valueName\":\"search_term_string\"}}],\"inLanguage\":\"pl-PL\"}]}<\/script>\n<!-- \/ Yoast SEO plugin. -->","yoast_head_json":{"title":"Kabel VENTION VAS-A45-B300 USB-A-USB-A 3m (czarny) - IRONSKY.PL Sklep z Dronami","description":"Kabel VENTION VAS-A45-B300 USB-A-USB-A 3m (czarny) - \u2705 sklep z dronami i fachowym doradztwem. \u2705 Tutaj kupisz produkty DJI, Yuneec, Parrot, Syma i wiele innych, a tak\u017ce kursy i licencje na operatora drona.","robots":{"index":"index","follow":"follow","max-snippet":"max-snippet:-1","max-image-preview":"max-image-preview:large","max-video-preview":"max-video-preview:-1"},"canonical":"https:\/\/ironsky.pl\/sklep\/produkt\/kabel-vention-vas-a45-b300-usb-a-usb-a-3m-czarny\/","og_locale":"pl_PL","og_type":"article","og_title":"Kabel VENTION VAS-A45-B300 USB-A-USB-A 3m (czarny) - IRONSKY.PL Sklep z Dronami","og_description":"Kabel VENTION VAS-A45-B300 USB-A-USB-A 3m (czarny) - \u2705 sklep z dronami i fachowym doradztwem. \u2705 Tutaj kupisz produkty DJI, Yuneec, Parrot, Syma i wiele innych, a tak\u017ce kursy i licencje na operatora drona.","og_url":"https:\/\/ironsky.pl\/sklep\/produkt\/kabel-vention-vas-a45-b300-usb-a-usb-a-3m-czarny\/","og_site_name":"IRONSKY.PL Sklep z Dronami","article_modified_time":"2026-04-15T08:51:03+00:00","og_image":[{"width":800,"height":800,"url":"https:\/\/ironsky.pl\/sklep\/wp-content\/uploads\/2025\/06\/29075_1.jpg","type":"image\/jpeg"}],"twitter_card":"summary_large_image","twitter_misc":{"Szacowany czas czytania":"1 minuta"},"schema":{"@context":"https:\/\/schema.org","@graph":[{"@type":"WebPage","@id":"https:\/\/ironsky.pl\/sklep\/produkt\/kabel-vention-vas-a45-b300-usb-a-usb-a-3m-czarny\/","url":"https:\/\/ironsky.pl\/sklep\/produkt\/kabel-vention-vas-a45-b300-usb-a-usb-a-3m-czarny\/","name":"Kabel VENTION VAS-A45-B300 USB-A-USB-A 3m (czarny) - IRONSKY.PL Sklep z Dronami","isPartOf":{"@id":"https:\/\/ironsky.pl\/sklep\/#website"},"primaryImageOfPage":{"@id":"https:\/\/ironsky.pl\/sklep\/produkt\/kabel-vention-vas-a45-b300-usb-a-usb-a-3m-czarny\/#primaryimage"},"image":{"@id":"https:\/\/ironsky.pl\/sklep\/produkt\/kabel-vention-vas-a45-b300-usb-a-usb-a-3m-czarny\/#primaryimage"},"thumbnailUrl":"https:\/\/ironsky.pl\/sklep\/wp-content\/uploads\/2025\/06\/29075_1.jpg","datePublished":"2026-04-15T08:19:02+00:00","dateModified":"2026-04-15T08:51:03+00:00","description":"Kabel VENTION VAS-A45-B300 USB-A-USB-A 3m (czarny) - \u2705 sklep z dronami i fachowym doradztwem. \u2705 Tutaj kupisz produkty DJI, Yuneec, Parrot, Syma i wiele innych, a tak\u017ce kursy i licencje na operatora drona.","breadcrumb":{"@id":"https:\/\/ironsky.pl\/sklep\/produkt\/kabel-vention-vas-a45-b300-usb-a-usb-a-3m-czarny\/#breadcrumb"},"inLanguage":"pl-PL","potentialAction":[{"@type":"ReadAction","target":["https:\/\/ironsky.pl\/sklep\/produkt\/kabel-vention-vas-a45-b300-usb-a-usb-a-3m-czarny\/"]}]},{"@type":"ImageObject","inLanguage":"pl-PL","@id":"https:\/\/ironsky.pl\/sklep\/produkt\/kabel-vention-vas-a45-b300-usb-a-usb-a-3m-czarny\/#primaryimage","url":"https:\/\/ironsky.pl\/sklep\/wp-content\/uploads\/2025\/06\/29075_1.jpg","contentUrl":"https:\/\/ironsky.pl\/sklep\/wp-content\/uploads\/2025\/06\/29075_1.jpg","width":800,"height":800},{"@type":"BreadcrumbList","@id":"https:\/\/ironsky.pl\/sklep\/produkt\/kabel-vention-vas-a45-b300-usb-a-usb-a-3m-czarny\/#breadcrumb","itemListElement":[{"@type":"ListItem","position":1,"name":"Strona g\u0142\u00f3wna","item":"https:\/\/ironsky.pl\/sklep\/"},{"@type":"ListItem","position":2,"name":"Wszystkie produkty","item":"https:\/\/ironsky.pl\/sklep\/produkty\/"},{"@type":"ListItem","position":3,"name":"Kabel VENTION VAS-A45-B300 USB-A-USB-A 3m (czarny)"}]},{"@type":"WebSite","@id":"https:\/\/ironsky.pl\/sklep\/#website","url":"https:\/\/ironsky.pl\/sklep\/","name":"IRONSKY.PL Sklep z Dronami","description":"IRONSKY.PL Sklep z Dronami","potentialAction":[{"@type":"SearchAction","target":{"@type":"EntryPoint","urlTemplate":"https:\/\/ironsky.pl\/sklep\/?s={search_term_string}"},"query-input":{"@type":"PropertyValueSpecification","valueRequired":true,"valueName":"search_term_string"}}],"inLanguage":"pl-PL"}]}},"_links":{"self":[{"href":"https:\/\/ironsky.pl\/sklep\/wp-json\/wp\/v2\/product\/56821","targetHints":{"allow":["GET"]}}],"collection":[{"href":"https:\/\/ironsky.pl\/sklep\/wp-json\/wp\/v2\/product"}],"about":[{"href":"https:\/\/ironsky.pl\/sklep\/wp-json\/wp\/v2\/types\/product"}],"replies":[{"embeddable":true,"href":"https:\/\/ironsky.pl\/sklep\/wp-json\/wp\/v2\/comments?post=56821"}],"wp:featuredmedia":[{"embeddable":true,"href":"https:\/\/ironsky.pl\/sklep\/wp-json\/wp\/v2\/media\/42511"}],"wp:attachment":[{"href":"https:\/\/ironsky.pl\/sklep\/wp-json\/wp\/v2\/media?parent=56821"}],"wp:term":[{"taxonomy":"product_brand","embeddable":true,"href":"https:\/\/ironsky.pl\/sklep\/wp-json\/wp\/v2\/product_brand?post=56821"},{"taxonomy":"product_cat","embeddable":true,"href":"https:\/\/ironsky.pl\/sklep\/wp-json\/wp\/v2\/product_cat?post=56821"},{"taxonomy":"product_tag","embeddable":true,"href":"https:\/\/ironsky.pl\/sklep\/wp-json\/wp\/v2\/product_tag?post=56821"}],"curies":[{"name":"wp","href":"https:\/\/api.w.org\/{rel}","templated":true}]}}