{"id":56814,"date":"2026-04-15T10:18:34","date_gmt":"2026-04-15T08:18:34","guid":{"rendered":"https:\/\/ironsky.pl\/sklep\/produkt\/kabel-hdmi-2-1-vention-aanbi-8k-60hz-4k-120hz-3m-czarny-2\/"},"modified":"2026-04-15T10:51:01","modified_gmt":"2026-04-15T08:51:01","slug":"kabel-hdmi-2-1-vention-aanbi-8k-60hz-4k-120hz-3m-czarny-2","status":"publish","type":"product","link":"https:\/\/ironsky.pl\/sklep\/produkt\/kabel-hdmi-2-1-vention-aanbi-8k-60hz-4k-120hz-3m-czarny-2\/","title":{"rendered":"Kabel HDMI 2.1 Vention AANBI, 8K 60Hz\/ 4K 120Hz, 3m (czarny)"},"content":{"rendered":"<h3>Kabel HDMI 2.1 Vention AANBI 3m (czarny)<\/h3>\n<p>Szukasz niezawodnego przewodu, kt\u00f3ry sprawdzi si\u0119 w r\u00f3\u017cnych scenariuszach? Kabel HDMI Vention b\u0119dzie idealny dla Ciebie! Zapewnia on obraz w rozdzielczo\u015bci 8K@60Hz, a tak\u017ce szerok\u0105 kompatybilno\u015b\u0107. Co wi\u0119cej, jego d\u0142ugo\u015b\u0107 wynosi 3 m, dzi\u0119ki czemu b\u0119dzie komfortowy w u\u017cytkowaniu. <\/p>\n<p><img decoding=\"async\" src=\"https:\/\/b2b.innpro.pl\/data\/include\/cms\/Vention\/AANBI\/1.jpg\" alt=\"Vention\/AANBI\/1\"><\/p>\n<h3>Doskona\u0142a jako\u015b\u0107 obrazu i nie tylko <\/h3>\n<p>Je\u015bli zale\u017cy Ci na wy\u015bwietlaniu doskona\u0142ej jako\u015bci obrazu na du\u017cym ekranie, kabel HDMI Vention b\u0119dzie idealny dla Ciebie, poniewa\u017c zapewnia on rozdzielczo\u015b\u0107 8K@60Hz. Sprawia to, \u017ce kolory b\u0119d\u0105 bardziej dynamiczne i \u017cywe. Co wi\u0119cej, obs\u0142uguje tak\u017ce technologi\u0119 obrazowania 3D, a tak\u017ce pozwala uzyska\u0107 wspania\u0142y obraz dzi\u0119ki 12-bitowej gamie kolor\u00f3w. Pozwala tak\u017ce na przesy\u0142 wysokiej jako\u015bci d\u017awi\u0119ku.<\/p>\n<p><img decoding=\"async\" src=\"https:\/\/b2b.innpro.pl\/data\/include\/cms\/Vention\/AANBI\/2.jpg\" alt=\"Vention\/AANBI\/2\"><\/p>\n<h3>Komfort u\u017cytkowania<\/h3>\n<p>Kabel HDMI wykazuje du\u017c\u0105 kompatybilno\u015b\u0107, dzi\u0119ki czemu jest przystosowany do r\u00f3\u017cnych sytuacji. B\u0119dzie dobrze wsp\u00f3\u0142pracowa\u0107 z komputerem, smart box, telewizorem, monitorem czy projektorem. Dodatkowo jego d\u0142ugo\u015b\u0107 wynosi 3 metry, co sprawia, \u017ce jest on jeszcze bardziej komfortowy w u\u017cytkowaniu.<\/p>\n<p><img decoding=\"async\" src=\"https:\/\/b2b.innpro.pl\/data\/include\/cms\/Vention\/AANBI\/3.jpg\" alt=\"Vention\/AANBI\/3\"><\/p>\n<h3>R\u00f3\u017cne tryby pracy<\/h3>\n<p>To jednak nie wszystko, co Vention ma do zaoferowania. Kabel HDMI mo\u017ce pracowa\u0107 w trybie dual screen copy, kt\u00f3ry wy\u015bwietla ten sam obraz na kilku urz\u0105dzeniach. B\u0119dzie on idealny do ogl\u0105dania film\u00f3w czy grania w gry. Co wi\u0119cej, masz mo\u017cliwo\u015b\u0107 wykorzystania tak\u017ce trybu dual screen expansion, umo\u017cliwiaj\u0105cy wy\u015bwietlania 2 r\u00f3\u017cnych obraz\u00f3w na kilku ekranach, co sprawdzi si\u0119 podczas pracy. Dodatkowo tryb multi-screen powoli na wy\u015bwietlanie wielu obraz\u00f3w na jedym urz\u0105dzeniu. Z Vention nie b\u0119dziesz mia\u0142 ju\u017c \u017cadnych ogranicze\u0144! <\/p>\n<p><img decoding=\"async\" src=\"https:\/\/b2b.innpro.pl\/data\/include\/cms\/Vention\/AANBI\/4.jpg\" alt=\"Vention\/AANBI\/4\"><\/p>\n<div class=\"table-wrapper\">\n<table>\n<tbody>\n<tr>\n<th>Producent <\/th>\n<td>Vention<\/td>\n<\/tr>\n<tr>\n<th>Model <\/th>\n<td>AANBI<\/td>\n<\/tr>\n<tr>\n<th>Kolor <\/th>\n<td>Czarny <\/td>\n<\/tr>\n<tr>\n<th>Rozdzielczo\u015b\u0107<\/th>\n<td>8K@60Hz<\/td>\n<\/tr>\n<tr>\n<th>Przesy\u0142 danych <\/th>\n<td>48 Gbps <\/td>\n<\/tr>\n<tr>\n<th>D\u0142ugo\u015b\u0107<\/th>\n<td>3 m <\/td>\n<\/tr>\n<tr>\n<th>Pow\u0142oka <\/th>\n<td>PVC<\/td>\n<\/tr>\n<tr>\n<th>Os\u0142ona <\/th>\n<td>Aluminium + metalowy oplot + GND<\/td>\n<\/tr>\n<\/tbody>\n<\/table>\n<\/div>\n","protected":false},"excerpt":{"rendered":"<p>Kabel HDMI 2.1 Vention AANBI 3m (czarny) Szukasz niezawodnego przewodu, kt\u00f3ry sprawdzi si\u0119 w r\u00f3\u017cnych scenariuszach? Kabel HDMI Vention b\u0119dzie<\/p>\n","protected":false},"featured_media":42495,"comment_status":"closed","ping_status":"open","template":"","meta":{"_acf_changed":false},"product_brand":[],"product_cat":[5929,5931,5933],"product_tag":[],"class_list":{"0":"post-56814","1":"product","2":"type-product","3":"status-publish","4":"has-post-thumbnail","6":"product_cat-akcesoria-it","7":"product_cat-kable","8":"product_cat-wideo","9":"pa_okres-gwarancji-5754","10":"pa_producent-vention","12":"first","13":"outofstock","14":"taxable","15":"shipping-taxable","16":"purchasable","17":"product-type-simple"},"acf":[],"yoast_head":"<!-- This site is optimized with the Yoast SEO plugin v27.2 - https:\/\/yoast.com\/product\/yoast-seo-wordpress\/ -->\n<title>Kabel HDMI 2.1 Vention AANBI, 8K 60Hz\/ 4K 120Hz, 3m (czarny) - IRONSKY.PL Sklep z Dronami<\/title>\n<meta name=\"description\" content=\"Kabel HDMI 2.1 Vention AANBI, 8K 60Hz\/ 4K 120Hz, 3m (czarny) - \u2705 sklep z dronami i fachowym doradztwem. \u2705 Tutaj kupisz produkty DJI, Yuneec, Parrot, Syma i wiele innych, a tak\u017ce kursy i licencje na operatora drona.\" \/>\n<meta name=\"robots\" content=\"index, follow, max-snippet:-1, max-image-preview:large, max-video-preview:-1\" \/>\n<link rel=\"canonical\" href=\"https:\/\/ironsky.pl\/sklep\/produkt\/kabel-hdmi-2-1-vention-aanbi-8k-60hz-4k-120hz-3m-czarny-2\/\" \/>\n<meta property=\"og:locale\" content=\"pl_PL\" \/>\n<meta property=\"og:type\" content=\"article\" \/>\n<meta property=\"og:title\" content=\"Kabel HDMI 2.1 Vention AANBI, 8K 60Hz\/ 4K 120Hz, 3m (czarny) - IRONSKY.PL Sklep z Dronami\" \/>\n<meta property=\"og:description\" content=\"Kabel HDMI 2.1 Vention AANBI, 8K 60Hz\/ 4K 120Hz, 3m (czarny) - \u2705 sklep z dronami i fachowym doradztwem. \u2705 Tutaj kupisz produkty DJI, Yuneec, Parrot, Syma i wiele innych, a tak\u017ce kursy i licencje na operatora drona.\" \/>\n<meta property=\"og:url\" content=\"https:\/\/ironsky.pl\/sklep\/produkt\/kabel-hdmi-2-1-vention-aanbi-8k-60hz-4k-120hz-3m-czarny-2\/\" \/>\n<meta property=\"og:site_name\" content=\"IRONSKY.PL Sklep z Dronami\" \/>\n<meta property=\"article:modified_time\" content=\"2026-04-15T08:51:01+00:00\" \/>\n<meta property=\"og:image\" content=\"https:\/\/ironsky.pl\/sklep\/wp-content\/uploads\/2025\/06\/29042_1.jpg\" \/>\n\t<meta property=\"og:image:width\" content=\"800\" \/>\n\t<meta property=\"og:image:height\" content=\"800\" \/>\n\t<meta property=\"og:image:type\" content=\"image\/jpeg\" \/>\n<meta name=\"twitter:card\" content=\"summary_large_image\" \/>\n<meta name=\"twitter:label1\" content=\"Szacowany czas czytania\" \/>\n\t<meta name=\"twitter:data1\" content=\"2 minuty\" \/>\n<script type=\"application\/ld+json\" class=\"yoast-schema-graph\">{\"@context\":\"https:\/\/schema.org\",\"@graph\":[{\"@type\":\"WebPage\",\"@id\":\"https:\/\/ironsky.pl\/sklep\/produkt\/kabel-hdmi-2-1-vention-aanbi-8k-60hz-4k-120hz-3m-czarny-2\/\",\"url\":\"https:\/\/ironsky.pl\/sklep\/produkt\/kabel-hdmi-2-1-vention-aanbi-8k-60hz-4k-120hz-3m-czarny-2\/\",\"name\":\"Kabel HDMI 2.1 Vention AANBI, 8K 60Hz\/ 4K 120Hz, 3m (czarny) - IRONSKY.PL Sklep z Dronami\",\"isPartOf\":{\"@id\":\"https:\/\/ironsky.pl\/sklep\/#website\"},\"primaryImageOfPage\":{\"@id\":\"https:\/\/ironsky.pl\/sklep\/produkt\/kabel-hdmi-2-1-vention-aanbi-8k-60hz-4k-120hz-3m-czarny-2\/#primaryimage\"},\"image\":{\"@id\":\"https:\/\/ironsky.pl\/sklep\/produkt\/kabel-hdmi-2-1-vention-aanbi-8k-60hz-4k-120hz-3m-czarny-2\/#primaryimage\"},\"thumbnailUrl\":\"https:\/\/ironsky.pl\/sklep\/wp-content\/uploads\/2025\/06\/29042_1.jpg\",\"datePublished\":\"2026-04-15T08:18:34+00:00\",\"dateModified\":\"2026-04-15T08:51:01+00:00\",\"description\":\"Kabel HDMI 2.1 Vention AANBI, 8K 60Hz\/ 4K 120Hz, 3m (czarny) - \u2705 sklep z dronami i fachowym doradztwem. \u2705 Tutaj kupisz produkty DJI, Yuneec, Parrot, Syma i wiele innych, a tak\u017ce kursy i licencje na operatora drona.\",\"breadcrumb\":{\"@id\":\"https:\/\/ironsky.pl\/sklep\/produkt\/kabel-hdmi-2-1-vention-aanbi-8k-60hz-4k-120hz-3m-czarny-2\/#breadcrumb\"},\"inLanguage\":\"pl-PL\",\"potentialAction\":[{\"@type\":\"ReadAction\",\"target\":[\"https:\/\/ironsky.pl\/sklep\/produkt\/kabel-hdmi-2-1-vention-aanbi-8k-60hz-4k-120hz-3m-czarny-2\/\"]}]},{\"@type\":\"ImageObject\",\"inLanguage\":\"pl-PL\",\"@id\":\"https:\/\/ironsky.pl\/sklep\/produkt\/kabel-hdmi-2-1-vention-aanbi-8k-60hz-4k-120hz-3m-czarny-2\/#primaryimage\",\"url\":\"https:\/\/ironsky.pl\/sklep\/wp-content\/uploads\/2025\/06\/29042_1.jpg\",\"contentUrl\":\"https:\/\/ironsky.pl\/sklep\/wp-content\/uploads\/2025\/06\/29042_1.jpg\",\"width\":800,\"height\":800},{\"@type\":\"BreadcrumbList\",\"@id\":\"https:\/\/ironsky.pl\/sklep\/produkt\/kabel-hdmi-2-1-vention-aanbi-8k-60hz-4k-120hz-3m-czarny-2\/#breadcrumb\",\"itemListElement\":[{\"@type\":\"ListItem\",\"position\":1,\"name\":\"Strona g\u0142\u00f3wna\",\"item\":\"https:\/\/ironsky.pl\/sklep\/\"},{\"@type\":\"ListItem\",\"position\":2,\"name\":\"Wszystkie produkty\",\"item\":\"https:\/\/ironsky.pl\/sklep\/produkty\/\"},{\"@type\":\"ListItem\",\"position\":3,\"name\":\"Kabel HDMI 2.1 Vention AANBI, 8K 60Hz\/ 4K 120Hz, 3m (czarny)\"}]},{\"@type\":\"WebSite\",\"@id\":\"https:\/\/ironsky.pl\/sklep\/#website\",\"url\":\"https:\/\/ironsky.pl\/sklep\/\",\"name\":\"IRONSKY.PL Sklep z Dronami\",\"description\":\"IRONSKY.PL Sklep z Dronami\",\"potentialAction\":[{\"@type\":\"SearchAction\",\"target\":{\"@type\":\"EntryPoint\",\"urlTemplate\":\"https:\/\/ironsky.pl\/sklep\/?s={search_term_string}\"},\"query-input\":{\"@type\":\"PropertyValueSpecification\",\"valueRequired\":true,\"valueName\":\"search_term_string\"}}],\"inLanguage\":\"pl-PL\"}]}<\/script>\n<!-- \/ Yoast SEO plugin. -->","yoast_head_json":{"title":"Kabel HDMI 2.1 Vention AANBI, 8K 60Hz\/ 4K 120Hz, 3m (czarny) - IRONSKY.PL Sklep z Dronami","description":"Kabel HDMI 2.1 Vention AANBI, 8K 60Hz\/ 4K 120Hz, 3m (czarny) - \u2705 sklep z dronami i fachowym doradztwem. \u2705 Tutaj kupisz produkty DJI, Yuneec, Parrot, Syma i wiele innych, a tak\u017ce kursy i licencje na operatora drona.","robots":{"index":"index","follow":"follow","max-snippet":"max-snippet:-1","max-image-preview":"max-image-preview:large","max-video-preview":"max-video-preview:-1"},"canonical":"https:\/\/ironsky.pl\/sklep\/produkt\/kabel-hdmi-2-1-vention-aanbi-8k-60hz-4k-120hz-3m-czarny-2\/","og_locale":"pl_PL","og_type":"article","og_title":"Kabel HDMI 2.1 Vention AANBI, 8K 60Hz\/ 4K 120Hz, 3m (czarny) - IRONSKY.PL Sklep z Dronami","og_description":"Kabel HDMI 2.1 Vention AANBI, 8K 60Hz\/ 4K 120Hz, 3m (czarny) - \u2705 sklep z dronami i fachowym doradztwem. \u2705 Tutaj kupisz produkty DJI, Yuneec, Parrot, Syma i wiele innych, a tak\u017ce kursy i licencje na operatora drona.","og_url":"https:\/\/ironsky.pl\/sklep\/produkt\/kabel-hdmi-2-1-vention-aanbi-8k-60hz-4k-120hz-3m-czarny-2\/","og_site_name":"IRONSKY.PL Sklep z Dronami","article_modified_time":"2026-04-15T08:51:01+00:00","og_image":[{"width":800,"height":800,"url":"https:\/\/ironsky.pl\/sklep\/wp-content\/uploads\/2025\/06\/29042_1.jpg","type":"image\/jpeg"}],"twitter_card":"summary_large_image","twitter_misc":{"Szacowany czas czytania":"2 minuty"},"schema":{"@context":"https:\/\/schema.org","@graph":[{"@type":"WebPage","@id":"https:\/\/ironsky.pl\/sklep\/produkt\/kabel-hdmi-2-1-vention-aanbi-8k-60hz-4k-120hz-3m-czarny-2\/","url":"https:\/\/ironsky.pl\/sklep\/produkt\/kabel-hdmi-2-1-vention-aanbi-8k-60hz-4k-120hz-3m-czarny-2\/","name":"Kabel HDMI 2.1 Vention AANBI, 8K 60Hz\/ 4K 120Hz, 3m (czarny) - IRONSKY.PL Sklep z Dronami","isPartOf":{"@id":"https:\/\/ironsky.pl\/sklep\/#website"},"primaryImageOfPage":{"@id":"https:\/\/ironsky.pl\/sklep\/produkt\/kabel-hdmi-2-1-vention-aanbi-8k-60hz-4k-120hz-3m-czarny-2\/#primaryimage"},"image":{"@id":"https:\/\/ironsky.pl\/sklep\/produkt\/kabel-hdmi-2-1-vention-aanbi-8k-60hz-4k-120hz-3m-czarny-2\/#primaryimage"},"thumbnailUrl":"https:\/\/ironsky.pl\/sklep\/wp-content\/uploads\/2025\/06\/29042_1.jpg","datePublished":"2026-04-15T08:18:34+00:00","dateModified":"2026-04-15T08:51:01+00:00","description":"Kabel HDMI 2.1 Vention AANBI, 8K 60Hz\/ 4K 120Hz, 3m (czarny) - \u2705 sklep z dronami i fachowym doradztwem. \u2705 Tutaj kupisz produkty DJI, Yuneec, Parrot, Syma i wiele innych, a tak\u017ce kursy i licencje na operatora drona.","breadcrumb":{"@id":"https:\/\/ironsky.pl\/sklep\/produkt\/kabel-hdmi-2-1-vention-aanbi-8k-60hz-4k-120hz-3m-czarny-2\/#breadcrumb"},"inLanguage":"pl-PL","potentialAction":[{"@type":"ReadAction","target":["https:\/\/ironsky.pl\/sklep\/produkt\/kabel-hdmi-2-1-vention-aanbi-8k-60hz-4k-120hz-3m-czarny-2\/"]}]},{"@type":"ImageObject","inLanguage":"pl-PL","@id":"https:\/\/ironsky.pl\/sklep\/produkt\/kabel-hdmi-2-1-vention-aanbi-8k-60hz-4k-120hz-3m-czarny-2\/#primaryimage","url":"https:\/\/ironsky.pl\/sklep\/wp-content\/uploads\/2025\/06\/29042_1.jpg","contentUrl":"https:\/\/ironsky.pl\/sklep\/wp-content\/uploads\/2025\/06\/29042_1.jpg","width":800,"height":800},{"@type":"BreadcrumbList","@id":"https:\/\/ironsky.pl\/sklep\/produkt\/kabel-hdmi-2-1-vention-aanbi-8k-60hz-4k-120hz-3m-czarny-2\/#breadcrumb","itemListElement":[{"@type":"ListItem","position":1,"name":"Strona g\u0142\u00f3wna","item":"https:\/\/ironsky.pl\/sklep\/"},{"@type":"ListItem","position":2,"name":"Wszystkie produkty","item":"https:\/\/ironsky.pl\/sklep\/produkty\/"},{"@type":"ListItem","position":3,"name":"Kabel HDMI 2.1 Vention AANBI, 8K 60Hz\/ 4K 120Hz, 3m (czarny)"}]},{"@type":"WebSite","@id":"https:\/\/ironsky.pl\/sklep\/#website","url":"https:\/\/ironsky.pl\/sklep\/","name":"IRONSKY.PL Sklep z Dronami","description":"IRONSKY.PL Sklep z Dronami","potentialAction":[{"@type":"SearchAction","target":{"@type":"EntryPoint","urlTemplate":"https:\/\/ironsky.pl\/sklep\/?s={search_term_string}"},"query-input":{"@type":"PropertyValueSpecification","valueRequired":true,"valueName":"search_term_string"}}],"inLanguage":"pl-PL"}]}},"_links":{"self":[{"href":"https:\/\/ironsky.pl\/sklep\/wp-json\/wp\/v2\/product\/56814","targetHints":{"allow":["GET"]}}],"collection":[{"href":"https:\/\/ironsky.pl\/sklep\/wp-json\/wp\/v2\/product"}],"about":[{"href":"https:\/\/ironsky.pl\/sklep\/wp-json\/wp\/v2\/types\/product"}],"replies":[{"embeddable":true,"href":"https:\/\/ironsky.pl\/sklep\/wp-json\/wp\/v2\/comments?post=56814"}],"wp:featuredmedia":[{"embeddable":true,"href":"https:\/\/ironsky.pl\/sklep\/wp-json\/wp\/v2\/media\/42495"}],"wp:attachment":[{"href":"https:\/\/ironsky.pl\/sklep\/wp-json\/wp\/v2\/media?parent=56814"}],"wp:term":[{"taxonomy":"product_brand","embeddable":true,"href":"https:\/\/ironsky.pl\/sklep\/wp-json\/wp\/v2\/product_brand?post=56814"},{"taxonomy":"product_cat","embeddable":true,"href":"https:\/\/ironsky.pl\/sklep\/wp-json\/wp\/v2\/product_cat?post=56814"},{"taxonomy":"product_tag","embeddable":true,"href":"https:\/\/ironsky.pl\/sklep\/wp-json\/wp\/v2\/product_tag?post=56814"}],"curies":[{"name":"wp","href":"https:\/\/api.w.org\/{rel}","templated":true}]}}