{"id":56813,"date":"2026-04-15T10:18:34","date_gmt":"2026-04-15T08:18:34","guid":{"rendered":"https:\/\/ironsky.pl\/sklep\/produkt\/lampa-kempingowa-superfire-t26-s-500lm-solarna-2\/"},"modified":"2026-04-15T10:51:00","modified_gmt":"2026-04-15T08:51:00","slug":"lampa-kempingowa-superfire-t26-s-500lm-solarna-2","status":"publish","type":"product","link":"https:\/\/ironsky.pl\/sklep\/produkt\/lampa-kempingowa-superfire-t26-s-500lm-solarna-2\/","title":{"rendered":"Lampa kempingowa SUPERFIRE T26-S 500lm solarna"},"content":{"rendered":"<h3>Lampa kempingowa Superfire T26-S, 500 lm, solarna, 18W, 3 tryby<\/h3>\n<p>Wybierasz si\u0119 na biwak lub na ryby? Zapewnij sobie niezawodne \u017ar\u00f3d\u0142o \u015bwiat\u0142a! Lampa kempingowa Superfire T26-S wyr\u00f3\u017cnia si\u0119 jasno\u015bci\u0105 si\u0119gaj\u0105c\u0105 500 lm i pozwala wybiera\u0107 spo\u015br\u00f3d 3 tryb\u00f3w \u015bwiecenia. Jej czas pracy wynosi oko\u0142o 6,5 godziny, a dzi\u0119ki lekkiej, przeno\u015bnej konstrukcji mo\u017cesz mie\u0107 j\u0105 zawsze pod r\u0119k\u0105. Co wi\u0119cej, urz\u0105dzenie \u0142aduje si\u0119 na 2 sposoby \u2013 za pomoc\u0105 kabla micro USB (Universal Serial Bus, standard interfejsu stosowany do \u0142adowania lubi zasilania urz\u0105dze\u0144 elektronicznych, a tak\u017ce do przesy\u0142ania danych) lub wbudowanego panelu s\u0142onecznego, a indykator \u015bwietlny poinformuje Ci\u0119 o procesie \u0142adowania lampki (niebieski migocz\u0105cy oznacza \u0142adowanie, niebieski sta\u0142y oznacza zako\u0144czenie \u0142adowania). Mo\u017cliwo\u015b\u0107 korzystania z lampki podczas \u0142adowania to kolejny atut akcesorium.<\/p>\n<p>\n<img decoding=\"async\" src=\"https:\/\/assets.innpro.pl\/14078\/17568\/7.jpg\" border=\"0\" alt=\"Lampa Superfire T26-S, w tle znajduje si\u0119 para korzystaj\u0105ca z laptopa.\" \/>\n<\/p>\n<h3>Niezawodne \u017ar\u00f3d\u0142o \u015bwiat\u0142a \u2013 3 tryby do wyboru<\/h3>\n<p>Lampa wykorzystuje a\u017c 36 energooszcz\u0119dnych i przyjaznych dla \u015brodowiska diod, dzi\u0119ki czemu mo\u017ce zapewni\u0107 jasne, bezpieczne dla wzroku \u015bwiat\u0142o. Jej moc si\u0119ga 18 W, a jasno\u015b\u0107 wynosi do 500 lm. Do dyspozycji masz tak\u017ce 3 tryby \u015bwiecenia \u2013 High Light, Low Light oraz Strobe. Dzi\u0119ki temu bez problemu dostosujesz dzia\u0142anie urz\u0105dzenia do swoich potrzeb. Prze\u0142\u0105czanie si\u0119 mi\u0119dzy trybami jest bardzo proste! Naci\u015bnij przycisk prze\u0142\u0105cznika, aby w\u0142\u0105czy\u0107 tryb High Light, a nast\u0119pnie naciskaj przycisk regulacji, aby prze\u0142\u0105cza\u0107 si\u0119 mi\u0119dzy poziomami.<\/p>\n<p>\n<img decoding=\"async\" src=\"https:\/\/assets.innpro.pl\/14078\/17568\/4.jpg\" border=\"0\" alt=\"Wizualizacja przedstawiaj\u0105ca trzy tryby \u015bwiecenia lapmy Superfire T26-S. Obok znajduje si\u0119 namiot, w kt\u00f3rym siedzi dw\u00f3jka dzieci.\" \/>\n<\/p>\n<h3>D\u0142ugi czas pracy \u2013 2 sposoby \u0142adowania<\/h3>\n<p>Miej pewno\u015b\u0107, \u017ce Twoja lampa nie odm\u00f3wi Ci pos\u0142usze\u0144stwa w najmniej odpowiednim momencie. Model T26-S zosta\u0142 wyposa\u017cony w wydajny akumulator o pojemno\u015bci 4800 mAh, kt\u00f3ry zapewnia czas pracy si\u0119gaj\u0105cy 6,5 godziny. Mo\u017cesz na\u0142adowa\u0107 go na 2 sposoby \u2013 przy u\u017cyciu kabla micro USB lub za pomoc\u0105 ekologicznej energii s\u0142onecznej \u2013 urz\u0105dzenie ma wbudowany niewielki krzemowy panel fotowoltaiczny, kt\u00f3ry zapewnia sta\u0142y dop\u0142yw energii elektrycznej. <\/p>\n<p>\n<img decoding=\"async\" src=\"https:\/\/assets.innpro.pl\/14078\/17568\/8.jpg\" border=\"0\" alt=\"Grafika przedstawiaj\u0105ca dwie metody \u0142adowania lampy Superfire T26-S - przez USB lub panel fotowoltaiczny.\" \/>\n<\/p>\n<h3>Przemy\u015blana konstrukcja<\/h3>\n<p>Lampa kempingowa T26-S jest wyj\u0105tkowo lekka i przeno\u015bna \u2013 mo\u017ce Ci towarzyszy\u0107 niemal wsz\u0119dzie. Nie zajmie zbyt wiele miejsca w Twoim plecaku lub torbie podr\u00f3\u017cnej! Doskonale sprawdzi si\u0119 na kempingu i nie tylko. Jej dodatkowym atutem jest specjalny haczyk, za pomoc\u0105 kt\u00f3rego mo\u017cesz na przyk\u0142ad powiesi\u0107 j\u0105 na drzewie lub w namiocie. Urz\u0105dzenie ma tak\u017ce wbudowany wy\u015bwietlacz, kt\u00f3ry dostarczy Ci informacji o jego statusie \u0142adowania.<\/p>\n<p>\n<img decoding=\"async\" src=\"https:\/\/assets.innpro.pl\/14078\/17568\/3.jpg\" border=\"0\" alt=\"D\u0142o\u0144 trzymaj\u0105ca zawieszk\u0119 lampy Superfire T26-S, obok znajduje si\u0119 ten sam model, ale zawieszony na drzewie.\" \/>\n<\/p>\n<h3>Wiele zastosowa\u0144<\/h3>\n<p>Postaw na uniwersalne rozwi\u0105zania. Lampa wyr\u00f3\u017cnia si\u0119 k\u0105tem \u015bwiecenia 360\u00b0, dzi\u0119ki czemu \u015bwietnie sprawdzi si\u0119 w r\u00f3\u017cnych zastosowaniach. Je\u015bli chcesz, zabierz j\u0105 na kemping lub na ryby, z powodzeniem wykorzystasz j\u0105 tak\u017ce w sytuacjach awaryjnych, na przyk\u0142ad gdy zabraknie pr\u0105du lub konieczna b\u0119dzie drobna naprawa samochodu. Urz\u0105dzenie mo\u017ce te\u017c pe\u0142ni\u0107 rol\u0119 lampki nocnej. Za jego pomoc\u0105 mo\u017cesz r\u00f3wnie\u017c o\u015bwietli\u0107 ogr\u00f3d.<\/p>\n<p>\n<img decoding=\"async\" src=\"https:\/\/assets.innpro.pl\/14078\/17568\/1.jpg\" border=\"0\" alt=\"Lampa Superfire T26-S pokazana w czterech r\u00f3\u017cnych scenariuszach - w sypialni, na tarasie, podczas naprawy samochodu, w trakcie \u0142owienia ryb.\" \/>\n<\/p>\n<div class=\"table-wrapper\">\n<p>\u00a0<\/p>\n<h3><\/h3>\n<table>\n<tbody>\n<tr>\n<th>Producent <\/th>\n<td>SuperFire<\/td>\n<\/tr>\n<tr>\n<th>Model <\/th>\n<td>T26-S<\/td>\n<\/tr>\n<tr>\n<th>Jasno\u015b\u0107 <\/th>\n<td>500 lm<\/td>\n<\/tr>\n<tr>\n<th>Pojemno\u015b\u0107 akumulatora <\/th>\n<td>4 x 1200 mAh<\/td>\n<\/tr>\n<tr>\n<th>Czas pracy <\/th>\n<td>Ok. 6,5 h<\/td>\n<\/tr>\n<tr>\n<th>Port \u0142adowania <\/th>\n<td>Micro USB<\/td>\n<\/tr>\n<tr>\n<th>Zasi\u0119g <\/th>\n<td>Do 25 m2<\/td>\n<\/tr>\n<tr>\n<th>Materia\u0142 <\/th>\n<td>PC + ABS<\/td>\n<\/tr>\n<tr>\n<th>Tryby <\/th>\n<td>3 (High Light, Low Light, Strobe)<\/td>\n<\/tr>\n<tr>\n<th>Moc<\/th>\n<td>18 W<\/td>\n<\/tr>\n<\/tbody>\n<\/table>\n<\/div>\n","protected":false},"excerpt":{"rendered":"<p>Lampa kempingowa Superfire T26-S, 500 lm, solarna, 18W, 3 tryby Wybierasz si\u0119 na biwak lub na ryby? Zapewnij sobie niezawodne<\/p>\n","protected":false},"featured_media":42492,"comment_status":"closed","ping_status":"open","template":"","meta":{"_acf_changed":false},"product_brand":[],"product_cat":[5947,5946,5937],"product_tag":[],"class_list":{"0":"post-56813","1":"product","2":"type-product","3":"status-publish","4":"has-post-thumbnail","6":"product_cat-lampy-kempingowe","7":"product_cat-oswietlenie","8":"product_cat-outdoor","9":"pa_okres-gwarancji-5754","10":"pa_producent-superfire","12":"first","13":"outofstock","14":"taxable","15":"shipping-taxable","16":"purchasable","17":"product-type-simple"},"acf":[],"yoast_head":"<!-- This site is optimized with the Yoast SEO plugin v27.2 - https:\/\/yoast.com\/product\/yoast-seo-wordpress\/ -->\n<title>Lampa kempingowa SUPERFIRE T26-S 500lm solarna - IRONSKY.PL Sklep z Dronami<\/title>\n<meta name=\"description\" content=\"Lampa kempingowa SUPERFIRE T26-S 500lm solarna - \u2705 sklep z dronami i fachowym doradztwem. \u2705 Tutaj kupisz produkty DJI, Yuneec, Parrot, Syma i wiele innych, a tak\u017ce kursy i licencje na operatora drona.\" \/>\n<meta name=\"robots\" content=\"index, follow, max-snippet:-1, max-image-preview:large, max-video-preview:-1\" \/>\n<link rel=\"canonical\" href=\"https:\/\/ironsky.pl\/sklep\/produkt\/lampa-kempingowa-superfire-t26-s-500lm-solarna-2\/\" \/>\n<meta property=\"og:locale\" content=\"pl_PL\" \/>\n<meta property=\"og:type\" content=\"article\" \/>\n<meta property=\"og:title\" content=\"Lampa kempingowa SUPERFIRE T26-S 500lm solarna - IRONSKY.PL Sklep z Dronami\" \/>\n<meta property=\"og:description\" content=\"Lampa kempingowa SUPERFIRE T26-S 500lm solarna - \u2705 sklep z dronami i fachowym doradztwem. \u2705 Tutaj kupisz produkty DJI, Yuneec, Parrot, Syma i wiele innych, a tak\u017ce kursy i licencje na operatora drona.\" \/>\n<meta property=\"og:url\" content=\"https:\/\/ironsky.pl\/sklep\/produkt\/lampa-kempingowa-superfire-t26-s-500lm-solarna-2\/\" \/>\n<meta property=\"og:site_name\" content=\"IRONSKY.PL Sklep z Dronami\" \/>\n<meta property=\"article:modified_time\" content=\"2026-04-15T08:51:00+00:00\" \/>\n<meta property=\"og:image\" content=\"https:\/\/ironsky.pl\/sklep\/wp-content\/uploads\/2025\/06\/28985_1.jpg\" \/>\n\t<meta property=\"og:image:width\" content=\"800\" \/>\n\t<meta property=\"og:image:height\" content=\"800\" \/>\n\t<meta property=\"og:image:type\" content=\"image\/jpeg\" \/>\n<meta name=\"twitter:card\" content=\"summary_large_image\" \/>\n<meta name=\"twitter:label1\" content=\"Szacowany czas czytania\" \/>\n\t<meta name=\"twitter:data1\" content=\"3 minuty\" \/>\n<script type=\"application\/ld+json\" class=\"yoast-schema-graph\">{\"@context\":\"https:\/\/schema.org\",\"@graph\":[{\"@type\":\"WebPage\",\"@id\":\"https:\/\/ironsky.pl\/sklep\/produkt\/lampa-kempingowa-superfire-t26-s-500lm-solarna-2\/\",\"url\":\"https:\/\/ironsky.pl\/sklep\/produkt\/lampa-kempingowa-superfire-t26-s-500lm-solarna-2\/\",\"name\":\"Lampa kempingowa SUPERFIRE T26-S 500lm solarna - IRONSKY.PL Sklep z Dronami\",\"isPartOf\":{\"@id\":\"https:\/\/ironsky.pl\/sklep\/#website\"},\"primaryImageOfPage\":{\"@id\":\"https:\/\/ironsky.pl\/sklep\/produkt\/lampa-kempingowa-superfire-t26-s-500lm-solarna-2\/#primaryimage\"},\"image\":{\"@id\":\"https:\/\/ironsky.pl\/sklep\/produkt\/lampa-kempingowa-superfire-t26-s-500lm-solarna-2\/#primaryimage\"},\"thumbnailUrl\":\"https:\/\/ironsky.pl\/sklep\/wp-content\/uploads\/2025\/06\/28985_1.jpg\",\"datePublished\":\"2026-04-15T08:18:34+00:00\",\"dateModified\":\"2026-04-15T08:51:00+00:00\",\"description\":\"Lampa kempingowa SUPERFIRE T26-S 500lm solarna - \u2705 sklep z dronami i fachowym doradztwem. \u2705 Tutaj kupisz produkty DJI, Yuneec, Parrot, Syma i wiele innych, a tak\u017ce kursy i licencje na operatora drona.\",\"breadcrumb\":{\"@id\":\"https:\/\/ironsky.pl\/sklep\/produkt\/lampa-kempingowa-superfire-t26-s-500lm-solarna-2\/#breadcrumb\"},\"inLanguage\":\"pl-PL\",\"potentialAction\":[{\"@type\":\"ReadAction\",\"target\":[\"https:\/\/ironsky.pl\/sklep\/produkt\/lampa-kempingowa-superfire-t26-s-500lm-solarna-2\/\"]}]},{\"@type\":\"ImageObject\",\"inLanguage\":\"pl-PL\",\"@id\":\"https:\/\/ironsky.pl\/sklep\/produkt\/lampa-kempingowa-superfire-t26-s-500lm-solarna-2\/#primaryimage\",\"url\":\"https:\/\/ironsky.pl\/sklep\/wp-content\/uploads\/2025\/06\/28985_1.jpg\",\"contentUrl\":\"https:\/\/ironsky.pl\/sklep\/wp-content\/uploads\/2025\/06\/28985_1.jpg\",\"width\":800,\"height\":800},{\"@type\":\"BreadcrumbList\",\"@id\":\"https:\/\/ironsky.pl\/sklep\/produkt\/lampa-kempingowa-superfire-t26-s-500lm-solarna-2\/#breadcrumb\",\"itemListElement\":[{\"@type\":\"ListItem\",\"position\":1,\"name\":\"Strona g\u0142\u00f3wna\",\"item\":\"https:\/\/ironsky.pl\/sklep\/\"},{\"@type\":\"ListItem\",\"position\":2,\"name\":\"Wszystkie produkty\",\"item\":\"https:\/\/ironsky.pl\/sklep\/produkty\/\"},{\"@type\":\"ListItem\",\"position\":3,\"name\":\"Lampa kempingowa SUPERFIRE T26-S 500lm solarna\"}]},{\"@type\":\"WebSite\",\"@id\":\"https:\/\/ironsky.pl\/sklep\/#website\",\"url\":\"https:\/\/ironsky.pl\/sklep\/\",\"name\":\"IRONSKY.PL Sklep z Dronami\",\"description\":\"IRONSKY.PL Sklep z Dronami\",\"potentialAction\":[{\"@type\":\"SearchAction\",\"target\":{\"@type\":\"EntryPoint\",\"urlTemplate\":\"https:\/\/ironsky.pl\/sklep\/?s={search_term_string}\"},\"query-input\":{\"@type\":\"PropertyValueSpecification\",\"valueRequired\":true,\"valueName\":\"search_term_string\"}}],\"inLanguage\":\"pl-PL\"}]}<\/script>\n<!-- \/ Yoast SEO plugin. -->","yoast_head_json":{"title":"Lampa kempingowa SUPERFIRE T26-S 500lm solarna - IRONSKY.PL Sklep z Dronami","description":"Lampa kempingowa SUPERFIRE T26-S 500lm solarna - \u2705 sklep z dronami i fachowym doradztwem. \u2705 Tutaj kupisz produkty DJI, Yuneec, Parrot, Syma i wiele innych, a tak\u017ce kursy i licencje na operatora drona.","robots":{"index":"index","follow":"follow","max-snippet":"max-snippet:-1","max-image-preview":"max-image-preview:large","max-video-preview":"max-video-preview:-1"},"canonical":"https:\/\/ironsky.pl\/sklep\/produkt\/lampa-kempingowa-superfire-t26-s-500lm-solarna-2\/","og_locale":"pl_PL","og_type":"article","og_title":"Lampa kempingowa SUPERFIRE T26-S 500lm solarna - IRONSKY.PL Sklep z Dronami","og_description":"Lampa kempingowa SUPERFIRE T26-S 500lm solarna - \u2705 sklep z dronami i fachowym doradztwem. \u2705 Tutaj kupisz produkty DJI, Yuneec, Parrot, Syma i wiele innych, a tak\u017ce kursy i licencje na operatora drona.","og_url":"https:\/\/ironsky.pl\/sklep\/produkt\/lampa-kempingowa-superfire-t26-s-500lm-solarna-2\/","og_site_name":"IRONSKY.PL Sklep z Dronami","article_modified_time":"2026-04-15T08:51:00+00:00","og_image":[{"width":800,"height":800,"url":"https:\/\/ironsky.pl\/sklep\/wp-content\/uploads\/2025\/06\/28985_1.jpg","type":"image\/jpeg"}],"twitter_card":"summary_large_image","twitter_misc":{"Szacowany czas czytania":"3 minuty"},"schema":{"@context":"https:\/\/schema.org","@graph":[{"@type":"WebPage","@id":"https:\/\/ironsky.pl\/sklep\/produkt\/lampa-kempingowa-superfire-t26-s-500lm-solarna-2\/","url":"https:\/\/ironsky.pl\/sklep\/produkt\/lampa-kempingowa-superfire-t26-s-500lm-solarna-2\/","name":"Lampa kempingowa SUPERFIRE T26-S 500lm solarna - IRONSKY.PL Sklep z Dronami","isPartOf":{"@id":"https:\/\/ironsky.pl\/sklep\/#website"},"primaryImageOfPage":{"@id":"https:\/\/ironsky.pl\/sklep\/produkt\/lampa-kempingowa-superfire-t26-s-500lm-solarna-2\/#primaryimage"},"image":{"@id":"https:\/\/ironsky.pl\/sklep\/produkt\/lampa-kempingowa-superfire-t26-s-500lm-solarna-2\/#primaryimage"},"thumbnailUrl":"https:\/\/ironsky.pl\/sklep\/wp-content\/uploads\/2025\/06\/28985_1.jpg","datePublished":"2026-04-15T08:18:34+00:00","dateModified":"2026-04-15T08:51:00+00:00","description":"Lampa kempingowa SUPERFIRE T26-S 500lm solarna - \u2705 sklep z dronami i fachowym doradztwem. \u2705 Tutaj kupisz produkty DJI, Yuneec, Parrot, Syma i wiele innych, a tak\u017ce kursy i licencje na operatora drona.","breadcrumb":{"@id":"https:\/\/ironsky.pl\/sklep\/produkt\/lampa-kempingowa-superfire-t26-s-500lm-solarna-2\/#breadcrumb"},"inLanguage":"pl-PL","potentialAction":[{"@type":"ReadAction","target":["https:\/\/ironsky.pl\/sklep\/produkt\/lampa-kempingowa-superfire-t26-s-500lm-solarna-2\/"]}]},{"@type":"ImageObject","inLanguage":"pl-PL","@id":"https:\/\/ironsky.pl\/sklep\/produkt\/lampa-kempingowa-superfire-t26-s-500lm-solarna-2\/#primaryimage","url":"https:\/\/ironsky.pl\/sklep\/wp-content\/uploads\/2025\/06\/28985_1.jpg","contentUrl":"https:\/\/ironsky.pl\/sklep\/wp-content\/uploads\/2025\/06\/28985_1.jpg","width":800,"height":800},{"@type":"BreadcrumbList","@id":"https:\/\/ironsky.pl\/sklep\/produkt\/lampa-kempingowa-superfire-t26-s-500lm-solarna-2\/#breadcrumb","itemListElement":[{"@type":"ListItem","position":1,"name":"Strona g\u0142\u00f3wna","item":"https:\/\/ironsky.pl\/sklep\/"},{"@type":"ListItem","position":2,"name":"Wszystkie produkty","item":"https:\/\/ironsky.pl\/sklep\/produkty\/"},{"@type":"ListItem","position":3,"name":"Lampa kempingowa SUPERFIRE T26-S 500lm solarna"}]},{"@type":"WebSite","@id":"https:\/\/ironsky.pl\/sklep\/#website","url":"https:\/\/ironsky.pl\/sklep\/","name":"IRONSKY.PL Sklep z Dronami","description":"IRONSKY.PL Sklep z Dronami","potentialAction":[{"@type":"SearchAction","target":{"@type":"EntryPoint","urlTemplate":"https:\/\/ironsky.pl\/sklep\/?s={search_term_string}"},"query-input":{"@type":"PropertyValueSpecification","valueRequired":true,"valueName":"search_term_string"}}],"inLanguage":"pl-PL"}]}},"_links":{"self":[{"href":"https:\/\/ironsky.pl\/sklep\/wp-json\/wp\/v2\/product\/56813","targetHints":{"allow":["GET"]}}],"collection":[{"href":"https:\/\/ironsky.pl\/sklep\/wp-json\/wp\/v2\/product"}],"about":[{"href":"https:\/\/ironsky.pl\/sklep\/wp-json\/wp\/v2\/types\/product"}],"replies":[{"embeddable":true,"href":"https:\/\/ironsky.pl\/sklep\/wp-json\/wp\/v2\/comments?post=56813"}],"wp:featuredmedia":[{"embeddable":true,"href":"https:\/\/ironsky.pl\/sklep\/wp-json\/wp\/v2\/media\/42492"}],"wp:attachment":[{"href":"https:\/\/ironsky.pl\/sklep\/wp-json\/wp\/v2\/media?parent=56813"}],"wp:term":[{"taxonomy":"product_brand","embeddable":true,"href":"https:\/\/ironsky.pl\/sklep\/wp-json\/wp\/v2\/product_brand?post=56813"},{"taxonomy":"product_cat","embeddable":true,"href":"https:\/\/ironsky.pl\/sklep\/wp-json\/wp\/v2\/product_cat?post=56813"},{"taxonomy":"product_tag","embeddable":true,"href":"https:\/\/ironsky.pl\/sklep\/wp-json\/wp\/v2\/product_tag?post=56813"}],"curies":[{"name":"wp","href":"https:\/\/api.w.org\/{rel}","templated":true}]}}