{"id":56810,"date":"2026-04-15T10:18:34","date_gmt":"2026-04-15T08:18:34","guid":{"rendered":"https:\/\/ironsky.pl\/sklep\/produkt\/ladowarka-skyrc-nc2500-pro-aa-aaa-6-slotowa\/"},"modified":"2026-04-15T10:18:56","modified_gmt":"2026-04-15T08:18:56","slug":"ladowarka-skyrc-nc2500-pro-aa-aaa-6-slotowa","status":"publish","type":"product","link":"https:\/\/ironsky.pl\/sklep\/produkt\/ladowarka-skyrc-nc2500-pro-aa-aaa-6-slotowa\/","title":{"rendered":"\u0141adowarka SKYRC NC2500 Pro AA\/AAA 6-slotowa"},"content":{"rendered":"<h3>\u0141adowarka SkyRC NC2500 Pro AA \/ AAA<\/h3>\n<p>\u0141adowarka SkyRC NC2500 Pro pozwala nie tylko na \u0142adowanie akumulator\u00f3w AA i AAA, ale te\u017c na ich regeneracj\u0119. Urz\u0105dzenie oferuje kilka r\u00f3\u017cnych tryb\u00f3w pracy, a jego dodatkowym atutem jest funkcja run-in umo\u017cliwiaj\u0105ca\u00a0docieranie silnik\u00f3w modelarskich,\u00a0kt\u00f3re nie by\u0142y u\u017cywane przez d\u0142u\u017cszy czas. Do dyspozycji masz tak\u017ce port USB, kt\u00f3ry obs\u0142uguje szybkie \u0142adowanie QC 3.0. \u0141adowarka zosta\u0142a wyposa\u017cona w 6 slot\u00f3w na akumulatory.<\/p>\n<p><img decoding=\"async\" src=\"https:\/\/b2b.innpro.pl\/data\/include\/cms\/SkyRC\/NC2500-Pro-charger\/3.jpg\"><\/p>\n<h3>A\u017c 4 dost\u0119pne funkcje<\/h3>\n<p>Model NC2500 Pro oferuje a\u017c 4 tryby pracy. Dzi\u0119ki temu mo\u017cesz nie tylko na\u0142adowa\u0107 wybrane akumulatory, ale te\u017c je roz\u0142adowa\u0107 lub zregenerowa\u0107. W ten spos\u00f3b wyd\u0142u\u017cysz ich \u017cywotno\u015b\u0107! Dost\u0119pna jest r\u00f3wnie\u017c funkcja brake-in. Wszystko to pozwoli Ci zoptymalizowa\u0107 prac\u0119 akumulator\u00f3w, zadba\u0107 o ich kondycj\u0119, a nawet ochroni\u0107 je przed zu\u017cyciem czy uszkodzeniem!<\/p>\n<p><img decoding=\"async\" src=\"https:\/\/b2b.innpro.pl\/data\/include\/cms\/SkyRC\/NC2500-Pro-charger\/5.jpg\"><\/p>\n<h3>\u0141aduj 6 akumulator\u00f3w jednocze\u015bnie<\/h3>\n<p>Za pomoc\u0105 NC2500 Pro mo\u017cesz \u0142adowa\u0107 nawet 6 akumulator\u00f3w jednocze\u015bnie. Urz\u0105dzenie zosta\u0142o wyposa\u017cone w 6 slot\u00f3w i oferuje maksymalne nat\u0119\u017cenie na poziomie 2,5 A. \u0141adowarka oferuje tak\u017ce specjalny tryb Step Charging, kt\u00f3ry umo\u017cliwia dostosowanie nat\u0119\u017cenia do kolejnych etap\u00f3w \u0142adowania. Dzi\u0119ki temu mo\u017cesz jeszcze lepiej zadba\u0107 o kondycj\u0119 akumulator\u00f3w i cieszy\u0107 si\u0119 ich optymaln\u0105 wydajno\u015bci\u0105!<\/p>\n<p><img decoding=\"async\" src=\"https:\/\/b2b.innpro.pl\/data\/include\/cms\/SkyRC\/NC2500-Pro-charger\/1.jpg\"><\/p>\n<h3>Prosta obs\u0142uga<\/h3>\n<p>Wygodn\u0105 obs\u0142ug\u0119 urz\u0105dzenia umo\u017cliwia specjalne pokr\u0119t\u0142o. \u0141adowarka zosta\u0142a te\u017c wyposa\u017cona w czytelny wy\u015bwietlacz, dzi\u0119ki kt\u00f3remu mo\u017cesz w ka\u017cdej chwili sprawdzi\u0107 aktualne nat\u0119\u017cenie, napi\u0119cie i pojemno\u015b\u0107 dla ka\u017cdego kana\u0142u. Na ekranie znajdziesz tak\u017ce informacje dotycz\u0105ce aktualnego trybu pracy i up\u0142ywu czasu. Wystarczy rzuci\u0107 okiem!<\/p>\n<p><img decoding=\"async\" src=\"https:\/\/b2b.innpro.pl\/data\/include\/cms\/SkyRC\/NC2500-Pro-charger\/4.jpg\"><\/p>\n<h3>Skuteczna ochrona przed przegrzaniem<\/h3>\n<p>Nie obawiaj si\u0119, \u017ce Tw\u00f3j akumulator nadmiernie si\u0119 nagrzeje i zostanie uszkodzony. \u0141adowarka wykorzystuje innowacyjny algorytm FlexiPulse, kt\u00f3ry zapobiega podobnym problemom! Gdy urz\u0105dzenie wykryje, \u017ce podczas \u0142adowania wewn\u0119trzny op\u00f3r ogniwa wzrasta powy\u017cej okre\u015blonego poziomu, automatycznie zmniejszy nat\u0119\u017cenie, aby utrzyma\u0107 w\u0142a\u015bciw\u0105 temperatur\u0119. W ten spos\u00f3b ochroni akumulator przed przegrzaniem!<\/p>\n<p><img decoding=\"async\" src=\"https:\/\/b2b.innpro.pl\/data\/include\/cms\/SkyRC\/NC2500-Pro-charger\/6.jpg\"><\/p>\n<h3>Funkcja run-in<\/h3>\n<p>NC2500 Pro to co\u015b wi\u0119cej ni\u017c \u0142adowarka. Urz\u0105dzenie oferuje dodatkow\u0105 funkcj\u0119 run-in.\u00a0Umo\u017cliwia ona docieranie silnik\u00f3w modelarskich, kt\u00f3re nie by\u0142y u\u017cywane przez d\u0142u\u017cszy czas. W ten spos\u00f3b przygotujesz je do kolejnych wy\u015bcig\u00f3w i zyskasz pewno\u015b\u0107, \u017ce Ci\u0119 nie zawiod\u0105! Postaw na sprawdzone rozwi\u0105zania i osi\u0105gaj coraz lepsze wyniki.<\/p>\n<p><img decoding=\"async\" src=\"https:\/\/b2b.innpro.pl\/data\/include\/cms\/SkyRC\/NC2500-Pro-charger\/2.jpg\"><\/p>\n<h3>Dodatkowy port USB \u2013 szybkie \u0142adowanie<\/h3>\n<p>Za pomoc\u0105 \u0142adowarki NC2500 Pro mo\u017cesz te\u017c w kr\u00f3tkim czasie na\u0142adowa\u0107 sw\u00f3j telefon. Urz\u0105dzenie zosta\u0142o wyposa\u017cone w dodatkowy port USB i obs\u0142uguje szybkie \u0142adowanie QC2.0 \/ QC3.0. Zapewnia te\u017c napi\u0119cie i nat\u0119\u017cenie na poziomie 5 V \/ 3 A i 9 V \/ 2 A. Dzi\u0119ki temu \u0142adowarka doskonale sprawdzi si\u0119 w r\u00f3\u017cnych scenariuszach. Ju\u017c nie musisz zbyt d\u0142ugo czeka\u0107, a\u017c Tw\u00f3j smartfon b\u0119dzie gotowy do pracy!<\/p>\n<p><img decoding=\"async\" src=\"https:\/\/b2b.innpro.pl\/data\/include\/cms\/SkyRC\/NC2500-Pro-charger\/7.jpg\"><\/p>\n<div class=\"table-wrapper\">\n<table>\n<tbody>\n<tr>\n<th>Producent<\/th>\n<td>SkyRC<\/td>\n<\/tr>\n<tr>\n<th>Model<\/th>\n<td>NC2500 Pro<\/td>\n<\/tr>\n<tr>\n<th>Wej\u015bcie<\/th>\n<td>DC 12 V \/ 3 A<\/td>\n<\/tr>\n<tr>\n<th>Rodzaj akumulatora<\/th>\n<td>NiMH \/ NiCD<\/td>\n<\/tr>\n<tr>\n<th>Rozmiar akumulatora<\/th>\n<td>AA \/ AAA<\/td>\n<\/tr>\n<tr>\n<th>Nat\u0119\u017cenie \u0142adowania<\/th>\n<td>0,1-2,5 A<\/td>\n<\/tr>\n<tr>\n<th>Nat\u0119\u017cenie roz\u0142adowywania<\/th>\n<td>0,1-1,5 A<\/td>\n<\/tr>\n<tr>\n<th>Napi\u0119cie odci\u0119cia podczas roz\u0142adowywania<\/th>\n<td>0,8-1,0 V (mo\u017cliwo\u015b\u0107 regulacji)<\/td>\n<\/tr>\n<tr>\n<th>Wyj\u015bcie USB<\/th>\n<td>QC3.0 5 V \/ 3 A, 9 V \/ 2 A, 18 W maks. \u00b15% &#8211; \u25b3V: 1-8 mV (mo\u017cliwo\u015b\u0107 regulacji)<\/td>\n<\/tr>\n<tr>\n<th>Nat\u0119\u017cenie pr\u0105du (trickle)<\/th>\n<td>30-99 mA \/ OFF<\/td>\n<\/tr>\n<tr>\n<th>Ochrona przed temperatur\u0105<\/th>\n<td>55-65\u00b0C (mo\u017cliwo\u015b\u0107 regulacji)<\/td>\n<\/tr>\n<tr>\n<th>Temperatura pracy<\/th>\n<td>Od 0\u00b0C do 40\u00b0C<\/td>\n<\/tr>\n<tr>\n<th>Wilgotno\u015b\u0107 otoczenia podczas pracy<\/th>\n<td>0-75%<\/td>\n<\/tr>\n<tr>\n<th>Temperatura przechowywania<\/th>\n<td>Od -10\u00b0C do 70\u00b0C<\/td>\n<\/tr>\n<tr>\n<th>Wilgotno\u015b\u0107 otoczenia podczas przechowywania<\/th>\n<td>0-75%<\/td>\n<\/tr>\n<tr>\n<th>Wy\u015bwietlacz<\/th>\n<td>LCD<\/td>\n<\/tr>\n<tr>\n<th>Wymiary<\/th>\n<td>148 x 135 x 65 mm<\/td>\n<\/tr>\n<tr>\n<th>Waga<\/th>\n<td>600 g<\/td>\n<\/tr>\n<\/tbody>\n<\/table>\n<\/div>\n","protected":false},"excerpt":{"rendered":"<p>\u0141adowarka SkyRC NC2500 Pro AA \/ AAA \u0141adowarka SkyRC NC2500 Pro pozwala nie tylko na \u0142adowanie akumulator\u00f3w AA i AAA,<\/p>\n","protected":false},"featured_media":56811,"comment_status":"closed","ping_status":"open","template":"","meta":{"_acf_changed":false},"product_brand":[],"product_cat":[1173,1174,1169],"product_tag":[],"class_list":{"0":"post-56810","1":"product","2":"type-product","3":"status-publish","4":"has-post-thumbnail","6":"product_cat-ladowanie","7":"product_cat-ladowarki","8":"product_cat-modele-rc","9":"pa_okres-gwarancji-5754","10":"pa_producent-skyrc","12":"first","13":"outofstock","14":"taxable","15":"shipping-taxable","16":"purchasable","17":"product-type-simple"},"acf":[],"yoast_head":"<!-- This site is optimized with the Yoast SEO plugin v27.2 - https:\/\/yoast.com\/product\/yoast-seo-wordpress\/ -->\n<title>\u0141adowarka SKYRC NC2500 Pro AA\/AAA 6-slotowa - IRONSKY.PL Sklep z Dronami<\/title>\n<meta name=\"description\" content=\"\u0141adowarka SKYRC NC2500 Pro AA\/AAA 6-slotowa - \u2705 sklep z dronami i fachowym doradztwem. \u2705 Tutaj kupisz produkty DJI, Yuneec, Parrot, Syma i wiele innych, a tak\u017ce kursy i licencje na operatora drona.\" \/>\n<meta name=\"robots\" content=\"index, follow, max-snippet:-1, max-image-preview:large, max-video-preview:-1\" \/>\n<link rel=\"canonical\" href=\"https:\/\/ironsky.pl\/sklep\/produkt\/ladowarka-skyrc-nc2500-pro-aa-aaa-6-slotowa\/\" \/>\n<meta property=\"og:locale\" content=\"pl_PL\" \/>\n<meta property=\"og:type\" content=\"article\" \/>\n<meta property=\"og:title\" content=\"\u0141adowarka SKYRC NC2500 Pro AA\/AAA 6-slotowa - IRONSKY.PL Sklep z Dronami\" \/>\n<meta property=\"og:description\" content=\"\u0141adowarka SKYRC NC2500 Pro AA\/AAA 6-slotowa - \u2705 sklep z dronami i fachowym doradztwem. \u2705 Tutaj kupisz produkty DJI, Yuneec, Parrot, Syma i wiele innych, a tak\u017ce kursy i licencje na operatora drona.\" \/>\n<meta property=\"og:url\" content=\"https:\/\/ironsky.pl\/sklep\/produkt\/ladowarka-skyrc-nc2500-pro-aa-aaa-6-slotowa\/\" \/>\n<meta property=\"og:site_name\" content=\"IRONSKY.PL Sklep z Dronami\" \/>\n<meta property=\"article:modified_time\" content=\"2026-04-15T08:18:56+00:00\" \/>\n<meta property=\"og:image\" content=\"https:\/\/ironsky.pl\/sklep\/wp-content\/uploads\/2026\/04\/28842_2.jpg\" \/>\n\t<meta property=\"og:image:width\" content=\"800\" \/>\n\t<meta property=\"og:image:height\" content=\"800\" \/>\n\t<meta property=\"og:image:type\" content=\"image\/jpeg\" \/>\n<meta name=\"twitter:card\" content=\"summary_large_image\" \/>\n<meta name=\"twitter:label1\" content=\"Szacowany czas czytania\" \/>\n\t<meta name=\"twitter:data1\" content=\"3 minuty\" \/>\n<script type=\"application\/ld+json\" class=\"yoast-schema-graph\">{\"@context\":\"https:\/\/schema.org\",\"@graph\":[{\"@type\":\"WebPage\",\"@id\":\"https:\/\/ironsky.pl\/sklep\/produkt\/ladowarka-skyrc-nc2500-pro-aa-aaa-6-slotowa\/\",\"url\":\"https:\/\/ironsky.pl\/sklep\/produkt\/ladowarka-skyrc-nc2500-pro-aa-aaa-6-slotowa\/\",\"name\":\"\u0141adowarka SKYRC NC2500 Pro AA\/AAA 6-slotowa - IRONSKY.PL Sklep z Dronami\",\"isPartOf\":{\"@id\":\"https:\/\/ironsky.pl\/sklep\/#website\"},\"primaryImageOfPage\":{\"@id\":\"https:\/\/ironsky.pl\/sklep\/produkt\/ladowarka-skyrc-nc2500-pro-aa-aaa-6-slotowa\/#primaryimage\"},\"image\":{\"@id\":\"https:\/\/ironsky.pl\/sklep\/produkt\/ladowarka-skyrc-nc2500-pro-aa-aaa-6-slotowa\/#primaryimage\"},\"thumbnailUrl\":\"https:\/\/ironsky.pl\/sklep\/wp-content\/uploads\/2026\/04\/28842_2.jpg\",\"datePublished\":\"2026-04-15T08:18:34+00:00\",\"dateModified\":\"2026-04-15T08:18:56+00:00\",\"description\":\"\u0141adowarka SKYRC NC2500 Pro AA\/AAA 6-slotowa - \u2705 sklep z dronami i fachowym doradztwem. \u2705 Tutaj kupisz produkty DJI, Yuneec, Parrot, Syma i wiele innych, a tak\u017ce kursy i licencje na operatora drona.\",\"breadcrumb\":{\"@id\":\"https:\/\/ironsky.pl\/sklep\/produkt\/ladowarka-skyrc-nc2500-pro-aa-aaa-6-slotowa\/#breadcrumb\"},\"inLanguage\":\"pl-PL\",\"potentialAction\":[{\"@type\":\"ReadAction\",\"target\":[\"https:\/\/ironsky.pl\/sklep\/produkt\/ladowarka-skyrc-nc2500-pro-aa-aaa-6-slotowa\/\"]}]},{\"@type\":\"ImageObject\",\"inLanguage\":\"pl-PL\",\"@id\":\"https:\/\/ironsky.pl\/sklep\/produkt\/ladowarka-skyrc-nc2500-pro-aa-aaa-6-slotowa\/#primaryimage\",\"url\":\"https:\/\/ironsky.pl\/sklep\/wp-content\/uploads\/2026\/04\/28842_2.jpg\",\"contentUrl\":\"https:\/\/ironsky.pl\/sklep\/wp-content\/uploads\/2026\/04\/28842_2.jpg\",\"width\":800,\"height\":800},{\"@type\":\"BreadcrumbList\",\"@id\":\"https:\/\/ironsky.pl\/sklep\/produkt\/ladowarka-skyrc-nc2500-pro-aa-aaa-6-slotowa\/#breadcrumb\",\"itemListElement\":[{\"@type\":\"ListItem\",\"position\":1,\"name\":\"Strona g\u0142\u00f3wna\",\"item\":\"https:\/\/ironsky.pl\/sklep\/\"},{\"@type\":\"ListItem\",\"position\":2,\"name\":\"Wszystkie produkty\",\"item\":\"https:\/\/ironsky.pl\/sklep\/produkty\/\"},{\"@type\":\"ListItem\",\"position\":3,\"name\":\"\u0141adowarka SKYRC NC2500 Pro AA\/AAA 6-slotowa\"}]},{\"@type\":\"WebSite\",\"@id\":\"https:\/\/ironsky.pl\/sklep\/#website\",\"url\":\"https:\/\/ironsky.pl\/sklep\/\",\"name\":\"IRONSKY.PL Sklep z Dronami\",\"description\":\"IRONSKY.PL Sklep z Dronami\",\"potentialAction\":[{\"@type\":\"SearchAction\",\"target\":{\"@type\":\"EntryPoint\",\"urlTemplate\":\"https:\/\/ironsky.pl\/sklep\/?s={search_term_string}\"},\"query-input\":{\"@type\":\"PropertyValueSpecification\",\"valueRequired\":true,\"valueName\":\"search_term_string\"}}],\"inLanguage\":\"pl-PL\"}]}<\/script>\n<!-- \/ Yoast SEO plugin. -->","yoast_head_json":{"title":"\u0141adowarka SKYRC NC2500 Pro AA\/AAA 6-slotowa - IRONSKY.PL Sklep z Dronami","description":"\u0141adowarka SKYRC NC2500 Pro AA\/AAA 6-slotowa - \u2705 sklep z dronami i fachowym doradztwem. \u2705 Tutaj kupisz produkty DJI, Yuneec, Parrot, Syma i wiele innych, a tak\u017ce kursy i licencje na operatora drona.","robots":{"index":"index","follow":"follow","max-snippet":"max-snippet:-1","max-image-preview":"max-image-preview:large","max-video-preview":"max-video-preview:-1"},"canonical":"https:\/\/ironsky.pl\/sklep\/produkt\/ladowarka-skyrc-nc2500-pro-aa-aaa-6-slotowa\/","og_locale":"pl_PL","og_type":"article","og_title":"\u0141adowarka SKYRC NC2500 Pro AA\/AAA 6-slotowa - IRONSKY.PL Sklep z Dronami","og_description":"\u0141adowarka SKYRC NC2500 Pro AA\/AAA 6-slotowa - \u2705 sklep z dronami i fachowym doradztwem. \u2705 Tutaj kupisz produkty DJI, Yuneec, Parrot, Syma i wiele innych, a tak\u017ce kursy i licencje na operatora drona.","og_url":"https:\/\/ironsky.pl\/sklep\/produkt\/ladowarka-skyrc-nc2500-pro-aa-aaa-6-slotowa\/","og_site_name":"IRONSKY.PL Sklep z Dronami","article_modified_time":"2026-04-15T08:18:56+00:00","og_image":[{"width":800,"height":800,"url":"https:\/\/ironsky.pl\/sklep\/wp-content\/uploads\/2026\/04\/28842_2.jpg","type":"image\/jpeg"}],"twitter_card":"summary_large_image","twitter_misc":{"Szacowany czas czytania":"3 minuty"},"schema":{"@context":"https:\/\/schema.org","@graph":[{"@type":"WebPage","@id":"https:\/\/ironsky.pl\/sklep\/produkt\/ladowarka-skyrc-nc2500-pro-aa-aaa-6-slotowa\/","url":"https:\/\/ironsky.pl\/sklep\/produkt\/ladowarka-skyrc-nc2500-pro-aa-aaa-6-slotowa\/","name":"\u0141adowarka SKYRC NC2500 Pro AA\/AAA 6-slotowa - IRONSKY.PL Sklep z Dronami","isPartOf":{"@id":"https:\/\/ironsky.pl\/sklep\/#website"},"primaryImageOfPage":{"@id":"https:\/\/ironsky.pl\/sklep\/produkt\/ladowarka-skyrc-nc2500-pro-aa-aaa-6-slotowa\/#primaryimage"},"image":{"@id":"https:\/\/ironsky.pl\/sklep\/produkt\/ladowarka-skyrc-nc2500-pro-aa-aaa-6-slotowa\/#primaryimage"},"thumbnailUrl":"https:\/\/ironsky.pl\/sklep\/wp-content\/uploads\/2026\/04\/28842_2.jpg","datePublished":"2026-04-15T08:18:34+00:00","dateModified":"2026-04-15T08:18:56+00:00","description":"\u0141adowarka SKYRC NC2500 Pro AA\/AAA 6-slotowa - \u2705 sklep z dronami i fachowym doradztwem. \u2705 Tutaj kupisz produkty DJI, Yuneec, Parrot, Syma i wiele innych, a tak\u017ce kursy i licencje na operatora drona.","breadcrumb":{"@id":"https:\/\/ironsky.pl\/sklep\/produkt\/ladowarka-skyrc-nc2500-pro-aa-aaa-6-slotowa\/#breadcrumb"},"inLanguage":"pl-PL","potentialAction":[{"@type":"ReadAction","target":["https:\/\/ironsky.pl\/sklep\/produkt\/ladowarka-skyrc-nc2500-pro-aa-aaa-6-slotowa\/"]}]},{"@type":"ImageObject","inLanguage":"pl-PL","@id":"https:\/\/ironsky.pl\/sklep\/produkt\/ladowarka-skyrc-nc2500-pro-aa-aaa-6-slotowa\/#primaryimage","url":"https:\/\/ironsky.pl\/sklep\/wp-content\/uploads\/2026\/04\/28842_2.jpg","contentUrl":"https:\/\/ironsky.pl\/sklep\/wp-content\/uploads\/2026\/04\/28842_2.jpg","width":800,"height":800},{"@type":"BreadcrumbList","@id":"https:\/\/ironsky.pl\/sklep\/produkt\/ladowarka-skyrc-nc2500-pro-aa-aaa-6-slotowa\/#breadcrumb","itemListElement":[{"@type":"ListItem","position":1,"name":"Strona g\u0142\u00f3wna","item":"https:\/\/ironsky.pl\/sklep\/"},{"@type":"ListItem","position":2,"name":"Wszystkie produkty","item":"https:\/\/ironsky.pl\/sklep\/produkty\/"},{"@type":"ListItem","position":3,"name":"\u0141adowarka SKYRC NC2500 Pro AA\/AAA 6-slotowa"}]},{"@type":"WebSite","@id":"https:\/\/ironsky.pl\/sklep\/#website","url":"https:\/\/ironsky.pl\/sklep\/","name":"IRONSKY.PL Sklep z Dronami","description":"IRONSKY.PL Sklep z Dronami","potentialAction":[{"@type":"SearchAction","target":{"@type":"EntryPoint","urlTemplate":"https:\/\/ironsky.pl\/sklep\/?s={search_term_string}"},"query-input":{"@type":"PropertyValueSpecification","valueRequired":true,"valueName":"search_term_string"}}],"inLanguage":"pl-PL"}]}},"_links":{"self":[{"href":"https:\/\/ironsky.pl\/sklep\/wp-json\/wp\/v2\/product\/56810","targetHints":{"allow":["GET"]}}],"collection":[{"href":"https:\/\/ironsky.pl\/sklep\/wp-json\/wp\/v2\/product"}],"about":[{"href":"https:\/\/ironsky.pl\/sklep\/wp-json\/wp\/v2\/types\/product"}],"replies":[{"embeddable":true,"href":"https:\/\/ironsky.pl\/sklep\/wp-json\/wp\/v2\/comments?post=56810"}],"wp:featuredmedia":[{"embeddable":true,"href":"https:\/\/ironsky.pl\/sklep\/wp-json\/wp\/v2\/media\/56811"}],"wp:attachment":[{"href":"https:\/\/ironsky.pl\/sklep\/wp-json\/wp\/v2\/media?parent=56810"}],"wp:term":[{"taxonomy":"product_brand","embeddable":true,"href":"https:\/\/ironsky.pl\/sklep\/wp-json\/wp\/v2\/product_brand?post=56810"},{"taxonomy":"product_cat","embeddable":true,"href":"https:\/\/ironsky.pl\/sklep\/wp-json\/wp\/v2\/product_cat?post=56810"},{"taxonomy":"product_tag","embeddable":true,"href":"https:\/\/ironsky.pl\/sklep\/wp-json\/wp\/v2\/product_tag?post=56810"}],"curies":[{"name":"wp","href":"https:\/\/api.w.org\/{rel}","templated":true}]}}