{"id":56809,"date":"2026-04-15T10:18:34","date_gmt":"2026-04-15T08:18:34","guid":{"rendered":"https:\/\/ironsky.pl\/sklep\/produkt\/obudowa-dysku-ugreen-cm400-m-2-m-key-nvme-usb-c-szara\/"},"modified":"2026-04-15T10:51:00","modified_gmt":"2026-04-15T08:51:00","slug":"obudowa-dysku-ugreen-cm400-m-2-m-key-nvme-usb-c-szara","status":"publish","type":"product","link":"https:\/\/ironsky.pl\/sklep\/produkt\/obudowa-dysku-ugreen-cm400-m-2-m-key-nvme-usb-c-szara\/","title":{"rendered":"Obudowa dysku UGREEN CM400 M.2 M-key NVMe USB-C (szara)"},"content":{"rendered":"<h3>Obudowa dysku SSD M.2 M-Key UGREEN NVMe, 10Gbps, USB-C<\/h3>\n<p>Przesy\u0142aj pliki z pr\u0119dko\u015bci\u0105 do 10 Gbps. Obudowa UGREEN CM400 jest kompatybilna z dyskami SSD NVME o pojemno\u015bci do 2 TB. Zapewnia bezpiecze\u0144stwo u\u017cytkowania i wykorzystuje chip ASM2362. Jest te\u017c wyj\u0105tkowo prosta w monta\u017cu, lekka i kompaktowa \u2014 mo\u017ce Ci towarzyszy\u0107 niemal wsz\u0119dzie.<\/p>\n<p><img decoding=\"async\" src=\"https:\/\/b2b.innpro.pl\/data\/include\/cms\/012UGREEN\/CM400-10902\/7.jpg\"><\/p>\n<h3>Szybka transmisja plik\u00f3w<\/h3>\n<p>Ju\u017c nie musisz zbyt d\u0142ugo czeka\u0107, a\u017c Twoje pliki znajd\u0105 si\u0119 w docelowym miejscu. Interfejs USB 3.1 2. generacji sprawia, \u017ce obudowa pozwala na transfer danych z pr\u0119dko\u015bci\u0105 do 10 Gbps (w wypadku dysk\u00f3w NVMe). Co to oznacza w praktyce? 1 GB plik\u00f3w mo\u017cesz przes\u0142a\u0107 ju\u017c w oko\u0142o 1 sekund\u0119! U\u0142atw sobie prac\u0119 z komputerem i nie tra\u0107 wi\u0119cej czasu!<\/p>\n<p><img decoding=\"async\" src=\"https:\/\/b2b.innpro.pl\/data\/include\/cms\/012UGREEN\/CM400-10902\/2.jpg\"><\/p>\n<h3>Zaprojektowana dla Twojej wygody<\/h3>\n<p>Bez przeszk\u00f3d korzystaj z obudowy CM400 w pracy, na uczelni lub na wakacjach. Urz\u0105dzenie jest na tyle lekkie i kompaktowe, \u017ce mo\u017cesz mie\u0107 je zawsze przy sobie. Jego monta\u017c jest bardzo prosty i nie wymaga u\u017cycia dodatkowych narz\u0119dzi. Obudowa powsta\u0142a z trwa\u0142ego aluminium, dzi\u0119ki czemu jest bardzo wytrzyma\u0142a i si\u0119 nie nagrzewa.<\/p>\n<p><img decoding=\"async\" src=\"https:\/\/b2b.innpro.pl\/data\/include\/cms\/012UGREEN\/CM400-10902\/9.jpg\"><\/p>\n<h3>Szeroka kompatybilno\u015b\u0107<\/h3>\n<p>Obudowa jest kompatybilna z dyskami SSD NVMe\u00a0w 4 rozmiarach &#8211; 2280, 2260, 2242 i 2230. Bez problemu wsp\u00f3\u0142pracuje z popularnymi systemami operacyjnymi takimi jak Windows, Mac OS, Linux, Android i iOS. Zapomnij o problemach \u2014 to praktyczne urz\u0105dzenie u\u0142atwi Ci prac\u0119 niemal w ka\u017cdej sytuacji.<\/p>\n<p><img decoding=\"async\" src=\"https:\/\/b2b.innpro.pl\/data\/include\/cms\/012UGREEN\/CM400-10902\/5.jpg\"><\/p>\n<h3>Du\u017ca pojemno\u015b\u0107 \u2014 wiele zastosowa\u0144<\/h3>\n<p>Maksymalna dozwolona pojemno\u015b\u0107 dysk\u00f3w SSD kompatybilnych z obudow\u0105 to a\u017c 2 TB. Dzi\u0119ki temu urz\u0105dzenie \u015bwietnie sprawdzi si\u0119 w wielu zastosowaniach. Pod\u0142\u0105cz je do komputera lub smartfona, aby ogl\u0105da\u0107 filmy lub kopiowa\u0107 zdj\u0119cia i dokumenty. Mo\u017cesz te\u017c podpi\u0105\u0107 obudow\u0119 do konsoli PlayStation 4, aby wygodnie gra\u0107 w wybrane gry.<\/p>\n<p><img decoding=\"async\" src=\"https:\/\/b2b.innpro.pl\/data\/include\/cms\/012UGREEN\/CM400-10902\/8.jpg\"><\/p>\n<div class=\"table-wrapper\">\n<table>\n<tbody>\n<tr>\n<th>Producent:<\/th>\n<td>Ugreen<\/td>\n<\/tr>\n<tr>\n<th>Model:<\/th>\n<td>CM400<\/td>\n<\/tr>\n<tr>\n<th>Pr\u0119dko\u015b\u0107 transferu:<\/th>\n<td>do 10GB\/s<\/td>\n<\/tr>\n<tr>\n<th>Wej\u015bcie:<\/th>\n<td>USB C 3.1 GEN 2 &#8222;Female<\/td>\n<\/tr>\n<tr>\n<th>Wyj\u015bcie:<\/th>\n<td>M.2 M-KEY\/M+B Key\uff08NVME;PCIE 3.0 stand\uff09| USB-C 3.1 GEN2 pr\u0119dko\u015b\u0107 do 10Gbps, kompatybilny z USB 3.0&amp;2.0 &amp; 1.1<\/td>\n<\/tr>\n<tr>\n<th>Rozmiar obs\u0142ugiwanych dysk\u00f3w:<\/th>\n<td>2230\/2242\/2260\/2280 M.2 (NVME) M-KEY do 2TB<\/td>\n<\/tr>\n<tr>\n<th>Obs\u0142uga protoko\u0142u transferu<\/th>\n<td>UASP<\/td>\n<\/tr>\n<tr>\n<th>Zabezpieczenie przed zwarciem<\/th>\n<td>Tak<\/td>\n<\/tr>\n<tr>\n<th>Wbudowany obw\u00f3d ochronny ESD:<\/th>\n<td>Tak, odporny na napi\u0119cie statyczne 4KV<\/td>\n<\/tr>\n<tr>\n<th>Obs\u0142uga funkcji wykrywania S.M.A.R.T<\/th>\n<td>Tak<\/td>\n<\/tr>\n<tr>\n<th>Obs\u0142uga funkcji TRIM<\/th>\n<td>Tak<\/td>\n<\/tr>\n<tr>\n<th>*Kabel:<\/th>\n<td>USB C3.1 GEN2 do USB C 3.1 GEN2<\/td>\n<\/tr>\n<tr>\n<th>D\u0142ugo\u015b\u0107 przewodu:<\/th>\n<td>50cm<\/td>\n<\/tr>\n<tr>\n<th>Kompatybilno\u015b\u0107 z:<\/th>\n<td>Windows, Mac OS, Linux, Chrome OS, PS4, PS3, Xbox, router, telefony OTG<\/td>\n<\/tr>\n<tr>\n<th>Obudowa:<\/th>\n<td>Aluminiowa<\/td>\n<\/tr>\n<tr>\n<th>Wymiary:<\/th>\n<td>119mmx37mmx12mm<\/td>\n<\/tr>\n<\/tbody>\n<\/table>\n<\/div>\n","protected":false},"excerpt":{"rendered":"<p>Obudowa dysku SSD M.2 M-Key UGREEN NVMe, 10Gbps, USB-C Przesy\u0142aj pliki z pr\u0119dko\u015bci\u0105 do 10 Gbps. Obudowa UGREEN CM400 jest<\/p>\n","protected":false},"featured_media":42471,"comment_status":"closed","ping_status":"open","template":"","meta":{"_acf_changed":false},"product_brand":[],"product_cat":[5929,5936],"product_tag":[],"class_list":{"0":"post-56809","1":"product","2":"type-product","3":"status-publish","4":"has-post-thumbnail","6":"product_cat-akcesoria-it","7":"product_cat-obudowy-dyskow","8":"pa_okres-gwarancji-5757","9":"pa_producent-ugreen","11":"first","12":"outofstock","13":"taxable","14":"shipping-taxable","15":"purchasable","16":"product-type-simple"},"acf":[],"yoast_head":"<!-- This site is optimized with the Yoast SEO plugin v27.2 - https:\/\/yoast.com\/product\/yoast-seo-wordpress\/ -->\n<title>Obudowa dysku UGREEN CM400 M.2 M-key NVMe USB-C (szara) - IRONSKY.PL Sklep z Dronami<\/title>\n<meta name=\"description\" content=\"Obudowa dysku UGREEN CM400 M.2 M-key NVMe USB-C (szara) - \u2705 sklep z dronami i fachowym doradztwem. \u2705 Tutaj kupisz produkty DJI, Yuneec, Parrot, Syma i wiele innych, a tak\u017ce kursy i licencje na operatora drona.\" \/>\n<meta name=\"robots\" content=\"index, follow, max-snippet:-1, max-image-preview:large, max-video-preview:-1\" \/>\n<link rel=\"canonical\" href=\"https:\/\/ironsky.pl\/sklep\/produkt\/obudowa-dysku-ugreen-cm400-m-2-m-key-nvme-usb-c-szara\/\" \/>\n<meta property=\"og:locale\" content=\"pl_PL\" \/>\n<meta property=\"og:type\" content=\"article\" \/>\n<meta property=\"og:title\" content=\"Obudowa dysku UGREEN CM400 M.2 M-key NVMe USB-C (szara) - IRONSKY.PL Sklep z Dronami\" \/>\n<meta property=\"og:description\" content=\"Obudowa dysku UGREEN CM400 M.2 M-key NVMe USB-C (szara) - \u2705 sklep z dronami i fachowym doradztwem. \u2705 Tutaj kupisz produkty DJI, Yuneec, Parrot, Syma i wiele innych, a tak\u017ce kursy i licencje na operatora drona.\" \/>\n<meta property=\"og:url\" content=\"https:\/\/ironsky.pl\/sklep\/produkt\/obudowa-dysku-ugreen-cm400-m-2-m-key-nvme-usb-c-szara\/\" \/>\n<meta property=\"og:site_name\" content=\"IRONSKY.PL Sklep z Dronami\" \/>\n<meta property=\"article:modified_time\" content=\"2026-04-15T08:51:00+00:00\" \/>\n<meta property=\"og:image\" content=\"https:\/\/ironsky.pl\/sklep\/wp-content\/uploads\/2025\/06\/28783_1.jpg\" \/>\n\t<meta property=\"og:image:width\" content=\"800\" \/>\n\t<meta property=\"og:image:height\" content=\"800\" \/>\n\t<meta property=\"og:image:type\" content=\"image\/jpeg\" \/>\n<meta name=\"twitter:card\" content=\"summary_large_image\" \/>\n<meta name=\"twitter:label1\" content=\"Szacowany czas czytania\" \/>\n\t<meta name=\"twitter:data1\" content=\"2 minuty\" \/>\n<script type=\"application\/ld+json\" class=\"yoast-schema-graph\">{\"@context\":\"https:\/\/schema.org\",\"@graph\":[{\"@type\":\"WebPage\",\"@id\":\"https:\/\/ironsky.pl\/sklep\/produkt\/obudowa-dysku-ugreen-cm400-m-2-m-key-nvme-usb-c-szara\/\",\"url\":\"https:\/\/ironsky.pl\/sklep\/produkt\/obudowa-dysku-ugreen-cm400-m-2-m-key-nvme-usb-c-szara\/\",\"name\":\"Obudowa dysku UGREEN CM400 M.2 M-key NVMe USB-C (szara) - IRONSKY.PL Sklep z Dronami\",\"isPartOf\":{\"@id\":\"https:\/\/ironsky.pl\/sklep\/#website\"},\"primaryImageOfPage\":{\"@id\":\"https:\/\/ironsky.pl\/sklep\/produkt\/obudowa-dysku-ugreen-cm400-m-2-m-key-nvme-usb-c-szara\/#primaryimage\"},\"image\":{\"@id\":\"https:\/\/ironsky.pl\/sklep\/produkt\/obudowa-dysku-ugreen-cm400-m-2-m-key-nvme-usb-c-szara\/#primaryimage\"},\"thumbnailUrl\":\"https:\/\/ironsky.pl\/sklep\/wp-content\/uploads\/2025\/06\/28783_1.jpg\",\"datePublished\":\"2026-04-15T08:18:34+00:00\",\"dateModified\":\"2026-04-15T08:51:00+00:00\",\"description\":\"Obudowa dysku UGREEN CM400 M.2 M-key NVMe USB-C (szara) - \u2705 sklep z dronami i fachowym doradztwem. \u2705 Tutaj kupisz produkty DJI, Yuneec, Parrot, Syma i wiele innych, a tak\u017ce kursy i licencje na operatora drona.\",\"breadcrumb\":{\"@id\":\"https:\/\/ironsky.pl\/sklep\/produkt\/obudowa-dysku-ugreen-cm400-m-2-m-key-nvme-usb-c-szara\/#breadcrumb\"},\"inLanguage\":\"pl-PL\",\"potentialAction\":[{\"@type\":\"ReadAction\",\"target\":[\"https:\/\/ironsky.pl\/sklep\/produkt\/obudowa-dysku-ugreen-cm400-m-2-m-key-nvme-usb-c-szara\/\"]}]},{\"@type\":\"ImageObject\",\"inLanguage\":\"pl-PL\",\"@id\":\"https:\/\/ironsky.pl\/sklep\/produkt\/obudowa-dysku-ugreen-cm400-m-2-m-key-nvme-usb-c-szara\/#primaryimage\",\"url\":\"https:\/\/ironsky.pl\/sklep\/wp-content\/uploads\/2025\/06\/28783_1.jpg\",\"contentUrl\":\"https:\/\/ironsky.pl\/sklep\/wp-content\/uploads\/2025\/06\/28783_1.jpg\",\"width\":800,\"height\":800},{\"@type\":\"BreadcrumbList\",\"@id\":\"https:\/\/ironsky.pl\/sklep\/produkt\/obudowa-dysku-ugreen-cm400-m-2-m-key-nvme-usb-c-szara\/#breadcrumb\",\"itemListElement\":[{\"@type\":\"ListItem\",\"position\":1,\"name\":\"Strona g\u0142\u00f3wna\",\"item\":\"https:\/\/ironsky.pl\/sklep\/\"},{\"@type\":\"ListItem\",\"position\":2,\"name\":\"Wszystkie produkty\",\"item\":\"https:\/\/ironsky.pl\/sklep\/produkty\/\"},{\"@type\":\"ListItem\",\"position\":3,\"name\":\"Obudowa dysku UGREEN CM400 M.2 M-key NVMe USB-C (szara)\"}]},{\"@type\":\"WebSite\",\"@id\":\"https:\/\/ironsky.pl\/sklep\/#website\",\"url\":\"https:\/\/ironsky.pl\/sklep\/\",\"name\":\"IRONSKY.PL Sklep z Dronami\",\"description\":\"IRONSKY.PL Sklep z Dronami\",\"potentialAction\":[{\"@type\":\"SearchAction\",\"target\":{\"@type\":\"EntryPoint\",\"urlTemplate\":\"https:\/\/ironsky.pl\/sklep\/?s={search_term_string}\"},\"query-input\":{\"@type\":\"PropertyValueSpecification\",\"valueRequired\":true,\"valueName\":\"search_term_string\"}}],\"inLanguage\":\"pl-PL\"}]}<\/script>\n<!-- \/ Yoast SEO plugin. -->","yoast_head_json":{"title":"Obudowa dysku UGREEN CM400 M.2 M-key NVMe USB-C (szara) - IRONSKY.PL Sklep z Dronami","description":"Obudowa dysku UGREEN CM400 M.2 M-key NVMe USB-C (szara) - \u2705 sklep z dronami i fachowym doradztwem. \u2705 Tutaj kupisz produkty DJI, Yuneec, Parrot, Syma i wiele innych, a tak\u017ce kursy i licencje na operatora drona.","robots":{"index":"index","follow":"follow","max-snippet":"max-snippet:-1","max-image-preview":"max-image-preview:large","max-video-preview":"max-video-preview:-1"},"canonical":"https:\/\/ironsky.pl\/sklep\/produkt\/obudowa-dysku-ugreen-cm400-m-2-m-key-nvme-usb-c-szara\/","og_locale":"pl_PL","og_type":"article","og_title":"Obudowa dysku UGREEN CM400 M.2 M-key NVMe USB-C (szara) - IRONSKY.PL Sklep z Dronami","og_description":"Obudowa dysku UGREEN CM400 M.2 M-key NVMe USB-C (szara) - \u2705 sklep z dronami i fachowym doradztwem. \u2705 Tutaj kupisz produkty DJI, Yuneec, Parrot, Syma i wiele innych, a tak\u017ce kursy i licencje na operatora drona.","og_url":"https:\/\/ironsky.pl\/sklep\/produkt\/obudowa-dysku-ugreen-cm400-m-2-m-key-nvme-usb-c-szara\/","og_site_name":"IRONSKY.PL Sklep z Dronami","article_modified_time":"2026-04-15T08:51:00+00:00","og_image":[{"width":800,"height":800,"url":"https:\/\/ironsky.pl\/sklep\/wp-content\/uploads\/2025\/06\/28783_1.jpg","type":"image\/jpeg"}],"twitter_card":"summary_large_image","twitter_misc":{"Szacowany czas czytania":"2 minuty"},"schema":{"@context":"https:\/\/schema.org","@graph":[{"@type":"WebPage","@id":"https:\/\/ironsky.pl\/sklep\/produkt\/obudowa-dysku-ugreen-cm400-m-2-m-key-nvme-usb-c-szara\/","url":"https:\/\/ironsky.pl\/sklep\/produkt\/obudowa-dysku-ugreen-cm400-m-2-m-key-nvme-usb-c-szara\/","name":"Obudowa dysku UGREEN CM400 M.2 M-key NVMe USB-C (szara) - IRONSKY.PL Sklep z Dronami","isPartOf":{"@id":"https:\/\/ironsky.pl\/sklep\/#website"},"primaryImageOfPage":{"@id":"https:\/\/ironsky.pl\/sklep\/produkt\/obudowa-dysku-ugreen-cm400-m-2-m-key-nvme-usb-c-szara\/#primaryimage"},"image":{"@id":"https:\/\/ironsky.pl\/sklep\/produkt\/obudowa-dysku-ugreen-cm400-m-2-m-key-nvme-usb-c-szara\/#primaryimage"},"thumbnailUrl":"https:\/\/ironsky.pl\/sklep\/wp-content\/uploads\/2025\/06\/28783_1.jpg","datePublished":"2026-04-15T08:18:34+00:00","dateModified":"2026-04-15T08:51:00+00:00","description":"Obudowa dysku UGREEN CM400 M.2 M-key NVMe USB-C (szara) - \u2705 sklep z dronami i fachowym doradztwem. \u2705 Tutaj kupisz produkty DJI, Yuneec, Parrot, Syma i wiele innych, a tak\u017ce kursy i licencje na operatora drona.","breadcrumb":{"@id":"https:\/\/ironsky.pl\/sklep\/produkt\/obudowa-dysku-ugreen-cm400-m-2-m-key-nvme-usb-c-szara\/#breadcrumb"},"inLanguage":"pl-PL","potentialAction":[{"@type":"ReadAction","target":["https:\/\/ironsky.pl\/sklep\/produkt\/obudowa-dysku-ugreen-cm400-m-2-m-key-nvme-usb-c-szara\/"]}]},{"@type":"ImageObject","inLanguage":"pl-PL","@id":"https:\/\/ironsky.pl\/sklep\/produkt\/obudowa-dysku-ugreen-cm400-m-2-m-key-nvme-usb-c-szara\/#primaryimage","url":"https:\/\/ironsky.pl\/sklep\/wp-content\/uploads\/2025\/06\/28783_1.jpg","contentUrl":"https:\/\/ironsky.pl\/sklep\/wp-content\/uploads\/2025\/06\/28783_1.jpg","width":800,"height":800},{"@type":"BreadcrumbList","@id":"https:\/\/ironsky.pl\/sklep\/produkt\/obudowa-dysku-ugreen-cm400-m-2-m-key-nvme-usb-c-szara\/#breadcrumb","itemListElement":[{"@type":"ListItem","position":1,"name":"Strona g\u0142\u00f3wna","item":"https:\/\/ironsky.pl\/sklep\/"},{"@type":"ListItem","position":2,"name":"Wszystkie produkty","item":"https:\/\/ironsky.pl\/sklep\/produkty\/"},{"@type":"ListItem","position":3,"name":"Obudowa dysku UGREEN CM400 M.2 M-key NVMe USB-C (szara)"}]},{"@type":"WebSite","@id":"https:\/\/ironsky.pl\/sklep\/#website","url":"https:\/\/ironsky.pl\/sklep\/","name":"IRONSKY.PL Sklep z Dronami","description":"IRONSKY.PL Sklep z Dronami","potentialAction":[{"@type":"SearchAction","target":{"@type":"EntryPoint","urlTemplate":"https:\/\/ironsky.pl\/sklep\/?s={search_term_string}"},"query-input":{"@type":"PropertyValueSpecification","valueRequired":true,"valueName":"search_term_string"}}],"inLanguage":"pl-PL"}]}},"_links":{"self":[{"href":"https:\/\/ironsky.pl\/sklep\/wp-json\/wp\/v2\/product\/56809","targetHints":{"allow":["GET"]}}],"collection":[{"href":"https:\/\/ironsky.pl\/sklep\/wp-json\/wp\/v2\/product"}],"about":[{"href":"https:\/\/ironsky.pl\/sklep\/wp-json\/wp\/v2\/types\/product"}],"replies":[{"embeddable":true,"href":"https:\/\/ironsky.pl\/sklep\/wp-json\/wp\/v2\/comments?post=56809"}],"wp:featuredmedia":[{"embeddable":true,"href":"https:\/\/ironsky.pl\/sklep\/wp-json\/wp\/v2\/media\/42471"}],"wp:attachment":[{"href":"https:\/\/ironsky.pl\/sklep\/wp-json\/wp\/v2\/media?parent=56809"}],"wp:term":[{"taxonomy":"product_brand","embeddable":true,"href":"https:\/\/ironsky.pl\/sklep\/wp-json\/wp\/v2\/product_brand?post=56809"},{"taxonomy":"product_cat","embeddable":true,"href":"https:\/\/ironsky.pl\/sklep\/wp-json\/wp\/v2\/product_cat?post=56809"},{"taxonomy":"product_tag","embeddable":true,"href":"https:\/\/ironsky.pl\/sklep\/wp-json\/wp\/v2\/product_tag?post=56809"}],"curies":[{"name":"wp","href":"https:\/\/api.w.org\/{rel}","templated":true}]}}