{"id":56802,"date":"2026-04-15T10:18:34","date_gmt":"2026-04-15T08:18:34","guid":{"rendered":"https:\/\/ironsky.pl\/sklep\/produkt\/hub-ugreen-cm251-5w1-2x-usb-c-hdmi-3x-usb-3-0\/"},"modified":"2026-04-15T10:50:58","modified_gmt":"2026-04-15T08:50:58","slug":"hub-ugreen-cm251-5w1-2x-usb-c-hdmi-3x-usb-3-0","status":"publish","type":"product","link":"https:\/\/ironsky.pl\/sklep\/produkt\/hub-ugreen-cm251-5w1-2x-usb-c-hdmi-3x-usb-3-0\/","title":{"rendered":"Hub UGREEN CM251 5w1 2x USB-C HDMI 3x USB 3.0"},"content":{"rendered":"<h3>Adapter Hub UGREEN, 2xUSB-C do 3x USB 3.0, HDMI<\/h3>\n<p>Hub Ugreen CM251 zosta\u0142 specjalnie zaprojektowany z my\u015bl\u0105 o Twoim MacBook\u2019u Pro\/Air. Wyr\u00f3\u017cnia si\u0119 lekk\u0105 i kompaktow\u0105 konstrukcj\u0105, a wykonanie ze stopu aluminium zapewnia adapterowi wytrzyma\u0142o\u015b\u0107. Co wi\u0119cej, oferuje szereg r\u00f3\u017cnych port\u00f3w, dzi\u0119ki czemu do CM251 pod\u0142\u0105czysz nawet 5 urz\u0105dze\u0144.<\/p>\n<p><img decoding=\"async\" src=\"https:\/\/b2b.innpro.pl\/data\/include\/cms\/012UGREEN\/CM251-60559\/1.jpg\"><\/p>\n<h3>Wysoka jako\u015b\u0107 obrazu<\/h3>\n<p>Stw\u00f3rz w\u0142asne kino domowe dzi\u0119ki Ugreen CM251. Adapter wspiera rozdzielczo\u015b\u0107 4K@30Hz UHD (HDMI) lub 8 K 7680 x 4320 poprzez Thunderbolt 3. W rezultacie mo\u017cesz cieszy\u0107 si\u0119 wysok\u0105 jako\u015bci\u0105 obrazu podczas ogl\u0105dania filmu, serialu czy meczu.<\/p>\n<p><img decoding=\"async\" src=\"https:\/\/b2b.innpro.pl\/data\/include\/cms\/012UGREEN\/CM251-60559\/4.jpg\"><\/p>\n<h3>Szybko prze\u015blesz pliki i na\u0142adujesz urz\u0105dzenie<\/h3>\n<p>Hub CM251 umo\u017cliwia transfer danych z pr\u0119dko\u015bci\u0105 40 Gbps (Thunderbolt 3), co oznacza, \u017ce plik o wielko\u015bci 1Gb prze\u015blesz w zaledwie w sekund\u0119. Natomiast korzystaj\u0105c z USB 3.0 skopiujesz zdj\u0119cia lub filmy z pr\u0119dko\u015bci\u0105 max 5 Gbps. Opr\u00f3cz tego obs\u0142uguje PD3.0, dzi\u0119ki czemu energi\u0119 MacBook\u2019a Pro odnowisz w oko\u0142o 1.5 h.<\/p>\n<p><img decoding=\"async\" src=\"https:\/\/b2b.innpro.pl\/data\/include\/cms\/012UGREEN\/CM251-60559\/3.jpg\"><\/p>\n<h3>Lekki i kompaktowy<\/h3>\n<p>Adapter Ugreen w por\u00f3wnaniu do poprzedniego modelu wyr\u00f3\u017cnia si\u0119 mniejsz\u0105 i l\u017cejsz\u0105 konstrukcj\u0105. Wa\u017cy tylko 28 g i jest mniejszy od smartfona. Co wi\u0119cej, jest dopasowany do MacBook\u2019a Pro\/Air, a wyko\u0144czenie ze stopu aluminium odpowiada za lepsze odprowadzanie ciep\u0142a i odporno\u015b\u0107 na uszkodzenia.<\/p>\n<p><img decoding=\"async\" src=\"https:\/\/b2b.innpro.pl\/data\/include\/cms\/012UGREEN\/CM251-60559\/9.jpg\"><\/p>\n<div class=\"table-wrapper\">\n<table>\n<tbody>\n<tr>\n<th>Producent<\/th>\n<td>Ugreen<\/td>\n<\/tr>\n<tr>\n<th>Model<\/th>\n<td>CM251<\/td>\n<\/tr>\n<tr>\n<th>Szybko\u015b\u0107 transmisji<\/th>\n<td>\n<p>Thunderbolt 3: 40Gbps;<\/p>\n<p>USB 3.0: 5Gbps<\/p>\n<\/td>\n<\/tr>\n<tr>\n<th>Wyj\u015bcie<\/th>\n<td>\n<p>Thunderbolt 3: 8K (7680 x 4320);<\/p>\n<p>HDMI: 4K (3840 X 2160)@30 Hz<\/p>\n<\/td>\n<\/tr>\n<tr>\n<th>Materia\u0142<\/th>\n<td>stop aluminium<\/td>\n<\/tr>\n<tr>\n<th>Kompatybilno\u015b\u0107<\/th>\n<td>MacBook Pro\/Air<\/td>\n<\/tr>\n<tr>\n<th>Wymiary<\/th>\n<td>110.6 x 24 x 7.8 mm<\/td>\n<\/tr>\n<\/tbody>\n<\/table>\n<\/div>\n","protected":false},"excerpt":{"rendered":"<p>Adapter Hub UGREEN, 2xUSB-C do 3x USB 3.0, HDMI Hub Ugreen CM251 zosta\u0142 specjalnie zaprojektowany z my\u015bl\u0105 o Twoim MacBook\u2019u<\/p>\n","protected":false},"featured_media":42463,"comment_status":"closed","ping_status":"open","template":"","meta":{"_acf_changed":false},"product_brand":[],"product_cat":[5929,5934],"product_tag":[],"class_list":{"0":"post-56802","1":"product","2":"type-product","3":"status-publish","4":"has-post-thumbnail","6":"product_cat-akcesoria-it","7":"product_cat-huby","8":"pa_okres-gwarancji-5757","9":"pa_producent-ugreen","11":"first","12":"outofstock","13":"taxable","14":"shipping-taxable","15":"purchasable","16":"product-type-simple"},"acf":[],"yoast_head":"<!-- This site is optimized with the Yoast SEO plugin v27.2 - https:\/\/yoast.com\/product\/yoast-seo-wordpress\/ -->\n<title>Hub UGREEN CM251 5w1 2x USB-C HDMI 3x USB 3.0 - IRONSKY.PL Sklep z Dronami<\/title>\n<meta name=\"description\" content=\"Hub UGREEN CM251 5w1 2x USB-C HDMI 3x USB 3.0 - \u2705 sklep z dronami i fachowym doradztwem. \u2705 Tutaj kupisz produkty DJI, Yuneec, Parrot, Syma i wiele innych, a tak\u017ce kursy i licencje na operatora drona.\" \/>\n<meta name=\"robots\" content=\"index, follow, max-snippet:-1, max-image-preview:large, max-video-preview:-1\" \/>\n<link rel=\"canonical\" href=\"https:\/\/ironsky.pl\/sklep\/produkt\/hub-ugreen-cm251-5w1-2x-usb-c-hdmi-3x-usb-3-0\/\" \/>\n<meta property=\"og:locale\" content=\"pl_PL\" \/>\n<meta property=\"og:type\" content=\"article\" \/>\n<meta property=\"og:title\" content=\"Hub UGREEN CM251 5w1 2x USB-C HDMI 3x USB 3.0 - IRONSKY.PL Sklep z Dronami\" \/>\n<meta property=\"og:description\" content=\"Hub UGREEN CM251 5w1 2x USB-C HDMI 3x USB 3.0 - \u2705 sklep z dronami i fachowym doradztwem. \u2705 Tutaj kupisz produkty DJI, Yuneec, Parrot, Syma i wiele innych, a tak\u017ce kursy i licencje na operatora drona.\" \/>\n<meta property=\"og:url\" content=\"https:\/\/ironsky.pl\/sklep\/produkt\/hub-ugreen-cm251-5w1-2x-usb-c-hdmi-3x-usb-3-0\/\" \/>\n<meta property=\"og:site_name\" content=\"IRONSKY.PL Sklep z Dronami\" \/>\n<meta property=\"article:modified_time\" content=\"2026-04-15T08:50:58+00:00\" \/>\n<meta property=\"og:image\" content=\"https:\/\/ironsky.pl\/sklep\/wp-content\/uploads\/2025\/06\/28449_1.jpg\" \/>\n\t<meta property=\"og:image:width\" content=\"800\" \/>\n\t<meta property=\"og:image:height\" content=\"800\" \/>\n\t<meta property=\"og:image:type\" content=\"image\/jpeg\" \/>\n<meta name=\"twitter:card\" content=\"summary_large_image\" \/>\n<meta name=\"twitter:label1\" content=\"Szacowany czas czytania\" \/>\n\t<meta name=\"twitter:data1\" content=\"1 minuta\" \/>\n<script type=\"application\/ld+json\" class=\"yoast-schema-graph\">{\"@context\":\"https:\/\/schema.org\",\"@graph\":[{\"@type\":\"WebPage\",\"@id\":\"https:\/\/ironsky.pl\/sklep\/produkt\/hub-ugreen-cm251-5w1-2x-usb-c-hdmi-3x-usb-3-0\/\",\"url\":\"https:\/\/ironsky.pl\/sklep\/produkt\/hub-ugreen-cm251-5w1-2x-usb-c-hdmi-3x-usb-3-0\/\",\"name\":\"Hub UGREEN CM251 5w1 2x USB-C HDMI 3x USB 3.0 - IRONSKY.PL Sklep z Dronami\",\"isPartOf\":{\"@id\":\"https:\/\/ironsky.pl\/sklep\/#website\"},\"primaryImageOfPage\":{\"@id\":\"https:\/\/ironsky.pl\/sklep\/produkt\/hub-ugreen-cm251-5w1-2x-usb-c-hdmi-3x-usb-3-0\/#primaryimage\"},\"image\":{\"@id\":\"https:\/\/ironsky.pl\/sklep\/produkt\/hub-ugreen-cm251-5w1-2x-usb-c-hdmi-3x-usb-3-0\/#primaryimage\"},\"thumbnailUrl\":\"https:\/\/ironsky.pl\/sklep\/wp-content\/uploads\/2025\/06\/28449_1.jpg\",\"datePublished\":\"2026-04-15T08:18:34+00:00\",\"dateModified\":\"2026-04-15T08:50:58+00:00\",\"description\":\"Hub UGREEN CM251 5w1 2x USB-C HDMI 3x USB 3.0 - \u2705 sklep z dronami i fachowym doradztwem. \u2705 Tutaj kupisz produkty DJI, Yuneec, Parrot, Syma i wiele innych, a tak\u017ce kursy i licencje na operatora drona.\",\"breadcrumb\":{\"@id\":\"https:\/\/ironsky.pl\/sklep\/produkt\/hub-ugreen-cm251-5w1-2x-usb-c-hdmi-3x-usb-3-0\/#breadcrumb\"},\"inLanguage\":\"pl-PL\",\"potentialAction\":[{\"@type\":\"ReadAction\",\"target\":[\"https:\/\/ironsky.pl\/sklep\/produkt\/hub-ugreen-cm251-5w1-2x-usb-c-hdmi-3x-usb-3-0\/\"]}]},{\"@type\":\"ImageObject\",\"inLanguage\":\"pl-PL\",\"@id\":\"https:\/\/ironsky.pl\/sklep\/produkt\/hub-ugreen-cm251-5w1-2x-usb-c-hdmi-3x-usb-3-0\/#primaryimage\",\"url\":\"https:\/\/ironsky.pl\/sklep\/wp-content\/uploads\/2025\/06\/28449_1.jpg\",\"contentUrl\":\"https:\/\/ironsky.pl\/sklep\/wp-content\/uploads\/2025\/06\/28449_1.jpg\",\"width\":800,\"height\":800},{\"@type\":\"BreadcrumbList\",\"@id\":\"https:\/\/ironsky.pl\/sklep\/produkt\/hub-ugreen-cm251-5w1-2x-usb-c-hdmi-3x-usb-3-0\/#breadcrumb\",\"itemListElement\":[{\"@type\":\"ListItem\",\"position\":1,\"name\":\"Strona g\u0142\u00f3wna\",\"item\":\"https:\/\/ironsky.pl\/sklep\/\"},{\"@type\":\"ListItem\",\"position\":2,\"name\":\"Wszystkie produkty\",\"item\":\"https:\/\/ironsky.pl\/sklep\/produkty\/\"},{\"@type\":\"ListItem\",\"position\":3,\"name\":\"Hub UGREEN CM251 5w1 2x USB-C HDMI 3x USB 3.0\"}]},{\"@type\":\"WebSite\",\"@id\":\"https:\/\/ironsky.pl\/sklep\/#website\",\"url\":\"https:\/\/ironsky.pl\/sklep\/\",\"name\":\"IRONSKY.PL Sklep z Dronami\",\"description\":\"IRONSKY.PL Sklep z Dronami\",\"potentialAction\":[{\"@type\":\"SearchAction\",\"target\":{\"@type\":\"EntryPoint\",\"urlTemplate\":\"https:\/\/ironsky.pl\/sklep\/?s={search_term_string}\"},\"query-input\":{\"@type\":\"PropertyValueSpecification\",\"valueRequired\":true,\"valueName\":\"search_term_string\"}}],\"inLanguage\":\"pl-PL\"}]}<\/script>\n<!-- \/ Yoast SEO plugin. -->","yoast_head_json":{"title":"Hub UGREEN CM251 5w1 2x USB-C HDMI 3x USB 3.0 - IRONSKY.PL Sklep z Dronami","description":"Hub UGREEN CM251 5w1 2x USB-C HDMI 3x USB 3.0 - \u2705 sklep z dronami i fachowym doradztwem. \u2705 Tutaj kupisz produkty DJI, Yuneec, Parrot, Syma i wiele innych, a tak\u017ce kursy i licencje na operatora drona.","robots":{"index":"index","follow":"follow","max-snippet":"max-snippet:-1","max-image-preview":"max-image-preview:large","max-video-preview":"max-video-preview:-1"},"canonical":"https:\/\/ironsky.pl\/sklep\/produkt\/hub-ugreen-cm251-5w1-2x-usb-c-hdmi-3x-usb-3-0\/","og_locale":"pl_PL","og_type":"article","og_title":"Hub UGREEN CM251 5w1 2x USB-C HDMI 3x USB 3.0 - IRONSKY.PL Sklep z Dronami","og_description":"Hub UGREEN CM251 5w1 2x USB-C HDMI 3x USB 3.0 - \u2705 sklep z dronami i fachowym doradztwem. \u2705 Tutaj kupisz produkty DJI, Yuneec, Parrot, Syma i wiele innych, a tak\u017ce kursy i licencje na operatora drona.","og_url":"https:\/\/ironsky.pl\/sklep\/produkt\/hub-ugreen-cm251-5w1-2x-usb-c-hdmi-3x-usb-3-0\/","og_site_name":"IRONSKY.PL Sklep z Dronami","article_modified_time":"2026-04-15T08:50:58+00:00","og_image":[{"width":800,"height":800,"url":"https:\/\/ironsky.pl\/sklep\/wp-content\/uploads\/2025\/06\/28449_1.jpg","type":"image\/jpeg"}],"twitter_card":"summary_large_image","twitter_misc":{"Szacowany czas czytania":"1 minuta"},"schema":{"@context":"https:\/\/schema.org","@graph":[{"@type":"WebPage","@id":"https:\/\/ironsky.pl\/sklep\/produkt\/hub-ugreen-cm251-5w1-2x-usb-c-hdmi-3x-usb-3-0\/","url":"https:\/\/ironsky.pl\/sklep\/produkt\/hub-ugreen-cm251-5w1-2x-usb-c-hdmi-3x-usb-3-0\/","name":"Hub UGREEN CM251 5w1 2x USB-C HDMI 3x USB 3.0 - IRONSKY.PL Sklep z Dronami","isPartOf":{"@id":"https:\/\/ironsky.pl\/sklep\/#website"},"primaryImageOfPage":{"@id":"https:\/\/ironsky.pl\/sklep\/produkt\/hub-ugreen-cm251-5w1-2x-usb-c-hdmi-3x-usb-3-0\/#primaryimage"},"image":{"@id":"https:\/\/ironsky.pl\/sklep\/produkt\/hub-ugreen-cm251-5w1-2x-usb-c-hdmi-3x-usb-3-0\/#primaryimage"},"thumbnailUrl":"https:\/\/ironsky.pl\/sklep\/wp-content\/uploads\/2025\/06\/28449_1.jpg","datePublished":"2026-04-15T08:18:34+00:00","dateModified":"2026-04-15T08:50:58+00:00","description":"Hub UGREEN CM251 5w1 2x USB-C HDMI 3x USB 3.0 - \u2705 sklep z dronami i fachowym doradztwem. \u2705 Tutaj kupisz produkty DJI, Yuneec, Parrot, Syma i wiele innych, a tak\u017ce kursy i licencje na operatora drona.","breadcrumb":{"@id":"https:\/\/ironsky.pl\/sklep\/produkt\/hub-ugreen-cm251-5w1-2x-usb-c-hdmi-3x-usb-3-0\/#breadcrumb"},"inLanguage":"pl-PL","potentialAction":[{"@type":"ReadAction","target":["https:\/\/ironsky.pl\/sklep\/produkt\/hub-ugreen-cm251-5w1-2x-usb-c-hdmi-3x-usb-3-0\/"]}]},{"@type":"ImageObject","inLanguage":"pl-PL","@id":"https:\/\/ironsky.pl\/sklep\/produkt\/hub-ugreen-cm251-5w1-2x-usb-c-hdmi-3x-usb-3-0\/#primaryimage","url":"https:\/\/ironsky.pl\/sklep\/wp-content\/uploads\/2025\/06\/28449_1.jpg","contentUrl":"https:\/\/ironsky.pl\/sklep\/wp-content\/uploads\/2025\/06\/28449_1.jpg","width":800,"height":800},{"@type":"BreadcrumbList","@id":"https:\/\/ironsky.pl\/sklep\/produkt\/hub-ugreen-cm251-5w1-2x-usb-c-hdmi-3x-usb-3-0\/#breadcrumb","itemListElement":[{"@type":"ListItem","position":1,"name":"Strona g\u0142\u00f3wna","item":"https:\/\/ironsky.pl\/sklep\/"},{"@type":"ListItem","position":2,"name":"Wszystkie produkty","item":"https:\/\/ironsky.pl\/sklep\/produkty\/"},{"@type":"ListItem","position":3,"name":"Hub UGREEN CM251 5w1 2x USB-C HDMI 3x USB 3.0"}]},{"@type":"WebSite","@id":"https:\/\/ironsky.pl\/sklep\/#website","url":"https:\/\/ironsky.pl\/sklep\/","name":"IRONSKY.PL Sklep z Dronami","description":"IRONSKY.PL Sklep z Dronami","potentialAction":[{"@type":"SearchAction","target":{"@type":"EntryPoint","urlTemplate":"https:\/\/ironsky.pl\/sklep\/?s={search_term_string}"},"query-input":{"@type":"PropertyValueSpecification","valueRequired":true,"valueName":"search_term_string"}}],"inLanguage":"pl-PL"}]}},"_links":{"self":[{"href":"https:\/\/ironsky.pl\/sklep\/wp-json\/wp\/v2\/product\/56802","targetHints":{"allow":["GET"]}}],"collection":[{"href":"https:\/\/ironsky.pl\/sklep\/wp-json\/wp\/v2\/product"}],"about":[{"href":"https:\/\/ironsky.pl\/sklep\/wp-json\/wp\/v2\/types\/product"}],"replies":[{"embeddable":true,"href":"https:\/\/ironsky.pl\/sklep\/wp-json\/wp\/v2\/comments?post=56802"}],"wp:featuredmedia":[{"embeddable":true,"href":"https:\/\/ironsky.pl\/sklep\/wp-json\/wp\/v2\/media\/42463"}],"wp:attachment":[{"href":"https:\/\/ironsky.pl\/sklep\/wp-json\/wp\/v2\/media?parent=56802"}],"wp:term":[{"taxonomy":"product_brand","embeddable":true,"href":"https:\/\/ironsky.pl\/sklep\/wp-json\/wp\/v2\/product_brand?post=56802"},{"taxonomy":"product_cat","embeddable":true,"href":"https:\/\/ironsky.pl\/sklep\/wp-json\/wp\/v2\/product_cat?post=56802"},{"taxonomy":"product_tag","embeddable":true,"href":"https:\/\/ironsky.pl\/sklep\/wp-json\/wp\/v2\/product_tag?post=56802"}],"curies":[{"name":"wp","href":"https:\/\/api.w.org\/{rel}","templated":true}]}}