{"id":56801,"date":"2026-04-15T10:18:34","date_gmt":"2026-04-15T08:18:34","guid":{"rendered":"https:\/\/ironsky.pl\/sklep\/produkt\/hub-ugreen-revodok-cm512-usb-c-hdmi-rj45-sd-6w1\/"},"modified":"2026-04-15T10:50:58","modified_gmt":"2026-04-15T08:50:58","slug":"hub-ugreen-revodok-cm512-usb-c-hdmi-rj45-sd-6w1","status":"publish","type":"product","link":"https:\/\/ironsky.pl\/sklep\/produkt\/hub-ugreen-revodok-cm512-usb-c-hdmi-rj45-sd-6w1\/","title":{"rendered":"Hub UGREEN Revodok CM512 USB-C HDMI RJ45 SD 6w1"},"content":{"rendered":"<h3>Adapter Hub UGREEN, USB-C do 2x USB 3.0, HDMI, RJ45, SD\/TF<\/h3>\n<p>Zwi\u0119ksz swoje mo\u017cliwo\u015bci z adapterem UGREEN. Urz\u0105dzenie wyposa\u017cono w kilka praktycznych port\u00f3w, takich jak 2 porty USB 3.0, HDMI, RJ45 oraz sloty na karty SD\/TF. Hub umo\u017cliwia wy\u015bwietlenie obrazu na du\u017cym ekranie w jako\u015bci 4K30Hz oraz zapewnia transmisj\u0119 danych z pr\u0119dko\u015bci\u0105 si\u0119gaj\u0105c\u0105 5 Gbps. Wspiera r\u00f3wnie\u017c szybkie \u0142adowanie PD z moc\u0105 do 100 W. Wyr\u00f3\u017cnia si\u0119 szerok\u0105 kompatybilno\u015bci\u0105, a dzi\u0119ki lekkiej i kompaktowej konstrukcji mo\u017cesz bez przeszk\u00f3d zabra\u0107 go ze sob\u0105 na uczelni\u0119 czy te\u017c do pracy.<\/p>\n<p><img decoding=\"async\" src=\"https:\/\/b2b.innpro.pl\/data\/include\/cms\/012UGREEN\/CM512-90568\/10.jpg\"><\/p>\n<h3>Wysoka jako\u015b\u0107 obrazu<\/h3>\n<p>Przemie\u0144 sw\u00f3j pok\u00f3j w sal\u0119 kinow\u0105. Hub UGREEN wyposa\u017cony jest w port HDMI, kt\u00f3ry umo\u017cliwia wy\u015bwietlanie obrazu na wi\u0119kszym ekranie. Oferuje zachwycaj\u0105c\u0105 jako\u015b\u0107 4K30Hz w rozdzielczo\u015bci si\u0119gaj\u0105cej nawet 3840 x 2160. Ty i Twoi bliscy zaskoczycie si\u0119 bogactwem szczeg\u00f3\u0142\u00f3w. Mo\u017cesz bez przeszk\u00f3d pod\u0142\u0105czy\u0107 na przyk\u0142ad laptop do telewizora i mi\u0142o sp\u0119dzi\u0107 czas z rodzin\u0105, ogl\u0105daj\u0105c ulubione filmy.<\/p>\n<p><img decoding=\"async\" src=\"https:\/\/b2b.innpro.pl\/data\/include\/cms\/012UGREEN\/CM512-90568\/1.jpg\"><\/p>\n<h3>Wiele mo\u017cliwo\u015bci<\/h3>\n<p>Hub UGREEN doskonale sprawdzi si\u0119 w r\u00f3\u017cnych zastosowaniach. Poza rozrywk\u0105 w domu u\u017cyteczny b\u0119dzie w pracy i na uczelni. Z jego pomoc\u0105 mo\u017cesz pod\u0142\u0105czy\u0107 laptopa do projektora i profesjonalnie przedstawi\u0107 swoj\u0105 prezentacj\u0119. Co wi\u0119cej, dzi\u0119ki 2 interfejsom USB 3.0 mo\u017cesz bez problemu pod\u0142\u0105czy\u0107 do laptopa potrzebne Ci urz\u0105dzenia, takie jak dysk USB, mysz, klawiatura, dysk twardy, aparat fotograficzny czy te\u017c drukarka.<\/p>\n<p><img decoding=\"async\" src=\"https:\/\/b2b.innpro.pl\/data\/include\/cms\/012UGREEN\/CM512-90568\/9.jpg\"><\/p>\n<h3>B\u0142yskawiczny przesy\u0142 danych<\/h3>\n<p>Przekonaj si\u0119, jak szybko mo\u017cesz przesy\u0142a\u0107 pliki. Dwa porty USB 3.0 umo\u017cliwiaj\u0105 transmisj\u0119 danych z pr\u0119dko\u015bci\u0105 si\u0119gaj\u0105c\u0105 a\u017c 5 Gbps. W zaledwie kilka sekund prze\u015blesz zdj\u0119cia, filmy, dokumenty czy inne pliki w docelowe miejsce. Co wi\u0119cej, hub wyposa\u017cony jest w sloty na karty SD i TF. Umo\u017cliwia te\u017c jednoczesny odczyt i zapis danych z pr\u0119dko\u015bci\u0105 nawet 104 MB\/s.<\/p>\n<p><img decoding=\"async\" src=\"https:\/\/b2b.innpro.pl\/data\/include\/cms\/012UGREEN\/CM512-90568\/8.jpg\"><\/p>\n<h3>Szybkie \u0142adowanie Twoich urz\u0105dze\u0144<\/h3>\n<p>M\u0119czy Ci\u0119 czekanie, a\u017c Twoje urz\u0105dzenia zostan\u0105 na\u0142adowane i b\u0119d\u0105 gotowe do u\u017cytku? Hub UGREEN rozwi\u0105\u017ce Tw\u00f3j problem. Urz\u0105dzenie umo\u017cliwia szybkie \u0142adowanie PD z moc\u0105 nawet do 100 W. Dzi\u0119ki temu 1.5 godziny \u0142adowania wystarczy, by ca\u0142kowicie odnowi\u0107 energi\u0119 akumulatora MacBooka Pro lub MacBooka Air.<\/p>\n<p><img decoding=\"async\" src=\"https:\/\/b2b.innpro.pl\/data\/include\/cms\/012UGREEN\/CM512-90568\/6.jpg\"><\/p>\n<h3>Kompatybilny z Twoim sprz\u0119tem<\/h3>\n<p>Nie musisz martwi\u0107 si\u0119 problemami z kompatybilno\u015bci\u0105. Hub UGREEN wsp\u00f3\u0142pracuje z wi\u0119kszo\u015bci\u0105 popularnych urz\u0105dze\u0144. Obs\u0142uguje systemy Mac OS, iOS, Windows, Android i Linux (aby korzysta\u0107 z portu Ethernet przy wersji Windows 7 \/ XP, wymagany jest sterownik).<\/p>\n<p><img decoding=\"async\" src=\"https:\/\/b2b.innpro.pl\/data\/include\/cms\/012UGREEN\/CM512-90568\/4.jpg\"><\/p>\n<h3>Dodatkowe udogodnienia<\/h3>\n<p>Czy Tw\u00f3j smartfon lub tablet obs\u0142uguje OTG? Je\u017celi tak, z pewno\u015bci\u0105 si\u0119 ucieszysz, \u017ce adapter UGREEN tak\u017ce wspiera t\u0119 funkcj\u0119. Mo\u017cesz wygodnie ogl\u0105da\u0107 filmy z telefonu czy tabletu na du\u017cym ekranie. Mo\u017cliwo\u015bci si\u0119 nie ko\u0144cz\u0105 \u2013 a to wci\u0105\u017c nie wszystko! Dzi\u0119ki portowi RJ45 na dobre po\u017cegnasz zak\u0142\u00f3cenia i cieszy\u0107 si\u0119 stabilnym po\u0142\u0105czeniem z pr\u0119dko\u015bci\u0105 si\u0119gaj\u0105c\u0105 a\u017c 1000 Mbps.<\/p>\n<p><img decoding=\"async\" src=\"https:\/\/b2b.innpro.pl\/data\/include\/cms\/012UGREEN\/CM512-90568\/7.jpg\"><\/p>\n<div class=\"table-wrapper\">\n<table>\n<tbody>\n<tr>\n<th>Producent<\/th>\n<td>UGREEN<\/td>\n<\/tr>\n<tr>\n<th>Model<\/th>\n<td>CM512<\/td>\n<\/tr>\n<tr>\n<th>Kolor<\/th>\n<td>Szary<\/td>\n<\/tr>\n<tr>\n<th>Porty wyj\u015bciowe<\/th>\n<td>SD \/ TF: 104 MB\/s <br \/>USB-C: 100 W (maks.) <br \/>RJ45: 1000 Mbps (maks.) <br \/>HDMI: 4K30Hz <br \/>USB 3.0: 5 Gbps<\/td>\n<\/tr>\n<tr>\n<th>Systemy operacyjne<\/th>\n<td>Mac OS, iOS, Windows, Android, Linux<\/td>\n<\/tr>\n<tr>\n<th>Inne<\/th>\n<td>Obs\u0142uga funkcji OTG<\/td>\n<\/tr>\n<\/tbody>\n<\/table>\n<\/div>\n","protected":false},"excerpt":{"rendered":"<p>Adapter Hub UGREEN, USB-C do 2x USB 3.0, HDMI, RJ45, SD\/TF Zwi\u0119ksz swoje mo\u017cliwo\u015bci z adapterem UGREEN. Urz\u0105dzenie wyposa\u017cono w<\/p>\n","protected":false},"featured_media":42457,"comment_status":"closed","ping_status":"open","template":"","meta":{"_acf_changed":false},"product_brand":[],"product_cat":[5929,5934],"product_tag":[],"class_list":{"0":"post-56801","1":"product","2":"type-product","3":"status-publish","4":"has-post-thumbnail","6":"product_cat-akcesoria-it","7":"product_cat-huby","8":"pa_okres-gwarancji-5757","9":"pa_producent-ugreen","11":"first","12":"outofstock","13":"taxable","14":"shipping-taxable","15":"purchasable","16":"product-type-simple"},"acf":[],"yoast_head":"<!-- This site is optimized with the Yoast SEO plugin v27.2 - https:\/\/yoast.com\/product\/yoast-seo-wordpress\/ -->\n<title>Hub UGREEN Revodok CM512 USB-C HDMI RJ45 SD 6w1 - IRONSKY.PL Sklep z Dronami<\/title>\n<meta name=\"description\" content=\"Hub UGREEN Revodok CM512 USB-C HDMI RJ45 SD 6w1 - \u2705 sklep z dronami i fachowym doradztwem. \u2705 Tutaj kupisz produkty DJI, Yuneec, Parrot, Syma i wiele innych, a tak\u017ce kursy i licencje na operatora drona.\" \/>\n<meta name=\"robots\" content=\"index, follow, max-snippet:-1, max-image-preview:large, max-video-preview:-1\" \/>\n<link rel=\"canonical\" href=\"https:\/\/ironsky.pl\/sklep\/produkt\/hub-ugreen-revodok-cm512-usb-c-hdmi-rj45-sd-6w1\/\" \/>\n<meta property=\"og:locale\" content=\"pl_PL\" \/>\n<meta property=\"og:type\" content=\"article\" \/>\n<meta property=\"og:title\" content=\"Hub UGREEN Revodok CM512 USB-C HDMI RJ45 SD 6w1 - IRONSKY.PL Sklep z Dronami\" \/>\n<meta property=\"og:description\" content=\"Hub UGREEN Revodok CM512 USB-C HDMI RJ45 SD 6w1 - \u2705 sklep z dronami i fachowym doradztwem. \u2705 Tutaj kupisz produkty DJI, Yuneec, Parrot, Syma i wiele innych, a tak\u017ce kursy i licencje na operatora drona.\" \/>\n<meta property=\"og:url\" content=\"https:\/\/ironsky.pl\/sklep\/produkt\/hub-ugreen-revodok-cm512-usb-c-hdmi-rj45-sd-6w1\/\" \/>\n<meta property=\"og:site_name\" content=\"IRONSKY.PL Sklep z Dronami\" \/>\n<meta property=\"article:modified_time\" content=\"2026-04-15T08:50:58+00:00\" \/>\n<meta property=\"og:image\" content=\"https:\/\/ironsky.pl\/sklep\/wp-content\/uploads\/2025\/06\/28445_2.jpg\" \/>\n\t<meta property=\"og:image:width\" content=\"800\" \/>\n\t<meta property=\"og:image:height\" content=\"800\" \/>\n\t<meta property=\"og:image:type\" content=\"image\/jpeg\" \/>\n<meta name=\"twitter:card\" content=\"summary_large_image\" \/>\n<meta name=\"twitter:label1\" content=\"Szacowany czas czytania\" \/>\n\t<meta name=\"twitter:data1\" content=\"3 minuty\" \/>\n<script type=\"application\/ld+json\" class=\"yoast-schema-graph\">{\"@context\":\"https:\/\/schema.org\",\"@graph\":[{\"@type\":\"WebPage\",\"@id\":\"https:\/\/ironsky.pl\/sklep\/produkt\/hub-ugreen-revodok-cm512-usb-c-hdmi-rj45-sd-6w1\/\",\"url\":\"https:\/\/ironsky.pl\/sklep\/produkt\/hub-ugreen-revodok-cm512-usb-c-hdmi-rj45-sd-6w1\/\",\"name\":\"Hub UGREEN Revodok CM512 USB-C HDMI RJ45 SD 6w1 - IRONSKY.PL Sklep z Dronami\",\"isPartOf\":{\"@id\":\"https:\/\/ironsky.pl\/sklep\/#website\"},\"primaryImageOfPage\":{\"@id\":\"https:\/\/ironsky.pl\/sklep\/produkt\/hub-ugreen-revodok-cm512-usb-c-hdmi-rj45-sd-6w1\/#primaryimage\"},\"image\":{\"@id\":\"https:\/\/ironsky.pl\/sklep\/produkt\/hub-ugreen-revodok-cm512-usb-c-hdmi-rj45-sd-6w1\/#primaryimage\"},\"thumbnailUrl\":\"https:\/\/ironsky.pl\/sklep\/wp-content\/uploads\/2025\/06\/28445_2.jpg\",\"datePublished\":\"2026-04-15T08:18:34+00:00\",\"dateModified\":\"2026-04-15T08:50:58+00:00\",\"description\":\"Hub UGREEN Revodok CM512 USB-C HDMI RJ45 SD 6w1 - \u2705 sklep z dronami i fachowym doradztwem. \u2705 Tutaj kupisz produkty DJI, Yuneec, Parrot, Syma i wiele innych, a tak\u017ce kursy i licencje na operatora drona.\",\"breadcrumb\":{\"@id\":\"https:\/\/ironsky.pl\/sklep\/produkt\/hub-ugreen-revodok-cm512-usb-c-hdmi-rj45-sd-6w1\/#breadcrumb\"},\"inLanguage\":\"pl-PL\",\"potentialAction\":[{\"@type\":\"ReadAction\",\"target\":[\"https:\/\/ironsky.pl\/sklep\/produkt\/hub-ugreen-revodok-cm512-usb-c-hdmi-rj45-sd-6w1\/\"]}]},{\"@type\":\"ImageObject\",\"inLanguage\":\"pl-PL\",\"@id\":\"https:\/\/ironsky.pl\/sklep\/produkt\/hub-ugreen-revodok-cm512-usb-c-hdmi-rj45-sd-6w1\/#primaryimage\",\"url\":\"https:\/\/ironsky.pl\/sklep\/wp-content\/uploads\/2025\/06\/28445_2.jpg\",\"contentUrl\":\"https:\/\/ironsky.pl\/sklep\/wp-content\/uploads\/2025\/06\/28445_2.jpg\",\"width\":800,\"height\":800},{\"@type\":\"BreadcrumbList\",\"@id\":\"https:\/\/ironsky.pl\/sklep\/produkt\/hub-ugreen-revodok-cm512-usb-c-hdmi-rj45-sd-6w1\/#breadcrumb\",\"itemListElement\":[{\"@type\":\"ListItem\",\"position\":1,\"name\":\"Strona g\u0142\u00f3wna\",\"item\":\"https:\/\/ironsky.pl\/sklep\/\"},{\"@type\":\"ListItem\",\"position\":2,\"name\":\"Wszystkie produkty\",\"item\":\"https:\/\/ironsky.pl\/sklep\/produkty\/\"},{\"@type\":\"ListItem\",\"position\":3,\"name\":\"Hub UGREEN Revodok CM512 USB-C HDMI RJ45 SD 6w1\"}]},{\"@type\":\"WebSite\",\"@id\":\"https:\/\/ironsky.pl\/sklep\/#website\",\"url\":\"https:\/\/ironsky.pl\/sklep\/\",\"name\":\"IRONSKY.PL Sklep z Dronami\",\"description\":\"IRONSKY.PL Sklep z Dronami\",\"potentialAction\":[{\"@type\":\"SearchAction\",\"target\":{\"@type\":\"EntryPoint\",\"urlTemplate\":\"https:\/\/ironsky.pl\/sklep\/?s={search_term_string}\"},\"query-input\":{\"@type\":\"PropertyValueSpecification\",\"valueRequired\":true,\"valueName\":\"search_term_string\"}}],\"inLanguage\":\"pl-PL\"}]}<\/script>\n<!-- \/ Yoast SEO plugin. -->","yoast_head_json":{"title":"Hub UGREEN Revodok CM512 USB-C HDMI RJ45 SD 6w1 - IRONSKY.PL Sklep z Dronami","description":"Hub UGREEN Revodok CM512 USB-C HDMI RJ45 SD 6w1 - \u2705 sklep z dronami i fachowym doradztwem. \u2705 Tutaj kupisz produkty DJI, Yuneec, Parrot, Syma i wiele innych, a tak\u017ce kursy i licencje na operatora drona.","robots":{"index":"index","follow":"follow","max-snippet":"max-snippet:-1","max-image-preview":"max-image-preview:large","max-video-preview":"max-video-preview:-1"},"canonical":"https:\/\/ironsky.pl\/sklep\/produkt\/hub-ugreen-revodok-cm512-usb-c-hdmi-rj45-sd-6w1\/","og_locale":"pl_PL","og_type":"article","og_title":"Hub UGREEN Revodok CM512 USB-C HDMI RJ45 SD 6w1 - IRONSKY.PL Sklep z Dronami","og_description":"Hub UGREEN Revodok CM512 USB-C HDMI RJ45 SD 6w1 - \u2705 sklep z dronami i fachowym doradztwem. \u2705 Tutaj kupisz produkty DJI, Yuneec, Parrot, Syma i wiele innych, a tak\u017ce kursy i licencje na operatora drona.","og_url":"https:\/\/ironsky.pl\/sklep\/produkt\/hub-ugreen-revodok-cm512-usb-c-hdmi-rj45-sd-6w1\/","og_site_name":"IRONSKY.PL Sklep z Dronami","article_modified_time":"2026-04-15T08:50:58+00:00","og_image":[{"width":800,"height":800,"url":"https:\/\/ironsky.pl\/sklep\/wp-content\/uploads\/2025\/06\/28445_2.jpg","type":"image\/jpeg"}],"twitter_card":"summary_large_image","twitter_misc":{"Szacowany czas czytania":"3 minuty"},"schema":{"@context":"https:\/\/schema.org","@graph":[{"@type":"WebPage","@id":"https:\/\/ironsky.pl\/sklep\/produkt\/hub-ugreen-revodok-cm512-usb-c-hdmi-rj45-sd-6w1\/","url":"https:\/\/ironsky.pl\/sklep\/produkt\/hub-ugreen-revodok-cm512-usb-c-hdmi-rj45-sd-6w1\/","name":"Hub UGREEN Revodok CM512 USB-C HDMI RJ45 SD 6w1 - IRONSKY.PL Sklep z Dronami","isPartOf":{"@id":"https:\/\/ironsky.pl\/sklep\/#website"},"primaryImageOfPage":{"@id":"https:\/\/ironsky.pl\/sklep\/produkt\/hub-ugreen-revodok-cm512-usb-c-hdmi-rj45-sd-6w1\/#primaryimage"},"image":{"@id":"https:\/\/ironsky.pl\/sklep\/produkt\/hub-ugreen-revodok-cm512-usb-c-hdmi-rj45-sd-6w1\/#primaryimage"},"thumbnailUrl":"https:\/\/ironsky.pl\/sklep\/wp-content\/uploads\/2025\/06\/28445_2.jpg","datePublished":"2026-04-15T08:18:34+00:00","dateModified":"2026-04-15T08:50:58+00:00","description":"Hub UGREEN Revodok CM512 USB-C HDMI RJ45 SD 6w1 - \u2705 sklep z dronami i fachowym doradztwem. \u2705 Tutaj kupisz produkty DJI, Yuneec, Parrot, Syma i wiele innych, a tak\u017ce kursy i licencje na operatora drona.","breadcrumb":{"@id":"https:\/\/ironsky.pl\/sklep\/produkt\/hub-ugreen-revodok-cm512-usb-c-hdmi-rj45-sd-6w1\/#breadcrumb"},"inLanguage":"pl-PL","potentialAction":[{"@type":"ReadAction","target":["https:\/\/ironsky.pl\/sklep\/produkt\/hub-ugreen-revodok-cm512-usb-c-hdmi-rj45-sd-6w1\/"]}]},{"@type":"ImageObject","inLanguage":"pl-PL","@id":"https:\/\/ironsky.pl\/sklep\/produkt\/hub-ugreen-revodok-cm512-usb-c-hdmi-rj45-sd-6w1\/#primaryimage","url":"https:\/\/ironsky.pl\/sklep\/wp-content\/uploads\/2025\/06\/28445_2.jpg","contentUrl":"https:\/\/ironsky.pl\/sklep\/wp-content\/uploads\/2025\/06\/28445_2.jpg","width":800,"height":800},{"@type":"BreadcrumbList","@id":"https:\/\/ironsky.pl\/sklep\/produkt\/hub-ugreen-revodok-cm512-usb-c-hdmi-rj45-sd-6w1\/#breadcrumb","itemListElement":[{"@type":"ListItem","position":1,"name":"Strona g\u0142\u00f3wna","item":"https:\/\/ironsky.pl\/sklep\/"},{"@type":"ListItem","position":2,"name":"Wszystkie produkty","item":"https:\/\/ironsky.pl\/sklep\/produkty\/"},{"@type":"ListItem","position":3,"name":"Hub UGREEN Revodok CM512 USB-C HDMI RJ45 SD 6w1"}]},{"@type":"WebSite","@id":"https:\/\/ironsky.pl\/sklep\/#website","url":"https:\/\/ironsky.pl\/sklep\/","name":"IRONSKY.PL Sklep z Dronami","description":"IRONSKY.PL Sklep z Dronami","potentialAction":[{"@type":"SearchAction","target":{"@type":"EntryPoint","urlTemplate":"https:\/\/ironsky.pl\/sklep\/?s={search_term_string}"},"query-input":{"@type":"PropertyValueSpecification","valueRequired":true,"valueName":"search_term_string"}}],"inLanguage":"pl-PL"}]}},"_links":{"self":[{"href":"https:\/\/ironsky.pl\/sklep\/wp-json\/wp\/v2\/product\/56801","targetHints":{"allow":["GET"]}}],"collection":[{"href":"https:\/\/ironsky.pl\/sklep\/wp-json\/wp\/v2\/product"}],"about":[{"href":"https:\/\/ironsky.pl\/sklep\/wp-json\/wp\/v2\/types\/product"}],"replies":[{"embeddable":true,"href":"https:\/\/ironsky.pl\/sklep\/wp-json\/wp\/v2\/comments?post=56801"}],"wp:featuredmedia":[{"embeddable":true,"href":"https:\/\/ironsky.pl\/sklep\/wp-json\/wp\/v2\/media\/42457"}],"wp:attachment":[{"href":"https:\/\/ironsky.pl\/sklep\/wp-json\/wp\/v2\/media?parent=56801"}],"wp:term":[{"taxonomy":"product_brand","embeddable":true,"href":"https:\/\/ironsky.pl\/sklep\/wp-json\/wp\/v2\/product_brand?post=56801"},{"taxonomy":"product_cat","embeddable":true,"href":"https:\/\/ironsky.pl\/sklep\/wp-json\/wp\/v2\/product_cat?post=56801"},{"taxonomy":"product_tag","embeddable":true,"href":"https:\/\/ironsky.pl\/sklep\/wp-json\/wp\/v2\/product_tag?post=56801"}],"curies":[{"name":"wp","href":"https:\/\/api.w.org\/{rel}","templated":true}]}}