{"id":56799,"date":"2026-04-15T10:18:34","date_gmt":"2026-04-15T08:18:34","guid":{"rendered":"https:\/\/ironsky.pl\/sklep\/produkt\/kabel-ugreen-us175-usb-3-0-przedluzajacy-10m-czarny\/"},"modified":"2026-04-15T10:50:56","modified_gmt":"2026-04-15T08:50:56","slug":"kabel-ugreen-us175-usb-3-0-przedluzajacy-10m-czarny","status":"publish","type":"product","link":"https:\/\/ironsky.pl\/sklep\/produkt\/kabel-ugreen-us175-usb-3-0-przedluzajacy-10m-czarny\/","title":{"rendered":"Kabel UGREEN US175 USB 3.0 przed\u0142u\u017caj\u0105cy 10m (czarny)"},"content":{"rendered":"<h3>UGREEN Przed\u0142u\u017cacz USB 3.O, 10m<\/h3>\n<p>Zapewnij sobie dodatkowe miejsce na niezb\u0119dne urz\u0105dzenia! Przed\u0142u\u017cacz Ugreen daje Ci do dyspozycji dodatkowy port USB 3.0, kt\u00f3ry charakteryzuje si\u0119 niezawodn\u0105 stabilno\u015bci\u0105 i transmisj\u0105 danych na poziomie a\u017c 5 Gbps! Urz\u0105dzenie posiada wbudowany wzmacniacz sygna\u0142u, dzi\u0119ki kt\u00f3remu mo\u017cesz zapomnie\u0107 o irytuj\u0105cych op\u00f3\u017anieniach transmisji. Kabel wyr\u00f3\u017cnia si\u0119 szerok\u0105 kompatybilno\u015bci\u0105. Z\u0142\u0105cze USB 2.0 podepniesz niemal do ka\u017cdego urz\u0105dzenia, a dzi\u0119ki solidnej konstrukcji akcesorium z powodzeniem pos\u0142u\u017cy Ci przez d\u0142u\u017cszy czas.<\/p>\n<p><img decoding=\"async\" src=\"https:\/\/b2b.innpro.pl\/data\/include\/cms\/012UGREEN\/US175-20827\/2.jpg\"><\/p>\n<h3>Szeroka kompatybilno\u015b\u0107<\/h3>\n<p>Przed\u0142u\u017cacz jest zgodny ze wszystkimi urz\u0105dzeniami, kt\u00f3re mog\u0105 obs\u0142u\u017cy\u0107 USB, dlatego \u015bwietnie sprawdzi si\u0119 z wszelkimi konsolami, drukarkami, czytnikami kart itp. Obs\u0142uguje systemy takie jak Windows, Mac OS, Linux, czy Chrome OS. Co wi\u0119cej, za pomoc\u0105 kabla micro-USB mo\u017cesz pod\u0142\u0105czy\u0107 do niego mniejsze urz\u0105dzenia, kt\u00f3re wymagaj\u0105 dodatkowego zasilania. Uwaga: przed\u0142u\u017cacz nie mo\u017ce by\u0107 wykorzystany jako \u0142adowarka.<\/p>\n<p><img decoding=\"async\" src=\"https:\/\/b2b.innpro.pl\/data\/include\/cms\/012UGREEN\/US175-20827\/5.jpg\"><\/p>\n<h3>Solidna konstrukcja<\/h3>\n<p>Przed\u0142u\u017cacz Ugreen zosta\u0142 wykonany z niezwykle trwa\u0142ych materia\u0142\u00f3w. Dla odpowiedniej przewodno\u015bci u\u017cyto wysokiej jako\u015bci miedzianych przewodnik\u00f3w, a elementy z\u0142\u0105czy zosta\u0142y pokryte warstw\u0105 z\u0142ota, dzi\u0119ki czemu mo\u017cesz spodziewa\u0107 si\u0119 niezawodnej wydajno\u015bci i transmisji danych na najwy\u017cszym poziomie. Dodatkowo \u017cywotno\u015b\u0107 przed\u0142u\u017cacza zwi\u0119kszy wzmocniona os\u0142ona przewodu.<\/p>\n<p><img decoding=\"async\" src=\"https:\/\/b2b.innpro.pl\/data\/include\/cms\/012UGREEN\/US175-20827\/9.jpg\"><\/p>\n<div class=\"table-wrapper\">\n<table>\n<tbody>\n<tr>\n<th>Producent<\/th>\n<td>Ugreen<\/td>\n<\/tr>\n<tr>\n<th>Model<\/th>\n<td>US175<\/td>\n<\/tr>\n<tr>\n<th>Z\u0142\u0105cza<\/th>\n<td>USB 3.0 m\u0119skie; USB 3.0 \u017ce\u0144skie ze wzmacniaczem sygna\u0142u<\/td>\n<\/tr>\n<tr>\n<th>Materia\u0142<\/th>\n<td>ABS + PVC<\/td>\n<\/tr>\n<tr>\n<th>Rodzaj chipa<\/th>\n<td>FE.1.1S<\/td>\n<\/tr>\n<\/tbody>\n<\/table>\n<\/div>\n","protected":false},"excerpt":{"rendered":"<p>UGREEN Przed\u0142u\u017cacz USB 3.O, 10m Zapewnij sobie dodatkowe miejsce na niezb\u0119dne urz\u0105dzenia! Przed\u0142u\u017cacz Ugreen daje Ci do dyspozycji dodatkowy port<\/p>\n","protected":false},"featured_media":42440,"comment_status":"closed","ping_status":"open","template":"","meta":{"_acf_changed":false},"product_brand":[],"product_cat":[5929,5931,5932],"product_tag":[],"class_list":{"0":"post-56799","1":"product","2":"type-product","3":"status-publish","4":"has-post-thumbnail","6":"product_cat-akcesoria-it","7":"product_cat-kable","8":"product_cat-usb","9":"pa_okres-gwarancji-5757","10":"pa_producent-ugreen","12":"first","13":"outofstock","14":"taxable","15":"shipping-taxable","16":"purchasable","17":"product-type-simple"},"acf":[],"yoast_head":"<!-- This site is optimized with the Yoast SEO plugin v27.2 - https:\/\/yoast.com\/product\/yoast-seo-wordpress\/ -->\n<title>Kabel UGREEN US175 USB 3.0 przed\u0142u\u017caj\u0105cy 10m (czarny) - IRONSKY.PL Sklep z Dronami<\/title>\n<meta name=\"description\" content=\"Kabel UGREEN US175 USB 3.0 przed\u0142u\u017caj\u0105cy 10m (czarny) - \u2705 sklep z dronami i fachowym doradztwem. \u2705 Tutaj kupisz produkty DJI, Yuneec, Parrot, Syma i wiele innych, a tak\u017ce kursy i licencje na operatora drona.\" \/>\n<meta name=\"robots\" content=\"index, follow, max-snippet:-1, max-image-preview:large, max-video-preview:-1\" \/>\n<link rel=\"canonical\" href=\"https:\/\/ironsky.pl\/sklep\/produkt\/kabel-ugreen-us175-usb-3-0-przedluzajacy-10m-czarny\/\" \/>\n<meta property=\"og:locale\" content=\"pl_PL\" \/>\n<meta property=\"og:type\" content=\"article\" \/>\n<meta property=\"og:title\" content=\"Kabel UGREEN US175 USB 3.0 przed\u0142u\u017caj\u0105cy 10m (czarny) - IRONSKY.PL Sklep z Dronami\" \/>\n<meta property=\"og:description\" content=\"Kabel UGREEN US175 USB 3.0 przed\u0142u\u017caj\u0105cy 10m (czarny) - \u2705 sklep z dronami i fachowym doradztwem. \u2705 Tutaj kupisz produkty DJI, Yuneec, Parrot, Syma i wiele innych, a tak\u017ce kursy i licencje na operatora drona.\" \/>\n<meta property=\"og:url\" content=\"https:\/\/ironsky.pl\/sklep\/produkt\/kabel-ugreen-us175-usb-3-0-przedluzajacy-10m-czarny\/\" \/>\n<meta property=\"og:site_name\" content=\"IRONSKY.PL Sklep z Dronami\" \/>\n<meta property=\"article:modified_time\" content=\"2026-04-15T08:50:56+00:00\" \/>\n<meta property=\"og:image\" content=\"https:\/\/ironsky.pl\/sklep\/wp-content\/uploads\/2025\/06\/28400_1.jpg\" \/>\n\t<meta property=\"og:image:width\" content=\"800\" \/>\n\t<meta property=\"og:image:height\" content=\"800\" \/>\n\t<meta property=\"og:image:type\" content=\"image\/jpeg\" \/>\n<meta name=\"twitter:card\" content=\"summary_large_image\" \/>\n<meta name=\"twitter:label1\" content=\"Szacowany czas czytania\" \/>\n\t<meta name=\"twitter:data1\" content=\"1 minuta\" \/>\n<script type=\"application\/ld+json\" class=\"yoast-schema-graph\">{\"@context\":\"https:\/\/schema.org\",\"@graph\":[{\"@type\":\"WebPage\",\"@id\":\"https:\/\/ironsky.pl\/sklep\/produkt\/kabel-ugreen-us175-usb-3-0-przedluzajacy-10m-czarny\/\",\"url\":\"https:\/\/ironsky.pl\/sklep\/produkt\/kabel-ugreen-us175-usb-3-0-przedluzajacy-10m-czarny\/\",\"name\":\"Kabel UGREEN US175 USB 3.0 przed\u0142u\u017caj\u0105cy 10m (czarny) - IRONSKY.PL Sklep z Dronami\",\"isPartOf\":{\"@id\":\"https:\/\/ironsky.pl\/sklep\/#website\"},\"primaryImageOfPage\":{\"@id\":\"https:\/\/ironsky.pl\/sklep\/produkt\/kabel-ugreen-us175-usb-3-0-przedluzajacy-10m-czarny\/#primaryimage\"},\"image\":{\"@id\":\"https:\/\/ironsky.pl\/sklep\/produkt\/kabel-ugreen-us175-usb-3-0-przedluzajacy-10m-czarny\/#primaryimage\"},\"thumbnailUrl\":\"https:\/\/ironsky.pl\/sklep\/wp-content\/uploads\/2025\/06\/28400_1.jpg\",\"datePublished\":\"2026-04-15T08:18:34+00:00\",\"dateModified\":\"2026-04-15T08:50:56+00:00\",\"description\":\"Kabel UGREEN US175 USB 3.0 przed\u0142u\u017caj\u0105cy 10m (czarny) - \u2705 sklep z dronami i fachowym doradztwem. \u2705 Tutaj kupisz produkty DJI, Yuneec, Parrot, Syma i wiele innych, a tak\u017ce kursy i licencje na operatora drona.\",\"breadcrumb\":{\"@id\":\"https:\/\/ironsky.pl\/sklep\/produkt\/kabel-ugreen-us175-usb-3-0-przedluzajacy-10m-czarny\/#breadcrumb\"},\"inLanguage\":\"pl-PL\",\"potentialAction\":[{\"@type\":\"ReadAction\",\"target\":[\"https:\/\/ironsky.pl\/sklep\/produkt\/kabel-ugreen-us175-usb-3-0-przedluzajacy-10m-czarny\/\"]}]},{\"@type\":\"ImageObject\",\"inLanguage\":\"pl-PL\",\"@id\":\"https:\/\/ironsky.pl\/sklep\/produkt\/kabel-ugreen-us175-usb-3-0-przedluzajacy-10m-czarny\/#primaryimage\",\"url\":\"https:\/\/ironsky.pl\/sklep\/wp-content\/uploads\/2025\/06\/28400_1.jpg\",\"contentUrl\":\"https:\/\/ironsky.pl\/sklep\/wp-content\/uploads\/2025\/06\/28400_1.jpg\",\"width\":800,\"height\":800},{\"@type\":\"BreadcrumbList\",\"@id\":\"https:\/\/ironsky.pl\/sklep\/produkt\/kabel-ugreen-us175-usb-3-0-przedluzajacy-10m-czarny\/#breadcrumb\",\"itemListElement\":[{\"@type\":\"ListItem\",\"position\":1,\"name\":\"Strona g\u0142\u00f3wna\",\"item\":\"https:\/\/ironsky.pl\/sklep\/\"},{\"@type\":\"ListItem\",\"position\":2,\"name\":\"Wszystkie produkty\",\"item\":\"https:\/\/ironsky.pl\/sklep\/produkty\/\"},{\"@type\":\"ListItem\",\"position\":3,\"name\":\"Kabel UGREEN US175 USB 3.0 przed\u0142u\u017caj\u0105cy 10m (czarny)\"}]},{\"@type\":\"WebSite\",\"@id\":\"https:\/\/ironsky.pl\/sklep\/#website\",\"url\":\"https:\/\/ironsky.pl\/sklep\/\",\"name\":\"IRONSKY.PL Sklep z Dronami\",\"description\":\"IRONSKY.PL Sklep z Dronami\",\"potentialAction\":[{\"@type\":\"SearchAction\",\"target\":{\"@type\":\"EntryPoint\",\"urlTemplate\":\"https:\/\/ironsky.pl\/sklep\/?s={search_term_string}\"},\"query-input\":{\"@type\":\"PropertyValueSpecification\",\"valueRequired\":true,\"valueName\":\"search_term_string\"}}],\"inLanguage\":\"pl-PL\"}]}<\/script>\n<!-- \/ Yoast SEO plugin. -->","yoast_head_json":{"title":"Kabel UGREEN US175 USB 3.0 przed\u0142u\u017caj\u0105cy 10m (czarny) - IRONSKY.PL Sklep z Dronami","description":"Kabel UGREEN US175 USB 3.0 przed\u0142u\u017caj\u0105cy 10m (czarny) - \u2705 sklep z dronami i fachowym doradztwem. \u2705 Tutaj kupisz produkty DJI, Yuneec, Parrot, Syma i wiele innych, a tak\u017ce kursy i licencje na operatora drona.","robots":{"index":"index","follow":"follow","max-snippet":"max-snippet:-1","max-image-preview":"max-image-preview:large","max-video-preview":"max-video-preview:-1"},"canonical":"https:\/\/ironsky.pl\/sklep\/produkt\/kabel-ugreen-us175-usb-3-0-przedluzajacy-10m-czarny\/","og_locale":"pl_PL","og_type":"article","og_title":"Kabel UGREEN US175 USB 3.0 przed\u0142u\u017caj\u0105cy 10m (czarny) - IRONSKY.PL Sklep z Dronami","og_description":"Kabel UGREEN US175 USB 3.0 przed\u0142u\u017caj\u0105cy 10m (czarny) - \u2705 sklep z dronami i fachowym doradztwem. \u2705 Tutaj kupisz produkty DJI, Yuneec, Parrot, Syma i wiele innych, a tak\u017ce kursy i licencje na operatora drona.","og_url":"https:\/\/ironsky.pl\/sklep\/produkt\/kabel-ugreen-us175-usb-3-0-przedluzajacy-10m-czarny\/","og_site_name":"IRONSKY.PL Sklep z Dronami","article_modified_time":"2026-04-15T08:50:56+00:00","og_image":[{"width":800,"height":800,"url":"https:\/\/ironsky.pl\/sklep\/wp-content\/uploads\/2025\/06\/28400_1.jpg","type":"image\/jpeg"}],"twitter_card":"summary_large_image","twitter_misc":{"Szacowany czas czytania":"1 minuta"},"schema":{"@context":"https:\/\/schema.org","@graph":[{"@type":"WebPage","@id":"https:\/\/ironsky.pl\/sklep\/produkt\/kabel-ugreen-us175-usb-3-0-przedluzajacy-10m-czarny\/","url":"https:\/\/ironsky.pl\/sklep\/produkt\/kabel-ugreen-us175-usb-3-0-przedluzajacy-10m-czarny\/","name":"Kabel UGREEN US175 USB 3.0 przed\u0142u\u017caj\u0105cy 10m (czarny) - IRONSKY.PL Sklep z Dronami","isPartOf":{"@id":"https:\/\/ironsky.pl\/sklep\/#website"},"primaryImageOfPage":{"@id":"https:\/\/ironsky.pl\/sklep\/produkt\/kabel-ugreen-us175-usb-3-0-przedluzajacy-10m-czarny\/#primaryimage"},"image":{"@id":"https:\/\/ironsky.pl\/sklep\/produkt\/kabel-ugreen-us175-usb-3-0-przedluzajacy-10m-czarny\/#primaryimage"},"thumbnailUrl":"https:\/\/ironsky.pl\/sklep\/wp-content\/uploads\/2025\/06\/28400_1.jpg","datePublished":"2026-04-15T08:18:34+00:00","dateModified":"2026-04-15T08:50:56+00:00","description":"Kabel UGREEN US175 USB 3.0 przed\u0142u\u017caj\u0105cy 10m (czarny) - \u2705 sklep z dronami i fachowym doradztwem. \u2705 Tutaj kupisz produkty DJI, Yuneec, Parrot, Syma i wiele innych, a tak\u017ce kursy i licencje na operatora drona.","breadcrumb":{"@id":"https:\/\/ironsky.pl\/sklep\/produkt\/kabel-ugreen-us175-usb-3-0-przedluzajacy-10m-czarny\/#breadcrumb"},"inLanguage":"pl-PL","potentialAction":[{"@type":"ReadAction","target":["https:\/\/ironsky.pl\/sklep\/produkt\/kabel-ugreen-us175-usb-3-0-przedluzajacy-10m-czarny\/"]}]},{"@type":"ImageObject","inLanguage":"pl-PL","@id":"https:\/\/ironsky.pl\/sklep\/produkt\/kabel-ugreen-us175-usb-3-0-przedluzajacy-10m-czarny\/#primaryimage","url":"https:\/\/ironsky.pl\/sklep\/wp-content\/uploads\/2025\/06\/28400_1.jpg","contentUrl":"https:\/\/ironsky.pl\/sklep\/wp-content\/uploads\/2025\/06\/28400_1.jpg","width":800,"height":800},{"@type":"BreadcrumbList","@id":"https:\/\/ironsky.pl\/sklep\/produkt\/kabel-ugreen-us175-usb-3-0-przedluzajacy-10m-czarny\/#breadcrumb","itemListElement":[{"@type":"ListItem","position":1,"name":"Strona g\u0142\u00f3wna","item":"https:\/\/ironsky.pl\/sklep\/"},{"@type":"ListItem","position":2,"name":"Wszystkie produkty","item":"https:\/\/ironsky.pl\/sklep\/produkty\/"},{"@type":"ListItem","position":3,"name":"Kabel UGREEN US175 USB 3.0 przed\u0142u\u017caj\u0105cy 10m (czarny)"}]},{"@type":"WebSite","@id":"https:\/\/ironsky.pl\/sklep\/#website","url":"https:\/\/ironsky.pl\/sklep\/","name":"IRONSKY.PL Sklep z Dronami","description":"IRONSKY.PL Sklep z Dronami","potentialAction":[{"@type":"SearchAction","target":{"@type":"EntryPoint","urlTemplate":"https:\/\/ironsky.pl\/sklep\/?s={search_term_string}"},"query-input":{"@type":"PropertyValueSpecification","valueRequired":true,"valueName":"search_term_string"}}],"inLanguage":"pl-PL"}]}},"_links":{"self":[{"href":"https:\/\/ironsky.pl\/sklep\/wp-json\/wp\/v2\/product\/56799","targetHints":{"allow":["GET"]}}],"collection":[{"href":"https:\/\/ironsky.pl\/sklep\/wp-json\/wp\/v2\/product"}],"about":[{"href":"https:\/\/ironsky.pl\/sklep\/wp-json\/wp\/v2\/types\/product"}],"replies":[{"embeddable":true,"href":"https:\/\/ironsky.pl\/sklep\/wp-json\/wp\/v2\/comments?post=56799"}],"wp:featuredmedia":[{"embeddable":true,"href":"https:\/\/ironsky.pl\/sklep\/wp-json\/wp\/v2\/media\/42440"}],"wp:attachment":[{"href":"https:\/\/ironsky.pl\/sklep\/wp-json\/wp\/v2\/media?parent=56799"}],"wp:term":[{"taxonomy":"product_brand","embeddable":true,"href":"https:\/\/ironsky.pl\/sklep\/wp-json\/wp\/v2\/product_brand?post=56799"},{"taxonomy":"product_cat","embeddable":true,"href":"https:\/\/ironsky.pl\/sklep\/wp-json\/wp\/v2\/product_cat?post=56799"},{"taxonomy":"product_tag","embeddable":true,"href":"https:\/\/ironsky.pl\/sklep\/wp-json\/wp\/v2\/product_tag?post=56799"}],"curies":[{"name":"wp","href":"https:\/\/api.w.org\/{rel}","templated":true}]}}