{"id":56794,"date":"2026-04-15T10:18:34","date_gmt":"2026-04-15T08:18:34","guid":{"rendered":"https:\/\/ironsky.pl\/sklep\/produkt\/przedluzacz-ugreen-hd165-hdmi-0-15m\/"},"modified":"2026-04-15T10:50:53","modified_gmt":"2026-04-15T08:50:53","slug":"przedluzacz-ugreen-hd165-hdmi-0-15m","status":"publish","type":"product","link":"https:\/\/ironsky.pl\/sklep\/produkt\/przedluzacz-ugreen-hd165-hdmi-0-15m\/","title":{"rendered":"Przed\u0142u\u017cacz UGREEN HD165 HDMI 0.15m"},"content":{"rendered":"<h3>Przed\u0142u\u017cacz UGREEN HDMI 8K m\u0119ski do HDMI \u017ce\u0144ski 0,15 m HD165 15518<\/h3>\n<p>Maksymalnie wykorzystaj potencja\u0142 swojego sprz\u0119tu z przed\u0142u\u017caczem HDMI marki UGREEN. Przew\u00f3d o d\u0142ugo\u015bci 0,15 m zapewnia obraz w rozdzielczo\u015bci Ultra HD 8K przy cz\u0119stotliwo\u015bci od\u015bwie\u017cania 60Hz. Dzi\u0119ki przepustowo\u015bci sygna\u0142u si\u0119gaj\u0105cej 48 Gbps mo\u017cesz cieszy\u0107 si\u0119 p\u0142ynn\u0105 transmisj\u0105, a obs\u0142uga standardu Dolby audio pozwoli Ci osi\u0105gn\u0105\u0107 wymarzon\u0105 immersj\u0119 podczas seansu i rozgrywki.<\/p>\n<p><img decoding=\"async\" src=\"https:\/\/b2b.innpro.pl\/data\/include\/cms\/012UGREEN\/HD165-15518\/6.jpg\" alt=\"012UGREEN\/HD165-15518\/6\"><\/p>\n<h3>Niezapomniane do\u015bwiadczenia wizualne<\/h3>\n<p>Przenie\u015b si\u0119 w sam \u015brodek akcji z UGREEN. Przed\u0142u\u017cacz obs\u0142uguje zaawansowane technologie, takie jak VRR (Variable Refresh Rate), ALLM (Auto Low Latency Mode), QMS (Quick Media Switching) i QFT (Quick Frame Transport), zapewniaj\u0105c maksymaln\u0105 p\u0142ynno\u015b\u0107 obrazu i immersj\u0119 podczas grania w gry, ogl\u0105dania film\u00f3w czy korzystania z innych multimedi\u00f3w.<\/p>\n<p><img decoding=\"async\" src=\"https:\/\/b2b.innpro.pl\/data\/include\/cms\/012UGREEN\/HD165-15518\/1.jpg\" alt=\"012UGREEN\/HD165-15518\/1\"><\/p>\n<h3>D\u017awi\u0119k, kt\u00f3ry zachwyca<\/h3>\n<p>Dzi\u0119ki zaawansowanym rozwi\u0105zaniom audio ka\u017cda nuta, efekt d\u017awi\u0119kowy i najdrobniejszy detal zostan\u0105 w pe\u0142ni uwypuklone, aby dostarczy\u0107 Ci niezapomnianych wra\u017ce\u0144. Przed\u0142u\u017cacz UGREEN obs\u0142uguje standard Dolby audio, kt\u00f3ry gwarantuje krystalicznie czyste i bogate w szczeg\u00f3\u0142y brzmienie. Dzi\u0119ki temu przeniesiesz si\u0119 do \u015bwiata wirtualnej rzeczywisto\u015bci i do\u015bwiadczysz wyj\u0105tkowych chwil podczas seansu!<\/p>\n<p><img decoding=\"async\" src=\"https:\/\/b2b.innpro.pl\/data\/include\/cms\/012UGREEN\/HD165-15518\/4.jpg\" alt=\"012UGREEN\/HD165-15518\/4\"><\/p>\n<h3>Szeroka kompatybilno\u015b\u0107<\/h3>\n<p>Wykorzystaj pe\u0142en potencja\u0142 swoich urz\u0105dze\u0144 dzi\u0119ki przed\u0142u\u017caczowi UGREEN. Z powodzeniem pod\u0142\u0105czysz go konsoli, takiej jak PS5\/PS4\/PS3, Xbox Series X, Nintendo Switch, ale r\u00f3wnie\u017c laptopa lub komputera stacjonarnego, telewizora, odtwarzacza multimedialnego, monitora czy projektora. Mo\u017cliwo\u015bci jest naprawd\u0119 wiele!<\/p>\n<p><img decoding=\"async\" src=\"https:\/\/b2b.innpro.pl\/data\/include\/cms\/012UGREEN\/HD165-15518\/5.jpg\" alt=\"012UGREEN\/HD165-15518\/5\"><\/p>\n<h3>Solidna konstrukcja<\/h3>\n<p>Przed\u0142u\u017cacz UGREEN zosta\u0142 stworzony z my\u015bl\u0105 o trwa\u0142o\u015bci. Przeszed\u0142 rygorystyczne testy, dowodz\u0105ce jego odporno\u015bci na wszelkie uszkodzenia. Obudow\u0119 wykonano z wysokiej klasy aluminium, a z\u0142\u0105cza zosta\u0142y pokryte warstw\u0105 niklu \u2013 wszystko to przek\u0142ada si\u0119 na du\u017c\u0105 wytrzyma\u0142o\u015b\u0107.<\/p>\n<p><img decoding=\"async\" src=\"https:\/\/b2b.innpro.pl\/data\/include\/cms\/012UGREEN\/HD165-15518\/2.jpg\" alt=\"012UGREEN\/HD165-15518\/2\"><\/p>\n<div class=\"table-wrapper\">\n<table>\n<tbody>\n<tr>\n<th>Producent<\/th>\n<td>UGREEN<\/td>\n<\/tr>\n<tr>\n<th>Model<\/th>\n<td>HD165<\/td>\n<\/tr>\n<tr>\n<th>Kod producenta<\/th>\n<td>15518<\/td>\n<\/tr>\n<tr>\n<th>Typ<\/th>\n<td>HDMI m\u0119ski do HDMI \u017ce\u0144ski<\/td>\n<\/tr>\n<tr>\n<th>Rozdzielczo\u015b\u0107<\/th>\n<td>Ultra HD 8K przy cz\u0119stotliwo\u015bci od\u015bwie\u017cania 60Hz<\/td>\n<\/tr>\n<tr>\n<th>Przepustowo\u015b\u0107<\/th>\n<td>48 Gbps<\/td>\n<\/tr>\n<tr>\n<th>Obs\u0142ugiwane technologie<\/th>\n<td>Dolby audio, VRR, ALLM, QMS, QFT<\/td>\n<\/tr>\n<tr>\n<th>Kompatybilno\u015b\u0107<\/th>\n<td>PS5\/PS4\/PS3, Xbox Series X, Nintendo Switch, laptop, komputer stacjonarny, TV Box, HD Player, TV Stick, monitor, HDTV, projektor<\/td>\n<\/tr>\n<tr>\n<th>D\u0142ugo\u015b\u0107<\/th>\n<td>0,15 m<\/td>\n<\/tr>\n<tr>\n<th>Inne<\/th>\n<td>zgodno\u015b\u0107 z HDMI 2.1<\/td>\n<\/tr>\n<\/tbody>\n<\/table>\n<\/div>\n","protected":false},"excerpt":{"rendered":"<p>Przed\u0142u\u017cacz UGREEN HDMI 8K m\u0119ski do HDMI \u017ce\u0144ski 0,15 m HD165 15518 Maksymalnie wykorzystaj potencja\u0142 swojego sprz\u0119tu z przed\u0142u\u017caczem HDMI<\/p>\n","protected":false},"featured_media":42425,"comment_status":"closed","ping_status":"open","template":"","meta":{"_acf_changed":false},"product_brand":[],"product_cat":[5929,5931,5932],"product_tag":[],"class_list":{"0":"post-56794","1":"product","2":"type-product","3":"status-publish","4":"has-post-thumbnail","6":"product_cat-akcesoria-it","7":"product_cat-kable","8":"product_cat-usb","9":"pa_okres-gwarancji-5757","10":"pa_producent-ugreen","12":"first","13":"outofstock","14":"taxable","15":"shipping-taxable","16":"purchasable","17":"product-type-simple"},"acf":[],"yoast_head":"<!-- This site is optimized with the Yoast SEO plugin v27.2 - https:\/\/yoast.com\/product\/yoast-seo-wordpress\/ -->\n<title>Przed\u0142u\u017cacz UGREEN HD165 HDMI 0.15m - IRONSKY.PL Sklep z Dronami<\/title>\n<meta name=\"description\" content=\"Przed\u0142u\u017cacz UGREEN HD165 HDMI 0.15m - \u2705 sklep z dronami i fachowym doradztwem. \u2705 Tutaj kupisz produkty DJI, Yuneec, Parrot, Syma i wiele innych, a tak\u017ce kursy i licencje na operatora drona.\" \/>\n<meta name=\"robots\" content=\"index, follow, max-snippet:-1, max-image-preview:large, max-video-preview:-1\" \/>\n<link rel=\"canonical\" href=\"https:\/\/ironsky.pl\/sklep\/produkt\/przedluzacz-ugreen-hd165-hdmi-0-15m\/\" \/>\n<meta property=\"og:locale\" content=\"pl_PL\" \/>\n<meta property=\"og:type\" content=\"article\" \/>\n<meta property=\"og:title\" content=\"Przed\u0142u\u017cacz UGREEN HD165 HDMI 0.15m - IRONSKY.PL Sklep z Dronami\" \/>\n<meta property=\"og:description\" content=\"Przed\u0142u\u017cacz UGREEN HD165 HDMI 0.15m - \u2705 sklep z dronami i fachowym doradztwem. \u2705 Tutaj kupisz produkty DJI, Yuneec, Parrot, Syma i wiele innych, a tak\u017ce kursy i licencje na operatora drona.\" \/>\n<meta property=\"og:url\" content=\"https:\/\/ironsky.pl\/sklep\/produkt\/przedluzacz-ugreen-hd165-hdmi-0-15m\/\" \/>\n<meta property=\"og:site_name\" content=\"IRONSKY.PL Sklep z Dronami\" \/>\n<meta property=\"article:modified_time\" content=\"2026-04-15T08:50:53+00:00\" \/>\n<meta property=\"og:image\" content=\"https:\/\/ironsky.pl\/sklep\/wp-content\/uploads\/2025\/06\/28258_3.jpg\" \/>\n\t<meta property=\"og:image:width\" content=\"800\" \/>\n\t<meta property=\"og:image:height\" content=\"800\" \/>\n\t<meta property=\"og:image:type\" content=\"image\/jpeg\" \/>\n<meta name=\"twitter:card\" content=\"summary_large_image\" \/>\n<meta name=\"twitter:label1\" content=\"Szacowany czas czytania\" \/>\n\t<meta name=\"twitter:data1\" content=\"2 minuty\" \/>\n<script type=\"application\/ld+json\" class=\"yoast-schema-graph\">{\"@context\":\"https:\/\/schema.org\",\"@graph\":[{\"@type\":\"WebPage\",\"@id\":\"https:\/\/ironsky.pl\/sklep\/produkt\/przedluzacz-ugreen-hd165-hdmi-0-15m\/\",\"url\":\"https:\/\/ironsky.pl\/sklep\/produkt\/przedluzacz-ugreen-hd165-hdmi-0-15m\/\",\"name\":\"Przed\u0142u\u017cacz UGREEN HD165 HDMI 0.15m - IRONSKY.PL Sklep z Dronami\",\"isPartOf\":{\"@id\":\"https:\/\/ironsky.pl\/sklep\/#website\"},\"primaryImageOfPage\":{\"@id\":\"https:\/\/ironsky.pl\/sklep\/produkt\/przedluzacz-ugreen-hd165-hdmi-0-15m\/#primaryimage\"},\"image\":{\"@id\":\"https:\/\/ironsky.pl\/sklep\/produkt\/przedluzacz-ugreen-hd165-hdmi-0-15m\/#primaryimage\"},\"thumbnailUrl\":\"https:\/\/ironsky.pl\/sklep\/wp-content\/uploads\/2025\/06\/28258_3.jpg\",\"datePublished\":\"2026-04-15T08:18:34+00:00\",\"dateModified\":\"2026-04-15T08:50:53+00:00\",\"description\":\"Przed\u0142u\u017cacz UGREEN HD165 HDMI 0.15m - \u2705 sklep z dronami i fachowym doradztwem. \u2705 Tutaj kupisz produkty DJI, Yuneec, Parrot, Syma i wiele innych, a tak\u017ce kursy i licencje na operatora drona.\",\"breadcrumb\":{\"@id\":\"https:\/\/ironsky.pl\/sklep\/produkt\/przedluzacz-ugreen-hd165-hdmi-0-15m\/#breadcrumb\"},\"inLanguage\":\"pl-PL\",\"potentialAction\":[{\"@type\":\"ReadAction\",\"target\":[\"https:\/\/ironsky.pl\/sklep\/produkt\/przedluzacz-ugreen-hd165-hdmi-0-15m\/\"]}]},{\"@type\":\"ImageObject\",\"inLanguage\":\"pl-PL\",\"@id\":\"https:\/\/ironsky.pl\/sklep\/produkt\/przedluzacz-ugreen-hd165-hdmi-0-15m\/#primaryimage\",\"url\":\"https:\/\/ironsky.pl\/sklep\/wp-content\/uploads\/2025\/06\/28258_3.jpg\",\"contentUrl\":\"https:\/\/ironsky.pl\/sklep\/wp-content\/uploads\/2025\/06\/28258_3.jpg\",\"width\":800,\"height\":800},{\"@type\":\"BreadcrumbList\",\"@id\":\"https:\/\/ironsky.pl\/sklep\/produkt\/przedluzacz-ugreen-hd165-hdmi-0-15m\/#breadcrumb\",\"itemListElement\":[{\"@type\":\"ListItem\",\"position\":1,\"name\":\"Strona g\u0142\u00f3wna\",\"item\":\"https:\/\/ironsky.pl\/sklep\/\"},{\"@type\":\"ListItem\",\"position\":2,\"name\":\"Wszystkie produkty\",\"item\":\"https:\/\/ironsky.pl\/sklep\/produkty\/\"},{\"@type\":\"ListItem\",\"position\":3,\"name\":\"Przed\u0142u\u017cacz UGREEN HD165 HDMI 0.15m\"}]},{\"@type\":\"WebSite\",\"@id\":\"https:\/\/ironsky.pl\/sklep\/#website\",\"url\":\"https:\/\/ironsky.pl\/sklep\/\",\"name\":\"IRONSKY.PL Sklep z Dronami\",\"description\":\"IRONSKY.PL Sklep z Dronami\",\"potentialAction\":[{\"@type\":\"SearchAction\",\"target\":{\"@type\":\"EntryPoint\",\"urlTemplate\":\"https:\/\/ironsky.pl\/sklep\/?s={search_term_string}\"},\"query-input\":{\"@type\":\"PropertyValueSpecification\",\"valueRequired\":true,\"valueName\":\"search_term_string\"}}],\"inLanguage\":\"pl-PL\"}]}<\/script>\n<!-- \/ Yoast SEO plugin. -->","yoast_head_json":{"title":"Przed\u0142u\u017cacz UGREEN HD165 HDMI 0.15m - IRONSKY.PL Sklep z Dronami","description":"Przed\u0142u\u017cacz UGREEN HD165 HDMI 0.15m - \u2705 sklep z dronami i fachowym doradztwem. \u2705 Tutaj kupisz produkty DJI, Yuneec, Parrot, Syma i wiele innych, a tak\u017ce kursy i licencje na operatora drona.","robots":{"index":"index","follow":"follow","max-snippet":"max-snippet:-1","max-image-preview":"max-image-preview:large","max-video-preview":"max-video-preview:-1"},"canonical":"https:\/\/ironsky.pl\/sklep\/produkt\/przedluzacz-ugreen-hd165-hdmi-0-15m\/","og_locale":"pl_PL","og_type":"article","og_title":"Przed\u0142u\u017cacz UGREEN HD165 HDMI 0.15m - IRONSKY.PL Sklep z Dronami","og_description":"Przed\u0142u\u017cacz UGREEN HD165 HDMI 0.15m - \u2705 sklep z dronami i fachowym doradztwem. \u2705 Tutaj kupisz produkty DJI, Yuneec, Parrot, Syma i wiele innych, a tak\u017ce kursy i licencje na operatora drona.","og_url":"https:\/\/ironsky.pl\/sklep\/produkt\/przedluzacz-ugreen-hd165-hdmi-0-15m\/","og_site_name":"IRONSKY.PL Sklep z Dronami","article_modified_time":"2026-04-15T08:50:53+00:00","og_image":[{"width":800,"height":800,"url":"https:\/\/ironsky.pl\/sklep\/wp-content\/uploads\/2025\/06\/28258_3.jpg","type":"image\/jpeg"}],"twitter_card":"summary_large_image","twitter_misc":{"Szacowany czas czytania":"2 minuty"},"schema":{"@context":"https:\/\/schema.org","@graph":[{"@type":"WebPage","@id":"https:\/\/ironsky.pl\/sklep\/produkt\/przedluzacz-ugreen-hd165-hdmi-0-15m\/","url":"https:\/\/ironsky.pl\/sklep\/produkt\/przedluzacz-ugreen-hd165-hdmi-0-15m\/","name":"Przed\u0142u\u017cacz UGREEN HD165 HDMI 0.15m - IRONSKY.PL Sklep z Dronami","isPartOf":{"@id":"https:\/\/ironsky.pl\/sklep\/#website"},"primaryImageOfPage":{"@id":"https:\/\/ironsky.pl\/sklep\/produkt\/przedluzacz-ugreen-hd165-hdmi-0-15m\/#primaryimage"},"image":{"@id":"https:\/\/ironsky.pl\/sklep\/produkt\/przedluzacz-ugreen-hd165-hdmi-0-15m\/#primaryimage"},"thumbnailUrl":"https:\/\/ironsky.pl\/sklep\/wp-content\/uploads\/2025\/06\/28258_3.jpg","datePublished":"2026-04-15T08:18:34+00:00","dateModified":"2026-04-15T08:50:53+00:00","description":"Przed\u0142u\u017cacz UGREEN HD165 HDMI 0.15m - \u2705 sklep z dronami i fachowym doradztwem. \u2705 Tutaj kupisz produkty DJI, Yuneec, Parrot, Syma i wiele innych, a tak\u017ce kursy i licencje na operatora drona.","breadcrumb":{"@id":"https:\/\/ironsky.pl\/sklep\/produkt\/przedluzacz-ugreen-hd165-hdmi-0-15m\/#breadcrumb"},"inLanguage":"pl-PL","potentialAction":[{"@type":"ReadAction","target":["https:\/\/ironsky.pl\/sklep\/produkt\/przedluzacz-ugreen-hd165-hdmi-0-15m\/"]}]},{"@type":"ImageObject","inLanguage":"pl-PL","@id":"https:\/\/ironsky.pl\/sklep\/produkt\/przedluzacz-ugreen-hd165-hdmi-0-15m\/#primaryimage","url":"https:\/\/ironsky.pl\/sklep\/wp-content\/uploads\/2025\/06\/28258_3.jpg","contentUrl":"https:\/\/ironsky.pl\/sklep\/wp-content\/uploads\/2025\/06\/28258_3.jpg","width":800,"height":800},{"@type":"BreadcrumbList","@id":"https:\/\/ironsky.pl\/sklep\/produkt\/przedluzacz-ugreen-hd165-hdmi-0-15m\/#breadcrumb","itemListElement":[{"@type":"ListItem","position":1,"name":"Strona g\u0142\u00f3wna","item":"https:\/\/ironsky.pl\/sklep\/"},{"@type":"ListItem","position":2,"name":"Wszystkie produkty","item":"https:\/\/ironsky.pl\/sklep\/produkty\/"},{"@type":"ListItem","position":3,"name":"Przed\u0142u\u017cacz UGREEN HD165 HDMI 0.15m"}]},{"@type":"WebSite","@id":"https:\/\/ironsky.pl\/sklep\/#website","url":"https:\/\/ironsky.pl\/sklep\/","name":"IRONSKY.PL Sklep z Dronami","description":"IRONSKY.PL Sklep z Dronami","potentialAction":[{"@type":"SearchAction","target":{"@type":"EntryPoint","urlTemplate":"https:\/\/ironsky.pl\/sklep\/?s={search_term_string}"},"query-input":{"@type":"PropertyValueSpecification","valueRequired":true,"valueName":"search_term_string"}}],"inLanguage":"pl-PL"}]}},"_links":{"self":[{"href":"https:\/\/ironsky.pl\/sklep\/wp-json\/wp\/v2\/product\/56794","targetHints":{"allow":["GET"]}}],"collection":[{"href":"https:\/\/ironsky.pl\/sklep\/wp-json\/wp\/v2\/product"}],"about":[{"href":"https:\/\/ironsky.pl\/sklep\/wp-json\/wp\/v2\/types\/product"}],"replies":[{"embeddable":true,"href":"https:\/\/ironsky.pl\/sklep\/wp-json\/wp\/v2\/comments?post=56794"}],"wp:featuredmedia":[{"embeddable":true,"href":"https:\/\/ironsky.pl\/sklep\/wp-json\/wp\/v2\/media\/42425"}],"wp:attachment":[{"href":"https:\/\/ironsky.pl\/sklep\/wp-json\/wp\/v2\/media?parent=56794"}],"wp:term":[{"taxonomy":"product_brand","embeddable":true,"href":"https:\/\/ironsky.pl\/sklep\/wp-json\/wp\/v2\/product_brand?post=56794"},{"taxonomy":"product_cat","embeddable":true,"href":"https:\/\/ironsky.pl\/sklep\/wp-json\/wp\/v2\/product_cat?post=56794"},{"taxonomy":"product_tag","embeddable":true,"href":"https:\/\/ironsky.pl\/sklep\/wp-json\/wp\/v2\/product_tag?post=56794"}],"curies":[{"name":"wp","href":"https:\/\/api.w.org\/{rel}","templated":true}]}}